{"id":403636,"date":"2026-04-14T09:52:24","date_gmt":"2026-04-14T07:52:24","guid":{"rendered":"https:\/\/woedonline.nl\/shop\/non%20class\u00e9\/strapback-velcro-edition-limitee-10-ans\/"},"modified":"2026-04-30T10:23:57","modified_gmt":"2026-04-30T08:23:57","slug":"strapback-velcro-edition-limitee-10-ans","status":"publish","type":"product","link":"https:\/\/woedonline.nl\/fr\/shop\/toutes-les-capsules\/strapback-fr\/strapback-velcro-edition-limitee-10-ans\/","title":{"rendered":"Strapback Velcro | Edition limit\u00e9e - 10 ans"},"content":{"rendered":"<p data-start=\"0\" data-end=\"64\"><strong data-start=\"0\" data-end=\"64\">Casquette Woed Strapback - Vert arm\u00e9e avec rabat en li\u00e8ge (mod\u00e8le limit\u00e9)<\/strong><\/p>\n<p data-start=\"66\" data-end=\"484\">Compl\u00e9tez votre tenue avec cette casquette snapback Woed unique. Cette casquette allie style, confort et caract\u00e8re dans un design puissant. Le tissu acrylique vert arm\u00e9e cr\u00e9e un look robuste et intemporel, tandis que la partie sup\u00e9rieure du rabat en li\u00e8ge marron clair se distingue imm\u00e9diatement et ajoute une touche naturelle. Au bas du rabat, vous trouverez une illustration orange frappante, offrant un d\u00e9tail surprenant \u00e0 chaque mouvement.   <\/p>\n<p data-start=\"486\" data-end=\"711\">Le devant est orn\u00e9 d&rsquo;un logo Woed brod\u00e9 en 3D de haute qualit\u00e9, ce qui conf\u00e8re \u00e0 la casquette un aspect haut de gamme. Gr\u00e2ce \u00e0 la fermeture Snapback r\u00e9glable, la casquette convient \u00e0 presque toutes les tailles et s&rsquo;ajuste toujours parfaitement. <\/p>\n<p data-start=\"713\" data-end=\"847\">Cette casquette s&rsquo;associe parfaitement \u00e0 notre chemise du 10e anniversaire, ce qui vous permet de cr\u00e9er facilement un look Woed complet et \u00e9l\u00e9gant.<\/p>\n<p data-start=\"849\" data-end=\"863\"><strong data-start=\"849\" data-end=\"863\">Caract\u00e9ristiques :<\/strong><\/p>\n<ul data-start=\"864\" data-end=\"1118\">\n<li data-section-id=\"1o7e8gz\" data-start=\"864\" data-end=\"892\">Casquette Snapback (r\u00e9glable)<\/li>\n<li data-section-id=\"a7y1i7\" data-start=\"893\" data-end=\"912\">Couleur : vert arm\u00e9e<\/li>\n<li data-section-id=\"qunphp\" data-start=\"913\" data-end=\"942\">Mati\u00e8re : tissu acrylique r\u00e9sistant<\/li>\n<li data-section-id=\"1bgnbsq\" data-start=\"943\" data-end=\"977\">Valve : bouchon en li\u00e8ge brun clair<\/li>\n<li data-section-id=\"f83smx\" data-start=\"978\" data-end=\"1010\">Rabat inf\u00e9rieur : dessin orange<\/li>\n<li data-section-id=\"1ohojg1\" data-start=\"1011\" data-end=\"1043\">Broderie en 3D du logo Woed<\/li>\n<li data-section-id=\"1qg5jm5\" data-start=\"1044\" data-end=\"1066\">Coupe confortable<\/li>\n<li data-section-id=\"13er89t\" data-start=\"1067\" data-end=\"1118\">Parfait pour combiner avec la chemise 10 ans de Woed<\/li>\n<\/ul>\n<p data-start=\"1120\" data-end=\"1314\"><strong data-start=\"1120\" data-end=\"1157\">Pourquoi choisir cette casquette Woed ?<\/strong><br data-start=\"1157\" data-end=\"1160\">Cette casquette n&rsquo;est pas seulement un accessoire, mais une d\u00e9claration. Id\u00e9ale pour la vie de tous les jours, les festivals ou simplement pour donner un petit plus \u00e0 votre tenue. <\/p>\n<p data-start=\"1316\" data-end=\"1393\" data-is-last-node=\"\" data-is-only-node=\"\"><strong data-start=\"1316\" data-end=\"1393\" data-is-last-node=\"\">Commandez d\u00e8s aujourd&rsquo;hui votre casquette Snapback Woed et d\u00e9marquez-vous avec un style unique.<\/strong><\/p>\n","protected":false},"excerpt":{"rendered":"<p>Ce produit est une pr\u00e9commande. Cela signifie que vous pouvez pr\u00e9commander cette casquette d\u00e8s maintenant, mais que la livraison aura lieu \u00e0 une date ult\u00e9rieure. La date de livraison pr\u00e9vue est d\u00e9but mai.  <\/p>\n<p>Attention : commandez-vous cette casquette en m\u00eame temps que d&rsquo;autres produits en stock ? Dans ce cas, votre commande compl\u00e8te ne sera pas exp\u00e9di\u00e9e avant le d\u00e9but du mois de mai. Si vous souhaitez recevoir vos autres articles plus t\u00f4t, passez une commande s\u00e9par\u00e9e.  <\/p>\n<p><i class=\"ri-checkbox-circle-fill\" data-text-color=\"primary\"><\/i>Taille adulte 56-61cm<\/p>\n<p><i class=\"ri-checkbox-circle-fill\" data-text-color=\"primary\"><\/i>\u00c9dition limit\u00e9e 2016-2026<\/p>\n<p><i class=\"ri-checkbox-circle-fill\" data-text-color=\"primary\"><\/i>\u00c0 combiner avec la chemise du 10e anniversaire<\/p>\n<p><i class=\"ri-checkbox-circle-fill\" data-text-color=\"primary\"><\/i>Fabriqu\u00e9 avec du vrai li\u00e8ge<\/p>\n<p><i class=\"ri-checkbox-circle-fill\" data-text-color=\"primary\"><\/i>Mat\u00e9riaux de haute qualit\u00e9<\/p>\n","protected":false},"featured_media":403642,"comment_status":"open","ping_status":"closed","template":"","meta":[],"product_brand":[],"product_cat":[1535,1098,733],"product_tag":[],"class_list":{"0":"post-403636","1":"product","2":"type-product","3":"status-publish","4":"has-post-thumbnail","6":"product_cat-maillot-de-football-retro-limited","7":"product_cat-strapback-fr","8":"product_cat-toutes-les-capsules","9":"product_shipping_class-paquet","11":"first","12":"onbackorder","13":"sale","14":"taxable","15":"shipping-taxable","16":"purchasable","17":"product-type-simple"},"yoast_head":"<!-- This site is optimized with the Yoast SEO plugin v27.5 - https:\/\/yoast.com\/product\/yoast-seo-wordpress\/ -->\n<title>Strapback Velcro | Edition limit\u00e9e - 10 ans - Woed<\/title>\n<meta name=\"description\" content=\"Compl\u00e9tez votre tenue avec cette casquette snapback Woed unique. Cette casquette allie style, confort et caract\u00e8re dans un design puissant. Le tissu acrylique vert arm\u00e9e cr\u00e9e un look robuste et intemporel, tandis que la partie sup\u00e9rieure du rabat en li\u00e8ge marron clair se distingue imm\u00e9diatement et ajoute une touche naturelle. Au bas du rabat, vous trouverez une illustration orange frappante, offrant un d\u00e9tail surprenant \u00e0 chaque mouvement.\" \/>\n<meta name=\"robots\" content=\"index, follow, max-snippet:-1, max-image-preview:large, max-video-preview:-1\" \/>\n<link rel=\"canonical\" href=\"https:\/\/woedonline.nl\/fr\/shop\/toutes-les-capsules\/strapback-fr\/strapback-velcro-edition-limitee-10-ans\/\" \/>\n<meta property=\"og:locale\" content=\"fr_FR\" \/>\n<meta property=\"og:type\" content=\"article\" \/>\n<meta property=\"og:title\" content=\"Strapback Velcro | Edition limit\u00e9e - 10 ans - Woed\" \/>\n<meta property=\"og:description\" content=\"Compl\u00e9tez votre tenue avec cette casquette snapback Woed unique. Cette casquette allie style, confort et caract\u00e8re dans un design puissant. Le tissu acrylique vert arm\u00e9e cr\u00e9e un look robuste et intemporel, tandis que la partie sup\u00e9rieure du rabat en li\u00e8ge marron clair se distingue imm\u00e9diatement et ajoute une touche naturelle. Au bas du rabat, vous trouverez une illustration orange frappante, offrant un d\u00e9tail surprenant \u00e0 chaque mouvement.\" \/>\n<meta property=\"og:url\" content=\"https:\/\/woedonline.nl\/fr\/shop\/toutes-les-capsules\/strapback-fr\/strapback-velcro-edition-limitee-10-ans\/\" \/>\n<meta property=\"og:site_name\" content=\"Woed\" \/>\n<meta property=\"article:publisher\" content=\"https:\/\/www.facebook.com\/Woedshop\/\" \/>\n<meta property=\"article:modified_time\" content=\"2026-04-30T08:23:57+00:00\" \/>\n<meta property=\"og:image\" content=\"https:\/\/woedonline.nl\/wp-content\/uploads\/2026\/04\/snapback-10-1.jpg\" \/>\n\t<meta property=\"og:image:width\" content=\"1000\" \/>\n\t<meta property=\"og:image:height\" content=\"1000\" \/>\n\t<meta property=\"og:image:type\" content=\"image\/jpeg\" \/>\n<meta name=\"twitter:card\" content=\"summary_large_image\" \/>\n<meta name=\"twitter:label1\" content=\"Dur\u00e9e de lecture estim\u00e9e\" \/>\n\t<meta name=\"twitter:data1\" content=\"1 minute\" \/>\n<script type=\"application\/ld+json\" class=\"yoast-schema-graph\">{\"@context\":\"https:\\\/\\\/schema.org\",\"@graph\":[{\"@type\":\"WebPage\",\"@id\":\"https:\\\/\\\/woedonline.nl\\\/fr\\\/shop\\\/toutes-les-capsules\\\/strapback-fr\\\/strapback-velcro-edition-limitee-10-ans\\\/\",\"url\":\"https:\\\/\\\/woedonline.nl\\\/fr\\\/shop\\\/toutes-les-capsules\\\/strapback-fr\\\/strapback-velcro-edition-limitee-10-ans\\\/\",\"name\":\"Strapback Velcro | Edition limit\u00e9e - 10 ans - Woed\",\"isPartOf\":{\"@id\":\"https:\\\/\\\/woedonline.nl\\\/fr\\\/#website\"},\"primaryImageOfPage\":{\"@id\":\"https:\\\/\\\/woedonline.nl\\\/fr\\\/shop\\\/toutes-les-capsules\\\/strapback-fr\\\/strapback-velcro-edition-limitee-10-ans\\\/#primaryimage\"},\"image\":{\"@id\":\"https:\\\/\\\/woedonline.nl\\\/fr\\\/shop\\\/toutes-les-capsules\\\/strapback-fr\\\/strapback-velcro-edition-limitee-10-ans\\\/#primaryimage\"},\"thumbnailUrl\":\"https:\\\/\\\/woedonline.nl\\\/wp-content\\\/uploads\\\/2026\\\/04\\\/snapback-10-1.jpg\",\"datePublished\":\"2026-04-14T07:52:24+00:00\",\"dateModified\":\"2026-04-30T08:23:57+00:00\",\"description\":\"Compl\u00e9tez votre tenue avec cette casquette snapback Woed unique. Cette casquette allie style, confort et caract\u00e8re dans un design puissant. Le tissu acrylique vert arm\u00e9e cr\u00e9e un look robuste et intemporel, tandis que la partie sup\u00e9rieure du rabat en li\u00e8ge marron clair se distingue imm\u00e9diatement et ajoute une touche naturelle. Au bas du rabat, vous trouverez une illustration orange frappante, offrant un d\u00e9tail surprenant \u00e0 chaque mouvement.\",\"breadcrumb\":{\"@id\":\"https:\\\/\\\/woedonline.nl\\\/fr\\\/shop\\\/toutes-les-capsules\\\/strapback-fr\\\/strapback-velcro-edition-limitee-10-ans\\\/#breadcrumb\"},\"inLanguage\":\"fr-FR\",\"potentialAction\":[{\"@type\":\"ReadAction\",\"target\":[\"https:\\\/\\\/woedonline.nl\\\/fr\\\/shop\\\/toutes-les-capsules\\\/strapback-fr\\\/strapback-velcro-edition-limitee-10-ans\\\/\"]}]},{\"@type\":\"ImageObject\",\"inLanguage\":\"fr-FR\",\"@id\":\"https:\\\/\\\/woedonline.nl\\\/fr\\\/shop\\\/toutes-les-capsules\\\/strapback-fr\\\/strapback-velcro-edition-limitee-10-ans\\\/#primaryimage\",\"url\":\"https:\\\/\\\/woedonline.nl\\\/wp-content\\\/uploads\\\/2026\\\/04\\\/snapback-10-1.jpg\",\"contentUrl\":\"https:\\\/\\\/woedonline.nl\\\/wp-content\\\/uploads\\\/2026\\\/04\\\/snapback-10-1.jpg\",\"width\":1000,\"height\":1000},{\"@type\":\"BreadcrumbList\",\"@id\":\"https:\\\/\\\/woedonline.nl\\\/fr\\\/shop\\\/toutes-les-capsules\\\/strapback-fr\\\/strapback-velcro-edition-limitee-10-ans\\\/#breadcrumb\",\"itemListElement\":[{\"@type\":\"ListItem\",\"position\":1,\"name\":\"Accueil\",\"item\":\"https:\\\/\\\/woedonline.nl\\\/fr\\\/\"},{\"@type\":\"ListItem\",\"position\":2,\"name\":\"Boutique\",\"item\":\"https:\\\/\\\/woedonline.nl\\\/fr\\\/boutique\\\/\"},{\"@type\":\"ListItem\",\"position\":3,\"name\":\"Strapback Velcro | Edition limit\u00e9e - 10 ans\"}]},{\"@type\":\"WebSite\",\"@id\":\"https:\\\/\\\/woedonline.nl\\\/fr\\\/#website\",\"url\":\"https:\\\/\\\/woedonline.nl\\\/fr\\\/\",\"name\":\"Woed\",\"description\":\"Kurk petten, houten horloges en houten zonnebrillen\",\"publisher\":{\"@id\":\"https:\\\/\\\/woedonline.nl\\\/fr\\\/#organization\"},\"alternateName\":\"W\",\"potentialAction\":[{\"@type\":\"SearchAction\",\"target\":{\"@type\":\"EntryPoint\",\"urlTemplate\":\"https:\\\/\\\/woedonline.nl\\\/fr\\\/?s={search_term_string}\"},\"query-input\":{\"@type\":\"PropertyValueSpecification\",\"valueRequired\":true,\"valueName\":\"search_term_string\"}}],\"inLanguage\":\"fr-FR\"},{\"@type\":\"Organization\",\"@id\":\"https:\\\/\\\/woedonline.nl\\\/fr\\\/#organization\",\"name\":\"Woed\",\"alternateName\":\"W\",\"url\":\"https:\\\/\\\/woedonline.nl\\\/fr\\\/\",\"logo\":{\"@type\":\"ImageObject\",\"inLanguage\":\"fr-FR\",\"@id\":\"https:\\\/\\\/woedonline.nl\\\/fr\\\/#\\\/schema\\\/logo\\\/image\\\/\",\"url\":\"https:\\\/\\\/woedonline.nl\\\/wp-content\\\/uploads\\\/2016\\\/05\\\/Wood-logo-name-png.png\",\"contentUrl\":\"https:\\\/\\\/woedonline.nl\\\/wp-content\\\/uploads\\\/2016\\\/05\\\/Wood-logo-name-png.png\",\"width\":250,\"height\":89,\"caption\":\"Woed\"},\"image\":{\"@id\":\"https:\\\/\\\/woedonline.nl\\\/fr\\\/#\\\/schema\\\/logo\\\/image\\\/\"},\"sameAs\":[\"https:\\\/\\\/www.facebook.com\\\/Woedshop\\\/\",\"https:\\\/\\\/www.instagram.com\\\/woed.eu\"]}]}<\/script>\n<!-- \/ Yoast SEO plugin. -->","yoast_head_json":{"title":"Strapback Velcro | Edition limit\u00e9e - 10 ans - Woed","description":"Compl\u00e9tez votre tenue avec cette casquette snapback Woed unique. Cette casquette allie style, confort et caract\u00e8re dans un design puissant. Le tissu acrylique vert arm\u00e9e cr\u00e9e un look robuste et intemporel, tandis que la partie sup\u00e9rieure du rabat en li\u00e8ge marron clair se distingue imm\u00e9diatement et ajoute une touche naturelle. Au bas du rabat, vous trouverez une illustration orange frappante, offrant un d\u00e9tail surprenant \u00e0 chaque mouvement.","robots":{"index":"index","follow":"follow","max-snippet":"max-snippet:-1","max-image-preview":"max-image-preview:large","max-video-preview":"max-video-preview:-1"},"canonical":"https:\/\/woedonline.nl\/fr\/shop\/toutes-les-capsules\/strapback-fr\/strapback-velcro-edition-limitee-10-ans\/","og_locale":"fr_FR","og_type":"article","og_title":"Strapback Velcro | Edition limit\u00e9e - 10 ans - Woed","og_description":"Compl\u00e9tez votre tenue avec cette casquette snapback Woed unique. Cette casquette allie style, confort et caract\u00e8re dans un design puissant. Le tissu acrylique vert arm\u00e9e cr\u00e9e un look robuste et intemporel, tandis que la partie sup\u00e9rieure du rabat en li\u00e8ge marron clair se distingue imm\u00e9diatement et ajoute une touche naturelle. Au bas du rabat, vous trouverez une illustration orange frappante, offrant un d\u00e9tail surprenant \u00e0 chaque mouvement.","og_url":"https:\/\/woedonline.nl\/fr\/shop\/toutes-les-capsules\/strapback-fr\/strapback-velcro-edition-limitee-10-ans\/","og_site_name":"Woed","article_publisher":"https:\/\/www.facebook.com\/Woedshop\/","article_modified_time":"2026-04-30T08:23:57+00:00","og_image":[{"width":1000,"height":1000,"url":"https:\/\/woedonline.nl\/wp-content\/uploads\/2026\/04\/snapback-10-1.jpg","type":"image\/jpeg"}],"twitter_card":"summary_large_image","twitter_misc":{"Dur\u00e9e de lecture estim\u00e9e":"1 minute"},"schema":{"@context":"https:\/\/schema.org","@graph":[{"@type":"WebPage","@id":"https:\/\/woedonline.nl\/fr\/shop\/toutes-les-capsules\/strapback-fr\/strapback-velcro-edition-limitee-10-ans\/","url":"https:\/\/woedonline.nl\/fr\/shop\/toutes-les-capsules\/strapback-fr\/strapback-velcro-edition-limitee-10-ans\/","name":"Strapback Velcro | Edition limit\u00e9e - 10 ans - Woed","isPartOf":{"@id":"https:\/\/woedonline.nl\/fr\/#website"},"primaryImageOfPage":{"@id":"https:\/\/woedonline.nl\/fr\/shop\/toutes-les-capsules\/strapback-fr\/strapback-velcro-edition-limitee-10-ans\/#primaryimage"},"image":{"@id":"https:\/\/woedonline.nl\/fr\/shop\/toutes-les-capsules\/strapback-fr\/strapback-velcro-edition-limitee-10-ans\/#primaryimage"},"thumbnailUrl":"https:\/\/woedonline.nl\/wp-content\/uploads\/2026\/04\/snapback-10-1.jpg","datePublished":"2026-04-14T07:52:24+00:00","dateModified":"2026-04-30T08:23:57+00:00","description":"Compl\u00e9tez votre tenue avec cette casquette snapback Woed unique. Cette casquette allie style, confort et caract\u00e8re dans un design puissant. Le tissu acrylique vert arm\u00e9e cr\u00e9e un look robuste et intemporel, tandis que la partie sup\u00e9rieure du rabat en li\u00e8ge marron clair se distingue imm\u00e9diatement et ajoute une touche naturelle. Au bas du rabat, vous trouverez une illustration orange frappante, offrant un d\u00e9tail surprenant \u00e0 chaque mouvement.","breadcrumb":{"@id":"https:\/\/woedonline.nl\/fr\/shop\/toutes-les-capsules\/strapback-fr\/strapback-velcro-edition-limitee-10-ans\/#breadcrumb"},"inLanguage":"fr-FR","potentialAction":[{"@type":"ReadAction","target":["https:\/\/woedonline.nl\/fr\/shop\/toutes-les-capsules\/strapback-fr\/strapback-velcro-edition-limitee-10-ans\/"]}]},{"@type":"ImageObject","inLanguage":"fr-FR","@id":"https:\/\/woedonline.nl\/fr\/shop\/toutes-les-capsules\/strapback-fr\/strapback-velcro-edition-limitee-10-ans\/#primaryimage","url":"https:\/\/woedonline.nl\/wp-content\/uploads\/2026\/04\/snapback-10-1.jpg","contentUrl":"https:\/\/woedonline.nl\/wp-content\/uploads\/2026\/04\/snapback-10-1.jpg","width":1000,"height":1000},{"@type":"BreadcrumbList","@id":"https:\/\/woedonline.nl\/fr\/shop\/toutes-les-capsules\/strapback-fr\/strapback-velcro-edition-limitee-10-ans\/#breadcrumb","itemListElement":[{"@type":"ListItem","position":1,"name":"Accueil","item":"https:\/\/woedonline.nl\/fr\/"},{"@type":"ListItem","position":2,"name":"Boutique","item":"https:\/\/woedonline.nl\/fr\/boutique\/"},{"@type":"ListItem","position":3,"name":"Strapback Velcro | Edition limit\u00e9e - 10 ans"}]},{"@type":"WebSite","@id":"https:\/\/woedonline.nl\/fr\/#website","url":"https:\/\/woedonline.nl\/fr\/","name":"Woed","description":"Kurk petten, houten horloges en houten zonnebrillen","publisher":{"@id":"https:\/\/woedonline.nl\/fr\/#organization"},"alternateName":"W","potentialAction":[{"@type":"SearchAction","target":{"@type":"EntryPoint","urlTemplate":"https:\/\/woedonline.nl\/fr\/?s={search_term_string}"},"query-input":{"@type":"PropertyValueSpecification","valueRequired":true,"valueName":"search_term_string"}}],"inLanguage":"fr-FR"},{"@type":"Organization","@id":"https:\/\/woedonline.nl\/fr\/#organization","name":"Woed","alternateName":"W","url":"https:\/\/woedonline.nl\/fr\/","logo":{"@type":"ImageObject","inLanguage":"fr-FR","@id":"https:\/\/woedonline.nl\/fr\/#\/schema\/logo\/image\/","url":"https:\/\/woedonline.nl\/wp-content\/uploads\/2016\/05\/Wood-logo-name-png.png","contentUrl":"https:\/\/woedonline.nl\/wp-content\/uploads\/2016\/05\/Wood-logo-name-png.png","width":250,"height":89,"caption":"Woed"},"image":{"@id":"https:\/\/woedonline.nl\/fr\/#\/schema\/logo\/image\/"},"sameAs":["https:\/\/www.facebook.com\/Woedshop\/","https:\/\/www.instagram.com\/woed.eu"]}]}},"_links":{"self":[{"href":"https:\/\/woedonline.nl\/fr\/wp-json\/wp\/v2\/product\/403636","targetHints":{"allow":["GET"]}}],"collection":[{"href":"https:\/\/woedonline.nl\/fr\/wp-json\/wp\/v2\/product"}],"about":[{"href":"https:\/\/woedonline.nl\/fr\/wp-json\/wp\/v2\/types\/product"}],"replies":[{"embeddable":true,"href":"https:\/\/woedonline.nl\/fr\/wp-json\/wp\/v2\/comments?post=403636"}],"wp:featuredmedia":[{"embeddable":true,"href":"https:\/\/woedonline.nl\/fr\/wp-json\/wp\/v2\/media\/403642"}],"wp:attachment":[{"href":"https:\/\/woedonline.nl\/fr\/wp-json\/wp\/v2\/media?parent=403636"}],"wp:term":[{"taxonomy":"product_brand","embeddable":true,"href":"https:\/\/woedonline.nl\/fr\/wp-json\/wp\/v2\/product_brand?post=403636"},{"taxonomy":"product_cat","embeddable":true,"href":"https:\/\/woedonline.nl\/fr\/wp-json\/wp\/v2\/product_cat?post=403636"},{"taxonomy":"product_tag","embeddable":true,"href":"https:\/\/woedonline.nl\/fr\/wp-json\/wp\/v2\/product_tag?post=403636"}],"curies":[{"name":"wp","href":"https:\/\/api.w.org\/{rel}","templated":true}]}}