{"id":402839,"date":"2026-03-19T11:01:51","date_gmt":"2026-03-19T10:01:51","guid":{"rendered":"https:\/\/woedonline.nl\/shop\/non%20class\u00e9\/maillot-de-football-woed-x-heijzoo-retro-sportswear\/"},"modified":"2026-03-26T16:05:21","modified_gmt":"2026-03-26T15:05:21","slug":"maillot-de-football-woed-x-heijzoo-retro-sportswear","status":"publish","type":"product","link":"https:\/\/woedonline.nl\/fr\/shop\/toutes-les-capsules\/casquette-de-baseball\/maillot-de-football-woed-x-heijzoo-retro-sportswear\/","title":{"rendered":"Woed X Retro Football Shirt"},"content":{"rendered":"<h2 data-start=\"90\" data-end=\"156\">10e anniversaire de Woed - \u00c9dition limit\u00e9e du maillot de football r\u00e9tro<\/h2>\n<p data-start=\"158\" data-end=\"384\">Juin 2026 marque le 10e anniversaire de <strong data-start=\"174\" data-end=\"191\">Woed.<\/strong><br data-start=\"191\" data-end=\"194\">Ce qui a commenc\u00e9 dans un petit grenier - heureux avec 10 commandes par mois - est devenu une marque qui vend ses casquettes dans le monde entier. Et nous ne laisserons pas passer ce moment \u00e0 la l\u00e9g\u00e8re. <\/p>\n<p data-start=\"386\" data-end=\"471\">Pour la premi\u00e8re fois de notre histoire, nous sortons une <strong data-start=\"437\" data-end=\"446\">chemise<\/strong>. Et pas seulement une. <\/p>\n<p data-start=\"473\" data-end=\"718\">En collaboration avec <a href=\"https:\/\/www.instagram.com\/heijzoo_sportswear\/\"><strong data-start=\"483\" data-end=\"494\">Heijzoo<\/strong><\/a> et <a href=\"https:\/\/www.welovefootballshirts.com\/nl\/\"><strong data-start=\"498\" data-end=\"522\">WeLoveFootballshirts<\/strong><\/a> nous avons con\u00e7u un <strong data-start=\"547\" data-end=\"587\">maillot de football r\u00e9tro<\/strong> exclusif pour <strong data-start=\"547\" data-end=\"587\">le 10e anniversaire<\/strong>. Une ode \u00e0 nos origines, avec un clin d&rsquo;\u0153il aux maillots de football classiques que nous connaissons et aimons tous. <\/p>\n<h3 data-start=\"720\" data-end=\"756\">\u26bd Qu&rsquo;est-ce qui rend cette chemise sp\u00e9ciale ?<\/h3>\n<ul data-start=\"758\" data-end=\"1013\">\n<li data-start=\"758\" data-end=\"824\">\n<p data-start=\"760\" data-end=\"824\">\u00c9dition limit\u00e9e - sp\u00e9cialement con\u00e7ue pour le 10e anniversaire<\/p>\n<\/li>\n<li data-start=\"825\" data-end=\"858\">\n<p data-start=\"827\" data-end=\"858\">Un aspect et une sensation r\u00e9tro authentiques<\/p>\n<\/li>\n<li data-start=\"859\" data-end=\"891\">\n<p data-start=\"861\" data-end=\"891\">Mat\u00e9riaux de premi\u00e8re qualit\u00e9<\/p>\n<\/li>\n<li data-start=\"892\" data-end=\"959\">\n<p data-start=\"894\" data-end=\"959\">D\u00e9velopp\u00e9 en collaboration avec des sp\u00e9cialistes de la culture du football<\/p>\n<\/li>\n<li data-start=\"960\" data-end=\"1013\">\n<p data-start=\"962\" data-end=\"1013\">Un design unique qui r\u00e9unit l&rsquo;histoire et l&rsquo;ADN de Woed<\/p>\n<\/li>\n<\/ul>\n<p data-start=\"1015\" data-end=\"1152\">Cette chemise repr\u00e9sente la pers\u00e9v\u00e9rance, la croissance et l&rsquo;audace de r\u00eaver. Pour tous ceux qui suivent Woed depuis le d\u00e9but. Et pour tous ceux qui se lancent maintenant.  <\/p>\n<h3 data-start=\"1015\" data-end=\"1152\">Qu&rsquo;est-ce que Heijzoo et qui est-ce ?<\/h3>\n<p>Heijzoo Retro Sportswear est une marque n\u00e9erlandaise unique de v\u00eatements de sport dont les origines remontent aux ann\u00e9es 1970, 1980 et au d\u00e9but des ann\u00e9es 1990, \u00e9poque \u00e0 laquelle la marque \u00e9tait connue pour ses maillots de football authentiques destin\u00e9s \u00e0 divers clubs de football professionnels n\u00e9erlandais. Les mod\u00e8les \u00e9taient excentriques, artisanaux et impr\u00e9gn\u00e9s de la nostalgie du football d&rsquo;antan. <\/p>\n<p>En 2025, Heijzoo a fait l&rsquo;objet d&rsquo;une refonte compl\u00e8te de son image de marque. Dans le respect du pass\u00e9, la marque se concentre d\u00e9sormais sur des projets r\u00e9tro exclusifs et \u00e0 petite \u00e9chelle. Pas de production de masse, mais des maillots de football uniques inspir\u00e9s par la culture, les clubs fictifs et les histoires alternatives du football. Heijzoo rend hommage au maillot en tant qu&rsquo;objet de style - l\u00e0 o\u00f9 l&rsquo;identit\u00e9, l&rsquo;histoire et le design se rejoignent.   <\/p>\n<hr data-start=\"1154\" data-end=\"1157\">\n<p data-start=\"1335\" data-end=\"1422\" data-is-last-node=\"\" data-is-only-node=\"\">\n","protected":false},"excerpt":{"rendered":"<p data-start=\"1285\" data-end=\"1333\">Nous produisons une \u00e9dition limit\u00e9e. Out = vraiment out. <\/p>\n<p data-start=\"1335\" data-end=\"1422\" data-is-last-node=\"\" data-is-only-node=\"\">C\u00e9l\u00e9brez avec nous les 10 ans de Woed.<br data-start=\"1365\" data-end=\"1368\">Du grenier \u00e0 la plan\u00e8te. Ce n&rsquo;est que le d\u00e9but. <\/p>\n","protected":false},"featured_media":403282,"comment_status":"open","ping_status":"closed","template":"","meta":[],"product_brand":[],"product_cat":[1528,1535,733,1209,461,1098,860,465,1117,452,457],"product_tag":[],"class_list":{"0":"post-402839","1":"product","2":"type-product","3":"status-publish","4":"has-post-thumbnail","6":"product_cat-casquettes-de-sport-actif","7":"product_cat-maillot-de-football-retro-limited","8":"product_cat-toutes-les-capsules","9":"product_cat-ensembles-combines","10":"product_cat-snapback-fr","11":"product_cat-strapback-fr","12":"product_cat-collection-de-chanvre","13":"product_cat-casquette-trucker","14":"product_cat-casquette-de-papa","15":"product_cat-casquette-de-baseball","16":"product_cat-casquettes-junior","18":"first","19":"instock","20":"taxable","21":"shipping-taxable","22":"purchasable","23":"product-type-variable"},"yoast_head":"<!-- This site is optimized with the Yoast SEO plugin v27.4 - https:\/\/yoast.com\/product\/yoast-seo-wordpress\/ -->\n<title>Woed X Retro Football Shirt - Woed<\/title>\n<meta name=\"description\" content=\"En collaboration avec Heijzoo et WeLoveFootballshirts, nous avons con\u00e7u un maillot de football r\u00e9tro exclusif pour le 10e anniversaire. Une ode \u00e0 nos origines, avec un clin d&#039;\u0153il aux maillots de football classiques que nous connaissons et aimons tous.\" \/>\n<meta name=\"robots\" content=\"index, follow, max-snippet:-1, max-image-preview:large, max-video-preview:-1\" \/>\n<link rel=\"canonical\" href=\"https:\/\/woedonline.nl\/fr\/shop\/toutes-les-capsules\/casquette-de-baseball\/maillot-de-football-woed-x-heijzoo-retro-sportswear\/\" \/>\n<meta property=\"og:locale\" content=\"fr_FR\" \/>\n<meta property=\"og:type\" content=\"article\" \/>\n<meta property=\"og:title\" content=\"Woed X Retro Football Shirt - Woed\" \/>\n<meta property=\"og:description\" content=\"En collaboration avec Heijzoo et WeLoveFootballshirts, nous avons con\u00e7u un maillot de football r\u00e9tro exclusif pour le 10e anniversaire. Une ode \u00e0 nos origines, avec un clin d&#039;\u0153il aux maillots de football classiques que nous connaissons et aimons tous.\" \/>\n<meta property=\"og:url\" content=\"https:\/\/woedonline.nl\/fr\/shop\/toutes-les-capsules\/casquette-de-baseball\/maillot-de-football-woed-x-heijzoo-retro-sportswear\/\" \/>\n<meta property=\"og:site_name\" content=\"Woed\" \/>\n<meta property=\"article:publisher\" content=\"https:\/\/www.facebook.com\/Woedshop\/\" \/>\n<meta property=\"article:modified_time\" content=\"2026-03-26T15:05:21+00:00\" \/>\n<meta property=\"og:image\" content=\"https:\/\/woedonline.nl\/wp-content\/uploads\/2026\/02\/Woed-Heijzoo-shirt.jpeg\" \/>\n\t<meta property=\"og:image:width\" content=\"2048\" \/>\n\t<meta property=\"og:image:height\" content=\"2048\" \/>\n\t<meta property=\"og:image:type\" content=\"image\/jpeg\" \/>\n<meta name=\"twitter:card\" content=\"summary_large_image\" \/>\n<meta name=\"twitter:label1\" content=\"Dur\u00e9e de lecture estim\u00e9e\" \/>\n\t<meta name=\"twitter:data1\" content=\"2 minutes\" \/>\n<script type=\"application\/ld+json\" class=\"yoast-schema-graph\">{\"@context\":\"https:\\\/\\\/schema.org\",\"@graph\":[{\"@type\":\"WebPage\",\"@id\":\"https:\\\/\\\/woedonline.nl\\\/fr\\\/shop\\\/toutes-les-capsules\\\/casquette-de-baseball\\\/maillot-de-football-woed-x-heijzoo-retro-sportswear\\\/\",\"url\":\"https:\\\/\\\/woedonline.nl\\\/fr\\\/shop\\\/toutes-les-capsules\\\/casquette-de-baseball\\\/maillot-de-football-woed-x-heijzoo-retro-sportswear\\\/\",\"name\":\"Woed X Retro Football Shirt - Woed\",\"isPartOf\":{\"@id\":\"https:\\\/\\\/woedonline.nl\\\/fr\\\/#website\"},\"primaryImageOfPage\":{\"@id\":\"https:\\\/\\\/woedonline.nl\\\/fr\\\/shop\\\/toutes-les-capsules\\\/casquette-de-baseball\\\/maillot-de-football-woed-x-heijzoo-retro-sportswear\\\/#primaryimage\"},\"image\":{\"@id\":\"https:\\\/\\\/woedonline.nl\\\/fr\\\/shop\\\/toutes-les-capsules\\\/casquette-de-baseball\\\/maillot-de-football-woed-x-heijzoo-retro-sportswear\\\/#primaryimage\"},\"thumbnailUrl\":\"https:\\\/\\\/woedonline.nl\\\/wp-content\\\/uploads\\\/2026\\\/02\\\/Woed-Heijzoo-shirt.jpeg\",\"datePublished\":\"2026-03-19T10:01:51+00:00\",\"dateModified\":\"2026-03-26T15:05:21+00:00\",\"description\":\"En collaboration avec Heijzoo et WeLoveFootballshirts, nous avons con\u00e7u un maillot de football r\u00e9tro exclusif pour le 10e anniversaire. Une ode \u00e0 nos origines, avec un clin d'\u0153il aux maillots de football classiques que nous connaissons et aimons tous.\",\"breadcrumb\":{\"@id\":\"https:\\\/\\\/woedonline.nl\\\/fr\\\/shop\\\/toutes-les-capsules\\\/casquette-de-baseball\\\/maillot-de-football-woed-x-heijzoo-retro-sportswear\\\/#breadcrumb\"},\"inLanguage\":\"fr-FR\",\"potentialAction\":[{\"@type\":\"ReadAction\",\"target\":[\"https:\\\/\\\/woedonline.nl\\\/fr\\\/shop\\\/toutes-les-capsules\\\/casquette-de-baseball\\\/maillot-de-football-woed-x-heijzoo-retro-sportswear\\\/\"]}]},{\"@type\":\"ImageObject\",\"inLanguage\":\"fr-FR\",\"@id\":\"https:\\\/\\\/woedonline.nl\\\/fr\\\/shop\\\/toutes-les-capsules\\\/casquette-de-baseball\\\/maillot-de-football-woed-x-heijzoo-retro-sportswear\\\/#primaryimage\",\"url\":\"https:\\\/\\\/woedonline.nl\\\/wp-content\\\/uploads\\\/2026\\\/02\\\/Woed-Heijzoo-shirt.jpeg\",\"contentUrl\":\"https:\\\/\\\/woedonline.nl\\\/wp-content\\\/uploads\\\/2026\\\/02\\\/Woed-Heijzoo-shirt.jpeg\",\"width\":2048,\"height\":2048},{\"@type\":\"BreadcrumbList\",\"@id\":\"https:\\\/\\\/woedonline.nl\\\/fr\\\/shop\\\/toutes-les-capsules\\\/casquette-de-baseball\\\/maillot-de-football-woed-x-heijzoo-retro-sportswear\\\/#breadcrumb\",\"itemListElement\":[{\"@type\":\"ListItem\",\"position\":1,\"name\":\"Accueil\",\"item\":\"https:\\\/\\\/woedonline.nl\\\/fr\\\/\"},{\"@type\":\"ListItem\",\"position\":2,\"name\":\"Boutique\",\"item\":\"https:\\\/\\\/woedonline.nl\\\/fr\\\/boutique\\\/\"},{\"@type\":\"ListItem\",\"position\":3,\"name\":\"Woed X Retro Football Shirt\"}]},{\"@type\":\"WebSite\",\"@id\":\"https:\\\/\\\/woedonline.nl\\\/fr\\\/#website\",\"url\":\"https:\\\/\\\/woedonline.nl\\\/fr\\\/\",\"name\":\"Woed\",\"description\":\"Kurk petten, houten horloges en houten zonnebrillen\",\"publisher\":{\"@id\":\"https:\\\/\\\/woedonline.nl\\\/fr\\\/#organization\"},\"alternateName\":\"W\",\"potentialAction\":[{\"@type\":\"SearchAction\",\"target\":{\"@type\":\"EntryPoint\",\"urlTemplate\":\"https:\\\/\\\/woedonline.nl\\\/fr\\\/?s={search_term_string}\"},\"query-input\":{\"@type\":\"PropertyValueSpecification\",\"valueRequired\":true,\"valueName\":\"search_term_string\"}}],\"inLanguage\":\"fr-FR\"},{\"@type\":\"Organization\",\"@id\":\"https:\\\/\\\/woedonline.nl\\\/fr\\\/#organization\",\"name\":\"Woed\",\"alternateName\":\"W\",\"url\":\"https:\\\/\\\/woedonline.nl\\\/fr\\\/\",\"logo\":{\"@type\":\"ImageObject\",\"inLanguage\":\"fr-FR\",\"@id\":\"https:\\\/\\\/woedonline.nl\\\/fr\\\/#\\\/schema\\\/logo\\\/image\\\/\",\"url\":\"https:\\\/\\\/woedonline.nl\\\/wp-content\\\/uploads\\\/2016\\\/05\\\/Wood-logo-name-png.png\",\"contentUrl\":\"https:\\\/\\\/woedonline.nl\\\/wp-content\\\/uploads\\\/2016\\\/05\\\/Wood-logo-name-png.png\",\"width\":250,\"height\":89,\"caption\":\"Woed\"},\"image\":{\"@id\":\"https:\\\/\\\/woedonline.nl\\\/fr\\\/#\\\/schema\\\/logo\\\/image\\\/\"},\"sameAs\":[\"https:\\\/\\\/www.facebook.com\\\/Woedshop\\\/\",\"https:\\\/\\\/www.instagram.com\\\/woed.eu\"]}]}<\/script>\n<!-- \/ Yoast SEO plugin. -->","yoast_head_json":{"title":"Woed X Retro Football Shirt - Woed","description":"En collaboration avec Heijzoo et WeLoveFootballshirts, nous avons con\u00e7u un maillot de football r\u00e9tro exclusif pour le 10e anniversaire. Une ode \u00e0 nos origines, avec un clin d'\u0153il aux maillots de football classiques que nous connaissons et aimons tous.","robots":{"index":"index","follow":"follow","max-snippet":"max-snippet:-1","max-image-preview":"max-image-preview:large","max-video-preview":"max-video-preview:-1"},"canonical":"https:\/\/woedonline.nl\/fr\/shop\/toutes-les-capsules\/casquette-de-baseball\/maillot-de-football-woed-x-heijzoo-retro-sportswear\/","og_locale":"fr_FR","og_type":"article","og_title":"Woed X Retro Football Shirt - Woed","og_description":"En collaboration avec Heijzoo et WeLoveFootballshirts, nous avons con\u00e7u un maillot de football r\u00e9tro exclusif pour le 10e anniversaire. Une ode \u00e0 nos origines, avec un clin d'\u0153il aux maillots de football classiques que nous connaissons et aimons tous.","og_url":"https:\/\/woedonline.nl\/fr\/shop\/toutes-les-capsules\/casquette-de-baseball\/maillot-de-football-woed-x-heijzoo-retro-sportswear\/","og_site_name":"Woed","article_publisher":"https:\/\/www.facebook.com\/Woedshop\/","article_modified_time":"2026-03-26T15:05:21+00:00","og_image":[{"width":2048,"height":2048,"url":"https:\/\/woedonline.nl\/wp-content\/uploads\/2026\/02\/Woed-Heijzoo-shirt.jpeg","type":"image\/jpeg"}],"twitter_card":"summary_large_image","twitter_misc":{"Dur\u00e9e de lecture estim\u00e9e":"2 minutes"},"schema":{"@context":"https:\/\/schema.org","@graph":[{"@type":"WebPage","@id":"https:\/\/woedonline.nl\/fr\/shop\/toutes-les-capsules\/casquette-de-baseball\/maillot-de-football-woed-x-heijzoo-retro-sportswear\/","url":"https:\/\/woedonline.nl\/fr\/shop\/toutes-les-capsules\/casquette-de-baseball\/maillot-de-football-woed-x-heijzoo-retro-sportswear\/","name":"Woed X Retro Football Shirt - Woed","isPartOf":{"@id":"https:\/\/woedonline.nl\/fr\/#website"},"primaryImageOfPage":{"@id":"https:\/\/woedonline.nl\/fr\/shop\/toutes-les-capsules\/casquette-de-baseball\/maillot-de-football-woed-x-heijzoo-retro-sportswear\/#primaryimage"},"image":{"@id":"https:\/\/woedonline.nl\/fr\/shop\/toutes-les-capsules\/casquette-de-baseball\/maillot-de-football-woed-x-heijzoo-retro-sportswear\/#primaryimage"},"thumbnailUrl":"https:\/\/woedonline.nl\/wp-content\/uploads\/2026\/02\/Woed-Heijzoo-shirt.jpeg","datePublished":"2026-03-19T10:01:51+00:00","dateModified":"2026-03-26T15:05:21+00:00","description":"En collaboration avec Heijzoo et WeLoveFootballshirts, nous avons con\u00e7u un maillot de football r\u00e9tro exclusif pour le 10e anniversaire. Une ode \u00e0 nos origines, avec un clin d'\u0153il aux maillots de football classiques que nous connaissons et aimons tous.","breadcrumb":{"@id":"https:\/\/woedonline.nl\/fr\/shop\/toutes-les-capsules\/casquette-de-baseball\/maillot-de-football-woed-x-heijzoo-retro-sportswear\/#breadcrumb"},"inLanguage":"fr-FR","potentialAction":[{"@type":"ReadAction","target":["https:\/\/woedonline.nl\/fr\/shop\/toutes-les-capsules\/casquette-de-baseball\/maillot-de-football-woed-x-heijzoo-retro-sportswear\/"]}]},{"@type":"ImageObject","inLanguage":"fr-FR","@id":"https:\/\/woedonline.nl\/fr\/shop\/toutes-les-capsules\/casquette-de-baseball\/maillot-de-football-woed-x-heijzoo-retro-sportswear\/#primaryimage","url":"https:\/\/woedonline.nl\/wp-content\/uploads\/2026\/02\/Woed-Heijzoo-shirt.jpeg","contentUrl":"https:\/\/woedonline.nl\/wp-content\/uploads\/2026\/02\/Woed-Heijzoo-shirt.jpeg","width":2048,"height":2048},{"@type":"BreadcrumbList","@id":"https:\/\/woedonline.nl\/fr\/shop\/toutes-les-capsules\/casquette-de-baseball\/maillot-de-football-woed-x-heijzoo-retro-sportswear\/#breadcrumb","itemListElement":[{"@type":"ListItem","position":1,"name":"Accueil","item":"https:\/\/woedonline.nl\/fr\/"},{"@type":"ListItem","position":2,"name":"Boutique","item":"https:\/\/woedonline.nl\/fr\/boutique\/"},{"@type":"ListItem","position":3,"name":"Woed X Retro Football Shirt"}]},{"@type":"WebSite","@id":"https:\/\/woedonline.nl\/fr\/#website","url":"https:\/\/woedonline.nl\/fr\/","name":"Woed","description":"Kurk petten, houten horloges en houten zonnebrillen","publisher":{"@id":"https:\/\/woedonline.nl\/fr\/#organization"},"alternateName":"W","potentialAction":[{"@type":"SearchAction","target":{"@type":"EntryPoint","urlTemplate":"https:\/\/woedonline.nl\/fr\/?s={search_term_string}"},"query-input":{"@type":"PropertyValueSpecification","valueRequired":true,"valueName":"search_term_string"}}],"inLanguage":"fr-FR"},{"@type":"Organization","@id":"https:\/\/woedonline.nl\/fr\/#organization","name":"Woed","alternateName":"W","url":"https:\/\/woedonline.nl\/fr\/","logo":{"@type":"ImageObject","inLanguage":"fr-FR","@id":"https:\/\/woedonline.nl\/fr\/#\/schema\/logo\/image\/","url":"https:\/\/woedonline.nl\/wp-content\/uploads\/2016\/05\/Wood-logo-name-png.png","contentUrl":"https:\/\/woedonline.nl\/wp-content\/uploads\/2016\/05\/Wood-logo-name-png.png","width":250,"height":89,"caption":"Woed"},"image":{"@id":"https:\/\/woedonline.nl\/fr\/#\/schema\/logo\/image\/"},"sameAs":["https:\/\/www.facebook.com\/Woedshop\/","https:\/\/www.instagram.com\/woed.eu"]}]}},"_links":{"self":[{"href":"https:\/\/woedonline.nl\/fr\/wp-json\/wp\/v2\/product\/402839","targetHints":{"allow":["GET"]}}],"collection":[{"href":"https:\/\/woedonline.nl\/fr\/wp-json\/wp\/v2\/product"}],"about":[{"href":"https:\/\/woedonline.nl\/fr\/wp-json\/wp\/v2\/types\/product"}],"replies":[{"embeddable":true,"href":"https:\/\/woedonline.nl\/fr\/wp-json\/wp\/v2\/comments?post=402839"}],"wp:featuredmedia":[{"embeddable":true,"href":"https:\/\/woedonline.nl\/fr\/wp-json\/wp\/v2\/media\/403282"}],"wp:attachment":[{"href":"https:\/\/woedonline.nl\/fr\/wp-json\/wp\/v2\/media?parent=402839"}],"wp:term":[{"taxonomy":"product_brand","embeddable":true,"href":"https:\/\/woedonline.nl\/fr\/wp-json\/wp\/v2\/product_brand?post=402839"},{"taxonomy":"product_cat","embeddable":true,"href":"https:\/\/woedonline.nl\/fr\/wp-json\/wp\/v2\/product_cat?post=402839"},{"taxonomy":"product_tag","embeddable":true,"href":"https:\/\/woedonline.nl\/fr\/wp-json\/wp\/v2\/product_tag?post=402839"}],"curies":[{"name":"wp","href":"https:\/\/api.w.org\/{rel}","templated":true}]}}