{"id":400196,"date":"2025-10-20T10:13:58","date_gmt":"2025-10-20T08:13:58","guid":{"rendered":"https:\/\/woedonline.nl\/shop\/non%20class\u00e9\/bracelet-en-bois-lumos\/"},"modified":"2025-10-22T10:49:23","modified_gmt":"2025-10-22T08:49:23","slug":"bracelet-en-bois-lumos","status":"publish","type":"product","link":"https:\/\/woedonline.nl\/fr\/shop\/bracelet-en-bois\/bracelet-en-bois-lumos\/","title":{"rendered":"Bracelet en bois | Lumos"},"content":{"rendered":"<h3 data-start=\"335\" data-end=\"385\"><strong data-start=\"339\" data-end=\"385\">Bracelet en bois Lumos - Bois de santal et argent<\/strong><\/h3>\n<p data-start=\"386\" data-end=\"660\">D\u00e9couvrez le <strong data-start=\"396\" data-end=\"425\">bracelet en bois Woed Lumos<\/strong> - une combinaison \u00e9l\u00e9gante de <strong data-start=\"469\" data-end=\"483\">bois de santal<\/strong> naturel et de <strong data-start=\"497\" data-end=\"526\">maillons en m\u00e9tal argent\u00e9<\/strong> brillant. Ce bracelet en bois fait \u00e0 la main respire l&rsquo;\u00e9l\u00e9gance et le caract\u00e8re. Il est parfait pour ceux qui aiment un look naturel et moderne.<\/p>\n<p data-start=\"662\" data-end=\"833\">Avec une <strong data-start=\"670\" data-end=\"691\">largeur de 18 mm<\/strong> et une <strong data-start=\"699\" data-end=\"719\">longueur de 23 cm<\/strong>, le Lumos est id\u00e9al pour les hommes et les femmes \u00e0 la recherche d&rsquo;un bijou attrayant, confortable et durable.<\/p>\n<p data-start=\"835\" data-end=\"972\">\u2714\ufe0f Fabriqu\u00e9 en bois de santal v\u00e9ritable<br data-start=\"865\" data-end=\"868\">\u2714\ufe0f D\u00e9tails en acier inoxydable de couleur argent\u00e9e<br data-start=\"897\" data-end=\"900\">\u2714\ufe0f Fabriqu\u00e9 \u00e0 la main - chaque exemplaire est unique<br data-start=\"939\" data-end=\"942\">\u2714\ufe0f Durable et hypoallerg\u00e9nique<\/p>\n<p data-start=\"974\" data-end=\"1084\">Le <strong data-start=\"977\" data-end=\"1001\">bracelet en bois Lumos<\/strong> allie artisanat, nature et style, \u00e0 l&rsquo;image de ce que vous attendez de <strong data-start=\"1073\" data-end=\"1081\">Woed<\/strong>.<\/p>\n","protected":false},"excerpt":{"rendered":"<p><i class=\"ri-checkbox-circle-fill\" data-text-color=\"primary\"><\/i>Longueur 23 cm<\/p>\n<p><i class=\"ri-checkbox-circle-fill\" data-text-color=\"primary\"><\/i>En bois v\u00e9ritable<\/p>\n<p><i class=\"ri-checkbox-circle-fill\" data-text-color=\"primary\"><\/i>Livr\u00e9 dans un coffret cadeau<\/p>\n<p><i class=\"ri-checkbox-circle-fill\" data-text-color=\"primary\"><\/i>Mat\u00e9riaux de haute qualit\u00e9<\/p>\n","protected":false},"featured_media":400208,"comment_status":"open","ping_status":"closed","template":"","meta":[],"product_brand":[],"product_cat":[1086],"product_tag":[],"class_list":{"0":"post-400196","1":"product","2":"type-product","3":"status-publish","4":"has-post-thumbnail","6":"product_cat-bracelet-en-bois","7":"product_shipping_class-armbanden-horloge-zonnebrillen-fr","9":"first","10":"instock","11":"sale","12":"taxable","13":"shipping-taxable","14":"purchasable","15":"product-type-simple"},"yoast_head":"<!-- This site is optimized with the Yoast SEO plugin v27.4 - https:\/\/yoast.com\/product\/yoast-seo-wordpress\/ -->\n<title>Bracelet en bois | Lumos - Woed<\/title>\n<meta name=\"description\" content=\"D\u00e9couvrez le bracelet en bois Woed Lumos - une combinaison \u00e9l\u00e9gante de bois de santal naturel et de maillons en m\u00e9tal argent\u00e9 brillant. Ce bracelet en bois fait \u00e0 la main respire l&#039;\u00e9l\u00e9gance et le caract\u00e8re. Il est parfait pour ceux qui aiment un look naturel et moderne \u00e0 la fois.\" \/>\n<meta name=\"robots\" content=\"index, follow, max-snippet:-1, max-image-preview:large, max-video-preview:-1\" \/>\n<link rel=\"canonical\" href=\"https:\/\/woedonline.nl\/fr\/shop\/bracelet-en-bois\/bracelet-en-bois-lumos\/\" \/>\n<meta property=\"og:locale\" content=\"fr_FR\" \/>\n<meta property=\"og:type\" content=\"article\" \/>\n<meta property=\"og:title\" content=\"Bracelet en bois | Lumos - Woed\" \/>\n<meta property=\"og:description\" content=\"D\u00e9couvrez le bracelet en bois Woed Lumos - une combinaison \u00e9l\u00e9gante de bois de santal naturel et de maillons en m\u00e9tal argent\u00e9 brillant. Ce bracelet en bois fait \u00e0 la main respire l&#039;\u00e9l\u00e9gance et le caract\u00e8re. Il est parfait pour ceux qui aiment un look naturel et moderne \u00e0 la fois.\" \/>\n<meta property=\"og:url\" content=\"https:\/\/woedonline.nl\/fr\/shop\/bracelet-en-bois\/bracelet-en-bois-lumos\/\" \/>\n<meta property=\"og:site_name\" content=\"Woed\" \/>\n<meta property=\"article:publisher\" content=\"https:\/\/www.facebook.com\/Woedshop\/\" \/>\n<meta property=\"article:modified_time\" content=\"2025-10-22T08:49:23+00:00\" \/>\n<meta property=\"og:image\" content=\"https:\/\/woedonline.nl\/wp-content\/uploads\/2025\/10\/Woed-houten-armband-Lumos.jpg\" \/>\n\t<meta property=\"og:image:width\" content=\"800\" \/>\n\t<meta property=\"og:image:height\" content=\"800\" \/>\n\t<meta property=\"og:image:type\" content=\"image\/jpeg\" \/>\n<meta name=\"twitter:card\" content=\"summary_large_image\" \/>\n<meta name=\"twitter:label1\" content=\"Dur\u00e9e de lecture estim\u00e9e\" \/>\n\t<meta name=\"twitter:data1\" content=\"1 minute\" \/>\n<script type=\"application\/ld+json\" class=\"yoast-schema-graph\">{\"@context\":\"https:\\\/\\\/schema.org\",\"@graph\":[{\"@type\":\"WebPage\",\"@id\":\"https:\\\/\\\/woedonline.nl\\\/fr\\\/shop\\\/bracelet-en-bois\\\/bracelet-en-bois-lumos\\\/\",\"url\":\"https:\\\/\\\/woedonline.nl\\\/fr\\\/shop\\\/bracelet-en-bois\\\/bracelet-en-bois-lumos\\\/\",\"name\":\"Bracelet en bois | Lumos - Woed\",\"isPartOf\":{\"@id\":\"https:\\\/\\\/woedonline.nl\\\/fr\\\/#website\"},\"primaryImageOfPage\":{\"@id\":\"https:\\\/\\\/woedonline.nl\\\/fr\\\/shop\\\/bracelet-en-bois\\\/bracelet-en-bois-lumos\\\/#primaryimage\"},\"image\":{\"@id\":\"https:\\\/\\\/woedonline.nl\\\/fr\\\/shop\\\/bracelet-en-bois\\\/bracelet-en-bois-lumos\\\/#primaryimage\"},\"thumbnailUrl\":\"https:\\\/\\\/woedonline.nl\\\/wp-content\\\/uploads\\\/2025\\\/10\\\/Woed-houten-armband-Lumos.jpg\",\"datePublished\":\"2025-10-20T08:13:58+00:00\",\"dateModified\":\"2025-10-22T08:49:23+00:00\",\"description\":\"D\u00e9couvrez le bracelet en bois Woed Lumos - une combinaison \u00e9l\u00e9gante de bois de santal naturel et de maillons en m\u00e9tal argent\u00e9 brillant. Ce bracelet en bois fait \u00e0 la main respire l'\u00e9l\u00e9gance et le caract\u00e8re. Il est parfait pour ceux qui aiment un look naturel et moderne \u00e0 la fois.\",\"breadcrumb\":{\"@id\":\"https:\\\/\\\/woedonline.nl\\\/fr\\\/shop\\\/bracelet-en-bois\\\/bracelet-en-bois-lumos\\\/#breadcrumb\"},\"inLanguage\":\"fr-FR\",\"potentialAction\":[{\"@type\":\"ReadAction\",\"target\":[\"https:\\\/\\\/woedonline.nl\\\/fr\\\/shop\\\/bracelet-en-bois\\\/bracelet-en-bois-lumos\\\/\"]}]},{\"@type\":\"ImageObject\",\"inLanguage\":\"fr-FR\",\"@id\":\"https:\\\/\\\/woedonline.nl\\\/fr\\\/shop\\\/bracelet-en-bois\\\/bracelet-en-bois-lumos\\\/#primaryimage\",\"url\":\"https:\\\/\\\/woedonline.nl\\\/wp-content\\\/uploads\\\/2025\\\/10\\\/Woed-houten-armband-Lumos.jpg\",\"contentUrl\":\"https:\\\/\\\/woedonline.nl\\\/wp-content\\\/uploads\\\/2025\\\/10\\\/Woed-houten-armband-Lumos.jpg\",\"width\":800,\"height\":800},{\"@type\":\"BreadcrumbList\",\"@id\":\"https:\\\/\\\/woedonline.nl\\\/fr\\\/shop\\\/bracelet-en-bois\\\/bracelet-en-bois-lumos\\\/#breadcrumb\",\"itemListElement\":[{\"@type\":\"ListItem\",\"position\":1,\"name\":\"Accueil\",\"item\":\"https:\\\/\\\/woedonline.nl\\\/fr\\\/\"},{\"@type\":\"ListItem\",\"position\":2,\"name\":\"Boutique\",\"item\":\"https:\\\/\\\/woedonline.nl\\\/fr\\\/boutique\\\/\"},{\"@type\":\"ListItem\",\"position\":3,\"name\":\"Bracelet en bois | Lumos\"}]},{\"@type\":\"WebSite\",\"@id\":\"https:\\\/\\\/woedonline.nl\\\/fr\\\/#website\",\"url\":\"https:\\\/\\\/woedonline.nl\\\/fr\\\/\",\"name\":\"Woed\",\"description\":\"Kurk petten, houten horloges en houten zonnebrillen\",\"publisher\":{\"@id\":\"https:\\\/\\\/woedonline.nl\\\/fr\\\/#organization\"},\"alternateName\":\"W\",\"potentialAction\":[{\"@type\":\"SearchAction\",\"target\":{\"@type\":\"EntryPoint\",\"urlTemplate\":\"https:\\\/\\\/woedonline.nl\\\/fr\\\/?s={search_term_string}\"},\"query-input\":{\"@type\":\"PropertyValueSpecification\",\"valueRequired\":true,\"valueName\":\"search_term_string\"}}],\"inLanguage\":\"fr-FR\"},{\"@type\":\"Organization\",\"@id\":\"https:\\\/\\\/woedonline.nl\\\/fr\\\/#organization\",\"name\":\"Woed\",\"alternateName\":\"W\",\"url\":\"https:\\\/\\\/woedonline.nl\\\/fr\\\/\",\"logo\":{\"@type\":\"ImageObject\",\"inLanguage\":\"fr-FR\",\"@id\":\"https:\\\/\\\/woedonline.nl\\\/fr\\\/#\\\/schema\\\/logo\\\/image\\\/\",\"url\":\"https:\\\/\\\/woedonline.nl\\\/wp-content\\\/uploads\\\/2016\\\/05\\\/Wood-logo-name-png.png\",\"contentUrl\":\"https:\\\/\\\/woedonline.nl\\\/wp-content\\\/uploads\\\/2016\\\/05\\\/Wood-logo-name-png.png\",\"width\":250,\"height\":89,\"caption\":\"Woed\"},\"image\":{\"@id\":\"https:\\\/\\\/woedonline.nl\\\/fr\\\/#\\\/schema\\\/logo\\\/image\\\/\"},\"sameAs\":[\"https:\\\/\\\/www.facebook.com\\\/Woedshop\\\/\",\"https:\\\/\\\/www.instagram.com\\\/woed.eu\"]}]}<\/script>\n<!-- \/ Yoast SEO plugin. -->","yoast_head_json":{"title":"Bracelet en bois | Lumos - Woed","description":"D\u00e9couvrez le bracelet en bois Woed Lumos - une combinaison \u00e9l\u00e9gante de bois de santal naturel et de maillons en m\u00e9tal argent\u00e9 brillant. Ce bracelet en bois fait \u00e0 la main respire l'\u00e9l\u00e9gance et le caract\u00e8re. Il est parfait pour ceux qui aiment un look naturel et moderne \u00e0 la fois.","robots":{"index":"index","follow":"follow","max-snippet":"max-snippet:-1","max-image-preview":"max-image-preview:large","max-video-preview":"max-video-preview:-1"},"canonical":"https:\/\/woedonline.nl\/fr\/shop\/bracelet-en-bois\/bracelet-en-bois-lumos\/","og_locale":"fr_FR","og_type":"article","og_title":"Bracelet en bois | Lumos - Woed","og_description":"D\u00e9couvrez le bracelet en bois Woed Lumos - une combinaison \u00e9l\u00e9gante de bois de santal naturel et de maillons en m\u00e9tal argent\u00e9 brillant. Ce bracelet en bois fait \u00e0 la main respire l'\u00e9l\u00e9gance et le caract\u00e8re. Il est parfait pour ceux qui aiment un look naturel et moderne \u00e0 la fois.","og_url":"https:\/\/woedonline.nl\/fr\/shop\/bracelet-en-bois\/bracelet-en-bois-lumos\/","og_site_name":"Woed","article_publisher":"https:\/\/www.facebook.com\/Woedshop\/","article_modified_time":"2025-10-22T08:49:23+00:00","og_image":[{"width":800,"height":800,"url":"https:\/\/woedonline.nl\/wp-content\/uploads\/2025\/10\/Woed-houten-armband-Lumos.jpg","type":"image\/jpeg"}],"twitter_card":"summary_large_image","twitter_misc":{"Dur\u00e9e de lecture estim\u00e9e":"1 minute"},"schema":{"@context":"https:\/\/schema.org","@graph":[{"@type":"WebPage","@id":"https:\/\/woedonline.nl\/fr\/shop\/bracelet-en-bois\/bracelet-en-bois-lumos\/","url":"https:\/\/woedonline.nl\/fr\/shop\/bracelet-en-bois\/bracelet-en-bois-lumos\/","name":"Bracelet en bois | Lumos - Woed","isPartOf":{"@id":"https:\/\/woedonline.nl\/fr\/#website"},"primaryImageOfPage":{"@id":"https:\/\/woedonline.nl\/fr\/shop\/bracelet-en-bois\/bracelet-en-bois-lumos\/#primaryimage"},"image":{"@id":"https:\/\/woedonline.nl\/fr\/shop\/bracelet-en-bois\/bracelet-en-bois-lumos\/#primaryimage"},"thumbnailUrl":"https:\/\/woedonline.nl\/wp-content\/uploads\/2025\/10\/Woed-houten-armband-Lumos.jpg","datePublished":"2025-10-20T08:13:58+00:00","dateModified":"2025-10-22T08:49:23+00:00","description":"D\u00e9couvrez le bracelet en bois Woed Lumos - une combinaison \u00e9l\u00e9gante de bois de santal naturel et de maillons en m\u00e9tal argent\u00e9 brillant. Ce bracelet en bois fait \u00e0 la main respire l'\u00e9l\u00e9gance et le caract\u00e8re. Il est parfait pour ceux qui aiment un look naturel et moderne \u00e0 la fois.","breadcrumb":{"@id":"https:\/\/woedonline.nl\/fr\/shop\/bracelet-en-bois\/bracelet-en-bois-lumos\/#breadcrumb"},"inLanguage":"fr-FR","potentialAction":[{"@type":"ReadAction","target":["https:\/\/woedonline.nl\/fr\/shop\/bracelet-en-bois\/bracelet-en-bois-lumos\/"]}]},{"@type":"ImageObject","inLanguage":"fr-FR","@id":"https:\/\/woedonline.nl\/fr\/shop\/bracelet-en-bois\/bracelet-en-bois-lumos\/#primaryimage","url":"https:\/\/woedonline.nl\/wp-content\/uploads\/2025\/10\/Woed-houten-armband-Lumos.jpg","contentUrl":"https:\/\/woedonline.nl\/wp-content\/uploads\/2025\/10\/Woed-houten-armband-Lumos.jpg","width":800,"height":800},{"@type":"BreadcrumbList","@id":"https:\/\/woedonline.nl\/fr\/shop\/bracelet-en-bois\/bracelet-en-bois-lumos\/#breadcrumb","itemListElement":[{"@type":"ListItem","position":1,"name":"Accueil","item":"https:\/\/woedonline.nl\/fr\/"},{"@type":"ListItem","position":2,"name":"Boutique","item":"https:\/\/woedonline.nl\/fr\/boutique\/"},{"@type":"ListItem","position":3,"name":"Bracelet en bois | Lumos"}]},{"@type":"WebSite","@id":"https:\/\/woedonline.nl\/fr\/#website","url":"https:\/\/woedonline.nl\/fr\/","name":"Woed","description":"Kurk petten, houten horloges en houten zonnebrillen","publisher":{"@id":"https:\/\/woedonline.nl\/fr\/#organization"},"alternateName":"W","potentialAction":[{"@type":"SearchAction","target":{"@type":"EntryPoint","urlTemplate":"https:\/\/woedonline.nl\/fr\/?s={search_term_string}"},"query-input":{"@type":"PropertyValueSpecification","valueRequired":true,"valueName":"search_term_string"}}],"inLanguage":"fr-FR"},{"@type":"Organization","@id":"https:\/\/woedonline.nl\/fr\/#organization","name":"Woed","alternateName":"W","url":"https:\/\/woedonline.nl\/fr\/","logo":{"@type":"ImageObject","inLanguage":"fr-FR","@id":"https:\/\/woedonline.nl\/fr\/#\/schema\/logo\/image\/","url":"https:\/\/woedonline.nl\/wp-content\/uploads\/2016\/05\/Wood-logo-name-png.png","contentUrl":"https:\/\/woedonline.nl\/wp-content\/uploads\/2016\/05\/Wood-logo-name-png.png","width":250,"height":89,"caption":"Woed"},"image":{"@id":"https:\/\/woedonline.nl\/fr\/#\/schema\/logo\/image\/"},"sameAs":["https:\/\/www.facebook.com\/Woedshop\/","https:\/\/www.instagram.com\/woed.eu"]}]}},"_links":{"self":[{"href":"https:\/\/woedonline.nl\/fr\/wp-json\/wp\/v2\/product\/400196","targetHints":{"allow":["GET"]}}],"collection":[{"href":"https:\/\/woedonline.nl\/fr\/wp-json\/wp\/v2\/product"}],"about":[{"href":"https:\/\/woedonline.nl\/fr\/wp-json\/wp\/v2\/types\/product"}],"replies":[{"embeddable":true,"href":"https:\/\/woedonline.nl\/fr\/wp-json\/wp\/v2\/comments?post=400196"}],"wp:featuredmedia":[{"embeddable":true,"href":"https:\/\/woedonline.nl\/fr\/wp-json\/wp\/v2\/media\/400208"}],"wp:attachment":[{"href":"https:\/\/woedonline.nl\/fr\/wp-json\/wp\/v2\/media?parent=400196"}],"wp:term":[{"taxonomy":"product_brand","embeddable":true,"href":"https:\/\/woedonline.nl\/fr\/wp-json\/wp\/v2\/product_brand?post=400196"},{"taxonomy":"product_cat","embeddable":true,"href":"https:\/\/woedonline.nl\/fr\/wp-json\/wp\/v2\/product_cat?post=400196"},{"taxonomy":"product_tag","embeddable":true,"href":"https:\/\/woedonline.nl\/fr\/wp-json\/wp\/v2\/product_tag?post=400196"}],"curies":[{"name":"wp","href":"https:\/\/api.w.org\/{rel}","templated":true}]}}