{"id":389094,"date":"2025-07-29T16:23:36","date_gmt":"2025-07-29T14:23:36","guid":{"rendered":"https:\/\/woedonline.nl\/shop\/non%20class\u00e9\/combinaison-troisieme-oeil-trippant\/"},"modified":"2025-10-24T11:21:08","modified_gmt":"2025-10-24T09:21:08","slug":"combinaison-troisieme-oeil-trippant","status":"publish","type":"product","link":"https:\/\/woedonline.nl\/fr\/shop\/toutes-les-capsules\/ensembles-combines\/combinaison-troisieme-oeil-trippant\/","title":{"rendered":"Combinaison | Troisi\u00e8me \u0153il trippant"},"content":{"rendered":"<p data-start=\"0\" data-end=\"57\"><strong data-start=\"0\" data-end=\"57\">Combinaison de bonnets pour le troisi\u00e8me \u0153il - adulte et junior<\/strong><\/p>\n<p data-start=\"59\" data-end=\"355\">Jumeler, c&rsquo;est gagner ! Avec la <strong data-start=\"87\" data-end=\"123\">combinaison Trippy Third Eye Caps<\/strong>, vous et votre mini-moi \u00eates s\u00fbrs de voler la vedette. Ce set unique comprend une casquette adulte et une casquette junior dans le m\u00eame design accrocheur de l&rsquo;artiste <strong data-start=\"279\" data-end=\"296\">Lei Melendres<\/strong> - parfait pour les parents et les enfants qui veulent briller ensemble.  <\/p>\n<p data-start=\"357\" data-end=\"391\"><strong data-start=\"357\" data-end=\"391\">Pourquoi choisir cette combinaison ?<\/strong><\/p>\n<p data-start=\"393\" data-end=\"593\"><strong data-start=\"396\" data-end=\"417\">\ud83e\udde0 Design exclusif :<\/strong><br data-start=\"417\" data-end=\"420\">En collaboration avec l&rsquo;illustrateur philippin Lei Melendres - connu pour ses gribouillis hyper d\u00e9taill\u00e9s et imaginatifs - cette casquette est une v\u00e9ritable \u0153uvre d&rsquo;art pour votre t\u00eate.<\/p>\n<p data-start=\"595\" data-end=\"746\">\ud83d\udc68\u200d\ud83d\udc67 <strong data-start=\"601\" data-end=\"624\">Pour les grands et les petits :<\/strong><br data-start=\"624\" data-end=\"627\">L&rsquo;ensemble comprend une casquette en taille adulte et une en taille junior. Ainsi, vous serez toujours en phase les uns avec les autres.<\/p>\n<p data-start=\"748\" data-end=\"861\"><strong data-start=\"751\" data-end=\"775\">\ud83c\udf31 Mat\u00e9riaux durables :<\/strong><br data-start=\"775\" data-end=\"778\">Fabriqu\u00e9 en tissu de chanvre respirant et robuste - un choix conscient pour les personnes et l&rsquo;environnement.<\/p>\n<p data-start=\"863\" data-end=\"985\">\ud83d\udd12 <strong data-start=\"866\" data-end=\"887\">Perfect Fit :<\/strong><br data-start=\"887\" data-end=\"890\">Gr\u00e2ce \u00e0 la fermeture \u00e0 bouton-pression r\u00e9glable, les casquettes s&rsquo;adaptent toujours confortablement, quel que soit le tour de t\u00eate.<\/p>\n<p data-start=\"987\" data-end=\"1145\"><strong data-start=\"987\" data-end=\"1145\">Que vous alliez en ville ensemble pour une journ\u00e9e, que vous assistiez \u00e0 un festival ou que vous souhaitiez simplement vivre la m\u00eame chose, ces casquettes feront de vous une \u00e9quipe \u00e9l\u00e9gante.<\/strong><\/p>\n<p data-start=\"1147\" data-end=\"1238\">\ud83c\udf81 <strong data-start=\"1150\" data-end=\"1164\">Conseil cadeau :<\/strong> Un cadeau original pour un p\u00e8re\/m\u00e8re avec enfant - amusant et \u00e0 la mode !<\/p>\n<p data-start=\"1240\" data-end=\"1327\" data-is-last-node=\"\" data-is-only-node=\"\">\ud83d\uded2  <strong data-start=\"1243\" data-end=\"1327\" data-is-last-node=\"\">N&rsquo;attendez pas trop longtemps - parti = parti ! Commandez maintenant et cr\u00e9ez ensemble un look inoubliable. <\/strong><\/p>\n","protected":false},"excerpt":{"rendered":"<p><i class=\"icon-checkmark\" style=\"color: green;\"><\/i><br \/>\n<i class=\"icon-checkmark\" style=\"color: green;\"><\/i><br \/>\n<i class=\"icon-checkmark\" style=\"color: green;\"><\/i><br \/>\n<i class=\"icon-checkmark\" style=\"color: green;\"><\/i><br \/>\n<i class=\"icon-checkmark\" style=\"color: green;\"><\/i><br \/>\n<i class=\"icon-checkmark\" style=\"color: green;\"><\/i><br \/>\n<i class=\"icon-heart-o\" style=\"color: red;\"><\/i> Casquette \u00e0 6 panneaux Ensemble adulte et junior Mat\u00e9riau de haute qualit\u00e9 100 % naturel Fabriqu\u00e9 avec du vrai li\u00e8ge L\u00e9ger et confortable Con\u00e7u aux Pays-Bas<\/p>\n","protected":false},"featured_media":389305,"comment_status":"open","ping_status":"closed","template":"","meta":[],"product_brand":[],"product_cat":[1209,733],"product_tag":[],"class_list":{"0":"post-389094","1":"product","2":"type-product","3":"status-publish","4":"has-post-thumbnail","6":"product_cat-ensembles-combines","7":"product_cat-toutes-les-capsules","8":"product_shipping_class-paquet","10":"first","11":"instock","12":"taxable","13":"shipping-taxable","14":"purchasable","15":"product-type-simple"},"yoast_head":"<!-- This site is optimized with the Yoast SEO plugin v27.4 - https:\/\/yoast.com\/product\/yoast-seo-wordpress\/ -->\n<title>Combinaison | Troisi\u00e8me \u0153il trippant - Woed<\/title>\n<meta name=\"description\" content=\"Jumeler, c&#039;est gagner ! Avec la combinaison Trippy Third Eye Caps, vous et votre mini-moi \u00eates s\u00fbrs de voler la vedette. Ce set unique comprend une casquette adulte et une casquette junior dans le m\u00eame design accrocheur de l&#039;artiste Lei Melendres - parfait pour les parents et les enfants qui veulent briller ensemble.\" \/>\n<meta name=\"robots\" content=\"index, follow, max-snippet:-1, max-image-preview:large, max-video-preview:-1\" \/>\n<link rel=\"canonical\" href=\"https:\/\/woedonline.nl\/fr\/shop\/toutes-les-capsules\/ensembles-combines\/combinaison-troisieme-oeil-trippant\/\" \/>\n<meta property=\"og:locale\" content=\"fr_FR\" \/>\n<meta property=\"og:type\" content=\"article\" \/>\n<meta property=\"og:title\" content=\"Combinaison | Troisi\u00e8me \u0153il trippant - Woed\" \/>\n<meta property=\"og:description\" content=\"Jumeler, c&#039;est gagner ! Avec la combinaison Trippy Third Eye Caps, vous et votre mini-moi \u00eates s\u00fbrs de voler la vedette. Ce set unique comprend une casquette adulte et une casquette junior dans le m\u00eame design accrocheur de l&#039;artiste Lei Melendres - parfait pour les parents et les enfants qui veulent briller ensemble.\" \/>\n<meta property=\"og:url\" content=\"https:\/\/woedonline.nl\/fr\/shop\/toutes-les-capsules\/ensembles-combines\/combinaison-troisieme-oeil-trippant\/\" \/>\n<meta property=\"og:site_name\" content=\"Woed\" \/>\n<meta property=\"article:publisher\" content=\"https:\/\/www.facebook.com\/Woedshop\/\" \/>\n<meta property=\"article:modified_time\" content=\"2025-10-24T09:21:08+00:00\" \/>\n<meta property=\"og:image\" content=\"https:\/\/woedonline.nl\/wp-content\/uploads\/2025\/07\/Woed-snapback-Trippy-Third-Eye-combi.jpg\" \/>\n\t<meta property=\"og:image:width\" content=\"800\" \/>\n\t<meta property=\"og:image:height\" content=\"800\" \/>\n\t<meta property=\"og:image:type\" content=\"image\/jpeg\" \/>\n<meta name=\"twitter:card\" content=\"summary_large_image\" \/>\n<meta name=\"twitter:label1\" content=\"Dur\u00e9e de lecture estim\u00e9e\" \/>\n\t<meta name=\"twitter:data1\" content=\"1 minute\" \/>\n<script type=\"application\/ld+json\" class=\"yoast-schema-graph\">{\"@context\":\"https:\\\/\\\/schema.org\",\"@graph\":[{\"@type\":\"WebPage\",\"@id\":\"https:\\\/\\\/woedonline.nl\\\/fr\\\/shop\\\/toutes-les-capsules\\\/ensembles-combines\\\/combinaison-troisieme-oeil-trippant\\\/\",\"url\":\"https:\\\/\\\/woedonline.nl\\\/fr\\\/shop\\\/toutes-les-capsules\\\/ensembles-combines\\\/combinaison-troisieme-oeil-trippant\\\/\",\"name\":\"Combinaison | Troisi\u00e8me \u0153il trippant - Woed\",\"isPartOf\":{\"@id\":\"https:\\\/\\\/woedonline.nl\\\/fr\\\/#website\"},\"primaryImageOfPage\":{\"@id\":\"https:\\\/\\\/woedonline.nl\\\/fr\\\/shop\\\/toutes-les-capsules\\\/ensembles-combines\\\/combinaison-troisieme-oeil-trippant\\\/#primaryimage\"},\"image\":{\"@id\":\"https:\\\/\\\/woedonline.nl\\\/fr\\\/shop\\\/toutes-les-capsules\\\/ensembles-combines\\\/combinaison-troisieme-oeil-trippant\\\/#primaryimage\"},\"thumbnailUrl\":\"https:\\\/\\\/woedonline.nl\\\/wp-content\\\/uploads\\\/2025\\\/07\\\/Woed-snapback-Trippy-Third-Eye-combi.jpg\",\"datePublished\":\"2025-07-29T14:23:36+00:00\",\"dateModified\":\"2025-10-24T09:21:08+00:00\",\"description\":\"Jumeler, c'est gagner ! Avec la combinaison Trippy Third Eye Caps, vous et votre mini-moi \u00eates s\u00fbrs de voler la vedette. Ce set unique comprend une casquette adulte et une casquette junior dans le m\u00eame design accrocheur de l'artiste Lei Melendres - parfait pour les parents et les enfants qui veulent briller ensemble.\",\"breadcrumb\":{\"@id\":\"https:\\\/\\\/woedonline.nl\\\/fr\\\/shop\\\/toutes-les-capsules\\\/ensembles-combines\\\/combinaison-troisieme-oeil-trippant\\\/#breadcrumb\"},\"inLanguage\":\"fr-FR\",\"potentialAction\":[{\"@type\":\"ReadAction\",\"target\":[\"https:\\\/\\\/woedonline.nl\\\/fr\\\/shop\\\/toutes-les-capsules\\\/ensembles-combines\\\/combinaison-troisieme-oeil-trippant\\\/\"]}]},{\"@type\":\"ImageObject\",\"inLanguage\":\"fr-FR\",\"@id\":\"https:\\\/\\\/woedonline.nl\\\/fr\\\/shop\\\/toutes-les-capsules\\\/ensembles-combines\\\/combinaison-troisieme-oeil-trippant\\\/#primaryimage\",\"url\":\"https:\\\/\\\/woedonline.nl\\\/wp-content\\\/uploads\\\/2025\\\/07\\\/Woed-snapback-Trippy-Third-Eye-combi.jpg\",\"contentUrl\":\"https:\\\/\\\/woedonline.nl\\\/wp-content\\\/uploads\\\/2025\\\/07\\\/Woed-snapback-Trippy-Third-Eye-combi.jpg\",\"width\":800,\"height\":800},{\"@type\":\"BreadcrumbList\",\"@id\":\"https:\\\/\\\/woedonline.nl\\\/fr\\\/shop\\\/toutes-les-capsules\\\/ensembles-combines\\\/combinaison-troisieme-oeil-trippant\\\/#breadcrumb\",\"itemListElement\":[{\"@type\":\"ListItem\",\"position\":1,\"name\":\"Accueil\",\"item\":\"https:\\\/\\\/woedonline.nl\\\/fr\\\/\"},{\"@type\":\"ListItem\",\"position\":2,\"name\":\"Boutique\",\"item\":\"https:\\\/\\\/woedonline.nl\\\/fr\\\/boutique\\\/\"},{\"@type\":\"ListItem\",\"position\":3,\"name\":\"Combinaison | Troisi\u00e8me \u0153il trippant\"}]},{\"@type\":\"WebSite\",\"@id\":\"https:\\\/\\\/woedonline.nl\\\/fr\\\/#website\",\"url\":\"https:\\\/\\\/woedonline.nl\\\/fr\\\/\",\"name\":\"Woed\",\"description\":\"Kurk petten, houten horloges en houten zonnebrillen\",\"publisher\":{\"@id\":\"https:\\\/\\\/woedonline.nl\\\/fr\\\/#organization\"},\"alternateName\":\"W\",\"potentialAction\":[{\"@type\":\"SearchAction\",\"target\":{\"@type\":\"EntryPoint\",\"urlTemplate\":\"https:\\\/\\\/woedonline.nl\\\/fr\\\/?s={search_term_string}\"},\"query-input\":{\"@type\":\"PropertyValueSpecification\",\"valueRequired\":true,\"valueName\":\"search_term_string\"}}],\"inLanguage\":\"fr-FR\"},{\"@type\":\"Organization\",\"@id\":\"https:\\\/\\\/woedonline.nl\\\/fr\\\/#organization\",\"name\":\"Woed\",\"alternateName\":\"W\",\"url\":\"https:\\\/\\\/woedonline.nl\\\/fr\\\/\",\"logo\":{\"@type\":\"ImageObject\",\"inLanguage\":\"fr-FR\",\"@id\":\"https:\\\/\\\/woedonline.nl\\\/fr\\\/#\\\/schema\\\/logo\\\/image\\\/\",\"url\":\"https:\\\/\\\/woedonline.nl\\\/wp-content\\\/uploads\\\/2016\\\/05\\\/Wood-logo-name-png.png\",\"contentUrl\":\"https:\\\/\\\/woedonline.nl\\\/wp-content\\\/uploads\\\/2016\\\/05\\\/Wood-logo-name-png.png\",\"width\":250,\"height\":89,\"caption\":\"Woed\"},\"image\":{\"@id\":\"https:\\\/\\\/woedonline.nl\\\/fr\\\/#\\\/schema\\\/logo\\\/image\\\/\"},\"sameAs\":[\"https:\\\/\\\/www.facebook.com\\\/Woedshop\\\/\",\"https:\\\/\\\/www.instagram.com\\\/woed.eu\"]}]}<\/script>\n<!-- \/ Yoast SEO plugin. -->","yoast_head_json":{"title":"Combinaison | Troisi\u00e8me \u0153il trippant - Woed","description":"Jumeler, c'est gagner ! Avec la combinaison Trippy Third Eye Caps, vous et votre mini-moi \u00eates s\u00fbrs de voler la vedette. Ce set unique comprend une casquette adulte et une casquette junior dans le m\u00eame design accrocheur de l'artiste Lei Melendres - parfait pour les parents et les enfants qui veulent briller ensemble.","robots":{"index":"index","follow":"follow","max-snippet":"max-snippet:-1","max-image-preview":"max-image-preview:large","max-video-preview":"max-video-preview:-1"},"canonical":"https:\/\/woedonline.nl\/fr\/shop\/toutes-les-capsules\/ensembles-combines\/combinaison-troisieme-oeil-trippant\/","og_locale":"fr_FR","og_type":"article","og_title":"Combinaison | Troisi\u00e8me \u0153il trippant - Woed","og_description":"Jumeler, c'est gagner ! Avec la combinaison Trippy Third Eye Caps, vous et votre mini-moi \u00eates s\u00fbrs de voler la vedette. Ce set unique comprend une casquette adulte et une casquette junior dans le m\u00eame design accrocheur de l'artiste Lei Melendres - parfait pour les parents et les enfants qui veulent briller ensemble.","og_url":"https:\/\/woedonline.nl\/fr\/shop\/toutes-les-capsules\/ensembles-combines\/combinaison-troisieme-oeil-trippant\/","og_site_name":"Woed","article_publisher":"https:\/\/www.facebook.com\/Woedshop\/","article_modified_time":"2025-10-24T09:21:08+00:00","og_image":[{"width":800,"height":800,"url":"https:\/\/woedonline.nl\/wp-content\/uploads\/2025\/07\/Woed-snapback-Trippy-Third-Eye-combi.jpg","type":"image\/jpeg"}],"twitter_card":"summary_large_image","twitter_misc":{"Dur\u00e9e de lecture estim\u00e9e":"1 minute"},"schema":{"@context":"https:\/\/schema.org","@graph":[{"@type":"WebPage","@id":"https:\/\/woedonline.nl\/fr\/shop\/toutes-les-capsules\/ensembles-combines\/combinaison-troisieme-oeil-trippant\/","url":"https:\/\/woedonline.nl\/fr\/shop\/toutes-les-capsules\/ensembles-combines\/combinaison-troisieme-oeil-trippant\/","name":"Combinaison | Troisi\u00e8me \u0153il trippant - Woed","isPartOf":{"@id":"https:\/\/woedonline.nl\/fr\/#website"},"primaryImageOfPage":{"@id":"https:\/\/woedonline.nl\/fr\/shop\/toutes-les-capsules\/ensembles-combines\/combinaison-troisieme-oeil-trippant\/#primaryimage"},"image":{"@id":"https:\/\/woedonline.nl\/fr\/shop\/toutes-les-capsules\/ensembles-combines\/combinaison-troisieme-oeil-trippant\/#primaryimage"},"thumbnailUrl":"https:\/\/woedonline.nl\/wp-content\/uploads\/2025\/07\/Woed-snapback-Trippy-Third-Eye-combi.jpg","datePublished":"2025-07-29T14:23:36+00:00","dateModified":"2025-10-24T09:21:08+00:00","description":"Jumeler, c'est gagner ! Avec la combinaison Trippy Third Eye Caps, vous et votre mini-moi \u00eates s\u00fbrs de voler la vedette. Ce set unique comprend une casquette adulte et une casquette junior dans le m\u00eame design accrocheur de l'artiste Lei Melendres - parfait pour les parents et les enfants qui veulent briller ensemble.","breadcrumb":{"@id":"https:\/\/woedonline.nl\/fr\/shop\/toutes-les-capsules\/ensembles-combines\/combinaison-troisieme-oeil-trippant\/#breadcrumb"},"inLanguage":"fr-FR","potentialAction":[{"@type":"ReadAction","target":["https:\/\/woedonline.nl\/fr\/shop\/toutes-les-capsules\/ensembles-combines\/combinaison-troisieme-oeil-trippant\/"]}]},{"@type":"ImageObject","inLanguage":"fr-FR","@id":"https:\/\/woedonline.nl\/fr\/shop\/toutes-les-capsules\/ensembles-combines\/combinaison-troisieme-oeil-trippant\/#primaryimage","url":"https:\/\/woedonline.nl\/wp-content\/uploads\/2025\/07\/Woed-snapback-Trippy-Third-Eye-combi.jpg","contentUrl":"https:\/\/woedonline.nl\/wp-content\/uploads\/2025\/07\/Woed-snapback-Trippy-Third-Eye-combi.jpg","width":800,"height":800},{"@type":"BreadcrumbList","@id":"https:\/\/woedonline.nl\/fr\/shop\/toutes-les-capsules\/ensembles-combines\/combinaison-troisieme-oeil-trippant\/#breadcrumb","itemListElement":[{"@type":"ListItem","position":1,"name":"Accueil","item":"https:\/\/woedonline.nl\/fr\/"},{"@type":"ListItem","position":2,"name":"Boutique","item":"https:\/\/woedonline.nl\/fr\/boutique\/"},{"@type":"ListItem","position":3,"name":"Combinaison | Troisi\u00e8me \u0153il trippant"}]},{"@type":"WebSite","@id":"https:\/\/woedonline.nl\/fr\/#website","url":"https:\/\/woedonline.nl\/fr\/","name":"Woed","description":"Kurk petten, houten horloges en houten zonnebrillen","publisher":{"@id":"https:\/\/woedonline.nl\/fr\/#organization"},"alternateName":"W","potentialAction":[{"@type":"SearchAction","target":{"@type":"EntryPoint","urlTemplate":"https:\/\/woedonline.nl\/fr\/?s={search_term_string}"},"query-input":{"@type":"PropertyValueSpecification","valueRequired":true,"valueName":"search_term_string"}}],"inLanguage":"fr-FR"},{"@type":"Organization","@id":"https:\/\/woedonline.nl\/fr\/#organization","name":"Woed","alternateName":"W","url":"https:\/\/woedonline.nl\/fr\/","logo":{"@type":"ImageObject","inLanguage":"fr-FR","@id":"https:\/\/woedonline.nl\/fr\/#\/schema\/logo\/image\/","url":"https:\/\/woedonline.nl\/wp-content\/uploads\/2016\/05\/Wood-logo-name-png.png","contentUrl":"https:\/\/woedonline.nl\/wp-content\/uploads\/2016\/05\/Wood-logo-name-png.png","width":250,"height":89,"caption":"Woed"},"image":{"@id":"https:\/\/woedonline.nl\/fr\/#\/schema\/logo\/image\/"},"sameAs":["https:\/\/www.facebook.com\/Woedshop\/","https:\/\/www.instagram.com\/woed.eu"]}]}},"_links":{"self":[{"href":"https:\/\/woedonline.nl\/fr\/wp-json\/wp\/v2\/product\/389094","targetHints":{"allow":["GET"]}}],"collection":[{"href":"https:\/\/woedonline.nl\/fr\/wp-json\/wp\/v2\/product"}],"about":[{"href":"https:\/\/woedonline.nl\/fr\/wp-json\/wp\/v2\/types\/product"}],"replies":[{"embeddable":true,"href":"https:\/\/woedonline.nl\/fr\/wp-json\/wp\/v2\/comments?post=389094"}],"wp:featuredmedia":[{"embeddable":true,"href":"https:\/\/woedonline.nl\/fr\/wp-json\/wp\/v2\/media\/389305"}],"wp:attachment":[{"href":"https:\/\/woedonline.nl\/fr\/wp-json\/wp\/v2\/media?parent=389094"}],"wp:term":[{"taxonomy":"product_brand","embeddable":true,"href":"https:\/\/woedonline.nl\/fr\/wp-json\/wp\/v2\/product_brand?post=389094"},{"taxonomy":"product_cat","embeddable":true,"href":"https:\/\/woedonline.nl\/fr\/wp-json\/wp\/v2\/product_cat?post=389094"},{"taxonomy":"product_tag","embeddable":true,"href":"https:\/\/woedonline.nl\/fr\/wp-json\/wp\/v2\/product_tag?post=389094"}],"curies":[{"name":"wp","href":"https:\/\/api.w.org\/{rel}","templated":true}]}}