{"id":388835,"date":"2025-07-03T09:02:16","date_gmt":"2025-07-03T07:02:16","guid":{"rendered":"https:\/\/woedonline.nl\/shop\/non%20class\u00e9\/strapback-wotto-gris\/"},"modified":"2025-12-11T22:52:00","modified_gmt":"2025-12-11T21:52:00","slug":"strapback-wotto-gris","status":"publish","type":"product","link":"https:\/\/woedonline.nl\/fr\/shop\/toutes-les-capsules\/strapback-fr\/strapback-wotto-gris\/","title":{"rendered":"Snapback | WOTTO - Gris"},"content":{"rendered":"<p data-start=\"0\" data-end=\"92\">Woed <strong data-start=\"0\" data-end=\"29\">Snapback Cap - WOTTO<\/strong><br data-start=\"29\" data-end=\"32\" \/>Design unique | D\u00e9tails artistiques | Coupe confortable<\/p>\n<p data-start=\"94\" data-end=\"501\">D\u00e9couvrez la <strong data-start=\"104\" data-end=\"131\">casquette snapback Woed WOTTO<\/strong>, un v\u00e9ritable accroche-regard au sein de notre collection. Fabriqu\u00e9e en <strong data-start=\"226\" data-end=\"240\">acrylique<\/strong> de haute qualit\u00e9, cette snapback grise allie style et cr\u00e9ativit\u00e9. Le <strong data-start=\"283\" data-end=\"325\">logo Woed en relief sur le devant<\/strong> est con\u00e7u dans le style reconnaissable de l&rsquo;artiste am\u00e9ricain <strong data-start=\"394\" data-end=\"419\">Wotto (Craig Watkins)<\/strong> - connu pour ses illustrations distinctives et ludiques pleines de caract\u00e8re et d&rsquo;histoire.<\/p>\n<p data-start=\"503\" data-end=\"864\">La <strong data-start=\"506\" data-end=\"583\">partie sup\u00e9rieure du rabat est recouverte d&rsquo;une couche de li\u00e8ge v\u00e9ritable de couleur brun clair<\/strong>, ce qui lui conf\u00e8re un aspect naturel et unique. Mais la vraie surprise se trouve en bas : vous y trouverez une <strong data-start=\"713\" data-end=\"730\">illustration<\/strong> exclusive <strong data-start=\"713\" data-end=\"730\">de Wotto<\/strong>, sp\u00e9cialement con\u00e7ue pour cette casquette. Un clin d&rsquo;\u0153il subtil \u00e0 son style de gribouillage populaire, plein de personnages cr\u00e9atifs et d&rsquo;histoires cach\u00e9es.<\/p>\n<p data-start=\"866\" data-end=\"1000\">La casquette est dot\u00e9e d&rsquo;une <strong data-start=\"912\" data-end=\"951\">fermeture r\u00e9glable en tissu \u00e0<\/strong> l&rsquo;arri\u00e8re, ce qui lui permet de s&rsquo;adapter parfaitement \u00e0 toutes les tailles de t\u00eate.<\/p>\n<p data-start=\"1002\" data-end=\"1332\"><strong data-start=\"1002\" data-end=\"1017\">\u00c0 propos de Wotto :<\/strong><br data-start=\"1017\" data-end=\"1020\" \/>Wotto - alias Craig Watkins - est un illustrateur ind\u00e9pendant bas\u00e9 \u00e0 Los Angeles (originaire du Royaume-Uni) dont la carri\u00e8re internationale est impressionnante. Son travail se caract\u00e9rise par des personnages joyeux, des lignes d\u00e9taill\u00e9es et un style unique appr\u00e9ci\u00e9 dans le monde entier sur les v\u00eatements, les accessoires et les marchandises.<\/p>\n<p data-start=\"1334\" data-end=\"1377\"><strong data-start=\"1334\" data-end=\"1375\">Pourquoi choisir la casquette Woed WOTTO ?<\/strong><\/p>\n<ul data-start=\"1378\" data-end=\"1684\">\n<li data-start=\"1378\" data-end=\"1435\">\n<p data-start=\"1380\" data-end=\"1435\">Conception originale en collaboration avec l&rsquo;artiste Wotto<\/p>\n<\/li>\n<li data-start=\"1436\" data-end=\"1494\">\n<p data-start=\"1438\" data-end=\"1494\">Confortable gr\u00e2ce \u00e0 la sangle r\u00e9glable en tissu<\/p>\n<\/li>\n<li data-start=\"1495\" data-end=\"1530\">\n<p data-start=\"1497\" data-end=\"1530\">Fabriqu\u00e9 en tissu acrylique durable<\/p>\n<\/li>\n<li data-start=\"1531\" data-end=\"1580\">\n<p data-start=\"1533\" data-end=\"1580\">Couleur grise facile \u00e0 combiner<\/p>\n<\/li>\n<li data-start=\"1581\" data-end=\"1623\">\n<p data-start=\"1583\" data-end=\"1623\">Une couverture inf\u00e9rieure unique avec une \u0153uvre d&rsquo;art exclusive<\/p>\n<\/li>\n<li data-start=\"1624\" data-end=\"1684\">\n<p data-start=\"1626\" data-end=\"1684\">Rabat en li\u00e8ge brun clair pour un aspect naturel<\/p>\n<\/li>\n<\/ul>\n<p data-start=\"1686\" data-end=\"1921\"><strong data-start=\"1686\" data-end=\"1729\">Vous cherchez une casquette unique avec une histoire ?<\/strong><br data-start=\"1729\" data-end=\"1732\" \/>De <strong data-start=\"1735\" data-end=\"1758\">Woed WOTTO snapback<\/strong> est parfaite pour les amateurs de streetwear, d&rsquo;art et de collaborations uniques. Combinez cr\u00e9ativit\u00e9 et confort et laissez votre style s&rsquo;exprimer avec cette casquette artistique.<\/p>\n","protected":false},"excerpt":{"rendered":"<p><i class=\"ri-checkbox-circle-fill\" data-text-color=\"primary\"><\/i>Taille adulte 56-62cm<\/p>\n<p><i class=\"ri-checkbox-circle-fill\" data-text-color=\"primary\"><\/i> Fabriqu\u00e9 en li\u00e8ge v\u00e9ritable<\/p>\n<p><i class=\"ri-checkbox-circle-fill\" data-text-color=\"primary\"><\/i> Mat\u00e9riaux de haute qualit\u00e9<\/p>\n","protected":false},"featured_media":388854,"comment_status":"open","ping_status":"closed","template":"","meta":[],"product_brand":[],"product_cat":[733,1098],"product_tag":[],"class_list":{"0":"post-388835","1":"product","2":"type-product","3":"status-publish","4":"has-post-thumbnail","6":"product_cat-toutes-les-capsules","7":"product_cat-strapback-fr","8":"product_shipping_class-paquet","10":"first","11":"instock","12":"taxable","13":"shipping-taxable","14":"purchasable","15":"product-type-simple"},"yoast_head":"<!-- This site is optimized with the Yoast SEO plugin v27.3 - https:\/\/yoast.com\/product\/yoast-seo-wordpress\/ -->\n<title>Snapback | WOTTO - Gris - Woed<\/title>\n<meta name=\"description\" content=\"D\u00e9couvrez la casquette snapback Woed WOTTO, qui attire tous les regards dans notre collection. Fabriqu\u00e9e en acrylique de haute qualit\u00e9, cette snapback grise allie style et cr\u00e9ativit\u00e9.\" \/>\n<meta name=\"robots\" content=\"index, follow, max-snippet:-1, max-image-preview:large, max-video-preview:-1\" \/>\n<link rel=\"canonical\" href=\"https:\/\/woedonline.nl\/fr\/shop\/toutes-les-capsules\/strapback-fr\/strapback-wotto-gris\/\" \/>\n<meta property=\"og:locale\" content=\"fr_FR\" \/>\n<meta property=\"og:type\" content=\"article\" \/>\n<meta property=\"og:title\" content=\"Snapback | WOTTO - Gris - Woed\" \/>\n<meta property=\"og:description\" content=\"D\u00e9couvrez la casquette snapback Woed WOTTO, qui attire tous les regards dans notre collection. Fabriqu\u00e9e en acrylique de haute qualit\u00e9, cette snapback grise allie style et cr\u00e9ativit\u00e9.\" \/>\n<meta property=\"og:url\" content=\"https:\/\/woedonline.nl\/fr\/shop\/toutes-les-capsules\/strapback-fr\/strapback-wotto-gris\/\" \/>\n<meta property=\"og:site_name\" content=\"Woed\" \/>\n<meta property=\"article:publisher\" content=\"https:\/\/www.facebook.com\/Woedshop\/\" \/>\n<meta property=\"article:modified_time\" content=\"2025-12-11T21:52:00+00:00\" \/>\n<meta property=\"og:image\" content=\"https:\/\/woedonline.nl\/wp-content\/uploads\/2025\/07\/Strapback-Wotto-Grey.jpg\" \/>\n\t<meta property=\"og:image:width\" content=\"600\" \/>\n\t<meta property=\"og:image:height\" content=\"600\" \/>\n\t<meta property=\"og:image:type\" content=\"image\/jpeg\" \/>\n<meta name=\"twitter:card\" content=\"summary_large_image\" \/>\n<meta name=\"twitter:label1\" content=\"Dur\u00e9e de lecture estim\u00e9e\" \/>\n\t<meta name=\"twitter:data1\" content=\"2 minutes\" \/>\n<script type=\"application\/ld+json\" class=\"yoast-schema-graph\">{\"@context\":\"https:\\\/\\\/schema.org\",\"@graph\":[{\"@type\":\"WebPage\",\"@id\":\"https:\\\/\\\/woedonline.nl\\\/fr\\\/shop\\\/toutes-les-capsules\\\/strapback-fr\\\/strapback-wotto-gris\\\/\",\"url\":\"https:\\\/\\\/woedonline.nl\\\/fr\\\/shop\\\/toutes-les-capsules\\\/strapback-fr\\\/strapback-wotto-gris\\\/\",\"name\":\"Snapback | WOTTO - Gris - Woed\",\"isPartOf\":{\"@id\":\"https:\\\/\\\/woedonline.nl\\\/fr\\\/#website\"},\"primaryImageOfPage\":{\"@id\":\"https:\\\/\\\/woedonline.nl\\\/fr\\\/shop\\\/toutes-les-capsules\\\/strapback-fr\\\/strapback-wotto-gris\\\/#primaryimage\"},\"image\":{\"@id\":\"https:\\\/\\\/woedonline.nl\\\/fr\\\/shop\\\/toutes-les-capsules\\\/strapback-fr\\\/strapback-wotto-gris\\\/#primaryimage\"},\"thumbnailUrl\":\"https:\\\/\\\/woedonline.nl\\\/wp-content\\\/uploads\\\/2025\\\/07\\\/Strapback-Wotto-Grey.jpg\",\"datePublished\":\"2025-07-03T07:02:16+00:00\",\"dateModified\":\"2025-12-11T21:52:00+00:00\",\"description\":\"D\u00e9couvrez la casquette snapback Woed WOTTO, qui attire tous les regards dans notre collection. Fabriqu\u00e9e en acrylique de haute qualit\u00e9, cette snapback grise allie style et cr\u00e9ativit\u00e9.\",\"breadcrumb\":{\"@id\":\"https:\\\/\\\/woedonline.nl\\\/fr\\\/shop\\\/toutes-les-capsules\\\/strapback-fr\\\/strapback-wotto-gris\\\/#breadcrumb\"},\"inLanguage\":\"fr-FR\",\"potentialAction\":[{\"@type\":\"ReadAction\",\"target\":[\"https:\\\/\\\/woedonline.nl\\\/fr\\\/shop\\\/toutes-les-capsules\\\/strapback-fr\\\/strapback-wotto-gris\\\/\"]}]},{\"@type\":\"ImageObject\",\"inLanguage\":\"fr-FR\",\"@id\":\"https:\\\/\\\/woedonline.nl\\\/fr\\\/shop\\\/toutes-les-capsules\\\/strapback-fr\\\/strapback-wotto-gris\\\/#primaryimage\",\"url\":\"https:\\\/\\\/woedonline.nl\\\/wp-content\\\/uploads\\\/2025\\\/07\\\/Strapback-Wotto-Grey.jpg\",\"contentUrl\":\"https:\\\/\\\/woedonline.nl\\\/wp-content\\\/uploads\\\/2025\\\/07\\\/Strapback-Wotto-Grey.jpg\",\"width\":600,\"height\":600,\"caption\":\"Casquette \u00e0 bretelles Wotto Grey\"},{\"@type\":\"BreadcrumbList\",\"@id\":\"https:\\\/\\\/woedonline.nl\\\/fr\\\/shop\\\/toutes-les-capsules\\\/strapback-fr\\\/strapback-wotto-gris\\\/#breadcrumb\",\"itemListElement\":[{\"@type\":\"ListItem\",\"position\":1,\"name\":\"Accueil\",\"item\":\"https:\\\/\\\/woedonline.nl\\\/fr\\\/\"},{\"@type\":\"ListItem\",\"position\":2,\"name\":\"Boutique\",\"item\":\"https:\\\/\\\/woedonline.nl\\\/fr\\\/boutique\\\/\"},{\"@type\":\"ListItem\",\"position\":3,\"name\":\"Snapback | WOTTO - Gris\"}]},{\"@type\":\"WebSite\",\"@id\":\"https:\\\/\\\/woedonline.nl\\\/fr\\\/#website\",\"url\":\"https:\\\/\\\/woedonline.nl\\\/fr\\\/\",\"name\":\"Woed\",\"description\":\"Kurk petten, houten horloges en houten zonnebrillen\",\"publisher\":{\"@id\":\"https:\\\/\\\/woedonline.nl\\\/fr\\\/#organization\"},\"alternateName\":\"W\",\"potentialAction\":[{\"@type\":\"SearchAction\",\"target\":{\"@type\":\"EntryPoint\",\"urlTemplate\":\"https:\\\/\\\/woedonline.nl\\\/fr\\\/?s={search_term_string}\"},\"query-input\":{\"@type\":\"PropertyValueSpecification\",\"valueRequired\":true,\"valueName\":\"search_term_string\"}}],\"inLanguage\":\"fr-FR\"},{\"@type\":\"Organization\",\"@id\":\"https:\\\/\\\/woedonline.nl\\\/fr\\\/#organization\",\"name\":\"Woed\",\"alternateName\":\"W\",\"url\":\"https:\\\/\\\/woedonline.nl\\\/fr\\\/\",\"logo\":{\"@type\":\"ImageObject\",\"inLanguage\":\"fr-FR\",\"@id\":\"https:\\\/\\\/woedonline.nl\\\/fr\\\/#\\\/schema\\\/logo\\\/image\\\/\",\"url\":\"https:\\\/\\\/woedonline.nl\\\/wp-content\\\/uploads\\\/2016\\\/05\\\/Wood-logo-name-png.png\",\"contentUrl\":\"https:\\\/\\\/woedonline.nl\\\/wp-content\\\/uploads\\\/2016\\\/05\\\/Wood-logo-name-png.png\",\"width\":250,\"height\":89,\"caption\":\"Woed\"},\"image\":{\"@id\":\"https:\\\/\\\/woedonline.nl\\\/fr\\\/#\\\/schema\\\/logo\\\/image\\\/\"},\"sameAs\":[\"https:\\\/\\\/www.facebook.com\\\/Woedshop\\\/\",\"https:\\\/\\\/www.instagram.com\\\/woed.eu\"]}]}<\/script>\n<!-- \/ Yoast SEO plugin. -->","yoast_head_json":{"title":"Snapback | WOTTO - Gris - Woed","description":"D\u00e9couvrez la casquette snapback Woed WOTTO, qui attire tous les regards dans notre collection. Fabriqu\u00e9e en acrylique de haute qualit\u00e9, cette snapback grise allie style et cr\u00e9ativit\u00e9.","robots":{"index":"index","follow":"follow","max-snippet":"max-snippet:-1","max-image-preview":"max-image-preview:large","max-video-preview":"max-video-preview:-1"},"canonical":"https:\/\/woedonline.nl\/fr\/shop\/toutes-les-capsules\/strapback-fr\/strapback-wotto-gris\/","og_locale":"fr_FR","og_type":"article","og_title":"Snapback | WOTTO - Gris - Woed","og_description":"D\u00e9couvrez la casquette snapback Woed WOTTO, qui attire tous les regards dans notre collection. Fabriqu\u00e9e en acrylique de haute qualit\u00e9, cette snapback grise allie style et cr\u00e9ativit\u00e9.","og_url":"https:\/\/woedonline.nl\/fr\/shop\/toutes-les-capsules\/strapback-fr\/strapback-wotto-gris\/","og_site_name":"Woed","article_publisher":"https:\/\/www.facebook.com\/Woedshop\/","article_modified_time":"2025-12-11T21:52:00+00:00","og_image":[{"width":600,"height":600,"url":"https:\/\/woedonline.nl\/wp-content\/uploads\/2025\/07\/Strapback-Wotto-Grey.jpg","type":"image\/jpeg"}],"twitter_card":"summary_large_image","twitter_misc":{"Dur\u00e9e de lecture estim\u00e9e":"2 minutes"},"schema":{"@context":"https:\/\/schema.org","@graph":[{"@type":"WebPage","@id":"https:\/\/woedonline.nl\/fr\/shop\/toutes-les-capsules\/strapback-fr\/strapback-wotto-gris\/","url":"https:\/\/woedonline.nl\/fr\/shop\/toutes-les-capsules\/strapback-fr\/strapback-wotto-gris\/","name":"Snapback | WOTTO - Gris - Woed","isPartOf":{"@id":"https:\/\/woedonline.nl\/fr\/#website"},"primaryImageOfPage":{"@id":"https:\/\/woedonline.nl\/fr\/shop\/toutes-les-capsules\/strapback-fr\/strapback-wotto-gris\/#primaryimage"},"image":{"@id":"https:\/\/woedonline.nl\/fr\/shop\/toutes-les-capsules\/strapback-fr\/strapback-wotto-gris\/#primaryimage"},"thumbnailUrl":"https:\/\/woedonline.nl\/wp-content\/uploads\/2025\/07\/Strapback-Wotto-Grey.jpg","datePublished":"2025-07-03T07:02:16+00:00","dateModified":"2025-12-11T21:52:00+00:00","description":"D\u00e9couvrez la casquette snapback Woed WOTTO, qui attire tous les regards dans notre collection. Fabriqu\u00e9e en acrylique de haute qualit\u00e9, cette snapback grise allie style et cr\u00e9ativit\u00e9.","breadcrumb":{"@id":"https:\/\/woedonline.nl\/fr\/shop\/toutes-les-capsules\/strapback-fr\/strapback-wotto-gris\/#breadcrumb"},"inLanguage":"fr-FR","potentialAction":[{"@type":"ReadAction","target":["https:\/\/woedonline.nl\/fr\/shop\/toutes-les-capsules\/strapback-fr\/strapback-wotto-gris\/"]}]},{"@type":"ImageObject","inLanguage":"fr-FR","@id":"https:\/\/woedonline.nl\/fr\/shop\/toutes-les-capsules\/strapback-fr\/strapback-wotto-gris\/#primaryimage","url":"https:\/\/woedonline.nl\/wp-content\/uploads\/2025\/07\/Strapback-Wotto-Grey.jpg","contentUrl":"https:\/\/woedonline.nl\/wp-content\/uploads\/2025\/07\/Strapback-Wotto-Grey.jpg","width":600,"height":600,"caption":"Casquette \u00e0 bretelles Wotto Grey"},{"@type":"BreadcrumbList","@id":"https:\/\/woedonline.nl\/fr\/shop\/toutes-les-capsules\/strapback-fr\/strapback-wotto-gris\/#breadcrumb","itemListElement":[{"@type":"ListItem","position":1,"name":"Accueil","item":"https:\/\/woedonline.nl\/fr\/"},{"@type":"ListItem","position":2,"name":"Boutique","item":"https:\/\/woedonline.nl\/fr\/boutique\/"},{"@type":"ListItem","position":3,"name":"Snapback | WOTTO - Gris"}]},{"@type":"WebSite","@id":"https:\/\/woedonline.nl\/fr\/#website","url":"https:\/\/woedonline.nl\/fr\/","name":"Woed","description":"Kurk petten, houten horloges en houten zonnebrillen","publisher":{"@id":"https:\/\/woedonline.nl\/fr\/#organization"},"alternateName":"W","potentialAction":[{"@type":"SearchAction","target":{"@type":"EntryPoint","urlTemplate":"https:\/\/woedonline.nl\/fr\/?s={search_term_string}"},"query-input":{"@type":"PropertyValueSpecification","valueRequired":true,"valueName":"search_term_string"}}],"inLanguage":"fr-FR"},{"@type":"Organization","@id":"https:\/\/woedonline.nl\/fr\/#organization","name":"Woed","alternateName":"W","url":"https:\/\/woedonline.nl\/fr\/","logo":{"@type":"ImageObject","inLanguage":"fr-FR","@id":"https:\/\/woedonline.nl\/fr\/#\/schema\/logo\/image\/","url":"https:\/\/woedonline.nl\/wp-content\/uploads\/2016\/05\/Wood-logo-name-png.png","contentUrl":"https:\/\/woedonline.nl\/wp-content\/uploads\/2016\/05\/Wood-logo-name-png.png","width":250,"height":89,"caption":"Woed"},"image":{"@id":"https:\/\/woedonline.nl\/fr\/#\/schema\/logo\/image\/"},"sameAs":["https:\/\/www.facebook.com\/Woedshop\/","https:\/\/www.instagram.com\/woed.eu"]}]}},"_links":{"self":[{"href":"https:\/\/woedonline.nl\/fr\/wp-json\/wp\/v2\/product\/388835","targetHints":{"allow":["GET"]}}],"collection":[{"href":"https:\/\/woedonline.nl\/fr\/wp-json\/wp\/v2\/product"}],"about":[{"href":"https:\/\/woedonline.nl\/fr\/wp-json\/wp\/v2\/types\/product"}],"replies":[{"embeddable":true,"href":"https:\/\/woedonline.nl\/fr\/wp-json\/wp\/v2\/comments?post=388835"}],"wp:featuredmedia":[{"embeddable":true,"href":"https:\/\/woedonline.nl\/fr\/wp-json\/wp\/v2\/media\/388854"}],"wp:attachment":[{"href":"https:\/\/woedonline.nl\/fr\/wp-json\/wp\/v2\/media?parent=388835"}],"wp:term":[{"taxonomy":"product_brand","embeddable":true,"href":"https:\/\/woedonline.nl\/fr\/wp-json\/wp\/v2\/product_brand?post=388835"},{"taxonomy":"product_cat","embeddable":true,"href":"https:\/\/woedonline.nl\/fr\/wp-json\/wp\/v2\/product_cat?post=388835"},{"taxonomy":"product_tag","embeddable":true,"href":"https:\/\/woedonline.nl\/fr\/wp-json\/wp\/v2\/product_tag?post=388835"}],"curies":[{"name":"wp","href":"https:\/\/api.w.org\/{rel}","templated":true}]}}