{"id":387607,"date":"2025-04-02T11:15:40","date_gmt":"2025-04-02T09:15:40","guid":{"rendered":"https:\/\/woedonline.nl\/shop\/non%20class\u00e9\/lunettes-de-soleil-aviateur-raven\/"},"modified":"2025-11-05T14:57:34","modified_gmt":"2025-11-05T13:57:34","slug":"lunettes-de-soleil-aviateur-raven","status":"publish","type":"product","link":"https:\/\/woedonline.nl\/fr\/shop\/lunettes-de-soleil-en-bois\/aviateur\/lunettes-de-soleil-aviateur-raven\/","title":{"rendered":"Lunettes de soleil aviateur | Raven"},"content":{"rendered":"<p class=\"\" data-start=\"0\" data-end=\"346\">La Woed <strong data-start=\"3\" data-end=\"25\">Aviator Raven<\/strong> est une paire de lunettes de soleil cool et intemporelle au look aviateur classique. Le cadre en plastique noir mat est \u00e9l\u00e9gant et classe, tandis que les pieds en bois noir apportent une touche unique et naturelle. Les lentilles fonc\u00e9es avec <strong data-start=\"251\" data-end=\"272\">protection UV400<\/strong> offrent une protection optimale contre les rayons nocifs et la lumi\u00e8re du soleil.<\/p>\n<p class=\"\" data-start=\"348\" data-end=\"538\">Ces lunettes de soleil l\u00e9g\u00e8res sont confortables et parfaites pour un usage quotidien. Que vous conduisiez, que vous fassiez de la randonn\u00e9e ou que vous profitiez d&rsquo;une journ\u00e9e ensoleill\u00e9e, les <strong data-start=\"488\" data-end=\"510\">lunettes Aviator Raven deWoed <\/strong> compl\u00e8tent n&rsquo;importe quel look. <\/p>\n<p class=\"\" data-start=\"540\" data-end=\"628\">Comprend un <strong data-start=\"550\" data-end=\"578\">chiffon de polissage et une pochette de rangement<\/strong>, pour que vos lunettes restent toujours propres et prot\u00e9g\u00e9es.<\/p>\n","protected":false},"excerpt":{"rendered":"<p><i class=\"ri-checkbox-circle-fill\" data-text-color=\"primary\"><\/i>L\u00e9ger et confortable<\/p>\n<p><i class=\"ri-checkbox-circle-fill\" data-text-color=\"primary\"><\/i> Comprend une pochette de rangement et un chiffon de nettoyage<\/p>\n<p><i class=\"ri-checkbox-circle-fill\" data-text-color=\"primary\"><\/i> Mat\u00e9riaux de haute qualit\u00e9<\/p>\n<p><i class=\"ri-checkbox-circle-fill\" data-text-color=\"primary\"><\/i> Excellente protection gr\u00e2ce aux lentilles UV-400<\/p>\n","protected":false},"featured_media":387609,"comment_status":"open","ping_status":"closed","template":"","meta":[],"product_brand":[],"product_cat":[816,603],"product_tag":[],"class_list":{"0":"post-387607","1":"product","2":"type-product","3":"status-publish","4":"has-post-thumbnail","6":"product_cat-lunettes-de-soleil-en-bois","7":"product_cat-aviateur","8":"product_shipping_class-armbanden-horloge-zonnebrillen-fr","10":"first","11":"instock","12":"taxable","13":"shipping-taxable","14":"purchasable","15":"product-type-simple"},"yoast_head":"<!-- This site is optimized with the Yoast SEO plugin v27.5 - https:\/\/yoast.com\/product\/yoast-seo-wordpress\/ -->\n<title>Lunettes de soleil aviateur | Raven - Woed<\/title>\n<meta name=\"description\" content=\"Le mod\u00e8le Woed Aviator Raven est une paire de lunettes de soleil robuste et intemporelle au look aviateur classique.\" \/>\n<meta name=\"robots\" content=\"index, follow, max-snippet:-1, max-image-preview:large, max-video-preview:-1\" \/>\n<link rel=\"canonical\" href=\"https:\/\/woedonline.nl\/fr\/shop\/lunettes-de-soleil-en-bois\/aviateur\/lunettes-de-soleil-aviateur-raven\/\" \/>\n<meta property=\"og:locale\" content=\"fr_FR\" \/>\n<meta property=\"og:type\" content=\"article\" \/>\n<meta property=\"og:title\" content=\"Lunettes de soleil aviateur | Raven - Woed\" \/>\n<meta property=\"og:description\" content=\"Le mod\u00e8le Woed Aviator Raven est une paire de lunettes de soleil robuste et intemporelle au look aviateur classique.\" \/>\n<meta property=\"og:url\" content=\"https:\/\/woedonline.nl\/fr\/shop\/lunettes-de-soleil-en-bois\/aviateur\/lunettes-de-soleil-aviateur-raven\/\" \/>\n<meta property=\"og:site_name\" content=\"Woed\" \/>\n<meta property=\"article:publisher\" content=\"https:\/\/www.facebook.com\/Woedshop\/\" \/>\n<meta property=\"article:modified_time\" content=\"2025-11-05T13:57:34+00:00\" \/>\n<meta property=\"og:image\" content=\"https:\/\/woedonline.nl\/wp-content\/uploads\/2025\/04\/Woed-houten-zonnebril-Raven-1.jpg\" \/>\n\t<meta property=\"og:image:width\" content=\"600\" \/>\n\t<meta property=\"og:image:height\" content=\"600\" \/>\n\t<meta property=\"og:image:type\" content=\"image\/jpeg\" \/>\n<meta name=\"twitter:card\" content=\"summary_large_image\" \/>\n<meta name=\"twitter:label1\" content=\"Dur\u00e9e de lecture estim\u00e9e\" \/>\n\t<meta name=\"twitter:data1\" content=\"1 minute\" \/>\n<script type=\"application\/ld+json\" class=\"yoast-schema-graph\">{\"@context\":\"https:\\\/\\\/schema.org\",\"@graph\":[{\"@type\":\"WebPage\",\"@id\":\"https:\\\/\\\/woedonline.nl\\\/fr\\\/shop\\\/lunettes-de-soleil-en-bois\\\/aviateur\\\/lunettes-de-soleil-aviateur-raven\\\/\",\"url\":\"https:\\\/\\\/woedonline.nl\\\/fr\\\/shop\\\/lunettes-de-soleil-en-bois\\\/aviateur\\\/lunettes-de-soleil-aviateur-raven\\\/\",\"name\":\"Lunettes de soleil aviateur | Raven - Woed\",\"isPartOf\":{\"@id\":\"https:\\\/\\\/woedonline.nl\\\/fr\\\/#website\"},\"primaryImageOfPage\":{\"@id\":\"https:\\\/\\\/woedonline.nl\\\/fr\\\/shop\\\/lunettes-de-soleil-en-bois\\\/aviateur\\\/lunettes-de-soleil-aviateur-raven\\\/#primaryimage\"},\"image\":{\"@id\":\"https:\\\/\\\/woedonline.nl\\\/fr\\\/shop\\\/lunettes-de-soleil-en-bois\\\/aviateur\\\/lunettes-de-soleil-aviateur-raven\\\/#primaryimage\"},\"thumbnailUrl\":\"https:\\\/\\\/woedonline.nl\\\/wp-content\\\/uploads\\\/2025\\\/04\\\/Woed-houten-zonnebril-Raven-1.jpg\",\"datePublished\":\"2025-04-02T09:15:40+00:00\",\"dateModified\":\"2025-11-05T13:57:34+00:00\",\"description\":\"Le mod\u00e8le Woed Aviator Raven est une paire de lunettes de soleil robuste et intemporelle au look aviateur classique.\",\"breadcrumb\":{\"@id\":\"https:\\\/\\\/woedonline.nl\\\/fr\\\/shop\\\/lunettes-de-soleil-en-bois\\\/aviateur\\\/lunettes-de-soleil-aviateur-raven\\\/#breadcrumb\"},\"inLanguage\":\"fr-FR\",\"potentialAction\":[{\"@type\":\"ReadAction\",\"target\":[\"https:\\\/\\\/woedonline.nl\\\/fr\\\/shop\\\/lunettes-de-soleil-en-bois\\\/aviateur\\\/lunettes-de-soleil-aviateur-raven\\\/\"]}]},{\"@type\":\"ImageObject\",\"inLanguage\":\"fr-FR\",\"@id\":\"https:\\\/\\\/woedonline.nl\\\/fr\\\/shop\\\/lunettes-de-soleil-en-bois\\\/aviateur\\\/lunettes-de-soleil-aviateur-raven\\\/#primaryimage\",\"url\":\"https:\\\/\\\/woedonline.nl\\\/wp-content\\\/uploads\\\/2025\\\/04\\\/Woed-houten-zonnebril-Raven-1.jpg\",\"contentUrl\":\"https:\\\/\\\/woedonline.nl\\\/wp-content\\\/uploads\\\/2025\\\/04\\\/Woed-houten-zonnebril-Raven-1.jpg\",\"width\":600,\"height\":600,\"caption\":\"Lunettes de soleil en bois Woed Raven\"},{\"@type\":\"BreadcrumbList\",\"@id\":\"https:\\\/\\\/woedonline.nl\\\/fr\\\/shop\\\/lunettes-de-soleil-en-bois\\\/aviateur\\\/lunettes-de-soleil-aviateur-raven\\\/#breadcrumb\",\"itemListElement\":[{\"@type\":\"ListItem\",\"position\":1,\"name\":\"Accueil\",\"item\":\"https:\\\/\\\/woedonline.nl\\\/fr\\\/\"},{\"@type\":\"ListItem\",\"position\":2,\"name\":\"Boutique\",\"item\":\"https:\\\/\\\/woedonline.nl\\\/fr\\\/boutique\\\/\"},{\"@type\":\"ListItem\",\"position\":3,\"name\":\"Lunettes de soleil aviateur | Raven\"}]},{\"@type\":\"WebSite\",\"@id\":\"https:\\\/\\\/woedonline.nl\\\/fr\\\/#website\",\"url\":\"https:\\\/\\\/woedonline.nl\\\/fr\\\/\",\"name\":\"Woed\",\"description\":\"Kurk petten, houten horloges en houten zonnebrillen\",\"publisher\":{\"@id\":\"https:\\\/\\\/woedonline.nl\\\/fr\\\/#organization\"},\"alternateName\":\"W\",\"potentialAction\":[{\"@type\":\"SearchAction\",\"target\":{\"@type\":\"EntryPoint\",\"urlTemplate\":\"https:\\\/\\\/woedonline.nl\\\/fr\\\/?s={search_term_string}\"},\"query-input\":{\"@type\":\"PropertyValueSpecification\",\"valueRequired\":true,\"valueName\":\"search_term_string\"}}],\"inLanguage\":\"fr-FR\"},{\"@type\":\"Organization\",\"@id\":\"https:\\\/\\\/woedonline.nl\\\/fr\\\/#organization\",\"name\":\"Woed\",\"alternateName\":\"W\",\"url\":\"https:\\\/\\\/woedonline.nl\\\/fr\\\/\",\"logo\":{\"@type\":\"ImageObject\",\"inLanguage\":\"fr-FR\",\"@id\":\"https:\\\/\\\/woedonline.nl\\\/fr\\\/#\\\/schema\\\/logo\\\/image\\\/\",\"url\":\"https:\\\/\\\/woedonline.nl\\\/wp-content\\\/uploads\\\/2016\\\/05\\\/Wood-logo-name-png.png\",\"contentUrl\":\"https:\\\/\\\/woedonline.nl\\\/wp-content\\\/uploads\\\/2016\\\/05\\\/Wood-logo-name-png.png\",\"width\":250,\"height\":89,\"caption\":\"Woed\"},\"image\":{\"@id\":\"https:\\\/\\\/woedonline.nl\\\/fr\\\/#\\\/schema\\\/logo\\\/image\\\/\"},\"sameAs\":[\"https:\\\/\\\/www.facebook.com\\\/Woedshop\\\/\",\"https:\\\/\\\/www.instagram.com\\\/woed.eu\"]}]}<\/script>\n<!-- \/ Yoast SEO plugin. -->","yoast_head_json":{"title":"Lunettes de soleil aviateur | Raven - Woed","description":"Le mod\u00e8le Woed Aviator Raven est une paire de lunettes de soleil robuste et intemporelle au look aviateur classique.","robots":{"index":"index","follow":"follow","max-snippet":"max-snippet:-1","max-image-preview":"max-image-preview:large","max-video-preview":"max-video-preview:-1"},"canonical":"https:\/\/woedonline.nl\/fr\/shop\/lunettes-de-soleil-en-bois\/aviateur\/lunettes-de-soleil-aviateur-raven\/","og_locale":"fr_FR","og_type":"article","og_title":"Lunettes de soleil aviateur | Raven - Woed","og_description":"Le mod\u00e8le Woed Aviator Raven est une paire de lunettes de soleil robuste et intemporelle au look aviateur classique.","og_url":"https:\/\/woedonline.nl\/fr\/shop\/lunettes-de-soleil-en-bois\/aviateur\/lunettes-de-soleil-aviateur-raven\/","og_site_name":"Woed","article_publisher":"https:\/\/www.facebook.com\/Woedshop\/","article_modified_time":"2025-11-05T13:57:34+00:00","og_image":[{"width":600,"height":600,"url":"https:\/\/woedonline.nl\/wp-content\/uploads\/2025\/04\/Woed-houten-zonnebril-Raven-1.jpg","type":"image\/jpeg"}],"twitter_card":"summary_large_image","twitter_misc":{"Dur\u00e9e de lecture estim\u00e9e":"1 minute"},"schema":{"@context":"https:\/\/schema.org","@graph":[{"@type":"WebPage","@id":"https:\/\/woedonline.nl\/fr\/shop\/lunettes-de-soleil-en-bois\/aviateur\/lunettes-de-soleil-aviateur-raven\/","url":"https:\/\/woedonline.nl\/fr\/shop\/lunettes-de-soleil-en-bois\/aviateur\/lunettes-de-soleil-aviateur-raven\/","name":"Lunettes de soleil aviateur | Raven - Woed","isPartOf":{"@id":"https:\/\/woedonline.nl\/fr\/#website"},"primaryImageOfPage":{"@id":"https:\/\/woedonline.nl\/fr\/shop\/lunettes-de-soleil-en-bois\/aviateur\/lunettes-de-soleil-aviateur-raven\/#primaryimage"},"image":{"@id":"https:\/\/woedonline.nl\/fr\/shop\/lunettes-de-soleil-en-bois\/aviateur\/lunettes-de-soleil-aviateur-raven\/#primaryimage"},"thumbnailUrl":"https:\/\/woedonline.nl\/wp-content\/uploads\/2025\/04\/Woed-houten-zonnebril-Raven-1.jpg","datePublished":"2025-04-02T09:15:40+00:00","dateModified":"2025-11-05T13:57:34+00:00","description":"Le mod\u00e8le Woed Aviator Raven est une paire de lunettes de soleil robuste et intemporelle au look aviateur classique.","breadcrumb":{"@id":"https:\/\/woedonline.nl\/fr\/shop\/lunettes-de-soleil-en-bois\/aviateur\/lunettes-de-soleil-aviateur-raven\/#breadcrumb"},"inLanguage":"fr-FR","potentialAction":[{"@type":"ReadAction","target":["https:\/\/woedonline.nl\/fr\/shop\/lunettes-de-soleil-en-bois\/aviateur\/lunettes-de-soleil-aviateur-raven\/"]}]},{"@type":"ImageObject","inLanguage":"fr-FR","@id":"https:\/\/woedonline.nl\/fr\/shop\/lunettes-de-soleil-en-bois\/aviateur\/lunettes-de-soleil-aviateur-raven\/#primaryimage","url":"https:\/\/woedonline.nl\/wp-content\/uploads\/2025\/04\/Woed-houten-zonnebril-Raven-1.jpg","contentUrl":"https:\/\/woedonline.nl\/wp-content\/uploads\/2025\/04\/Woed-houten-zonnebril-Raven-1.jpg","width":600,"height":600,"caption":"Lunettes de soleil en bois Woed Raven"},{"@type":"BreadcrumbList","@id":"https:\/\/woedonline.nl\/fr\/shop\/lunettes-de-soleil-en-bois\/aviateur\/lunettes-de-soleil-aviateur-raven\/#breadcrumb","itemListElement":[{"@type":"ListItem","position":1,"name":"Accueil","item":"https:\/\/woedonline.nl\/fr\/"},{"@type":"ListItem","position":2,"name":"Boutique","item":"https:\/\/woedonline.nl\/fr\/boutique\/"},{"@type":"ListItem","position":3,"name":"Lunettes de soleil aviateur | Raven"}]},{"@type":"WebSite","@id":"https:\/\/woedonline.nl\/fr\/#website","url":"https:\/\/woedonline.nl\/fr\/","name":"Woed","description":"Kurk petten, houten horloges en houten zonnebrillen","publisher":{"@id":"https:\/\/woedonline.nl\/fr\/#organization"},"alternateName":"W","potentialAction":[{"@type":"SearchAction","target":{"@type":"EntryPoint","urlTemplate":"https:\/\/woedonline.nl\/fr\/?s={search_term_string}"},"query-input":{"@type":"PropertyValueSpecification","valueRequired":true,"valueName":"search_term_string"}}],"inLanguage":"fr-FR"},{"@type":"Organization","@id":"https:\/\/woedonline.nl\/fr\/#organization","name":"Woed","alternateName":"W","url":"https:\/\/woedonline.nl\/fr\/","logo":{"@type":"ImageObject","inLanguage":"fr-FR","@id":"https:\/\/woedonline.nl\/fr\/#\/schema\/logo\/image\/","url":"https:\/\/woedonline.nl\/wp-content\/uploads\/2016\/05\/Wood-logo-name-png.png","contentUrl":"https:\/\/woedonline.nl\/wp-content\/uploads\/2016\/05\/Wood-logo-name-png.png","width":250,"height":89,"caption":"Woed"},"image":{"@id":"https:\/\/woedonline.nl\/fr\/#\/schema\/logo\/image\/"},"sameAs":["https:\/\/www.facebook.com\/Woedshop\/","https:\/\/www.instagram.com\/woed.eu"]}]}},"_links":{"self":[{"href":"https:\/\/woedonline.nl\/fr\/wp-json\/wp\/v2\/product\/387607","targetHints":{"allow":["GET"]}}],"collection":[{"href":"https:\/\/woedonline.nl\/fr\/wp-json\/wp\/v2\/product"}],"about":[{"href":"https:\/\/woedonline.nl\/fr\/wp-json\/wp\/v2\/types\/product"}],"replies":[{"embeddable":true,"href":"https:\/\/woedonline.nl\/fr\/wp-json\/wp\/v2\/comments?post=387607"}],"wp:featuredmedia":[{"embeddable":true,"href":"https:\/\/woedonline.nl\/fr\/wp-json\/wp\/v2\/media\/387609"}],"wp:attachment":[{"href":"https:\/\/woedonline.nl\/fr\/wp-json\/wp\/v2\/media?parent=387607"}],"wp:term":[{"taxonomy":"product_brand","embeddable":true,"href":"https:\/\/woedonline.nl\/fr\/wp-json\/wp\/v2\/product_brand?post=387607"},{"taxonomy":"product_cat","embeddable":true,"href":"https:\/\/woedonline.nl\/fr\/wp-json\/wp\/v2\/product_cat?post=387607"},{"taxonomy":"product_tag","embeddable":true,"href":"https:\/\/woedonline.nl\/fr\/wp-json\/wp\/v2\/product_tag?post=387607"}],"curies":[{"name":"wp","href":"https:\/\/api.w.org\/{rel}","templated":true}]}}