{"id":387135,"date":"2025-03-19T09:20:29","date_gmt":"2025-03-19T08:20:29","guid":{"rendered":"https:\/\/woedonline.nl\/shop\/non%20class\u00e9\/bretelles-yuio\/"},"modified":"2026-03-31T14:40:39","modified_gmt":"2026-03-31T12:40:39","slug":"bretelles-yuio","status":"publish","type":"product","link":"https:\/\/woedonline.nl\/fr\/shop\/toutes-les-capsules\/strapback-fr\/bretelles-yuio\/","title":{"rendered":"Strapback | YUIO"},"content":{"rendered":"<p data-start=\"171\" data-end=\"429\">D\u00e9couvrez la <strong data-start=\"181\" data-end=\"209\">casquette Woed Snapback Cap - YUIO<\/strong>, une collaboration exclusive entre Woed et l&rsquo;artiste belge <strong data-start=\"278\" data-end=\"286\">YUIO<\/strong>. Cette <strong data-start=\"293\" data-end=\"313\">snapback haut de gamme<\/strong> est con\u00e7ue pour les amateurs de streetwear et d&rsquo;art, avec un design unique qui allie style et cr\u00e9ativit\u00e9.<\/p>\n<p data-start=\"431\" data-end=\"577\"><strong data-start=\"433\" data-end=\"460\">Mat\u00e9riaux de haute qualit\u00e9<\/strong> - La casquette est fabriqu\u00e9e en <strong data-start=\"485\" data-end=\"522\">tissu acrylique rouge bordeaux durable<\/strong>, garantissant un port confortable et s\u00fbr.<\/p>\n<ul>\n<li data-start=\"579\" data-end=\"725\"><strong data-start=\"581\" data-end=\"608\">Logo Woed brod\u00e9 en 3D<\/strong> - L&rsquo;avant de la casquette comporte un <strong data-start=\"648\" data-end=\"675\">logo Woed brod\u00e9 en 3D<\/strong>, inspir\u00e9 du style caract\u00e9ristique de YUIO.<\/li>\n<li data-start=\"727\" data-end=\"899\"><strong data-start=\"729\" data-end=\"756\">Rabat en li\u00e8ge brun<\/strong> <strong data-start=\"805\" data-end=\"841\">clair<\/strong>- Le dessus du rabat est <strong data-start=\"805\" data-end=\"841\">recouvert d&rsquo;une couche de li\u00e8ge brun clair naturel<\/strong>, ce qui conf\u00e8re \u00e0 la casquette un aspect unique et \u00e9l\u00e9gant.<\/li>\n<li data-start=\"901\" data-end=\"1053\"><strong data-start=\"903\" data-end=\"933\">\u0152uvre d&rsquo;art exclusive de YUIO<\/strong> - Le bas du rabat pr\u00e9sente une <strong data-start=\"971\" data-end=\"994\">\u0153uvre d&rsquo;art r\u00e9alis\u00e9e \u00e0 la main<\/strong> par YUIO, connu pour son style color\u00e9 et dynamique.<\/li>\n<li data-start=\"1055\" data-end=\"1177\"><strong data-start=\"1057\" data-end=\"1086\">Bande de tissu r\u00e9glable<\/strong> - Gr\u00e2ce \u00e0 la <strong data-start=\"1100\" data-end=\"1139\">bande de tissu r\u00e9glable \u00e0 l&rsquo;arri\u00e8re<\/strong>, cette casquette s&rsquo;adapte parfaitement \u00e0 toutes les t\u00eates.<\/li>\n<\/ul>\n<h3 data-start=\"1179\" data-end=\"1209\"><strong data-start=\"1183\" data-end=\"1207\">A propos de l&rsquo;artiste YUIO<\/strong><\/h3>\n<p data-start=\"1210\" data-end=\"1497\">YUIO a commenc\u00e9 sa carri\u00e8re en tant que caricaturiste et est connu pour ses illustrations vives et ludiques. Son travail est un m\u00e9lange de <strong data-start=\"1337\" data-end=\"1372\">couleur, de mouvement et de cr\u00e9ativit\u00e9<\/strong>, exp\u00e9rimentant constamment de nouvelles formes et id\u00e9es. Cela se refl\u00e8te dans le design de cette snapback unique.<\/p>\n<p data-start=\"1545\" data-end=\"1697\">Portez une \u0153uvre d&rsquo;art avec la <strong data-start=\"1575\" data-end=\"1603\">casquette Snapback Woed - YUIO<\/strong> et laissez parler votre style ! Commandez maintenant et compl\u00e9tez votre tenue avec cet accroche-regard unique.<\/p>\n","protected":false},"excerpt":{"rendered":"<p><i class=\"ri-checkbox-circle-fill\" data-text-color=\"primary\"><\/i>Taille adulte 56-62cm<\/p>\n<p><i class=\"ri-checkbox-circle-fill\" data-text-color=\"primary\"><\/i> Fabriqu\u00e9 en li\u00e8ge v\u00e9ritable<\/p>\n<p><i class=\"ri-checkbox-circle-fill\" data-text-color=\"primary\"><\/i> Mat\u00e9riaux de haute qualit\u00e9<\/p>\n","protected":false},"featured_media":387408,"comment_status":"open","ping_status":"closed","template":"","meta":[],"product_brand":[],"product_cat":[1098,733],"product_tag":[],"class_list":{"0":"post-387135","1":"product","2":"type-product","3":"status-publish","4":"has-post-thumbnail","6":"product_cat-strapback-fr","7":"product_cat-toutes-les-capsules","8":"product_shipping_class-paquet","10":"first","11":"outofstock","12":"taxable","13":"shipping-taxable","14":"purchasable","15":"product-type-simple"},"yoast_head":"<!-- This site is optimized with the Yoast SEO plugin v27.4 - https:\/\/yoast.com\/product\/yoast-seo-wordpress\/ -->\n<title>Strapback | YUIO - Woed<\/title>\n<meta name=\"description\" content=\"D\u00e9couvrez la casquette Snapback Woed - YUIO, une collaboration exclusive entre Woed et l&#039;artiste belge YUIO. Cette snapback premium est con\u00e7ue pour les amateurs de streetwear et d&#039;art, avec un design unique qui allie style et cr\u00e9ativit\u00e9.\" \/>\n<meta name=\"robots\" content=\"index, follow, max-snippet:-1, max-image-preview:large, max-video-preview:-1\" \/>\n<link rel=\"canonical\" href=\"https:\/\/woedonline.nl\/fr\/shop\/toutes-les-capsules\/strapback-fr\/bretelles-yuio\/\" \/>\n<meta property=\"og:locale\" content=\"fr_FR\" \/>\n<meta property=\"og:type\" content=\"article\" \/>\n<meta property=\"og:title\" content=\"Strapback | YUIO - Woed\" \/>\n<meta property=\"og:description\" content=\"D\u00e9couvrez la casquette Snapback Woed - YUIO, une collaboration exclusive entre Woed et l&#039;artiste belge YUIO. Cette snapback premium est con\u00e7ue pour les amateurs de streetwear et d&#039;art, avec un design unique qui allie style et cr\u00e9ativit\u00e9.\" \/>\n<meta property=\"og:url\" content=\"https:\/\/woedonline.nl\/fr\/shop\/toutes-les-capsules\/strapback-fr\/bretelles-yuio\/\" \/>\n<meta property=\"og:site_name\" content=\"Woed\" \/>\n<meta property=\"article:publisher\" content=\"https:\/\/www.facebook.com\/Woedshop\/\" \/>\n<meta property=\"article:modified_time\" content=\"2026-03-31T12:40:39+00:00\" \/>\n<meta property=\"og:image\" content=\"https:\/\/woedonline.nl\/wp-content\/uploads\/2025\/03\/Strapback-Yuio-1.jpg\" \/>\n\t<meta property=\"og:image:width\" content=\"600\" \/>\n\t<meta property=\"og:image:height\" content=\"600\" \/>\n\t<meta property=\"og:image:type\" content=\"image\/jpeg\" \/>\n<meta name=\"twitter:card\" content=\"summary_large_image\" \/>\n<meta name=\"twitter:label1\" content=\"Dur\u00e9e de lecture estim\u00e9e\" \/>\n\t<meta name=\"twitter:data1\" content=\"2 minutes\" \/>\n<script type=\"application\/ld+json\" class=\"yoast-schema-graph\">{\"@context\":\"https:\\\/\\\/schema.org\",\"@graph\":[{\"@type\":\"WebPage\",\"@id\":\"https:\\\/\\\/woedonline.nl\\\/fr\\\/shop\\\/toutes-les-capsules\\\/strapback-fr\\\/bretelles-yuio\\\/\",\"url\":\"https:\\\/\\\/woedonline.nl\\\/fr\\\/shop\\\/toutes-les-capsules\\\/strapback-fr\\\/bretelles-yuio\\\/\",\"name\":\"Strapback | YUIO - Woed\",\"isPartOf\":{\"@id\":\"https:\\\/\\\/woedonline.nl\\\/fr\\\/#website\"},\"primaryImageOfPage\":{\"@id\":\"https:\\\/\\\/woedonline.nl\\\/fr\\\/shop\\\/toutes-les-capsules\\\/strapback-fr\\\/bretelles-yuio\\\/#primaryimage\"},\"image\":{\"@id\":\"https:\\\/\\\/woedonline.nl\\\/fr\\\/shop\\\/toutes-les-capsules\\\/strapback-fr\\\/bretelles-yuio\\\/#primaryimage\"},\"thumbnailUrl\":\"https:\\\/\\\/woedonline.nl\\\/wp-content\\\/uploads\\\/2025\\\/03\\\/Strapback-Yuio-1.jpg\",\"datePublished\":\"2025-03-19T08:20:29+00:00\",\"dateModified\":\"2026-03-31T12:40:39+00:00\",\"description\":\"D\u00e9couvrez la casquette Snapback Woed - YUIO, une collaboration exclusive entre Woed et l'artiste belge YUIO. Cette snapback premium est con\u00e7ue pour les amateurs de streetwear et d'art, avec un design unique qui allie style et cr\u00e9ativit\u00e9.\",\"breadcrumb\":{\"@id\":\"https:\\\/\\\/woedonline.nl\\\/fr\\\/shop\\\/toutes-les-capsules\\\/strapback-fr\\\/bretelles-yuio\\\/#breadcrumb\"},\"inLanguage\":\"fr-FR\",\"potentialAction\":[{\"@type\":\"ReadAction\",\"target\":[\"https:\\\/\\\/woedonline.nl\\\/fr\\\/shop\\\/toutes-les-capsules\\\/strapback-fr\\\/bretelles-yuio\\\/\"]}]},{\"@type\":\"ImageObject\",\"inLanguage\":\"fr-FR\",\"@id\":\"https:\\\/\\\/woedonline.nl\\\/fr\\\/shop\\\/toutes-les-capsules\\\/strapback-fr\\\/bretelles-yuio\\\/#primaryimage\",\"url\":\"https:\\\/\\\/woedonline.nl\\\/wp-content\\\/uploads\\\/2025\\\/03\\\/Strapback-Yuio-1.jpg\",\"contentUrl\":\"https:\\\/\\\/woedonline.nl\\\/wp-content\\\/uploads\\\/2025\\\/03\\\/Strapback-Yuio-1.jpg\",\"width\":600,\"height\":600,\"caption\":\"Casquette \u00e0 bretelles Yuio 1\"},{\"@type\":\"BreadcrumbList\",\"@id\":\"https:\\\/\\\/woedonline.nl\\\/fr\\\/shop\\\/toutes-les-capsules\\\/strapback-fr\\\/bretelles-yuio\\\/#breadcrumb\",\"itemListElement\":[{\"@type\":\"ListItem\",\"position\":1,\"name\":\"Accueil\",\"item\":\"https:\\\/\\\/woedonline.nl\\\/fr\\\/\"},{\"@type\":\"ListItem\",\"position\":2,\"name\":\"Boutique\",\"item\":\"https:\\\/\\\/woedonline.nl\\\/fr\\\/boutique\\\/\"},{\"@type\":\"ListItem\",\"position\":3,\"name\":\"Strapback | YUIO\"}]},{\"@type\":\"WebSite\",\"@id\":\"https:\\\/\\\/woedonline.nl\\\/fr\\\/#website\",\"url\":\"https:\\\/\\\/woedonline.nl\\\/fr\\\/\",\"name\":\"Woed\",\"description\":\"Kurk petten, houten horloges en houten zonnebrillen\",\"publisher\":{\"@id\":\"https:\\\/\\\/woedonline.nl\\\/fr\\\/#organization\"},\"alternateName\":\"W\",\"potentialAction\":[{\"@type\":\"SearchAction\",\"target\":{\"@type\":\"EntryPoint\",\"urlTemplate\":\"https:\\\/\\\/woedonline.nl\\\/fr\\\/?s={search_term_string}\"},\"query-input\":{\"@type\":\"PropertyValueSpecification\",\"valueRequired\":true,\"valueName\":\"search_term_string\"}}],\"inLanguage\":\"fr-FR\"},{\"@type\":\"Organization\",\"@id\":\"https:\\\/\\\/woedonline.nl\\\/fr\\\/#organization\",\"name\":\"Woed\",\"alternateName\":\"W\",\"url\":\"https:\\\/\\\/woedonline.nl\\\/fr\\\/\",\"logo\":{\"@type\":\"ImageObject\",\"inLanguage\":\"fr-FR\",\"@id\":\"https:\\\/\\\/woedonline.nl\\\/fr\\\/#\\\/schema\\\/logo\\\/image\\\/\",\"url\":\"https:\\\/\\\/woedonline.nl\\\/wp-content\\\/uploads\\\/2016\\\/05\\\/Wood-logo-name-png.png\",\"contentUrl\":\"https:\\\/\\\/woedonline.nl\\\/wp-content\\\/uploads\\\/2016\\\/05\\\/Wood-logo-name-png.png\",\"width\":250,\"height\":89,\"caption\":\"Woed\"},\"image\":{\"@id\":\"https:\\\/\\\/woedonline.nl\\\/fr\\\/#\\\/schema\\\/logo\\\/image\\\/\"},\"sameAs\":[\"https:\\\/\\\/www.facebook.com\\\/Woedshop\\\/\",\"https:\\\/\\\/www.instagram.com\\\/woed.eu\"]}]}<\/script>\n<!-- \/ Yoast SEO plugin. -->","yoast_head_json":{"title":"Strapback | YUIO - Woed","description":"D\u00e9couvrez la casquette Snapback Woed - YUIO, une collaboration exclusive entre Woed et l'artiste belge YUIO. Cette snapback premium est con\u00e7ue pour les amateurs de streetwear et d'art, avec un design unique qui allie style et cr\u00e9ativit\u00e9.","robots":{"index":"index","follow":"follow","max-snippet":"max-snippet:-1","max-image-preview":"max-image-preview:large","max-video-preview":"max-video-preview:-1"},"canonical":"https:\/\/woedonline.nl\/fr\/shop\/toutes-les-capsules\/strapback-fr\/bretelles-yuio\/","og_locale":"fr_FR","og_type":"article","og_title":"Strapback | YUIO - Woed","og_description":"D\u00e9couvrez la casquette Snapback Woed - YUIO, une collaboration exclusive entre Woed et l'artiste belge YUIO. Cette snapback premium est con\u00e7ue pour les amateurs de streetwear et d'art, avec un design unique qui allie style et cr\u00e9ativit\u00e9.","og_url":"https:\/\/woedonline.nl\/fr\/shop\/toutes-les-capsules\/strapback-fr\/bretelles-yuio\/","og_site_name":"Woed","article_publisher":"https:\/\/www.facebook.com\/Woedshop\/","article_modified_time":"2026-03-31T12:40:39+00:00","og_image":[{"width":600,"height":600,"url":"https:\/\/woedonline.nl\/wp-content\/uploads\/2025\/03\/Strapback-Yuio-1.jpg","type":"image\/jpeg"}],"twitter_card":"summary_large_image","twitter_misc":{"Dur\u00e9e de lecture estim\u00e9e":"2 minutes"},"schema":{"@context":"https:\/\/schema.org","@graph":[{"@type":"WebPage","@id":"https:\/\/woedonline.nl\/fr\/shop\/toutes-les-capsules\/strapback-fr\/bretelles-yuio\/","url":"https:\/\/woedonline.nl\/fr\/shop\/toutes-les-capsules\/strapback-fr\/bretelles-yuio\/","name":"Strapback | YUIO - Woed","isPartOf":{"@id":"https:\/\/woedonline.nl\/fr\/#website"},"primaryImageOfPage":{"@id":"https:\/\/woedonline.nl\/fr\/shop\/toutes-les-capsules\/strapback-fr\/bretelles-yuio\/#primaryimage"},"image":{"@id":"https:\/\/woedonline.nl\/fr\/shop\/toutes-les-capsules\/strapback-fr\/bretelles-yuio\/#primaryimage"},"thumbnailUrl":"https:\/\/woedonline.nl\/wp-content\/uploads\/2025\/03\/Strapback-Yuio-1.jpg","datePublished":"2025-03-19T08:20:29+00:00","dateModified":"2026-03-31T12:40:39+00:00","description":"D\u00e9couvrez la casquette Snapback Woed - YUIO, une collaboration exclusive entre Woed et l'artiste belge YUIO. Cette snapback premium est con\u00e7ue pour les amateurs de streetwear et d'art, avec un design unique qui allie style et cr\u00e9ativit\u00e9.","breadcrumb":{"@id":"https:\/\/woedonline.nl\/fr\/shop\/toutes-les-capsules\/strapback-fr\/bretelles-yuio\/#breadcrumb"},"inLanguage":"fr-FR","potentialAction":[{"@type":"ReadAction","target":["https:\/\/woedonline.nl\/fr\/shop\/toutes-les-capsules\/strapback-fr\/bretelles-yuio\/"]}]},{"@type":"ImageObject","inLanguage":"fr-FR","@id":"https:\/\/woedonline.nl\/fr\/shop\/toutes-les-capsules\/strapback-fr\/bretelles-yuio\/#primaryimage","url":"https:\/\/woedonline.nl\/wp-content\/uploads\/2025\/03\/Strapback-Yuio-1.jpg","contentUrl":"https:\/\/woedonline.nl\/wp-content\/uploads\/2025\/03\/Strapback-Yuio-1.jpg","width":600,"height":600,"caption":"Casquette \u00e0 bretelles Yuio 1"},{"@type":"BreadcrumbList","@id":"https:\/\/woedonline.nl\/fr\/shop\/toutes-les-capsules\/strapback-fr\/bretelles-yuio\/#breadcrumb","itemListElement":[{"@type":"ListItem","position":1,"name":"Accueil","item":"https:\/\/woedonline.nl\/fr\/"},{"@type":"ListItem","position":2,"name":"Boutique","item":"https:\/\/woedonline.nl\/fr\/boutique\/"},{"@type":"ListItem","position":3,"name":"Strapback | YUIO"}]},{"@type":"WebSite","@id":"https:\/\/woedonline.nl\/fr\/#website","url":"https:\/\/woedonline.nl\/fr\/","name":"Woed","description":"Kurk petten, houten horloges en houten zonnebrillen","publisher":{"@id":"https:\/\/woedonline.nl\/fr\/#organization"},"alternateName":"W","potentialAction":[{"@type":"SearchAction","target":{"@type":"EntryPoint","urlTemplate":"https:\/\/woedonline.nl\/fr\/?s={search_term_string}"},"query-input":{"@type":"PropertyValueSpecification","valueRequired":true,"valueName":"search_term_string"}}],"inLanguage":"fr-FR"},{"@type":"Organization","@id":"https:\/\/woedonline.nl\/fr\/#organization","name":"Woed","alternateName":"W","url":"https:\/\/woedonline.nl\/fr\/","logo":{"@type":"ImageObject","inLanguage":"fr-FR","@id":"https:\/\/woedonline.nl\/fr\/#\/schema\/logo\/image\/","url":"https:\/\/woedonline.nl\/wp-content\/uploads\/2016\/05\/Wood-logo-name-png.png","contentUrl":"https:\/\/woedonline.nl\/wp-content\/uploads\/2016\/05\/Wood-logo-name-png.png","width":250,"height":89,"caption":"Woed"},"image":{"@id":"https:\/\/woedonline.nl\/fr\/#\/schema\/logo\/image\/"},"sameAs":["https:\/\/www.facebook.com\/Woedshop\/","https:\/\/www.instagram.com\/woed.eu"]}]}},"_links":{"self":[{"href":"https:\/\/woedonline.nl\/fr\/wp-json\/wp\/v2\/product\/387135","targetHints":{"allow":["GET"]}}],"collection":[{"href":"https:\/\/woedonline.nl\/fr\/wp-json\/wp\/v2\/product"}],"about":[{"href":"https:\/\/woedonline.nl\/fr\/wp-json\/wp\/v2\/types\/product"}],"replies":[{"embeddable":true,"href":"https:\/\/woedonline.nl\/fr\/wp-json\/wp\/v2\/comments?post=387135"}],"wp:featuredmedia":[{"embeddable":true,"href":"https:\/\/woedonline.nl\/fr\/wp-json\/wp\/v2\/media\/387408"}],"wp:attachment":[{"href":"https:\/\/woedonline.nl\/fr\/wp-json\/wp\/v2\/media?parent=387135"}],"wp:term":[{"taxonomy":"product_brand","embeddable":true,"href":"https:\/\/woedonline.nl\/fr\/wp-json\/wp\/v2\/product_brand?post=387135"},{"taxonomy":"product_cat","embeddable":true,"href":"https:\/\/woedonline.nl\/fr\/wp-json\/wp\/v2\/product_cat?post=387135"},{"taxonomy":"product_tag","embeddable":true,"href":"https:\/\/woedonline.nl\/fr\/wp-json\/wp\/v2\/product_tag?post=387135"}],"curies":[{"name":"wp","href":"https:\/\/api.w.org\/{rel}","templated":true}]}}