{"id":387054,"date":"2025-03-14T10:44:30","date_gmt":"2025-03-14T09:44:30","guid":{"rendered":"https:\/\/woedonline.nl\/shop\/non%20class\u00e9\/bretelles-vermeer\/"},"modified":"2026-04-05T16:21:18","modified_gmt":"2026-04-05T14:21:18","slug":"bretelles-vermeer","status":"publish","type":"product","link":"https:\/\/woedonline.nl\/fr\/shop\/toutes-les-capsules\/strapback-fr\/bretelles-vermeer\/","title":{"rendered":"Strapback | VERMEER"},"content":{"rendered":"<p><strong>Casquette Snapback Woed - VERMEER<\/strong> \ud83c\udfa8\ud83e\udde2<\/p>\n<p>D\u00e9couvrez la <strong>casquette Snapback Woed - VERMEER<\/strong>, un hommage au ma\u00eetre n\u00e9erlandais Johannes Vermeer. Cette snapback unique n&rsquo;est pas une simple casquette, mais une \u0153uvre d&rsquo;art en soi !<\/p>\n<p>\u2728 <strong>Design &amp; Materials<\/strong><br \/>\nLa casquette est fabriqu\u00e9e en <strong>tissu acrylique jaune ocre de<\/strong> haute qualit\u00e9, une couleur qui rappelle imm\u00e9diatement les teintes chaudes des tableaux de Vermeer. Le <strong>logo Woed tiss\u00e9<\/strong> sur le devant est subtil et \u00e9l\u00e9gant.<\/p>\n<p>\ud83d\uddbc\ufe0f <strong>Un chef-d&rsquo;\u0153uvre sous le rabat<\/strong><br \/>\nLe <strong>dessus du rabat<\/strong> est recouvert d&rsquo;une l\u00e9g\u00e8re couche de li\u00e8ge, ce qui lui conf\u00e8re un aspect naturel et luxueux. Le <strong>bas du rabat<\/strong> cache une surprise : une interpr\u00e9tation moderne de <em>La laiti\u00e8re<\/em>, le c\u00e9l\u00e8bre tableau de Vermeer datant d&rsquo;environ 1658-1659. Nous avons donn\u00e9 \u00e0 cette \u0153uvre d&rsquo;art un aspect contemporain, ce qui la rend parfaitement compatible avec le style de Woed.<\/p>\n<p>\ud83d\udd04 <strong>Un ajustement parfait<\/strong><br \/>\nGr\u00e2ce \u00e0 la <strong>fermeture \u00e0 pression en plastique<\/strong>, la casquette est facilement ajustable et convient \u00e0 presque tout le monde. Que vous soyez un amateur d&rsquo;art ou que vous recherchiez simplement une casquette \u00e9l\u00e9gante et unique, la <strong>casquetteWoed Vermeer<\/strong> est un must absolu !<\/p>\n<p>\u2714 <strong>Pourquoi choisir la snapback Woed Vermeer ?<\/strong><br \/>\n\u2705 Design unique inspir\u00e9 par Vermeer<br \/>\n\u2705 Mat\u00e9riaux de haute qualit\u00e9 : tissu acrylique et li\u00e8ge<br \/>\n\u2705 Coupe confortable et ajustable<br \/>\n\u2705 Parfait pour les amateurs d&rsquo;art et les fans de streetwear<\/p>\n<p>\ud83d\udce6 Commandez maintenant et ajoutez un morceau d&rsquo;histoire de l&rsquo;art n\u00e9erlandais \u00e0 votre tenue ! \ud83d\ude80<\/p>\n","protected":false},"excerpt":{"rendered":"<p><i class=\"ri-checkbox-circle-fill\" data-text-color=\"primary\"><\/i>Taille adulte 56-62cm<\/p>\n<p><i class=\"ri-checkbox-circle-fill\" data-text-color=\"primary\"><\/i> Fabriqu\u00e9 en li\u00e8ge v\u00e9ritable<\/p>\n<p><i class=\"ri-checkbox-circle-fill\" data-text-color=\"primary\"><\/i> Mat\u00e9riaux de haute qualit\u00e9<\/p>\n","protected":false},"featured_media":388629,"comment_status":"open","ping_status":"closed","template":"","meta":[],"product_brand":[],"product_cat":[1098,733],"product_tag":[],"class_list":{"0":"post-387054","1":"product","2":"type-product","3":"status-publish","4":"has-post-thumbnail","6":"product_cat-strapback-fr","7":"product_cat-toutes-les-capsules","8":"product_shipping_class-paquet","10":"first","11":"instock","12":"taxable","13":"shipping-taxable","14":"purchasable","15":"product-type-simple"},"yoast_head":"<!-- This site is optimized with the Yoast SEO plugin v27.4 - https:\/\/yoast.com\/product\/yoast-seo-wordpress\/ -->\n<title>Strapback | VERMEER - Woed<\/title>\n<meta name=\"description\" content=\"D\u00e9couvrez la casquette Snapback Woed - VERMEER, un hommage au ma\u00eetre n\u00e9erlandais Johannes Vermeer. Cette snapback unique n&#039;est pas une simple casquette, mais une \u0153uvre d&#039;art en soi !\" \/>\n<meta name=\"robots\" content=\"index, follow, max-snippet:-1, max-image-preview:large, max-video-preview:-1\" \/>\n<link rel=\"canonical\" href=\"https:\/\/woedonline.nl\/fr\/shop\/toutes-les-capsules\/strapback-fr\/bretelles-vermeer\/\" \/>\n<meta property=\"og:locale\" content=\"fr_FR\" \/>\n<meta property=\"og:type\" content=\"article\" \/>\n<meta property=\"og:title\" content=\"Strapback | VERMEER - Woed\" \/>\n<meta property=\"og:description\" content=\"D\u00e9couvrez la casquette Snapback Woed - VERMEER, un hommage au ma\u00eetre n\u00e9erlandais Johannes Vermeer. Cette snapback unique n&#039;est pas une simple casquette, mais une \u0153uvre d&#039;art en soi !\" \/>\n<meta property=\"og:url\" content=\"https:\/\/woedonline.nl\/fr\/shop\/toutes-les-capsules\/strapback-fr\/bretelles-vermeer\/\" \/>\n<meta property=\"og:site_name\" content=\"Woed\" \/>\n<meta property=\"article:publisher\" content=\"https:\/\/www.facebook.com\/Woedshop\/\" \/>\n<meta property=\"article:modified_time\" content=\"2026-04-05T14:21:18+00:00\" \/>\n<meta property=\"og:image\" content=\"https:\/\/woedonline.nl\/wp-content\/uploads\/2025\/03\/Strapback-Vermeer-Woed-1.jpg\" \/>\n\t<meta property=\"og:image:width\" content=\"600\" \/>\n\t<meta property=\"og:image:height\" content=\"600\" \/>\n\t<meta property=\"og:image:type\" content=\"image\/jpeg\" \/>\n<meta name=\"twitter:card\" content=\"summary_large_image\" \/>\n<meta name=\"twitter:label1\" content=\"Dur\u00e9e de lecture estim\u00e9e\" \/>\n\t<meta name=\"twitter:data1\" content=\"2 minutes\" \/>\n<script type=\"application\/ld+json\" class=\"yoast-schema-graph\">{\"@context\":\"https:\\\/\\\/schema.org\",\"@graph\":[{\"@type\":\"WebPage\",\"@id\":\"https:\\\/\\\/woedonline.nl\\\/fr\\\/shop\\\/toutes-les-capsules\\\/strapback-fr\\\/bretelles-vermeer\\\/\",\"url\":\"https:\\\/\\\/woedonline.nl\\\/fr\\\/shop\\\/toutes-les-capsules\\\/strapback-fr\\\/bretelles-vermeer\\\/\",\"name\":\"Strapback | VERMEER - Woed\",\"isPartOf\":{\"@id\":\"https:\\\/\\\/woedonline.nl\\\/fr\\\/#website\"},\"primaryImageOfPage\":{\"@id\":\"https:\\\/\\\/woedonline.nl\\\/fr\\\/shop\\\/toutes-les-capsules\\\/strapback-fr\\\/bretelles-vermeer\\\/#primaryimage\"},\"image\":{\"@id\":\"https:\\\/\\\/woedonline.nl\\\/fr\\\/shop\\\/toutes-les-capsules\\\/strapback-fr\\\/bretelles-vermeer\\\/#primaryimage\"},\"thumbnailUrl\":\"https:\\\/\\\/woedonline.nl\\\/wp-content\\\/uploads\\\/2025\\\/03\\\/Strapback-Vermeer-Woed-1.jpg\",\"datePublished\":\"2025-03-14T09:44:30+00:00\",\"dateModified\":\"2026-04-05T14:21:18+00:00\",\"description\":\"D\u00e9couvrez la casquette Snapback Woed - VERMEER, un hommage au ma\u00eetre n\u00e9erlandais Johannes Vermeer. Cette snapback unique n'est pas une simple casquette, mais une \u0153uvre d'art en soi !\",\"breadcrumb\":{\"@id\":\"https:\\\/\\\/woedonline.nl\\\/fr\\\/shop\\\/toutes-les-capsules\\\/strapback-fr\\\/bretelles-vermeer\\\/#breadcrumb\"},\"inLanguage\":\"fr-FR\",\"potentialAction\":[{\"@type\":\"ReadAction\",\"target\":[\"https:\\\/\\\/woedonline.nl\\\/fr\\\/shop\\\/toutes-les-capsules\\\/strapback-fr\\\/bretelles-vermeer\\\/\"]}]},{\"@type\":\"ImageObject\",\"inLanguage\":\"fr-FR\",\"@id\":\"https:\\\/\\\/woedonline.nl\\\/fr\\\/shop\\\/toutes-les-capsules\\\/strapback-fr\\\/bretelles-vermeer\\\/#primaryimage\",\"url\":\"https:\\\/\\\/woedonline.nl\\\/wp-content\\\/uploads\\\/2025\\\/03\\\/Strapback-Vermeer-Woed-1.jpg\",\"contentUrl\":\"https:\\\/\\\/woedonline.nl\\\/wp-content\\\/uploads\\\/2025\\\/03\\\/Strapback-Vermeer-Woed-1.jpg\",\"width\":600,\"height\":600,\"caption\":\"Casquette \u00e0 bretelles Vermeer Woed\"},{\"@type\":\"BreadcrumbList\",\"@id\":\"https:\\\/\\\/woedonline.nl\\\/fr\\\/shop\\\/toutes-les-capsules\\\/strapback-fr\\\/bretelles-vermeer\\\/#breadcrumb\",\"itemListElement\":[{\"@type\":\"ListItem\",\"position\":1,\"name\":\"Accueil\",\"item\":\"https:\\\/\\\/woedonline.nl\\\/fr\\\/\"},{\"@type\":\"ListItem\",\"position\":2,\"name\":\"Boutique\",\"item\":\"https:\\\/\\\/woedonline.nl\\\/fr\\\/boutique\\\/\"},{\"@type\":\"ListItem\",\"position\":3,\"name\":\"Strapback | VERMEER\"}]},{\"@type\":\"WebSite\",\"@id\":\"https:\\\/\\\/woedonline.nl\\\/fr\\\/#website\",\"url\":\"https:\\\/\\\/woedonline.nl\\\/fr\\\/\",\"name\":\"Woed\",\"description\":\"Kurk petten, houten horloges en houten zonnebrillen\",\"publisher\":{\"@id\":\"https:\\\/\\\/woedonline.nl\\\/fr\\\/#organization\"},\"alternateName\":\"W\",\"potentialAction\":[{\"@type\":\"SearchAction\",\"target\":{\"@type\":\"EntryPoint\",\"urlTemplate\":\"https:\\\/\\\/woedonline.nl\\\/fr\\\/?s={search_term_string}\"},\"query-input\":{\"@type\":\"PropertyValueSpecification\",\"valueRequired\":true,\"valueName\":\"search_term_string\"}}],\"inLanguage\":\"fr-FR\"},{\"@type\":\"Organization\",\"@id\":\"https:\\\/\\\/woedonline.nl\\\/fr\\\/#organization\",\"name\":\"Woed\",\"alternateName\":\"W\",\"url\":\"https:\\\/\\\/woedonline.nl\\\/fr\\\/\",\"logo\":{\"@type\":\"ImageObject\",\"inLanguage\":\"fr-FR\",\"@id\":\"https:\\\/\\\/woedonline.nl\\\/fr\\\/#\\\/schema\\\/logo\\\/image\\\/\",\"url\":\"https:\\\/\\\/woedonline.nl\\\/wp-content\\\/uploads\\\/2016\\\/05\\\/Wood-logo-name-png.png\",\"contentUrl\":\"https:\\\/\\\/woedonline.nl\\\/wp-content\\\/uploads\\\/2016\\\/05\\\/Wood-logo-name-png.png\",\"width\":250,\"height\":89,\"caption\":\"Woed\"},\"image\":{\"@id\":\"https:\\\/\\\/woedonline.nl\\\/fr\\\/#\\\/schema\\\/logo\\\/image\\\/\"},\"sameAs\":[\"https:\\\/\\\/www.facebook.com\\\/Woedshop\\\/\",\"https:\\\/\\\/www.instagram.com\\\/woed.eu\"]}]}<\/script>\n<!-- \/ Yoast SEO plugin. -->","yoast_head_json":{"title":"Strapback | VERMEER - Woed","description":"D\u00e9couvrez la casquette Snapback Woed - VERMEER, un hommage au ma\u00eetre n\u00e9erlandais Johannes Vermeer. Cette snapback unique n'est pas une simple casquette, mais une \u0153uvre d'art en soi !","robots":{"index":"index","follow":"follow","max-snippet":"max-snippet:-1","max-image-preview":"max-image-preview:large","max-video-preview":"max-video-preview:-1"},"canonical":"https:\/\/woedonline.nl\/fr\/shop\/toutes-les-capsules\/strapback-fr\/bretelles-vermeer\/","og_locale":"fr_FR","og_type":"article","og_title":"Strapback | VERMEER - Woed","og_description":"D\u00e9couvrez la casquette Snapback Woed - VERMEER, un hommage au ma\u00eetre n\u00e9erlandais Johannes Vermeer. Cette snapback unique n'est pas une simple casquette, mais une \u0153uvre d'art en soi !","og_url":"https:\/\/woedonline.nl\/fr\/shop\/toutes-les-capsules\/strapback-fr\/bretelles-vermeer\/","og_site_name":"Woed","article_publisher":"https:\/\/www.facebook.com\/Woedshop\/","article_modified_time":"2026-04-05T14:21:18+00:00","og_image":[{"width":600,"height":600,"url":"https:\/\/woedonline.nl\/wp-content\/uploads\/2025\/03\/Strapback-Vermeer-Woed-1.jpg","type":"image\/jpeg"}],"twitter_card":"summary_large_image","twitter_misc":{"Dur\u00e9e de lecture estim\u00e9e":"2 minutes"},"schema":{"@context":"https:\/\/schema.org","@graph":[{"@type":"WebPage","@id":"https:\/\/woedonline.nl\/fr\/shop\/toutes-les-capsules\/strapback-fr\/bretelles-vermeer\/","url":"https:\/\/woedonline.nl\/fr\/shop\/toutes-les-capsules\/strapback-fr\/bretelles-vermeer\/","name":"Strapback | VERMEER - Woed","isPartOf":{"@id":"https:\/\/woedonline.nl\/fr\/#website"},"primaryImageOfPage":{"@id":"https:\/\/woedonline.nl\/fr\/shop\/toutes-les-capsules\/strapback-fr\/bretelles-vermeer\/#primaryimage"},"image":{"@id":"https:\/\/woedonline.nl\/fr\/shop\/toutes-les-capsules\/strapback-fr\/bretelles-vermeer\/#primaryimage"},"thumbnailUrl":"https:\/\/woedonline.nl\/wp-content\/uploads\/2025\/03\/Strapback-Vermeer-Woed-1.jpg","datePublished":"2025-03-14T09:44:30+00:00","dateModified":"2026-04-05T14:21:18+00:00","description":"D\u00e9couvrez la casquette Snapback Woed - VERMEER, un hommage au ma\u00eetre n\u00e9erlandais Johannes Vermeer. Cette snapback unique n'est pas une simple casquette, mais une \u0153uvre d'art en soi !","breadcrumb":{"@id":"https:\/\/woedonline.nl\/fr\/shop\/toutes-les-capsules\/strapback-fr\/bretelles-vermeer\/#breadcrumb"},"inLanguage":"fr-FR","potentialAction":[{"@type":"ReadAction","target":["https:\/\/woedonline.nl\/fr\/shop\/toutes-les-capsules\/strapback-fr\/bretelles-vermeer\/"]}]},{"@type":"ImageObject","inLanguage":"fr-FR","@id":"https:\/\/woedonline.nl\/fr\/shop\/toutes-les-capsules\/strapback-fr\/bretelles-vermeer\/#primaryimage","url":"https:\/\/woedonline.nl\/wp-content\/uploads\/2025\/03\/Strapback-Vermeer-Woed-1.jpg","contentUrl":"https:\/\/woedonline.nl\/wp-content\/uploads\/2025\/03\/Strapback-Vermeer-Woed-1.jpg","width":600,"height":600,"caption":"Casquette \u00e0 bretelles Vermeer Woed"},{"@type":"BreadcrumbList","@id":"https:\/\/woedonline.nl\/fr\/shop\/toutes-les-capsules\/strapback-fr\/bretelles-vermeer\/#breadcrumb","itemListElement":[{"@type":"ListItem","position":1,"name":"Accueil","item":"https:\/\/woedonline.nl\/fr\/"},{"@type":"ListItem","position":2,"name":"Boutique","item":"https:\/\/woedonline.nl\/fr\/boutique\/"},{"@type":"ListItem","position":3,"name":"Strapback | VERMEER"}]},{"@type":"WebSite","@id":"https:\/\/woedonline.nl\/fr\/#website","url":"https:\/\/woedonline.nl\/fr\/","name":"Woed","description":"Kurk petten, houten horloges en houten zonnebrillen","publisher":{"@id":"https:\/\/woedonline.nl\/fr\/#organization"},"alternateName":"W","potentialAction":[{"@type":"SearchAction","target":{"@type":"EntryPoint","urlTemplate":"https:\/\/woedonline.nl\/fr\/?s={search_term_string}"},"query-input":{"@type":"PropertyValueSpecification","valueRequired":true,"valueName":"search_term_string"}}],"inLanguage":"fr-FR"},{"@type":"Organization","@id":"https:\/\/woedonline.nl\/fr\/#organization","name":"Woed","alternateName":"W","url":"https:\/\/woedonline.nl\/fr\/","logo":{"@type":"ImageObject","inLanguage":"fr-FR","@id":"https:\/\/woedonline.nl\/fr\/#\/schema\/logo\/image\/","url":"https:\/\/woedonline.nl\/wp-content\/uploads\/2016\/05\/Wood-logo-name-png.png","contentUrl":"https:\/\/woedonline.nl\/wp-content\/uploads\/2016\/05\/Wood-logo-name-png.png","width":250,"height":89,"caption":"Woed"},"image":{"@id":"https:\/\/woedonline.nl\/fr\/#\/schema\/logo\/image\/"},"sameAs":["https:\/\/www.facebook.com\/Woedshop\/","https:\/\/www.instagram.com\/woed.eu"]}]}},"_links":{"self":[{"href":"https:\/\/woedonline.nl\/fr\/wp-json\/wp\/v2\/product\/387054","targetHints":{"allow":["GET"]}}],"collection":[{"href":"https:\/\/woedonline.nl\/fr\/wp-json\/wp\/v2\/product"}],"about":[{"href":"https:\/\/woedonline.nl\/fr\/wp-json\/wp\/v2\/types\/product"}],"replies":[{"embeddable":true,"href":"https:\/\/woedonline.nl\/fr\/wp-json\/wp\/v2\/comments?post=387054"}],"wp:featuredmedia":[{"embeddable":true,"href":"https:\/\/woedonline.nl\/fr\/wp-json\/wp\/v2\/media\/388629"}],"wp:attachment":[{"href":"https:\/\/woedonline.nl\/fr\/wp-json\/wp\/v2\/media?parent=387054"}],"wp:term":[{"taxonomy":"product_brand","embeddable":true,"href":"https:\/\/woedonline.nl\/fr\/wp-json\/wp\/v2\/product_brand?post=387054"},{"taxonomy":"product_cat","embeddable":true,"href":"https:\/\/woedonline.nl\/fr\/wp-json\/wp\/v2\/product_cat?post=387054"},{"taxonomy":"product_tag","embeddable":true,"href":"https:\/\/woedonline.nl\/fr\/wp-json\/wp\/v2\/product_tag?post=387054"}],"curies":[{"name":"wp","href":"https:\/\/api.w.org\/{rel}","templated":true}]}}