{"id":387039,"date":"2025-03-14T10:51:56","date_gmt":"2025-03-14T09:51:56","guid":{"rendered":"https:\/\/woedonline.nl\/shop\/non%20class\u00e9\/strapback-aloha\/"},"modified":"2026-04-30T10:50:39","modified_gmt":"2026-04-30T08:50:39","slug":"strapback-aloha","status":"publish","type":"product","link":"https:\/\/woedonline.nl\/fr\/shop\/toutes-les-capsules\/strapback-fr\/strapback-aloha\/","title":{"rendered":"Strapback | ALOHA"},"content":{"rendered":"<p><strong>Casquette Snapback Woed - ALOHA<\/strong> \ud83c\udf3a\ud83c\udf0a\ud83c\udf0a<\/p>\n<p>Apportez les vibrations tropicales \u00e0 votre tenue avec la <strong>casquette Snapback Woed ALOHA<\/strong>! Cette casquette \u00e9l\u00e9gante et unique attire tous les regards et est parfaite pour les amateurs de vibrations estivales.<\/p>\n<p>\u2714 <strong>Qualit\u00e9 sup\u00e9rieure et confort<\/strong> - Fabriqu\u00e9 en <strong>tissu acrylique bleu marine<\/strong> durable, rendant la casquette l\u00e9g\u00e8re et respirante.<br \/>\n\u2714 <strong>D\u00e9tails uniques<\/strong> - Un <strong>patch tiss\u00e9 avec le logo Woed <\/strong> orne le devant, offrant un look subtil mais cool.<br \/>\n\u2714 <strong>Bordure en li\u00e8ge<\/strong> - Le <strong>haut du rabat est recouvert d&rsquo;un rev\u00eatement en li\u00e8ge brun fonc\u00e9<\/strong>, un d\u00e9tail sign\u00e9 Woed qui donne un aspect naturel et luxueux.<br \/>\n\u2714 S <strong>urprise tropicale<\/strong> - Le <strong>bas du rabat est orn\u00e9 d&rsquo;une illustration de style hawa\u00efen avec des fleurs color\u00e9es<\/strong>, ce qui donne \u00e0 cette casquette une touche estivale et ludique.<br \/>\n\u2714 <strong>Ajustement parfait<\/strong> - Gr\u00e2ce \u00e0 la <strong>fermeture en tissu \u00e0 l&rsquo;arri\u00e8re<\/strong>, la casquette est facilement ajustable et convient \u00e0 toutes les tailles de t\u00eate.<\/p>\n<p>Que vous marchiez sur la plage, que vous vous promeniez en ville ou que vous cherchiez simplement une snapback \u00e9l\u00e9gante et confortable, le <strong>Woed ALOHA<\/strong> vous mettra instantan\u00e9ment dans l&rsquo;ambiance tropicale ! \ud83c\udf1e\ud83c\udf34 <\/p>\n<p>\ud83d\uded2 <strong>Commandez d\u00e8s maintenant et ajoutez une touche hawa\u00efenne \u00e0 votre look !<\/strong><\/p>\n","protected":false},"excerpt":{"rendered":"<p><i class=\"ri-checkbox-circle-fill\" data-text-color=\"primary\"><\/i>Taille adulte 56-62cm<\/p>\n<p><i class=\"ri-checkbox-circle-fill\" data-text-color=\"primary\"><\/i>Fabriqu\u00e9 en li\u00e8ge v\u00e9ritable<\/p>\n<p><i class=\"ri-checkbox-circle-fill\" data-text-color=\"primary\"><\/i>Mat\u00e9riaux de haute qualit\u00e9<\/p>\n","protected":false},"featured_media":388454,"comment_status":"open","ping_status":"closed","template":"","meta":[],"product_brand":[],"product_cat":[733,1098],"product_tag":[],"class_list":{"0":"post-387039","1":"product","2":"type-product","3":"status-publish","4":"has-post-thumbnail","6":"product_cat-toutes-les-capsules","7":"product_cat-strapback-fr","8":"product_shipping_class-paquet","10":"first","11":"instock","12":"taxable","13":"shipping-taxable","14":"purchasable","15":"product-type-simple"},"yoast_head":"<!-- This site is optimized with the Yoast SEO plugin v27.5 - https:\/\/yoast.com\/product\/yoast-seo-wordpress\/ -->\n<title>Strapback | ALOHA - Woed<\/title>\n<meta name=\"description\" content=\"Apportez les vibrations tropicales \u00e0 votre tenue avec la casquette Snapback Woed ALOHA ! Cette casquette \u00e9l\u00e9gante et unique attire tous les regards et est parfaite pour les amateurs de vibrations estivales.\" \/>\n<meta name=\"robots\" content=\"index, follow, max-snippet:-1, max-image-preview:large, max-video-preview:-1\" \/>\n<link rel=\"canonical\" href=\"https:\/\/woedonline.nl\/fr\/shop\/toutes-les-capsules\/strapback-fr\/strapback-aloha\/\" \/>\n<meta property=\"og:locale\" content=\"fr_FR\" \/>\n<meta property=\"og:type\" content=\"article\" \/>\n<meta property=\"og:title\" content=\"Strapback | ALOHA - Woed\" \/>\n<meta property=\"og:description\" content=\"Apportez les vibrations tropicales \u00e0 votre tenue avec la casquette Snapback Woed ALOHA ! Cette casquette \u00e9l\u00e9gante et unique attire tous les regards et est parfaite pour les amateurs de vibrations estivales.\" \/>\n<meta property=\"og:url\" content=\"https:\/\/woedonline.nl\/fr\/shop\/toutes-les-capsules\/strapback-fr\/strapback-aloha\/\" \/>\n<meta property=\"og:site_name\" content=\"Woed\" \/>\n<meta property=\"article:publisher\" content=\"https:\/\/www.facebook.com\/Woedshop\/\" \/>\n<meta property=\"article:modified_time\" content=\"2026-04-30T08:50:39+00:00\" \/>\n<meta property=\"og:image\" content=\"https:\/\/woedonline.nl\/wp-content\/uploads\/2025\/03\/Strapback-Aloha-5.jpg\" \/>\n\t<meta property=\"og:image:width\" content=\"600\" \/>\n\t<meta property=\"og:image:height\" content=\"600\" \/>\n\t<meta property=\"og:image:type\" content=\"image\/jpeg\" \/>\n<meta name=\"twitter:card\" content=\"summary_large_image\" \/>\n<meta name=\"twitter:label1\" content=\"Dur\u00e9e de lecture estim\u00e9e\" \/>\n\t<meta name=\"twitter:data1\" content=\"1 minute\" \/>\n<script type=\"application\/ld+json\" class=\"yoast-schema-graph\">{\"@context\":\"https:\\\/\\\/schema.org\",\"@graph\":[{\"@type\":\"WebPage\",\"@id\":\"https:\\\/\\\/woedonline.nl\\\/fr\\\/shop\\\/toutes-les-capsules\\\/strapback-fr\\\/strapback-aloha\\\/\",\"url\":\"https:\\\/\\\/woedonline.nl\\\/fr\\\/shop\\\/toutes-les-capsules\\\/strapback-fr\\\/strapback-aloha\\\/\",\"name\":\"Strapback | ALOHA - Woed\",\"isPartOf\":{\"@id\":\"https:\\\/\\\/woedonline.nl\\\/fr\\\/#website\"},\"primaryImageOfPage\":{\"@id\":\"https:\\\/\\\/woedonline.nl\\\/fr\\\/shop\\\/toutes-les-capsules\\\/strapback-fr\\\/strapback-aloha\\\/#primaryimage\"},\"image\":{\"@id\":\"https:\\\/\\\/woedonline.nl\\\/fr\\\/shop\\\/toutes-les-capsules\\\/strapback-fr\\\/strapback-aloha\\\/#primaryimage\"},\"thumbnailUrl\":\"https:\\\/\\\/woedonline.nl\\\/wp-content\\\/uploads\\\/2025\\\/03\\\/Strapback-Aloha-5.jpg\",\"datePublished\":\"2025-03-14T09:51:56+00:00\",\"dateModified\":\"2026-04-30T08:50:39+00:00\",\"description\":\"Apportez les vibrations tropicales \u00e0 votre tenue avec la casquette Snapback Woed ALOHA ! Cette casquette \u00e9l\u00e9gante et unique attire tous les regards et est parfaite pour les amateurs de vibrations estivales.\",\"breadcrumb\":{\"@id\":\"https:\\\/\\\/woedonline.nl\\\/fr\\\/shop\\\/toutes-les-capsules\\\/strapback-fr\\\/strapback-aloha\\\/#breadcrumb\"},\"inLanguage\":\"fr-FR\",\"potentialAction\":[{\"@type\":\"ReadAction\",\"target\":[\"https:\\\/\\\/woedonline.nl\\\/fr\\\/shop\\\/toutes-les-capsules\\\/strapback-fr\\\/strapback-aloha\\\/\"]}]},{\"@type\":\"ImageObject\",\"inLanguage\":\"fr-FR\",\"@id\":\"https:\\\/\\\/woedonline.nl\\\/fr\\\/shop\\\/toutes-les-capsules\\\/strapback-fr\\\/strapback-aloha\\\/#primaryimage\",\"url\":\"https:\\\/\\\/woedonline.nl\\\/wp-content\\\/uploads\\\/2025\\\/03\\\/Strapback-Aloha-5.jpg\",\"contentUrl\":\"https:\\\/\\\/woedonline.nl\\\/wp-content\\\/uploads\\\/2025\\\/03\\\/Strapback-Aloha-5.jpg\",\"width\":600,\"height\":600},{\"@type\":\"BreadcrumbList\",\"@id\":\"https:\\\/\\\/woedonline.nl\\\/fr\\\/shop\\\/toutes-les-capsules\\\/strapback-fr\\\/strapback-aloha\\\/#breadcrumb\",\"itemListElement\":[{\"@type\":\"ListItem\",\"position\":1,\"name\":\"Accueil\",\"item\":\"https:\\\/\\\/woedonline.nl\\\/fr\\\/\"},{\"@type\":\"ListItem\",\"position\":2,\"name\":\"Boutique\",\"item\":\"https:\\\/\\\/woedonline.nl\\\/fr\\\/boutique\\\/\"},{\"@type\":\"ListItem\",\"position\":3,\"name\":\"Strapback | ALOHA\"}]},{\"@type\":\"WebSite\",\"@id\":\"https:\\\/\\\/woedonline.nl\\\/fr\\\/#website\",\"url\":\"https:\\\/\\\/woedonline.nl\\\/fr\\\/\",\"name\":\"Woed\",\"description\":\"Kurk petten, houten horloges en houten zonnebrillen\",\"publisher\":{\"@id\":\"https:\\\/\\\/woedonline.nl\\\/fr\\\/#organization\"},\"alternateName\":\"W\",\"potentialAction\":[{\"@type\":\"SearchAction\",\"target\":{\"@type\":\"EntryPoint\",\"urlTemplate\":\"https:\\\/\\\/woedonline.nl\\\/fr\\\/?s={search_term_string}\"},\"query-input\":{\"@type\":\"PropertyValueSpecification\",\"valueRequired\":true,\"valueName\":\"search_term_string\"}}],\"inLanguage\":\"fr-FR\"},{\"@type\":\"Organization\",\"@id\":\"https:\\\/\\\/woedonline.nl\\\/fr\\\/#organization\",\"name\":\"Woed\",\"alternateName\":\"W\",\"url\":\"https:\\\/\\\/woedonline.nl\\\/fr\\\/\",\"logo\":{\"@type\":\"ImageObject\",\"inLanguage\":\"fr-FR\",\"@id\":\"https:\\\/\\\/woedonline.nl\\\/fr\\\/#\\\/schema\\\/logo\\\/image\\\/\",\"url\":\"https:\\\/\\\/woedonline.nl\\\/wp-content\\\/uploads\\\/2016\\\/05\\\/Wood-logo-name-png.png\",\"contentUrl\":\"https:\\\/\\\/woedonline.nl\\\/wp-content\\\/uploads\\\/2016\\\/05\\\/Wood-logo-name-png.png\",\"width\":250,\"height\":89,\"caption\":\"Woed\"},\"image\":{\"@id\":\"https:\\\/\\\/woedonline.nl\\\/fr\\\/#\\\/schema\\\/logo\\\/image\\\/\"},\"sameAs\":[\"https:\\\/\\\/www.facebook.com\\\/Woedshop\\\/\",\"https:\\\/\\\/www.instagram.com\\\/woed.eu\"]}]}<\/script>\n<!-- \/ Yoast SEO plugin. -->","yoast_head_json":{"title":"Strapback | ALOHA - Woed","description":"Apportez les vibrations tropicales \u00e0 votre tenue avec la casquette Snapback Woed ALOHA ! Cette casquette \u00e9l\u00e9gante et unique attire tous les regards et est parfaite pour les amateurs de vibrations estivales.","robots":{"index":"index","follow":"follow","max-snippet":"max-snippet:-1","max-image-preview":"max-image-preview:large","max-video-preview":"max-video-preview:-1"},"canonical":"https:\/\/woedonline.nl\/fr\/shop\/toutes-les-capsules\/strapback-fr\/strapback-aloha\/","og_locale":"fr_FR","og_type":"article","og_title":"Strapback | ALOHA - Woed","og_description":"Apportez les vibrations tropicales \u00e0 votre tenue avec la casquette Snapback Woed ALOHA ! Cette casquette \u00e9l\u00e9gante et unique attire tous les regards et est parfaite pour les amateurs de vibrations estivales.","og_url":"https:\/\/woedonline.nl\/fr\/shop\/toutes-les-capsules\/strapback-fr\/strapback-aloha\/","og_site_name":"Woed","article_publisher":"https:\/\/www.facebook.com\/Woedshop\/","article_modified_time":"2026-04-30T08:50:39+00:00","og_image":[{"width":600,"height":600,"url":"https:\/\/woedonline.nl\/wp-content\/uploads\/2025\/03\/Strapback-Aloha-5.jpg","type":"image\/jpeg"}],"twitter_card":"summary_large_image","twitter_misc":{"Dur\u00e9e de lecture estim\u00e9e":"1 minute"},"schema":{"@context":"https:\/\/schema.org","@graph":[{"@type":"WebPage","@id":"https:\/\/woedonline.nl\/fr\/shop\/toutes-les-capsules\/strapback-fr\/strapback-aloha\/","url":"https:\/\/woedonline.nl\/fr\/shop\/toutes-les-capsules\/strapback-fr\/strapback-aloha\/","name":"Strapback | ALOHA - Woed","isPartOf":{"@id":"https:\/\/woedonline.nl\/fr\/#website"},"primaryImageOfPage":{"@id":"https:\/\/woedonline.nl\/fr\/shop\/toutes-les-capsules\/strapback-fr\/strapback-aloha\/#primaryimage"},"image":{"@id":"https:\/\/woedonline.nl\/fr\/shop\/toutes-les-capsules\/strapback-fr\/strapback-aloha\/#primaryimage"},"thumbnailUrl":"https:\/\/woedonline.nl\/wp-content\/uploads\/2025\/03\/Strapback-Aloha-5.jpg","datePublished":"2025-03-14T09:51:56+00:00","dateModified":"2026-04-30T08:50:39+00:00","description":"Apportez les vibrations tropicales \u00e0 votre tenue avec la casquette Snapback Woed ALOHA ! Cette casquette \u00e9l\u00e9gante et unique attire tous les regards et est parfaite pour les amateurs de vibrations estivales.","breadcrumb":{"@id":"https:\/\/woedonline.nl\/fr\/shop\/toutes-les-capsules\/strapback-fr\/strapback-aloha\/#breadcrumb"},"inLanguage":"fr-FR","potentialAction":[{"@type":"ReadAction","target":["https:\/\/woedonline.nl\/fr\/shop\/toutes-les-capsules\/strapback-fr\/strapback-aloha\/"]}]},{"@type":"ImageObject","inLanguage":"fr-FR","@id":"https:\/\/woedonline.nl\/fr\/shop\/toutes-les-capsules\/strapback-fr\/strapback-aloha\/#primaryimage","url":"https:\/\/woedonline.nl\/wp-content\/uploads\/2025\/03\/Strapback-Aloha-5.jpg","contentUrl":"https:\/\/woedonline.nl\/wp-content\/uploads\/2025\/03\/Strapback-Aloha-5.jpg","width":600,"height":600},{"@type":"BreadcrumbList","@id":"https:\/\/woedonline.nl\/fr\/shop\/toutes-les-capsules\/strapback-fr\/strapback-aloha\/#breadcrumb","itemListElement":[{"@type":"ListItem","position":1,"name":"Accueil","item":"https:\/\/woedonline.nl\/fr\/"},{"@type":"ListItem","position":2,"name":"Boutique","item":"https:\/\/woedonline.nl\/fr\/boutique\/"},{"@type":"ListItem","position":3,"name":"Strapback | ALOHA"}]},{"@type":"WebSite","@id":"https:\/\/woedonline.nl\/fr\/#website","url":"https:\/\/woedonline.nl\/fr\/","name":"Woed","description":"Kurk petten, houten horloges en houten zonnebrillen","publisher":{"@id":"https:\/\/woedonline.nl\/fr\/#organization"},"alternateName":"W","potentialAction":[{"@type":"SearchAction","target":{"@type":"EntryPoint","urlTemplate":"https:\/\/woedonline.nl\/fr\/?s={search_term_string}"},"query-input":{"@type":"PropertyValueSpecification","valueRequired":true,"valueName":"search_term_string"}}],"inLanguage":"fr-FR"},{"@type":"Organization","@id":"https:\/\/woedonline.nl\/fr\/#organization","name":"Woed","alternateName":"W","url":"https:\/\/woedonline.nl\/fr\/","logo":{"@type":"ImageObject","inLanguage":"fr-FR","@id":"https:\/\/woedonline.nl\/fr\/#\/schema\/logo\/image\/","url":"https:\/\/woedonline.nl\/wp-content\/uploads\/2016\/05\/Wood-logo-name-png.png","contentUrl":"https:\/\/woedonline.nl\/wp-content\/uploads\/2016\/05\/Wood-logo-name-png.png","width":250,"height":89,"caption":"Woed"},"image":{"@id":"https:\/\/woedonline.nl\/fr\/#\/schema\/logo\/image\/"},"sameAs":["https:\/\/www.facebook.com\/Woedshop\/","https:\/\/www.instagram.com\/woed.eu"]}]}},"_links":{"self":[{"href":"https:\/\/woedonline.nl\/fr\/wp-json\/wp\/v2\/product\/387039","targetHints":{"allow":["GET"]}}],"collection":[{"href":"https:\/\/woedonline.nl\/fr\/wp-json\/wp\/v2\/product"}],"about":[{"href":"https:\/\/woedonline.nl\/fr\/wp-json\/wp\/v2\/types\/product"}],"replies":[{"embeddable":true,"href":"https:\/\/woedonline.nl\/fr\/wp-json\/wp\/v2\/comments?post=387039"}],"wp:featuredmedia":[{"embeddable":true,"href":"https:\/\/woedonline.nl\/fr\/wp-json\/wp\/v2\/media\/388454"}],"wp:attachment":[{"href":"https:\/\/woedonline.nl\/fr\/wp-json\/wp\/v2\/media?parent=387039"}],"wp:term":[{"taxonomy":"product_brand","embeddable":true,"href":"https:\/\/woedonline.nl\/fr\/wp-json\/wp\/v2\/product_brand?post=387039"},{"taxonomy":"product_cat","embeddable":true,"href":"https:\/\/woedonline.nl\/fr\/wp-json\/wp\/v2\/product_cat?post=387039"},{"taxonomy":"product_tag","embeddable":true,"href":"https:\/\/woedonline.nl\/fr\/wp-json\/wp\/v2\/product_tag?post=387039"}],"curies":[{"name":"wp","href":"https:\/\/api.w.org\/{rel}","templated":true}]}}