{"id":385020,"date":"2024-11-27T09:32:18","date_gmt":"2024-11-27T08:32:18","guid":{"rendered":"https:\/\/woedonline.nl\/shop\/non%20class\u00e9\/combinaison-foret-grise\/"},"modified":"2025-11-05T15:01:27","modified_gmt":"2025-11-05T14:01:27","slug":"combinaison-foret-grise","status":"publish","type":"product","link":"https:\/\/woedonline.nl\/fr\/shop\/toutes-les-capsules\/ensembles-combines\/combinaison-foret-grise\/","title":{"rendered":"Combinaison | For\u00eat grise"},"content":{"rendered":"<p><strong>Combinaison de bonnets de la for\u00eat grise (adulte et junior)<\/strong><\/p>\n<p>D\u00e9couvrez la combinaison de casquettes <strong>Grey Forest<\/strong> qui conviendra parfaitement aux jeunes et aux moins jeunes ! Ce set se compose de deux casquettes \u00e9l\u00e9gantes : une en taille adulte et une en taille junior. Id\u00e9al pour les parents et les enfants ou pour tous ceux qui aiment un look coordonn\u00e9 et intemporel.  <\/p>\n<h3><strong>Sp\u00e9cifications :<\/strong><\/h3>\n<ul>\n<li><strong>Tissu :<\/strong> Tissu acrylique de haute qualit\u00e9 pour une tenue confortable et durable.<\/li>\n<li><strong>Fermeture :<\/strong> les deux casquettes sont dot\u00e9es d&rsquo;une sangle en cuir r\u00e9glable, ce qui permet de les adapter \u00e0 diff\u00e9rentes tailles de t\u00eate.<\/li>\n<li><strong>Design :<\/strong> Un design classique et neutre avec un look sophistiqu\u00e9, parfait pour toutes les occasions.<\/li>\n<\/ul>\n<p>Que ce soit pour une sortie, une photo de famille ou simplement pour un accessoire \u00e9l\u00e9gant de tous les jours, les casquettes <strong>Grey Forest<\/strong> vous aideront \u00e0 vous d\u00e9marquer ensemble.<\/p>\n<p><strong>Disponible en set (taille adulte + taille junior) \u00e0 un prix comp\u00e9titif.<\/strong><br \/>\nSurprenez vous-m\u00eame ou quelqu&rsquo;un d&rsquo;autre avec cette combinaison unique !<\/p>\n","protected":false},"excerpt":{"rendered":"<p><i class=\"icon-checkmark\" style=\"color: green;\"><\/i><br \/>\n<i class=\"icon-checkmark\" style=\"color: green;\"><\/i><br \/>\n<i class=\"icon-checkmark\" style=\"color: green;\"><\/i><br \/>\n<i class=\"icon-checkmark\" style=\"color: green;\"><\/i><br \/>\n<i class=\"icon-checkmark\" style=\"color: green;\"><\/i><br \/>\n<i class=\"icon-checkmark\" style=\"color: green;\"><\/i><br \/>\n<i class=\"icon-heart-o\" style=\"color: red;\"><\/i> Casquette \u00e0 6 panneaux Ensemble adulte et junior Mat\u00e9riau de haute qualit\u00e9 100 % naturel Fabriqu\u00e9 avec du vrai li\u00e8ge L\u00e9ger et confortable Con\u00e7u aux Pays-Bas<\/p>\n","protected":false},"featured_media":385021,"comment_status":"open","ping_status":"closed","template":"","meta":[],"product_brand":[],"product_cat":[733,1209],"product_tag":[],"class_list":{"0":"post-385020","1":"product","2":"type-product","3":"status-publish","4":"has-post-thumbnail","6":"product_cat-toutes-les-capsules","7":"product_cat-ensembles-combines","8":"product_shipping_class-paquet","10":"first","11":"outofstock","12":"taxable","13":"shipping-taxable","14":"purchasable","15":"product-type-simple"},"yoast_head":"<!-- This site is optimized with the Yoast SEO plugin v27.3 - https:\/\/yoast.com\/product\/yoast-seo-wordpress\/ -->\n<title>Combinaison | For\u00eat grise - Woed<\/title>\n<meta name=\"description\" content=\"D\u00e9couvrez la combinaison de casquettes Grey Forest qui conviendra parfaitement aux jeunes et aux moins jeunes ! Cet ensemble se compose de deux casquettes \u00e9l\u00e9gantes : une en taille adulte et une en taille junior. Id\u00e9al pour les parents et les enfants ou pour tous ceux qui aiment un look intemporel et coordonn\u00e9.Sp\u00e9cifications :\" \/>\n<meta name=\"robots\" content=\"index, follow, max-snippet:-1, max-image-preview:large, max-video-preview:-1\" \/>\n<link rel=\"canonical\" href=\"https:\/\/woedonline.nl\/fr\/shop\/toutes-les-capsules\/ensembles-combines\/combinaison-foret-grise\/\" \/>\n<meta property=\"og:locale\" content=\"fr_FR\" \/>\n<meta property=\"og:type\" content=\"article\" \/>\n<meta property=\"og:title\" content=\"Combinaison | For\u00eat grise - Woed\" \/>\n<meta property=\"og:description\" content=\"D\u00e9couvrez la combinaison de casquettes Grey Forest qui conviendra parfaitement aux jeunes et aux moins jeunes ! Cet ensemble se compose de deux casquettes \u00e9l\u00e9gantes : une en taille adulte et une en taille junior. Id\u00e9al pour les parents et les enfants ou pour tous ceux qui aiment un look intemporel et coordonn\u00e9.Sp\u00e9cifications :\" \/>\n<meta property=\"og:url\" content=\"https:\/\/woedonline.nl\/fr\/shop\/toutes-les-capsules\/ensembles-combines\/combinaison-foret-grise\/\" \/>\n<meta property=\"og:site_name\" content=\"Woed\" \/>\n<meta property=\"article:publisher\" content=\"https:\/\/www.facebook.com\/Woedshop\/\" \/>\n<meta property=\"article:modified_time\" content=\"2025-11-05T14:01:27+00:00\" \/>\n<meta property=\"og:image\" content=\"https:\/\/woedonline.nl\/wp-content\/uploads\/2024\/11\/Grey-Forest-Duo-1.jpg\" \/>\n\t<meta property=\"og:image:width\" content=\"800\" \/>\n\t<meta property=\"og:image:height\" content=\"800\" \/>\n\t<meta property=\"og:image:type\" content=\"image\/jpeg\" \/>\n<meta name=\"twitter:card\" content=\"summary_large_image\" \/>\n<meta name=\"twitter:label1\" content=\"Dur\u00e9e de lecture estim\u00e9e\" \/>\n\t<meta name=\"twitter:data1\" content=\"1 minute\" \/>\n<script type=\"application\/ld+json\" class=\"yoast-schema-graph\">{\"@context\":\"https:\\\/\\\/schema.org\",\"@graph\":[{\"@type\":\"WebPage\",\"@id\":\"https:\\\/\\\/woedonline.nl\\\/fr\\\/shop\\\/toutes-les-capsules\\\/ensembles-combines\\\/combinaison-foret-grise\\\/\",\"url\":\"https:\\\/\\\/woedonline.nl\\\/fr\\\/shop\\\/toutes-les-capsules\\\/ensembles-combines\\\/combinaison-foret-grise\\\/\",\"name\":\"Combinaison | For\u00eat grise - Woed\",\"isPartOf\":{\"@id\":\"https:\\\/\\\/woedonline.nl\\\/fr\\\/#website\"},\"primaryImageOfPage\":{\"@id\":\"https:\\\/\\\/woedonline.nl\\\/fr\\\/shop\\\/toutes-les-capsules\\\/ensembles-combines\\\/combinaison-foret-grise\\\/#primaryimage\"},\"image\":{\"@id\":\"https:\\\/\\\/woedonline.nl\\\/fr\\\/shop\\\/toutes-les-capsules\\\/ensembles-combines\\\/combinaison-foret-grise\\\/#primaryimage\"},\"thumbnailUrl\":\"https:\\\/\\\/woedonline.nl\\\/wp-content\\\/uploads\\\/2024\\\/11\\\/Grey-Forest-Duo-1.jpg\",\"datePublished\":\"2024-11-27T08:32:18+00:00\",\"dateModified\":\"2025-11-05T14:01:27+00:00\",\"description\":\"D\u00e9couvrez la combinaison de casquettes Grey Forest qui conviendra parfaitement aux jeunes et aux moins jeunes ! Cet ensemble se compose de deux casquettes \u00e9l\u00e9gantes : une en taille adulte et une en taille junior. Id\u00e9al pour les parents et les enfants ou pour tous ceux qui aiment un look intemporel et coordonn\u00e9.Sp\u00e9cifications :\",\"breadcrumb\":{\"@id\":\"https:\\\/\\\/woedonline.nl\\\/fr\\\/shop\\\/toutes-les-capsules\\\/ensembles-combines\\\/combinaison-foret-grise\\\/#breadcrumb\"},\"inLanguage\":\"fr-FR\",\"potentialAction\":[{\"@type\":\"ReadAction\",\"target\":[\"https:\\\/\\\/woedonline.nl\\\/fr\\\/shop\\\/toutes-les-capsules\\\/ensembles-combines\\\/combinaison-foret-grise\\\/\"]}]},{\"@type\":\"ImageObject\",\"inLanguage\":\"fr-FR\",\"@id\":\"https:\\\/\\\/woedonline.nl\\\/fr\\\/shop\\\/toutes-les-capsules\\\/ensembles-combines\\\/combinaison-foret-grise\\\/#primaryimage\",\"url\":\"https:\\\/\\\/woedonline.nl\\\/wp-content\\\/uploads\\\/2024\\\/11\\\/Grey-Forest-Duo-1.jpg\",\"contentUrl\":\"https:\\\/\\\/woedonline.nl\\\/wp-content\\\/uploads\\\/2024\\\/11\\\/Grey-Forest-Duo-1.jpg\",\"width\":800,\"height\":800},{\"@type\":\"BreadcrumbList\",\"@id\":\"https:\\\/\\\/woedonline.nl\\\/fr\\\/shop\\\/toutes-les-capsules\\\/ensembles-combines\\\/combinaison-foret-grise\\\/#breadcrumb\",\"itemListElement\":[{\"@type\":\"ListItem\",\"position\":1,\"name\":\"Accueil\",\"item\":\"https:\\\/\\\/woedonline.nl\\\/fr\\\/\"},{\"@type\":\"ListItem\",\"position\":2,\"name\":\"Boutique\",\"item\":\"https:\\\/\\\/woedonline.nl\\\/fr\\\/boutique\\\/\"},{\"@type\":\"ListItem\",\"position\":3,\"name\":\"Combinaison | For\u00eat grise\"}]},{\"@type\":\"WebSite\",\"@id\":\"https:\\\/\\\/woedonline.nl\\\/fr\\\/#website\",\"url\":\"https:\\\/\\\/woedonline.nl\\\/fr\\\/\",\"name\":\"Woed\",\"description\":\"Kurk petten, houten horloges en houten zonnebrillen\",\"publisher\":{\"@id\":\"https:\\\/\\\/woedonline.nl\\\/fr\\\/#organization\"},\"alternateName\":\"W\",\"potentialAction\":[{\"@type\":\"SearchAction\",\"target\":{\"@type\":\"EntryPoint\",\"urlTemplate\":\"https:\\\/\\\/woedonline.nl\\\/fr\\\/?s={search_term_string}\"},\"query-input\":{\"@type\":\"PropertyValueSpecification\",\"valueRequired\":true,\"valueName\":\"search_term_string\"}}],\"inLanguage\":\"fr-FR\"},{\"@type\":\"Organization\",\"@id\":\"https:\\\/\\\/woedonline.nl\\\/fr\\\/#organization\",\"name\":\"Woed\",\"alternateName\":\"W\",\"url\":\"https:\\\/\\\/woedonline.nl\\\/fr\\\/\",\"logo\":{\"@type\":\"ImageObject\",\"inLanguage\":\"fr-FR\",\"@id\":\"https:\\\/\\\/woedonline.nl\\\/fr\\\/#\\\/schema\\\/logo\\\/image\\\/\",\"url\":\"https:\\\/\\\/woedonline.nl\\\/wp-content\\\/uploads\\\/2016\\\/05\\\/Wood-logo-name-png.png\",\"contentUrl\":\"https:\\\/\\\/woedonline.nl\\\/wp-content\\\/uploads\\\/2016\\\/05\\\/Wood-logo-name-png.png\",\"width\":250,\"height\":89,\"caption\":\"Woed\"},\"image\":{\"@id\":\"https:\\\/\\\/woedonline.nl\\\/fr\\\/#\\\/schema\\\/logo\\\/image\\\/\"},\"sameAs\":[\"https:\\\/\\\/www.facebook.com\\\/Woedshop\\\/\",\"https:\\\/\\\/www.instagram.com\\\/woed.eu\"]}]}<\/script>\n<!-- \/ Yoast SEO plugin. -->","yoast_head_json":{"title":"Combinaison | For\u00eat grise - Woed","description":"D\u00e9couvrez la combinaison de casquettes Grey Forest qui conviendra parfaitement aux jeunes et aux moins jeunes ! Cet ensemble se compose de deux casquettes \u00e9l\u00e9gantes : une en taille adulte et une en taille junior. Id\u00e9al pour les parents et les enfants ou pour tous ceux qui aiment un look intemporel et coordonn\u00e9.Sp\u00e9cifications :","robots":{"index":"index","follow":"follow","max-snippet":"max-snippet:-1","max-image-preview":"max-image-preview:large","max-video-preview":"max-video-preview:-1"},"canonical":"https:\/\/woedonline.nl\/fr\/shop\/toutes-les-capsules\/ensembles-combines\/combinaison-foret-grise\/","og_locale":"fr_FR","og_type":"article","og_title":"Combinaison | For\u00eat grise - Woed","og_description":"D\u00e9couvrez la combinaison de casquettes Grey Forest qui conviendra parfaitement aux jeunes et aux moins jeunes ! Cet ensemble se compose de deux casquettes \u00e9l\u00e9gantes : une en taille adulte et une en taille junior. Id\u00e9al pour les parents et les enfants ou pour tous ceux qui aiment un look intemporel et coordonn\u00e9.Sp\u00e9cifications :","og_url":"https:\/\/woedonline.nl\/fr\/shop\/toutes-les-capsules\/ensembles-combines\/combinaison-foret-grise\/","og_site_name":"Woed","article_publisher":"https:\/\/www.facebook.com\/Woedshop\/","article_modified_time":"2025-11-05T14:01:27+00:00","og_image":[{"width":800,"height":800,"url":"https:\/\/woedonline.nl\/wp-content\/uploads\/2024\/11\/Grey-Forest-Duo-1.jpg","type":"image\/jpeg"}],"twitter_card":"summary_large_image","twitter_misc":{"Dur\u00e9e de lecture estim\u00e9e":"1 minute"},"schema":{"@context":"https:\/\/schema.org","@graph":[{"@type":"WebPage","@id":"https:\/\/woedonline.nl\/fr\/shop\/toutes-les-capsules\/ensembles-combines\/combinaison-foret-grise\/","url":"https:\/\/woedonline.nl\/fr\/shop\/toutes-les-capsules\/ensembles-combines\/combinaison-foret-grise\/","name":"Combinaison | For\u00eat grise - Woed","isPartOf":{"@id":"https:\/\/woedonline.nl\/fr\/#website"},"primaryImageOfPage":{"@id":"https:\/\/woedonline.nl\/fr\/shop\/toutes-les-capsules\/ensembles-combines\/combinaison-foret-grise\/#primaryimage"},"image":{"@id":"https:\/\/woedonline.nl\/fr\/shop\/toutes-les-capsules\/ensembles-combines\/combinaison-foret-grise\/#primaryimage"},"thumbnailUrl":"https:\/\/woedonline.nl\/wp-content\/uploads\/2024\/11\/Grey-Forest-Duo-1.jpg","datePublished":"2024-11-27T08:32:18+00:00","dateModified":"2025-11-05T14:01:27+00:00","description":"D\u00e9couvrez la combinaison de casquettes Grey Forest qui conviendra parfaitement aux jeunes et aux moins jeunes ! Cet ensemble se compose de deux casquettes \u00e9l\u00e9gantes : une en taille adulte et une en taille junior. Id\u00e9al pour les parents et les enfants ou pour tous ceux qui aiment un look intemporel et coordonn\u00e9.Sp\u00e9cifications :","breadcrumb":{"@id":"https:\/\/woedonline.nl\/fr\/shop\/toutes-les-capsules\/ensembles-combines\/combinaison-foret-grise\/#breadcrumb"},"inLanguage":"fr-FR","potentialAction":[{"@type":"ReadAction","target":["https:\/\/woedonline.nl\/fr\/shop\/toutes-les-capsules\/ensembles-combines\/combinaison-foret-grise\/"]}]},{"@type":"ImageObject","inLanguage":"fr-FR","@id":"https:\/\/woedonline.nl\/fr\/shop\/toutes-les-capsules\/ensembles-combines\/combinaison-foret-grise\/#primaryimage","url":"https:\/\/woedonline.nl\/wp-content\/uploads\/2024\/11\/Grey-Forest-Duo-1.jpg","contentUrl":"https:\/\/woedonline.nl\/wp-content\/uploads\/2024\/11\/Grey-Forest-Duo-1.jpg","width":800,"height":800},{"@type":"BreadcrumbList","@id":"https:\/\/woedonline.nl\/fr\/shop\/toutes-les-capsules\/ensembles-combines\/combinaison-foret-grise\/#breadcrumb","itemListElement":[{"@type":"ListItem","position":1,"name":"Accueil","item":"https:\/\/woedonline.nl\/fr\/"},{"@type":"ListItem","position":2,"name":"Boutique","item":"https:\/\/woedonline.nl\/fr\/boutique\/"},{"@type":"ListItem","position":3,"name":"Combinaison | For\u00eat grise"}]},{"@type":"WebSite","@id":"https:\/\/woedonline.nl\/fr\/#website","url":"https:\/\/woedonline.nl\/fr\/","name":"Woed","description":"Kurk petten, houten horloges en houten zonnebrillen","publisher":{"@id":"https:\/\/woedonline.nl\/fr\/#organization"},"alternateName":"W","potentialAction":[{"@type":"SearchAction","target":{"@type":"EntryPoint","urlTemplate":"https:\/\/woedonline.nl\/fr\/?s={search_term_string}"},"query-input":{"@type":"PropertyValueSpecification","valueRequired":true,"valueName":"search_term_string"}}],"inLanguage":"fr-FR"},{"@type":"Organization","@id":"https:\/\/woedonline.nl\/fr\/#organization","name":"Woed","alternateName":"W","url":"https:\/\/woedonline.nl\/fr\/","logo":{"@type":"ImageObject","inLanguage":"fr-FR","@id":"https:\/\/woedonline.nl\/fr\/#\/schema\/logo\/image\/","url":"https:\/\/woedonline.nl\/wp-content\/uploads\/2016\/05\/Wood-logo-name-png.png","contentUrl":"https:\/\/woedonline.nl\/wp-content\/uploads\/2016\/05\/Wood-logo-name-png.png","width":250,"height":89,"caption":"Woed"},"image":{"@id":"https:\/\/woedonline.nl\/fr\/#\/schema\/logo\/image\/"},"sameAs":["https:\/\/www.facebook.com\/Woedshop\/","https:\/\/www.instagram.com\/woed.eu"]}]}},"_links":{"self":[{"href":"https:\/\/woedonline.nl\/fr\/wp-json\/wp\/v2\/product\/385020","targetHints":{"allow":["GET"]}}],"collection":[{"href":"https:\/\/woedonline.nl\/fr\/wp-json\/wp\/v2\/product"}],"about":[{"href":"https:\/\/woedonline.nl\/fr\/wp-json\/wp\/v2\/types\/product"}],"replies":[{"embeddable":true,"href":"https:\/\/woedonline.nl\/fr\/wp-json\/wp\/v2\/comments?post=385020"}],"wp:featuredmedia":[{"embeddable":true,"href":"https:\/\/woedonline.nl\/fr\/wp-json\/wp\/v2\/media\/385021"}],"wp:attachment":[{"href":"https:\/\/woedonline.nl\/fr\/wp-json\/wp\/v2\/media?parent=385020"}],"wp:term":[{"taxonomy":"product_brand","embeddable":true,"href":"https:\/\/woedonline.nl\/fr\/wp-json\/wp\/v2\/product_brand?post=385020"},{"taxonomy":"product_cat","embeddable":true,"href":"https:\/\/woedonline.nl\/fr\/wp-json\/wp\/v2\/product_cat?post=385020"},{"taxonomy":"product_tag","embeddable":true,"href":"https:\/\/woedonline.nl\/fr\/wp-json\/wp\/v2\/product_tag?post=385020"}],"curies":[{"name":"wp","href":"https:\/\/api.w.org\/{rel}","templated":true}]}}