{"id":384068,"date":"2024-10-30T10:51:03","date_gmt":"2024-10-30T09:51:03","guid":{"rendered":"https:\/\/woedonline.nl\/shop\/non%20class\u00e9\/montre-en-bois-48mm-premium-zebrano\/"},"modified":"2026-02-21T13:34:18","modified_gmt":"2026-02-21T12:34:18","slug":"montre-en-bois-48mm-premium-zebrano","status":"publish","type":"product","link":"https:\/\/woedonline.nl\/fr\/shop\/montres-en-bois\/premium-fr\/montre-en-bois-48mm-premium-zebrano\/","title":{"rendered":"Montre en bois | 48mm | Premium | Zebrano"},"content":{"rendered":"<p>Belle montre en bois z\u00e9br\u00e9. La montre a une \u00e9paisseur de 13 mm et une largeur de 48 mm. La montre fait partie de la cat\u00e9gorie Woed Premium watches. Le m\u00e9canisme de la montre est un mouvement multifonctionnel, ce qui signifie que toutes les mains travaillent ! Le poids de la montre est de 63 grammes.    <\/p>\n","protected":false},"excerpt":{"rendered":"<p>\u2714Premium execution ! \u2714Including luxury gift box \u2714100% real wood \u2714Multi-Function Movement \u271448mm (uni sex model) \u2714Watch thickness : 13 mm \u2714Watch band width : 24 mm \u2714Weight : 63 grams<\/p>\n","protected":false},"featured_media":334923,"comment_status":"closed","ping_status":"closed","template":"","meta":[],"product_brand":[],"product_cat":[468,759],"product_tag":[],"class_list":{"0":"post-384068","1":"product","2":"type-product","3":"status-publish","4":"has-post-thumbnail","6":"product_cat-montres-en-bois","7":"product_cat-premium-fr","8":"product_shipping_class-armbanden-horloge-zonnebrillen-fr","10":"first","11":"instock","12":"taxable","13":"shipping-taxable","14":"purchasable","15":"product-type-simple"},"yoast_head":"<!-- This site is optimized with the Yoast SEO plugin v27.4 - https:\/\/yoast.com\/product\/yoast-seo-wordpress\/ -->\n<title>Montre en bois | 48mm | Premium | Zebrano - Woed<\/title>\n<meta name=\"description\" content=\"Belle montre en bois z\u00e9br\u00e9. La montre a une \u00e9paisseur de 13 mm et une largeur de 48 mm. La montre fait partie de la cat\u00e9gorie Woed Premium watches. Cela signifie qu&#039;il s&#039;agit d&#039;une montre tr\u00e8s luxueuse et qu&#039;elle est fabriqu\u00e9e \u00e0 la main. Le m\u00e9canisme de la montre est un mouvement multifonctionnel, ce qui signifie que toutes les mains travaillent ! Le poids de la montre est de 63 grammes.\" \/>\n<meta name=\"robots\" content=\"index, follow, max-snippet:-1, max-image-preview:large, max-video-preview:-1\" \/>\n<link rel=\"canonical\" href=\"https:\/\/woedonline.nl\/fr\/shop\/montres-en-bois\/premium-fr\/montre-en-bois-48mm-premium-zebrano\/\" \/>\n<meta property=\"og:locale\" content=\"fr_FR\" \/>\n<meta property=\"og:type\" content=\"article\" \/>\n<meta property=\"og:title\" content=\"Montre en bois | 48mm | Premium | Zebrano - Woed\" \/>\n<meta property=\"og:description\" content=\"Belle montre en bois z\u00e9br\u00e9. La montre a une \u00e9paisseur de 13 mm et une largeur de 48 mm. La montre fait partie de la cat\u00e9gorie Woed Premium watches. Cela signifie qu&#039;il s&#039;agit d&#039;une montre tr\u00e8s luxueuse et qu&#039;elle est fabriqu\u00e9e \u00e0 la main. Le m\u00e9canisme de la montre est un mouvement multifonctionnel, ce qui signifie que toutes les mains travaillent ! Le poids de la montre est de 63 grammes.\" \/>\n<meta property=\"og:url\" content=\"https:\/\/woedonline.nl\/fr\/shop\/montres-en-bois\/premium-fr\/montre-en-bois-48mm-premium-zebrano\/\" \/>\n<meta property=\"og:site_name\" content=\"Woed\" \/>\n<meta property=\"article:publisher\" content=\"https:\/\/www.facebook.com\/Woedshop\/\" \/>\n<meta property=\"article:modified_time\" content=\"2026-02-21T12:34:18+00:00\" \/>\n<meta property=\"og:image\" content=\"https:\/\/woedonline.nl\/wp-content\/uploads\/2023\/02\/Woed-Horloge-Zebrano.png\" \/>\n\t<meta property=\"og:image:width\" content=\"1000\" \/>\n\t<meta property=\"og:image:height\" content=\"1000\" \/>\n\t<meta property=\"og:image:type\" content=\"image\/png\" \/>\n<meta name=\"twitter:card\" content=\"summary_large_image\" \/>\n<script type=\"application\/ld+json\" class=\"yoast-schema-graph\">{\"@context\":\"https:\\\/\\\/schema.org\",\"@graph\":[{\"@type\":\"WebPage\",\"@id\":\"https:\\\/\\\/woedonline.nl\\\/fr\\\/shop\\\/montres-en-bois\\\/premium-fr\\\/montre-en-bois-48mm-premium-zebrano\\\/\",\"url\":\"https:\\\/\\\/woedonline.nl\\\/fr\\\/shop\\\/montres-en-bois\\\/premium-fr\\\/montre-en-bois-48mm-premium-zebrano\\\/\",\"name\":\"Montre en bois | 48mm | Premium | Zebrano - Woed\",\"isPartOf\":{\"@id\":\"https:\\\/\\\/woedonline.nl\\\/fr\\\/#website\"},\"primaryImageOfPage\":{\"@id\":\"https:\\\/\\\/woedonline.nl\\\/fr\\\/shop\\\/montres-en-bois\\\/premium-fr\\\/montre-en-bois-48mm-premium-zebrano\\\/#primaryimage\"},\"image\":{\"@id\":\"https:\\\/\\\/woedonline.nl\\\/fr\\\/shop\\\/montres-en-bois\\\/premium-fr\\\/montre-en-bois-48mm-premium-zebrano\\\/#primaryimage\"},\"thumbnailUrl\":\"https:\\\/\\\/woedonline.nl\\\/wp-content\\\/uploads\\\/2023\\\/02\\\/Woed-Horloge-Zebrano.png\",\"datePublished\":\"2024-10-30T09:51:03+00:00\",\"dateModified\":\"2026-02-21T12:34:18+00:00\",\"description\":\"Belle montre en bois z\u00e9br\u00e9. La montre a une \u00e9paisseur de 13 mm et une largeur de 48 mm. La montre fait partie de la cat\u00e9gorie Woed Premium watches. Cela signifie qu'il s'agit d'une montre tr\u00e8s luxueuse et qu'elle est fabriqu\u00e9e \u00e0 la main. Le m\u00e9canisme de la montre est un mouvement multifonctionnel, ce qui signifie que toutes les mains travaillent ! Le poids de la montre est de 63 grammes.\",\"breadcrumb\":{\"@id\":\"https:\\\/\\\/woedonline.nl\\\/fr\\\/shop\\\/montres-en-bois\\\/premium-fr\\\/montre-en-bois-48mm-premium-zebrano\\\/#breadcrumb\"},\"inLanguage\":\"fr-FR\",\"potentialAction\":[{\"@type\":\"ReadAction\",\"target\":[\"https:\\\/\\\/woedonline.nl\\\/fr\\\/shop\\\/montres-en-bois\\\/premium-fr\\\/montre-en-bois-48mm-premium-zebrano\\\/\"]}]},{\"@type\":\"ImageObject\",\"inLanguage\":\"fr-FR\",\"@id\":\"https:\\\/\\\/woedonline.nl\\\/fr\\\/shop\\\/montres-en-bois\\\/premium-fr\\\/montre-en-bois-48mm-premium-zebrano\\\/#primaryimage\",\"url\":\"https:\\\/\\\/woedonline.nl\\\/wp-content\\\/uploads\\\/2023\\\/02\\\/Woed-Horloge-Zebrano.png\",\"contentUrl\":\"https:\\\/\\\/woedonline.nl\\\/wp-content\\\/uploads\\\/2023\\\/02\\\/Woed-Horloge-Zebrano.png\",\"width\":1000,\"height\":1000},{\"@type\":\"BreadcrumbList\",\"@id\":\"https:\\\/\\\/woedonline.nl\\\/fr\\\/shop\\\/montres-en-bois\\\/premium-fr\\\/montre-en-bois-48mm-premium-zebrano\\\/#breadcrumb\",\"itemListElement\":[{\"@type\":\"ListItem\",\"position\":1,\"name\":\"Accueil\",\"item\":\"https:\\\/\\\/woedonline.nl\\\/fr\\\/\"},{\"@type\":\"ListItem\",\"position\":2,\"name\":\"Boutique\",\"item\":\"https:\\\/\\\/woedonline.nl\\\/fr\\\/boutique\\\/\"},{\"@type\":\"ListItem\",\"position\":3,\"name\":\"Montre en bois | 48mm | Premium | Zebrano\"}]},{\"@type\":\"WebSite\",\"@id\":\"https:\\\/\\\/woedonline.nl\\\/fr\\\/#website\",\"url\":\"https:\\\/\\\/woedonline.nl\\\/fr\\\/\",\"name\":\"Woed\",\"description\":\"Kurk petten, houten horloges en houten zonnebrillen\",\"publisher\":{\"@id\":\"https:\\\/\\\/woedonline.nl\\\/fr\\\/#organization\"},\"alternateName\":\"W\",\"potentialAction\":[{\"@type\":\"SearchAction\",\"target\":{\"@type\":\"EntryPoint\",\"urlTemplate\":\"https:\\\/\\\/woedonline.nl\\\/fr\\\/?s={search_term_string}\"},\"query-input\":{\"@type\":\"PropertyValueSpecification\",\"valueRequired\":true,\"valueName\":\"search_term_string\"}}],\"inLanguage\":\"fr-FR\"},{\"@type\":\"Organization\",\"@id\":\"https:\\\/\\\/woedonline.nl\\\/fr\\\/#organization\",\"name\":\"Woed\",\"alternateName\":\"W\",\"url\":\"https:\\\/\\\/woedonline.nl\\\/fr\\\/\",\"logo\":{\"@type\":\"ImageObject\",\"inLanguage\":\"fr-FR\",\"@id\":\"https:\\\/\\\/woedonline.nl\\\/fr\\\/#\\\/schema\\\/logo\\\/image\\\/\",\"url\":\"https:\\\/\\\/woedonline.nl\\\/wp-content\\\/uploads\\\/2016\\\/05\\\/Wood-logo-name-png.png\",\"contentUrl\":\"https:\\\/\\\/woedonline.nl\\\/wp-content\\\/uploads\\\/2016\\\/05\\\/Wood-logo-name-png.png\",\"width\":250,\"height\":89,\"caption\":\"Woed\"},\"image\":{\"@id\":\"https:\\\/\\\/woedonline.nl\\\/fr\\\/#\\\/schema\\\/logo\\\/image\\\/\"},\"sameAs\":[\"https:\\\/\\\/www.facebook.com\\\/Woedshop\\\/\",\"https:\\\/\\\/www.instagram.com\\\/woed.eu\"]}]}<\/script>\n<!-- \/ Yoast SEO plugin. -->","yoast_head_json":{"title":"Montre en bois | 48mm | Premium | Zebrano - Woed","description":"Belle montre en bois z\u00e9br\u00e9. La montre a une \u00e9paisseur de 13 mm et une largeur de 48 mm. La montre fait partie de la cat\u00e9gorie Woed Premium watches. Cela signifie qu'il s'agit d'une montre tr\u00e8s luxueuse et qu'elle est fabriqu\u00e9e \u00e0 la main. Le m\u00e9canisme de la montre est un mouvement multifonctionnel, ce qui signifie que toutes les mains travaillent ! Le poids de la montre est de 63 grammes.","robots":{"index":"index","follow":"follow","max-snippet":"max-snippet:-1","max-image-preview":"max-image-preview:large","max-video-preview":"max-video-preview:-1"},"canonical":"https:\/\/woedonline.nl\/fr\/shop\/montres-en-bois\/premium-fr\/montre-en-bois-48mm-premium-zebrano\/","og_locale":"fr_FR","og_type":"article","og_title":"Montre en bois | 48mm | Premium | Zebrano - Woed","og_description":"Belle montre en bois z\u00e9br\u00e9. La montre a une \u00e9paisseur de 13 mm et une largeur de 48 mm. La montre fait partie de la cat\u00e9gorie Woed Premium watches. Cela signifie qu'il s'agit d'une montre tr\u00e8s luxueuse et qu'elle est fabriqu\u00e9e \u00e0 la main. Le m\u00e9canisme de la montre est un mouvement multifonctionnel, ce qui signifie que toutes les mains travaillent ! Le poids de la montre est de 63 grammes.","og_url":"https:\/\/woedonline.nl\/fr\/shop\/montres-en-bois\/premium-fr\/montre-en-bois-48mm-premium-zebrano\/","og_site_name":"Woed","article_publisher":"https:\/\/www.facebook.com\/Woedshop\/","article_modified_time":"2026-02-21T12:34:18+00:00","og_image":[{"width":1000,"height":1000,"url":"https:\/\/woedonline.nl\/wp-content\/uploads\/2023\/02\/Woed-Horloge-Zebrano.png","type":"image\/png"}],"twitter_card":"summary_large_image","schema":{"@context":"https:\/\/schema.org","@graph":[{"@type":"WebPage","@id":"https:\/\/woedonline.nl\/fr\/shop\/montres-en-bois\/premium-fr\/montre-en-bois-48mm-premium-zebrano\/","url":"https:\/\/woedonline.nl\/fr\/shop\/montres-en-bois\/premium-fr\/montre-en-bois-48mm-premium-zebrano\/","name":"Montre en bois | 48mm | Premium | Zebrano - Woed","isPartOf":{"@id":"https:\/\/woedonline.nl\/fr\/#website"},"primaryImageOfPage":{"@id":"https:\/\/woedonline.nl\/fr\/shop\/montres-en-bois\/premium-fr\/montre-en-bois-48mm-premium-zebrano\/#primaryimage"},"image":{"@id":"https:\/\/woedonline.nl\/fr\/shop\/montres-en-bois\/premium-fr\/montre-en-bois-48mm-premium-zebrano\/#primaryimage"},"thumbnailUrl":"https:\/\/woedonline.nl\/wp-content\/uploads\/2023\/02\/Woed-Horloge-Zebrano.png","datePublished":"2024-10-30T09:51:03+00:00","dateModified":"2026-02-21T12:34:18+00:00","description":"Belle montre en bois z\u00e9br\u00e9. La montre a une \u00e9paisseur de 13 mm et une largeur de 48 mm. La montre fait partie de la cat\u00e9gorie Woed Premium watches. Cela signifie qu'il s'agit d'une montre tr\u00e8s luxueuse et qu'elle est fabriqu\u00e9e \u00e0 la main. Le m\u00e9canisme de la montre est un mouvement multifonctionnel, ce qui signifie que toutes les mains travaillent ! Le poids de la montre est de 63 grammes.","breadcrumb":{"@id":"https:\/\/woedonline.nl\/fr\/shop\/montres-en-bois\/premium-fr\/montre-en-bois-48mm-premium-zebrano\/#breadcrumb"},"inLanguage":"fr-FR","potentialAction":[{"@type":"ReadAction","target":["https:\/\/woedonline.nl\/fr\/shop\/montres-en-bois\/premium-fr\/montre-en-bois-48mm-premium-zebrano\/"]}]},{"@type":"ImageObject","inLanguage":"fr-FR","@id":"https:\/\/woedonline.nl\/fr\/shop\/montres-en-bois\/premium-fr\/montre-en-bois-48mm-premium-zebrano\/#primaryimage","url":"https:\/\/woedonline.nl\/wp-content\/uploads\/2023\/02\/Woed-Horloge-Zebrano.png","contentUrl":"https:\/\/woedonline.nl\/wp-content\/uploads\/2023\/02\/Woed-Horloge-Zebrano.png","width":1000,"height":1000},{"@type":"BreadcrumbList","@id":"https:\/\/woedonline.nl\/fr\/shop\/montres-en-bois\/premium-fr\/montre-en-bois-48mm-premium-zebrano\/#breadcrumb","itemListElement":[{"@type":"ListItem","position":1,"name":"Accueil","item":"https:\/\/woedonline.nl\/fr\/"},{"@type":"ListItem","position":2,"name":"Boutique","item":"https:\/\/woedonline.nl\/fr\/boutique\/"},{"@type":"ListItem","position":3,"name":"Montre en bois | 48mm | Premium | Zebrano"}]},{"@type":"WebSite","@id":"https:\/\/woedonline.nl\/fr\/#website","url":"https:\/\/woedonline.nl\/fr\/","name":"Woed","description":"Kurk petten, houten horloges en houten zonnebrillen","publisher":{"@id":"https:\/\/woedonline.nl\/fr\/#organization"},"alternateName":"W","potentialAction":[{"@type":"SearchAction","target":{"@type":"EntryPoint","urlTemplate":"https:\/\/woedonline.nl\/fr\/?s={search_term_string}"},"query-input":{"@type":"PropertyValueSpecification","valueRequired":true,"valueName":"search_term_string"}}],"inLanguage":"fr-FR"},{"@type":"Organization","@id":"https:\/\/woedonline.nl\/fr\/#organization","name":"Woed","alternateName":"W","url":"https:\/\/woedonline.nl\/fr\/","logo":{"@type":"ImageObject","inLanguage":"fr-FR","@id":"https:\/\/woedonline.nl\/fr\/#\/schema\/logo\/image\/","url":"https:\/\/woedonline.nl\/wp-content\/uploads\/2016\/05\/Wood-logo-name-png.png","contentUrl":"https:\/\/woedonline.nl\/wp-content\/uploads\/2016\/05\/Wood-logo-name-png.png","width":250,"height":89,"caption":"Woed"},"image":{"@id":"https:\/\/woedonline.nl\/fr\/#\/schema\/logo\/image\/"},"sameAs":["https:\/\/www.facebook.com\/Woedshop\/","https:\/\/www.instagram.com\/woed.eu"]}]}},"_links":{"self":[{"href":"https:\/\/woedonline.nl\/fr\/wp-json\/wp\/v2\/product\/384068","targetHints":{"allow":["GET"]}}],"collection":[{"href":"https:\/\/woedonline.nl\/fr\/wp-json\/wp\/v2\/product"}],"about":[{"href":"https:\/\/woedonline.nl\/fr\/wp-json\/wp\/v2\/types\/product"}],"replies":[{"embeddable":true,"href":"https:\/\/woedonline.nl\/fr\/wp-json\/wp\/v2\/comments?post=384068"}],"wp:featuredmedia":[{"embeddable":true,"href":"https:\/\/woedonline.nl\/fr\/wp-json\/wp\/v2\/media\/334923"}],"wp:attachment":[{"href":"https:\/\/woedonline.nl\/fr\/wp-json\/wp\/v2\/media?parent=384068"}],"wp:term":[{"taxonomy":"product_brand","embeddable":true,"href":"https:\/\/woedonline.nl\/fr\/wp-json\/wp\/v2\/product_brand?post=384068"},{"taxonomy":"product_cat","embeddable":true,"href":"https:\/\/woedonline.nl\/fr\/wp-json\/wp\/v2\/product_cat?post=384068"},{"taxonomy":"product_tag","embeddable":true,"href":"https:\/\/woedonline.nl\/fr\/wp-json\/wp\/v2\/product_tag?post=384068"}],"curies":[{"name":"wp","href":"https:\/\/api.w.org\/{rel}","templated":true}]}}