{"id":383873,"date":"2024-10-11T10:43:26","date_gmt":"2024-10-11T08:43:26","guid":{"rendered":"https:\/\/woedonline.nl\/shop\/non%20class\u00e9\/bracelet-en-bois-maiko\/"},"modified":"2025-10-22T10:49:56","modified_gmt":"2025-10-22T08:49:56","slug":"bracelet-en-bois-maiko","status":"publish","type":"product","link":"https:\/\/woedonline.nl\/fr\/shop\/bracelet-en-bois\/bracelet-en-bois-maiko\/","title":{"rendered":"Bracelet en bois | Maiko"},"content":{"rendered":"<p>Le bracelet Maiko de Woed allie \u00e9l\u00e9gance et durabilit\u00e9 gr\u00e2ce \u00e0 ses mat\u00e9riaux de haute qualit\u00e9 en acier inoxydable (SS) et en bois de noyer. La partie centrale en acier inoxydable de couleur or assure une liaison solide et raffin\u00e9e entre les maillons de 11 mm de large, qui offrent un aspect \u00e0 la fois robuste et sophistiqu\u00e9. D&rsquo;une longueur totale de 220 mm (22 cm), ce bracelet convient aussi bien aux femmes qu&rsquo;aux hommes. <\/p>\n<p>Chaque bracelet est livr\u00e9 en standard avec des maillons suppl\u00e9mentaires, de sorte qu&rsquo;il est toujours l\u00e9g\u00e8rement plus grand. Gr\u00e2ce au petit outil fourni gratuitement, le bracelet peut \u00eatre facilement redimensionn\u00e9 pour un ajustement confortable et personnalis\u00e9. Le Maiko est un compl\u00e9ment \u00e9l\u00e9gant et pratique \u00e0 toute garde-robe.  <\/p>\n","protected":false},"excerpt":{"rendered":"<p><i class=\"ri-checkbox-circle-fill\" data-text-color=\"primary\"><\/i>Longueur 22 cm<\/p>\n<p><i class=\"ri-checkbox-circle-fill\" data-text-color=\"primary\"><\/i>En bois v\u00e9ritable<\/p>\n<p><i class=\"ri-checkbox-circle-fill\" data-text-color=\"primary\"><\/i>Livr\u00e9 dans un coffret cadeau<\/p>\n<p><i class=\"ri-checkbox-circle-fill\" data-text-color=\"primary\"><\/i>Mat\u00e9riaux de haute qualit\u00e9<\/p>\n","protected":false},"featured_media":384100,"comment_status":"open","ping_status":"closed","template":"","meta":[],"product_brand":[],"product_cat":[1086],"product_tag":[],"class_list":{"0":"post-383873","1":"product","2":"type-product","3":"status-publish","4":"has-post-thumbnail","6":"product_cat-bracelet-en-bois","7":"product_shipping_class-armbanden-horloge-zonnebrillen-fr","9":"first","10":"instock","11":"sale","12":"taxable","13":"shipping-taxable","14":"purchasable","15":"product-type-simple"},"yoast_head":"<!-- This site is optimized with the Yoast SEO plugin v27.5 - https:\/\/yoast.com\/product\/yoast-seo-wordpress\/ -->\n<title>Bracelet en bois | Maiko - Woed<\/title>\n<meta name=\"description\" content=\"Le bracelet Maiko de Woed allie \u00e9l\u00e9gance et durabilit\u00e9 gr\u00e2ce \u00e0 ses mat\u00e9riaux de haute qualit\u00e9 en acier inoxydable (SS) et en bois de noyer.\" \/>\n<meta name=\"robots\" content=\"index, follow, max-snippet:-1, max-image-preview:large, max-video-preview:-1\" \/>\n<link rel=\"canonical\" href=\"https:\/\/woedonline.nl\/fr\/shop\/bracelet-en-bois\/bracelet-en-bois-maiko\/\" \/>\n<meta property=\"og:locale\" content=\"fr_FR\" \/>\n<meta property=\"og:type\" content=\"article\" \/>\n<meta property=\"og:title\" content=\"Bracelet en bois | Maiko - Woed\" \/>\n<meta property=\"og:description\" content=\"Le bracelet Maiko de Woed allie \u00e9l\u00e9gance et durabilit\u00e9 gr\u00e2ce \u00e0 ses mat\u00e9riaux de haute qualit\u00e9 en acier inoxydable (SS) et en bois de noyer.\" \/>\n<meta property=\"og:url\" content=\"https:\/\/woedonline.nl\/fr\/shop\/bracelet-en-bois\/bracelet-en-bois-maiko\/\" \/>\n<meta property=\"og:site_name\" content=\"Woed\" \/>\n<meta property=\"article:publisher\" content=\"https:\/\/www.facebook.com\/Woedshop\/\" \/>\n<meta property=\"article:modified_time\" content=\"2025-10-22T08:49:56+00:00\" \/>\n<meta property=\"og:image\" content=\"https:\/\/woedonline.nl\/wp-content\/uploads\/2024\/10\/Woed-Maiko-1.jpg\" \/>\n\t<meta property=\"og:image:width\" content=\"1500\" \/>\n\t<meta property=\"og:image:height\" content=\"1500\" \/>\n\t<meta property=\"og:image:type\" content=\"image\/jpeg\" \/>\n<meta name=\"twitter:card\" content=\"summary_large_image\" \/>\n<meta name=\"twitter:label1\" content=\"Dur\u00e9e de lecture estim\u00e9e\" \/>\n\t<meta name=\"twitter:data1\" content=\"1 minute\" \/>\n<script type=\"application\/ld+json\" class=\"yoast-schema-graph\">{\"@context\":\"https:\\\/\\\/schema.org\",\"@graph\":[{\"@type\":\"WebPage\",\"@id\":\"https:\\\/\\\/woedonline.nl\\\/fr\\\/shop\\\/bracelet-en-bois\\\/bracelet-en-bois-maiko\\\/\",\"url\":\"https:\\\/\\\/woedonline.nl\\\/fr\\\/shop\\\/bracelet-en-bois\\\/bracelet-en-bois-maiko\\\/\",\"name\":\"Bracelet en bois | Maiko - Woed\",\"isPartOf\":{\"@id\":\"https:\\\/\\\/woedonline.nl\\\/fr\\\/#website\"},\"primaryImageOfPage\":{\"@id\":\"https:\\\/\\\/woedonline.nl\\\/fr\\\/shop\\\/bracelet-en-bois\\\/bracelet-en-bois-maiko\\\/#primaryimage\"},\"image\":{\"@id\":\"https:\\\/\\\/woedonline.nl\\\/fr\\\/shop\\\/bracelet-en-bois\\\/bracelet-en-bois-maiko\\\/#primaryimage\"},\"thumbnailUrl\":\"https:\\\/\\\/woedonline.nl\\\/wp-content\\\/uploads\\\/2024\\\/10\\\/Woed-Maiko-1.jpg\",\"datePublished\":\"2024-10-11T08:43:26+00:00\",\"dateModified\":\"2025-10-22T08:49:56+00:00\",\"description\":\"Le bracelet Maiko de Woed allie \u00e9l\u00e9gance et durabilit\u00e9 gr\u00e2ce \u00e0 ses mat\u00e9riaux de haute qualit\u00e9 en acier inoxydable (SS) et en bois de noyer.\",\"breadcrumb\":{\"@id\":\"https:\\\/\\\/woedonline.nl\\\/fr\\\/shop\\\/bracelet-en-bois\\\/bracelet-en-bois-maiko\\\/#breadcrumb\"},\"inLanguage\":\"fr-FR\",\"potentialAction\":[{\"@type\":\"ReadAction\",\"target\":[\"https:\\\/\\\/woedonline.nl\\\/fr\\\/shop\\\/bracelet-en-bois\\\/bracelet-en-bois-maiko\\\/\"]}]},{\"@type\":\"ImageObject\",\"inLanguage\":\"fr-FR\",\"@id\":\"https:\\\/\\\/woedonline.nl\\\/fr\\\/shop\\\/bracelet-en-bois\\\/bracelet-en-bois-maiko\\\/#primaryimage\",\"url\":\"https:\\\/\\\/woedonline.nl\\\/wp-content\\\/uploads\\\/2024\\\/10\\\/Woed-Maiko-1.jpg\",\"contentUrl\":\"https:\\\/\\\/woedonline.nl\\\/wp-content\\\/uploads\\\/2024\\\/10\\\/Woed-Maiko-1.jpg\",\"width\":1500,\"height\":1500},{\"@type\":\"BreadcrumbList\",\"@id\":\"https:\\\/\\\/woedonline.nl\\\/fr\\\/shop\\\/bracelet-en-bois\\\/bracelet-en-bois-maiko\\\/#breadcrumb\",\"itemListElement\":[{\"@type\":\"ListItem\",\"position\":1,\"name\":\"Accueil\",\"item\":\"https:\\\/\\\/woedonline.nl\\\/fr\\\/\"},{\"@type\":\"ListItem\",\"position\":2,\"name\":\"Boutique\",\"item\":\"https:\\\/\\\/woedonline.nl\\\/fr\\\/boutique\\\/\"},{\"@type\":\"ListItem\",\"position\":3,\"name\":\"Bracelet en bois | Maiko\"}]},{\"@type\":\"WebSite\",\"@id\":\"https:\\\/\\\/woedonline.nl\\\/fr\\\/#website\",\"url\":\"https:\\\/\\\/woedonline.nl\\\/fr\\\/\",\"name\":\"Woed\",\"description\":\"Kurk petten, houten horloges en houten zonnebrillen\",\"publisher\":{\"@id\":\"https:\\\/\\\/woedonline.nl\\\/fr\\\/#organization\"},\"alternateName\":\"W\",\"potentialAction\":[{\"@type\":\"SearchAction\",\"target\":{\"@type\":\"EntryPoint\",\"urlTemplate\":\"https:\\\/\\\/woedonline.nl\\\/fr\\\/?s={search_term_string}\"},\"query-input\":{\"@type\":\"PropertyValueSpecification\",\"valueRequired\":true,\"valueName\":\"search_term_string\"}}],\"inLanguage\":\"fr-FR\"},{\"@type\":\"Organization\",\"@id\":\"https:\\\/\\\/woedonline.nl\\\/fr\\\/#organization\",\"name\":\"Woed\",\"alternateName\":\"W\",\"url\":\"https:\\\/\\\/woedonline.nl\\\/fr\\\/\",\"logo\":{\"@type\":\"ImageObject\",\"inLanguage\":\"fr-FR\",\"@id\":\"https:\\\/\\\/woedonline.nl\\\/fr\\\/#\\\/schema\\\/logo\\\/image\\\/\",\"url\":\"https:\\\/\\\/woedonline.nl\\\/wp-content\\\/uploads\\\/2016\\\/05\\\/Wood-logo-name-png.png\",\"contentUrl\":\"https:\\\/\\\/woedonline.nl\\\/wp-content\\\/uploads\\\/2016\\\/05\\\/Wood-logo-name-png.png\",\"width\":250,\"height\":89,\"caption\":\"Woed\"},\"image\":{\"@id\":\"https:\\\/\\\/woedonline.nl\\\/fr\\\/#\\\/schema\\\/logo\\\/image\\\/\"},\"sameAs\":[\"https:\\\/\\\/www.facebook.com\\\/Woedshop\\\/\",\"https:\\\/\\\/www.instagram.com\\\/woed.eu\"]}]}<\/script>\n<!-- \/ Yoast SEO plugin. -->","yoast_head_json":{"title":"Bracelet en bois | Maiko - Woed","description":"Le bracelet Maiko de Woed allie \u00e9l\u00e9gance et durabilit\u00e9 gr\u00e2ce \u00e0 ses mat\u00e9riaux de haute qualit\u00e9 en acier inoxydable (SS) et en bois de noyer.","robots":{"index":"index","follow":"follow","max-snippet":"max-snippet:-1","max-image-preview":"max-image-preview:large","max-video-preview":"max-video-preview:-1"},"canonical":"https:\/\/woedonline.nl\/fr\/shop\/bracelet-en-bois\/bracelet-en-bois-maiko\/","og_locale":"fr_FR","og_type":"article","og_title":"Bracelet en bois | Maiko - Woed","og_description":"Le bracelet Maiko de Woed allie \u00e9l\u00e9gance et durabilit\u00e9 gr\u00e2ce \u00e0 ses mat\u00e9riaux de haute qualit\u00e9 en acier inoxydable (SS) et en bois de noyer.","og_url":"https:\/\/woedonline.nl\/fr\/shop\/bracelet-en-bois\/bracelet-en-bois-maiko\/","og_site_name":"Woed","article_publisher":"https:\/\/www.facebook.com\/Woedshop\/","article_modified_time":"2025-10-22T08:49:56+00:00","og_image":[{"width":1500,"height":1500,"url":"https:\/\/woedonline.nl\/wp-content\/uploads\/2024\/10\/Woed-Maiko-1.jpg","type":"image\/jpeg"}],"twitter_card":"summary_large_image","twitter_misc":{"Dur\u00e9e de lecture estim\u00e9e":"1 minute"},"schema":{"@context":"https:\/\/schema.org","@graph":[{"@type":"WebPage","@id":"https:\/\/woedonline.nl\/fr\/shop\/bracelet-en-bois\/bracelet-en-bois-maiko\/","url":"https:\/\/woedonline.nl\/fr\/shop\/bracelet-en-bois\/bracelet-en-bois-maiko\/","name":"Bracelet en bois | Maiko - Woed","isPartOf":{"@id":"https:\/\/woedonline.nl\/fr\/#website"},"primaryImageOfPage":{"@id":"https:\/\/woedonline.nl\/fr\/shop\/bracelet-en-bois\/bracelet-en-bois-maiko\/#primaryimage"},"image":{"@id":"https:\/\/woedonline.nl\/fr\/shop\/bracelet-en-bois\/bracelet-en-bois-maiko\/#primaryimage"},"thumbnailUrl":"https:\/\/woedonline.nl\/wp-content\/uploads\/2024\/10\/Woed-Maiko-1.jpg","datePublished":"2024-10-11T08:43:26+00:00","dateModified":"2025-10-22T08:49:56+00:00","description":"Le bracelet Maiko de Woed allie \u00e9l\u00e9gance et durabilit\u00e9 gr\u00e2ce \u00e0 ses mat\u00e9riaux de haute qualit\u00e9 en acier inoxydable (SS) et en bois de noyer.","breadcrumb":{"@id":"https:\/\/woedonline.nl\/fr\/shop\/bracelet-en-bois\/bracelet-en-bois-maiko\/#breadcrumb"},"inLanguage":"fr-FR","potentialAction":[{"@type":"ReadAction","target":["https:\/\/woedonline.nl\/fr\/shop\/bracelet-en-bois\/bracelet-en-bois-maiko\/"]}]},{"@type":"ImageObject","inLanguage":"fr-FR","@id":"https:\/\/woedonline.nl\/fr\/shop\/bracelet-en-bois\/bracelet-en-bois-maiko\/#primaryimage","url":"https:\/\/woedonline.nl\/wp-content\/uploads\/2024\/10\/Woed-Maiko-1.jpg","contentUrl":"https:\/\/woedonline.nl\/wp-content\/uploads\/2024\/10\/Woed-Maiko-1.jpg","width":1500,"height":1500},{"@type":"BreadcrumbList","@id":"https:\/\/woedonline.nl\/fr\/shop\/bracelet-en-bois\/bracelet-en-bois-maiko\/#breadcrumb","itemListElement":[{"@type":"ListItem","position":1,"name":"Accueil","item":"https:\/\/woedonline.nl\/fr\/"},{"@type":"ListItem","position":2,"name":"Boutique","item":"https:\/\/woedonline.nl\/fr\/boutique\/"},{"@type":"ListItem","position":3,"name":"Bracelet en bois | Maiko"}]},{"@type":"WebSite","@id":"https:\/\/woedonline.nl\/fr\/#website","url":"https:\/\/woedonline.nl\/fr\/","name":"Woed","description":"Kurk petten, houten horloges en houten zonnebrillen","publisher":{"@id":"https:\/\/woedonline.nl\/fr\/#organization"},"alternateName":"W","potentialAction":[{"@type":"SearchAction","target":{"@type":"EntryPoint","urlTemplate":"https:\/\/woedonline.nl\/fr\/?s={search_term_string}"},"query-input":{"@type":"PropertyValueSpecification","valueRequired":true,"valueName":"search_term_string"}}],"inLanguage":"fr-FR"},{"@type":"Organization","@id":"https:\/\/woedonline.nl\/fr\/#organization","name":"Woed","alternateName":"W","url":"https:\/\/woedonline.nl\/fr\/","logo":{"@type":"ImageObject","inLanguage":"fr-FR","@id":"https:\/\/woedonline.nl\/fr\/#\/schema\/logo\/image\/","url":"https:\/\/woedonline.nl\/wp-content\/uploads\/2016\/05\/Wood-logo-name-png.png","contentUrl":"https:\/\/woedonline.nl\/wp-content\/uploads\/2016\/05\/Wood-logo-name-png.png","width":250,"height":89,"caption":"Woed"},"image":{"@id":"https:\/\/woedonline.nl\/fr\/#\/schema\/logo\/image\/"},"sameAs":["https:\/\/www.facebook.com\/Woedshop\/","https:\/\/www.instagram.com\/woed.eu"]}]}},"_links":{"self":[{"href":"https:\/\/woedonline.nl\/fr\/wp-json\/wp\/v2\/product\/383873","targetHints":{"allow":["GET"]}}],"collection":[{"href":"https:\/\/woedonline.nl\/fr\/wp-json\/wp\/v2\/product"}],"about":[{"href":"https:\/\/woedonline.nl\/fr\/wp-json\/wp\/v2\/types\/product"}],"replies":[{"embeddable":true,"href":"https:\/\/woedonline.nl\/fr\/wp-json\/wp\/v2\/comments?post=383873"}],"wp:featuredmedia":[{"embeddable":true,"href":"https:\/\/woedonline.nl\/fr\/wp-json\/wp\/v2\/media\/384100"}],"wp:attachment":[{"href":"https:\/\/woedonline.nl\/fr\/wp-json\/wp\/v2\/media?parent=383873"}],"wp:term":[{"taxonomy":"product_brand","embeddable":true,"href":"https:\/\/woedonline.nl\/fr\/wp-json\/wp\/v2\/product_brand?post=383873"},{"taxonomy":"product_cat","embeddable":true,"href":"https:\/\/woedonline.nl\/fr\/wp-json\/wp\/v2\/product_cat?post=383873"},{"taxonomy":"product_tag","embeddable":true,"href":"https:\/\/woedonline.nl\/fr\/wp-json\/wp\/v2\/product_tag?post=383873"}],"curies":[{"name":"wp","href":"https:\/\/api.w.org\/{rel}","templated":true}]}}