{"id":383007,"date":"2024-09-29T11:38:31","date_gmt":"2024-09-29T09:38:31","guid":{"rendered":"https:\/\/woedonline.nl\/?post_type=product&#038;p=383007"},"modified":"2026-03-31T14:40:58","modified_gmt":"2026-03-31T12:40:58","slug":"strapback-espepelen-fr","status":"publish","type":"product","link":"https:\/\/woedonline.nl\/fr\/shop\/toutes-les-capsules\/snapback-fr\/strapback-espepelen-fr\/","title":{"rendered":"Snapback | Espepelen"},"content":{"rendered":"<div>D\u00e9couvrez l&rsquo;Espepelen, une casquette \u00e0 bretelles unique de Woed qui franchit les fronti\u00e8res de la mode et de l&rsquo;art. Cette casquette est fabriqu\u00e9e \u00e0 partir d&rsquo;un m\u00e9lange de chanvre et de coton de haute qualit\u00e9, garantissant un port durable et confortable. Le tissu de couleur cr\u00e8me offre une toile de fond parfaite pour le logo Woed brod\u00e9 en 3D qui orne l&rsquo;avant, une expression subtile mais puissante du style.  <\/div>\n<div><\/div>\n<div>Ce qui rend cette casquette vraiment sp\u00e9ciale, c&rsquo;est son rabat. Fabriqu\u00e9 en li\u00e8ge brun fonc\u00e9, le rabat offre non seulement un aspect naturel et \u00e9l\u00e9gant, mais il r\u00e9v\u00e8le \u00e9galement une \u0153uvre d&rsquo;art cach\u00e9e dans le fond. Cette \u0153uvre a \u00e9t\u00e9 cr\u00e9\u00e9e par l&rsquo;artiste Espepelen, dont le travail transmet un sens profond et myst\u00e9rieux de la beaut\u00e9 de l&rsquo;univers. Avec une esth\u00e9tique caricaturale et malicieuse, Espepelen red\u00e9finit les arch\u00e9types latents, anciens et sacr\u00e9s, nous rapprochant ainsi du surnaturel.   <\/div>\n<div><\/div>\n<div>La casquette Espepelen est dot\u00e9e d&rsquo;une fermeture \u00e0 bouton-pression en tissu \u00e0 l&rsquo;arri\u00e8re, ce qui vous permet d&rsquo;ajuster facilement la coupe pour un confort optimal.<br \/>\nIl ne s&rsquo;agit pas d&rsquo;une casquette comme les autres, mais d&rsquo;une \u0153uvre d&rsquo;art \u00e0 porter, une expression de mysticisme et de mode qui fait passer votre style au niveau sup\u00e9rieur. <\/div>\n","protected":false},"excerpt":{"rendered":"<ul>\n<li>Casquette \u00e0 6 panneaux<\/li>\n<li>Taille unique - (54-61 cm)<\/li>\n<li>Haute qualit\u00e9<\/li>\n<li>Mati\u00e8re 100% naturelle<\/li>\n<li>Fabriqu\u00e9 avec du vrai li\u00e8ge<\/li>\n<li>L\u00e9ger et confortable<\/li>\n<li>Con\u00e7u aux Pays-Bas<\/li>\n<\/ul>\n","protected":false},"featured_media":382994,"comment_status":"open","ping_status":"closed","template":"","meta":[],"product_brand":[],"product_cat":[461,733],"product_tag":[],"class_list":{"0":"post-383007","1":"product","2":"type-product","3":"status-publish","4":"has-post-thumbnail","6":"product_cat-snapback-fr","7":"product_cat-toutes-les-capsules","8":"product_shipping_class-paquet","10":"first","11":"outofstock","12":"taxable","13":"shipping-taxable","14":"purchasable","15":"product-type-simple"},"yoast_head":"<!-- This site is optimized with the Yoast SEO plugin v27.4 - https:\/\/yoast.com\/product\/yoast-seo-wordpress\/ -->\n<title>Snapback | Espepelen - Woed<\/title>\n<meta name=\"description\" content=\"Cette casquette est fabriqu\u00e9e \u00e0 partir d&#039;un m\u00e9lange de chanvre et de coton de haute qualit\u00e9, ce qui garantit un port durable et confortable. Le tissu de couleur cr\u00e8me offre une toile de fond parfaite pour le logo Woed brod\u00e9 en 3D qui orne le devant, une expression subtile mais puissante du style.\" \/>\n<meta name=\"robots\" content=\"index, follow, max-snippet:-1, max-image-preview:large, max-video-preview:-1\" \/>\n<link rel=\"canonical\" href=\"https:\/\/woedonline.nl\/fr\/shop\/toutes-les-capsules\/snapback-fr\/strapback-espepelen-fr\/\" \/>\n<meta property=\"og:locale\" content=\"fr_FR\" \/>\n<meta property=\"og:type\" content=\"article\" \/>\n<meta property=\"og:title\" content=\"Snapback | Espepelen - Woed\" \/>\n<meta property=\"og:description\" content=\"Cette casquette est fabriqu\u00e9e \u00e0 partir d&#039;un m\u00e9lange de chanvre et de coton de haute qualit\u00e9, ce qui garantit un port durable et confortable. Le tissu de couleur cr\u00e8me offre une toile de fond parfaite pour le logo Woed brod\u00e9 en 3D qui orne le devant, une expression subtile mais puissante du style.\" \/>\n<meta property=\"og:url\" content=\"https:\/\/woedonline.nl\/fr\/shop\/toutes-les-capsules\/snapback-fr\/strapback-espepelen-fr\/\" \/>\n<meta property=\"og:site_name\" content=\"Woed\" \/>\n<meta property=\"article:publisher\" content=\"https:\/\/www.facebook.com\/Woedshop\/\" \/>\n<meta property=\"article:modified_time\" content=\"2026-03-31T12:40:58+00:00\" \/>\n<meta property=\"og:image\" content=\"https:\/\/woedonline.nl\/wp-content\/uploads\/2024\/09\/Woed-snapback-Espepelen.jpg\" \/>\n\t<meta property=\"og:image:width\" content=\"800\" \/>\n\t<meta property=\"og:image:height\" content=\"800\" \/>\n\t<meta property=\"og:image:type\" content=\"image\/jpeg\" \/>\n<meta name=\"twitter:card\" content=\"summary_large_image\" \/>\n<meta name=\"twitter:label1\" content=\"Dur\u00e9e de lecture estim\u00e9e\" \/>\n\t<meta name=\"twitter:data1\" content=\"2 minutes\" \/>\n<script type=\"application\/ld+json\" class=\"yoast-schema-graph\">{\"@context\":\"https:\\\/\\\/schema.org\",\"@graph\":[{\"@type\":\"WebPage\",\"@id\":\"https:\\\/\\\/woedonline.nl\\\/fr\\\/shop\\\/toutes-les-capsules\\\/snapback-fr\\\/strapback-espepelen-fr\\\/\",\"url\":\"https:\\\/\\\/woedonline.nl\\\/fr\\\/shop\\\/toutes-les-capsules\\\/snapback-fr\\\/strapback-espepelen-fr\\\/\",\"name\":\"Snapback | Espepelen - Woed\",\"isPartOf\":{\"@id\":\"https:\\\/\\\/woedonline.nl\\\/fr\\\/#website\"},\"primaryImageOfPage\":{\"@id\":\"https:\\\/\\\/woedonline.nl\\\/fr\\\/shop\\\/toutes-les-capsules\\\/snapback-fr\\\/strapback-espepelen-fr\\\/#primaryimage\"},\"image\":{\"@id\":\"https:\\\/\\\/woedonline.nl\\\/fr\\\/shop\\\/toutes-les-capsules\\\/snapback-fr\\\/strapback-espepelen-fr\\\/#primaryimage\"},\"thumbnailUrl\":\"https:\\\/\\\/woedonline.nl\\\/wp-content\\\/uploads\\\/2024\\\/09\\\/Woed-snapback-Espepelen.jpg\",\"datePublished\":\"2024-09-29T09:38:31+00:00\",\"dateModified\":\"2026-03-31T12:40:58+00:00\",\"description\":\"Cette casquette est fabriqu\u00e9e \u00e0 partir d'un m\u00e9lange de chanvre et de coton de haute qualit\u00e9, ce qui garantit un port durable et confortable. Le tissu de couleur cr\u00e8me offre une toile de fond parfaite pour le logo Woed brod\u00e9 en 3D qui orne le devant, une expression subtile mais puissante du style.\",\"breadcrumb\":{\"@id\":\"https:\\\/\\\/woedonline.nl\\\/fr\\\/shop\\\/toutes-les-capsules\\\/snapback-fr\\\/strapback-espepelen-fr\\\/#breadcrumb\"},\"inLanguage\":\"fr-FR\",\"potentialAction\":[{\"@type\":\"ReadAction\",\"target\":[\"https:\\\/\\\/woedonline.nl\\\/fr\\\/shop\\\/toutes-les-capsules\\\/snapback-fr\\\/strapback-espepelen-fr\\\/\"]}]},{\"@type\":\"ImageObject\",\"inLanguage\":\"fr-FR\",\"@id\":\"https:\\\/\\\/woedonline.nl\\\/fr\\\/shop\\\/toutes-les-capsules\\\/snapback-fr\\\/strapback-espepelen-fr\\\/#primaryimage\",\"url\":\"https:\\\/\\\/woedonline.nl\\\/wp-content\\\/uploads\\\/2024\\\/09\\\/Woed-snapback-Espepelen.jpg\",\"contentUrl\":\"https:\\\/\\\/woedonline.nl\\\/wp-content\\\/uploads\\\/2024\\\/09\\\/Woed-snapback-Espepelen.jpg\",\"width\":800,\"height\":800},{\"@type\":\"BreadcrumbList\",\"@id\":\"https:\\\/\\\/woedonline.nl\\\/fr\\\/shop\\\/toutes-les-capsules\\\/snapback-fr\\\/strapback-espepelen-fr\\\/#breadcrumb\",\"itemListElement\":[{\"@type\":\"ListItem\",\"position\":1,\"name\":\"Accueil\",\"item\":\"https:\\\/\\\/woedonline.nl\\\/fr\\\/\"},{\"@type\":\"ListItem\",\"position\":2,\"name\":\"Boutique\",\"item\":\"https:\\\/\\\/woedonline.nl\\\/fr\\\/boutique\\\/\"},{\"@type\":\"ListItem\",\"position\":3,\"name\":\"Snapback | Espepelen\"}]},{\"@type\":\"WebSite\",\"@id\":\"https:\\\/\\\/woedonline.nl\\\/fr\\\/#website\",\"url\":\"https:\\\/\\\/woedonline.nl\\\/fr\\\/\",\"name\":\"Woed\",\"description\":\"Kurk petten, houten horloges en houten zonnebrillen\",\"publisher\":{\"@id\":\"https:\\\/\\\/woedonline.nl\\\/fr\\\/#organization\"},\"alternateName\":\"W\",\"potentialAction\":[{\"@type\":\"SearchAction\",\"target\":{\"@type\":\"EntryPoint\",\"urlTemplate\":\"https:\\\/\\\/woedonline.nl\\\/fr\\\/?s={search_term_string}\"},\"query-input\":{\"@type\":\"PropertyValueSpecification\",\"valueRequired\":true,\"valueName\":\"search_term_string\"}}],\"inLanguage\":\"fr-FR\"},{\"@type\":\"Organization\",\"@id\":\"https:\\\/\\\/woedonline.nl\\\/fr\\\/#organization\",\"name\":\"Woed\",\"alternateName\":\"W\",\"url\":\"https:\\\/\\\/woedonline.nl\\\/fr\\\/\",\"logo\":{\"@type\":\"ImageObject\",\"inLanguage\":\"fr-FR\",\"@id\":\"https:\\\/\\\/woedonline.nl\\\/fr\\\/#\\\/schema\\\/logo\\\/image\\\/\",\"url\":\"https:\\\/\\\/woedonline.nl\\\/wp-content\\\/uploads\\\/2016\\\/05\\\/Wood-logo-name-png.png\",\"contentUrl\":\"https:\\\/\\\/woedonline.nl\\\/wp-content\\\/uploads\\\/2016\\\/05\\\/Wood-logo-name-png.png\",\"width\":250,\"height\":89,\"caption\":\"Woed\"},\"image\":{\"@id\":\"https:\\\/\\\/woedonline.nl\\\/fr\\\/#\\\/schema\\\/logo\\\/image\\\/\"},\"sameAs\":[\"https:\\\/\\\/www.facebook.com\\\/Woedshop\\\/\",\"https:\\\/\\\/www.instagram.com\\\/woed.eu\"]}]}<\/script>\n<!-- \/ Yoast SEO plugin. -->","yoast_head_json":{"title":"Snapback | Espepelen - Woed","description":"Cette casquette est fabriqu\u00e9e \u00e0 partir d'un m\u00e9lange de chanvre et de coton de haute qualit\u00e9, ce qui garantit un port durable et confortable. Le tissu de couleur cr\u00e8me offre une toile de fond parfaite pour le logo Woed brod\u00e9 en 3D qui orne le devant, une expression subtile mais puissante du style.","robots":{"index":"index","follow":"follow","max-snippet":"max-snippet:-1","max-image-preview":"max-image-preview:large","max-video-preview":"max-video-preview:-1"},"canonical":"https:\/\/woedonline.nl\/fr\/shop\/toutes-les-capsules\/snapback-fr\/strapback-espepelen-fr\/","og_locale":"fr_FR","og_type":"article","og_title":"Snapback | Espepelen - Woed","og_description":"Cette casquette est fabriqu\u00e9e \u00e0 partir d'un m\u00e9lange de chanvre et de coton de haute qualit\u00e9, ce qui garantit un port durable et confortable. Le tissu de couleur cr\u00e8me offre une toile de fond parfaite pour le logo Woed brod\u00e9 en 3D qui orne le devant, une expression subtile mais puissante du style.","og_url":"https:\/\/woedonline.nl\/fr\/shop\/toutes-les-capsules\/snapback-fr\/strapback-espepelen-fr\/","og_site_name":"Woed","article_publisher":"https:\/\/www.facebook.com\/Woedshop\/","article_modified_time":"2026-03-31T12:40:58+00:00","og_image":[{"width":800,"height":800,"url":"https:\/\/woedonline.nl\/wp-content\/uploads\/2024\/09\/Woed-snapback-Espepelen.jpg","type":"image\/jpeg"}],"twitter_card":"summary_large_image","twitter_misc":{"Dur\u00e9e de lecture estim\u00e9e":"2 minutes"},"schema":{"@context":"https:\/\/schema.org","@graph":[{"@type":"WebPage","@id":"https:\/\/woedonline.nl\/fr\/shop\/toutes-les-capsules\/snapback-fr\/strapback-espepelen-fr\/","url":"https:\/\/woedonline.nl\/fr\/shop\/toutes-les-capsules\/snapback-fr\/strapback-espepelen-fr\/","name":"Snapback | Espepelen - Woed","isPartOf":{"@id":"https:\/\/woedonline.nl\/fr\/#website"},"primaryImageOfPage":{"@id":"https:\/\/woedonline.nl\/fr\/shop\/toutes-les-capsules\/snapback-fr\/strapback-espepelen-fr\/#primaryimage"},"image":{"@id":"https:\/\/woedonline.nl\/fr\/shop\/toutes-les-capsules\/snapback-fr\/strapback-espepelen-fr\/#primaryimage"},"thumbnailUrl":"https:\/\/woedonline.nl\/wp-content\/uploads\/2024\/09\/Woed-snapback-Espepelen.jpg","datePublished":"2024-09-29T09:38:31+00:00","dateModified":"2026-03-31T12:40:58+00:00","description":"Cette casquette est fabriqu\u00e9e \u00e0 partir d'un m\u00e9lange de chanvre et de coton de haute qualit\u00e9, ce qui garantit un port durable et confortable. Le tissu de couleur cr\u00e8me offre une toile de fond parfaite pour le logo Woed brod\u00e9 en 3D qui orne le devant, une expression subtile mais puissante du style.","breadcrumb":{"@id":"https:\/\/woedonline.nl\/fr\/shop\/toutes-les-capsules\/snapback-fr\/strapback-espepelen-fr\/#breadcrumb"},"inLanguage":"fr-FR","potentialAction":[{"@type":"ReadAction","target":["https:\/\/woedonline.nl\/fr\/shop\/toutes-les-capsules\/snapback-fr\/strapback-espepelen-fr\/"]}]},{"@type":"ImageObject","inLanguage":"fr-FR","@id":"https:\/\/woedonline.nl\/fr\/shop\/toutes-les-capsules\/snapback-fr\/strapback-espepelen-fr\/#primaryimage","url":"https:\/\/woedonline.nl\/wp-content\/uploads\/2024\/09\/Woed-snapback-Espepelen.jpg","contentUrl":"https:\/\/woedonline.nl\/wp-content\/uploads\/2024\/09\/Woed-snapback-Espepelen.jpg","width":800,"height":800},{"@type":"BreadcrumbList","@id":"https:\/\/woedonline.nl\/fr\/shop\/toutes-les-capsules\/snapback-fr\/strapback-espepelen-fr\/#breadcrumb","itemListElement":[{"@type":"ListItem","position":1,"name":"Accueil","item":"https:\/\/woedonline.nl\/fr\/"},{"@type":"ListItem","position":2,"name":"Boutique","item":"https:\/\/woedonline.nl\/fr\/boutique\/"},{"@type":"ListItem","position":3,"name":"Snapback | Espepelen"}]},{"@type":"WebSite","@id":"https:\/\/woedonline.nl\/fr\/#website","url":"https:\/\/woedonline.nl\/fr\/","name":"Woed","description":"Kurk petten, houten horloges en houten zonnebrillen","publisher":{"@id":"https:\/\/woedonline.nl\/fr\/#organization"},"alternateName":"W","potentialAction":[{"@type":"SearchAction","target":{"@type":"EntryPoint","urlTemplate":"https:\/\/woedonline.nl\/fr\/?s={search_term_string}"},"query-input":{"@type":"PropertyValueSpecification","valueRequired":true,"valueName":"search_term_string"}}],"inLanguage":"fr-FR"},{"@type":"Organization","@id":"https:\/\/woedonline.nl\/fr\/#organization","name":"Woed","alternateName":"W","url":"https:\/\/woedonline.nl\/fr\/","logo":{"@type":"ImageObject","inLanguage":"fr-FR","@id":"https:\/\/woedonline.nl\/fr\/#\/schema\/logo\/image\/","url":"https:\/\/woedonline.nl\/wp-content\/uploads\/2016\/05\/Wood-logo-name-png.png","contentUrl":"https:\/\/woedonline.nl\/wp-content\/uploads\/2016\/05\/Wood-logo-name-png.png","width":250,"height":89,"caption":"Woed"},"image":{"@id":"https:\/\/woedonline.nl\/fr\/#\/schema\/logo\/image\/"},"sameAs":["https:\/\/www.facebook.com\/Woedshop\/","https:\/\/www.instagram.com\/woed.eu"]}]}},"_links":{"self":[{"href":"https:\/\/woedonline.nl\/fr\/wp-json\/wp\/v2\/product\/383007","targetHints":{"allow":["GET"]}}],"collection":[{"href":"https:\/\/woedonline.nl\/fr\/wp-json\/wp\/v2\/product"}],"about":[{"href":"https:\/\/woedonline.nl\/fr\/wp-json\/wp\/v2\/types\/product"}],"replies":[{"embeddable":true,"href":"https:\/\/woedonline.nl\/fr\/wp-json\/wp\/v2\/comments?post=383007"}],"wp:featuredmedia":[{"embeddable":true,"href":"https:\/\/woedonline.nl\/fr\/wp-json\/wp\/v2\/media\/382994"}],"wp:attachment":[{"href":"https:\/\/woedonline.nl\/fr\/wp-json\/wp\/v2\/media?parent=383007"}],"wp:term":[{"taxonomy":"product_brand","embeddable":true,"href":"https:\/\/woedonline.nl\/fr\/wp-json\/wp\/v2\/product_brand?post=383007"},{"taxonomy":"product_cat","embeddable":true,"href":"https:\/\/woedonline.nl\/fr\/wp-json\/wp\/v2\/product_cat?post=383007"},{"taxonomy":"product_tag","embeddable":true,"href":"https:\/\/woedonline.nl\/fr\/wp-json\/wp\/v2\/product_tag?post=383007"}],"curies":[{"name":"wp","href":"https:\/\/api.w.org\/{rel}","templated":true}]}}