{"id":382667,"date":"2024-07-30T11:33:03","date_gmt":"2024-07-30T09:33:03","guid":{"rendered":"https:\/\/woedonline.nl\/?post_type=product&#038;p=382667"},"modified":"2025-12-17T11:57:02","modified_gmt":"2025-12-17T10:57:02","slug":"snapback-kitsune-kopie","status":"publish","type":"product","link":"https:\/\/woedonline.nl\/fr\/shop\/toutes-les-capsules\/collection-de-chanvre\/snapback-kitsune-kopie\/","title":{"rendered":"Bretelles | SPIRAL"},"content":{"rendered":"<p>Le rabat du \"Spiral\" est en li\u00e8ge, ce qui donne \u00e0 la casquette un aspect naturel et terreux. Ce mat\u00e9riau sp\u00e9cial offre non seulement un effet visuel unique, mais il est \u00e9galement respectueux de l&rsquo;environnement. Le panneau avant comporte un texte brod\u00e9 en blanc qui contraste subtilement avec la couleur blanche du reste de la casquette, cr\u00e9ant ainsi un look sophistiqu\u00e9 et \u00e9l\u00e9gant.  <\/p>\n<p>La casquette elle-m\u00eame est fabriqu\u00e9e \u00e0 partir d&rsquo;un m\u00e9lange de haute qualit\u00e9 compos\u00e9 de 50 % de coton et de 50 % de chanvre. Cette combinaison offre une coupe confortable et une texture respirante, id\u00e9ale pour une utilisation quotidienne. <\/p>\n<p>Un d\u00e9tail frappant du \"Spiral\" est l&rsquo;\u0153uvre d&rsquo;art sous le rabat. Cette \u0153uvre d&rsquo;art de style futuriste avec des rayures roses et bleues ajoute une touche ludique et surprenante \u00e0 la casquette, parfaite pour ceux qui aiment faire une d\u00e9claration avec leur tenue. <\/p>\n","protected":false},"excerpt":{"rendered":"<ul>\n<li>Casquette \u00e0 6 panneaux<\/li>\n<li>Taille unique - (54-61 cm)<\/li>\n<li>Haute qualit\u00e9<\/li>\n<li>Mati\u00e8re 100% naturelle<\/li>\n<li>Fabriqu\u00e9 avec du vrai li\u00e8ge<\/li>\n<li>L\u00e9ger et confortable<\/li>\n<li>Con\u00e7u aux Pays-Bas<\/li>\n<\/ul>\n","protected":false},"featured_media":390006,"comment_status":"open","ping_status":"closed","template":"","meta":[],"product_brand":[],"product_cat":[860,1098,733],"product_tag":[551],"class_list":{"0":"post-382667","1":"product","2":"type-product","3":"status-publish","4":"has-post-thumbnail","6":"product_cat-collection-de-chanvre","7":"product_cat-strapback-fr","8":"product_cat-toutes-les-capsules","9":"product_tag-snapback-fr","10":"product_shipping_class-paquet","12":"first","13":"outofstock","14":"taxable","15":"shipping-taxable","16":"purchasable","17":"product-type-simple"},"yoast_head":"<!-- This site is optimized with the Yoast SEO plugin v27.4 - https:\/\/yoast.com\/product\/yoast-seo-wordpress\/ -->\n<title>Bretelles | SPIRAL - Woed<\/title>\n<meta name=\"description\" content=\"D\u00e9couvrez la snapback &quot;Spiral&quot; de Woed, un accessoire unique et \u00e9l\u00e9gant qui ne manquera pas d&#039;attirer l&#039;attention. Cette snapback blanche allie un design moderne \u00e0 des mat\u00e9riaux naturels, ce qui en fait une v\u00e9ritable attraction.\" \/>\n<meta name=\"robots\" content=\"index, follow, max-snippet:-1, max-image-preview:large, max-video-preview:-1\" \/>\n<link rel=\"canonical\" href=\"https:\/\/woedonline.nl\/fr\/shop\/toutes-les-capsules\/collection-de-chanvre\/snapback-kitsune-kopie\/\" \/>\n<meta property=\"og:locale\" content=\"fr_FR\" \/>\n<meta property=\"og:type\" content=\"article\" \/>\n<meta property=\"og:title\" content=\"Bretelles | SPIRAL - Woed\" \/>\n<meta property=\"og:description\" content=\"D\u00e9couvrez la snapback &quot;Spiral&quot; de Woed, un accessoire unique et \u00e9l\u00e9gant qui ne manquera pas d&#039;attirer l&#039;attention. Cette snapback blanche allie un design moderne \u00e0 des mat\u00e9riaux naturels, ce qui en fait une v\u00e9ritable attraction.\" \/>\n<meta property=\"og:url\" content=\"https:\/\/woedonline.nl\/fr\/shop\/toutes-les-capsules\/collection-de-chanvre\/snapback-kitsune-kopie\/\" \/>\n<meta property=\"og:site_name\" content=\"Woed\" \/>\n<meta property=\"article:publisher\" content=\"https:\/\/www.facebook.com\/Woedshop\/\" \/>\n<meta property=\"article:modified_time\" content=\"2025-12-17T10:57:02+00:00\" \/>\n<meta property=\"og:image\" content=\"https:\/\/woedonline.nl\/wp-content\/uploads\/2025\/09\/Woed-snapback-SPIRAL-1.jpg\" \/>\n\t<meta property=\"og:image:width\" content=\"800\" \/>\n\t<meta property=\"og:image:height\" content=\"800\" \/>\n\t<meta property=\"og:image:type\" content=\"image\/jpeg\" \/>\n<meta name=\"twitter:card\" content=\"summary_large_image\" \/>\n<meta name=\"twitter:label1\" content=\"Dur\u00e9e de lecture estim\u00e9e\" \/>\n\t<meta name=\"twitter:data1\" content=\"2 minutes\" \/>\n<script type=\"application\/ld+json\" class=\"yoast-schema-graph\">{\"@context\":\"https:\\\/\\\/schema.org\",\"@graph\":[{\"@type\":\"WebPage\",\"@id\":\"https:\\\/\\\/woedonline.nl\\\/fr\\\/shop\\\/toutes-les-capsules\\\/collection-de-chanvre\\\/snapback-kitsune-kopie\\\/\",\"url\":\"https:\\\/\\\/woedonline.nl\\\/fr\\\/shop\\\/toutes-les-capsules\\\/collection-de-chanvre\\\/snapback-kitsune-kopie\\\/\",\"name\":\"Bretelles | SPIRAL - Woed\",\"isPartOf\":{\"@id\":\"https:\\\/\\\/woedonline.nl\\\/fr\\\/#website\"},\"primaryImageOfPage\":{\"@id\":\"https:\\\/\\\/woedonline.nl\\\/fr\\\/shop\\\/toutes-les-capsules\\\/collection-de-chanvre\\\/snapback-kitsune-kopie\\\/#primaryimage\"},\"image\":{\"@id\":\"https:\\\/\\\/woedonline.nl\\\/fr\\\/shop\\\/toutes-les-capsules\\\/collection-de-chanvre\\\/snapback-kitsune-kopie\\\/#primaryimage\"},\"thumbnailUrl\":\"https:\\\/\\\/woedonline.nl\\\/wp-content\\\/uploads\\\/2025\\\/09\\\/Woed-snapback-SPIRAL-1.jpg\",\"datePublished\":\"2024-07-30T09:33:03+00:00\",\"dateModified\":\"2025-12-17T10:57:02+00:00\",\"description\":\"D\u00e9couvrez la snapback \\\"Spiral\\\" de Woed, un accessoire unique et \u00e9l\u00e9gant qui ne manquera pas d'attirer l'attention. Cette snapback blanche allie un design moderne \u00e0 des mat\u00e9riaux naturels, ce qui en fait une v\u00e9ritable attraction.\",\"breadcrumb\":{\"@id\":\"https:\\\/\\\/woedonline.nl\\\/fr\\\/shop\\\/toutes-les-capsules\\\/collection-de-chanvre\\\/snapback-kitsune-kopie\\\/#breadcrumb\"},\"inLanguage\":\"fr-FR\",\"potentialAction\":[{\"@type\":\"ReadAction\",\"target\":[\"https:\\\/\\\/woedonline.nl\\\/fr\\\/shop\\\/toutes-les-capsules\\\/collection-de-chanvre\\\/snapback-kitsune-kopie\\\/\"]}]},{\"@type\":\"ImageObject\",\"inLanguage\":\"fr-FR\",\"@id\":\"https:\\\/\\\/woedonline.nl\\\/fr\\\/shop\\\/toutes-les-capsules\\\/collection-de-chanvre\\\/snapback-kitsune-kopie\\\/#primaryimage\",\"url\":\"https:\\\/\\\/woedonline.nl\\\/wp-content\\\/uploads\\\/2025\\\/09\\\/Woed-snapback-SPIRAL-1.jpg\",\"contentUrl\":\"https:\\\/\\\/woedonline.nl\\\/wp-content\\\/uploads\\\/2025\\\/09\\\/Woed-snapback-SPIRAL-1.jpg\",\"width\":800,\"height\":800},{\"@type\":\"BreadcrumbList\",\"@id\":\"https:\\\/\\\/woedonline.nl\\\/fr\\\/shop\\\/toutes-les-capsules\\\/collection-de-chanvre\\\/snapback-kitsune-kopie\\\/#breadcrumb\",\"itemListElement\":[{\"@type\":\"ListItem\",\"position\":1,\"name\":\"Accueil\",\"item\":\"https:\\\/\\\/woedonline.nl\\\/fr\\\/\"},{\"@type\":\"ListItem\",\"position\":2,\"name\":\"Boutique\",\"item\":\"https:\\\/\\\/woedonline.nl\\\/fr\\\/boutique\\\/\"},{\"@type\":\"ListItem\",\"position\":3,\"name\":\"Bretelles | SPIRAL\"}]},{\"@type\":\"WebSite\",\"@id\":\"https:\\\/\\\/woedonline.nl\\\/fr\\\/#website\",\"url\":\"https:\\\/\\\/woedonline.nl\\\/fr\\\/\",\"name\":\"Woed\",\"description\":\"Kurk petten, houten horloges en houten zonnebrillen\",\"publisher\":{\"@id\":\"https:\\\/\\\/woedonline.nl\\\/fr\\\/#organization\"},\"alternateName\":\"W\",\"potentialAction\":[{\"@type\":\"SearchAction\",\"target\":{\"@type\":\"EntryPoint\",\"urlTemplate\":\"https:\\\/\\\/woedonline.nl\\\/fr\\\/?s={search_term_string}\"},\"query-input\":{\"@type\":\"PropertyValueSpecification\",\"valueRequired\":true,\"valueName\":\"search_term_string\"}}],\"inLanguage\":\"fr-FR\"},{\"@type\":\"Organization\",\"@id\":\"https:\\\/\\\/woedonline.nl\\\/fr\\\/#organization\",\"name\":\"Woed\",\"alternateName\":\"W\",\"url\":\"https:\\\/\\\/woedonline.nl\\\/fr\\\/\",\"logo\":{\"@type\":\"ImageObject\",\"inLanguage\":\"fr-FR\",\"@id\":\"https:\\\/\\\/woedonline.nl\\\/fr\\\/#\\\/schema\\\/logo\\\/image\\\/\",\"url\":\"https:\\\/\\\/woedonline.nl\\\/wp-content\\\/uploads\\\/2016\\\/05\\\/Wood-logo-name-png.png\",\"contentUrl\":\"https:\\\/\\\/woedonline.nl\\\/wp-content\\\/uploads\\\/2016\\\/05\\\/Wood-logo-name-png.png\",\"width\":250,\"height\":89,\"caption\":\"Woed\"},\"image\":{\"@id\":\"https:\\\/\\\/woedonline.nl\\\/fr\\\/#\\\/schema\\\/logo\\\/image\\\/\"},\"sameAs\":[\"https:\\\/\\\/www.facebook.com\\\/Woedshop\\\/\",\"https:\\\/\\\/www.instagram.com\\\/woed.eu\"]}]}<\/script>\n<!-- \/ Yoast SEO plugin. -->","yoast_head_json":{"title":"Bretelles | SPIRAL - Woed","description":"D\u00e9couvrez la snapback \"Spiral\" de Woed, un accessoire unique et \u00e9l\u00e9gant qui ne manquera pas d'attirer l'attention. Cette snapback blanche allie un design moderne \u00e0 des mat\u00e9riaux naturels, ce qui en fait une v\u00e9ritable attraction.","robots":{"index":"index","follow":"follow","max-snippet":"max-snippet:-1","max-image-preview":"max-image-preview:large","max-video-preview":"max-video-preview:-1"},"canonical":"https:\/\/woedonline.nl\/fr\/shop\/toutes-les-capsules\/collection-de-chanvre\/snapback-kitsune-kopie\/","og_locale":"fr_FR","og_type":"article","og_title":"Bretelles | SPIRAL - Woed","og_description":"D\u00e9couvrez la snapback \"Spiral\" de Woed, un accessoire unique et \u00e9l\u00e9gant qui ne manquera pas d'attirer l'attention. Cette snapback blanche allie un design moderne \u00e0 des mat\u00e9riaux naturels, ce qui en fait une v\u00e9ritable attraction.","og_url":"https:\/\/woedonline.nl\/fr\/shop\/toutes-les-capsules\/collection-de-chanvre\/snapback-kitsune-kopie\/","og_site_name":"Woed","article_publisher":"https:\/\/www.facebook.com\/Woedshop\/","article_modified_time":"2025-12-17T10:57:02+00:00","og_image":[{"width":800,"height":800,"url":"https:\/\/woedonline.nl\/wp-content\/uploads\/2025\/09\/Woed-snapback-SPIRAL-1.jpg","type":"image\/jpeg"}],"twitter_card":"summary_large_image","twitter_misc":{"Dur\u00e9e de lecture estim\u00e9e":"2 minutes"},"schema":{"@context":"https:\/\/schema.org","@graph":[{"@type":"WebPage","@id":"https:\/\/woedonline.nl\/fr\/shop\/toutes-les-capsules\/collection-de-chanvre\/snapback-kitsune-kopie\/","url":"https:\/\/woedonline.nl\/fr\/shop\/toutes-les-capsules\/collection-de-chanvre\/snapback-kitsune-kopie\/","name":"Bretelles | SPIRAL - Woed","isPartOf":{"@id":"https:\/\/woedonline.nl\/fr\/#website"},"primaryImageOfPage":{"@id":"https:\/\/woedonline.nl\/fr\/shop\/toutes-les-capsules\/collection-de-chanvre\/snapback-kitsune-kopie\/#primaryimage"},"image":{"@id":"https:\/\/woedonline.nl\/fr\/shop\/toutes-les-capsules\/collection-de-chanvre\/snapback-kitsune-kopie\/#primaryimage"},"thumbnailUrl":"https:\/\/woedonline.nl\/wp-content\/uploads\/2025\/09\/Woed-snapback-SPIRAL-1.jpg","datePublished":"2024-07-30T09:33:03+00:00","dateModified":"2025-12-17T10:57:02+00:00","description":"D\u00e9couvrez la snapback \"Spiral\" de Woed, un accessoire unique et \u00e9l\u00e9gant qui ne manquera pas d'attirer l'attention. Cette snapback blanche allie un design moderne \u00e0 des mat\u00e9riaux naturels, ce qui en fait une v\u00e9ritable attraction.","breadcrumb":{"@id":"https:\/\/woedonline.nl\/fr\/shop\/toutes-les-capsules\/collection-de-chanvre\/snapback-kitsune-kopie\/#breadcrumb"},"inLanguage":"fr-FR","potentialAction":[{"@type":"ReadAction","target":["https:\/\/woedonline.nl\/fr\/shop\/toutes-les-capsules\/collection-de-chanvre\/snapback-kitsune-kopie\/"]}]},{"@type":"ImageObject","inLanguage":"fr-FR","@id":"https:\/\/woedonline.nl\/fr\/shop\/toutes-les-capsules\/collection-de-chanvre\/snapback-kitsune-kopie\/#primaryimage","url":"https:\/\/woedonline.nl\/wp-content\/uploads\/2025\/09\/Woed-snapback-SPIRAL-1.jpg","contentUrl":"https:\/\/woedonline.nl\/wp-content\/uploads\/2025\/09\/Woed-snapback-SPIRAL-1.jpg","width":800,"height":800},{"@type":"BreadcrumbList","@id":"https:\/\/woedonline.nl\/fr\/shop\/toutes-les-capsules\/collection-de-chanvre\/snapback-kitsune-kopie\/#breadcrumb","itemListElement":[{"@type":"ListItem","position":1,"name":"Accueil","item":"https:\/\/woedonline.nl\/fr\/"},{"@type":"ListItem","position":2,"name":"Boutique","item":"https:\/\/woedonline.nl\/fr\/boutique\/"},{"@type":"ListItem","position":3,"name":"Bretelles | SPIRAL"}]},{"@type":"WebSite","@id":"https:\/\/woedonline.nl\/fr\/#website","url":"https:\/\/woedonline.nl\/fr\/","name":"Woed","description":"Kurk petten, houten horloges en houten zonnebrillen","publisher":{"@id":"https:\/\/woedonline.nl\/fr\/#organization"},"alternateName":"W","potentialAction":[{"@type":"SearchAction","target":{"@type":"EntryPoint","urlTemplate":"https:\/\/woedonline.nl\/fr\/?s={search_term_string}"},"query-input":{"@type":"PropertyValueSpecification","valueRequired":true,"valueName":"search_term_string"}}],"inLanguage":"fr-FR"},{"@type":"Organization","@id":"https:\/\/woedonline.nl\/fr\/#organization","name":"Woed","alternateName":"W","url":"https:\/\/woedonline.nl\/fr\/","logo":{"@type":"ImageObject","inLanguage":"fr-FR","@id":"https:\/\/woedonline.nl\/fr\/#\/schema\/logo\/image\/","url":"https:\/\/woedonline.nl\/wp-content\/uploads\/2016\/05\/Wood-logo-name-png.png","contentUrl":"https:\/\/woedonline.nl\/wp-content\/uploads\/2016\/05\/Wood-logo-name-png.png","width":250,"height":89,"caption":"Woed"},"image":{"@id":"https:\/\/woedonline.nl\/fr\/#\/schema\/logo\/image\/"},"sameAs":["https:\/\/www.facebook.com\/Woedshop\/","https:\/\/www.instagram.com\/woed.eu"]}]}},"_links":{"self":[{"href":"https:\/\/woedonline.nl\/fr\/wp-json\/wp\/v2\/product\/382667","targetHints":{"allow":["GET"]}}],"collection":[{"href":"https:\/\/woedonline.nl\/fr\/wp-json\/wp\/v2\/product"}],"about":[{"href":"https:\/\/woedonline.nl\/fr\/wp-json\/wp\/v2\/types\/product"}],"replies":[{"embeddable":true,"href":"https:\/\/woedonline.nl\/fr\/wp-json\/wp\/v2\/comments?post=382667"}],"wp:featuredmedia":[{"embeddable":true,"href":"https:\/\/woedonline.nl\/fr\/wp-json\/wp\/v2\/media\/390006"}],"wp:attachment":[{"href":"https:\/\/woedonline.nl\/fr\/wp-json\/wp\/v2\/media?parent=382667"}],"wp:term":[{"taxonomy":"product_brand","embeddable":true,"href":"https:\/\/woedonline.nl\/fr\/wp-json\/wp\/v2\/product_brand?post=382667"},{"taxonomy":"product_cat","embeddable":true,"href":"https:\/\/woedonline.nl\/fr\/wp-json\/wp\/v2\/product_cat?post=382667"},{"taxonomy":"product_tag","embeddable":true,"href":"https:\/\/woedonline.nl\/fr\/wp-json\/wp\/v2\/product_tag?post=382667"}],"curies":[{"name":"wp","href":"https:\/\/api.w.org\/{rel}","templated":true}]}}