{"id":381167,"date":"2024-04-30T12:07:05","date_gmt":"2024-04-30T10:07:05","guid":{"rendered":"https:\/\/woedonline.nl\/shop\/non%20class\u00e9\/lunettes-de-soleil-wayfarer-mulberry\/"},"modified":"2025-11-05T15:01:56","modified_gmt":"2025-11-05T14:01:56","slug":"lunettes-de-soleil-wayfarer-mulberry","status":"publish","type":"product","link":"https:\/\/woedonline.nl\/fr\/shop\/lunettes-de-soleil-en-bois\/wayfarer-fr\/lunettes-de-soleil-wayfarer-mulberry\/","title":{"rendered":"Lunettes de soleil Wayfarer | Mulberry"},"content":{"rendered":"<p>Voici Mulberry, le compagnon id\u00e9al pour vos aventures ensoleill\u00e9es. Ces lunettes de soleil Woed wayfarer exsudent l&rsquo;\u00e9l\u00e9gance avec leur monture tout en bois fabriqu\u00e9e \u00e0 partir de bambou durable. Les tons naturels du bambou ajoutent une touche de charme rustique \u00e0 votre look, tandis que les gravures uniques sur les pieds ajoutent une touche personnelle.  <\/p>\n<p>Prot\u00e9gez vos yeux avec style gr\u00e2ce \u00e0 la protection 400UV des verres noirs, qui bloquent les rayons nocifs pendant que vous profitez des chauds rayons du soleil. Que vous vous d\u00e9tendiez sur la plage, que vous vous promeniez en ville ou que vous escaladiez une montagne, Mulberry est toujours l\u00e0 pour vous, avec sa protection fiable et son esth\u00e9tique intemporelle. <\/p>\n<p>Cerise sur le g\u00e2teau, Mulberry fournit un chiffon de polissage pratique et un \u00e9tui de rangement, pour que vos lunettes de soleil restent toujours brillantes et en s\u00e9curit\u00e9, o\u00f9 que vos aventures vous m\u00e8nent. Choisissez Mulberry et adoptez la combinaison parfaite de style, de fonctionnalit\u00e9 et de beaut\u00e9 naturelle pour toutes vos journ\u00e9es ensoleill\u00e9es. <\/p>\n","protected":false},"excerpt":{"rendered":"<p>\u2714Pour elle et lui \u2714100% de mat\u00e9riaux naturels \u2714R\u00e9sistant \u00e0 l&rsquo;eau \u2714L\u00e9ger et confortable \u2714Pied en bois v\u00e9ritable \u2714Umpple protection gr\u00e2ce au verre UV-400 \u2714Incluant une pochette de rangement et un chiffon de polissage<\/p>\n","protected":false},"featured_media":381453,"comment_status":"open","ping_status":"closed","template":"","meta":[],"product_brand":[],"product_cat":[816,559],"product_tag":[],"class_list":{"0":"post-381167","1":"product","2":"type-product","3":"status-publish","4":"has-post-thumbnail","6":"product_cat-lunettes-de-soleil-en-bois","7":"product_cat-wayfarer-fr","8":"product_shipping_class-armbanden-horloge-zonnebrillen-fr","10":"first","11":"instock","12":"taxable","13":"shipping-taxable","14":"purchasable","15":"product-type-simple"},"yoast_head":"<!-- This site is optimized with the Yoast SEO plugin v27.5 - https:\/\/yoast.com\/product\/yoast-seo-wordpress\/ -->\n<title>Lunettes de soleil Wayfarer | Mulberry - Woed<\/title>\n<meta name=\"description\" content=\"Voici Mulberry, le compagnon id\u00e9al pour vos aventures ensoleill\u00e9es. Ces lunettes de soleil Woed wayfarer exsudent l&#039;\u00e9l\u00e9gance avec leur monture tout en bois fabriqu\u00e9e \u00e0 partir de bambou durable. Les tons naturels du bambou ajoutent une touche de charme rustique \u00e0 votre look, tandis que les gravures uniques sur les pieds ajoutent une touche personnelle.\" \/>\n<meta name=\"robots\" content=\"index, follow, max-snippet:-1, max-image-preview:large, max-video-preview:-1\" \/>\n<link rel=\"canonical\" href=\"https:\/\/woedonline.nl\/fr\/shop\/lunettes-de-soleil-en-bois\/wayfarer-fr\/lunettes-de-soleil-wayfarer-mulberry\/\" \/>\n<meta property=\"og:locale\" content=\"fr_FR\" \/>\n<meta property=\"og:type\" content=\"article\" \/>\n<meta property=\"og:title\" content=\"Lunettes de soleil Wayfarer | Mulberry - Woed\" \/>\n<meta property=\"og:description\" content=\"Voici Mulberry, le compagnon id\u00e9al pour vos aventures ensoleill\u00e9es. Ces lunettes de soleil Woed wayfarer exsudent l&#039;\u00e9l\u00e9gance avec leur monture tout en bois fabriqu\u00e9e \u00e0 partir de bambou durable. Les tons naturels du bambou ajoutent une touche de charme rustique \u00e0 votre look, tandis que les gravures uniques sur les pieds ajoutent une touche personnelle.\" \/>\n<meta property=\"og:url\" content=\"https:\/\/woedonline.nl\/fr\/shop\/lunettes-de-soleil-en-bois\/wayfarer-fr\/lunettes-de-soleil-wayfarer-mulberry\/\" \/>\n<meta property=\"og:site_name\" content=\"Woed\" \/>\n<meta property=\"article:publisher\" content=\"https:\/\/www.facebook.com\/Woedshop\/\" \/>\n<meta property=\"article:modified_time\" content=\"2025-11-05T14:01:56+00:00\" \/>\n<meta property=\"og:image\" content=\"https:\/\/woedonline.nl\/wp-content\/uploads\/2024\/04\/Woed-wayfarer-Moerbei-jpg.webp\" \/>\n\t<meta property=\"og:image:width\" content=\"800\" \/>\n\t<meta property=\"og:image:height\" content=\"800\" \/>\n\t<meta property=\"og:image:type\" content=\"image\/jpeg\" \/>\n<meta name=\"twitter:card\" content=\"summary_large_image\" \/>\n<meta name=\"twitter:label1\" content=\"Dur\u00e9e de lecture estim\u00e9e\" \/>\n\t<meta name=\"twitter:data1\" content=\"1 minute\" \/>\n<script type=\"application\/ld+json\" class=\"yoast-schema-graph\">{\"@context\":\"https:\\\/\\\/schema.org\",\"@graph\":[{\"@type\":\"WebPage\",\"@id\":\"https:\\\/\\\/woedonline.nl\\\/fr\\\/shop\\\/lunettes-de-soleil-en-bois\\\/wayfarer-fr\\\/lunettes-de-soleil-wayfarer-mulberry\\\/\",\"url\":\"https:\\\/\\\/woedonline.nl\\\/fr\\\/shop\\\/lunettes-de-soleil-en-bois\\\/wayfarer-fr\\\/lunettes-de-soleil-wayfarer-mulberry\\\/\",\"name\":\"Lunettes de soleil Wayfarer | Mulberry - Woed\",\"isPartOf\":{\"@id\":\"https:\\\/\\\/woedonline.nl\\\/fr\\\/#website\"},\"primaryImageOfPage\":{\"@id\":\"https:\\\/\\\/woedonline.nl\\\/fr\\\/shop\\\/lunettes-de-soleil-en-bois\\\/wayfarer-fr\\\/lunettes-de-soleil-wayfarer-mulberry\\\/#primaryimage\"},\"image\":{\"@id\":\"https:\\\/\\\/woedonline.nl\\\/fr\\\/shop\\\/lunettes-de-soleil-en-bois\\\/wayfarer-fr\\\/lunettes-de-soleil-wayfarer-mulberry\\\/#primaryimage\"},\"thumbnailUrl\":\"https:\\\/\\\/woedonline.nl\\\/wp-content\\\/uploads\\\/2024\\\/04\\\/Woed-wayfarer-Moerbei-jpg.webp\",\"datePublished\":\"2024-04-30T10:07:05+00:00\",\"dateModified\":\"2025-11-05T14:01:56+00:00\",\"description\":\"Voici Mulberry, le compagnon id\u00e9al pour vos aventures ensoleill\u00e9es. Ces lunettes de soleil Woed wayfarer exsudent l'\u00e9l\u00e9gance avec leur monture tout en bois fabriqu\u00e9e \u00e0 partir de bambou durable. Les tons naturels du bambou ajoutent une touche de charme rustique \u00e0 votre look, tandis que les gravures uniques sur les pieds ajoutent une touche personnelle.\",\"breadcrumb\":{\"@id\":\"https:\\\/\\\/woedonline.nl\\\/fr\\\/shop\\\/lunettes-de-soleil-en-bois\\\/wayfarer-fr\\\/lunettes-de-soleil-wayfarer-mulberry\\\/#breadcrumb\"},\"inLanguage\":\"fr-FR\",\"potentialAction\":[{\"@type\":\"ReadAction\",\"target\":[\"https:\\\/\\\/woedonline.nl\\\/fr\\\/shop\\\/lunettes-de-soleil-en-bois\\\/wayfarer-fr\\\/lunettes-de-soleil-wayfarer-mulberry\\\/\"]}]},{\"@type\":\"ImageObject\",\"inLanguage\":\"fr-FR\",\"@id\":\"https:\\\/\\\/woedonline.nl\\\/fr\\\/shop\\\/lunettes-de-soleil-en-bois\\\/wayfarer-fr\\\/lunettes-de-soleil-wayfarer-mulberry\\\/#primaryimage\",\"url\":\"https:\\\/\\\/woedonline.nl\\\/wp-content\\\/uploads\\\/2024\\\/04\\\/Woed-wayfarer-Moerbei-jpg.webp\",\"contentUrl\":\"https:\\\/\\\/woedonline.nl\\\/wp-content\\\/uploads\\\/2024\\\/04\\\/Woed-wayfarer-Moerbei-jpg.webp\",\"width\":800,\"height\":800},{\"@type\":\"BreadcrumbList\",\"@id\":\"https:\\\/\\\/woedonline.nl\\\/fr\\\/shop\\\/lunettes-de-soleil-en-bois\\\/wayfarer-fr\\\/lunettes-de-soleil-wayfarer-mulberry\\\/#breadcrumb\",\"itemListElement\":[{\"@type\":\"ListItem\",\"position\":1,\"name\":\"Accueil\",\"item\":\"https:\\\/\\\/woedonline.nl\\\/fr\\\/\"},{\"@type\":\"ListItem\",\"position\":2,\"name\":\"Boutique\",\"item\":\"https:\\\/\\\/woedonline.nl\\\/fr\\\/boutique\\\/\"},{\"@type\":\"ListItem\",\"position\":3,\"name\":\"Lunettes de soleil Wayfarer | Mulberry\"}]},{\"@type\":\"WebSite\",\"@id\":\"https:\\\/\\\/woedonline.nl\\\/fr\\\/#website\",\"url\":\"https:\\\/\\\/woedonline.nl\\\/fr\\\/\",\"name\":\"Woed\",\"description\":\"Kurk petten, houten horloges en houten zonnebrillen\",\"publisher\":{\"@id\":\"https:\\\/\\\/woedonline.nl\\\/fr\\\/#organization\"},\"alternateName\":\"W\",\"potentialAction\":[{\"@type\":\"SearchAction\",\"target\":{\"@type\":\"EntryPoint\",\"urlTemplate\":\"https:\\\/\\\/woedonline.nl\\\/fr\\\/?s={search_term_string}\"},\"query-input\":{\"@type\":\"PropertyValueSpecification\",\"valueRequired\":true,\"valueName\":\"search_term_string\"}}],\"inLanguage\":\"fr-FR\"},{\"@type\":\"Organization\",\"@id\":\"https:\\\/\\\/woedonline.nl\\\/fr\\\/#organization\",\"name\":\"Woed\",\"alternateName\":\"W\",\"url\":\"https:\\\/\\\/woedonline.nl\\\/fr\\\/\",\"logo\":{\"@type\":\"ImageObject\",\"inLanguage\":\"fr-FR\",\"@id\":\"https:\\\/\\\/woedonline.nl\\\/fr\\\/#\\\/schema\\\/logo\\\/image\\\/\",\"url\":\"https:\\\/\\\/woedonline.nl\\\/wp-content\\\/uploads\\\/2016\\\/05\\\/Wood-logo-name-png.png\",\"contentUrl\":\"https:\\\/\\\/woedonline.nl\\\/wp-content\\\/uploads\\\/2016\\\/05\\\/Wood-logo-name-png.png\",\"width\":250,\"height\":89,\"caption\":\"Woed\"},\"image\":{\"@id\":\"https:\\\/\\\/woedonline.nl\\\/fr\\\/#\\\/schema\\\/logo\\\/image\\\/\"},\"sameAs\":[\"https:\\\/\\\/www.facebook.com\\\/Woedshop\\\/\",\"https:\\\/\\\/www.instagram.com\\\/woed.eu\"]}]}<\/script>\n<!-- \/ Yoast SEO plugin. -->","yoast_head_json":{"title":"Lunettes de soleil Wayfarer | Mulberry - Woed","description":"Voici Mulberry, le compagnon id\u00e9al pour vos aventures ensoleill\u00e9es. Ces lunettes de soleil Woed wayfarer exsudent l'\u00e9l\u00e9gance avec leur monture tout en bois fabriqu\u00e9e \u00e0 partir de bambou durable. Les tons naturels du bambou ajoutent une touche de charme rustique \u00e0 votre look, tandis que les gravures uniques sur les pieds ajoutent une touche personnelle.","robots":{"index":"index","follow":"follow","max-snippet":"max-snippet:-1","max-image-preview":"max-image-preview:large","max-video-preview":"max-video-preview:-1"},"canonical":"https:\/\/woedonline.nl\/fr\/shop\/lunettes-de-soleil-en-bois\/wayfarer-fr\/lunettes-de-soleil-wayfarer-mulberry\/","og_locale":"fr_FR","og_type":"article","og_title":"Lunettes de soleil Wayfarer | Mulberry - Woed","og_description":"Voici Mulberry, le compagnon id\u00e9al pour vos aventures ensoleill\u00e9es. Ces lunettes de soleil Woed wayfarer exsudent l'\u00e9l\u00e9gance avec leur monture tout en bois fabriqu\u00e9e \u00e0 partir de bambou durable. Les tons naturels du bambou ajoutent une touche de charme rustique \u00e0 votre look, tandis que les gravures uniques sur les pieds ajoutent une touche personnelle.","og_url":"https:\/\/woedonline.nl\/fr\/shop\/lunettes-de-soleil-en-bois\/wayfarer-fr\/lunettes-de-soleil-wayfarer-mulberry\/","og_site_name":"Woed","article_publisher":"https:\/\/www.facebook.com\/Woedshop\/","article_modified_time":"2025-11-05T14:01:56+00:00","og_image":[{"width":800,"height":800,"url":"https:\/\/woedonline.nl\/wp-content\/uploads\/2024\/04\/Woed-wayfarer-Moerbei-jpg.webp","type":"image\/jpeg"}],"twitter_card":"summary_large_image","twitter_misc":{"Dur\u00e9e de lecture estim\u00e9e":"1 minute"},"schema":{"@context":"https:\/\/schema.org","@graph":[{"@type":"WebPage","@id":"https:\/\/woedonline.nl\/fr\/shop\/lunettes-de-soleil-en-bois\/wayfarer-fr\/lunettes-de-soleil-wayfarer-mulberry\/","url":"https:\/\/woedonline.nl\/fr\/shop\/lunettes-de-soleil-en-bois\/wayfarer-fr\/lunettes-de-soleil-wayfarer-mulberry\/","name":"Lunettes de soleil Wayfarer | Mulberry - Woed","isPartOf":{"@id":"https:\/\/woedonline.nl\/fr\/#website"},"primaryImageOfPage":{"@id":"https:\/\/woedonline.nl\/fr\/shop\/lunettes-de-soleil-en-bois\/wayfarer-fr\/lunettes-de-soleil-wayfarer-mulberry\/#primaryimage"},"image":{"@id":"https:\/\/woedonline.nl\/fr\/shop\/lunettes-de-soleil-en-bois\/wayfarer-fr\/lunettes-de-soleil-wayfarer-mulberry\/#primaryimage"},"thumbnailUrl":"https:\/\/woedonline.nl\/wp-content\/uploads\/2024\/04\/Woed-wayfarer-Moerbei-jpg.webp","datePublished":"2024-04-30T10:07:05+00:00","dateModified":"2025-11-05T14:01:56+00:00","description":"Voici Mulberry, le compagnon id\u00e9al pour vos aventures ensoleill\u00e9es. Ces lunettes de soleil Woed wayfarer exsudent l'\u00e9l\u00e9gance avec leur monture tout en bois fabriqu\u00e9e \u00e0 partir de bambou durable. Les tons naturels du bambou ajoutent une touche de charme rustique \u00e0 votre look, tandis que les gravures uniques sur les pieds ajoutent une touche personnelle.","breadcrumb":{"@id":"https:\/\/woedonline.nl\/fr\/shop\/lunettes-de-soleil-en-bois\/wayfarer-fr\/lunettes-de-soleil-wayfarer-mulberry\/#breadcrumb"},"inLanguage":"fr-FR","potentialAction":[{"@type":"ReadAction","target":["https:\/\/woedonline.nl\/fr\/shop\/lunettes-de-soleil-en-bois\/wayfarer-fr\/lunettes-de-soleil-wayfarer-mulberry\/"]}]},{"@type":"ImageObject","inLanguage":"fr-FR","@id":"https:\/\/woedonline.nl\/fr\/shop\/lunettes-de-soleil-en-bois\/wayfarer-fr\/lunettes-de-soleil-wayfarer-mulberry\/#primaryimage","url":"https:\/\/woedonline.nl\/wp-content\/uploads\/2024\/04\/Woed-wayfarer-Moerbei-jpg.webp","contentUrl":"https:\/\/woedonline.nl\/wp-content\/uploads\/2024\/04\/Woed-wayfarer-Moerbei-jpg.webp","width":800,"height":800},{"@type":"BreadcrumbList","@id":"https:\/\/woedonline.nl\/fr\/shop\/lunettes-de-soleil-en-bois\/wayfarer-fr\/lunettes-de-soleil-wayfarer-mulberry\/#breadcrumb","itemListElement":[{"@type":"ListItem","position":1,"name":"Accueil","item":"https:\/\/woedonline.nl\/fr\/"},{"@type":"ListItem","position":2,"name":"Boutique","item":"https:\/\/woedonline.nl\/fr\/boutique\/"},{"@type":"ListItem","position":3,"name":"Lunettes de soleil Wayfarer | Mulberry"}]},{"@type":"WebSite","@id":"https:\/\/woedonline.nl\/fr\/#website","url":"https:\/\/woedonline.nl\/fr\/","name":"Woed","description":"Kurk petten, houten horloges en houten zonnebrillen","publisher":{"@id":"https:\/\/woedonline.nl\/fr\/#organization"},"alternateName":"W","potentialAction":[{"@type":"SearchAction","target":{"@type":"EntryPoint","urlTemplate":"https:\/\/woedonline.nl\/fr\/?s={search_term_string}"},"query-input":{"@type":"PropertyValueSpecification","valueRequired":true,"valueName":"search_term_string"}}],"inLanguage":"fr-FR"},{"@type":"Organization","@id":"https:\/\/woedonline.nl\/fr\/#organization","name":"Woed","alternateName":"W","url":"https:\/\/woedonline.nl\/fr\/","logo":{"@type":"ImageObject","inLanguage":"fr-FR","@id":"https:\/\/woedonline.nl\/fr\/#\/schema\/logo\/image\/","url":"https:\/\/woedonline.nl\/wp-content\/uploads\/2016\/05\/Wood-logo-name-png.png","contentUrl":"https:\/\/woedonline.nl\/wp-content\/uploads\/2016\/05\/Wood-logo-name-png.png","width":250,"height":89,"caption":"Woed"},"image":{"@id":"https:\/\/woedonline.nl\/fr\/#\/schema\/logo\/image\/"},"sameAs":["https:\/\/www.facebook.com\/Woedshop\/","https:\/\/www.instagram.com\/woed.eu"]}]}},"_links":{"self":[{"href":"https:\/\/woedonline.nl\/fr\/wp-json\/wp\/v2\/product\/381167","targetHints":{"allow":["GET"]}}],"collection":[{"href":"https:\/\/woedonline.nl\/fr\/wp-json\/wp\/v2\/product"}],"about":[{"href":"https:\/\/woedonline.nl\/fr\/wp-json\/wp\/v2\/types\/product"}],"replies":[{"embeddable":true,"href":"https:\/\/woedonline.nl\/fr\/wp-json\/wp\/v2\/comments?post=381167"}],"wp:featuredmedia":[{"embeddable":true,"href":"https:\/\/woedonline.nl\/fr\/wp-json\/wp\/v2\/media\/381453"}],"wp:attachment":[{"href":"https:\/\/woedonline.nl\/fr\/wp-json\/wp\/v2\/media?parent=381167"}],"wp:term":[{"taxonomy":"product_brand","embeddable":true,"href":"https:\/\/woedonline.nl\/fr\/wp-json\/wp\/v2\/product_brand?post=381167"},{"taxonomy":"product_cat","embeddable":true,"href":"https:\/\/woedonline.nl\/fr\/wp-json\/wp\/v2\/product_cat?post=381167"},{"taxonomy":"product_tag","embeddable":true,"href":"https:\/\/woedonline.nl\/fr\/wp-json\/wp\/v2\/product_tag?post=381167"}],"curies":[{"name":"wp","href":"https:\/\/api.w.org\/{rel}","templated":true}]}}