{"id":381163,"date":"2024-04-30T12:01:46","date_gmt":"2024-04-30T10:01:46","guid":{"rendered":"https:\/\/woedonline.nl\/shop\/non%20class\u00e9\/lunettes-de-soleil-wayfarer-catnip\/"},"modified":"2026-04-15T10:42:26","modified_gmt":"2026-04-15T08:42:26","slug":"lunettes-de-soleil-wayfarer-catnip","status":"publish","type":"product","link":"https:\/\/woedonline.nl\/fr\/shop\/lunettes-de-soleil-en-bois\/wayfarer-fr\/lunettes-de-soleil-wayfarer-catnip\/","title":{"rendered":"Lunettes de soleil Wayfarer | Catnip"},"content":{"rendered":"<p>D\u00e9couvrez le m\u00e9lange ultime de style et de nature avec nos lunettes de soleil Woed Wayfarer, les Catnip. Ces lunettes de soleil uniques ne sont pas seulement un accessoire de mode, mais une d\u00e9claration de respect de l&rsquo;environnement et d&rsquo;artisanat raffin\u00e9. Avec un cadre enti\u00e8rement en bois construit \u00e0 partir de plusieurs couches de bois de skateboard de haute qualit\u00e9, le Catnip offre un look unique qui combine \u00e0 la fois la durabilit\u00e9 et la mode.  <\/p>\n<p>Les branches en bois des lunettes de soleil sont grav\u00e9es de motifs uniques, ce qui permet \u00e0 chaque paire de raconter sa propre histoire. Que vous vous promeniez en ville ou que vous vous d\u00e9tendiez sur la plage, les lentilles noires anti-UV de la Catmint offrent une protection optimale contre les rayons nocifs du soleil tout en donnant \u00e0 vos yeux une teinte tendance. <\/p>\n<p>De plus, chaque lunette de soleil Catnip est livr\u00e9e avec un chiffon de nettoyage pratique et un \u00e9tui de rangement \u00e9l\u00e9gant, pour que vos lunettes soient toujours bien prot\u00e9g\u00e9es et brillantes. Ajoutez une touche d&rsquo;\u00e9l\u00e9gance naturelle \u00e0 votre look avec les lunettes de soleil Woed Wayfarer - the Catnip. Repoussez les limites, adoptez le style et prot\u00e9gez vos yeux avec une d\u00e9claration de durabilit\u00e9 et de beaut\u00e9.  <\/p>\n","protected":false},"excerpt":{"rendered":"<p>\u2714Pour elle et lui \u2714100% de mat\u00e9riaux naturels \u2714R\u00e9sistant \u00e0 l&rsquo;eau \u2714L\u00e9ger et confortable \u2714Pied en bois v\u00e9ritable \u2714Umpple protection gr\u00e2ce au verre UV-400 \u2714Incluant une pochette de rangement et un chiffon de polissage<\/p>\n","protected":false},"featured_media":381437,"comment_status":"open","ping_status":"closed","template":"","meta":[],"product_brand":[],"product_cat":[816,559],"product_tag":[],"class_list":{"0":"post-381163","1":"product","2":"type-product","3":"status-publish","4":"has-post-thumbnail","6":"product_cat-lunettes-de-soleil-en-bois","7":"product_cat-wayfarer-fr","8":"product_shipping_class-armbanden-horloge-zonnebrillen-fr","10":"first","11":"outofstock","12":"taxable","13":"shipping-taxable","14":"purchasable","15":"product-type-simple"},"yoast_head":"<!-- This site is optimized with the Yoast SEO plugin v27.5 - https:\/\/yoast.com\/product\/yoast-seo-wordpress\/ -->\n<title>Lunettes de soleil Wayfarer | Catnip - Woed<\/title>\n<meta name=\"description\" content=\"Chez WOED, nous croyons au pouvoir de la simplicit\u00e9 : des mat\u00e9riaux 100% naturels, fabriqu\u00e9s avec amour et joie, sp\u00e9cialement pour vous. Pas d&#039;histoires \u00e9labor\u00e9es sur nous, parce que nous savons que vous voulez simplement acheter de superbes produits en bois. WOED, ce sont des cr\u00e9ations uniques, qui se balancent, que vous recevez rapidement et avec le sourire. Ce que vous voyez, c&#039;est ce que vous obtenez. Nous ne faisons pas corps avec la nature, mais nous avons les deux pieds sur terre. Nous ne sommes pas des d\u00e9fenseurs des arbres, mais nous aimons profond\u00e9ment le bois. Nos produits font de vous le patron de la piste de danse, que ce soit lors d&#039;un festival ou simplement \u00e0 la maison. Commandez d\u00e8s maintenant et d\u00e9couvrez les joies du bois avec WOED !\" \/>\n<meta name=\"robots\" content=\"index, follow, max-snippet:-1, max-image-preview:large, max-video-preview:-1\" \/>\n<link rel=\"canonical\" href=\"https:\/\/woedonline.nl\/fr\/shop\/lunettes-de-soleil-en-bois\/wayfarer-fr\/lunettes-de-soleil-wayfarer-catnip\/\" \/>\n<meta property=\"og:locale\" content=\"fr_FR\" \/>\n<meta property=\"og:type\" content=\"article\" \/>\n<meta property=\"og:title\" content=\"Lunettes de soleil Wayfarer | Catnip - Woed\" \/>\n<meta property=\"og:description\" content=\"Chez WOED, nous croyons au pouvoir de la simplicit\u00e9 : des mat\u00e9riaux 100% naturels, fabriqu\u00e9s avec amour et joie, sp\u00e9cialement pour vous. Pas d&#039;histoires \u00e9labor\u00e9es sur nous, parce que nous savons que vous voulez simplement acheter de superbes produits en bois. WOED, ce sont des cr\u00e9ations uniques, qui se balancent, que vous recevez rapidement et avec le sourire. Ce que vous voyez, c&#039;est ce que vous obtenez. Nous ne faisons pas corps avec la nature, mais nous avons les deux pieds sur terre. Nous ne sommes pas des d\u00e9fenseurs des arbres, mais nous aimons profond\u00e9ment le bois. Nos produits font de vous le patron de la piste de danse, que ce soit lors d&#039;un festival ou simplement \u00e0 la maison. Commandez d\u00e8s maintenant et d\u00e9couvrez les joies du bois avec WOED !\" \/>\n<meta property=\"og:url\" content=\"https:\/\/woedonline.nl\/fr\/shop\/lunettes-de-soleil-en-bois\/wayfarer-fr\/lunettes-de-soleil-wayfarer-catnip\/\" \/>\n<meta property=\"og:site_name\" content=\"Woed\" \/>\n<meta property=\"article:publisher\" content=\"https:\/\/www.facebook.com\/Woedshop\/\" \/>\n<meta property=\"article:modified_time\" content=\"2026-04-15T08:42:26+00:00\" \/>\n<meta property=\"og:image\" content=\"https:\/\/woedonline.nl\/wp-content\/uploads\/2024\/04\/Woed-wayfarer-Kattekruid-jpg.webp\" \/>\n\t<meta property=\"og:image:width\" content=\"800\" \/>\n\t<meta property=\"og:image:height\" content=\"800\" \/>\n\t<meta property=\"og:image:type\" content=\"image\/jpeg\" \/>\n<meta name=\"twitter:card\" content=\"summary_large_image\" \/>\n<meta name=\"twitter:label1\" content=\"Dur\u00e9e de lecture estim\u00e9e\" \/>\n\t<meta name=\"twitter:data1\" content=\"1 minute\" \/>\n<script type=\"application\/ld+json\" class=\"yoast-schema-graph\">{\"@context\":\"https:\\\/\\\/schema.org\",\"@graph\":[{\"@type\":\"WebPage\",\"@id\":\"https:\\\/\\\/woedonline.nl\\\/fr\\\/shop\\\/lunettes-de-soleil-en-bois\\\/wayfarer-fr\\\/lunettes-de-soleil-wayfarer-catnip\\\/\",\"url\":\"https:\\\/\\\/woedonline.nl\\\/fr\\\/shop\\\/lunettes-de-soleil-en-bois\\\/wayfarer-fr\\\/lunettes-de-soleil-wayfarer-catnip\\\/\",\"name\":\"Lunettes de soleil Wayfarer | Catnip - Woed\",\"isPartOf\":{\"@id\":\"https:\\\/\\\/woedonline.nl\\\/fr\\\/#website\"},\"primaryImageOfPage\":{\"@id\":\"https:\\\/\\\/woedonline.nl\\\/fr\\\/shop\\\/lunettes-de-soleil-en-bois\\\/wayfarer-fr\\\/lunettes-de-soleil-wayfarer-catnip\\\/#primaryimage\"},\"image\":{\"@id\":\"https:\\\/\\\/woedonline.nl\\\/fr\\\/shop\\\/lunettes-de-soleil-en-bois\\\/wayfarer-fr\\\/lunettes-de-soleil-wayfarer-catnip\\\/#primaryimage\"},\"thumbnailUrl\":\"https:\\\/\\\/woedonline.nl\\\/wp-content\\\/uploads\\\/2024\\\/04\\\/Woed-wayfarer-Kattekruid-jpg.webp\",\"datePublished\":\"2024-04-30T10:01:46+00:00\",\"dateModified\":\"2026-04-15T08:42:26+00:00\",\"description\":\"Chez WOED, nous croyons au pouvoir de la simplicit\u00e9 : des mat\u00e9riaux 100% naturels, fabriqu\u00e9s avec amour et joie, sp\u00e9cialement pour vous. Pas d'histoires \u00e9labor\u00e9es sur nous, parce que nous savons que vous voulez simplement acheter de superbes produits en bois. WOED, ce sont des cr\u00e9ations uniques, qui se balancent, que vous recevez rapidement et avec le sourire. Ce que vous voyez, c'est ce que vous obtenez. Nous ne faisons pas corps avec la nature, mais nous avons les deux pieds sur terre. Nous ne sommes pas des d\u00e9fenseurs des arbres, mais nous aimons profond\u00e9ment le bois. Nos produits font de vous le patron de la piste de danse, que ce soit lors d'un festival ou simplement \u00e0 la maison. Commandez d\u00e8s maintenant et d\u00e9couvrez les joies du bois avec WOED !\",\"breadcrumb\":{\"@id\":\"https:\\\/\\\/woedonline.nl\\\/fr\\\/shop\\\/lunettes-de-soleil-en-bois\\\/wayfarer-fr\\\/lunettes-de-soleil-wayfarer-catnip\\\/#breadcrumb\"},\"inLanguage\":\"fr-FR\",\"potentialAction\":[{\"@type\":\"ReadAction\",\"target\":[\"https:\\\/\\\/woedonline.nl\\\/fr\\\/shop\\\/lunettes-de-soleil-en-bois\\\/wayfarer-fr\\\/lunettes-de-soleil-wayfarer-catnip\\\/\"]}]},{\"@type\":\"ImageObject\",\"inLanguage\":\"fr-FR\",\"@id\":\"https:\\\/\\\/woedonline.nl\\\/fr\\\/shop\\\/lunettes-de-soleil-en-bois\\\/wayfarer-fr\\\/lunettes-de-soleil-wayfarer-catnip\\\/#primaryimage\",\"url\":\"https:\\\/\\\/woedonline.nl\\\/wp-content\\\/uploads\\\/2024\\\/04\\\/Woed-wayfarer-Kattekruid-jpg.webp\",\"contentUrl\":\"https:\\\/\\\/woedonline.nl\\\/wp-content\\\/uploads\\\/2024\\\/04\\\/Woed-wayfarer-Kattekruid-jpg.webp\",\"width\":800,\"height\":800},{\"@type\":\"BreadcrumbList\",\"@id\":\"https:\\\/\\\/woedonline.nl\\\/fr\\\/shop\\\/lunettes-de-soleil-en-bois\\\/wayfarer-fr\\\/lunettes-de-soleil-wayfarer-catnip\\\/#breadcrumb\",\"itemListElement\":[{\"@type\":\"ListItem\",\"position\":1,\"name\":\"Accueil\",\"item\":\"https:\\\/\\\/woedonline.nl\\\/fr\\\/\"},{\"@type\":\"ListItem\",\"position\":2,\"name\":\"Boutique\",\"item\":\"https:\\\/\\\/woedonline.nl\\\/fr\\\/boutique\\\/\"},{\"@type\":\"ListItem\",\"position\":3,\"name\":\"Lunettes de soleil Wayfarer | Catnip\"}]},{\"@type\":\"WebSite\",\"@id\":\"https:\\\/\\\/woedonline.nl\\\/fr\\\/#website\",\"url\":\"https:\\\/\\\/woedonline.nl\\\/fr\\\/\",\"name\":\"Woed\",\"description\":\"Kurk petten, houten horloges en houten zonnebrillen\",\"publisher\":{\"@id\":\"https:\\\/\\\/woedonline.nl\\\/fr\\\/#organization\"},\"alternateName\":\"W\",\"potentialAction\":[{\"@type\":\"SearchAction\",\"target\":{\"@type\":\"EntryPoint\",\"urlTemplate\":\"https:\\\/\\\/woedonline.nl\\\/fr\\\/?s={search_term_string}\"},\"query-input\":{\"@type\":\"PropertyValueSpecification\",\"valueRequired\":true,\"valueName\":\"search_term_string\"}}],\"inLanguage\":\"fr-FR\"},{\"@type\":\"Organization\",\"@id\":\"https:\\\/\\\/woedonline.nl\\\/fr\\\/#organization\",\"name\":\"Woed\",\"alternateName\":\"W\",\"url\":\"https:\\\/\\\/woedonline.nl\\\/fr\\\/\",\"logo\":{\"@type\":\"ImageObject\",\"inLanguage\":\"fr-FR\",\"@id\":\"https:\\\/\\\/woedonline.nl\\\/fr\\\/#\\\/schema\\\/logo\\\/image\\\/\",\"url\":\"https:\\\/\\\/woedonline.nl\\\/wp-content\\\/uploads\\\/2016\\\/05\\\/Wood-logo-name-png.png\",\"contentUrl\":\"https:\\\/\\\/woedonline.nl\\\/wp-content\\\/uploads\\\/2016\\\/05\\\/Wood-logo-name-png.png\",\"width\":250,\"height\":89,\"caption\":\"Woed\"},\"image\":{\"@id\":\"https:\\\/\\\/woedonline.nl\\\/fr\\\/#\\\/schema\\\/logo\\\/image\\\/\"},\"sameAs\":[\"https:\\\/\\\/www.facebook.com\\\/Woedshop\\\/\",\"https:\\\/\\\/www.instagram.com\\\/woed.eu\"]}]}<\/script>\n<!-- \/ Yoast SEO plugin. -->","yoast_head_json":{"title":"Lunettes de soleil Wayfarer | Catnip - Woed","description":"Chez WOED, nous croyons au pouvoir de la simplicit\u00e9 : des mat\u00e9riaux 100% naturels, fabriqu\u00e9s avec amour et joie, sp\u00e9cialement pour vous. Pas d'histoires \u00e9labor\u00e9es sur nous, parce que nous savons que vous voulez simplement acheter de superbes produits en bois. WOED, ce sont des cr\u00e9ations uniques, qui se balancent, que vous recevez rapidement et avec le sourire. Ce que vous voyez, c'est ce que vous obtenez. Nous ne faisons pas corps avec la nature, mais nous avons les deux pieds sur terre. Nous ne sommes pas des d\u00e9fenseurs des arbres, mais nous aimons profond\u00e9ment le bois. Nos produits font de vous le patron de la piste de danse, que ce soit lors d'un festival ou simplement \u00e0 la maison. Commandez d\u00e8s maintenant et d\u00e9couvrez les joies du bois avec WOED !","robots":{"index":"index","follow":"follow","max-snippet":"max-snippet:-1","max-image-preview":"max-image-preview:large","max-video-preview":"max-video-preview:-1"},"canonical":"https:\/\/woedonline.nl\/fr\/shop\/lunettes-de-soleil-en-bois\/wayfarer-fr\/lunettes-de-soleil-wayfarer-catnip\/","og_locale":"fr_FR","og_type":"article","og_title":"Lunettes de soleil Wayfarer | Catnip - Woed","og_description":"Chez WOED, nous croyons au pouvoir de la simplicit\u00e9 : des mat\u00e9riaux 100% naturels, fabriqu\u00e9s avec amour et joie, sp\u00e9cialement pour vous. Pas d'histoires \u00e9labor\u00e9es sur nous, parce que nous savons que vous voulez simplement acheter de superbes produits en bois. WOED, ce sont des cr\u00e9ations uniques, qui se balancent, que vous recevez rapidement et avec le sourire. Ce que vous voyez, c'est ce que vous obtenez. Nous ne faisons pas corps avec la nature, mais nous avons les deux pieds sur terre. Nous ne sommes pas des d\u00e9fenseurs des arbres, mais nous aimons profond\u00e9ment le bois. Nos produits font de vous le patron de la piste de danse, que ce soit lors d'un festival ou simplement \u00e0 la maison. Commandez d\u00e8s maintenant et d\u00e9couvrez les joies du bois avec WOED !","og_url":"https:\/\/woedonline.nl\/fr\/shop\/lunettes-de-soleil-en-bois\/wayfarer-fr\/lunettes-de-soleil-wayfarer-catnip\/","og_site_name":"Woed","article_publisher":"https:\/\/www.facebook.com\/Woedshop\/","article_modified_time":"2026-04-15T08:42:26+00:00","og_image":[{"width":800,"height":800,"url":"https:\/\/woedonline.nl\/wp-content\/uploads\/2024\/04\/Woed-wayfarer-Kattekruid-jpg.webp","type":"image\/jpeg"}],"twitter_card":"summary_large_image","twitter_misc":{"Dur\u00e9e de lecture estim\u00e9e":"1 minute"},"schema":{"@context":"https:\/\/schema.org","@graph":[{"@type":"WebPage","@id":"https:\/\/woedonline.nl\/fr\/shop\/lunettes-de-soleil-en-bois\/wayfarer-fr\/lunettes-de-soleil-wayfarer-catnip\/","url":"https:\/\/woedonline.nl\/fr\/shop\/lunettes-de-soleil-en-bois\/wayfarer-fr\/lunettes-de-soleil-wayfarer-catnip\/","name":"Lunettes de soleil Wayfarer | Catnip - Woed","isPartOf":{"@id":"https:\/\/woedonline.nl\/fr\/#website"},"primaryImageOfPage":{"@id":"https:\/\/woedonline.nl\/fr\/shop\/lunettes-de-soleil-en-bois\/wayfarer-fr\/lunettes-de-soleil-wayfarer-catnip\/#primaryimage"},"image":{"@id":"https:\/\/woedonline.nl\/fr\/shop\/lunettes-de-soleil-en-bois\/wayfarer-fr\/lunettes-de-soleil-wayfarer-catnip\/#primaryimage"},"thumbnailUrl":"https:\/\/woedonline.nl\/wp-content\/uploads\/2024\/04\/Woed-wayfarer-Kattekruid-jpg.webp","datePublished":"2024-04-30T10:01:46+00:00","dateModified":"2026-04-15T08:42:26+00:00","description":"Chez WOED, nous croyons au pouvoir de la simplicit\u00e9 : des mat\u00e9riaux 100% naturels, fabriqu\u00e9s avec amour et joie, sp\u00e9cialement pour vous. Pas d'histoires \u00e9labor\u00e9es sur nous, parce que nous savons que vous voulez simplement acheter de superbes produits en bois. WOED, ce sont des cr\u00e9ations uniques, qui se balancent, que vous recevez rapidement et avec le sourire. Ce que vous voyez, c'est ce que vous obtenez. Nous ne faisons pas corps avec la nature, mais nous avons les deux pieds sur terre. Nous ne sommes pas des d\u00e9fenseurs des arbres, mais nous aimons profond\u00e9ment le bois. Nos produits font de vous le patron de la piste de danse, que ce soit lors d'un festival ou simplement \u00e0 la maison. Commandez d\u00e8s maintenant et d\u00e9couvrez les joies du bois avec WOED !","breadcrumb":{"@id":"https:\/\/woedonline.nl\/fr\/shop\/lunettes-de-soleil-en-bois\/wayfarer-fr\/lunettes-de-soleil-wayfarer-catnip\/#breadcrumb"},"inLanguage":"fr-FR","potentialAction":[{"@type":"ReadAction","target":["https:\/\/woedonline.nl\/fr\/shop\/lunettes-de-soleil-en-bois\/wayfarer-fr\/lunettes-de-soleil-wayfarer-catnip\/"]}]},{"@type":"ImageObject","inLanguage":"fr-FR","@id":"https:\/\/woedonline.nl\/fr\/shop\/lunettes-de-soleil-en-bois\/wayfarer-fr\/lunettes-de-soleil-wayfarer-catnip\/#primaryimage","url":"https:\/\/woedonline.nl\/wp-content\/uploads\/2024\/04\/Woed-wayfarer-Kattekruid-jpg.webp","contentUrl":"https:\/\/woedonline.nl\/wp-content\/uploads\/2024\/04\/Woed-wayfarer-Kattekruid-jpg.webp","width":800,"height":800},{"@type":"BreadcrumbList","@id":"https:\/\/woedonline.nl\/fr\/shop\/lunettes-de-soleil-en-bois\/wayfarer-fr\/lunettes-de-soleil-wayfarer-catnip\/#breadcrumb","itemListElement":[{"@type":"ListItem","position":1,"name":"Accueil","item":"https:\/\/woedonline.nl\/fr\/"},{"@type":"ListItem","position":2,"name":"Boutique","item":"https:\/\/woedonline.nl\/fr\/boutique\/"},{"@type":"ListItem","position":3,"name":"Lunettes de soleil Wayfarer | Catnip"}]},{"@type":"WebSite","@id":"https:\/\/woedonline.nl\/fr\/#website","url":"https:\/\/woedonline.nl\/fr\/","name":"Woed","description":"Kurk petten, houten horloges en houten zonnebrillen","publisher":{"@id":"https:\/\/woedonline.nl\/fr\/#organization"},"alternateName":"W","potentialAction":[{"@type":"SearchAction","target":{"@type":"EntryPoint","urlTemplate":"https:\/\/woedonline.nl\/fr\/?s={search_term_string}"},"query-input":{"@type":"PropertyValueSpecification","valueRequired":true,"valueName":"search_term_string"}}],"inLanguage":"fr-FR"},{"@type":"Organization","@id":"https:\/\/woedonline.nl\/fr\/#organization","name":"Woed","alternateName":"W","url":"https:\/\/woedonline.nl\/fr\/","logo":{"@type":"ImageObject","inLanguage":"fr-FR","@id":"https:\/\/woedonline.nl\/fr\/#\/schema\/logo\/image\/","url":"https:\/\/woedonline.nl\/wp-content\/uploads\/2016\/05\/Wood-logo-name-png.png","contentUrl":"https:\/\/woedonline.nl\/wp-content\/uploads\/2016\/05\/Wood-logo-name-png.png","width":250,"height":89,"caption":"Woed"},"image":{"@id":"https:\/\/woedonline.nl\/fr\/#\/schema\/logo\/image\/"},"sameAs":["https:\/\/www.facebook.com\/Woedshop\/","https:\/\/www.instagram.com\/woed.eu"]}]}},"_links":{"self":[{"href":"https:\/\/woedonline.nl\/fr\/wp-json\/wp\/v2\/product\/381163","targetHints":{"allow":["GET"]}}],"collection":[{"href":"https:\/\/woedonline.nl\/fr\/wp-json\/wp\/v2\/product"}],"about":[{"href":"https:\/\/woedonline.nl\/fr\/wp-json\/wp\/v2\/types\/product"}],"replies":[{"embeddable":true,"href":"https:\/\/woedonline.nl\/fr\/wp-json\/wp\/v2\/comments?post=381163"}],"wp:featuredmedia":[{"embeddable":true,"href":"https:\/\/woedonline.nl\/fr\/wp-json\/wp\/v2\/media\/381437"}],"wp:attachment":[{"href":"https:\/\/woedonline.nl\/fr\/wp-json\/wp\/v2\/media?parent=381163"}],"wp:term":[{"taxonomy":"product_brand","embeddable":true,"href":"https:\/\/woedonline.nl\/fr\/wp-json\/wp\/v2\/product_brand?post=381163"},{"taxonomy":"product_cat","embeddable":true,"href":"https:\/\/woedonline.nl\/fr\/wp-json\/wp\/v2\/product_cat?post=381163"},{"taxonomy":"product_tag","embeddable":true,"href":"https:\/\/woedonline.nl\/fr\/wp-json\/wp\/v2\/product_tag?post=381163"}],"curies":[{"name":"wp","href":"https:\/\/api.w.org\/{rel}","templated":true}]}}