{"id":381159,"date":"2024-04-30T11:56:43","date_gmt":"2024-04-30T09:56:43","guid":{"rendered":"https:\/\/woedonline.nl\/shop\/non%20class\u00e9\/lunettes-de-soleil-wayfarer-dandelion\/"},"modified":"2026-03-10T08:56:32","modified_gmt":"2026-03-10T07:56:32","slug":"lunettes-de-soleil-wayfarer-dandelion","status":"publish","type":"product","link":"https:\/\/woedonline.nl\/fr\/shop\/lunettes-de-soleil-en-bois\/wayfarer-fr\/lunettes-de-soleil-wayfarer-dandelion\/","title":{"rendered":"Lunettes de soleil Wayfarer | Dandelion"},"content":{"rendered":"<p>Voici les lunettes de soleil Dandelion Wayfarer, votre compagnon id\u00e9al pour une protection solaire \u00e9l\u00e9gante ! Avec une monture moderne en plastique gris mat et d&rsquo;\u00e9l\u00e9gants pieds en bois brun fonc\u00e9, ces lunettes respirent la classe.<\/p>\n<p>Les verres de ces lunettes de soleil sont teint\u00e9s en brun et offrent une protection de 400UV, prot\u00e9geant ainsi vos yeux des rayons nocifs du soleil sans compromettre votre style. Que vous vous pr\u00e9lassiez sur la plage, que vous vous promeniez en ville ou que vous profitiez simplement d&rsquo;une journ\u00e9e ensoleill\u00e9e dans la nature, les lunettes de soleil Dandelion sont l\u00e0 pour vous.<\/p>\n<p>Le mat\u00e9riau en bois authentique des pieds ajoute une touche de beaut\u00e9 naturelle, tout en assurant la durabilit\u00e9 et le confort pour une utilisation \u00e0 long terme. Fournies avec un chiffon de nettoyage pratique et une pochette de rangement, ces lunettes de soleil ne sont pas seulement un accessoire, mais aussi un article pratique facile \u00e0 emporter partout.<\/p>\n","protected":false},"excerpt":{"rendered":"<p>\u2714Pour elle et lui \u2714100% de mat\u00e9riaux naturels \u2714R\u00e9sistant \u00e0 l&rsquo;eau \u2714L\u00e9ger et confortable \u2714Pied en bois v\u00e9ritable \u2714Umpple protection gr\u00e2ce au verre UV-400 \u2714Incluant une pochette de rangement et un chiffon de polissage<\/p>\n","protected":false},"featured_media":381469,"comment_status":"open","ping_status":"closed","template":"","meta":[],"product_brand":[],"product_cat":[816,559],"product_tag":[],"class_list":{"0":"post-381159","1":"product","2":"type-product","3":"status-publish","4":"has-post-thumbnail","6":"product_cat-lunettes-de-soleil-en-bois","7":"product_cat-wayfarer-fr","8":"product_shipping_class-armbanden-horloge-zonnebrillen-fr","10":"first","11":"instock","12":"taxable","13":"shipping-taxable","14":"purchasable","15":"product-type-simple"},"yoast_head":"<!-- This site is optimized with the Yoast SEO plugin v27.5 - https:\/\/yoast.com\/product\/yoast-seo-wordpress\/ -->\n<title>Lunettes de soleil Wayfarer | Dandelion - Woed<\/title>\n<meta name=\"description\" content=\"les lunettes de soleil Dandelion Wayfarer, votre compagnon ultime pour une protection solaire \u00e9l\u00e9gante ! Avec une monture moderne en plastique gris mat et d&#039;\u00e9l\u00e9gants pieds en bois brun fonc\u00e9, ces lunettes respirent la classe.\" \/>\n<meta name=\"robots\" content=\"index, follow, max-snippet:-1, max-image-preview:large, max-video-preview:-1\" \/>\n<link rel=\"canonical\" href=\"https:\/\/woedonline.nl\/fr\/shop\/lunettes-de-soleil-en-bois\/wayfarer-fr\/lunettes-de-soleil-wayfarer-dandelion\/\" \/>\n<meta property=\"og:locale\" content=\"fr_FR\" \/>\n<meta property=\"og:type\" content=\"article\" \/>\n<meta property=\"og:title\" content=\"Lunettes de soleil Wayfarer | Dandelion - Woed\" \/>\n<meta property=\"og:description\" content=\"les lunettes de soleil Dandelion Wayfarer, votre compagnon ultime pour une protection solaire \u00e9l\u00e9gante ! Avec une monture moderne en plastique gris mat et d&#039;\u00e9l\u00e9gants pieds en bois brun fonc\u00e9, ces lunettes respirent la classe.\" \/>\n<meta property=\"og:url\" content=\"https:\/\/woedonline.nl\/fr\/shop\/lunettes-de-soleil-en-bois\/wayfarer-fr\/lunettes-de-soleil-wayfarer-dandelion\/\" \/>\n<meta property=\"og:site_name\" content=\"Woed\" \/>\n<meta property=\"article:publisher\" content=\"https:\/\/www.facebook.com\/Woedshop\/\" \/>\n<meta property=\"article:modified_time\" content=\"2026-03-10T07:56:32+00:00\" \/>\n<meta property=\"og:image\" content=\"https:\/\/woedonline.nl\/wp-content\/uploads\/2024\/04\/Woed-wayfarer-Paardenbloem-jpg.webp\" \/>\n\t<meta property=\"og:image:width\" content=\"800\" \/>\n\t<meta property=\"og:image:height\" content=\"800\" \/>\n\t<meta property=\"og:image:type\" content=\"image\/jpeg\" \/>\n<meta name=\"twitter:card\" content=\"summary_large_image\" \/>\n<meta name=\"twitter:label1\" content=\"Dur\u00e9e de lecture estim\u00e9e\" \/>\n\t<meta name=\"twitter:data1\" content=\"1 minute\" \/>\n<script type=\"application\/ld+json\" class=\"yoast-schema-graph\">{\"@context\":\"https:\\\/\\\/schema.org\",\"@graph\":[{\"@type\":\"WebPage\",\"@id\":\"https:\\\/\\\/woedonline.nl\\\/fr\\\/shop\\\/lunettes-de-soleil-en-bois\\\/wayfarer-fr\\\/lunettes-de-soleil-wayfarer-dandelion\\\/\",\"url\":\"https:\\\/\\\/woedonline.nl\\\/fr\\\/shop\\\/lunettes-de-soleil-en-bois\\\/wayfarer-fr\\\/lunettes-de-soleil-wayfarer-dandelion\\\/\",\"name\":\"Lunettes de soleil Wayfarer | Dandelion - Woed\",\"isPartOf\":{\"@id\":\"https:\\\/\\\/woedonline.nl\\\/fr\\\/#website\"},\"primaryImageOfPage\":{\"@id\":\"https:\\\/\\\/woedonline.nl\\\/fr\\\/shop\\\/lunettes-de-soleil-en-bois\\\/wayfarer-fr\\\/lunettes-de-soleil-wayfarer-dandelion\\\/#primaryimage\"},\"image\":{\"@id\":\"https:\\\/\\\/woedonline.nl\\\/fr\\\/shop\\\/lunettes-de-soleil-en-bois\\\/wayfarer-fr\\\/lunettes-de-soleil-wayfarer-dandelion\\\/#primaryimage\"},\"thumbnailUrl\":\"https:\\\/\\\/woedonline.nl\\\/wp-content\\\/uploads\\\/2024\\\/04\\\/Woed-wayfarer-Paardenbloem-jpg.webp\",\"datePublished\":\"2024-04-30T09:56:43+00:00\",\"dateModified\":\"2026-03-10T07:56:32+00:00\",\"description\":\"les lunettes de soleil Dandelion Wayfarer, votre compagnon ultime pour une protection solaire \u00e9l\u00e9gante ! Avec une monture moderne en plastique gris mat et d'\u00e9l\u00e9gants pieds en bois brun fonc\u00e9, ces lunettes respirent la classe.\",\"breadcrumb\":{\"@id\":\"https:\\\/\\\/woedonline.nl\\\/fr\\\/shop\\\/lunettes-de-soleil-en-bois\\\/wayfarer-fr\\\/lunettes-de-soleil-wayfarer-dandelion\\\/#breadcrumb\"},\"inLanguage\":\"fr-FR\",\"potentialAction\":[{\"@type\":\"ReadAction\",\"target\":[\"https:\\\/\\\/woedonline.nl\\\/fr\\\/shop\\\/lunettes-de-soleil-en-bois\\\/wayfarer-fr\\\/lunettes-de-soleil-wayfarer-dandelion\\\/\"]}]},{\"@type\":\"ImageObject\",\"inLanguage\":\"fr-FR\",\"@id\":\"https:\\\/\\\/woedonline.nl\\\/fr\\\/shop\\\/lunettes-de-soleil-en-bois\\\/wayfarer-fr\\\/lunettes-de-soleil-wayfarer-dandelion\\\/#primaryimage\",\"url\":\"https:\\\/\\\/woedonline.nl\\\/wp-content\\\/uploads\\\/2024\\\/04\\\/Woed-wayfarer-Paardenbloem-jpg.webp\",\"contentUrl\":\"https:\\\/\\\/woedonline.nl\\\/wp-content\\\/uploads\\\/2024\\\/04\\\/Woed-wayfarer-Paardenbloem-jpg.webp\",\"width\":800,\"height\":800},{\"@type\":\"BreadcrumbList\",\"@id\":\"https:\\\/\\\/woedonline.nl\\\/fr\\\/shop\\\/lunettes-de-soleil-en-bois\\\/wayfarer-fr\\\/lunettes-de-soleil-wayfarer-dandelion\\\/#breadcrumb\",\"itemListElement\":[{\"@type\":\"ListItem\",\"position\":1,\"name\":\"Accueil\",\"item\":\"https:\\\/\\\/woedonline.nl\\\/fr\\\/\"},{\"@type\":\"ListItem\",\"position\":2,\"name\":\"Boutique\",\"item\":\"https:\\\/\\\/woedonline.nl\\\/fr\\\/boutique\\\/\"},{\"@type\":\"ListItem\",\"position\":3,\"name\":\"Lunettes de soleil Wayfarer | Dandelion\"}]},{\"@type\":\"WebSite\",\"@id\":\"https:\\\/\\\/woedonline.nl\\\/fr\\\/#website\",\"url\":\"https:\\\/\\\/woedonline.nl\\\/fr\\\/\",\"name\":\"Woed\",\"description\":\"Kurk petten, houten horloges en houten zonnebrillen\",\"publisher\":{\"@id\":\"https:\\\/\\\/woedonline.nl\\\/fr\\\/#organization\"},\"alternateName\":\"W\",\"potentialAction\":[{\"@type\":\"SearchAction\",\"target\":{\"@type\":\"EntryPoint\",\"urlTemplate\":\"https:\\\/\\\/woedonline.nl\\\/fr\\\/?s={search_term_string}\"},\"query-input\":{\"@type\":\"PropertyValueSpecification\",\"valueRequired\":true,\"valueName\":\"search_term_string\"}}],\"inLanguage\":\"fr-FR\"},{\"@type\":\"Organization\",\"@id\":\"https:\\\/\\\/woedonline.nl\\\/fr\\\/#organization\",\"name\":\"Woed\",\"alternateName\":\"W\",\"url\":\"https:\\\/\\\/woedonline.nl\\\/fr\\\/\",\"logo\":{\"@type\":\"ImageObject\",\"inLanguage\":\"fr-FR\",\"@id\":\"https:\\\/\\\/woedonline.nl\\\/fr\\\/#\\\/schema\\\/logo\\\/image\\\/\",\"url\":\"https:\\\/\\\/woedonline.nl\\\/wp-content\\\/uploads\\\/2016\\\/05\\\/Wood-logo-name-png.png\",\"contentUrl\":\"https:\\\/\\\/woedonline.nl\\\/wp-content\\\/uploads\\\/2016\\\/05\\\/Wood-logo-name-png.png\",\"width\":250,\"height\":89,\"caption\":\"Woed\"},\"image\":{\"@id\":\"https:\\\/\\\/woedonline.nl\\\/fr\\\/#\\\/schema\\\/logo\\\/image\\\/\"},\"sameAs\":[\"https:\\\/\\\/www.facebook.com\\\/Woedshop\\\/\",\"https:\\\/\\\/www.instagram.com\\\/woed.eu\"]}]}<\/script>\n<!-- \/ Yoast SEO plugin. -->","yoast_head_json":{"title":"Lunettes de soleil Wayfarer | Dandelion - Woed","description":"les lunettes de soleil Dandelion Wayfarer, votre compagnon ultime pour une protection solaire \u00e9l\u00e9gante ! Avec une monture moderne en plastique gris mat et d'\u00e9l\u00e9gants pieds en bois brun fonc\u00e9, ces lunettes respirent la classe.","robots":{"index":"index","follow":"follow","max-snippet":"max-snippet:-1","max-image-preview":"max-image-preview:large","max-video-preview":"max-video-preview:-1"},"canonical":"https:\/\/woedonline.nl\/fr\/shop\/lunettes-de-soleil-en-bois\/wayfarer-fr\/lunettes-de-soleil-wayfarer-dandelion\/","og_locale":"fr_FR","og_type":"article","og_title":"Lunettes de soleil Wayfarer | Dandelion - Woed","og_description":"les lunettes de soleil Dandelion Wayfarer, votre compagnon ultime pour une protection solaire \u00e9l\u00e9gante ! Avec une monture moderne en plastique gris mat et d'\u00e9l\u00e9gants pieds en bois brun fonc\u00e9, ces lunettes respirent la classe.","og_url":"https:\/\/woedonline.nl\/fr\/shop\/lunettes-de-soleil-en-bois\/wayfarer-fr\/lunettes-de-soleil-wayfarer-dandelion\/","og_site_name":"Woed","article_publisher":"https:\/\/www.facebook.com\/Woedshop\/","article_modified_time":"2026-03-10T07:56:32+00:00","og_image":[{"width":800,"height":800,"url":"https:\/\/woedonline.nl\/wp-content\/uploads\/2024\/04\/Woed-wayfarer-Paardenbloem-jpg.webp","type":"image\/jpeg"}],"twitter_card":"summary_large_image","twitter_misc":{"Dur\u00e9e de lecture estim\u00e9e":"1 minute"},"schema":{"@context":"https:\/\/schema.org","@graph":[{"@type":"WebPage","@id":"https:\/\/woedonline.nl\/fr\/shop\/lunettes-de-soleil-en-bois\/wayfarer-fr\/lunettes-de-soleil-wayfarer-dandelion\/","url":"https:\/\/woedonline.nl\/fr\/shop\/lunettes-de-soleil-en-bois\/wayfarer-fr\/lunettes-de-soleil-wayfarer-dandelion\/","name":"Lunettes de soleil Wayfarer | Dandelion - Woed","isPartOf":{"@id":"https:\/\/woedonline.nl\/fr\/#website"},"primaryImageOfPage":{"@id":"https:\/\/woedonline.nl\/fr\/shop\/lunettes-de-soleil-en-bois\/wayfarer-fr\/lunettes-de-soleil-wayfarer-dandelion\/#primaryimage"},"image":{"@id":"https:\/\/woedonline.nl\/fr\/shop\/lunettes-de-soleil-en-bois\/wayfarer-fr\/lunettes-de-soleil-wayfarer-dandelion\/#primaryimage"},"thumbnailUrl":"https:\/\/woedonline.nl\/wp-content\/uploads\/2024\/04\/Woed-wayfarer-Paardenbloem-jpg.webp","datePublished":"2024-04-30T09:56:43+00:00","dateModified":"2026-03-10T07:56:32+00:00","description":"les lunettes de soleil Dandelion Wayfarer, votre compagnon ultime pour une protection solaire \u00e9l\u00e9gante ! Avec une monture moderne en plastique gris mat et d'\u00e9l\u00e9gants pieds en bois brun fonc\u00e9, ces lunettes respirent la classe.","breadcrumb":{"@id":"https:\/\/woedonline.nl\/fr\/shop\/lunettes-de-soleil-en-bois\/wayfarer-fr\/lunettes-de-soleil-wayfarer-dandelion\/#breadcrumb"},"inLanguage":"fr-FR","potentialAction":[{"@type":"ReadAction","target":["https:\/\/woedonline.nl\/fr\/shop\/lunettes-de-soleil-en-bois\/wayfarer-fr\/lunettes-de-soleil-wayfarer-dandelion\/"]}]},{"@type":"ImageObject","inLanguage":"fr-FR","@id":"https:\/\/woedonline.nl\/fr\/shop\/lunettes-de-soleil-en-bois\/wayfarer-fr\/lunettes-de-soleil-wayfarer-dandelion\/#primaryimage","url":"https:\/\/woedonline.nl\/wp-content\/uploads\/2024\/04\/Woed-wayfarer-Paardenbloem-jpg.webp","contentUrl":"https:\/\/woedonline.nl\/wp-content\/uploads\/2024\/04\/Woed-wayfarer-Paardenbloem-jpg.webp","width":800,"height":800},{"@type":"BreadcrumbList","@id":"https:\/\/woedonline.nl\/fr\/shop\/lunettes-de-soleil-en-bois\/wayfarer-fr\/lunettes-de-soleil-wayfarer-dandelion\/#breadcrumb","itemListElement":[{"@type":"ListItem","position":1,"name":"Accueil","item":"https:\/\/woedonline.nl\/fr\/"},{"@type":"ListItem","position":2,"name":"Boutique","item":"https:\/\/woedonline.nl\/fr\/boutique\/"},{"@type":"ListItem","position":3,"name":"Lunettes de soleil Wayfarer | Dandelion"}]},{"@type":"WebSite","@id":"https:\/\/woedonline.nl\/fr\/#website","url":"https:\/\/woedonline.nl\/fr\/","name":"Woed","description":"Kurk petten, houten horloges en houten zonnebrillen","publisher":{"@id":"https:\/\/woedonline.nl\/fr\/#organization"},"alternateName":"W","potentialAction":[{"@type":"SearchAction","target":{"@type":"EntryPoint","urlTemplate":"https:\/\/woedonline.nl\/fr\/?s={search_term_string}"},"query-input":{"@type":"PropertyValueSpecification","valueRequired":true,"valueName":"search_term_string"}}],"inLanguage":"fr-FR"},{"@type":"Organization","@id":"https:\/\/woedonline.nl\/fr\/#organization","name":"Woed","alternateName":"W","url":"https:\/\/woedonline.nl\/fr\/","logo":{"@type":"ImageObject","inLanguage":"fr-FR","@id":"https:\/\/woedonline.nl\/fr\/#\/schema\/logo\/image\/","url":"https:\/\/woedonline.nl\/wp-content\/uploads\/2016\/05\/Wood-logo-name-png.png","contentUrl":"https:\/\/woedonline.nl\/wp-content\/uploads\/2016\/05\/Wood-logo-name-png.png","width":250,"height":89,"caption":"Woed"},"image":{"@id":"https:\/\/woedonline.nl\/fr\/#\/schema\/logo\/image\/"},"sameAs":["https:\/\/www.facebook.com\/Woedshop\/","https:\/\/www.instagram.com\/woed.eu"]}]}},"_links":{"self":[{"href":"https:\/\/woedonline.nl\/fr\/wp-json\/wp\/v2\/product\/381159","targetHints":{"allow":["GET"]}}],"collection":[{"href":"https:\/\/woedonline.nl\/fr\/wp-json\/wp\/v2\/product"}],"about":[{"href":"https:\/\/woedonline.nl\/fr\/wp-json\/wp\/v2\/types\/product"}],"replies":[{"embeddable":true,"href":"https:\/\/woedonline.nl\/fr\/wp-json\/wp\/v2\/comments?post=381159"}],"wp:featuredmedia":[{"embeddable":true,"href":"https:\/\/woedonline.nl\/fr\/wp-json\/wp\/v2\/media\/381469"}],"wp:attachment":[{"href":"https:\/\/woedonline.nl\/fr\/wp-json\/wp\/v2\/media?parent=381159"}],"wp:term":[{"taxonomy":"product_brand","embeddable":true,"href":"https:\/\/woedonline.nl\/fr\/wp-json\/wp\/v2\/product_brand?post=381159"},{"taxonomy":"product_cat","embeddable":true,"href":"https:\/\/woedonline.nl\/fr\/wp-json\/wp\/v2\/product_cat?post=381159"},{"taxonomy":"product_tag","embeddable":true,"href":"https:\/\/woedonline.nl\/fr\/wp-json\/wp\/v2\/product_tag?post=381159"}],"curies":[{"name":"wp","href":"https:\/\/api.w.org\/{rel}","templated":true}]}}