{"id":380144,"date":"2024-01-18T11:43:07","date_gmt":"2024-01-18T10:43:07","guid":{"rendered":"https:\/\/woedonline.nl\/?post_type=product&#038;p=380144"},"modified":"2026-03-19T21:05:10","modified_gmt":"2026-03-19T20:05:10","slug":"snapback-90s-fr","status":"publish","type":"product","link":"https:\/\/woedonline.nl\/fr\/shop\/toutes-les-capsules\/snapback-fr\/snapback-90s-fr\/","title":{"rendered":"Snapback | Nostalgie - 90s"},"content":{"rendered":"<p>La casquette Nostalgia 90s n&rsquo;est pas un simple accessoire, c&rsquo;est une pi\u00e8ce intemporelle qui vous ram\u00e8nera \u00e0 l&rsquo;\u00e2ge d&rsquo;or des ann\u00e9es 90. Le dessus de l&rsquo;abattant, recouvert de li\u00e8ge brun fonc\u00e9, ajoute une touche de chaleur naturelle au tissu acrylique jaune vif. Le bas de la casquette est d\u00e9cor\u00e9 d&rsquo;illustrations color\u00e9es dans le style des ann\u00e9es 90, refl\u00e9tant l&rsquo;\u00e9nergie et le dynamisme de cette p\u00e9riode.  <\/p>\n<p>Le logo brod\u00e9 en 3D sur le devant de la casquette est une expression puissante de l&rsquo;identit\u00e9 de notre marque - un symbole de l&rsquo;approche audacieuse et contemporaine du style qui caract\u00e9rise Woed. Le design n&rsquo;est pas seulement attrayant sur le plan visuel, il est \u00e9galement tangible, donnant vie au logo et ajoutant une dimension suppl\u00e9mentaire \u00e0 la casquette. <\/p>\n<p>L&rsquo;arri\u00e8re de la casquette Nostalgia 90s Snapback est dot\u00e9 d&rsquo;une fermeture \u00e0 bouton-pression en plastique, ce qui permet de l&rsquo;ajuster facilement et de l&rsquo;adapter \u00e0 diff\u00e9rentes tailles de t\u00eate.<\/p>\n","protected":false},"excerpt":{"rendered":"<ul>\n<li>Casquette \u00e0 6 panneaux<\/li>\n<li>Taille unique - (54-61 cm)<\/li>\n<li>Haute qualit\u00e9<\/li>\n<li>Mati\u00e8re 100% naturelle<\/li>\n<li>Fabriqu\u00e9 avec du vrai li\u00e8ge<\/li>\n<li>L\u00e9ger et confortable<\/li>\n<li>Con\u00e7u aux Pays-Bas<\/li>\n<\/ul>\n","protected":false},"featured_media":380208,"comment_status":"open","ping_status":"closed","template":"","meta":[],"product_brand":[],"product_cat":[733,461],"product_tag":[551],"class_list":{"0":"post-380144","1":"product","2":"type-product","3":"status-publish","4":"has-post-thumbnail","6":"product_cat-toutes-les-capsules","7":"product_cat-snapback-fr","8":"product_tag-snapback-fr","9":"product_shipping_class-paquet","11":"first","12":"instock","13":"taxable","14":"shipping-taxable","15":"purchasable","16":"product-type-simple"},"yoast_head":"<!-- This site is optimized with the Yoast SEO plugin v27.4 - https:\/\/yoast.com\/product\/yoast-seo-wordpress\/ -->\n<title>Snapback | Nostalgie - 90s - Woed<\/title>\n<meta name=\"description\" content=\"La casquette Nostalgia 90s n&#039;est pas un simple accessoire, c&#039;est une pi\u00e8ce intemporelle qui vous ram\u00e8nera \u00e0 l&#039;\u00e2ge d&#039;or des ann\u00e9es 90.\" \/>\n<meta name=\"robots\" content=\"index, follow, max-snippet:-1, max-image-preview:large, max-video-preview:-1\" \/>\n<link rel=\"canonical\" href=\"https:\/\/woedonline.nl\/fr\/shop\/toutes-les-capsules\/snapback-fr\/snapback-90s-fr\/\" \/>\n<meta property=\"og:locale\" content=\"fr_FR\" \/>\n<meta property=\"og:type\" content=\"article\" \/>\n<meta property=\"og:title\" content=\"Snapback | Nostalgie - 90s - Woed\" \/>\n<meta property=\"og:description\" content=\"La casquette Nostalgia 90s n&#039;est pas un simple accessoire, c&#039;est une pi\u00e8ce intemporelle qui vous ram\u00e8nera \u00e0 l&#039;\u00e2ge d&#039;or des ann\u00e9es 90.\" \/>\n<meta property=\"og:url\" content=\"https:\/\/woedonline.nl\/fr\/shop\/toutes-les-capsules\/snapback-fr\/snapback-90s-fr\/\" \/>\n<meta property=\"og:site_name\" content=\"Woed\" \/>\n<meta property=\"article:publisher\" content=\"https:\/\/www.facebook.com\/Woedshop\/\" \/>\n<meta property=\"article:modified_time\" content=\"2026-03-19T20:05:10+00:00\" \/>\n<meta property=\"og:image\" content=\"https:\/\/woedonline.nl\/wp-content\/uploads\/2024\/01\/Woed-snapback-90s-1-jpg.webp\" \/>\n\t<meta property=\"og:image:width\" content=\"800\" \/>\n\t<meta property=\"og:image:height\" content=\"800\" \/>\n\t<meta property=\"og:image:type\" content=\"image\/jpeg\" \/>\n<meta name=\"twitter:card\" content=\"summary_large_image\" \/>\n<meta name=\"twitter:label1\" content=\"Dur\u00e9e de lecture estim\u00e9e\" \/>\n\t<meta name=\"twitter:data1\" content=\"1 minute\" \/>\n<script type=\"application\/ld+json\" class=\"yoast-schema-graph\">{\"@context\":\"https:\\\/\\\/schema.org\",\"@graph\":[{\"@type\":\"WebPage\",\"@id\":\"https:\\\/\\\/woedonline.nl\\\/fr\\\/shop\\\/toutes-les-capsules\\\/snapback-fr\\\/snapback-90s-fr\\\/\",\"url\":\"https:\\\/\\\/woedonline.nl\\\/fr\\\/shop\\\/toutes-les-capsules\\\/snapback-fr\\\/snapback-90s-fr\\\/\",\"name\":\"Snapback | Nostalgie - 90s - Woed\",\"isPartOf\":{\"@id\":\"https:\\\/\\\/woedonline.nl\\\/fr\\\/#website\"},\"primaryImageOfPage\":{\"@id\":\"https:\\\/\\\/woedonline.nl\\\/fr\\\/shop\\\/toutes-les-capsules\\\/snapback-fr\\\/snapback-90s-fr\\\/#primaryimage\"},\"image\":{\"@id\":\"https:\\\/\\\/woedonline.nl\\\/fr\\\/shop\\\/toutes-les-capsules\\\/snapback-fr\\\/snapback-90s-fr\\\/#primaryimage\"},\"thumbnailUrl\":\"https:\\\/\\\/woedonline.nl\\\/wp-content\\\/uploads\\\/2024\\\/01\\\/Woed-snapback-90s-1-jpg.webp\",\"datePublished\":\"2024-01-18T10:43:07+00:00\",\"dateModified\":\"2026-03-19T20:05:10+00:00\",\"description\":\"La casquette Nostalgia 90s n'est pas un simple accessoire, c'est une pi\u00e8ce intemporelle qui vous ram\u00e8nera \u00e0 l'\u00e2ge d'or des ann\u00e9es 90.\",\"breadcrumb\":{\"@id\":\"https:\\\/\\\/woedonline.nl\\\/fr\\\/shop\\\/toutes-les-capsules\\\/snapback-fr\\\/snapback-90s-fr\\\/#breadcrumb\"},\"inLanguage\":\"fr-FR\",\"potentialAction\":[{\"@type\":\"ReadAction\",\"target\":[\"https:\\\/\\\/woedonline.nl\\\/fr\\\/shop\\\/toutes-les-capsules\\\/snapback-fr\\\/snapback-90s-fr\\\/\"]}]},{\"@type\":\"ImageObject\",\"inLanguage\":\"fr-FR\",\"@id\":\"https:\\\/\\\/woedonline.nl\\\/fr\\\/shop\\\/toutes-les-capsules\\\/snapback-fr\\\/snapback-90s-fr\\\/#primaryimage\",\"url\":\"https:\\\/\\\/woedonline.nl\\\/wp-content\\\/uploads\\\/2024\\\/01\\\/Woed-snapback-90s-1-jpg.webp\",\"contentUrl\":\"https:\\\/\\\/woedonline.nl\\\/wp-content\\\/uploads\\\/2024\\\/01\\\/Woed-snapback-90s-1-jpg.webp\",\"width\":800,\"height\":800},{\"@type\":\"BreadcrumbList\",\"@id\":\"https:\\\/\\\/woedonline.nl\\\/fr\\\/shop\\\/toutes-les-capsules\\\/snapback-fr\\\/snapback-90s-fr\\\/#breadcrumb\",\"itemListElement\":[{\"@type\":\"ListItem\",\"position\":1,\"name\":\"Accueil\",\"item\":\"https:\\\/\\\/woedonline.nl\\\/fr\\\/\"},{\"@type\":\"ListItem\",\"position\":2,\"name\":\"Boutique\",\"item\":\"https:\\\/\\\/woedonline.nl\\\/fr\\\/boutique\\\/\"},{\"@type\":\"ListItem\",\"position\":3,\"name\":\"Snapback | Nostalgie - 90s\"}]},{\"@type\":\"WebSite\",\"@id\":\"https:\\\/\\\/woedonline.nl\\\/fr\\\/#website\",\"url\":\"https:\\\/\\\/woedonline.nl\\\/fr\\\/\",\"name\":\"Woed\",\"description\":\"Kurk petten, houten horloges en houten zonnebrillen\",\"publisher\":{\"@id\":\"https:\\\/\\\/woedonline.nl\\\/fr\\\/#organization\"},\"alternateName\":\"W\",\"potentialAction\":[{\"@type\":\"SearchAction\",\"target\":{\"@type\":\"EntryPoint\",\"urlTemplate\":\"https:\\\/\\\/woedonline.nl\\\/fr\\\/?s={search_term_string}\"},\"query-input\":{\"@type\":\"PropertyValueSpecification\",\"valueRequired\":true,\"valueName\":\"search_term_string\"}}],\"inLanguage\":\"fr-FR\"},{\"@type\":\"Organization\",\"@id\":\"https:\\\/\\\/woedonline.nl\\\/fr\\\/#organization\",\"name\":\"Woed\",\"alternateName\":\"W\",\"url\":\"https:\\\/\\\/woedonline.nl\\\/fr\\\/\",\"logo\":{\"@type\":\"ImageObject\",\"inLanguage\":\"fr-FR\",\"@id\":\"https:\\\/\\\/woedonline.nl\\\/fr\\\/#\\\/schema\\\/logo\\\/image\\\/\",\"url\":\"https:\\\/\\\/woedonline.nl\\\/wp-content\\\/uploads\\\/2016\\\/05\\\/Wood-logo-name-png.png\",\"contentUrl\":\"https:\\\/\\\/woedonline.nl\\\/wp-content\\\/uploads\\\/2016\\\/05\\\/Wood-logo-name-png.png\",\"width\":250,\"height\":89,\"caption\":\"Woed\"},\"image\":{\"@id\":\"https:\\\/\\\/woedonline.nl\\\/fr\\\/#\\\/schema\\\/logo\\\/image\\\/\"},\"sameAs\":[\"https:\\\/\\\/www.facebook.com\\\/Woedshop\\\/\",\"https:\\\/\\\/www.instagram.com\\\/woed.eu\"]}]}<\/script>\n<!-- \/ Yoast SEO plugin. -->","yoast_head_json":{"title":"Snapback | Nostalgie - 90s - Woed","description":"La casquette Nostalgia 90s n'est pas un simple accessoire, c'est une pi\u00e8ce intemporelle qui vous ram\u00e8nera \u00e0 l'\u00e2ge d'or des ann\u00e9es 90.","robots":{"index":"index","follow":"follow","max-snippet":"max-snippet:-1","max-image-preview":"max-image-preview:large","max-video-preview":"max-video-preview:-1"},"canonical":"https:\/\/woedonline.nl\/fr\/shop\/toutes-les-capsules\/snapback-fr\/snapback-90s-fr\/","og_locale":"fr_FR","og_type":"article","og_title":"Snapback | Nostalgie - 90s - Woed","og_description":"La casquette Nostalgia 90s n'est pas un simple accessoire, c'est une pi\u00e8ce intemporelle qui vous ram\u00e8nera \u00e0 l'\u00e2ge d'or des ann\u00e9es 90.","og_url":"https:\/\/woedonline.nl\/fr\/shop\/toutes-les-capsules\/snapback-fr\/snapback-90s-fr\/","og_site_name":"Woed","article_publisher":"https:\/\/www.facebook.com\/Woedshop\/","article_modified_time":"2026-03-19T20:05:10+00:00","og_image":[{"width":800,"height":800,"url":"https:\/\/woedonline.nl\/wp-content\/uploads\/2024\/01\/Woed-snapback-90s-1-jpg.webp","type":"image\/jpeg"}],"twitter_card":"summary_large_image","twitter_misc":{"Dur\u00e9e de lecture estim\u00e9e":"1 minute"},"schema":{"@context":"https:\/\/schema.org","@graph":[{"@type":"WebPage","@id":"https:\/\/woedonline.nl\/fr\/shop\/toutes-les-capsules\/snapback-fr\/snapback-90s-fr\/","url":"https:\/\/woedonline.nl\/fr\/shop\/toutes-les-capsules\/snapback-fr\/snapback-90s-fr\/","name":"Snapback | Nostalgie - 90s - Woed","isPartOf":{"@id":"https:\/\/woedonline.nl\/fr\/#website"},"primaryImageOfPage":{"@id":"https:\/\/woedonline.nl\/fr\/shop\/toutes-les-capsules\/snapback-fr\/snapback-90s-fr\/#primaryimage"},"image":{"@id":"https:\/\/woedonline.nl\/fr\/shop\/toutes-les-capsules\/snapback-fr\/snapback-90s-fr\/#primaryimage"},"thumbnailUrl":"https:\/\/woedonline.nl\/wp-content\/uploads\/2024\/01\/Woed-snapback-90s-1-jpg.webp","datePublished":"2024-01-18T10:43:07+00:00","dateModified":"2026-03-19T20:05:10+00:00","description":"La casquette Nostalgia 90s n'est pas un simple accessoire, c'est une pi\u00e8ce intemporelle qui vous ram\u00e8nera \u00e0 l'\u00e2ge d'or des ann\u00e9es 90.","breadcrumb":{"@id":"https:\/\/woedonline.nl\/fr\/shop\/toutes-les-capsules\/snapback-fr\/snapback-90s-fr\/#breadcrumb"},"inLanguage":"fr-FR","potentialAction":[{"@type":"ReadAction","target":["https:\/\/woedonline.nl\/fr\/shop\/toutes-les-capsules\/snapback-fr\/snapback-90s-fr\/"]}]},{"@type":"ImageObject","inLanguage":"fr-FR","@id":"https:\/\/woedonline.nl\/fr\/shop\/toutes-les-capsules\/snapback-fr\/snapback-90s-fr\/#primaryimage","url":"https:\/\/woedonline.nl\/wp-content\/uploads\/2024\/01\/Woed-snapback-90s-1-jpg.webp","contentUrl":"https:\/\/woedonline.nl\/wp-content\/uploads\/2024\/01\/Woed-snapback-90s-1-jpg.webp","width":800,"height":800},{"@type":"BreadcrumbList","@id":"https:\/\/woedonline.nl\/fr\/shop\/toutes-les-capsules\/snapback-fr\/snapback-90s-fr\/#breadcrumb","itemListElement":[{"@type":"ListItem","position":1,"name":"Accueil","item":"https:\/\/woedonline.nl\/fr\/"},{"@type":"ListItem","position":2,"name":"Boutique","item":"https:\/\/woedonline.nl\/fr\/boutique\/"},{"@type":"ListItem","position":3,"name":"Snapback | Nostalgie - 90s"}]},{"@type":"WebSite","@id":"https:\/\/woedonline.nl\/fr\/#website","url":"https:\/\/woedonline.nl\/fr\/","name":"Woed","description":"Kurk petten, houten horloges en houten zonnebrillen","publisher":{"@id":"https:\/\/woedonline.nl\/fr\/#organization"},"alternateName":"W","potentialAction":[{"@type":"SearchAction","target":{"@type":"EntryPoint","urlTemplate":"https:\/\/woedonline.nl\/fr\/?s={search_term_string}"},"query-input":{"@type":"PropertyValueSpecification","valueRequired":true,"valueName":"search_term_string"}}],"inLanguage":"fr-FR"},{"@type":"Organization","@id":"https:\/\/woedonline.nl\/fr\/#organization","name":"Woed","alternateName":"W","url":"https:\/\/woedonline.nl\/fr\/","logo":{"@type":"ImageObject","inLanguage":"fr-FR","@id":"https:\/\/woedonline.nl\/fr\/#\/schema\/logo\/image\/","url":"https:\/\/woedonline.nl\/wp-content\/uploads\/2016\/05\/Wood-logo-name-png.png","contentUrl":"https:\/\/woedonline.nl\/wp-content\/uploads\/2016\/05\/Wood-logo-name-png.png","width":250,"height":89,"caption":"Woed"},"image":{"@id":"https:\/\/woedonline.nl\/fr\/#\/schema\/logo\/image\/"},"sameAs":["https:\/\/www.facebook.com\/Woedshop\/","https:\/\/www.instagram.com\/woed.eu"]}]}},"_links":{"self":[{"href":"https:\/\/woedonline.nl\/fr\/wp-json\/wp\/v2\/product\/380144","targetHints":{"allow":["GET"]}}],"collection":[{"href":"https:\/\/woedonline.nl\/fr\/wp-json\/wp\/v2\/product"}],"about":[{"href":"https:\/\/woedonline.nl\/fr\/wp-json\/wp\/v2\/types\/product"}],"replies":[{"embeddable":true,"href":"https:\/\/woedonline.nl\/fr\/wp-json\/wp\/v2\/comments?post=380144"}],"wp:featuredmedia":[{"embeddable":true,"href":"https:\/\/woedonline.nl\/fr\/wp-json\/wp\/v2\/media\/380208"}],"wp:attachment":[{"href":"https:\/\/woedonline.nl\/fr\/wp-json\/wp\/v2\/media?parent=380144"}],"wp:term":[{"taxonomy":"product_brand","embeddable":true,"href":"https:\/\/woedonline.nl\/fr\/wp-json\/wp\/v2\/product_brand?post=380144"},{"taxonomy":"product_cat","embeddable":true,"href":"https:\/\/woedonline.nl\/fr\/wp-json\/wp\/v2\/product_cat?post=380144"},{"taxonomy":"product_tag","embeddable":true,"href":"https:\/\/woedonline.nl\/fr\/wp-json\/wp\/v2\/product_tag?post=380144"}],"curies":[{"name":"wp","href":"https:\/\/api.w.org\/{rel}","templated":true}]}}