{"id":378862,"date":"2025-10-31T10:15:24","date_gmt":"2025-10-31T09:15:24","guid":{"rendered":"https:\/\/woedonline.nl\/?post_type=product&#038;p=378862"},"modified":"2026-03-16T01:50:06","modified_gmt":"2026-03-16T00:50:06","slug":"snapback-tancho","status":"publish","type":"product","link":"https:\/\/woedonline.nl\/fr\/shop\/toutes-les-capsules\/snapback-fr\/snapback-tancho\/","title":{"rendered":"Snapback | TANCHO"},"content":{"rendered":"<div>D\u00e9couvrez le monde enchanteur de Woed avec notre casquette snapback TANCHO. Avec une magnifique illustration de la grue japonaise, cette casquette n&rsquo;est pas seulement \u00e9l\u00e9gante, elle est aussi un symbole ancien. Au Japon, le \"Tancho\" est connu comme un oiseau sacr\u00e9 qui apporte chance et long\u00e9vit\u00e9, comme le montrent souvent de vieilles gravures. Compos\u00e9 \u00e0 50 % de chanvre et \u00e0 50 % de coton, il offre non seulement du confort, mais contribue \u00e9galement \u00e0 un mode de vie conscient. Le dessus est recouvert d&rsquo;une l\u00e9g\u00e8re couche de li\u00e8ge, qui non seulement apporte une touche unique, mais renforce \u00e9galement son lien avec les mat\u00e9riaux naturels. Le logo Woed est subtilement brod\u00e9 sur le devant, accompagn\u00e9 d&rsquo;un cercle rouge qui renforce l&rsquo;esth\u00e9tique japonaise. Cette casquette n&rsquo;est pas seulement un accessoire, c&rsquo;est un symbole de tradition, de bonheur et de sant\u00e9. D\u00e9couvrez la magie de la grue japonaise avec la casquette snapback TANCHO de Woed- o\u00f9 le style et la signification s&rsquo;unissent dans une d\u00e9claration de mode unique.<\/div>\n","protected":false},"excerpt":{"rendered":"<ul>\n<li>Casquette \u00e0 6 panneaux<\/li>\n<li>Taille unique - (54-61 cm)<\/li>\n<li>Haute qualit\u00e9<\/li>\n<li>Mati\u00e8re 100% naturelle<\/li>\n<li>Fabriqu\u00e9 avec du vrai li\u00e8ge<\/li>\n<li>L\u00e9ger et confortable<\/li>\n<li>Con\u00e7u aux Pays-Bas<\/li>\n<\/ul>\n","protected":false},"featured_media":389983,"comment_status":"open","ping_status":"closed","template":"","meta":[],"product_brand":[],"product_cat":[733,461],"product_tag":[],"class_list":{"0":"post-378862","1":"product","2":"type-product","3":"status-publish","4":"has-post-thumbnail","6":"product_cat-toutes-les-capsules","7":"product_cat-snapback-fr","8":"product_shipping_class-paquet","10":"first","11":"instock","12":"taxable","13":"shipping-taxable","14":"purchasable","15":"product-type-simple"},"yoast_head":"<!-- This site is optimized with the Yoast SEO plugin v27.4 - https:\/\/yoast.com\/product\/yoast-seo-wordpress\/ -->\n<title>Snapback | TANCHO - Woed<\/title>\n<meta name=\"description\" content=\"D\u00e9couvrez le monde enchanteur de Woed avec notre casquette snapback TANCHO. Avec une magnifique illustration de la grue japonaise, cette casquette n&#039;est pas seulement \u00e9l\u00e9gante, elle est aussi un symbole ancien.\" \/>\n<meta name=\"robots\" content=\"index, follow, max-snippet:-1, max-image-preview:large, max-video-preview:-1\" \/>\n<link rel=\"canonical\" href=\"https:\/\/woedonline.nl\/fr\/shop\/toutes-les-capsules\/snapback-fr\/snapback-tancho\/\" \/>\n<meta property=\"og:locale\" content=\"fr_FR\" \/>\n<meta property=\"og:type\" content=\"article\" \/>\n<meta property=\"og:title\" content=\"Snapback | TANCHO - Woed\" \/>\n<meta property=\"og:description\" content=\"D\u00e9couvrez le monde enchanteur de Woed avec notre casquette snapback TANCHO. Avec une magnifique illustration de la grue japonaise, cette casquette n&#039;est pas seulement \u00e9l\u00e9gante, elle est aussi un symbole ancien.\" \/>\n<meta property=\"og:url\" content=\"https:\/\/woedonline.nl\/fr\/shop\/toutes-les-capsules\/snapback-fr\/snapback-tancho\/\" \/>\n<meta property=\"og:site_name\" content=\"Woed\" \/>\n<meta property=\"article:publisher\" content=\"https:\/\/www.facebook.com\/Woedshop\/\" \/>\n<meta property=\"article:modified_time\" content=\"2026-03-16T00:50:06+00:00\" \/>\n<meta property=\"og:image\" content=\"https:\/\/woedonline.nl\/wp-content\/uploads\/2025\/09\/Woed-TANCHO-1.jpg\" \/>\n\t<meta property=\"og:image:width\" content=\"800\" \/>\n\t<meta property=\"og:image:height\" content=\"800\" \/>\n\t<meta property=\"og:image:type\" content=\"image\/jpeg\" \/>\n<meta name=\"twitter:card\" content=\"summary_large_image\" \/>\n<meta name=\"twitter:label1\" content=\"Dur\u00e9e de lecture estim\u00e9e\" \/>\n\t<meta name=\"twitter:data1\" content=\"2 minutes\" \/>\n<script type=\"application\/ld+json\" class=\"yoast-schema-graph\">{\"@context\":\"https:\\\/\\\/schema.org\",\"@graph\":[{\"@type\":\"WebPage\",\"@id\":\"https:\\\/\\\/woedonline.nl\\\/fr\\\/shop\\\/toutes-les-capsules\\\/snapback-fr\\\/snapback-tancho\\\/\",\"url\":\"https:\\\/\\\/woedonline.nl\\\/fr\\\/shop\\\/toutes-les-capsules\\\/snapback-fr\\\/snapback-tancho\\\/\",\"name\":\"Snapback | TANCHO - Woed\",\"isPartOf\":{\"@id\":\"https:\\\/\\\/woedonline.nl\\\/fr\\\/#website\"},\"primaryImageOfPage\":{\"@id\":\"https:\\\/\\\/woedonline.nl\\\/fr\\\/shop\\\/toutes-les-capsules\\\/snapback-fr\\\/snapback-tancho\\\/#primaryimage\"},\"image\":{\"@id\":\"https:\\\/\\\/woedonline.nl\\\/fr\\\/shop\\\/toutes-les-capsules\\\/snapback-fr\\\/snapback-tancho\\\/#primaryimage\"},\"thumbnailUrl\":\"https:\\\/\\\/woedonline.nl\\\/wp-content\\\/uploads\\\/2025\\\/09\\\/Woed-TANCHO-1.jpg\",\"datePublished\":\"2025-10-31T09:15:24+00:00\",\"dateModified\":\"2026-03-16T00:50:06+00:00\",\"description\":\"D\u00e9couvrez le monde enchanteur de Woed avec notre casquette snapback TANCHO. Avec une magnifique illustration de la grue japonaise, cette casquette n'est pas seulement \u00e9l\u00e9gante, elle est aussi un symbole ancien.\",\"breadcrumb\":{\"@id\":\"https:\\\/\\\/woedonline.nl\\\/fr\\\/shop\\\/toutes-les-capsules\\\/snapback-fr\\\/snapback-tancho\\\/#breadcrumb\"},\"inLanguage\":\"fr-FR\",\"potentialAction\":[{\"@type\":\"ReadAction\",\"target\":[\"https:\\\/\\\/woedonline.nl\\\/fr\\\/shop\\\/toutes-les-capsules\\\/snapback-fr\\\/snapback-tancho\\\/\"]}]},{\"@type\":\"ImageObject\",\"inLanguage\":\"fr-FR\",\"@id\":\"https:\\\/\\\/woedonline.nl\\\/fr\\\/shop\\\/toutes-les-capsules\\\/snapback-fr\\\/snapback-tancho\\\/#primaryimage\",\"url\":\"https:\\\/\\\/woedonline.nl\\\/wp-content\\\/uploads\\\/2025\\\/09\\\/Woed-TANCHO-1.jpg\",\"contentUrl\":\"https:\\\/\\\/woedonline.nl\\\/wp-content\\\/uploads\\\/2025\\\/09\\\/Woed-TANCHO-1.jpg\",\"width\":800,\"height\":800},{\"@type\":\"BreadcrumbList\",\"@id\":\"https:\\\/\\\/woedonline.nl\\\/fr\\\/shop\\\/toutes-les-capsules\\\/snapback-fr\\\/snapback-tancho\\\/#breadcrumb\",\"itemListElement\":[{\"@type\":\"ListItem\",\"position\":1,\"name\":\"Accueil\",\"item\":\"https:\\\/\\\/woedonline.nl\\\/fr\\\/\"},{\"@type\":\"ListItem\",\"position\":2,\"name\":\"Boutique\",\"item\":\"https:\\\/\\\/woedonline.nl\\\/fr\\\/boutique\\\/\"},{\"@type\":\"ListItem\",\"position\":3,\"name\":\"Snapback | TANCHO\"}]},{\"@type\":\"WebSite\",\"@id\":\"https:\\\/\\\/woedonline.nl\\\/fr\\\/#website\",\"url\":\"https:\\\/\\\/woedonline.nl\\\/fr\\\/\",\"name\":\"Woed\",\"description\":\"Kurk petten, houten horloges en houten zonnebrillen\",\"publisher\":{\"@id\":\"https:\\\/\\\/woedonline.nl\\\/fr\\\/#organization\"},\"alternateName\":\"W\",\"potentialAction\":[{\"@type\":\"SearchAction\",\"target\":{\"@type\":\"EntryPoint\",\"urlTemplate\":\"https:\\\/\\\/woedonline.nl\\\/fr\\\/?s={search_term_string}\"},\"query-input\":{\"@type\":\"PropertyValueSpecification\",\"valueRequired\":true,\"valueName\":\"search_term_string\"}}],\"inLanguage\":\"fr-FR\"},{\"@type\":\"Organization\",\"@id\":\"https:\\\/\\\/woedonline.nl\\\/fr\\\/#organization\",\"name\":\"Woed\",\"alternateName\":\"W\",\"url\":\"https:\\\/\\\/woedonline.nl\\\/fr\\\/\",\"logo\":{\"@type\":\"ImageObject\",\"inLanguage\":\"fr-FR\",\"@id\":\"https:\\\/\\\/woedonline.nl\\\/fr\\\/#\\\/schema\\\/logo\\\/image\\\/\",\"url\":\"https:\\\/\\\/woedonline.nl\\\/wp-content\\\/uploads\\\/2016\\\/05\\\/Wood-logo-name-png.png\",\"contentUrl\":\"https:\\\/\\\/woedonline.nl\\\/wp-content\\\/uploads\\\/2016\\\/05\\\/Wood-logo-name-png.png\",\"width\":250,\"height\":89,\"caption\":\"Woed\"},\"image\":{\"@id\":\"https:\\\/\\\/woedonline.nl\\\/fr\\\/#\\\/schema\\\/logo\\\/image\\\/\"},\"sameAs\":[\"https:\\\/\\\/www.facebook.com\\\/Woedshop\\\/\",\"https:\\\/\\\/www.instagram.com\\\/woed.eu\"]}]}<\/script>\n<!-- \/ Yoast SEO plugin. -->","yoast_head_json":{"title":"Snapback | TANCHO - Woed","description":"D\u00e9couvrez le monde enchanteur de Woed avec notre casquette snapback TANCHO. Avec une magnifique illustration de la grue japonaise, cette casquette n'est pas seulement \u00e9l\u00e9gante, elle est aussi un symbole ancien.","robots":{"index":"index","follow":"follow","max-snippet":"max-snippet:-1","max-image-preview":"max-image-preview:large","max-video-preview":"max-video-preview:-1"},"canonical":"https:\/\/woedonline.nl\/fr\/shop\/toutes-les-capsules\/snapback-fr\/snapback-tancho\/","og_locale":"fr_FR","og_type":"article","og_title":"Snapback | TANCHO - Woed","og_description":"D\u00e9couvrez le monde enchanteur de Woed avec notre casquette snapback TANCHO. Avec une magnifique illustration de la grue japonaise, cette casquette n'est pas seulement \u00e9l\u00e9gante, elle est aussi un symbole ancien.","og_url":"https:\/\/woedonline.nl\/fr\/shop\/toutes-les-capsules\/snapback-fr\/snapback-tancho\/","og_site_name":"Woed","article_publisher":"https:\/\/www.facebook.com\/Woedshop\/","article_modified_time":"2026-03-16T00:50:06+00:00","og_image":[{"width":800,"height":800,"url":"https:\/\/woedonline.nl\/wp-content\/uploads\/2025\/09\/Woed-TANCHO-1.jpg","type":"image\/jpeg"}],"twitter_card":"summary_large_image","twitter_misc":{"Dur\u00e9e de lecture estim\u00e9e":"2 minutes"},"schema":{"@context":"https:\/\/schema.org","@graph":[{"@type":"WebPage","@id":"https:\/\/woedonline.nl\/fr\/shop\/toutes-les-capsules\/snapback-fr\/snapback-tancho\/","url":"https:\/\/woedonline.nl\/fr\/shop\/toutes-les-capsules\/snapback-fr\/snapback-tancho\/","name":"Snapback | TANCHO - Woed","isPartOf":{"@id":"https:\/\/woedonline.nl\/fr\/#website"},"primaryImageOfPage":{"@id":"https:\/\/woedonline.nl\/fr\/shop\/toutes-les-capsules\/snapback-fr\/snapback-tancho\/#primaryimage"},"image":{"@id":"https:\/\/woedonline.nl\/fr\/shop\/toutes-les-capsules\/snapback-fr\/snapback-tancho\/#primaryimage"},"thumbnailUrl":"https:\/\/woedonline.nl\/wp-content\/uploads\/2025\/09\/Woed-TANCHO-1.jpg","datePublished":"2025-10-31T09:15:24+00:00","dateModified":"2026-03-16T00:50:06+00:00","description":"D\u00e9couvrez le monde enchanteur de Woed avec notre casquette snapback TANCHO. Avec une magnifique illustration de la grue japonaise, cette casquette n'est pas seulement \u00e9l\u00e9gante, elle est aussi un symbole ancien.","breadcrumb":{"@id":"https:\/\/woedonline.nl\/fr\/shop\/toutes-les-capsules\/snapback-fr\/snapback-tancho\/#breadcrumb"},"inLanguage":"fr-FR","potentialAction":[{"@type":"ReadAction","target":["https:\/\/woedonline.nl\/fr\/shop\/toutes-les-capsules\/snapback-fr\/snapback-tancho\/"]}]},{"@type":"ImageObject","inLanguage":"fr-FR","@id":"https:\/\/woedonline.nl\/fr\/shop\/toutes-les-capsules\/snapback-fr\/snapback-tancho\/#primaryimage","url":"https:\/\/woedonline.nl\/wp-content\/uploads\/2025\/09\/Woed-TANCHO-1.jpg","contentUrl":"https:\/\/woedonline.nl\/wp-content\/uploads\/2025\/09\/Woed-TANCHO-1.jpg","width":800,"height":800},{"@type":"BreadcrumbList","@id":"https:\/\/woedonline.nl\/fr\/shop\/toutes-les-capsules\/snapback-fr\/snapback-tancho\/#breadcrumb","itemListElement":[{"@type":"ListItem","position":1,"name":"Accueil","item":"https:\/\/woedonline.nl\/fr\/"},{"@type":"ListItem","position":2,"name":"Boutique","item":"https:\/\/woedonline.nl\/fr\/boutique\/"},{"@type":"ListItem","position":3,"name":"Snapback | TANCHO"}]},{"@type":"WebSite","@id":"https:\/\/woedonline.nl\/fr\/#website","url":"https:\/\/woedonline.nl\/fr\/","name":"Woed","description":"Kurk petten, houten horloges en houten zonnebrillen","publisher":{"@id":"https:\/\/woedonline.nl\/fr\/#organization"},"alternateName":"W","potentialAction":[{"@type":"SearchAction","target":{"@type":"EntryPoint","urlTemplate":"https:\/\/woedonline.nl\/fr\/?s={search_term_string}"},"query-input":{"@type":"PropertyValueSpecification","valueRequired":true,"valueName":"search_term_string"}}],"inLanguage":"fr-FR"},{"@type":"Organization","@id":"https:\/\/woedonline.nl\/fr\/#organization","name":"Woed","alternateName":"W","url":"https:\/\/woedonline.nl\/fr\/","logo":{"@type":"ImageObject","inLanguage":"fr-FR","@id":"https:\/\/woedonline.nl\/fr\/#\/schema\/logo\/image\/","url":"https:\/\/woedonline.nl\/wp-content\/uploads\/2016\/05\/Wood-logo-name-png.png","contentUrl":"https:\/\/woedonline.nl\/wp-content\/uploads\/2016\/05\/Wood-logo-name-png.png","width":250,"height":89,"caption":"Woed"},"image":{"@id":"https:\/\/woedonline.nl\/fr\/#\/schema\/logo\/image\/"},"sameAs":["https:\/\/www.facebook.com\/Woedshop\/","https:\/\/www.instagram.com\/woed.eu"]}]}},"_links":{"self":[{"href":"https:\/\/woedonline.nl\/fr\/wp-json\/wp\/v2\/product\/378862","targetHints":{"allow":["GET"]}}],"collection":[{"href":"https:\/\/woedonline.nl\/fr\/wp-json\/wp\/v2\/product"}],"about":[{"href":"https:\/\/woedonline.nl\/fr\/wp-json\/wp\/v2\/types\/product"}],"replies":[{"embeddable":true,"href":"https:\/\/woedonline.nl\/fr\/wp-json\/wp\/v2\/comments?post=378862"}],"wp:featuredmedia":[{"embeddable":true,"href":"https:\/\/woedonline.nl\/fr\/wp-json\/wp\/v2\/media\/389983"}],"wp:attachment":[{"href":"https:\/\/woedonline.nl\/fr\/wp-json\/wp\/v2\/media?parent=378862"}],"wp:term":[{"taxonomy":"product_brand","embeddable":true,"href":"https:\/\/woedonline.nl\/fr\/wp-json\/wp\/v2\/product_brand?post=378862"},{"taxonomy":"product_cat","embeddable":true,"href":"https:\/\/woedonline.nl\/fr\/wp-json\/wp\/v2\/product_cat?post=378862"},{"taxonomy":"product_tag","embeddable":true,"href":"https:\/\/woedonline.nl\/fr\/wp-json\/wp\/v2\/product_tag?post=378862"}],"curies":[{"name":"wp","href":"https:\/\/api.w.org\/{rel}","templated":true}]}}