{"id":350305,"date":"2023-05-23T10:41:02","date_gmt":"2023-05-23T08:41:02","guid":{"rendered":"https:\/\/woedonline.nl\/?post_type=product&#038;p=350305"},"modified":"2026-03-09T14:05:37","modified_gmt":"2026-03-09T13:05:37","slug":"lunettes-de-soleil-clubmaster-evergreen","status":"publish","type":"product","link":"https:\/\/woedonline.nl\/fr\/shop\/lunettes-de-soleil-en-bois\/clubmaster-fr\/lunettes-de-soleil-clubmaster-evergreen\/","title":{"rendered":"Lunettes de soleil Clubmaster | Evergreen"},"content":{"rendered":"<p>Ces lunettes de soleil futuristes ont une construction de monture unique pour vous donner le look distinctif que vous attendez. Elles sont l\u00e9g\u00e8res et r\u00e9sistantes aux chocs, avec une clart\u00e9 visuelle et polarisante sup\u00e9rieure comme jamais auparavant. Les lentilles bloquent 100 % de tous les rayons UVA\/UVB nocifs et des rayons de lumi\u00e8re bleue \u00e9mis par les \u00e9crans. Vos charni\u00e8res peuvent sembler l\u00e9g\u00e8rement rigides lors de la premi\u00e8re utilisation. Cette mesure vise \u00e0 garantir qu&rsquo;ils conservent leur int\u00e9grit\u00e9 \u00e0 long terme.    <\/p>\n<p>Les lunettes de soleil polaris\u00e9es sont des lunettes sp\u00e9cialis\u00e9es qui sont con\u00e7ues pour r\u00e9duire l&rsquo;\u00e9blouissement provenant de surfaces telles que l&rsquo;eau, la neige et le verre.<\/p>\n<h2>Lunettes de soleil en bois<\/h2>\n<p>R\u00e9sistant, accrocheur et bien s\u00fbr prot\u00e9g\u00e9 du soleil. Litt\u00e9ralement, car nos lunettes de soleil en bois sont fabriqu\u00e9es \u00e0 partir de mat\u00e9riaux 100% naturels, avec un design color\u00e9, parfait pour les jours d&rsquo;\u00e9t\u00e9. Les lunettes de soleil sont l\u00e9g\u00e8res, confortables et r\u00e9sistantes \u00e0 l&rsquo;eau. Ainsi, en cas de pluie, vous n&rsquo;avez pas \u00e0 craindre d&rsquo;endommager vos lunettes de soleil. Nos lunettes de soleil en bois offrent une protection avec des lentilles UV-400 et avec la pochette de rangement incluse, vous pouvez les emmener partout. Veuillez \u00e9galement consulter nos autres produits en bois et en li\u00e8ge. D\u00e9couvrez nos <a href=\"https:\/\/woedonline.nl\/fr\/product-categorie\/toutes-les-capsules\/\">bouchons de li\u00e8ge<\/a>, nos <a href=\"https:\/\/woedonline.nl\/fr\/product-categorie\/montres-en-bois\/\">montres en bois<\/a> ou les autres <a href=\"https:\/\/woedonline.nl\/fr\/product-categorie\/lunettes-de-soleil-en-bois\/\">lunettes de soleil en bois<\/a>.      <\/p>\n","protected":false},"excerpt":{"rendered":"<p>\u2714Pour elle et lui \u2714 Verre polaris\u00e9 \u2714100% de mat\u00e9riaux naturels \u2714R\u00e9sistant \u00e0 l&rsquo;eau \u2714L\u00e9ger et confortable \u2714Pied en bois v\u00e9ritable ! \u2714Protection sup\u00e9rieure par verres UV-400 \u2714Pochette de rangement et chiffon de nettoyage inclus<\/p>\n","protected":false},"featured_media":350309,"comment_status":"closed","ping_status":"closed","template":"","meta":[],"product_brand":[],"product_cat":[726],"product_tag":[724,597,549],"class_list":{"0":"post-350305","1":"product","2":"type-product","3":"status-publish","4":"has-post-thumbnail","6":"product_cat-clubmaster-fr","7":"product_tag-clubmaster-fr","8":"product_tag-la-fete-des-meres","9":"product_tag-lunettes-de-soleil","10":"product_shipping_class-armbanden-horloge-zonnebrillen-fr","12":"first","13":"instock","14":"taxable","15":"shipping-taxable","16":"purchasable","17":"product-type-simple"},"yoast_head":"<!-- This site is optimized with the Yoast SEO plugin v27.5 - https:\/\/yoast.com\/product\/yoast-seo-wordpress\/ -->\n<title>WOED | Lunettes de soleil en bois Wayfarer | Smokey - 19.95<\/title>\n<meta name=\"description\" content=\"WOED | Pour tous vos accessoires en bois ! Lunettes de soleil en bois dans la couleur IceWood. Une paire unique de lunettes de soleil de haute qualit\u00e9. avec des lentilles polaris\u00e9es.\" \/>\n<meta name=\"robots\" content=\"index, follow, max-snippet:-1, max-image-preview:large, max-video-preview:-1\" \/>\n<link rel=\"canonical\" href=\"https:\/\/woedonline.nl\/fr\/shop\/lunettes-de-soleil-en-bois\/clubmaster-fr\/lunettes-de-soleil-clubmaster-evergreen\/\" \/>\n<meta property=\"og:locale\" content=\"fr_FR\" \/>\n<meta property=\"og:type\" content=\"article\" \/>\n<meta property=\"og:title\" content=\"WOED | Lunettes de soleil en bois Wayfarer | Smokey - 19.95\" \/>\n<meta property=\"og:description\" content=\"WOED | Pour tous vos accessoires en bois ! Lunettes de soleil en bois dans la couleur IceWood. Une paire unique de lunettes de soleil de haute qualit\u00e9. avec des lentilles polaris\u00e9es.\" \/>\n<meta property=\"og:url\" content=\"https:\/\/woedonline.nl\/fr\/shop\/lunettes-de-soleil-en-bois\/clubmaster-fr\/lunettes-de-soleil-clubmaster-evergreen\/\" \/>\n<meta property=\"og:site_name\" content=\"Woed\" \/>\n<meta property=\"article:publisher\" content=\"https:\/\/www.facebook.com\/Woedshop\/\" \/>\n<meta property=\"article:modified_time\" content=\"2026-03-09T13:05:37+00:00\" \/>\n<meta property=\"og:image\" content=\"https:\/\/woedonline.nl\/wp-content\/uploads\/2023\/05\/Woed-zonnebril-Evergreen-4.jpg\" \/>\n\t<meta property=\"og:image:width\" content=\"1000\" \/>\n\t<meta property=\"og:image:height\" content=\"1000\" \/>\n\t<meta property=\"og:image:type\" content=\"image\/jpeg\" \/>\n<meta name=\"twitter:card\" content=\"summary_large_image\" \/>\n<meta name=\"twitter:label1\" content=\"Dur\u00e9e de lecture estim\u00e9e\" \/>\n\t<meta name=\"twitter:data1\" content=\"2 minutes\" \/>\n<script type=\"application\/ld+json\" class=\"yoast-schema-graph\">{\"@context\":\"https:\\\/\\\/schema.org\",\"@graph\":[{\"@type\":\"WebPage\",\"@id\":\"https:\\\/\\\/woedonline.nl\\\/fr\\\/shop\\\/lunettes-de-soleil-en-bois\\\/clubmaster-fr\\\/lunettes-de-soleil-clubmaster-evergreen\\\/\",\"url\":\"https:\\\/\\\/woedonline.nl\\\/fr\\\/shop\\\/lunettes-de-soleil-en-bois\\\/clubmaster-fr\\\/lunettes-de-soleil-clubmaster-evergreen\\\/\",\"name\":\"WOED | Lunettes de soleil en bois Wayfarer | Smokey - 19.95\",\"isPartOf\":{\"@id\":\"https:\\\/\\\/woedonline.nl\\\/fr\\\/#website\"},\"primaryImageOfPage\":{\"@id\":\"https:\\\/\\\/woedonline.nl\\\/fr\\\/shop\\\/lunettes-de-soleil-en-bois\\\/clubmaster-fr\\\/lunettes-de-soleil-clubmaster-evergreen\\\/#primaryimage\"},\"image\":{\"@id\":\"https:\\\/\\\/woedonline.nl\\\/fr\\\/shop\\\/lunettes-de-soleil-en-bois\\\/clubmaster-fr\\\/lunettes-de-soleil-clubmaster-evergreen\\\/#primaryimage\"},\"thumbnailUrl\":\"https:\\\/\\\/woedonline.nl\\\/wp-content\\\/uploads\\\/2023\\\/05\\\/Woed-zonnebril-Evergreen-4.jpg\",\"datePublished\":\"2023-05-23T08:41:02+00:00\",\"dateModified\":\"2026-03-09T13:05:37+00:00\",\"description\":\"WOED | Pour tous vos accessoires en bois ! Lunettes de soleil en bois dans la couleur IceWood. Une paire unique de lunettes de soleil de haute qualit\u00e9. avec des lentilles polaris\u00e9es.\",\"breadcrumb\":{\"@id\":\"https:\\\/\\\/woedonline.nl\\\/fr\\\/shop\\\/lunettes-de-soleil-en-bois\\\/clubmaster-fr\\\/lunettes-de-soleil-clubmaster-evergreen\\\/#breadcrumb\"},\"inLanguage\":\"fr-FR\",\"potentialAction\":[{\"@type\":\"ReadAction\",\"target\":[\"https:\\\/\\\/woedonline.nl\\\/fr\\\/shop\\\/lunettes-de-soleil-en-bois\\\/clubmaster-fr\\\/lunettes-de-soleil-clubmaster-evergreen\\\/\"]}]},{\"@type\":\"ImageObject\",\"inLanguage\":\"fr-FR\",\"@id\":\"https:\\\/\\\/woedonline.nl\\\/fr\\\/shop\\\/lunettes-de-soleil-en-bois\\\/clubmaster-fr\\\/lunettes-de-soleil-clubmaster-evergreen\\\/#primaryimage\",\"url\":\"https:\\\/\\\/woedonline.nl\\\/wp-content\\\/uploads\\\/2023\\\/05\\\/Woed-zonnebril-Evergreen-4.jpg\",\"contentUrl\":\"https:\\\/\\\/woedonline.nl\\\/wp-content\\\/uploads\\\/2023\\\/05\\\/Woed-zonnebril-Evergreen-4.jpg\",\"width\":1000,\"height\":1000},{\"@type\":\"BreadcrumbList\",\"@id\":\"https:\\\/\\\/woedonline.nl\\\/fr\\\/shop\\\/lunettes-de-soleil-en-bois\\\/clubmaster-fr\\\/lunettes-de-soleil-clubmaster-evergreen\\\/#breadcrumb\",\"itemListElement\":[{\"@type\":\"ListItem\",\"position\":1,\"name\":\"Accueil\",\"item\":\"https:\\\/\\\/woedonline.nl\\\/fr\\\/\"},{\"@type\":\"ListItem\",\"position\":2,\"name\":\"Boutique\",\"item\":\"https:\\\/\\\/woedonline.nl\\\/fr\\\/boutique\\\/\"},{\"@type\":\"ListItem\",\"position\":3,\"name\":\"Lunettes de soleil Clubmaster | Evergreen\"}]},{\"@type\":\"WebSite\",\"@id\":\"https:\\\/\\\/woedonline.nl\\\/fr\\\/#website\",\"url\":\"https:\\\/\\\/woedonline.nl\\\/fr\\\/\",\"name\":\"Woed\",\"description\":\"Kurk petten, houten horloges en houten zonnebrillen\",\"publisher\":{\"@id\":\"https:\\\/\\\/woedonline.nl\\\/fr\\\/#organization\"},\"alternateName\":\"W\",\"potentialAction\":[{\"@type\":\"SearchAction\",\"target\":{\"@type\":\"EntryPoint\",\"urlTemplate\":\"https:\\\/\\\/woedonline.nl\\\/fr\\\/?s={search_term_string}\"},\"query-input\":{\"@type\":\"PropertyValueSpecification\",\"valueRequired\":true,\"valueName\":\"search_term_string\"}}],\"inLanguage\":\"fr-FR\"},{\"@type\":\"Organization\",\"@id\":\"https:\\\/\\\/woedonline.nl\\\/fr\\\/#organization\",\"name\":\"Woed\",\"alternateName\":\"W\",\"url\":\"https:\\\/\\\/woedonline.nl\\\/fr\\\/\",\"logo\":{\"@type\":\"ImageObject\",\"inLanguage\":\"fr-FR\",\"@id\":\"https:\\\/\\\/woedonline.nl\\\/fr\\\/#\\\/schema\\\/logo\\\/image\\\/\",\"url\":\"https:\\\/\\\/woedonline.nl\\\/wp-content\\\/uploads\\\/2016\\\/05\\\/Wood-logo-name-png.png\",\"contentUrl\":\"https:\\\/\\\/woedonline.nl\\\/wp-content\\\/uploads\\\/2016\\\/05\\\/Wood-logo-name-png.png\",\"width\":250,\"height\":89,\"caption\":\"Woed\"},\"image\":{\"@id\":\"https:\\\/\\\/woedonline.nl\\\/fr\\\/#\\\/schema\\\/logo\\\/image\\\/\"},\"sameAs\":[\"https:\\\/\\\/www.facebook.com\\\/Woedshop\\\/\",\"https:\\\/\\\/www.instagram.com\\\/woed.eu\"]}]}<\/script>\n<!-- \/ Yoast SEO plugin. -->","yoast_head_json":{"title":"WOED | Lunettes de soleil en bois Wayfarer | Smokey - 19.95","description":"WOED | Pour tous vos accessoires en bois ! Lunettes de soleil en bois dans la couleur IceWood. Une paire unique de lunettes de soleil de haute qualit\u00e9. avec des lentilles polaris\u00e9es.","robots":{"index":"index","follow":"follow","max-snippet":"max-snippet:-1","max-image-preview":"max-image-preview:large","max-video-preview":"max-video-preview:-1"},"canonical":"https:\/\/woedonline.nl\/fr\/shop\/lunettes-de-soleil-en-bois\/clubmaster-fr\/lunettes-de-soleil-clubmaster-evergreen\/","og_locale":"fr_FR","og_type":"article","og_title":"WOED | Lunettes de soleil en bois Wayfarer | Smokey - 19.95","og_description":"WOED | Pour tous vos accessoires en bois ! Lunettes de soleil en bois dans la couleur IceWood. Une paire unique de lunettes de soleil de haute qualit\u00e9. avec des lentilles polaris\u00e9es.","og_url":"https:\/\/woedonline.nl\/fr\/shop\/lunettes-de-soleil-en-bois\/clubmaster-fr\/lunettes-de-soleil-clubmaster-evergreen\/","og_site_name":"Woed","article_publisher":"https:\/\/www.facebook.com\/Woedshop\/","article_modified_time":"2026-03-09T13:05:37+00:00","og_image":[{"width":1000,"height":1000,"url":"https:\/\/woedonline.nl\/wp-content\/uploads\/2023\/05\/Woed-zonnebril-Evergreen-4.jpg","type":"image\/jpeg"}],"twitter_card":"summary_large_image","twitter_misc":{"Dur\u00e9e de lecture estim\u00e9e":"2 minutes"},"schema":{"@context":"https:\/\/schema.org","@graph":[{"@type":"WebPage","@id":"https:\/\/woedonline.nl\/fr\/shop\/lunettes-de-soleil-en-bois\/clubmaster-fr\/lunettes-de-soleil-clubmaster-evergreen\/","url":"https:\/\/woedonline.nl\/fr\/shop\/lunettes-de-soleil-en-bois\/clubmaster-fr\/lunettes-de-soleil-clubmaster-evergreen\/","name":"WOED | Lunettes de soleil en bois Wayfarer | Smokey - 19.95","isPartOf":{"@id":"https:\/\/woedonline.nl\/fr\/#website"},"primaryImageOfPage":{"@id":"https:\/\/woedonline.nl\/fr\/shop\/lunettes-de-soleil-en-bois\/clubmaster-fr\/lunettes-de-soleil-clubmaster-evergreen\/#primaryimage"},"image":{"@id":"https:\/\/woedonline.nl\/fr\/shop\/lunettes-de-soleil-en-bois\/clubmaster-fr\/lunettes-de-soleil-clubmaster-evergreen\/#primaryimage"},"thumbnailUrl":"https:\/\/woedonline.nl\/wp-content\/uploads\/2023\/05\/Woed-zonnebril-Evergreen-4.jpg","datePublished":"2023-05-23T08:41:02+00:00","dateModified":"2026-03-09T13:05:37+00:00","description":"WOED | Pour tous vos accessoires en bois ! Lunettes de soleil en bois dans la couleur IceWood. Une paire unique de lunettes de soleil de haute qualit\u00e9. avec des lentilles polaris\u00e9es.","breadcrumb":{"@id":"https:\/\/woedonline.nl\/fr\/shop\/lunettes-de-soleil-en-bois\/clubmaster-fr\/lunettes-de-soleil-clubmaster-evergreen\/#breadcrumb"},"inLanguage":"fr-FR","potentialAction":[{"@type":"ReadAction","target":["https:\/\/woedonline.nl\/fr\/shop\/lunettes-de-soleil-en-bois\/clubmaster-fr\/lunettes-de-soleil-clubmaster-evergreen\/"]}]},{"@type":"ImageObject","inLanguage":"fr-FR","@id":"https:\/\/woedonline.nl\/fr\/shop\/lunettes-de-soleil-en-bois\/clubmaster-fr\/lunettes-de-soleil-clubmaster-evergreen\/#primaryimage","url":"https:\/\/woedonline.nl\/wp-content\/uploads\/2023\/05\/Woed-zonnebril-Evergreen-4.jpg","contentUrl":"https:\/\/woedonline.nl\/wp-content\/uploads\/2023\/05\/Woed-zonnebril-Evergreen-4.jpg","width":1000,"height":1000},{"@type":"BreadcrumbList","@id":"https:\/\/woedonline.nl\/fr\/shop\/lunettes-de-soleil-en-bois\/clubmaster-fr\/lunettes-de-soleil-clubmaster-evergreen\/#breadcrumb","itemListElement":[{"@type":"ListItem","position":1,"name":"Accueil","item":"https:\/\/woedonline.nl\/fr\/"},{"@type":"ListItem","position":2,"name":"Boutique","item":"https:\/\/woedonline.nl\/fr\/boutique\/"},{"@type":"ListItem","position":3,"name":"Lunettes de soleil Clubmaster | Evergreen"}]},{"@type":"WebSite","@id":"https:\/\/woedonline.nl\/fr\/#website","url":"https:\/\/woedonline.nl\/fr\/","name":"Woed","description":"Kurk petten, houten horloges en houten zonnebrillen","publisher":{"@id":"https:\/\/woedonline.nl\/fr\/#organization"},"alternateName":"W","potentialAction":[{"@type":"SearchAction","target":{"@type":"EntryPoint","urlTemplate":"https:\/\/woedonline.nl\/fr\/?s={search_term_string}"},"query-input":{"@type":"PropertyValueSpecification","valueRequired":true,"valueName":"search_term_string"}}],"inLanguage":"fr-FR"},{"@type":"Organization","@id":"https:\/\/woedonline.nl\/fr\/#organization","name":"Woed","alternateName":"W","url":"https:\/\/woedonline.nl\/fr\/","logo":{"@type":"ImageObject","inLanguage":"fr-FR","@id":"https:\/\/woedonline.nl\/fr\/#\/schema\/logo\/image\/","url":"https:\/\/woedonline.nl\/wp-content\/uploads\/2016\/05\/Wood-logo-name-png.png","contentUrl":"https:\/\/woedonline.nl\/wp-content\/uploads\/2016\/05\/Wood-logo-name-png.png","width":250,"height":89,"caption":"Woed"},"image":{"@id":"https:\/\/woedonline.nl\/fr\/#\/schema\/logo\/image\/"},"sameAs":["https:\/\/www.facebook.com\/Woedshop\/","https:\/\/www.instagram.com\/woed.eu"]}]}},"_links":{"self":[{"href":"https:\/\/woedonline.nl\/fr\/wp-json\/wp\/v2\/product\/350305","targetHints":{"allow":["GET"]}}],"collection":[{"href":"https:\/\/woedonline.nl\/fr\/wp-json\/wp\/v2\/product"}],"about":[{"href":"https:\/\/woedonline.nl\/fr\/wp-json\/wp\/v2\/types\/product"}],"replies":[{"embeddable":true,"href":"https:\/\/woedonline.nl\/fr\/wp-json\/wp\/v2\/comments?post=350305"}],"wp:featuredmedia":[{"embeddable":true,"href":"https:\/\/woedonline.nl\/fr\/wp-json\/wp\/v2\/media\/350309"}],"wp:attachment":[{"href":"https:\/\/woedonline.nl\/fr\/wp-json\/wp\/v2\/media?parent=350305"}],"wp:term":[{"taxonomy":"product_brand","embeddable":true,"href":"https:\/\/woedonline.nl\/fr\/wp-json\/wp\/v2\/product_brand?post=350305"},{"taxonomy":"product_cat","embeddable":true,"href":"https:\/\/woedonline.nl\/fr\/wp-json\/wp\/v2\/product_cat?post=350305"},{"taxonomy":"product_tag","embeddable":true,"href":"https:\/\/woedonline.nl\/fr\/wp-json\/wp\/v2\/product_tag?post=350305"}],"curies":[{"name":"wp","href":"https:\/\/api.w.org\/{rel}","templated":true}]}}