{"id":327260,"date":"2024-09-21T12:18:53","date_gmt":"2024-09-21T10:18:53","guid":{"rendered":"https:\/\/woedonline.nl\/?post_type=product&#038;p=327260"},"modified":"2026-04-17T14:05:50","modified_gmt":"2026-04-17T12:05:50","slug":"snapback-lei-melendres","status":"publish","type":"product","link":"https:\/\/woedonline.nl\/fr\/shop\/toutes-les-capsules\/snapback-fr\/snapback-lei-melendres\/","title":{"rendered":"Snapback | Lei Melendres"},"content":{"rendered":"<div>D\u00e9couvrez la fusion parfaite du style, du confort et de l&rsquo;art avec notre Snapback Woed, un chef-d&rsquo;\u0153uvre cr\u00e9\u00e9 en collaboration avec le c\u00e9l\u00e8bre artiste de doodle et illustrateur philippin Ted Leonid \"Lei\" Melendres.<\/div>\n<div>Cette snapback bleu clair est un accessoire unique qui ne manquera pas d&rsquo;attirer l&rsquo;attention. Dot\u00e9e d&rsquo;un rabat en li\u00e8ge \u00e0 l&rsquo;arri\u00e8re, cette casquette d\u00e9gage un charme naturel et terreux. Le panneau avant est enrichi d&rsquo;un texte brod\u00e9 en blanc, qui contraste fortement avec la douce couleur bleue.  <\/div>\n<div>Fabriqu\u00e9e \u00e0 partir d&rsquo;un m\u00e9lange de 50 % de chanvre et de 50 % de coton, cette casquette offre non seulement une grande durabilit\u00e9, mais aussi un confort in\u00e9gal\u00e9.<\/div>\n<div>L&rsquo;\u0153uvre d&rsquo;art signature sous le rabat, cr\u00e9\u00e9e par la talentueuse Lei Melendres, ajoute un \u00e9l\u00e9ment ludique et amusant \u00e0 cette Snapback. Son c\u00e9l\u00e8bre style artistique Doodle transpara\u00eet dans ce d\u00e9tail subtil mais accrocheur, conf\u00e9rant \u00e0 la casquette une personnalit\u00e9 unique. <\/div>\n","protected":false},"excerpt":{"rendered":"<ul>\n<li>Casquette \u00e0 6 panneaux<\/li>\n<li>Taille unique - (54-61 cm)<\/li>\n<li>Haute qualit\u00e9<\/li>\n<li>Mati\u00e8re 100% naturelle<\/li>\n<li>Fabriqu\u00e9 avec du vrai li\u00e8ge<\/li>\n<li>L\u00e9ger et confortable<\/li>\n<li>Con\u00e7u aux Pays-Bas<\/li>\n<\/ul>\n","protected":false},"featured_media":331290,"comment_status":"open","ping_status":"closed","template":"","meta":[],"product_brand":[],"product_cat":[860,461,733],"product_tag":[1204],"class_list":{"0":"post-327260","1":"product","2":"type-product","3":"status-publish","4":"has-post-thumbnail","6":"product_cat-collection-de-chanvre","7":"product_cat-snapback-fr","8":"product_cat-toutes-les-capsules","9":"product_tag-cooperation","10":"product_shipping_class-paquet","12":"first","13":"outofstock","14":"taxable","15":"shipping-taxable","16":"purchasable","17":"product-type-simple"},"yoast_head":"<!-- This site is optimized with the Yoast SEO plugin v27.4 - https:\/\/yoast.com\/product\/yoast-seo-wordpress\/ -->\n<title>Snapback | Lei Melendres - Woed<\/title>\n<meta name=\"description\" content=\"D\u00e9couvrez la fusion parfaite du style, du confort et de l&#039;art avec notre Snapback Woed, un chef-d&#039;\u0153uvre cr\u00e9\u00e9 en collaboration avec le c\u00e9l\u00e8bre artiste de doodle et illustrateur philippin Ted Leonid &quot;Lei&quot; Melendres.\" \/>\n<meta name=\"robots\" content=\"index, follow, max-snippet:-1, max-image-preview:large, max-video-preview:-1\" \/>\n<link rel=\"canonical\" href=\"https:\/\/woedonline.nl\/fr\/shop\/toutes-les-capsules\/snapback-fr\/snapback-lei-melendres\/\" \/>\n<meta property=\"og:locale\" content=\"fr_FR\" \/>\n<meta property=\"og:type\" content=\"article\" \/>\n<meta property=\"og:title\" content=\"Snapback | Lei Melendres - Woed\" \/>\n<meta property=\"og:description\" content=\"D\u00e9couvrez la fusion parfaite du style, du confort et de l&#039;art avec notre Snapback Woed, un chef-d&#039;\u0153uvre cr\u00e9\u00e9 en collaboration avec le c\u00e9l\u00e8bre artiste de doodle et illustrateur philippin Ted Leonid &quot;Lei&quot; Melendres.\" \/>\n<meta property=\"og:url\" content=\"https:\/\/woedonline.nl\/fr\/shop\/toutes-les-capsules\/snapback-fr\/snapback-lei-melendres\/\" \/>\n<meta property=\"og:site_name\" content=\"Woed\" \/>\n<meta property=\"article:publisher\" content=\"https:\/\/www.facebook.com\/Woedshop\/\" \/>\n<meta property=\"article:modified_time\" content=\"2026-04-17T12:05:50+00:00\" \/>\n<meta property=\"og:image\" content=\"https:\/\/woedonline.nl\/wp-content\/uploads\/2022\/12\/Woed-Lei-Melendres-2023-1.jpg\" \/>\n\t<meta property=\"og:image:width\" content=\"800\" \/>\n\t<meta property=\"og:image:height\" content=\"800\" \/>\n\t<meta property=\"og:image:type\" content=\"image\/jpeg\" \/>\n<meta name=\"twitter:card\" content=\"summary_large_image\" \/>\n<meta name=\"twitter:label1\" content=\"Dur\u00e9e de lecture estim\u00e9e\" \/>\n\t<meta name=\"twitter:data1\" content=\"1 minute\" \/>\n<script type=\"application\/ld+json\" class=\"yoast-schema-graph\">{\"@context\":\"https:\\\/\\\/schema.org\",\"@graph\":[{\"@type\":\"WebPage\",\"@id\":\"https:\\\/\\\/woedonline.nl\\\/fr\\\/shop\\\/toutes-les-capsules\\\/snapback-fr\\\/snapback-lei-melendres\\\/\",\"url\":\"https:\\\/\\\/woedonline.nl\\\/fr\\\/shop\\\/toutes-les-capsules\\\/snapback-fr\\\/snapback-lei-melendres\\\/\",\"name\":\"Snapback | Lei Melendres - Woed\",\"isPartOf\":{\"@id\":\"https:\\\/\\\/woedonline.nl\\\/fr\\\/#website\"},\"primaryImageOfPage\":{\"@id\":\"https:\\\/\\\/woedonline.nl\\\/fr\\\/shop\\\/toutes-les-capsules\\\/snapback-fr\\\/snapback-lei-melendres\\\/#primaryimage\"},\"image\":{\"@id\":\"https:\\\/\\\/woedonline.nl\\\/fr\\\/shop\\\/toutes-les-capsules\\\/snapback-fr\\\/snapback-lei-melendres\\\/#primaryimage\"},\"thumbnailUrl\":\"https:\\\/\\\/woedonline.nl\\\/wp-content\\\/uploads\\\/2022\\\/12\\\/Woed-Lei-Melendres-2023-1.jpg\",\"datePublished\":\"2024-09-21T10:18:53+00:00\",\"dateModified\":\"2026-04-17T12:05:50+00:00\",\"description\":\"D\u00e9couvrez la fusion parfaite du style, du confort et de l'art avec notre Snapback Woed, un chef-d'\u0153uvre cr\u00e9\u00e9 en collaboration avec le c\u00e9l\u00e8bre artiste de doodle et illustrateur philippin Ted Leonid \\\"Lei\\\" Melendres.\",\"breadcrumb\":{\"@id\":\"https:\\\/\\\/woedonline.nl\\\/fr\\\/shop\\\/toutes-les-capsules\\\/snapback-fr\\\/snapback-lei-melendres\\\/#breadcrumb\"},\"inLanguage\":\"fr-FR\",\"potentialAction\":[{\"@type\":\"ReadAction\",\"target\":[\"https:\\\/\\\/woedonline.nl\\\/fr\\\/shop\\\/toutes-les-capsules\\\/snapback-fr\\\/snapback-lei-melendres\\\/\"]}]},{\"@type\":\"ImageObject\",\"inLanguage\":\"fr-FR\",\"@id\":\"https:\\\/\\\/woedonline.nl\\\/fr\\\/shop\\\/toutes-les-capsules\\\/snapback-fr\\\/snapback-lei-melendres\\\/#primaryimage\",\"url\":\"https:\\\/\\\/woedonline.nl\\\/wp-content\\\/uploads\\\/2022\\\/12\\\/Woed-Lei-Melendres-2023-1.jpg\",\"contentUrl\":\"https:\\\/\\\/woedonline.nl\\\/wp-content\\\/uploads\\\/2022\\\/12\\\/Woed-Lei-Melendres-2023-1.jpg\",\"width\":800,\"height\":800,\"caption\":\"Snapback chanvre Lei Melendres 1\"},{\"@type\":\"BreadcrumbList\",\"@id\":\"https:\\\/\\\/woedonline.nl\\\/fr\\\/shop\\\/toutes-les-capsules\\\/snapback-fr\\\/snapback-lei-melendres\\\/#breadcrumb\",\"itemListElement\":[{\"@type\":\"ListItem\",\"position\":1,\"name\":\"Accueil\",\"item\":\"https:\\\/\\\/woedonline.nl\\\/fr\\\/\"},{\"@type\":\"ListItem\",\"position\":2,\"name\":\"Boutique\",\"item\":\"https:\\\/\\\/woedonline.nl\\\/fr\\\/boutique\\\/\"},{\"@type\":\"ListItem\",\"position\":3,\"name\":\"Snapback | Lei Melendres\"}]},{\"@type\":\"WebSite\",\"@id\":\"https:\\\/\\\/woedonline.nl\\\/fr\\\/#website\",\"url\":\"https:\\\/\\\/woedonline.nl\\\/fr\\\/\",\"name\":\"Woed\",\"description\":\"Kurk petten, houten horloges en houten zonnebrillen\",\"publisher\":{\"@id\":\"https:\\\/\\\/woedonline.nl\\\/fr\\\/#organization\"},\"alternateName\":\"W\",\"potentialAction\":[{\"@type\":\"SearchAction\",\"target\":{\"@type\":\"EntryPoint\",\"urlTemplate\":\"https:\\\/\\\/woedonline.nl\\\/fr\\\/?s={search_term_string}\"},\"query-input\":{\"@type\":\"PropertyValueSpecification\",\"valueRequired\":true,\"valueName\":\"search_term_string\"}}],\"inLanguage\":\"fr-FR\"},{\"@type\":\"Organization\",\"@id\":\"https:\\\/\\\/woedonline.nl\\\/fr\\\/#organization\",\"name\":\"Woed\",\"alternateName\":\"W\",\"url\":\"https:\\\/\\\/woedonline.nl\\\/fr\\\/\",\"logo\":{\"@type\":\"ImageObject\",\"inLanguage\":\"fr-FR\",\"@id\":\"https:\\\/\\\/woedonline.nl\\\/fr\\\/#\\\/schema\\\/logo\\\/image\\\/\",\"url\":\"https:\\\/\\\/woedonline.nl\\\/wp-content\\\/uploads\\\/2016\\\/05\\\/Wood-logo-name-png.png\",\"contentUrl\":\"https:\\\/\\\/woedonline.nl\\\/wp-content\\\/uploads\\\/2016\\\/05\\\/Wood-logo-name-png.png\",\"width\":250,\"height\":89,\"caption\":\"Woed\"},\"image\":{\"@id\":\"https:\\\/\\\/woedonline.nl\\\/fr\\\/#\\\/schema\\\/logo\\\/image\\\/\"},\"sameAs\":[\"https:\\\/\\\/www.facebook.com\\\/Woedshop\\\/\",\"https:\\\/\\\/www.instagram.com\\\/woed.eu\"]}]}<\/script>\n<!-- \/ Yoast SEO plugin. -->","yoast_head_json":{"title":"Snapback | Lei Melendres - Woed","description":"D\u00e9couvrez la fusion parfaite du style, du confort et de l'art avec notre Snapback Woed, un chef-d'\u0153uvre cr\u00e9\u00e9 en collaboration avec le c\u00e9l\u00e8bre artiste de doodle et illustrateur philippin Ted Leonid \"Lei\" Melendres.","robots":{"index":"index","follow":"follow","max-snippet":"max-snippet:-1","max-image-preview":"max-image-preview:large","max-video-preview":"max-video-preview:-1"},"canonical":"https:\/\/woedonline.nl\/fr\/shop\/toutes-les-capsules\/snapback-fr\/snapback-lei-melendres\/","og_locale":"fr_FR","og_type":"article","og_title":"Snapback | Lei Melendres - Woed","og_description":"D\u00e9couvrez la fusion parfaite du style, du confort et de l'art avec notre Snapback Woed, un chef-d'\u0153uvre cr\u00e9\u00e9 en collaboration avec le c\u00e9l\u00e8bre artiste de doodle et illustrateur philippin Ted Leonid \"Lei\" Melendres.","og_url":"https:\/\/woedonline.nl\/fr\/shop\/toutes-les-capsules\/snapback-fr\/snapback-lei-melendres\/","og_site_name":"Woed","article_publisher":"https:\/\/www.facebook.com\/Woedshop\/","article_modified_time":"2026-04-17T12:05:50+00:00","og_image":[{"width":800,"height":800,"url":"https:\/\/woedonline.nl\/wp-content\/uploads\/2022\/12\/Woed-Lei-Melendres-2023-1.jpg","type":"image\/jpeg"}],"twitter_card":"summary_large_image","twitter_misc":{"Dur\u00e9e de lecture estim\u00e9e":"1 minute"},"schema":{"@context":"https:\/\/schema.org","@graph":[{"@type":"WebPage","@id":"https:\/\/woedonline.nl\/fr\/shop\/toutes-les-capsules\/snapback-fr\/snapback-lei-melendres\/","url":"https:\/\/woedonline.nl\/fr\/shop\/toutes-les-capsules\/snapback-fr\/snapback-lei-melendres\/","name":"Snapback | Lei Melendres - Woed","isPartOf":{"@id":"https:\/\/woedonline.nl\/fr\/#website"},"primaryImageOfPage":{"@id":"https:\/\/woedonline.nl\/fr\/shop\/toutes-les-capsules\/snapback-fr\/snapback-lei-melendres\/#primaryimage"},"image":{"@id":"https:\/\/woedonline.nl\/fr\/shop\/toutes-les-capsules\/snapback-fr\/snapback-lei-melendres\/#primaryimage"},"thumbnailUrl":"https:\/\/woedonline.nl\/wp-content\/uploads\/2022\/12\/Woed-Lei-Melendres-2023-1.jpg","datePublished":"2024-09-21T10:18:53+00:00","dateModified":"2026-04-17T12:05:50+00:00","description":"D\u00e9couvrez la fusion parfaite du style, du confort et de l'art avec notre Snapback Woed, un chef-d'\u0153uvre cr\u00e9\u00e9 en collaboration avec le c\u00e9l\u00e8bre artiste de doodle et illustrateur philippin Ted Leonid \"Lei\" Melendres.","breadcrumb":{"@id":"https:\/\/woedonline.nl\/fr\/shop\/toutes-les-capsules\/snapback-fr\/snapback-lei-melendres\/#breadcrumb"},"inLanguage":"fr-FR","potentialAction":[{"@type":"ReadAction","target":["https:\/\/woedonline.nl\/fr\/shop\/toutes-les-capsules\/snapback-fr\/snapback-lei-melendres\/"]}]},{"@type":"ImageObject","inLanguage":"fr-FR","@id":"https:\/\/woedonline.nl\/fr\/shop\/toutes-les-capsules\/snapback-fr\/snapback-lei-melendres\/#primaryimage","url":"https:\/\/woedonline.nl\/wp-content\/uploads\/2022\/12\/Woed-Lei-Melendres-2023-1.jpg","contentUrl":"https:\/\/woedonline.nl\/wp-content\/uploads\/2022\/12\/Woed-Lei-Melendres-2023-1.jpg","width":800,"height":800,"caption":"Snapback chanvre Lei Melendres 1"},{"@type":"BreadcrumbList","@id":"https:\/\/woedonline.nl\/fr\/shop\/toutes-les-capsules\/snapback-fr\/snapback-lei-melendres\/#breadcrumb","itemListElement":[{"@type":"ListItem","position":1,"name":"Accueil","item":"https:\/\/woedonline.nl\/fr\/"},{"@type":"ListItem","position":2,"name":"Boutique","item":"https:\/\/woedonline.nl\/fr\/boutique\/"},{"@type":"ListItem","position":3,"name":"Snapback | Lei Melendres"}]},{"@type":"WebSite","@id":"https:\/\/woedonline.nl\/fr\/#website","url":"https:\/\/woedonline.nl\/fr\/","name":"Woed","description":"Kurk petten, houten horloges en houten zonnebrillen","publisher":{"@id":"https:\/\/woedonline.nl\/fr\/#organization"},"alternateName":"W","potentialAction":[{"@type":"SearchAction","target":{"@type":"EntryPoint","urlTemplate":"https:\/\/woedonline.nl\/fr\/?s={search_term_string}"},"query-input":{"@type":"PropertyValueSpecification","valueRequired":true,"valueName":"search_term_string"}}],"inLanguage":"fr-FR"},{"@type":"Organization","@id":"https:\/\/woedonline.nl\/fr\/#organization","name":"Woed","alternateName":"W","url":"https:\/\/woedonline.nl\/fr\/","logo":{"@type":"ImageObject","inLanguage":"fr-FR","@id":"https:\/\/woedonline.nl\/fr\/#\/schema\/logo\/image\/","url":"https:\/\/woedonline.nl\/wp-content\/uploads\/2016\/05\/Wood-logo-name-png.png","contentUrl":"https:\/\/woedonline.nl\/wp-content\/uploads\/2016\/05\/Wood-logo-name-png.png","width":250,"height":89,"caption":"Woed"},"image":{"@id":"https:\/\/woedonline.nl\/fr\/#\/schema\/logo\/image\/"},"sameAs":["https:\/\/www.facebook.com\/Woedshop\/","https:\/\/www.instagram.com\/woed.eu"]}]}},"_links":{"self":[{"href":"https:\/\/woedonline.nl\/fr\/wp-json\/wp\/v2\/product\/327260","targetHints":{"allow":["GET"]}}],"collection":[{"href":"https:\/\/woedonline.nl\/fr\/wp-json\/wp\/v2\/product"}],"about":[{"href":"https:\/\/woedonline.nl\/fr\/wp-json\/wp\/v2\/types\/product"}],"replies":[{"embeddable":true,"href":"https:\/\/woedonline.nl\/fr\/wp-json\/wp\/v2\/comments?post=327260"}],"wp:featuredmedia":[{"embeddable":true,"href":"https:\/\/woedonline.nl\/fr\/wp-json\/wp\/v2\/media\/331290"}],"wp:attachment":[{"href":"https:\/\/woedonline.nl\/fr\/wp-json\/wp\/v2\/media?parent=327260"}],"wp:term":[{"taxonomy":"product_brand","embeddable":true,"href":"https:\/\/woedonline.nl\/fr\/wp-json\/wp\/v2\/product_brand?post=327260"},{"taxonomy":"product_cat","embeddable":true,"href":"https:\/\/woedonline.nl\/fr\/wp-json\/wp\/v2\/product_cat?post=327260"},{"taxonomy":"product_tag","embeddable":true,"href":"https:\/\/woedonline.nl\/fr\/wp-json\/wp\/v2\/product_tag?post=327260"}],"curies":[{"name":"wp","href":"https:\/\/api.w.org\/{rel}","templated":true}]}}