{"id":326069,"date":"2020-11-16T15:15:27","date_gmt":"2020-11-16T14:15:27","guid":{"rendered":"https:\/\/woedonline.nl\/?post_type=product&#038;p=326069"},"modified":"2025-10-22T10:47:11","modified_gmt":"2025-10-22T08:47:11","slug":"montre-en-bois-48mm-premium-okernut","status":"publish","type":"product","link":"https:\/\/woedonline.nl\/fr\/shop\/montres-en-bois\/premium-fr\/montre-en-bois-48mm-premium-okernut\/","title":{"rendered":"Montre en bois | 48mm | Premium | Okkernut"},"content":{"rendered":"<p>Le noyer fait partie de la famille des noyers, avec le noyer et la noix. Pour la distinguer du genre Juglans, qui est aussi appel\u00e9 noix, les esp\u00e8ces sont aussi d\u00e9sign\u00e9es en entier comme noix commune ou noix de Perse. <\/p>\n<p>Belle montre tout en bois, fabriqu\u00e9e en bois de noyer. La montre a une \u00e9paisseur de 13 mm et une largeur de 48 mm. La montre fait partie de la cat\u00e9gorie Woed Premium watches. Le m\u00e9canisme de la montre est un mouvement multifonctionnel, ce qui signifie que toutes les mains travaillent ! Le poids de la montre est de 63 grammes.    <\/p>\n","protected":false},"excerpt":{"rendered":"<p>\u2714Premium execution ! \u2714Including luxury gift box \u2714100% real wood \u2714Multi-Function Movement \u271448mm (uni sex model) \u2714Watch thickness : 13 mm \u2714Watch band width : 24 mm \u2714Weight : 63 grams<\/p>\n","protected":false},"featured_media":384065,"comment_status":"open","ping_status":"closed","template":"","meta":[],"product_brand":[],"product_cat":[468,759],"product_tag":[591,758],"class_list":{"0":"post-326069","1":"product","2":"type-product","3":"status-publish","4":"has-post-thumbnail","6":"product_cat-montres-en-bois","7":"product_cat-premium-fr","8":"product_tag-montre-en-bois","9":"product_tag-premium-fr","10":"product_shipping_class-armbanden-horloge-zonnebrillen-fr","12":"first","13":"instock","14":"taxable","15":"shipping-taxable","16":"purchasable","17":"product-type-simple"},"yoast_head":"<!-- This site is optimized with the Yoast SEO plugin v27.4 - https:\/\/yoast.com\/product\/yoast-seo-wordpress\/ -->\n<title>Montre en bois | 48mm | Premium | Okkernut - Woed<\/title>\n<meta name=\"description\" content=\"Le noyer fait partie de la famille des noyers, avec le noyer et la noix. Pour la distinguer du genre Juglans, qui est aussi appel\u00e9 noix, les esp\u00e8ces sont aussi d\u00e9sign\u00e9es en entier comme noix commune ou noix de Perse.\" \/>\n<meta name=\"robots\" content=\"index, follow, max-snippet:-1, max-image-preview:large, max-video-preview:-1\" \/>\n<link rel=\"canonical\" href=\"https:\/\/woedonline.nl\/fr\/shop\/montres-en-bois\/premium-fr\/montre-en-bois-48mm-premium-okernut\/\" \/>\n<meta property=\"og:locale\" content=\"fr_FR\" \/>\n<meta property=\"og:type\" content=\"article\" \/>\n<meta property=\"og:title\" content=\"Montre en bois | 48mm | Premium | Okkernut - Woed\" \/>\n<meta property=\"og:description\" content=\"Le noyer fait partie de la famille des noyers, avec le noyer et la noix. Pour la distinguer du genre Juglans, qui est aussi appel\u00e9 noix, les esp\u00e8ces sont aussi d\u00e9sign\u00e9es en entier comme noix commune ou noix de Perse.\" \/>\n<meta property=\"og:url\" content=\"https:\/\/woedonline.nl\/fr\/shop\/montres-en-bois\/premium-fr\/montre-en-bois-48mm-premium-okernut\/\" \/>\n<meta property=\"og:site_name\" content=\"Woed\" \/>\n<meta property=\"article:publisher\" content=\"https:\/\/www.facebook.com\/Woedshop\/\" \/>\n<meta property=\"article:modified_time\" content=\"2025-10-22T08:47:11+00:00\" \/>\n<meta property=\"og:image\" content=\"https:\/\/woedonline.nl\/wp-content\/uploads\/2022\/11\/Okkernoot-BOL.jpg\" \/>\n\t<meta property=\"og:image:width\" content=\"1000\" \/>\n\t<meta property=\"og:image:height\" content=\"1000\" \/>\n\t<meta property=\"og:image:type\" content=\"image\/jpeg\" \/>\n<meta name=\"twitter:card\" content=\"summary_large_image\" \/>\n<meta name=\"twitter:label1\" content=\"Dur\u00e9e de lecture estim\u00e9e\" \/>\n\t<meta name=\"twitter:data1\" content=\"1 minute\" \/>\n<script type=\"application\/ld+json\" class=\"yoast-schema-graph\">{\"@context\":\"https:\\\/\\\/schema.org\",\"@graph\":[{\"@type\":\"WebPage\",\"@id\":\"https:\\\/\\\/woedonline.nl\\\/fr\\\/shop\\\/montres-en-bois\\\/premium-fr\\\/montre-en-bois-48mm-premium-okernut\\\/\",\"url\":\"https:\\\/\\\/woedonline.nl\\\/fr\\\/shop\\\/montres-en-bois\\\/premium-fr\\\/montre-en-bois-48mm-premium-okernut\\\/\",\"name\":\"Montre en bois | 48mm | Premium | Okkernut - Woed\",\"isPartOf\":{\"@id\":\"https:\\\/\\\/woedonline.nl\\\/fr\\\/#website\"},\"primaryImageOfPage\":{\"@id\":\"https:\\\/\\\/woedonline.nl\\\/fr\\\/shop\\\/montres-en-bois\\\/premium-fr\\\/montre-en-bois-48mm-premium-okernut\\\/#primaryimage\"},\"image\":{\"@id\":\"https:\\\/\\\/woedonline.nl\\\/fr\\\/shop\\\/montres-en-bois\\\/premium-fr\\\/montre-en-bois-48mm-premium-okernut\\\/#primaryimage\"},\"thumbnailUrl\":\"https:\\\/\\\/woedonline.nl\\\/wp-content\\\/uploads\\\/2022\\\/11\\\/Okkernoot-BOL.jpg\",\"datePublished\":\"2020-11-16T14:15:27+00:00\",\"dateModified\":\"2025-10-22T08:47:11+00:00\",\"description\":\"Le noyer fait partie de la famille des noyers, avec le noyer et la noix. Pour la distinguer du genre Juglans, qui est aussi appel\u00e9 noix, les esp\u00e8ces sont aussi d\u00e9sign\u00e9es en entier comme noix commune ou noix de Perse.\",\"breadcrumb\":{\"@id\":\"https:\\\/\\\/woedonline.nl\\\/fr\\\/shop\\\/montres-en-bois\\\/premium-fr\\\/montre-en-bois-48mm-premium-okernut\\\/#breadcrumb\"},\"inLanguage\":\"fr-FR\",\"potentialAction\":[{\"@type\":\"ReadAction\",\"target\":[\"https:\\\/\\\/woedonline.nl\\\/fr\\\/shop\\\/montres-en-bois\\\/premium-fr\\\/montre-en-bois-48mm-premium-okernut\\\/\"]}]},{\"@type\":\"ImageObject\",\"inLanguage\":\"fr-FR\",\"@id\":\"https:\\\/\\\/woedonline.nl\\\/fr\\\/shop\\\/montres-en-bois\\\/premium-fr\\\/montre-en-bois-48mm-premium-okernut\\\/#primaryimage\",\"url\":\"https:\\\/\\\/woedonline.nl\\\/wp-content\\\/uploads\\\/2022\\\/11\\\/Okkernoot-BOL.jpg\",\"contentUrl\":\"https:\\\/\\\/woedonline.nl\\\/wp-content\\\/uploads\\\/2022\\\/11\\\/Okkernoot-BOL.jpg\",\"width\":1000,\"height\":1000},{\"@type\":\"BreadcrumbList\",\"@id\":\"https:\\\/\\\/woedonline.nl\\\/fr\\\/shop\\\/montres-en-bois\\\/premium-fr\\\/montre-en-bois-48mm-premium-okernut\\\/#breadcrumb\",\"itemListElement\":[{\"@type\":\"ListItem\",\"position\":1,\"name\":\"Accueil\",\"item\":\"https:\\\/\\\/woedonline.nl\\\/fr\\\/\"},{\"@type\":\"ListItem\",\"position\":2,\"name\":\"Boutique\",\"item\":\"https:\\\/\\\/woedonline.nl\\\/fr\\\/boutique\\\/\"},{\"@type\":\"ListItem\",\"position\":3,\"name\":\"Montre en bois | 48mm | Premium | Okkernut\"}]},{\"@type\":\"WebSite\",\"@id\":\"https:\\\/\\\/woedonline.nl\\\/fr\\\/#website\",\"url\":\"https:\\\/\\\/woedonline.nl\\\/fr\\\/\",\"name\":\"Woed\",\"description\":\"Kurk petten, houten horloges en houten zonnebrillen\",\"publisher\":{\"@id\":\"https:\\\/\\\/woedonline.nl\\\/fr\\\/#organization\"},\"alternateName\":\"W\",\"potentialAction\":[{\"@type\":\"SearchAction\",\"target\":{\"@type\":\"EntryPoint\",\"urlTemplate\":\"https:\\\/\\\/woedonline.nl\\\/fr\\\/?s={search_term_string}\"},\"query-input\":{\"@type\":\"PropertyValueSpecification\",\"valueRequired\":true,\"valueName\":\"search_term_string\"}}],\"inLanguage\":\"fr-FR\"},{\"@type\":\"Organization\",\"@id\":\"https:\\\/\\\/woedonline.nl\\\/fr\\\/#organization\",\"name\":\"Woed\",\"alternateName\":\"W\",\"url\":\"https:\\\/\\\/woedonline.nl\\\/fr\\\/\",\"logo\":{\"@type\":\"ImageObject\",\"inLanguage\":\"fr-FR\",\"@id\":\"https:\\\/\\\/woedonline.nl\\\/fr\\\/#\\\/schema\\\/logo\\\/image\\\/\",\"url\":\"https:\\\/\\\/woedonline.nl\\\/wp-content\\\/uploads\\\/2016\\\/05\\\/Wood-logo-name-png.png\",\"contentUrl\":\"https:\\\/\\\/woedonline.nl\\\/wp-content\\\/uploads\\\/2016\\\/05\\\/Wood-logo-name-png.png\",\"width\":250,\"height\":89,\"caption\":\"Woed\"},\"image\":{\"@id\":\"https:\\\/\\\/woedonline.nl\\\/fr\\\/#\\\/schema\\\/logo\\\/image\\\/\"},\"sameAs\":[\"https:\\\/\\\/www.facebook.com\\\/Woedshop\\\/\",\"https:\\\/\\\/www.instagram.com\\\/woed.eu\"]}]}<\/script>\n<!-- \/ Yoast SEO plugin. -->","yoast_head_json":{"title":"Montre en bois | 48mm | Premium | Okkernut - Woed","description":"Le noyer fait partie de la famille des noyers, avec le noyer et la noix. Pour la distinguer du genre Juglans, qui est aussi appel\u00e9 noix, les esp\u00e8ces sont aussi d\u00e9sign\u00e9es en entier comme noix commune ou noix de Perse.","robots":{"index":"index","follow":"follow","max-snippet":"max-snippet:-1","max-image-preview":"max-image-preview:large","max-video-preview":"max-video-preview:-1"},"canonical":"https:\/\/woedonline.nl\/fr\/shop\/montres-en-bois\/premium-fr\/montre-en-bois-48mm-premium-okernut\/","og_locale":"fr_FR","og_type":"article","og_title":"Montre en bois | 48mm | Premium | Okkernut - Woed","og_description":"Le noyer fait partie de la famille des noyers, avec le noyer et la noix. Pour la distinguer du genre Juglans, qui est aussi appel\u00e9 noix, les esp\u00e8ces sont aussi d\u00e9sign\u00e9es en entier comme noix commune ou noix de Perse.","og_url":"https:\/\/woedonline.nl\/fr\/shop\/montres-en-bois\/premium-fr\/montre-en-bois-48mm-premium-okernut\/","og_site_name":"Woed","article_publisher":"https:\/\/www.facebook.com\/Woedshop\/","article_modified_time":"2025-10-22T08:47:11+00:00","og_image":[{"width":1000,"height":1000,"url":"https:\/\/woedonline.nl\/wp-content\/uploads\/2022\/11\/Okkernoot-BOL.jpg","type":"image\/jpeg"}],"twitter_card":"summary_large_image","twitter_misc":{"Dur\u00e9e de lecture estim\u00e9e":"1 minute"},"schema":{"@context":"https:\/\/schema.org","@graph":[{"@type":"WebPage","@id":"https:\/\/woedonline.nl\/fr\/shop\/montres-en-bois\/premium-fr\/montre-en-bois-48mm-premium-okernut\/","url":"https:\/\/woedonline.nl\/fr\/shop\/montres-en-bois\/premium-fr\/montre-en-bois-48mm-premium-okernut\/","name":"Montre en bois | 48mm | Premium | Okkernut - Woed","isPartOf":{"@id":"https:\/\/woedonline.nl\/fr\/#website"},"primaryImageOfPage":{"@id":"https:\/\/woedonline.nl\/fr\/shop\/montres-en-bois\/premium-fr\/montre-en-bois-48mm-premium-okernut\/#primaryimage"},"image":{"@id":"https:\/\/woedonline.nl\/fr\/shop\/montres-en-bois\/premium-fr\/montre-en-bois-48mm-premium-okernut\/#primaryimage"},"thumbnailUrl":"https:\/\/woedonline.nl\/wp-content\/uploads\/2022\/11\/Okkernoot-BOL.jpg","datePublished":"2020-11-16T14:15:27+00:00","dateModified":"2025-10-22T08:47:11+00:00","description":"Le noyer fait partie de la famille des noyers, avec le noyer et la noix. Pour la distinguer du genre Juglans, qui est aussi appel\u00e9 noix, les esp\u00e8ces sont aussi d\u00e9sign\u00e9es en entier comme noix commune ou noix de Perse.","breadcrumb":{"@id":"https:\/\/woedonline.nl\/fr\/shop\/montres-en-bois\/premium-fr\/montre-en-bois-48mm-premium-okernut\/#breadcrumb"},"inLanguage":"fr-FR","potentialAction":[{"@type":"ReadAction","target":["https:\/\/woedonline.nl\/fr\/shop\/montres-en-bois\/premium-fr\/montre-en-bois-48mm-premium-okernut\/"]}]},{"@type":"ImageObject","inLanguage":"fr-FR","@id":"https:\/\/woedonline.nl\/fr\/shop\/montres-en-bois\/premium-fr\/montre-en-bois-48mm-premium-okernut\/#primaryimage","url":"https:\/\/woedonline.nl\/wp-content\/uploads\/2022\/11\/Okkernoot-BOL.jpg","contentUrl":"https:\/\/woedonline.nl\/wp-content\/uploads\/2022\/11\/Okkernoot-BOL.jpg","width":1000,"height":1000},{"@type":"BreadcrumbList","@id":"https:\/\/woedonline.nl\/fr\/shop\/montres-en-bois\/premium-fr\/montre-en-bois-48mm-premium-okernut\/#breadcrumb","itemListElement":[{"@type":"ListItem","position":1,"name":"Accueil","item":"https:\/\/woedonline.nl\/fr\/"},{"@type":"ListItem","position":2,"name":"Boutique","item":"https:\/\/woedonline.nl\/fr\/boutique\/"},{"@type":"ListItem","position":3,"name":"Montre en bois | 48mm | Premium | Okkernut"}]},{"@type":"WebSite","@id":"https:\/\/woedonline.nl\/fr\/#website","url":"https:\/\/woedonline.nl\/fr\/","name":"Woed","description":"Kurk petten, houten horloges en houten zonnebrillen","publisher":{"@id":"https:\/\/woedonline.nl\/fr\/#organization"},"alternateName":"W","potentialAction":[{"@type":"SearchAction","target":{"@type":"EntryPoint","urlTemplate":"https:\/\/woedonline.nl\/fr\/?s={search_term_string}"},"query-input":{"@type":"PropertyValueSpecification","valueRequired":true,"valueName":"search_term_string"}}],"inLanguage":"fr-FR"},{"@type":"Organization","@id":"https:\/\/woedonline.nl\/fr\/#organization","name":"Woed","alternateName":"W","url":"https:\/\/woedonline.nl\/fr\/","logo":{"@type":"ImageObject","inLanguage":"fr-FR","@id":"https:\/\/woedonline.nl\/fr\/#\/schema\/logo\/image\/","url":"https:\/\/woedonline.nl\/wp-content\/uploads\/2016\/05\/Wood-logo-name-png.png","contentUrl":"https:\/\/woedonline.nl\/wp-content\/uploads\/2016\/05\/Wood-logo-name-png.png","width":250,"height":89,"caption":"Woed"},"image":{"@id":"https:\/\/woedonline.nl\/fr\/#\/schema\/logo\/image\/"},"sameAs":["https:\/\/www.facebook.com\/Woedshop\/","https:\/\/www.instagram.com\/woed.eu"]}]}},"_links":{"self":[{"href":"https:\/\/woedonline.nl\/fr\/wp-json\/wp\/v2\/product\/326069","targetHints":{"allow":["GET"]}}],"collection":[{"href":"https:\/\/woedonline.nl\/fr\/wp-json\/wp\/v2\/product"}],"about":[{"href":"https:\/\/woedonline.nl\/fr\/wp-json\/wp\/v2\/types\/product"}],"replies":[{"embeddable":true,"href":"https:\/\/woedonline.nl\/fr\/wp-json\/wp\/v2\/comments?post=326069"}],"wp:featuredmedia":[{"embeddable":true,"href":"https:\/\/woedonline.nl\/fr\/wp-json\/wp\/v2\/media\/384065"}],"wp:attachment":[{"href":"https:\/\/woedonline.nl\/fr\/wp-json\/wp\/v2\/media?parent=326069"}],"wp:term":[{"taxonomy":"product_brand","embeddable":true,"href":"https:\/\/woedonline.nl\/fr\/wp-json\/wp\/v2\/product_brand?post=326069"},{"taxonomy":"product_cat","embeddable":true,"href":"https:\/\/woedonline.nl\/fr\/wp-json\/wp\/v2\/product_cat?post=326069"},{"taxonomy":"product_tag","embeddable":true,"href":"https:\/\/woedonline.nl\/fr\/wp-json\/wp\/v2\/product_tag?post=326069"}],"curies":[{"name":"wp","href":"https:\/\/api.w.org\/{rel}","templated":true}]}}