{"id":324110,"date":"2022-05-19T10:07:41","date_gmt":"2022-05-19T08:07:41","guid":{"rendered":"https:\/\/woedonline.nl\/shop\/non%20class\u00e9\/lunettes-de-soleil-rondes-rhodonite\/"},"modified":"2025-10-22T10:45:56","modified_gmt":"2025-10-22T08:45:56","slug":"lunettes-de-soleil-rondes-rhodonite","status":"publish","type":"product","link":"https:\/\/woedonline.nl\/fr\/shop\/lunettes-de-soleil-en-bois\/oeil-de-chat\/lunettes-de-soleil-rondes-rhodonite\/","title":{"rendered":"Lunettes de soleil Cat Eye | Rhodonite"},"content":{"rendered":"<div>Les lunettes de soleil \u0153il de chat en rhodonite de Woed incarnent une fusion parfaite entre l&rsquo;\u00e9l\u00e9gance intemporelle et le flair contemporain, ce qui en fait un accessoire essentiel pour tous ceux qui aiment la mode. Les lunettes de soleil, avec leurs verres rose p\u00e2le caract\u00e9ristiques, exsudent la f\u00e9minit\u00e9 tout en offrant une vision claire, id\u00e9ale pour toutes les occasions, des explorations urbaines aux journ\u00e9es de d\u00e9tente \u00e0 la plage. <\/div>\n<div><\/div>\n<div>La monture, fabriqu\u00e9e en plastique rose p\u00e2le translucide de haute qualit\u00e9, est l\u00e9g\u00e8re et durable, tandis que la forme \u0153il de chat ajoute un glamour intemporel qui met en valeur les traits du visage et convient \u00e0 une vari\u00e9t\u00e9 de formes de visage. Les ressorts en bambou ajoutent non seulement une touche naturelle, mais soulignent \u00e9galement la nature \u00e9cologique du design. <\/div>\n<div><\/div>\n<div>Outre le style, les lunettes de soleil Rhodonite mettent l&rsquo;accent sur la sant\u00e9 des yeux en offrant une protection contre les UV400. Il bloque les rayons UVA et UVB nocifs. <\/div>\n","protected":false},"excerpt":{"rendered":"<p>\u2714Pour elle \u2714100% de mat\u00e9riaux naturels \u2714R\u00e9sistant aux \u00e9claboussures \u2714L\u00e9ger et confortable \u2714Pied en bambou v\u00e9ritable \u2714Umpplest protection par des lunettes polarisantes UV-400 \u2714Pochette de rangement incluse<\/p>\n","protected":false},"featured_media":322397,"comment_status":"open","ping_status":"closed","template":"","meta":[],"product_brand":[],"product_cat":[816,1026],"product_tag":[628,597,549],"class_list":{"0":"post-324110","1":"product","2":"type-product","3":"status-publish","4":"has-post-thumbnail","6":"product_cat-lunettes-de-soleil-en-bois","7":"product_cat-oeil-de-chat","8":"product_tag-autour-de","9":"product_tag-la-fete-des-meres","10":"product_tag-lunettes-de-soleil","11":"product_shipping_class-armbanden-horloge-zonnebrillen-fr","13":"first","14":"instock","15":"taxable","16":"shipping-taxable","17":"purchasable","18":"product-type-simple"},"yoast_head":"<!-- This site is optimized with the Yoast SEO plugin v27.5 - https:\/\/yoast.com\/product\/yoast-seo-wordpress\/ -->\n<title>Lunettes de soleil rondes en bois | Rhodonite - 24,95 - Woed<\/title>\n<meta name=\"description\" content=\"Chez WOED, nous croyons au pouvoir de la simplicit\u00e9 : des mat\u00e9riaux 100% naturels, fabriqu\u00e9s avec amour et joie, sp\u00e9cialement pour vous. Pas d&#039;histoires \u00e9labor\u00e9es sur nous, parce que nous savons que vous voulez simplement acheter de superbes produits en bois. WOED, ce sont des cr\u00e9ations uniques, qui se balancent, que vous recevez rapidement et avec le sourire. Ce que vous voyez, c&#039;est ce que vous obtenez. Nous ne faisons pas corps avec la nature, mais nous avons les deux pieds sur terre. Nous ne sommes pas des d\u00e9fenseurs des arbres, mais nous aimons profond\u00e9ment le bois. Nos produits font de vous le patron de la piste de danse, que ce soit lors d&#039;un festival ou simplement \u00e0 la maison. Commandez d\u00e8s maintenant et d\u00e9couvrez les joies du bois avec WOED !\" \/>\n<meta name=\"robots\" content=\"index, follow, max-snippet:-1, max-image-preview:large, max-video-preview:-1\" \/>\n<link rel=\"canonical\" href=\"https:\/\/woedonline.nl\/fr\/shop\/lunettes-de-soleil-en-bois\/oeil-de-chat\/lunettes-de-soleil-rondes-rhodonite\/\" \/>\n<meta property=\"og:locale\" content=\"fr_FR\" \/>\n<meta property=\"og:type\" content=\"article\" \/>\n<meta property=\"og:title\" content=\"Lunettes de soleil rondes en bois | Rhodonite - 24,95 - Woed\" \/>\n<meta property=\"og:description\" content=\"Chez WOED, nous croyons au pouvoir de la simplicit\u00e9 : des mat\u00e9riaux 100% naturels, fabriqu\u00e9s avec amour et joie, sp\u00e9cialement pour vous. Pas d&#039;histoires \u00e9labor\u00e9es sur nous, parce que nous savons que vous voulez simplement acheter de superbes produits en bois. WOED, ce sont des cr\u00e9ations uniques, qui se balancent, que vous recevez rapidement et avec le sourire. Ce que vous voyez, c&#039;est ce que vous obtenez. Nous ne faisons pas corps avec la nature, mais nous avons les deux pieds sur terre. Nous ne sommes pas des d\u00e9fenseurs des arbres, mais nous aimons profond\u00e9ment le bois. Nos produits font de vous le patron de la piste de danse, que ce soit lors d&#039;un festival ou simplement \u00e0 la maison. Commandez d\u00e8s maintenant et d\u00e9couvrez les joies du bois avec WOED !\" \/>\n<meta property=\"og:url\" content=\"https:\/\/woedonline.nl\/fr\/shop\/lunettes-de-soleil-en-bois\/oeil-de-chat\/lunettes-de-soleil-rondes-rhodonite\/\" \/>\n<meta property=\"og:site_name\" content=\"Woed\" \/>\n<meta property=\"article:publisher\" content=\"https:\/\/www.facebook.com\/Woedshop\/\" \/>\n<meta property=\"article:modified_time\" content=\"2025-10-22T08:45:56+00:00\" \/>\n<meta property=\"og:image\" content=\"https:\/\/woedonline.nl\/wp-content\/uploads\/2022\/05\/Woed-zonnebril-Rhodonite.jpg\" \/>\n\t<meta property=\"og:image:width\" content=\"1000\" \/>\n\t<meta property=\"og:image:height\" content=\"1000\" \/>\n\t<meta property=\"og:image:type\" content=\"image\/jpeg\" \/>\n<meta name=\"twitter:card\" content=\"summary_large_image\" \/>\n<meta name=\"twitter:label1\" content=\"Dur\u00e9e de lecture estim\u00e9e\" \/>\n\t<meta name=\"twitter:data1\" content=\"1 minute\" \/>\n<script type=\"application\/ld+json\" class=\"yoast-schema-graph\">{\"@context\":\"https:\\\/\\\/schema.org\",\"@graph\":[{\"@type\":\"WebPage\",\"@id\":\"https:\\\/\\\/woedonline.nl\\\/fr\\\/shop\\\/lunettes-de-soleil-en-bois\\\/oeil-de-chat\\\/lunettes-de-soleil-rondes-rhodonite\\\/\",\"url\":\"https:\\\/\\\/woedonline.nl\\\/fr\\\/shop\\\/lunettes-de-soleil-en-bois\\\/oeil-de-chat\\\/lunettes-de-soleil-rondes-rhodonite\\\/\",\"name\":\"Lunettes de soleil rondes en bois | Rhodonite - 24,95 - Woed\",\"isPartOf\":{\"@id\":\"https:\\\/\\\/woedonline.nl\\\/fr\\\/#website\"},\"primaryImageOfPage\":{\"@id\":\"https:\\\/\\\/woedonline.nl\\\/fr\\\/shop\\\/lunettes-de-soleil-en-bois\\\/oeil-de-chat\\\/lunettes-de-soleil-rondes-rhodonite\\\/#primaryimage\"},\"image\":{\"@id\":\"https:\\\/\\\/woedonline.nl\\\/fr\\\/shop\\\/lunettes-de-soleil-en-bois\\\/oeil-de-chat\\\/lunettes-de-soleil-rondes-rhodonite\\\/#primaryimage\"},\"thumbnailUrl\":\"https:\\\/\\\/woedonline.nl\\\/wp-content\\\/uploads\\\/2022\\\/05\\\/Woed-zonnebril-Rhodonite.jpg\",\"datePublished\":\"2022-05-19T08:07:41+00:00\",\"dateModified\":\"2025-10-22T08:45:56+00:00\",\"description\":\"Chez WOED, nous croyons au pouvoir de la simplicit\u00e9 : des mat\u00e9riaux 100% naturels, fabriqu\u00e9s avec amour et joie, sp\u00e9cialement pour vous. Pas d'histoires \u00e9labor\u00e9es sur nous, parce que nous savons que vous voulez simplement acheter de superbes produits en bois. WOED, ce sont des cr\u00e9ations uniques, qui se balancent, que vous recevez rapidement et avec le sourire. Ce que vous voyez, c'est ce que vous obtenez. Nous ne faisons pas corps avec la nature, mais nous avons les deux pieds sur terre. Nous ne sommes pas des d\u00e9fenseurs des arbres, mais nous aimons profond\u00e9ment le bois. Nos produits font de vous le patron de la piste de danse, que ce soit lors d'un festival ou simplement \u00e0 la maison. Commandez d\u00e8s maintenant et d\u00e9couvrez les joies du bois avec WOED !\",\"breadcrumb\":{\"@id\":\"https:\\\/\\\/woedonline.nl\\\/fr\\\/shop\\\/lunettes-de-soleil-en-bois\\\/oeil-de-chat\\\/lunettes-de-soleil-rondes-rhodonite\\\/#breadcrumb\"},\"inLanguage\":\"fr-FR\",\"potentialAction\":[{\"@type\":\"ReadAction\",\"target\":[\"https:\\\/\\\/woedonline.nl\\\/fr\\\/shop\\\/lunettes-de-soleil-en-bois\\\/oeil-de-chat\\\/lunettes-de-soleil-rondes-rhodonite\\\/\"]}]},{\"@type\":\"ImageObject\",\"inLanguage\":\"fr-FR\",\"@id\":\"https:\\\/\\\/woedonline.nl\\\/fr\\\/shop\\\/lunettes-de-soleil-en-bois\\\/oeil-de-chat\\\/lunettes-de-soleil-rondes-rhodonite\\\/#primaryimage\",\"url\":\"https:\\\/\\\/woedonline.nl\\\/wp-content\\\/uploads\\\/2022\\\/05\\\/Woed-zonnebril-Rhodonite.jpg\",\"contentUrl\":\"https:\\\/\\\/woedonline.nl\\\/wp-content\\\/uploads\\\/2022\\\/05\\\/Woed-zonnebril-Rhodonite.jpg\",\"width\":1000,\"height\":1000},{\"@type\":\"BreadcrumbList\",\"@id\":\"https:\\\/\\\/woedonline.nl\\\/fr\\\/shop\\\/lunettes-de-soleil-en-bois\\\/oeil-de-chat\\\/lunettes-de-soleil-rondes-rhodonite\\\/#breadcrumb\",\"itemListElement\":[{\"@type\":\"ListItem\",\"position\":1,\"name\":\"Accueil\",\"item\":\"https:\\\/\\\/woedonline.nl\\\/fr\\\/\"},{\"@type\":\"ListItem\",\"position\":2,\"name\":\"Boutique\",\"item\":\"https:\\\/\\\/woedonline.nl\\\/fr\\\/boutique\\\/\"},{\"@type\":\"ListItem\",\"position\":3,\"name\":\"Lunettes de soleil Cat Eye | Rhodonite\"}]},{\"@type\":\"WebSite\",\"@id\":\"https:\\\/\\\/woedonline.nl\\\/fr\\\/#website\",\"url\":\"https:\\\/\\\/woedonline.nl\\\/fr\\\/\",\"name\":\"Woed\",\"description\":\"Kurk petten, houten horloges en houten zonnebrillen\",\"publisher\":{\"@id\":\"https:\\\/\\\/woedonline.nl\\\/fr\\\/#organization\"},\"alternateName\":\"W\",\"potentialAction\":[{\"@type\":\"SearchAction\",\"target\":{\"@type\":\"EntryPoint\",\"urlTemplate\":\"https:\\\/\\\/woedonline.nl\\\/fr\\\/?s={search_term_string}\"},\"query-input\":{\"@type\":\"PropertyValueSpecification\",\"valueRequired\":true,\"valueName\":\"search_term_string\"}}],\"inLanguage\":\"fr-FR\"},{\"@type\":\"Organization\",\"@id\":\"https:\\\/\\\/woedonline.nl\\\/fr\\\/#organization\",\"name\":\"Woed\",\"alternateName\":\"W\",\"url\":\"https:\\\/\\\/woedonline.nl\\\/fr\\\/\",\"logo\":{\"@type\":\"ImageObject\",\"inLanguage\":\"fr-FR\",\"@id\":\"https:\\\/\\\/woedonline.nl\\\/fr\\\/#\\\/schema\\\/logo\\\/image\\\/\",\"url\":\"https:\\\/\\\/woedonline.nl\\\/wp-content\\\/uploads\\\/2016\\\/05\\\/Wood-logo-name-png.png\",\"contentUrl\":\"https:\\\/\\\/woedonline.nl\\\/wp-content\\\/uploads\\\/2016\\\/05\\\/Wood-logo-name-png.png\",\"width\":250,\"height\":89,\"caption\":\"Woed\"},\"image\":{\"@id\":\"https:\\\/\\\/woedonline.nl\\\/fr\\\/#\\\/schema\\\/logo\\\/image\\\/\"},\"sameAs\":[\"https:\\\/\\\/www.facebook.com\\\/Woedshop\\\/\",\"https:\\\/\\\/www.instagram.com\\\/woed.eu\"]}]}<\/script>\n<!-- \/ Yoast SEO plugin. -->","yoast_head_json":{"title":"Lunettes de soleil rondes en bois | Rhodonite - 24,95 - Woed","description":"Chez WOED, nous croyons au pouvoir de la simplicit\u00e9 : des mat\u00e9riaux 100% naturels, fabriqu\u00e9s avec amour et joie, sp\u00e9cialement pour vous. Pas d'histoires \u00e9labor\u00e9es sur nous, parce que nous savons que vous voulez simplement acheter de superbes produits en bois. WOED, ce sont des cr\u00e9ations uniques, qui se balancent, que vous recevez rapidement et avec le sourire. Ce que vous voyez, c'est ce que vous obtenez. Nous ne faisons pas corps avec la nature, mais nous avons les deux pieds sur terre. Nous ne sommes pas des d\u00e9fenseurs des arbres, mais nous aimons profond\u00e9ment le bois. Nos produits font de vous le patron de la piste de danse, que ce soit lors d'un festival ou simplement \u00e0 la maison. Commandez d\u00e8s maintenant et d\u00e9couvrez les joies du bois avec WOED !","robots":{"index":"index","follow":"follow","max-snippet":"max-snippet:-1","max-image-preview":"max-image-preview:large","max-video-preview":"max-video-preview:-1"},"canonical":"https:\/\/woedonline.nl\/fr\/shop\/lunettes-de-soleil-en-bois\/oeil-de-chat\/lunettes-de-soleil-rondes-rhodonite\/","og_locale":"fr_FR","og_type":"article","og_title":"Lunettes de soleil rondes en bois | Rhodonite - 24,95 - Woed","og_description":"Chez WOED, nous croyons au pouvoir de la simplicit\u00e9 : des mat\u00e9riaux 100% naturels, fabriqu\u00e9s avec amour et joie, sp\u00e9cialement pour vous. Pas d'histoires \u00e9labor\u00e9es sur nous, parce que nous savons que vous voulez simplement acheter de superbes produits en bois. WOED, ce sont des cr\u00e9ations uniques, qui se balancent, que vous recevez rapidement et avec le sourire. Ce que vous voyez, c'est ce que vous obtenez. Nous ne faisons pas corps avec la nature, mais nous avons les deux pieds sur terre. Nous ne sommes pas des d\u00e9fenseurs des arbres, mais nous aimons profond\u00e9ment le bois. Nos produits font de vous le patron de la piste de danse, que ce soit lors d'un festival ou simplement \u00e0 la maison. Commandez d\u00e8s maintenant et d\u00e9couvrez les joies du bois avec WOED !","og_url":"https:\/\/woedonline.nl\/fr\/shop\/lunettes-de-soleil-en-bois\/oeil-de-chat\/lunettes-de-soleil-rondes-rhodonite\/","og_site_name":"Woed","article_publisher":"https:\/\/www.facebook.com\/Woedshop\/","article_modified_time":"2025-10-22T08:45:56+00:00","og_image":[{"width":1000,"height":1000,"url":"https:\/\/woedonline.nl\/wp-content\/uploads\/2022\/05\/Woed-zonnebril-Rhodonite.jpg","type":"image\/jpeg"}],"twitter_card":"summary_large_image","twitter_misc":{"Dur\u00e9e de lecture estim\u00e9e":"1 minute"},"schema":{"@context":"https:\/\/schema.org","@graph":[{"@type":"WebPage","@id":"https:\/\/woedonline.nl\/fr\/shop\/lunettes-de-soleil-en-bois\/oeil-de-chat\/lunettes-de-soleil-rondes-rhodonite\/","url":"https:\/\/woedonline.nl\/fr\/shop\/lunettes-de-soleil-en-bois\/oeil-de-chat\/lunettes-de-soleil-rondes-rhodonite\/","name":"Lunettes de soleil rondes en bois | Rhodonite - 24,95 - Woed","isPartOf":{"@id":"https:\/\/woedonline.nl\/fr\/#website"},"primaryImageOfPage":{"@id":"https:\/\/woedonline.nl\/fr\/shop\/lunettes-de-soleil-en-bois\/oeil-de-chat\/lunettes-de-soleil-rondes-rhodonite\/#primaryimage"},"image":{"@id":"https:\/\/woedonline.nl\/fr\/shop\/lunettes-de-soleil-en-bois\/oeil-de-chat\/lunettes-de-soleil-rondes-rhodonite\/#primaryimage"},"thumbnailUrl":"https:\/\/woedonline.nl\/wp-content\/uploads\/2022\/05\/Woed-zonnebril-Rhodonite.jpg","datePublished":"2022-05-19T08:07:41+00:00","dateModified":"2025-10-22T08:45:56+00:00","description":"Chez WOED, nous croyons au pouvoir de la simplicit\u00e9 : des mat\u00e9riaux 100% naturels, fabriqu\u00e9s avec amour et joie, sp\u00e9cialement pour vous. Pas d'histoires \u00e9labor\u00e9es sur nous, parce que nous savons que vous voulez simplement acheter de superbes produits en bois. WOED, ce sont des cr\u00e9ations uniques, qui se balancent, que vous recevez rapidement et avec le sourire. Ce que vous voyez, c'est ce que vous obtenez. Nous ne faisons pas corps avec la nature, mais nous avons les deux pieds sur terre. Nous ne sommes pas des d\u00e9fenseurs des arbres, mais nous aimons profond\u00e9ment le bois. Nos produits font de vous le patron de la piste de danse, que ce soit lors d'un festival ou simplement \u00e0 la maison. Commandez d\u00e8s maintenant et d\u00e9couvrez les joies du bois avec WOED !","breadcrumb":{"@id":"https:\/\/woedonline.nl\/fr\/shop\/lunettes-de-soleil-en-bois\/oeil-de-chat\/lunettes-de-soleil-rondes-rhodonite\/#breadcrumb"},"inLanguage":"fr-FR","potentialAction":[{"@type":"ReadAction","target":["https:\/\/woedonline.nl\/fr\/shop\/lunettes-de-soleil-en-bois\/oeil-de-chat\/lunettes-de-soleil-rondes-rhodonite\/"]}]},{"@type":"ImageObject","inLanguage":"fr-FR","@id":"https:\/\/woedonline.nl\/fr\/shop\/lunettes-de-soleil-en-bois\/oeil-de-chat\/lunettes-de-soleil-rondes-rhodonite\/#primaryimage","url":"https:\/\/woedonline.nl\/wp-content\/uploads\/2022\/05\/Woed-zonnebril-Rhodonite.jpg","contentUrl":"https:\/\/woedonline.nl\/wp-content\/uploads\/2022\/05\/Woed-zonnebril-Rhodonite.jpg","width":1000,"height":1000},{"@type":"BreadcrumbList","@id":"https:\/\/woedonline.nl\/fr\/shop\/lunettes-de-soleil-en-bois\/oeil-de-chat\/lunettes-de-soleil-rondes-rhodonite\/#breadcrumb","itemListElement":[{"@type":"ListItem","position":1,"name":"Accueil","item":"https:\/\/woedonline.nl\/fr\/"},{"@type":"ListItem","position":2,"name":"Boutique","item":"https:\/\/woedonline.nl\/fr\/boutique\/"},{"@type":"ListItem","position":3,"name":"Lunettes de soleil Cat Eye | Rhodonite"}]},{"@type":"WebSite","@id":"https:\/\/woedonline.nl\/fr\/#website","url":"https:\/\/woedonline.nl\/fr\/","name":"Woed","description":"Kurk petten, houten horloges en houten zonnebrillen","publisher":{"@id":"https:\/\/woedonline.nl\/fr\/#organization"},"alternateName":"W","potentialAction":[{"@type":"SearchAction","target":{"@type":"EntryPoint","urlTemplate":"https:\/\/woedonline.nl\/fr\/?s={search_term_string}"},"query-input":{"@type":"PropertyValueSpecification","valueRequired":true,"valueName":"search_term_string"}}],"inLanguage":"fr-FR"},{"@type":"Organization","@id":"https:\/\/woedonline.nl\/fr\/#organization","name":"Woed","alternateName":"W","url":"https:\/\/woedonline.nl\/fr\/","logo":{"@type":"ImageObject","inLanguage":"fr-FR","@id":"https:\/\/woedonline.nl\/fr\/#\/schema\/logo\/image\/","url":"https:\/\/woedonline.nl\/wp-content\/uploads\/2016\/05\/Wood-logo-name-png.png","contentUrl":"https:\/\/woedonline.nl\/wp-content\/uploads\/2016\/05\/Wood-logo-name-png.png","width":250,"height":89,"caption":"Woed"},"image":{"@id":"https:\/\/woedonline.nl\/fr\/#\/schema\/logo\/image\/"},"sameAs":["https:\/\/www.facebook.com\/Woedshop\/","https:\/\/www.instagram.com\/woed.eu"]}]}},"_links":{"self":[{"href":"https:\/\/woedonline.nl\/fr\/wp-json\/wp\/v2\/product\/324110","targetHints":{"allow":["GET"]}}],"collection":[{"href":"https:\/\/woedonline.nl\/fr\/wp-json\/wp\/v2\/product"}],"about":[{"href":"https:\/\/woedonline.nl\/fr\/wp-json\/wp\/v2\/types\/product"}],"replies":[{"embeddable":true,"href":"https:\/\/woedonline.nl\/fr\/wp-json\/wp\/v2\/comments?post=324110"}],"wp:featuredmedia":[{"embeddable":true,"href":"https:\/\/woedonline.nl\/fr\/wp-json\/wp\/v2\/media\/322397"}],"wp:attachment":[{"href":"https:\/\/woedonline.nl\/fr\/wp-json\/wp\/v2\/media?parent=324110"}],"wp:term":[{"taxonomy":"product_brand","embeddable":true,"href":"https:\/\/woedonline.nl\/fr\/wp-json\/wp\/v2\/product_brand?post=324110"},{"taxonomy":"product_cat","embeddable":true,"href":"https:\/\/woedonline.nl\/fr\/wp-json\/wp\/v2\/product_cat?post=324110"},{"taxonomy":"product_tag","embeddable":true,"href":"https:\/\/woedonline.nl\/fr\/wp-json\/wp\/v2\/product_tag?post=324110"}],"curies":[{"name":"wp","href":"https:\/\/api.w.org\/{rel}","templated":true}]}}