{"id":323973,"date":"2020-10-12T11:01:40","date_gmt":"2020-10-12T09:01:40","guid":{"rendered":"https:\/\/woedonline.nl\/shop\/non%20class\u00e9\/woed-cap-bracket\/"},"modified":"2025-12-14T16:05:36","modified_gmt":"2025-12-14T15:05:36","slug":"capuchon-mural","status":"publish","type":"product","link":"https:\/\/woedonline.nl\/fr\/shop\/autre\/supports-muraux-a-capuchon\/capuchon-mural\/","title":{"rendered":"Woed\u00ae Support mural"},"content":{"rendered":"<div>D\u00e9couvrez le support mural imprim\u00e9 en 3D, \u00e9l\u00e9gant et fonctionnel, pour vos casquettes pr\u00e9f\u00e9r\u00e9es, con\u00e7u et imprim\u00e9 par Woed. Ce support mural unique est la solution id\u00e9ale pour tous ceux qui souhaitent pr\u00e9senter leur collection de casquettes de mani\u00e8re cr\u00e9ative et organis\u00e9e. <\/div>\n<div><\/div>\n<div>Fabriqu\u00e9 \u00e0 partir de mat\u00e9riaux durables et de haute qualit\u00e9, ce support mural est con\u00e7u pour maintenir vos casquettes en place sans les endommager.<\/div>\n<div><\/div>\n<div>L&rsquo;installation est facile gr\u00e2ce \u00e0 deux vis ou \u00e0 un ruban adh\u00e9sif double face (non inclus), ce qui vous permet de fixer rapidement et facilement l&rsquo;accroche murale sur n&rsquo;importe quelle surface murale. Et comme il est fabriqu\u00e9 \u00e0 partir de mat\u00e9riaux imprim\u00e9s en 3D, vous pouvez \u00eatre s\u00fbr qu&rsquo;il est respectueux de l&rsquo;environnement et durable. <\/div>\n<div><\/div>\n<div>Que vous soyez un collectionneur ou que vous cherchiez simplement un moyen pratique de ranger vos casquettes, le support mural imprim\u00e9 en 3D de Woed est la solution id\u00e9ale. Alors pourquoi attendre ? Commandez-la aujourd&rsquo;hui et montrez vos casquettes pr\u00e9f\u00e9r\u00e9es avec style !  <\/div>\n<p>&nbsp;<\/p>\n","protected":false},"excerpt":{"rendered":"<p><i class=\"icon-checkmark\" style=\"color: green;\"><\/i>  Convient \u00e0 tous les bouchons<br \/>\n<i class=\"icon-checkmark\" style=\"color: green;\"><\/i>  Taille du support : 7cm x 3,5cm x 1cm<br \/>\n<i class=\"icon-checkmark\" style=\"color: green;\"><\/i>  Imprim\u00e9 en 3D avec PLA<br \/>\n<i class=\"icon-checkmark\" style=\"color: green;\"><\/i>  Command\u00e9 \u00e0 la pi\u00e8ce<br \/>\n<i class=\"icon-checkmark\" style=\"color: green;\"><\/i>  Rangez vos bouchons de fa\u00e7on agr\u00e9able et s\u00fbre<br \/>\n<i class=\"icon-checkmark\" style=\"color: green;\"><\/i>  Le prix est par pi\u00e8ce. Regardez les prix r\u00e9duits !<br \/>\n<i class=\"icon-heart-o\" style=\"color: red;\"><\/i>  Con\u00e7u par Woed<\/p>\n","protected":false},"featured_media":317546,"comment_status":"open","ping_status":"closed","template":"","meta":[],"product_brand":[],"product_cat":[626,777,733],"product_tag":[778],"class_list":{"0":"post-323973","1":"product","2":"type-product","3":"status-publish","4":"has-post-thumbnail","6":"product_cat-autre","7":"product_cat-supports-muraux-a-capuchon","8":"product_cat-toutes-les-capsules","9":"product_tag-support-mural","10":"product_shipping_class-boite-aux-lettres","12":"first","13":"instock","14":"taxable","15":"shipping-taxable","16":"purchasable","17":"product-type-simple"},"yoast_head":"<!-- This site is optimized with the Yoast SEO plugin v27.4 - https:\/\/yoast.com\/product\/yoast-seo-wordpress\/ -->\n<title>Woed\u00ae Support mural - Woed<\/title>\n<meta name=\"description\" content=\"Ce support mural unique est la solution id\u00e9ale pour tous ceux qui souhaitent pr\u00e9senter leur collection de casquettes de mani\u00e8re cr\u00e9ative et organis\u00e9e.\" \/>\n<meta name=\"robots\" content=\"index, follow, max-snippet:-1, max-image-preview:large, max-video-preview:-1\" \/>\n<link rel=\"canonical\" href=\"https:\/\/woedonline.nl\/fr\/shop\/autre\/supports-muraux-a-capuchon\/capuchon-mural\/\" \/>\n<meta property=\"og:locale\" content=\"fr_FR\" \/>\n<meta property=\"og:type\" content=\"article\" \/>\n<meta property=\"og:title\" content=\"Woed\u00ae Support mural - Woed\" \/>\n<meta property=\"og:description\" content=\"Ce support mural unique est la solution id\u00e9ale pour tous ceux qui souhaitent pr\u00e9senter leur collection de casquettes de mani\u00e8re cr\u00e9ative et organis\u00e9e.\" \/>\n<meta property=\"og:url\" content=\"https:\/\/woedonline.nl\/fr\/shop\/autre\/supports-muraux-a-capuchon\/capuchon-mural\/\" \/>\n<meta property=\"og:site_name\" content=\"Woed\" \/>\n<meta property=\"article:publisher\" content=\"https:\/\/www.facebook.com\/Woedshop\/\" \/>\n<meta property=\"article:modified_time\" content=\"2025-12-14T15:05:36+00:00\" \/>\n<meta property=\"og:image\" content=\"https:\/\/woedonline.nl\/wp-content\/uploads\/2020\/10\/Woed-muur-beugel-2-1.png\" \/>\n\t<meta property=\"og:image:width\" content=\"800\" \/>\n\t<meta property=\"og:image:height\" content=\"800\" \/>\n\t<meta property=\"og:image:type\" content=\"image\/png\" \/>\n<meta name=\"twitter:card\" content=\"summary_large_image\" \/>\n<meta name=\"twitter:label1\" content=\"Dur\u00e9e de lecture estim\u00e9e\" \/>\n\t<meta name=\"twitter:data1\" content=\"1 minute\" \/>\n<script type=\"application\/ld+json\" class=\"yoast-schema-graph\">{\"@context\":\"https:\\\/\\\/schema.org\",\"@graph\":[{\"@type\":\"WebPage\",\"@id\":\"https:\\\/\\\/woedonline.nl\\\/fr\\\/shop\\\/autre\\\/supports-muraux-a-capuchon\\\/capuchon-mural\\\/\",\"url\":\"https:\\\/\\\/woedonline.nl\\\/fr\\\/shop\\\/autre\\\/supports-muraux-a-capuchon\\\/capuchon-mural\\\/\",\"name\":\"Woed\u00ae Support mural - Woed\",\"isPartOf\":{\"@id\":\"https:\\\/\\\/woedonline.nl\\\/fr\\\/#website\"},\"primaryImageOfPage\":{\"@id\":\"https:\\\/\\\/woedonline.nl\\\/fr\\\/shop\\\/autre\\\/supports-muraux-a-capuchon\\\/capuchon-mural\\\/#primaryimage\"},\"image\":{\"@id\":\"https:\\\/\\\/woedonline.nl\\\/fr\\\/shop\\\/autre\\\/supports-muraux-a-capuchon\\\/capuchon-mural\\\/#primaryimage\"},\"thumbnailUrl\":\"https:\\\/\\\/woedonline.nl\\\/wp-content\\\/uploads\\\/2020\\\/10\\\/Woed-muur-beugel-2-1.png\",\"datePublished\":\"2020-10-12T09:01:40+00:00\",\"dateModified\":\"2025-12-14T15:05:36+00:00\",\"description\":\"Ce support mural unique est la solution id\u00e9ale pour tous ceux qui souhaitent pr\u00e9senter leur collection de casquettes de mani\u00e8re cr\u00e9ative et organis\u00e9e.\",\"breadcrumb\":{\"@id\":\"https:\\\/\\\/woedonline.nl\\\/fr\\\/shop\\\/autre\\\/supports-muraux-a-capuchon\\\/capuchon-mural\\\/#breadcrumb\"},\"inLanguage\":\"fr-FR\",\"potentialAction\":[{\"@type\":\"ReadAction\",\"target\":[\"https:\\\/\\\/woedonline.nl\\\/fr\\\/shop\\\/autre\\\/supports-muraux-a-capuchon\\\/capuchon-mural\\\/\"]}]},{\"@type\":\"ImageObject\",\"inLanguage\":\"fr-FR\",\"@id\":\"https:\\\/\\\/woedonline.nl\\\/fr\\\/shop\\\/autre\\\/supports-muraux-a-capuchon\\\/capuchon-mural\\\/#primaryimage\",\"url\":\"https:\\\/\\\/woedonline.nl\\\/wp-content\\\/uploads\\\/2020\\\/10\\\/Woed-muur-beugel-2-1.png\",\"contentUrl\":\"https:\\\/\\\/woedonline.nl\\\/wp-content\\\/uploads\\\/2020\\\/10\\\/Woed-muur-beugel-2-1.png\",\"width\":800,\"height\":800},{\"@type\":\"BreadcrumbList\",\"@id\":\"https:\\\/\\\/woedonline.nl\\\/fr\\\/shop\\\/autre\\\/supports-muraux-a-capuchon\\\/capuchon-mural\\\/#breadcrumb\",\"itemListElement\":[{\"@type\":\"ListItem\",\"position\":1,\"name\":\"Accueil\",\"item\":\"https:\\\/\\\/woedonline.nl\\\/fr\\\/\"},{\"@type\":\"ListItem\",\"position\":2,\"name\":\"Boutique\",\"item\":\"https:\\\/\\\/woedonline.nl\\\/fr\\\/boutique\\\/\"},{\"@type\":\"ListItem\",\"position\":3,\"name\":\"Woed\u00ae Support mural\"}]},{\"@type\":\"WebSite\",\"@id\":\"https:\\\/\\\/woedonline.nl\\\/fr\\\/#website\",\"url\":\"https:\\\/\\\/woedonline.nl\\\/fr\\\/\",\"name\":\"Woed\",\"description\":\"Kurk petten, houten horloges en houten zonnebrillen\",\"publisher\":{\"@id\":\"https:\\\/\\\/woedonline.nl\\\/fr\\\/#organization\"},\"alternateName\":\"W\",\"potentialAction\":[{\"@type\":\"SearchAction\",\"target\":{\"@type\":\"EntryPoint\",\"urlTemplate\":\"https:\\\/\\\/woedonline.nl\\\/fr\\\/?s={search_term_string}\"},\"query-input\":{\"@type\":\"PropertyValueSpecification\",\"valueRequired\":true,\"valueName\":\"search_term_string\"}}],\"inLanguage\":\"fr-FR\"},{\"@type\":\"Organization\",\"@id\":\"https:\\\/\\\/woedonline.nl\\\/fr\\\/#organization\",\"name\":\"Woed\",\"alternateName\":\"W\",\"url\":\"https:\\\/\\\/woedonline.nl\\\/fr\\\/\",\"logo\":{\"@type\":\"ImageObject\",\"inLanguage\":\"fr-FR\",\"@id\":\"https:\\\/\\\/woedonline.nl\\\/fr\\\/#\\\/schema\\\/logo\\\/image\\\/\",\"url\":\"https:\\\/\\\/woedonline.nl\\\/wp-content\\\/uploads\\\/2016\\\/05\\\/Wood-logo-name-png.png\",\"contentUrl\":\"https:\\\/\\\/woedonline.nl\\\/wp-content\\\/uploads\\\/2016\\\/05\\\/Wood-logo-name-png.png\",\"width\":250,\"height\":89,\"caption\":\"Woed\"},\"image\":{\"@id\":\"https:\\\/\\\/woedonline.nl\\\/fr\\\/#\\\/schema\\\/logo\\\/image\\\/\"},\"sameAs\":[\"https:\\\/\\\/www.facebook.com\\\/Woedshop\\\/\",\"https:\\\/\\\/www.instagram.com\\\/woed.eu\"]}]}<\/script>\n<!-- \/ Yoast SEO plugin. -->","yoast_head_json":{"title":"Woed\u00ae Support mural - Woed","description":"Ce support mural unique est la solution id\u00e9ale pour tous ceux qui souhaitent pr\u00e9senter leur collection de casquettes de mani\u00e8re cr\u00e9ative et organis\u00e9e.","robots":{"index":"index","follow":"follow","max-snippet":"max-snippet:-1","max-image-preview":"max-image-preview:large","max-video-preview":"max-video-preview:-1"},"canonical":"https:\/\/woedonline.nl\/fr\/shop\/autre\/supports-muraux-a-capuchon\/capuchon-mural\/","og_locale":"fr_FR","og_type":"article","og_title":"Woed\u00ae Support mural - Woed","og_description":"Ce support mural unique est la solution id\u00e9ale pour tous ceux qui souhaitent pr\u00e9senter leur collection de casquettes de mani\u00e8re cr\u00e9ative et organis\u00e9e.","og_url":"https:\/\/woedonline.nl\/fr\/shop\/autre\/supports-muraux-a-capuchon\/capuchon-mural\/","og_site_name":"Woed","article_publisher":"https:\/\/www.facebook.com\/Woedshop\/","article_modified_time":"2025-12-14T15:05:36+00:00","og_image":[{"width":800,"height":800,"url":"https:\/\/woedonline.nl\/wp-content\/uploads\/2020\/10\/Woed-muur-beugel-2-1.png","type":"image\/png"}],"twitter_card":"summary_large_image","twitter_misc":{"Dur\u00e9e de lecture estim\u00e9e":"1 minute"},"schema":{"@context":"https:\/\/schema.org","@graph":[{"@type":"WebPage","@id":"https:\/\/woedonline.nl\/fr\/shop\/autre\/supports-muraux-a-capuchon\/capuchon-mural\/","url":"https:\/\/woedonline.nl\/fr\/shop\/autre\/supports-muraux-a-capuchon\/capuchon-mural\/","name":"Woed\u00ae Support mural - Woed","isPartOf":{"@id":"https:\/\/woedonline.nl\/fr\/#website"},"primaryImageOfPage":{"@id":"https:\/\/woedonline.nl\/fr\/shop\/autre\/supports-muraux-a-capuchon\/capuchon-mural\/#primaryimage"},"image":{"@id":"https:\/\/woedonline.nl\/fr\/shop\/autre\/supports-muraux-a-capuchon\/capuchon-mural\/#primaryimage"},"thumbnailUrl":"https:\/\/woedonline.nl\/wp-content\/uploads\/2020\/10\/Woed-muur-beugel-2-1.png","datePublished":"2020-10-12T09:01:40+00:00","dateModified":"2025-12-14T15:05:36+00:00","description":"Ce support mural unique est la solution id\u00e9ale pour tous ceux qui souhaitent pr\u00e9senter leur collection de casquettes de mani\u00e8re cr\u00e9ative et organis\u00e9e.","breadcrumb":{"@id":"https:\/\/woedonline.nl\/fr\/shop\/autre\/supports-muraux-a-capuchon\/capuchon-mural\/#breadcrumb"},"inLanguage":"fr-FR","potentialAction":[{"@type":"ReadAction","target":["https:\/\/woedonline.nl\/fr\/shop\/autre\/supports-muraux-a-capuchon\/capuchon-mural\/"]}]},{"@type":"ImageObject","inLanguage":"fr-FR","@id":"https:\/\/woedonline.nl\/fr\/shop\/autre\/supports-muraux-a-capuchon\/capuchon-mural\/#primaryimage","url":"https:\/\/woedonline.nl\/wp-content\/uploads\/2020\/10\/Woed-muur-beugel-2-1.png","contentUrl":"https:\/\/woedonline.nl\/wp-content\/uploads\/2020\/10\/Woed-muur-beugel-2-1.png","width":800,"height":800},{"@type":"BreadcrumbList","@id":"https:\/\/woedonline.nl\/fr\/shop\/autre\/supports-muraux-a-capuchon\/capuchon-mural\/#breadcrumb","itemListElement":[{"@type":"ListItem","position":1,"name":"Accueil","item":"https:\/\/woedonline.nl\/fr\/"},{"@type":"ListItem","position":2,"name":"Boutique","item":"https:\/\/woedonline.nl\/fr\/boutique\/"},{"@type":"ListItem","position":3,"name":"Woed\u00ae Support mural"}]},{"@type":"WebSite","@id":"https:\/\/woedonline.nl\/fr\/#website","url":"https:\/\/woedonline.nl\/fr\/","name":"Woed","description":"Kurk petten, houten horloges en houten zonnebrillen","publisher":{"@id":"https:\/\/woedonline.nl\/fr\/#organization"},"alternateName":"W","potentialAction":[{"@type":"SearchAction","target":{"@type":"EntryPoint","urlTemplate":"https:\/\/woedonline.nl\/fr\/?s={search_term_string}"},"query-input":{"@type":"PropertyValueSpecification","valueRequired":true,"valueName":"search_term_string"}}],"inLanguage":"fr-FR"},{"@type":"Organization","@id":"https:\/\/woedonline.nl\/fr\/#organization","name":"Woed","alternateName":"W","url":"https:\/\/woedonline.nl\/fr\/","logo":{"@type":"ImageObject","inLanguage":"fr-FR","@id":"https:\/\/woedonline.nl\/fr\/#\/schema\/logo\/image\/","url":"https:\/\/woedonline.nl\/wp-content\/uploads\/2016\/05\/Wood-logo-name-png.png","contentUrl":"https:\/\/woedonline.nl\/wp-content\/uploads\/2016\/05\/Wood-logo-name-png.png","width":250,"height":89,"caption":"Woed"},"image":{"@id":"https:\/\/woedonline.nl\/fr\/#\/schema\/logo\/image\/"},"sameAs":["https:\/\/www.facebook.com\/Woedshop\/","https:\/\/www.instagram.com\/woed.eu"]}]}},"_links":{"self":[{"href":"https:\/\/woedonline.nl\/fr\/wp-json\/wp\/v2\/product\/323973","targetHints":{"allow":["GET"]}}],"collection":[{"href":"https:\/\/woedonline.nl\/fr\/wp-json\/wp\/v2\/product"}],"about":[{"href":"https:\/\/woedonline.nl\/fr\/wp-json\/wp\/v2\/types\/product"}],"replies":[{"embeddable":true,"href":"https:\/\/woedonline.nl\/fr\/wp-json\/wp\/v2\/comments?post=323973"}],"wp:featuredmedia":[{"embeddable":true,"href":"https:\/\/woedonline.nl\/fr\/wp-json\/wp\/v2\/media\/317546"}],"wp:attachment":[{"href":"https:\/\/woedonline.nl\/fr\/wp-json\/wp\/v2\/media?parent=323973"}],"wp:term":[{"taxonomy":"product_brand","embeddable":true,"href":"https:\/\/woedonline.nl\/fr\/wp-json\/wp\/v2\/product_brand?post=323973"},{"taxonomy":"product_cat","embeddable":true,"href":"https:\/\/woedonline.nl\/fr\/wp-json\/wp\/v2\/product_cat?post=323973"},{"taxonomy":"product_tag","embeddable":true,"href":"https:\/\/woedonline.nl\/fr\/wp-json\/wp\/v2\/product_tag?post=323973"}],"curies":[{"name":"wp","href":"https:\/\/api.w.org\/{rel}","templated":true}]}}