{"id":323935,"date":"2020-09-22T11:06:52","date_gmt":"2020-09-22T09:06:52","guid":{"rendered":"https:\/\/woedonline.nl\/shop\/non%20class\u00e9\/montre-en-bois-48mm-premium-grover\/"},"modified":"2025-10-22T10:46:49","modified_gmt":"2025-10-22T08:46:49","slug":"montre-en-bois-48mm-premium-grover","status":"publish","type":"product","link":"https:\/\/woedonline.nl\/fr\/shop\/montres-en-bois\/premium-fr\/montre-en-bois-48mm-premium-grover\/","title":{"rendered":"Montre en bois | 48mm | Premium | Grover"},"content":{"rendered":"<p>Belle montre tout en bois, fabriqu\u00e9e en bois de santal rouge. La montre a une \u00e9paisseur de 13 mm et une largeur de 48 mm. La montre fait partie de la cat\u00e9gorie Woed Premium watches. Cela signifie qu&rsquo;il s&rsquo;agit d&rsquo;une montre tr\u00e8s luxueuse et qu&rsquo;elle est fabriqu\u00e9e \u00e0 la main. Le m\u00e9canisme de la montre est un mouvement multifonctionnel, ce qui signifie que toutes les mains travaillent ! Le poids de la montre est de 63 grammes.     <\/p>\n","protected":false},"excerpt":{"rendered":"<p>\u2714Premium execution ! \u2714Including luxury gift box \u2714100% real wood \u2714Multi-Function Movement \u271448mm (uni sex model) \u2714Watch thickness : 13 mm \u2714Watch band width : 24 mm \u2714Weight : 63 grams<\/p>\n","protected":false},"featured_media":318543,"comment_status":"open","ping_status":"closed","template":"","meta":[],"product_brand":[],"product_cat":[468,759],"product_tag":[591,758],"class_list":{"0":"post-323935","1":"product","2":"type-product","3":"status-publish","4":"has-post-thumbnail","6":"product_cat-montres-en-bois","7":"product_cat-premium-fr","8":"product_tag-montre-en-bois","9":"product_tag-premium-fr","10":"product_shipping_class-armbanden-horloge-zonnebrillen-fr","12":"first","13":"instock","14":"taxable","15":"shipping-taxable","16":"purchasable","17":"product-type-simple"},"yoast_head":"<!-- This site is optimized with the Yoast SEO plugin v27.4 - https:\/\/yoast.com\/product\/yoast-seo-wordpress\/ -->\n<title>Montre en bois | 48mm | Premium | Grover - Woed<\/title>\n<meta name=\"description\" content=\"WOED | Pour tous vos accessoires en bois ! Montre en bois de style bambou. ex\u00e9cut\u00e9 dans la couleur Double Wood. 44mm, incluant une batterie de haute qualit\u00e9.\" \/>\n<meta name=\"robots\" content=\"index, follow, max-snippet:-1, max-image-preview:large, max-video-preview:-1\" \/>\n<link rel=\"canonical\" href=\"https:\/\/woedonline.nl\/fr\/shop\/montres-en-bois\/premium-fr\/montre-en-bois-48mm-premium-grover\/\" \/>\n<meta property=\"og:locale\" content=\"fr_FR\" \/>\n<meta property=\"og:type\" content=\"article\" \/>\n<meta property=\"og:title\" content=\"Montre en bois | 48mm | Premium | Grover - Woed\" \/>\n<meta property=\"og:description\" content=\"WOED | Pour tous vos accessoires en bois ! Montre en bois de style bambou. ex\u00e9cut\u00e9 dans la couleur Double Wood. 44mm, incluant une batterie de haute qualit\u00e9.\" \/>\n<meta property=\"og:url\" content=\"https:\/\/woedonline.nl\/fr\/shop\/montres-en-bois\/premium-fr\/montre-en-bois-48mm-premium-grover\/\" \/>\n<meta property=\"og:site_name\" content=\"Woed\" \/>\n<meta property=\"article:publisher\" content=\"https:\/\/www.facebook.com\/Woedshop\/\" \/>\n<meta property=\"article:modified_time\" content=\"2025-10-22T08:46:49+00:00\" \/>\n<meta property=\"og:image\" content=\"https:\/\/woedonline.nl\/wp-content\/uploads\/2021\/10\/Houten-horloge-Grover-1.png\" \/>\n\t<meta property=\"og:image:width\" content=\"800\" \/>\n\t<meta property=\"og:image:height\" content=\"800\" \/>\n\t<meta property=\"og:image:type\" content=\"image\/png\" \/>\n<meta name=\"twitter:card\" content=\"summary_large_image\" \/>\n<script type=\"application\/ld+json\" class=\"yoast-schema-graph\">{\"@context\":\"https:\\\/\\\/schema.org\",\"@graph\":[{\"@type\":\"WebPage\",\"@id\":\"https:\\\/\\\/woedonline.nl\\\/fr\\\/shop\\\/montres-en-bois\\\/premium-fr\\\/montre-en-bois-48mm-premium-grover\\\/\",\"url\":\"https:\\\/\\\/woedonline.nl\\\/fr\\\/shop\\\/montres-en-bois\\\/premium-fr\\\/montre-en-bois-48mm-premium-grover\\\/\",\"name\":\"Montre en bois | 48mm | Premium | Grover - Woed\",\"isPartOf\":{\"@id\":\"https:\\\/\\\/woedonline.nl\\\/fr\\\/#website\"},\"primaryImageOfPage\":{\"@id\":\"https:\\\/\\\/woedonline.nl\\\/fr\\\/shop\\\/montres-en-bois\\\/premium-fr\\\/montre-en-bois-48mm-premium-grover\\\/#primaryimage\"},\"image\":{\"@id\":\"https:\\\/\\\/woedonline.nl\\\/fr\\\/shop\\\/montres-en-bois\\\/premium-fr\\\/montre-en-bois-48mm-premium-grover\\\/#primaryimage\"},\"thumbnailUrl\":\"https:\\\/\\\/woedonline.nl\\\/wp-content\\\/uploads\\\/2021\\\/10\\\/Houten-horloge-Grover-1.png\",\"datePublished\":\"2020-09-22T09:06:52+00:00\",\"dateModified\":\"2025-10-22T08:46:49+00:00\",\"description\":\"WOED | Pour tous vos accessoires en bois ! Montre en bois de style bambou. ex\u00e9cut\u00e9 dans la couleur Double Wood. 44mm, incluant une batterie de haute qualit\u00e9.\",\"breadcrumb\":{\"@id\":\"https:\\\/\\\/woedonline.nl\\\/fr\\\/shop\\\/montres-en-bois\\\/premium-fr\\\/montre-en-bois-48mm-premium-grover\\\/#breadcrumb\"},\"inLanguage\":\"fr-FR\",\"potentialAction\":[{\"@type\":\"ReadAction\",\"target\":[\"https:\\\/\\\/woedonline.nl\\\/fr\\\/shop\\\/montres-en-bois\\\/premium-fr\\\/montre-en-bois-48mm-premium-grover\\\/\"]}]},{\"@type\":\"ImageObject\",\"inLanguage\":\"fr-FR\",\"@id\":\"https:\\\/\\\/woedonline.nl\\\/fr\\\/shop\\\/montres-en-bois\\\/premium-fr\\\/montre-en-bois-48mm-premium-grover\\\/#primaryimage\",\"url\":\"https:\\\/\\\/woedonline.nl\\\/wp-content\\\/uploads\\\/2021\\\/10\\\/Houten-horloge-Grover-1.png\",\"contentUrl\":\"https:\\\/\\\/woedonline.nl\\\/wp-content\\\/uploads\\\/2021\\\/10\\\/Houten-horloge-Grover-1.png\",\"width\":800,\"height\":800},{\"@type\":\"BreadcrumbList\",\"@id\":\"https:\\\/\\\/woedonline.nl\\\/fr\\\/shop\\\/montres-en-bois\\\/premium-fr\\\/montre-en-bois-48mm-premium-grover\\\/#breadcrumb\",\"itemListElement\":[{\"@type\":\"ListItem\",\"position\":1,\"name\":\"Accueil\",\"item\":\"https:\\\/\\\/woedonline.nl\\\/fr\\\/\"},{\"@type\":\"ListItem\",\"position\":2,\"name\":\"Boutique\",\"item\":\"https:\\\/\\\/woedonline.nl\\\/fr\\\/boutique\\\/\"},{\"@type\":\"ListItem\",\"position\":3,\"name\":\"Montre en bois | 48mm | Premium | Grover\"}]},{\"@type\":\"WebSite\",\"@id\":\"https:\\\/\\\/woedonline.nl\\\/fr\\\/#website\",\"url\":\"https:\\\/\\\/woedonline.nl\\\/fr\\\/\",\"name\":\"Woed\",\"description\":\"Kurk petten, houten horloges en houten zonnebrillen\",\"publisher\":{\"@id\":\"https:\\\/\\\/woedonline.nl\\\/fr\\\/#organization\"},\"alternateName\":\"W\",\"potentialAction\":[{\"@type\":\"SearchAction\",\"target\":{\"@type\":\"EntryPoint\",\"urlTemplate\":\"https:\\\/\\\/woedonline.nl\\\/fr\\\/?s={search_term_string}\"},\"query-input\":{\"@type\":\"PropertyValueSpecification\",\"valueRequired\":true,\"valueName\":\"search_term_string\"}}],\"inLanguage\":\"fr-FR\"},{\"@type\":\"Organization\",\"@id\":\"https:\\\/\\\/woedonline.nl\\\/fr\\\/#organization\",\"name\":\"Woed\",\"alternateName\":\"W\",\"url\":\"https:\\\/\\\/woedonline.nl\\\/fr\\\/\",\"logo\":{\"@type\":\"ImageObject\",\"inLanguage\":\"fr-FR\",\"@id\":\"https:\\\/\\\/woedonline.nl\\\/fr\\\/#\\\/schema\\\/logo\\\/image\\\/\",\"url\":\"https:\\\/\\\/woedonline.nl\\\/wp-content\\\/uploads\\\/2016\\\/05\\\/Wood-logo-name-png.png\",\"contentUrl\":\"https:\\\/\\\/woedonline.nl\\\/wp-content\\\/uploads\\\/2016\\\/05\\\/Wood-logo-name-png.png\",\"width\":250,\"height\":89,\"caption\":\"Woed\"},\"image\":{\"@id\":\"https:\\\/\\\/woedonline.nl\\\/fr\\\/#\\\/schema\\\/logo\\\/image\\\/\"},\"sameAs\":[\"https:\\\/\\\/www.facebook.com\\\/Woedshop\\\/\",\"https:\\\/\\\/www.instagram.com\\\/woed.eu\"]}]}<\/script>\n<!-- \/ Yoast SEO plugin. -->","yoast_head_json":{"title":"Montre en bois | 48mm | Premium | Grover - Woed","description":"WOED | Pour tous vos accessoires en bois ! Montre en bois de style bambou. ex\u00e9cut\u00e9 dans la couleur Double Wood. 44mm, incluant une batterie de haute qualit\u00e9.","robots":{"index":"index","follow":"follow","max-snippet":"max-snippet:-1","max-image-preview":"max-image-preview:large","max-video-preview":"max-video-preview:-1"},"canonical":"https:\/\/woedonline.nl\/fr\/shop\/montres-en-bois\/premium-fr\/montre-en-bois-48mm-premium-grover\/","og_locale":"fr_FR","og_type":"article","og_title":"Montre en bois | 48mm | Premium | Grover - Woed","og_description":"WOED | Pour tous vos accessoires en bois ! Montre en bois de style bambou. ex\u00e9cut\u00e9 dans la couleur Double Wood. 44mm, incluant une batterie de haute qualit\u00e9.","og_url":"https:\/\/woedonline.nl\/fr\/shop\/montres-en-bois\/premium-fr\/montre-en-bois-48mm-premium-grover\/","og_site_name":"Woed","article_publisher":"https:\/\/www.facebook.com\/Woedshop\/","article_modified_time":"2025-10-22T08:46:49+00:00","og_image":[{"width":800,"height":800,"url":"https:\/\/woedonline.nl\/wp-content\/uploads\/2021\/10\/Houten-horloge-Grover-1.png","type":"image\/png"}],"twitter_card":"summary_large_image","schema":{"@context":"https:\/\/schema.org","@graph":[{"@type":"WebPage","@id":"https:\/\/woedonline.nl\/fr\/shop\/montres-en-bois\/premium-fr\/montre-en-bois-48mm-premium-grover\/","url":"https:\/\/woedonline.nl\/fr\/shop\/montres-en-bois\/premium-fr\/montre-en-bois-48mm-premium-grover\/","name":"Montre en bois | 48mm | Premium | Grover - Woed","isPartOf":{"@id":"https:\/\/woedonline.nl\/fr\/#website"},"primaryImageOfPage":{"@id":"https:\/\/woedonline.nl\/fr\/shop\/montres-en-bois\/premium-fr\/montre-en-bois-48mm-premium-grover\/#primaryimage"},"image":{"@id":"https:\/\/woedonline.nl\/fr\/shop\/montres-en-bois\/premium-fr\/montre-en-bois-48mm-premium-grover\/#primaryimage"},"thumbnailUrl":"https:\/\/woedonline.nl\/wp-content\/uploads\/2021\/10\/Houten-horloge-Grover-1.png","datePublished":"2020-09-22T09:06:52+00:00","dateModified":"2025-10-22T08:46:49+00:00","description":"WOED | Pour tous vos accessoires en bois ! Montre en bois de style bambou. ex\u00e9cut\u00e9 dans la couleur Double Wood. 44mm, incluant une batterie de haute qualit\u00e9.","breadcrumb":{"@id":"https:\/\/woedonline.nl\/fr\/shop\/montres-en-bois\/premium-fr\/montre-en-bois-48mm-premium-grover\/#breadcrumb"},"inLanguage":"fr-FR","potentialAction":[{"@type":"ReadAction","target":["https:\/\/woedonline.nl\/fr\/shop\/montres-en-bois\/premium-fr\/montre-en-bois-48mm-premium-grover\/"]}]},{"@type":"ImageObject","inLanguage":"fr-FR","@id":"https:\/\/woedonline.nl\/fr\/shop\/montres-en-bois\/premium-fr\/montre-en-bois-48mm-premium-grover\/#primaryimage","url":"https:\/\/woedonline.nl\/wp-content\/uploads\/2021\/10\/Houten-horloge-Grover-1.png","contentUrl":"https:\/\/woedonline.nl\/wp-content\/uploads\/2021\/10\/Houten-horloge-Grover-1.png","width":800,"height":800},{"@type":"BreadcrumbList","@id":"https:\/\/woedonline.nl\/fr\/shop\/montres-en-bois\/premium-fr\/montre-en-bois-48mm-premium-grover\/#breadcrumb","itemListElement":[{"@type":"ListItem","position":1,"name":"Accueil","item":"https:\/\/woedonline.nl\/fr\/"},{"@type":"ListItem","position":2,"name":"Boutique","item":"https:\/\/woedonline.nl\/fr\/boutique\/"},{"@type":"ListItem","position":3,"name":"Montre en bois | 48mm | Premium | Grover"}]},{"@type":"WebSite","@id":"https:\/\/woedonline.nl\/fr\/#website","url":"https:\/\/woedonline.nl\/fr\/","name":"Woed","description":"Kurk petten, houten horloges en houten zonnebrillen","publisher":{"@id":"https:\/\/woedonline.nl\/fr\/#organization"},"alternateName":"W","potentialAction":[{"@type":"SearchAction","target":{"@type":"EntryPoint","urlTemplate":"https:\/\/woedonline.nl\/fr\/?s={search_term_string}"},"query-input":{"@type":"PropertyValueSpecification","valueRequired":true,"valueName":"search_term_string"}}],"inLanguage":"fr-FR"},{"@type":"Organization","@id":"https:\/\/woedonline.nl\/fr\/#organization","name":"Woed","alternateName":"W","url":"https:\/\/woedonline.nl\/fr\/","logo":{"@type":"ImageObject","inLanguage":"fr-FR","@id":"https:\/\/woedonline.nl\/fr\/#\/schema\/logo\/image\/","url":"https:\/\/woedonline.nl\/wp-content\/uploads\/2016\/05\/Wood-logo-name-png.png","contentUrl":"https:\/\/woedonline.nl\/wp-content\/uploads\/2016\/05\/Wood-logo-name-png.png","width":250,"height":89,"caption":"Woed"},"image":{"@id":"https:\/\/woedonline.nl\/fr\/#\/schema\/logo\/image\/"},"sameAs":["https:\/\/www.facebook.com\/Woedshop\/","https:\/\/www.instagram.com\/woed.eu"]}]}},"_links":{"self":[{"href":"https:\/\/woedonline.nl\/fr\/wp-json\/wp\/v2\/product\/323935","targetHints":{"allow":["GET"]}}],"collection":[{"href":"https:\/\/woedonline.nl\/fr\/wp-json\/wp\/v2\/product"}],"about":[{"href":"https:\/\/woedonline.nl\/fr\/wp-json\/wp\/v2\/types\/product"}],"replies":[{"embeddable":true,"href":"https:\/\/woedonline.nl\/fr\/wp-json\/wp\/v2\/comments?post=323935"}],"wp:featuredmedia":[{"embeddable":true,"href":"https:\/\/woedonline.nl\/fr\/wp-json\/wp\/v2\/media\/318543"}],"wp:attachment":[{"href":"https:\/\/woedonline.nl\/fr\/wp-json\/wp\/v2\/media?parent=323935"}],"wp:term":[{"taxonomy":"product_brand","embeddable":true,"href":"https:\/\/woedonline.nl\/fr\/wp-json\/wp\/v2\/product_brand?post=323935"},{"taxonomy":"product_cat","embeddable":true,"href":"https:\/\/woedonline.nl\/fr\/wp-json\/wp\/v2\/product_cat?post=323935"},{"taxonomy":"product_tag","embeddable":true,"href":"https:\/\/woedonline.nl\/fr\/wp-json\/wp\/v2\/product_tag?post=323935"}],"curies":[{"name":"wp","href":"https:\/\/api.w.org\/{rel}","templated":true}]}}