{"id":323833,"date":"2023-05-08T08:53:28","date_gmt":"2023-05-08T06:53:28","guid":{"rendered":"https:\/\/woedonline.nl\/shop\/non%20class\u00e9\/woed-cap-cleaner\/"},"modified":"2026-04-13T13:50:08","modified_gmt":"2026-04-13T11:50:08","slug":"laveur-de-bouchons","status":"publish","type":"product","link":"https:\/\/woedonline.nl\/fr\/shop\/autre\/rondelle-de-bouchon\/laveur-de-bouchons\/","title":{"rendered":"Woed\u00ae Nettoyant pour casquettes"},"content":{"rendered":"<h2><strong>Woed\u00ae Nettoyant pour casquettes<\/strong><\/h2>\n<p>Le d\u00e9sormais tristement c\u00e9l\u00e8bre WOED. Le bouchon en li\u00e8ge est un \u00e9l\u00e9ment indispensable de votre garde-robe. Cette casquette de baseball unique, avec un v\u00e9ritable bouchon de li\u00e8ge sous le rabat, s&rsquo;accorde avec toutes les tenues, tout en conservant un aspect distinctif.  <\/p>\n<p>Malheureusement, les bouchons peuvent aussi se salir. Le fait de mettre une casquette dans la machine \u00e0 laver lui fait perdre sa forme. Gr\u00e2ce \u00e0 notre nettoyant pour bouchon, vous pouvez nettoyer le bouchon dans un lave-vaisselle vide.  <\/p>\n<p>Ce qu&rsquo;il faut faire :<\/p>\n<ul>\n<li>Nettoyez d&rsquo;abord le capuchon avec un chiffon humide. Par exemple, frotter les bords int\u00e9rieurs avec un chiffon humide. <\/li>\n<li>Placez le bouchon dans le nettoyeur de bouchons Woed et fermez le nettoyeur de bouchons.<\/li>\n<li>Placez le nettoyeur de bouchons Woed dans un lave-vaisselle vide.<\/li>\n<li>Nous le d\u00e9conseillons, mais vous pouvez ajouter un produit de nettoyage. Pensez alors \u00e0 un bloc lave-vaisselle. <\/li>\n<li>Allumez le programme de votre choix. Nous recommandons de ne pas d\u00e9passer 50 degr\u00e9s. <\/li>\n<li>Programme termin\u00e9. Retirez le bouchon du lave-vaisselle. Laisser s\u00e9cher le capuchon pr\u00e8s du chauffage ou \u00e0 l&rsquo;ext\u00e9rieur. Laisser le bouchon dans le support.   <\/li>\n<li>C&rsquo;est fait !<\/li>\n<\/ul>\n<p>Avis de non-responsabilit\u00e9 :<\/p>\n<ul>\n<li>Le nettoyeur de bouchons Woed est livr\u00e9 sans bouchon (bien s\u00fbr) \ud83d\ude09<\/li>\n<li>Les couleurs ternies par le soleil ne reviendront pas en utilisant le Cap Cleaner.<\/li>\n<li>La couleur de la valve en li\u00e8ge peut \u00eatre plus claire apr\u00e8s l&rsquo;utilisation du nettoyant.<\/li>\n<\/ul>\n","protected":false},"excerpt":{"rendered":"<ul>\n<li>Nettoyez votre bouchon au lave-vaisselle !<\/li>\n<li>Maintenez la forme ronde de votre casquette avec le nettoyeur de casquettes<\/li>\n<li>Votre casquette sent bon et a l&rsquo;air comme neuve !<\/li>\n<li>Pour baseball, trucker et snapbacks ! (\u00e9galement bonnets pour enfants) <\/li>\n<li>Profitez plus longtemps de vos bouchons !<\/li>\n<\/ul>\n","protected":false},"featured_media":350119,"comment_status":"open","ping_status":"closed","template":"","meta":[],"product_brand":[],"product_cat":[626,691,733],"product_tag":[690],"class_list":{"0":"post-323833","1":"product","2":"type-product","3":"status-publish","4":"has-post-thumbnail","6":"product_cat-autre","7":"product_cat-rondelle-de-bouchon","8":"product_cat-toutes-les-capsules","9":"product_tag-rondelle-detancheite","10":"product_shipping_class-paquet","12":"first","13":"instock","14":"taxable","15":"shipping-taxable","16":"purchasable","17":"product-type-simple"},"yoast_head":"<!-- This site is optimized with the Yoast SEO plugin v27.4 - https:\/\/yoast.com\/product\/yoast-seo-wordpress\/ -->\n<title>Woed\u00ae Nettoyant pour casquettes %sep%% Lavez votre casquette au lave-vaisselle !<\/title>\n<meta name=\"description\" content=\"Vos bouchons sont-ils sales ? Nettoyez maintenant vos bouchons au lave-vaisselle gr\u00e2ce \u00e0 la rondelle de bouchon Woed! Le capuchon est propre et conserve sa forme gr\u00e2ce au capuchon Washer Woed.\" \/>\n<meta name=\"robots\" content=\"index, follow, max-snippet:-1, max-image-preview:large, max-video-preview:-1\" \/>\n<link rel=\"canonical\" href=\"https:\/\/woedonline.nl\/fr\/shop\/autre\/rondelle-de-bouchon\/laveur-de-bouchons\/\" \/>\n<meta property=\"og:locale\" content=\"fr_FR\" \/>\n<meta property=\"og:type\" content=\"article\" \/>\n<meta property=\"og:title\" content=\"Woed\u00ae Nettoyant pour casquettes %sep%% Lavez votre casquette au lave-vaisselle !\" \/>\n<meta property=\"og:description\" content=\"Vos bouchons sont-ils sales ? Nettoyez maintenant vos bouchons au lave-vaisselle gr\u00e2ce \u00e0 la rondelle de bouchon Woed! Le capuchon est propre et conserve sa forme gr\u00e2ce au capuchon Washer Woed.\" \/>\n<meta property=\"og:url\" content=\"https:\/\/woedonline.nl\/fr\/shop\/autre\/rondelle-de-bouchon\/laveur-de-bouchons\/\" \/>\n<meta property=\"og:site_name\" content=\"Woed\" \/>\n<meta property=\"article:publisher\" content=\"https:\/\/www.facebook.com\/Woedshop\/\" \/>\n<meta property=\"article:modified_time\" content=\"2026-04-13T11:50:08+00:00\" \/>\n<meta property=\"og:image\" content=\"https:\/\/woedonline.nl\/wp-content\/uploads\/2021\/10\/Woed-Cap-washer-2023-3.jpg\" \/>\n\t<meta property=\"og:image:width\" content=\"1000\" \/>\n\t<meta property=\"og:image:height\" content=\"1000\" \/>\n\t<meta property=\"og:image:type\" content=\"image\/jpeg\" \/>\n<meta name=\"twitter:card\" content=\"summary_large_image\" \/>\n<meta name=\"twitter:label1\" content=\"Dur\u00e9e de lecture estim\u00e9e\" \/>\n\t<meta name=\"twitter:data1\" content=\"1 minute\" \/>\n<script type=\"application\/ld+json\" class=\"yoast-schema-graph\">{\"@context\":\"https:\\\/\\\/schema.org\",\"@graph\":[{\"@type\":\"WebPage\",\"@id\":\"https:\\\/\\\/woedonline.nl\\\/fr\\\/shop\\\/autre\\\/rondelle-de-bouchon\\\/laveur-de-bouchons\\\/\",\"url\":\"https:\\\/\\\/woedonline.nl\\\/fr\\\/shop\\\/autre\\\/rondelle-de-bouchon\\\/laveur-de-bouchons\\\/\",\"name\":\"Woed\u00ae Nettoyant pour casquettes %sep%% Lavez votre casquette au lave-vaisselle !\",\"isPartOf\":{\"@id\":\"https:\\\/\\\/woedonline.nl\\\/fr\\\/#website\"},\"primaryImageOfPage\":{\"@id\":\"https:\\\/\\\/woedonline.nl\\\/fr\\\/shop\\\/autre\\\/rondelle-de-bouchon\\\/laveur-de-bouchons\\\/#primaryimage\"},\"image\":{\"@id\":\"https:\\\/\\\/woedonline.nl\\\/fr\\\/shop\\\/autre\\\/rondelle-de-bouchon\\\/laveur-de-bouchons\\\/#primaryimage\"},\"thumbnailUrl\":\"https:\\\/\\\/woedonline.nl\\\/wp-content\\\/uploads\\\/2021\\\/10\\\/Woed-Cap-washer-2023-3.jpg\",\"datePublished\":\"2023-05-08T06:53:28+00:00\",\"dateModified\":\"2026-04-13T11:50:08+00:00\",\"description\":\"Vos bouchons sont-ils sales ? Nettoyez maintenant vos bouchons au lave-vaisselle gr\u00e2ce \u00e0 la rondelle de bouchon Woed! Le capuchon est propre et conserve sa forme gr\u00e2ce au capuchon Washer Woed.\",\"breadcrumb\":{\"@id\":\"https:\\\/\\\/woedonline.nl\\\/fr\\\/shop\\\/autre\\\/rondelle-de-bouchon\\\/laveur-de-bouchons\\\/#breadcrumb\"},\"inLanguage\":\"fr-FR\",\"potentialAction\":[{\"@type\":\"ReadAction\",\"target\":[\"https:\\\/\\\/woedonline.nl\\\/fr\\\/shop\\\/autre\\\/rondelle-de-bouchon\\\/laveur-de-bouchons\\\/\"]}]},{\"@type\":\"ImageObject\",\"inLanguage\":\"fr-FR\",\"@id\":\"https:\\\/\\\/woedonline.nl\\\/fr\\\/shop\\\/autre\\\/rondelle-de-bouchon\\\/laveur-de-bouchons\\\/#primaryimage\",\"url\":\"https:\\\/\\\/woedonline.nl\\\/wp-content\\\/uploads\\\/2021\\\/10\\\/Woed-Cap-washer-2023-3.jpg\",\"contentUrl\":\"https:\\\/\\\/woedonline.nl\\\/wp-content\\\/uploads\\\/2021\\\/10\\\/Woed-Cap-washer-2023-3.jpg\",\"width\":1000,\"height\":1000},{\"@type\":\"BreadcrumbList\",\"@id\":\"https:\\\/\\\/woedonline.nl\\\/fr\\\/shop\\\/autre\\\/rondelle-de-bouchon\\\/laveur-de-bouchons\\\/#breadcrumb\",\"itemListElement\":[{\"@type\":\"ListItem\",\"position\":1,\"name\":\"Accueil\",\"item\":\"https:\\\/\\\/woedonline.nl\\\/fr\\\/\"},{\"@type\":\"ListItem\",\"position\":2,\"name\":\"Boutique\",\"item\":\"https:\\\/\\\/woedonline.nl\\\/fr\\\/boutique\\\/\"},{\"@type\":\"ListItem\",\"position\":3,\"name\":\"Woed\u00ae Nettoyant pour casquettes\"}]},{\"@type\":\"WebSite\",\"@id\":\"https:\\\/\\\/woedonline.nl\\\/fr\\\/#website\",\"url\":\"https:\\\/\\\/woedonline.nl\\\/fr\\\/\",\"name\":\"Woed\",\"description\":\"Kurk petten, houten horloges en houten zonnebrillen\",\"publisher\":{\"@id\":\"https:\\\/\\\/woedonline.nl\\\/fr\\\/#organization\"},\"alternateName\":\"W\",\"potentialAction\":[{\"@type\":\"SearchAction\",\"target\":{\"@type\":\"EntryPoint\",\"urlTemplate\":\"https:\\\/\\\/woedonline.nl\\\/fr\\\/?s={search_term_string}\"},\"query-input\":{\"@type\":\"PropertyValueSpecification\",\"valueRequired\":true,\"valueName\":\"search_term_string\"}}],\"inLanguage\":\"fr-FR\"},{\"@type\":\"Organization\",\"@id\":\"https:\\\/\\\/woedonline.nl\\\/fr\\\/#organization\",\"name\":\"Woed\",\"alternateName\":\"W\",\"url\":\"https:\\\/\\\/woedonline.nl\\\/fr\\\/\",\"logo\":{\"@type\":\"ImageObject\",\"inLanguage\":\"fr-FR\",\"@id\":\"https:\\\/\\\/woedonline.nl\\\/fr\\\/#\\\/schema\\\/logo\\\/image\\\/\",\"url\":\"https:\\\/\\\/woedonline.nl\\\/wp-content\\\/uploads\\\/2016\\\/05\\\/Wood-logo-name-png.png\",\"contentUrl\":\"https:\\\/\\\/woedonline.nl\\\/wp-content\\\/uploads\\\/2016\\\/05\\\/Wood-logo-name-png.png\",\"width\":250,\"height\":89,\"caption\":\"Woed\"},\"image\":{\"@id\":\"https:\\\/\\\/woedonline.nl\\\/fr\\\/#\\\/schema\\\/logo\\\/image\\\/\"},\"sameAs\":[\"https:\\\/\\\/www.facebook.com\\\/Woedshop\\\/\",\"https:\\\/\\\/www.instagram.com\\\/woed.eu\"]}]}<\/script>\n<!-- \/ Yoast SEO plugin. -->","yoast_head_json":{"title":"Woed\u00ae Nettoyant pour casquettes %sep%% Lavez votre casquette au lave-vaisselle !","description":"Vos bouchons sont-ils sales ? Nettoyez maintenant vos bouchons au lave-vaisselle gr\u00e2ce \u00e0 la rondelle de bouchon Woed! Le capuchon est propre et conserve sa forme gr\u00e2ce au capuchon Washer Woed.","robots":{"index":"index","follow":"follow","max-snippet":"max-snippet:-1","max-image-preview":"max-image-preview:large","max-video-preview":"max-video-preview:-1"},"canonical":"https:\/\/woedonline.nl\/fr\/shop\/autre\/rondelle-de-bouchon\/laveur-de-bouchons\/","og_locale":"fr_FR","og_type":"article","og_title":"Woed\u00ae Nettoyant pour casquettes %sep%% Lavez votre casquette au lave-vaisselle !","og_description":"Vos bouchons sont-ils sales ? Nettoyez maintenant vos bouchons au lave-vaisselle gr\u00e2ce \u00e0 la rondelle de bouchon Woed! Le capuchon est propre et conserve sa forme gr\u00e2ce au capuchon Washer Woed.","og_url":"https:\/\/woedonline.nl\/fr\/shop\/autre\/rondelle-de-bouchon\/laveur-de-bouchons\/","og_site_name":"Woed","article_publisher":"https:\/\/www.facebook.com\/Woedshop\/","article_modified_time":"2026-04-13T11:50:08+00:00","og_image":[{"width":1000,"height":1000,"url":"https:\/\/woedonline.nl\/wp-content\/uploads\/2021\/10\/Woed-Cap-washer-2023-3.jpg","type":"image\/jpeg"}],"twitter_card":"summary_large_image","twitter_misc":{"Dur\u00e9e de lecture estim\u00e9e":"1 minute"},"schema":{"@context":"https:\/\/schema.org","@graph":[{"@type":"WebPage","@id":"https:\/\/woedonline.nl\/fr\/shop\/autre\/rondelle-de-bouchon\/laveur-de-bouchons\/","url":"https:\/\/woedonline.nl\/fr\/shop\/autre\/rondelle-de-bouchon\/laveur-de-bouchons\/","name":"Woed\u00ae Nettoyant pour casquettes %sep%% Lavez votre casquette au lave-vaisselle !","isPartOf":{"@id":"https:\/\/woedonline.nl\/fr\/#website"},"primaryImageOfPage":{"@id":"https:\/\/woedonline.nl\/fr\/shop\/autre\/rondelle-de-bouchon\/laveur-de-bouchons\/#primaryimage"},"image":{"@id":"https:\/\/woedonline.nl\/fr\/shop\/autre\/rondelle-de-bouchon\/laveur-de-bouchons\/#primaryimage"},"thumbnailUrl":"https:\/\/woedonline.nl\/wp-content\/uploads\/2021\/10\/Woed-Cap-washer-2023-3.jpg","datePublished":"2023-05-08T06:53:28+00:00","dateModified":"2026-04-13T11:50:08+00:00","description":"Vos bouchons sont-ils sales ? Nettoyez maintenant vos bouchons au lave-vaisselle gr\u00e2ce \u00e0 la rondelle de bouchon Woed! Le capuchon est propre et conserve sa forme gr\u00e2ce au capuchon Washer Woed.","breadcrumb":{"@id":"https:\/\/woedonline.nl\/fr\/shop\/autre\/rondelle-de-bouchon\/laveur-de-bouchons\/#breadcrumb"},"inLanguage":"fr-FR","potentialAction":[{"@type":"ReadAction","target":["https:\/\/woedonline.nl\/fr\/shop\/autre\/rondelle-de-bouchon\/laveur-de-bouchons\/"]}]},{"@type":"ImageObject","inLanguage":"fr-FR","@id":"https:\/\/woedonline.nl\/fr\/shop\/autre\/rondelle-de-bouchon\/laveur-de-bouchons\/#primaryimage","url":"https:\/\/woedonline.nl\/wp-content\/uploads\/2021\/10\/Woed-Cap-washer-2023-3.jpg","contentUrl":"https:\/\/woedonline.nl\/wp-content\/uploads\/2021\/10\/Woed-Cap-washer-2023-3.jpg","width":1000,"height":1000},{"@type":"BreadcrumbList","@id":"https:\/\/woedonline.nl\/fr\/shop\/autre\/rondelle-de-bouchon\/laveur-de-bouchons\/#breadcrumb","itemListElement":[{"@type":"ListItem","position":1,"name":"Accueil","item":"https:\/\/woedonline.nl\/fr\/"},{"@type":"ListItem","position":2,"name":"Boutique","item":"https:\/\/woedonline.nl\/fr\/boutique\/"},{"@type":"ListItem","position":3,"name":"Woed\u00ae Nettoyant pour casquettes"}]},{"@type":"WebSite","@id":"https:\/\/woedonline.nl\/fr\/#website","url":"https:\/\/woedonline.nl\/fr\/","name":"Woed","description":"Kurk petten, houten horloges en houten zonnebrillen","publisher":{"@id":"https:\/\/woedonline.nl\/fr\/#organization"},"alternateName":"W","potentialAction":[{"@type":"SearchAction","target":{"@type":"EntryPoint","urlTemplate":"https:\/\/woedonline.nl\/fr\/?s={search_term_string}"},"query-input":{"@type":"PropertyValueSpecification","valueRequired":true,"valueName":"search_term_string"}}],"inLanguage":"fr-FR"},{"@type":"Organization","@id":"https:\/\/woedonline.nl\/fr\/#organization","name":"Woed","alternateName":"W","url":"https:\/\/woedonline.nl\/fr\/","logo":{"@type":"ImageObject","inLanguage":"fr-FR","@id":"https:\/\/woedonline.nl\/fr\/#\/schema\/logo\/image\/","url":"https:\/\/woedonline.nl\/wp-content\/uploads\/2016\/05\/Wood-logo-name-png.png","contentUrl":"https:\/\/woedonline.nl\/wp-content\/uploads\/2016\/05\/Wood-logo-name-png.png","width":250,"height":89,"caption":"Woed"},"image":{"@id":"https:\/\/woedonline.nl\/fr\/#\/schema\/logo\/image\/"},"sameAs":["https:\/\/www.facebook.com\/Woedshop\/","https:\/\/www.instagram.com\/woed.eu"]}]}},"_links":{"self":[{"href":"https:\/\/woedonline.nl\/fr\/wp-json\/wp\/v2\/product\/323833","targetHints":{"allow":["GET"]}}],"collection":[{"href":"https:\/\/woedonline.nl\/fr\/wp-json\/wp\/v2\/product"}],"about":[{"href":"https:\/\/woedonline.nl\/fr\/wp-json\/wp\/v2\/types\/product"}],"replies":[{"embeddable":true,"href":"https:\/\/woedonline.nl\/fr\/wp-json\/wp\/v2\/comments?post=323833"}],"wp:featuredmedia":[{"embeddable":true,"href":"https:\/\/woedonline.nl\/fr\/wp-json\/wp\/v2\/media\/350119"}],"wp:attachment":[{"href":"https:\/\/woedonline.nl\/fr\/wp-json\/wp\/v2\/media?parent=323833"}],"wp:term":[{"taxonomy":"product_brand","embeddable":true,"href":"https:\/\/woedonline.nl\/fr\/wp-json\/wp\/v2\/product_brand?post=323833"},{"taxonomy":"product_cat","embeddable":true,"href":"https:\/\/woedonline.nl\/fr\/wp-json\/wp\/v2\/product_cat?post=323833"},{"taxonomy":"product_tag","embeddable":true,"href":"https:\/\/woedonline.nl\/fr\/wp-json\/wp\/v2\/product_tag?post=323833"}],"curies":[{"name":"wp","href":"https:\/\/api.w.org\/{rel}","templated":true}]}}