{"id":323791,"date":"2022-11-27T11:32:30","date_gmt":"2022-11-27T09:32:30","guid":{"rendered":"https:\/\/woedonline.nl\/shop\/non%20class\u00e9\/snapback-foret-grise\/"},"modified":"2026-04-25T05:05:31","modified_gmt":"2026-04-25T03:05:31","slug":"foret-grise-fr","status":"publish","type":"product","link":"https:\/\/woedonline.nl\/fr\/shop\/toutes-les-capsules\/strapback-fr\/foret-grise-fr\/","title":{"rendered":"Strapback | Gris for\u00eat"},"content":{"rendered":"<p>La casquette Grey Forest Strapback est un accessoire \u00e9l\u00e9gant et unique, de couleur gris fonc\u00e9. La casquette est fabriqu\u00e9e \u00e0 100 % en acrylique, ce qui la rend durable et agr\u00e9able \u00e0 porter. Le rabat sur le devant de la casquette est en li\u00e8ge, ce qui ajoute une texture unique et un \u00e9l\u00e9ment naturel au design. Le panneau avant de la casquette est orn\u00e9 d&rsquo;un logo rond brod\u00e9 en 3D, ce qui donne \u00e0 la casquette un aspect audacieux et accrocheur. L&rsquo;illustration sous le rabat s&rsquo;inspire d&rsquo;une for\u00eat ancienne, avec des d\u00e9tails complexes et une palette de couleurs sombres qui contribuent \u00e0 l&rsquo;esth\u00e9tique g\u00e9n\u00e9rale de la casquette. Baptis\u00e9e \"Grey Forest\", cette casquette est parfaite pour les amateurs d&rsquo;accessoires \u00e9l\u00e9gants et uniques qui rendent \u00e9galement hommage \u00e0 la nature. Que vous soyez dans la rue ou sur les sentiers, cette casquette snapback ne manquera pas de faire parler d&rsquo;elle.      <\/p>\n","protected":false},"excerpt":{"rendered":"<p><i class=\"icon-checkmark\" style=\"color: green;\"><\/i><br \/>\n<i class=\"icon-checkmark\" style=\"color: green;\"><\/i><br \/>\n<i class=\"icon-checkmark\" style=\"color: green;\"><\/i><br \/>\n<i class=\"icon-checkmark\" style=\"color: green;\"><\/i><br \/>\n<i class=\"icon-checkmark\" style=\"color: green;\"><\/i><br \/>\n<i class=\"icon-checkmark\" style=\"color: green;\"><\/i><br \/>\n<i class=\"icon-heart-o\" style=\"color: red;\"><\/i> Casquette \u00e0 6 panneaux Taille unique - (55-60 cm) Mat\u00e9riau de haute qualit\u00e9 100% naturel Fabriqu\u00e9 avec du li\u00e8ge v\u00e9ritable L\u00e9ger et confortable Con\u00e7u aux Pays-Bas<\/p>\n","protected":false},"featured_media":326562,"comment_status":"open","ping_status":"closed","template":"","meta":[],"product_brand":[],"product_cat":[1098,733],"product_tag":[553,551],"class_list":{"0":"post-323791","1":"product","2":"type-product","3":"status-publish","4":"has-post-thumbnail","6":"product_cat-strapback-fr","7":"product_cat-toutes-les-capsules","8":"product_tag-adulte","9":"product_tag-snapback-fr","10":"product_shipping_class-paquet","12":"first","13":"instock","14":"taxable","15":"shipping-taxable","16":"purchasable","17":"product-type-simple"},"yoast_head":"<!-- This site is optimized with the Yoast SEO plugin v27.4 - https:\/\/yoast.com\/product\/yoast-seo-wordpress\/ -->\n<title>The Official Woed Cork Strapback | Grey Forest<\/title>\n<meta name=\"description\" content=\"Le Strapback Grey Forest est un accessoire \u00e9l\u00e9gant et unique, de couleur gris fonc\u00e9. La casquette est fabriqu\u00e9e en 100% acrylique, ce qui la rend durable et confortable \u00e0 porter.\" \/>\n<meta name=\"robots\" content=\"index, follow, max-snippet:-1, max-image-preview:large, max-video-preview:-1\" \/>\n<link rel=\"canonical\" href=\"https:\/\/woedonline.nl\/fr\/shop\/toutes-les-capsules\/strapback-fr\/foret-grise-fr\/\" \/>\n<meta property=\"og:locale\" content=\"fr_FR\" \/>\n<meta property=\"og:type\" content=\"article\" \/>\n<meta property=\"og:title\" content=\"The Official Woed Cork Strapback | Grey Forest\" \/>\n<meta property=\"og:description\" content=\"Le Strapback Grey Forest est un accessoire \u00e9l\u00e9gant et unique, de couleur gris fonc\u00e9. La casquette est fabriqu\u00e9e en 100% acrylique, ce qui la rend durable et confortable \u00e0 porter.\" \/>\n<meta property=\"og:url\" content=\"https:\/\/woedonline.nl\/fr\/shop\/toutes-les-capsules\/strapback-fr\/foret-grise-fr\/\" \/>\n<meta property=\"og:site_name\" content=\"Woed\" \/>\n<meta property=\"article:publisher\" content=\"https:\/\/www.facebook.com\/Woedshop\/\" \/>\n<meta property=\"article:modified_time\" content=\"2026-04-25T03:05:31+00:00\" \/>\n<meta property=\"og:image\" content=\"https:\/\/woedonline.nl\/wp-content\/uploads\/2022\/12\/Woed-Grey-Forest-2023-1.jpg\" \/>\n\t<meta property=\"og:image:width\" content=\"1000\" \/>\n\t<meta property=\"og:image:height\" content=\"1000\" \/>\n\t<meta property=\"og:image:type\" content=\"image\/jpeg\" \/>\n<meta name=\"twitter:card\" content=\"summary_large_image\" \/>\n<meta name=\"twitter:label1\" content=\"Dur\u00e9e de lecture estim\u00e9e\" \/>\n\t<meta name=\"twitter:data1\" content=\"1 minute\" \/>\n<script type=\"application\/ld+json\" class=\"yoast-schema-graph\">{\"@context\":\"https:\\\/\\\/schema.org\",\"@graph\":[{\"@type\":\"WebPage\",\"@id\":\"https:\\\/\\\/woedonline.nl\\\/fr\\\/shop\\\/toutes-les-capsules\\\/strapback-fr\\\/foret-grise-fr\\\/\",\"url\":\"https:\\\/\\\/woedonline.nl\\\/fr\\\/shop\\\/toutes-les-capsules\\\/strapback-fr\\\/foret-grise-fr\\\/\",\"name\":\"The Official Woed Cork Strapback | Grey Forest\",\"isPartOf\":{\"@id\":\"https:\\\/\\\/woedonline.nl\\\/fr\\\/#website\"},\"primaryImageOfPage\":{\"@id\":\"https:\\\/\\\/woedonline.nl\\\/fr\\\/shop\\\/toutes-les-capsules\\\/strapback-fr\\\/foret-grise-fr\\\/#primaryimage\"},\"image\":{\"@id\":\"https:\\\/\\\/woedonline.nl\\\/fr\\\/shop\\\/toutes-les-capsules\\\/strapback-fr\\\/foret-grise-fr\\\/#primaryimage\"},\"thumbnailUrl\":\"https:\\\/\\\/woedonline.nl\\\/wp-content\\\/uploads\\\/2022\\\/12\\\/Woed-Grey-Forest-2023-1.jpg\",\"datePublished\":\"2022-11-27T09:32:30+00:00\",\"dateModified\":\"2026-04-25T03:05:31+00:00\",\"description\":\"Le Strapback Grey Forest est un accessoire \u00e9l\u00e9gant et unique, de couleur gris fonc\u00e9. La casquette est fabriqu\u00e9e en 100% acrylique, ce qui la rend durable et confortable \u00e0 porter.\",\"breadcrumb\":{\"@id\":\"https:\\\/\\\/woedonline.nl\\\/fr\\\/shop\\\/toutes-les-capsules\\\/strapback-fr\\\/foret-grise-fr\\\/#breadcrumb\"},\"inLanguage\":\"fr-FR\",\"potentialAction\":[{\"@type\":\"ReadAction\",\"target\":[\"https:\\\/\\\/woedonline.nl\\\/fr\\\/shop\\\/toutes-les-capsules\\\/strapback-fr\\\/foret-grise-fr\\\/\"]}]},{\"@type\":\"ImageObject\",\"inLanguage\":\"fr-FR\",\"@id\":\"https:\\\/\\\/woedonline.nl\\\/fr\\\/shop\\\/toutes-les-capsules\\\/strapback-fr\\\/foret-grise-fr\\\/#primaryimage\",\"url\":\"https:\\\/\\\/woedonline.nl\\\/wp-content\\\/uploads\\\/2022\\\/12\\\/Woed-Grey-Forest-2023-1.jpg\",\"contentUrl\":\"https:\\\/\\\/woedonline.nl\\\/wp-content\\\/uploads\\\/2022\\\/12\\\/Woed-Grey-Forest-2023-1.jpg\",\"width\":1000,\"height\":1000},{\"@type\":\"BreadcrumbList\",\"@id\":\"https:\\\/\\\/woedonline.nl\\\/fr\\\/shop\\\/toutes-les-capsules\\\/strapback-fr\\\/foret-grise-fr\\\/#breadcrumb\",\"itemListElement\":[{\"@type\":\"ListItem\",\"position\":1,\"name\":\"Accueil\",\"item\":\"https:\\\/\\\/woedonline.nl\\\/fr\\\/\"},{\"@type\":\"ListItem\",\"position\":2,\"name\":\"Boutique\",\"item\":\"https:\\\/\\\/woedonline.nl\\\/fr\\\/boutique\\\/\"},{\"@type\":\"ListItem\",\"position\":3,\"name\":\"Strapback | Gris for\u00eat\"}]},{\"@type\":\"WebSite\",\"@id\":\"https:\\\/\\\/woedonline.nl\\\/fr\\\/#website\",\"url\":\"https:\\\/\\\/woedonline.nl\\\/fr\\\/\",\"name\":\"Woed\",\"description\":\"Kurk petten, houten horloges en houten zonnebrillen\",\"publisher\":{\"@id\":\"https:\\\/\\\/woedonline.nl\\\/fr\\\/#organization\"},\"alternateName\":\"W\",\"potentialAction\":[{\"@type\":\"SearchAction\",\"target\":{\"@type\":\"EntryPoint\",\"urlTemplate\":\"https:\\\/\\\/woedonline.nl\\\/fr\\\/?s={search_term_string}\"},\"query-input\":{\"@type\":\"PropertyValueSpecification\",\"valueRequired\":true,\"valueName\":\"search_term_string\"}}],\"inLanguage\":\"fr-FR\"},{\"@type\":\"Organization\",\"@id\":\"https:\\\/\\\/woedonline.nl\\\/fr\\\/#organization\",\"name\":\"Woed\",\"alternateName\":\"W\",\"url\":\"https:\\\/\\\/woedonline.nl\\\/fr\\\/\",\"logo\":{\"@type\":\"ImageObject\",\"inLanguage\":\"fr-FR\",\"@id\":\"https:\\\/\\\/woedonline.nl\\\/fr\\\/#\\\/schema\\\/logo\\\/image\\\/\",\"url\":\"https:\\\/\\\/woedonline.nl\\\/wp-content\\\/uploads\\\/2016\\\/05\\\/Wood-logo-name-png.png\",\"contentUrl\":\"https:\\\/\\\/woedonline.nl\\\/wp-content\\\/uploads\\\/2016\\\/05\\\/Wood-logo-name-png.png\",\"width\":250,\"height\":89,\"caption\":\"Woed\"},\"image\":{\"@id\":\"https:\\\/\\\/woedonline.nl\\\/fr\\\/#\\\/schema\\\/logo\\\/image\\\/\"},\"sameAs\":[\"https:\\\/\\\/www.facebook.com\\\/Woedshop\\\/\",\"https:\\\/\\\/www.instagram.com\\\/woed.eu\"]}]}<\/script>\n<!-- \/ Yoast SEO plugin. -->","yoast_head_json":{"title":"The Official Woed Cork Strapback | Grey Forest","description":"Le Strapback Grey Forest est un accessoire \u00e9l\u00e9gant et unique, de couleur gris fonc\u00e9. La casquette est fabriqu\u00e9e en 100% acrylique, ce qui la rend durable et confortable \u00e0 porter.","robots":{"index":"index","follow":"follow","max-snippet":"max-snippet:-1","max-image-preview":"max-image-preview:large","max-video-preview":"max-video-preview:-1"},"canonical":"https:\/\/woedonline.nl\/fr\/shop\/toutes-les-capsules\/strapback-fr\/foret-grise-fr\/","og_locale":"fr_FR","og_type":"article","og_title":"The Official Woed Cork Strapback | Grey Forest","og_description":"Le Strapback Grey Forest est un accessoire \u00e9l\u00e9gant et unique, de couleur gris fonc\u00e9. La casquette est fabriqu\u00e9e en 100% acrylique, ce qui la rend durable et confortable \u00e0 porter.","og_url":"https:\/\/woedonline.nl\/fr\/shop\/toutes-les-capsules\/strapback-fr\/foret-grise-fr\/","og_site_name":"Woed","article_publisher":"https:\/\/www.facebook.com\/Woedshop\/","article_modified_time":"2026-04-25T03:05:31+00:00","og_image":[{"width":1000,"height":1000,"url":"https:\/\/woedonline.nl\/wp-content\/uploads\/2022\/12\/Woed-Grey-Forest-2023-1.jpg","type":"image\/jpeg"}],"twitter_card":"summary_large_image","twitter_misc":{"Dur\u00e9e de lecture estim\u00e9e":"1 minute"},"schema":{"@context":"https:\/\/schema.org","@graph":[{"@type":"WebPage","@id":"https:\/\/woedonline.nl\/fr\/shop\/toutes-les-capsules\/strapback-fr\/foret-grise-fr\/","url":"https:\/\/woedonline.nl\/fr\/shop\/toutes-les-capsules\/strapback-fr\/foret-grise-fr\/","name":"The Official Woed Cork Strapback | Grey Forest","isPartOf":{"@id":"https:\/\/woedonline.nl\/fr\/#website"},"primaryImageOfPage":{"@id":"https:\/\/woedonline.nl\/fr\/shop\/toutes-les-capsules\/strapback-fr\/foret-grise-fr\/#primaryimage"},"image":{"@id":"https:\/\/woedonline.nl\/fr\/shop\/toutes-les-capsules\/strapback-fr\/foret-grise-fr\/#primaryimage"},"thumbnailUrl":"https:\/\/woedonline.nl\/wp-content\/uploads\/2022\/12\/Woed-Grey-Forest-2023-1.jpg","datePublished":"2022-11-27T09:32:30+00:00","dateModified":"2026-04-25T03:05:31+00:00","description":"Le Strapback Grey Forest est un accessoire \u00e9l\u00e9gant et unique, de couleur gris fonc\u00e9. La casquette est fabriqu\u00e9e en 100% acrylique, ce qui la rend durable et confortable \u00e0 porter.","breadcrumb":{"@id":"https:\/\/woedonline.nl\/fr\/shop\/toutes-les-capsules\/strapback-fr\/foret-grise-fr\/#breadcrumb"},"inLanguage":"fr-FR","potentialAction":[{"@type":"ReadAction","target":["https:\/\/woedonline.nl\/fr\/shop\/toutes-les-capsules\/strapback-fr\/foret-grise-fr\/"]}]},{"@type":"ImageObject","inLanguage":"fr-FR","@id":"https:\/\/woedonline.nl\/fr\/shop\/toutes-les-capsules\/strapback-fr\/foret-grise-fr\/#primaryimage","url":"https:\/\/woedonline.nl\/wp-content\/uploads\/2022\/12\/Woed-Grey-Forest-2023-1.jpg","contentUrl":"https:\/\/woedonline.nl\/wp-content\/uploads\/2022\/12\/Woed-Grey-Forest-2023-1.jpg","width":1000,"height":1000},{"@type":"BreadcrumbList","@id":"https:\/\/woedonline.nl\/fr\/shop\/toutes-les-capsules\/strapback-fr\/foret-grise-fr\/#breadcrumb","itemListElement":[{"@type":"ListItem","position":1,"name":"Accueil","item":"https:\/\/woedonline.nl\/fr\/"},{"@type":"ListItem","position":2,"name":"Boutique","item":"https:\/\/woedonline.nl\/fr\/boutique\/"},{"@type":"ListItem","position":3,"name":"Strapback | Gris for\u00eat"}]},{"@type":"WebSite","@id":"https:\/\/woedonline.nl\/fr\/#website","url":"https:\/\/woedonline.nl\/fr\/","name":"Woed","description":"Kurk petten, houten horloges en houten zonnebrillen","publisher":{"@id":"https:\/\/woedonline.nl\/fr\/#organization"},"alternateName":"W","potentialAction":[{"@type":"SearchAction","target":{"@type":"EntryPoint","urlTemplate":"https:\/\/woedonline.nl\/fr\/?s={search_term_string}"},"query-input":{"@type":"PropertyValueSpecification","valueRequired":true,"valueName":"search_term_string"}}],"inLanguage":"fr-FR"},{"@type":"Organization","@id":"https:\/\/woedonline.nl\/fr\/#organization","name":"Woed","alternateName":"W","url":"https:\/\/woedonline.nl\/fr\/","logo":{"@type":"ImageObject","inLanguage":"fr-FR","@id":"https:\/\/woedonline.nl\/fr\/#\/schema\/logo\/image\/","url":"https:\/\/woedonline.nl\/wp-content\/uploads\/2016\/05\/Wood-logo-name-png.png","contentUrl":"https:\/\/woedonline.nl\/wp-content\/uploads\/2016\/05\/Wood-logo-name-png.png","width":250,"height":89,"caption":"Woed"},"image":{"@id":"https:\/\/woedonline.nl\/fr\/#\/schema\/logo\/image\/"},"sameAs":["https:\/\/www.facebook.com\/Woedshop\/","https:\/\/www.instagram.com\/woed.eu"]}]}},"_links":{"self":[{"href":"https:\/\/woedonline.nl\/fr\/wp-json\/wp\/v2\/product\/323791","targetHints":{"allow":["GET"]}}],"collection":[{"href":"https:\/\/woedonline.nl\/fr\/wp-json\/wp\/v2\/product"}],"about":[{"href":"https:\/\/woedonline.nl\/fr\/wp-json\/wp\/v2\/types\/product"}],"replies":[{"embeddable":true,"href":"https:\/\/woedonline.nl\/fr\/wp-json\/wp\/v2\/comments?post=323791"}],"wp:featuredmedia":[{"embeddable":true,"href":"https:\/\/woedonline.nl\/fr\/wp-json\/wp\/v2\/media\/326562"}],"wp:attachment":[{"href":"https:\/\/woedonline.nl\/fr\/wp-json\/wp\/v2\/media?parent=323791"}],"wp:term":[{"taxonomy":"product_brand","embeddable":true,"href":"https:\/\/woedonline.nl\/fr\/wp-json\/wp\/v2\/product_brand?post=323791"},{"taxonomy":"product_cat","embeddable":true,"href":"https:\/\/woedonline.nl\/fr\/wp-json\/wp\/v2\/product_cat?post=323791"},{"taxonomy":"product_tag","embeddable":true,"href":"https:\/\/woedonline.nl\/fr\/wp-json\/wp\/v2\/product_tag?post=323791"}],"curies":[{"name":"wp","href":"https:\/\/api.w.org\/{rel}","templated":true}]}}