{"id":323765,"date":"2023-04-19T11:05:41","date_gmt":"2023-04-19T09:05:41","guid":{"rendered":"https:\/\/woedonline.nl\/shop\/non%20class\u00e9\/lunettes-de-soleil-wayfarer-dark-sun\/"},"modified":"2026-04-09T23:27:34","modified_gmt":"2026-04-09T21:27:34","slug":"soleil-couchant","status":"publish","type":"product","link":"https:\/\/woedonline.nl\/fr\/shop\/lunettes-de-soleil-en-bois\/wayfarer-fr\/soleil-couchant\/","title":{"rendered":"Lunettes de soleil wayfarer | Dark Sun"},"content":{"rendered":"<div>Voici les lunettes de soleil \"Dark Sun\" Wayfarer de Woed, un must-have styl\u00e9 pour toutes les journ\u00e9es ensoleill\u00e9es ! Avec une monture en plastique noir mat et des pieds en bois marron fonc\u00e9, ces lunettes de soleil respirent la classe. La combinaison des mat\u00e9riaux cr\u00e9e un look unique qui se d\u00e9marque de la foule. Les lentilles ne sont pas seulement noires \u00e0 la mode, elles offrent \u00e9galement une protection 400UV, prot\u00e9geant ainsi vos yeux des rayons nocifs.   <\/div>\n<div><\/div>\n<div>Avec le \"Dark Sun\", vous n&rsquo;avez pas \u00e0 faire de compromis sur le style ou la protection. Que vous soyez \u00e0 la plage, en terrasse ou en ville, ces lunettes de soleil ajoutent une touche d&rsquo;\u00e9l\u00e9gance \u00e0 toutes vos tenues. <\/div>\n<div><\/div>\n<div>En prime, les lunettes de soleil sont livr\u00e9es avec un chiffon de nettoyage pratique et une pochette de rangement, afin que vous puissiez les conserver en toute s\u00e9curit\u00e9 lorsque vous ne les portez pas pendant un certain temps. Choisissez le \"Dark Sun\" et faites-vous remarquer avec vos accessoires ! <\/div>\n","protected":false},"excerpt":{"rendered":"<p>\u2714Pour elle et lui \u2714100% de mat\u00e9riaux naturels \u2714R\u00e9sistant \u00e0 l&rsquo;eau \u2714L\u00e9ger et confortable \u2714Pied en bois v\u00e9ritable \u2714Umpple protection gr\u00e2ce au verre UV-400 \u2714Incluant une pochette de rangement et un chiffon de polissage<\/p>\n","protected":false},"featured_media":319868,"comment_status":"open","ping_status":"closed","template":"","meta":[],"product_brand":[],"product_cat":[559],"product_tag":[549,550],"class_list":{"0":"post-323765","1":"product","2":"type-product","3":"status-publish","4":"has-post-thumbnail","6":"product_cat-wayfarer-fr","7":"product_tag-lunettes-de-soleil","8":"product_tag-wayfarer-fr","9":"product_shipping_class-armbanden-horloge-zonnebrillen-fr","11":"first","12":"instock","13":"taxable","14":"shipping-taxable","15":"purchasable","16":"product-type-simple"},"yoast_head":"<!-- This site is optimized with the Yoast SEO plugin v27.4 - https:\/\/yoast.com\/product\/yoast-seo-wordpress\/ -->\n<title>WOED | Lunettes de soleil en bois Wayfarer | Dark Sun - 24.95<\/title>\n<meta name=\"description\" content=\"WOED | Pour tous vos accessoires en bois ! Lunettes de soleil en bois de couleur noire. Une paire unique de lunettes de soleil de haute qualit\u00e9.\" \/>\n<meta name=\"robots\" content=\"index, follow, max-snippet:-1, max-image-preview:large, max-video-preview:-1\" \/>\n<link rel=\"canonical\" href=\"https:\/\/woedonline.nl\/fr\/shop\/lunettes-de-soleil-en-bois\/wayfarer-fr\/soleil-couchant\/\" \/>\n<meta property=\"og:locale\" content=\"fr_FR\" \/>\n<meta property=\"og:type\" content=\"article\" \/>\n<meta property=\"og:title\" content=\"WOED | Lunettes de soleil en bois Wayfarer | Dark Sun - 24.95\" \/>\n<meta property=\"og:description\" content=\"WOED | Pour tous vos accessoires en bois ! Lunettes de soleil en bois de couleur noire. Une paire unique de lunettes de soleil de haute qualit\u00e9.\" \/>\n<meta property=\"og:url\" content=\"https:\/\/woedonline.nl\/fr\/shop\/lunettes-de-soleil-en-bois\/wayfarer-fr\/soleil-couchant\/\" \/>\n<meta property=\"og:site_name\" content=\"Woed\" \/>\n<meta property=\"article:publisher\" content=\"https:\/\/www.facebook.com\/Woedshop\/\" \/>\n<meta property=\"article:modified_time\" content=\"2026-04-09T21:27:34+00:00\" \/>\n<meta property=\"og:image\" content=\"https:\/\/woedonline.nl\/wp-content\/uploads\/2022\/01\/wayfarer-dark-sun-2.jpg\" \/>\n\t<meta property=\"og:image:width\" content=\"800\" \/>\n\t<meta property=\"og:image:height\" content=\"800\" \/>\n\t<meta property=\"og:image:type\" content=\"image\/jpeg\" \/>\n<meta name=\"twitter:card\" content=\"summary_large_image\" \/>\n<meta name=\"twitter:label1\" content=\"Dur\u00e9e de lecture estim\u00e9e\" \/>\n\t<meta name=\"twitter:data1\" content=\"1 minute\" \/>\n<script type=\"application\/ld+json\" class=\"yoast-schema-graph\">{\"@context\":\"https:\\\/\\\/schema.org\",\"@graph\":[{\"@type\":\"WebPage\",\"@id\":\"https:\\\/\\\/woedonline.nl\\\/fr\\\/shop\\\/lunettes-de-soleil-en-bois\\\/wayfarer-fr\\\/soleil-couchant\\\/\",\"url\":\"https:\\\/\\\/woedonline.nl\\\/fr\\\/shop\\\/lunettes-de-soleil-en-bois\\\/wayfarer-fr\\\/soleil-couchant\\\/\",\"name\":\"WOED | Lunettes de soleil en bois Wayfarer | Dark Sun - 24.95\",\"isPartOf\":{\"@id\":\"https:\\\/\\\/woedonline.nl\\\/fr\\\/#website\"},\"primaryImageOfPage\":{\"@id\":\"https:\\\/\\\/woedonline.nl\\\/fr\\\/shop\\\/lunettes-de-soleil-en-bois\\\/wayfarer-fr\\\/soleil-couchant\\\/#primaryimage\"},\"image\":{\"@id\":\"https:\\\/\\\/woedonline.nl\\\/fr\\\/shop\\\/lunettes-de-soleil-en-bois\\\/wayfarer-fr\\\/soleil-couchant\\\/#primaryimage\"},\"thumbnailUrl\":\"https:\\\/\\\/woedonline.nl\\\/wp-content\\\/uploads\\\/2022\\\/01\\\/wayfarer-dark-sun-2.jpg\",\"datePublished\":\"2023-04-19T09:05:41+00:00\",\"dateModified\":\"2026-04-09T21:27:34+00:00\",\"description\":\"WOED | Pour tous vos accessoires en bois ! Lunettes de soleil en bois de couleur noire. Une paire unique de lunettes de soleil de haute qualit\u00e9.\",\"breadcrumb\":{\"@id\":\"https:\\\/\\\/woedonline.nl\\\/fr\\\/shop\\\/lunettes-de-soleil-en-bois\\\/wayfarer-fr\\\/soleil-couchant\\\/#breadcrumb\"},\"inLanguage\":\"fr-FR\",\"potentialAction\":[{\"@type\":\"ReadAction\",\"target\":[\"https:\\\/\\\/woedonline.nl\\\/fr\\\/shop\\\/lunettes-de-soleil-en-bois\\\/wayfarer-fr\\\/soleil-couchant\\\/\"]}]},{\"@type\":\"ImageObject\",\"inLanguage\":\"fr-FR\",\"@id\":\"https:\\\/\\\/woedonline.nl\\\/fr\\\/shop\\\/lunettes-de-soleil-en-bois\\\/wayfarer-fr\\\/soleil-couchant\\\/#primaryimage\",\"url\":\"https:\\\/\\\/woedonline.nl\\\/wp-content\\\/uploads\\\/2022\\\/01\\\/wayfarer-dark-sun-2.jpg\",\"contentUrl\":\"https:\\\/\\\/woedonline.nl\\\/wp-content\\\/uploads\\\/2022\\\/01\\\/wayfarer-dark-sun-2.jpg\",\"width\":800,\"height\":800},{\"@type\":\"BreadcrumbList\",\"@id\":\"https:\\\/\\\/woedonline.nl\\\/fr\\\/shop\\\/lunettes-de-soleil-en-bois\\\/wayfarer-fr\\\/soleil-couchant\\\/#breadcrumb\",\"itemListElement\":[{\"@type\":\"ListItem\",\"position\":1,\"name\":\"Accueil\",\"item\":\"https:\\\/\\\/woedonline.nl\\\/fr\\\/\"},{\"@type\":\"ListItem\",\"position\":2,\"name\":\"Boutique\",\"item\":\"https:\\\/\\\/woedonline.nl\\\/fr\\\/boutique\\\/\"},{\"@type\":\"ListItem\",\"position\":3,\"name\":\"Lunettes de soleil wayfarer | Dark Sun\"}]},{\"@type\":\"WebSite\",\"@id\":\"https:\\\/\\\/woedonline.nl\\\/fr\\\/#website\",\"url\":\"https:\\\/\\\/woedonline.nl\\\/fr\\\/\",\"name\":\"Woed\",\"description\":\"Kurk petten, houten horloges en houten zonnebrillen\",\"publisher\":{\"@id\":\"https:\\\/\\\/woedonline.nl\\\/fr\\\/#organization\"},\"alternateName\":\"W\",\"potentialAction\":[{\"@type\":\"SearchAction\",\"target\":{\"@type\":\"EntryPoint\",\"urlTemplate\":\"https:\\\/\\\/woedonline.nl\\\/fr\\\/?s={search_term_string}\"},\"query-input\":{\"@type\":\"PropertyValueSpecification\",\"valueRequired\":true,\"valueName\":\"search_term_string\"}}],\"inLanguage\":\"fr-FR\"},{\"@type\":\"Organization\",\"@id\":\"https:\\\/\\\/woedonline.nl\\\/fr\\\/#organization\",\"name\":\"Woed\",\"alternateName\":\"W\",\"url\":\"https:\\\/\\\/woedonline.nl\\\/fr\\\/\",\"logo\":{\"@type\":\"ImageObject\",\"inLanguage\":\"fr-FR\",\"@id\":\"https:\\\/\\\/woedonline.nl\\\/fr\\\/#\\\/schema\\\/logo\\\/image\\\/\",\"url\":\"https:\\\/\\\/woedonline.nl\\\/wp-content\\\/uploads\\\/2016\\\/05\\\/Wood-logo-name-png.png\",\"contentUrl\":\"https:\\\/\\\/woedonline.nl\\\/wp-content\\\/uploads\\\/2016\\\/05\\\/Wood-logo-name-png.png\",\"width\":250,\"height\":89,\"caption\":\"Woed\"},\"image\":{\"@id\":\"https:\\\/\\\/woedonline.nl\\\/fr\\\/#\\\/schema\\\/logo\\\/image\\\/\"},\"sameAs\":[\"https:\\\/\\\/www.facebook.com\\\/Woedshop\\\/\",\"https:\\\/\\\/www.instagram.com\\\/woed.eu\"]}]}<\/script>\n<!-- \/ Yoast SEO plugin. -->","yoast_head_json":{"title":"WOED | Lunettes de soleil en bois Wayfarer | Dark Sun - 24.95","description":"WOED | Pour tous vos accessoires en bois ! Lunettes de soleil en bois de couleur noire. Une paire unique de lunettes de soleil de haute qualit\u00e9.","robots":{"index":"index","follow":"follow","max-snippet":"max-snippet:-1","max-image-preview":"max-image-preview:large","max-video-preview":"max-video-preview:-1"},"canonical":"https:\/\/woedonline.nl\/fr\/shop\/lunettes-de-soleil-en-bois\/wayfarer-fr\/soleil-couchant\/","og_locale":"fr_FR","og_type":"article","og_title":"WOED | Lunettes de soleil en bois Wayfarer | Dark Sun - 24.95","og_description":"WOED | Pour tous vos accessoires en bois ! Lunettes de soleil en bois de couleur noire. Une paire unique de lunettes de soleil de haute qualit\u00e9.","og_url":"https:\/\/woedonline.nl\/fr\/shop\/lunettes-de-soleil-en-bois\/wayfarer-fr\/soleil-couchant\/","og_site_name":"Woed","article_publisher":"https:\/\/www.facebook.com\/Woedshop\/","article_modified_time":"2026-04-09T21:27:34+00:00","og_image":[{"width":800,"height":800,"url":"https:\/\/woedonline.nl\/wp-content\/uploads\/2022\/01\/wayfarer-dark-sun-2.jpg","type":"image\/jpeg"}],"twitter_card":"summary_large_image","twitter_misc":{"Dur\u00e9e de lecture estim\u00e9e":"1 minute"},"schema":{"@context":"https:\/\/schema.org","@graph":[{"@type":"WebPage","@id":"https:\/\/woedonline.nl\/fr\/shop\/lunettes-de-soleil-en-bois\/wayfarer-fr\/soleil-couchant\/","url":"https:\/\/woedonline.nl\/fr\/shop\/lunettes-de-soleil-en-bois\/wayfarer-fr\/soleil-couchant\/","name":"WOED | Lunettes de soleil en bois Wayfarer | Dark Sun - 24.95","isPartOf":{"@id":"https:\/\/woedonline.nl\/fr\/#website"},"primaryImageOfPage":{"@id":"https:\/\/woedonline.nl\/fr\/shop\/lunettes-de-soleil-en-bois\/wayfarer-fr\/soleil-couchant\/#primaryimage"},"image":{"@id":"https:\/\/woedonline.nl\/fr\/shop\/lunettes-de-soleil-en-bois\/wayfarer-fr\/soleil-couchant\/#primaryimage"},"thumbnailUrl":"https:\/\/woedonline.nl\/wp-content\/uploads\/2022\/01\/wayfarer-dark-sun-2.jpg","datePublished":"2023-04-19T09:05:41+00:00","dateModified":"2026-04-09T21:27:34+00:00","description":"WOED | Pour tous vos accessoires en bois ! Lunettes de soleil en bois de couleur noire. Une paire unique de lunettes de soleil de haute qualit\u00e9.","breadcrumb":{"@id":"https:\/\/woedonline.nl\/fr\/shop\/lunettes-de-soleil-en-bois\/wayfarer-fr\/soleil-couchant\/#breadcrumb"},"inLanguage":"fr-FR","potentialAction":[{"@type":"ReadAction","target":["https:\/\/woedonline.nl\/fr\/shop\/lunettes-de-soleil-en-bois\/wayfarer-fr\/soleil-couchant\/"]}]},{"@type":"ImageObject","inLanguage":"fr-FR","@id":"https:\/\/woedonline.nl\/fr\/shop\/lunettes-de-soleil-en-bois\/wayfarer-fr\/soleil-couchant\/#primaryimage","url":"https:\/\/woedonline.nl\/wp-content\/uploads\/2022\/01\/wayfarer-dark-sun-2.jpg","contentUrl":"https:\/\/woedonline.nl\/wp-content\/uploads\/2022\/01\/wayfarer-dark-sun-2.jpg","width":800,"height":800},{"@type":"BreadcrumbList","@id":"https:\/\/woedonline.nl\/fr\/shop\/lunettes-de-soleil-en-bois\/wayfarer-fr\/soleil-couchant\/#breadcrumb","itemListElement":[{"@type":"ListItem","position":1,"name":"Accueil","item":"https:\/\/woedonline.nl\/fr\/"},{"@type":"ListItem","position":2,"name":"Boutique","item":"https:\/\/woedonline.nl\/fr\/boutique\/"},{"@type":"ListItem","position":3,"name":"Lunettes de soleil wayfarer | Dark Sun"}]},{"@type":"WebSite","@id":"https:\/\/woedonline.nl\/fr\/#website","url":"https:\/\/woedonline.nl\/fr\/","name":"Woed","description":"Kurk petten, houten horloges en houten zonnebrillen","publisher":{"@id":"https:\/\/woedonline.nl\/fr\/#organization"},"alternateName":"W","potentialAction":[{"@type":"SearchAction","target":{"@type":"EntryPoint","urlTemplate":"https:\/\/woedonline.nl\/fr\/?s={search_term_string}"},"query-input":{"@type":"PropertyValueSpecification","valueRequired":true,"valueName":"search_term_string"}}],"inLanguage":"fr-FR"},{"@type":"Organization","@id":"https:\/\/woedonline.nl\/fr\/#organization","name":"Woed","alternateName":"W","url":"https:\/\/woedonline.nl\/fr\/","logo":{"@type":"ImageObject","inLanguage":"fr-FR","@id":"https:\/\/woedonline.nl\/fr\/#\/schema\/logo\/image\/","url":"https:\/\/woedonline.nl\/wp-content\/uploads\/2016\/05\/Wood-logo-name-png.png","contentUrl":"https:\/\/woedonline.nl\/wp-content\/uploads\/2016\/05\/Wood-logo-name-png.png","width":250,"height":89,"caption":"Woed"},"image":{"@id":"https:\/\/woedonline.nl\/fr\/#\/schema\/logo\/image\/"},"sameAs":["https:\/\/www.facebook.com\/Woedshop\/","https:\/\/www.instagram.com\/woed.eu"]}]}},"_links":{"self":[{"href":"https:\/\/woedonline.nl\/fr\/wp-json\/wp\/v2\/product\/323765","targetHints":{"allow":["GET"]}}],"collection":[{"href":"https:\/\/woedonline.nl\/fr\/wp-json\/wp\/v2\/product"}],"about":[{"href":"https:\/\/woedonline.nl\/fr\/wp-json\/wp\/v2\/types\/product"}],"replies":[{"embeddable":true,"href":"https:\/\/woedonline.nl\/fr\/wp-json\/wp\/v2\/comments?post=323765"}],"wp:featuredmedia":[{"embeddable":true,"href":"https:\/\/woedonline.nl\/fr\/wp-json\/wp\/v2\/media\/319868"}],"wp:attachment":[{"href":"https:\/\/woedonline.nl\/fr\/wp-json\/wp\/v2\/media?parent=323765"}],"wp:term":[{"taxonomy":"product_brand","embeddable":true,"href":"https:\/\/woedonline.nl\/fr\/wp-json\/wp\/v2\/product_brand?post=323765"},{"taxonomy":"product_cat","embeddable":true,"href":"https:\/\/woedonline.nl\/fr\/wp-json\/wp\/v2\/product_cat?post=323765"},{"taxonomy":"product_tag","embeddable":true,"href":"https:\/\/woedonline.nl\/fr\/wp-json\/wp\/v2\/product_tag?post=323765"}],"curies":[{"name":"wp","href":"https:\/\/api.w.org\/{rel}","templated":true}]}}