{"id":323186,"date":"2022-05-11T13:11:24","date_gmt":"2022-05-11T11:11:24","guid":{"rendered":"https:\/\/woedonline.nl\/shop\/non class\u00e9\/woed-kids-cap-inkoop\/"},"modified":"2022-12-05T11:02:01","modified_gmt":"2022-12-05T09:02:01","slug":"woed-kids-cap-inkoop","status":"publish","type":"product","link":"https:\/\/woedonline.nl\/fr\/shop\/overige\/woed-kids-cap-inkoop\/","title":{"rendered":"Woed kids cap - inkoop"},"content":{"rendered":"","protected":false},"excerpt":{"rendered":"","protected":false},"featured_media":0,"comment_status":"closed","ping_status":"closed","template":"","meta":[],"product_brand":[],"product_cat":[226],"product_tag":[],"class_list":{"0":"post-323186","1":"product","2":"type-product","3":"status-publish","5":"product_cat-overige","7":"first","8":"instock","9":"taxable","10":"shipping-taxable","11":"product-type-simple"},"yoast_head":"<!-- This site is optimized with the Yoast SEO plugin v27.4 - https:\/\/yoast.com\/product\/yoast-seo-wordpress\/ -->\n<title>Woed kids cap - inkoop - Woed<\/title>\n<meta name=\"description\" content=\"Chez WOED, nous croyons au pouvoir de la simplicit\u00e9 : des mat\u00e9riaux 100% naturels, fabriqu\u00e9s avec amour et joie, sp\u00e9cialement pour vous. Pas d&#039;histoires \u00e9labor\u00e9es sur nous, parce que nous savons que vous voulez simplement acheter de superbes produits en bois. WOED, ce sont des cr\u00e9ations uniques, qui se balancent, que vous recevez rapidement et avec le sourire. Ce que vous voyez, c&#039;est ce que vous obtenez. Nous ne faisons pas corps avec la nature, mais nous avons les deux pieds sur terre. Nous ne sommes pas des d\u00e9fenseurs des arbres, mais nous aimons profond\u00e9ment le bois. Nos produits font de vous le patron de la piste de danse, que ce soit lors d&#039;un festival ou simplement \u00e0 la maison. Commandez d\u00e8s maintenant et d\u00e9couvrez les joies du bois avec WOED !\" \/>\n<meta name=\"robots\" content=\"index, follow, max-snippet:-1, max-image-preview:large, max-video-preview:-1\" \/>\n<link rel=\"canonical\" href=\"https:\/\/woedonline.nl\/fr\/shop\/overige\/woed-kids-cap-inkoop\/\" \/>\n<meta property=\"og:locale\" content=\"fr_FR\" \/>\n<meta property=\"og:type\" content=\"article\" \/>\n<meta property=\"og:title\" content=\"Woed kids cap - inkoop - Woed\" \/>\n<meta property=\"og:description\" content=\"Chez WOED, nous croyons au pouvoir de la simplicit\u00e9 : des mat\u00e9riaux 100% naturels, fabriqu\u00e9s avec amour et joie, sp\u00e9cialement pour vous. Pas d&#039;histoires \u00e9labor\u00e9es sur nous, parce que nous savons que vous voulez simplement acheter de superbes produits en bois. WOED, ce sont des cr\u00e9ations uniques, qui se balancent, que vous recevez rapidement et avec le sourire. Ce que vous voyez, c&#039;est ce que vous obtenez. Nous ne faisons pas corps avec la nature, mais nous avons les deux pieds sur terre. Nous ne sommes pas des d\u00e9fenseurs des arbres, mais nous aimons profond\u00e9ment le bois. Nos produits font de vous le patron de la piste de danse, que ce soit lors d&#039;un festival ou simplement \u00e0 la maison. Commandez d\u00e8s maintenant et d\u00e9couvrez les joies du bois avec WOED !\" \/>\n<meta property=\"og:url\" content=\"https:\/\/woedonline.nl\/fr\/shop\/overige\/woed-kids-cap-inkoop\/\" \/>\n<meta property=\"og:site_name\" content=\"Woed\" \/>\n<meta property=\"article:publisher\" content=\"https:\/\/www.facebook.com\/Woedshop\/\" \/>\n<meta property=\"article:modified_time\" content=\"2022-12-05T09:02:01+00:00\" \/>\n<meta property=\"og:image\" content=\"https:\/\/woedonline.nl\/wp-content\/uploads\/2023\/10\/BDM00617-jpg.webp\" \/>\n\t<meta property=\"og:image:width\" content=\"1080\" \/>\n\t<meta property=\"og:image:height\" content=\"720\" \/>\n\t<meta property=\"og:image:type\" content=\"image\/jpeg\" \/>\n<meta name=\"twitter:card\" content=\"summary_large_image\" \/>\n<script type=\"application\/ld+json\" class=\"yoast-schema-graph\">{\"@context\":\"https:\\\/\\\/schema.org\",\"@graph\":[{\"@type\":\"WebPage\",\"@id\":\"https:\\\/\\\/woedonline.nl\\\/fr\\\/shop\\\/overige\\\/woed-kids-cap-inkoop\\\/\",\"url\":\"https:\\\/\\\/woedonline.nl\\\/fr\\\/shop\\\/overige\\\/woed-kids-cap-inkoop\\\/\",\"name\":\"Woed kids cap - inkoop - Woed\",\"isPartOf\":{\"@id\":\"https:\\\/\\\/woedonline.nl\\\/fr\\\/#website\"},\"datePublished\":\"2022-05-11T11:11:24+00:00\",\"dateModified\":\"2022-12-05T09:02:01+00:00\",\"description\":\"Chez WOED, nous croyons au pouvoir de la simplicit\u00e9 : des mat\u00e9riaux 100% naturels, fabriqu\u00e9s avec amour et joie, sp\u00e9cialement pour vous. Pas d'histoires \u00e9labor\u00e9es sur nous, parce que nous savons que vous voulez simplement acheter de superbes produits en bois. WOED, ce sont des cr\u00e9ations uniques, qui se balancent, que vous recevez rapidement et avec le sourire. Ce que vous voyez, c'est ce que vous obtenez. Nous ne faisons pas corps avec la nature, mais nous avons les deux pieds sur terre. Nous ne sommes pas des d\u00e9fenseurs des arbres, mais nous aimons profond\u00e9ment le bois. Nos produits font de vous le patron de la piste de danse, que ce soit lors d'un festival ou simplement \u00e0 la maison. Commandez d\u00e8s maintenant et d\u00e9couvrez les joies du bois avec WOED !\",\"breadcrumb\":{\"@id\":\"https:\\\/\\\/woedonline.nl\\\/fr\\\/shop\\\/overige\\\/woed-kids-cap-inkoop\\\/#breadcrumb\"},\"inLanguage\":\"fr-FR\",\"potentialAction\":[{\"@type\":\"ReadAction\",\"target\":[\"https:\\\/\\\/woedonline.nl\\\/fr\\\/shop\\\/overige\\\/woed-kids-cap-inkoop\\\/\"]}]},{\"@type\":\"BreadcrumbList\",\"@id\":\"https:\\\/\\\/woedonline.nl\\\/fr\\\/shop\\\/overige\\\/woed-kids-cap-inkoop\\\/#breadcrumb\",\"itemListElement\":[{\"@type\":\"ListItem\",\"position\":1,\"name\":\"Accueil\",\"item\":\"https:\\\/\\\/woedonline.nl\\\/fr\\\/\"},{\"@type\":\"ListItem\",\"position\":2,\"name\":\"Boutique\",\"item\":\"https:\\\/\\\/woedonline.nl\\\/fr\\\/boutique\\\/\"},{\"@type\":\"ListItem\",\"position\":3,\"name\":\"Woed kids cap &#8211; inkoop\"}]},{\"@type\":\"WebSite\",\"@id\":\"https:\\\/\\\/woedonline.nl\\\/fr\\\/#website\",\"url\":\"https:\\\/\\\/woedonline.nl\\\/fr\\\/\",\"name\":\"Woed\",\"description\":\"Kurk petten, houten horloges en houten zonnebrillen\",\"publisher\":{\"@id\":\"https:\\\/\\\/woedonline.nl\\\/fr\\\/#organization\"},\"alternateName\":\"W\",\"potentialAction\":[{\"@type\":\"SearchAction\",\"target\":{\"@type\":\"EntryPoint\",\"urlTemplate\":\"https:\\\/\\\/woedonline.nl\\\/fr\\\/?s={search_term_string}\"},\"query-input\":{\"@type\":\"PropertyValueSpecification\",\"valueRequired\":true,\"valueName\":\"search_term_string\"}}],\"inLanguage\":\"fr-FR\"},{\"@type\":\"Organization\",\"@id\":\"https:\\\/\\\/woedonline.nl\\\/fr\\\/#organization\",\"name\":\"Woed\",\"alternateName\":\"W\",\"url\":\"https:\\\/\\\/woedonline.nl\\\/fr\\\/\",\"logo\":{\"@type\":\"ImageObject\",\"inLanguage\":\"fr-FR\",\"@id\":\"https:\\\/\\\/woedonline.nl\\\/fr\\\/#\\\/schema\\\/logo\\\/image\\\/\",\"url\":\"https:\\\/\\\/woedonline.nl\\\/wp-content\\\/uploads\\\/2016\\\/05\\\/Wood-logo-name-png.png\",\"contentUrl\":\"https:\\\/\\\/woedonline.nl\\\/wp-content\\\/uploads\\\/2016\\\/05\\\/Wood-logo-name-png.png\",\"width\":250,\"height\":89,\"caption\":\"Woed\"},\"image\":{\"@id\":\"https:\\\/\\\/woedonline.nl\\\/fr\\\/#\\\/schema\\\/logo\\\/image\\\/\"},\"sameAs\":[\"https:\\\/\\\/www.facebook.com\\\/Woedshop\\\/\",\"https:\\\/\\\/www.instagram.com\\\/woed.eu\"]}]}<\/script>\n<!-- \/ Yoast SEO plugin. -->","yoast_head_json":{"title":"Woed kids cap - inkoop - Woed","description":"Chez WOED, nous croyons au pouvoir de la simplicit\u00e9 : des mat\u00e9riaux 100% naturels, fabriqu\u00e9s avec amour et joie, sp\u00e9cialement pour vous. Pas d'histoires \u00e9labor\u00e9es sur nous, parce que nous savons que vous voulez simplement acheter de superbes produits en bois. WOED, ce sont des cr\u00e9ations uniques, qui se balancent, que vous recevez rapidement et avec le sourire. Ce que vous voyez, c'est ce que vous obtenez. Nous ne faisons pas corps avec la nature, mais nous avons les deux pieds sur terre. Nous ne sommes pas des d\u00e9fenseurs des arbres, mais nous aimons profond\u00e9ment le bois. Nos produits font de vous le patron de la piste de danse, que ce soit lors d'un festival ou simplement \u00e0 la maison. Commandez d\u00e8s maintenant et d\u00e9couvrez les joies du bois avec WOED !","robots":{"index":"index","follow":"follow","max-snippet":"max-snippet:-1","max-image-preview":"max-image-preview:large","max-video-preview":"max-video-preview:-1"},"canonical":"https:\/\/woedonline.nl\/fr\/shop\/overige\/woed-kids-cap-inkoop\/","og_locale":"fr_FR","og_type":"article","og_title":"Woed kids cap - inkoop - Woed","og_description":"Chez WOED, nous croyons au pouvoir de la simplicit\u00e9 : des mat\u00e9riaux 100% naturels, fabriqu\u00e9s avec amour et joie, sp\u00e9cialement pour vous. Pas d'histoires \u00e9labor\u00e9es sur nous, parce que nous savons que vous voulez simplement acheter de superbes produits en bois. WOED, ce sont des cr\u00e9ations uniques, qui se balancent, que vous recevez rapidement et avec le sourire. Ce que vous voyez, c'est ce que vous obtenez. Nous ne faisons pas corps avec la nature, mais nous avons les deux pieds sur terre. Nous ne sommes pas des d\u00e9fenseurs des arbres, mais nous aimons profond\u00e9ment le bois. Nos produits font de vous le patron de la piste de danse, que ce soit lors d'un festival ou simplement \u00e0 la maison. Commandez d\u00e8s maintenant et d\u00e9couvrez les joies du bois avec WOED !","og_url":"https:\/\/woedonline.nl\/fr\/shop\/overige\/woed-kids-cap-inkoop\/","og_site_name":"Woed","article_publisher":"https:\/\/www.facebook.com\/Woedshop\/","article_modified_time":"2022-12-05T09:02:01+00:00","og_image":[{"width":1080,"height":720,"url":"https:\/\/woedonline.nl\/wp-content\/uploads\/2023\/10\/BDM00617-jpg.webp","type":"image\/jpeg"}],"twitter_card":"summary_large_image","schema":{"@context":"https:\/\/schema.org","@graph":[{"@type":"WebPage","@id":"https:\/\/woedonline.nl\/fr\/shop\/overige\/woed-kids-cap-inkoop\/","url":"https:\/\/woedonline.nl\/fr\/shop\/overige\/woed-kids-cap-inkoop\/","name":"Woed kids cap - inkoop - Woed","isPartOf":{"@id":"https:\/\/woedonline.nl\/fr\/#website"},"datePublished":"2022-05-11T11:11:24+00:00","dateModified":"2022-12-05T09:02:01+00:00","description":"Chez WOED, nous croyons au pouvoir de la simplicit\u00e9 : des mat\u00e9riaux 100% naturels, fabriqu\u00e9s avec amour et joie, sp\u00e9cialement pour vous. Pas d'histoires \u00e9labor\u00e9es sur nous, parce que nous savons que vous voulez simplement acheter de superbes produits en bois. WOED, ce sont des cr\u00e9ations uniques, qui se balancent, que vous recevez rapidement et avec le sourire. Ce que vous voyez, c'est ce que vous obtenez. Nous ne faisons pas corps avec la nature, mais nous avons les deux pieds sur terre. Nous ne sommes pas des d\u00e9fenseurs des arbres, mais nous aimons profond\u00e9ment le bois. Nos produits font de vous le patron de la piste de danse, que ce soit lors d'un festival ou simplement \u00e0 la maison. Commandez d\u00e8s maintenant et d\u00e9couvrez les joies du bois avec WOED !","breadcrumb":{"@id":"https:\/\/woedonline.nl\/fr\/shop\/overige\/woed-kids-cap-inkoop\/#breadcrumb"},"inLanguage":"fr-FR","potentialAction":[{"@type":"ReadAction","target":["https:\/\/woedonline.nl\/fr\/shop\/overige\/woed-kids-cap-inkoop\/"]}]},{"@type":"BreadcrumbList","@id":"https:\/\/woedonline.nl\/fr\/shop\/overige\/woed-kids-cap-inkoop\/#breadcrumb","itemListElement":[{"@type":"ListItem","position":1,"name":"Accueil","item":"https:\/\/woedonline.nl\/fr\/"},{"@type":"ListItem","position":2,"name":"Boutique","item":"https:\/\/woedonline.nl\/fr\/boutique\/"},{"@type":"ListItem","position":3,"name":"Woed kids cap &#8211; inkoop"}]},{"@type":"WebSite","@id":"https:\/\/woedonline.nl\/fr\/#website","url":"https:\/\/woedonline.nl\/fr\/","name":"Woed","description":"Kurk petten, houten horloges en houten zonnebrillen","publisher":{"@id":"https:\/\/woedonline.nl\/fr\/#organization"},"alternateName":"W","potentialAction":[{"@type":"SearchAction","target":{"@type":"EntryPoint","urlTemplate":"https:\/\/woedonline.nl\/fr\/?s={search_term_string}"},"query-input":{"@type":"PropertyValueSpecification","valueRequired":true,"valueName":"search_term_string"}}],"inLanguage":"fr-FR"},{"@type":"Organization","@id":"https:\/\/woedonline.nl\/fr\/#organization","name":"Woed","alternateName":"W","url":"https:\/\/woedonline.nl\/fr\/","logo":{"@type":"ImageObject","inLanguage":"fr-FR","@id":"https:\/\/woedonline.nl\/fr\/#\/schema\/logo\/image\/","url":"https:\/\/woedonline.nl\/wp-content\/uploads\/2016\/05\/Wood-logo-name-png.png","contentUrl":"https:\/\/woedonline.nl\/wp-content\/uploads\/2016\/05\/Wood-logo-name-png.png","width":250,"height":89,"caption":"Woed"},"image":{"@id":"https:\/\/woedonline.nl\/fr\/#\/schema\/logo\/image\/"},"sameAs":["https:\/\/www.facebook.com\/Woedshop\/","https:\/\/www.instagram.com\/woed.eu"]}]}},"_links":{"self":[{"href":"https:\/\/woedonline.nl\/fr\/wp-json\/wp\/v2\/product\/323186","targetHints":{"allow":["GET"]}}],"collection":[{"href":"https:\/\/woedonline.nl\/fr\/wp-json\/wp\/v2\/product"}],"about":[{"href":"https:\/\/woedonline.nl\/fr\/wp-json\/wp\/v2\/types\/product"}],"replies":[{"embeddable":true,"href":"https:\/\/woedonline.nl\/fr\/wp-json\/wp\/v2\/comments?post=323186"}],"wp:attachment":[{"href":"https:\/\/woedonline.nl\/fr\/wp-json\/wp\/v2\/media?parent=323186"}],"wp:term":[{"taxonomy":"product_brand","embeddable":true,"href":"https:\/\/woedonline.nl\/fr\/wp-json\/wp\/v2\/product_brand?post=323186"},{"taxonomy":"product_cat","embeddable":true,"href":"https:\/\/woedonline.nl\/fr\/wp-json\/wp\/v2\/product_cat?post=323186"},{"taxonomy":"product_tag","embeddable":true,"href":"https:\/\/woedonline.nl\/fr\/wp-json\/wp\/v2\/product_tag?post=323186"}],"curies":[{"name":"wp","href":"https:\/\/api.w.org\/{rel}","templated":true}]}}