{"id":323093,"date":"2017-06-02T15:17:19","date_gmt":"2017-06-02T13:17:19","guid":{"rendered":"https:\/\/woedonline.nl\/partenaire-de-more-trees-now\/"},"modified":"2022-07-06T13:20:49","modified_gmt":"2022-07-06T11:20:49","slug":"partenaire-de-more-trees-now","status":"publish","type":"page","link":"https:\/\/woedonline.nl\/fr\/partenaire-de-more-trees-now\/","title":{"rendered":"Partenaire de More Trees Now"},"content":{"rendered":"\n<div class=\"row\"  id=\"row-1513253662\">\n\n\n\t<div id=\"col-1738700039\" class=\"col small-12 large-12\"  >\n\t\t\t\t<div class=\"col-inner\"  >\n\t\t\t\n\t\t\t\n\n\n  <div class=\"banner has-hover\" id=\"banner-614382626\">\n          <div class=\"banner-inner fill\">\n        <div class=\"banner-bg fill\" >\n            <img loading=\"lazy\" decoding=\"async\" width=\"1835\" height=\"917\" src=\"https:\/\/woedonline.nl\/wp-content\/uploads\/2021\/11\/MeerBomenNu-twitter.jpg\" class=\"bg attachment-original size-original\" alt=\"\" \/>                                    \n                    <\/div>\n\t\t\n        <div class=\"banner-layers container\">\n            <a class=\"fill\" href=\"https:\/\/meerbomen.nu\/\" target=\"_blank\" rel=\"noopener\"><div class=\"fill banner-link\"><\/div><\/a>            \n\n\n        <\/div>\n      <\/div>\n\n            \n<style>\n#banner-614382626 {\n  padding-top: 50%;\n}\n#banner-614382626 .banner-bg img {\n  object-position: 45% 44%;\n}\n<\/style>\n  <\/div>\n\n\n\n\t\t<\/div>\n\t\t\t\t\t<\/div>\n\n\t\n\n\t<div id=\"col-727395739\" class=\"col small-12 large-12\"  >\n\t\t\t\t<div class=\"col-inner\"  >\n\t\t\t\n\t\t\t\n\n<div class=\"elementor-element elementor-element-61e661e elementor-widget elementor-widget-text-editor\" data-id=\"61e661e\" data-element_type=\"widget\" data-widget_type=\"text-editor.default\">\n<div class=\"elementor-widget-container\">\n<div class=\"elementor-text-editor elementor-clearfix\">\n<h2>1 MILLION D&rsquo;ARBRES POUR LE CLIMAT ET LA BIODIVERSIT\u00c9<\/h2>\n<p>Depuis 13 ans, la Fondation MEERGroen s\u00e8me avec succ\u00e8s des semis \u00e0 petite \u00e9chelle et les plante dans d&rsquo;autres endroits de Haarlemmermeer. En mars 2020, MEERGroen a invit\u00e9 Urgenda \u00e0 r\u00e9fl\u00e9chir \u00e0 une bonne utilisation de quelque 50 000 semis collect\u00e9s par leurs volontaires lors de la gestion de la nature. Urgenda a envoy\u00e9 un courrier aux Caring Farmers et vingt agriculteurs se sont imm\u00e9diatement inscrits. En trois semaines, tout \u00e9tait r\u00e9gl\u00e9 : 50 000 jeunes arbres et arbustes ont \u00e9t\u00e9 plant\u00e9s dans la campagne. \u00c7a avait un go\u00fbt de plus ! \"L&rsquo;ann\u00e9e prochaine, un million\", ont convenu les organisations, et Meer Bomen Nu \u00e9tait n\u00e9. Gr\u00e2ce \u00e0 un don soudain de 150 000 poiriers, nous avons provoqu\u00e9 des embouteillages de poiriers dans tout le pays lors de la canicule de 2020. #redeenperenboom \u00e9tait en vogue et la campagne \u00e9tait soudainement connue dans tout le pays. \u00c0 la mi-ao\u00fbt, le compteur a atteint un million d&rsquo;arbres et de buissons, et nous avons arr\u00eat\u00e9 le compteur. La campagne a vraiment d\u00e9coll\u00e9 \u00e0 la mi-novembre.<\/p>\n<\/div>\n<\/div>\n<\/div>\n<div class=\"elementor-element elementor-element-1258e3d elementor-widget elementor-widget-text-editor\" data-id=\"1258e3d\" data-element_type=\"widget\" data-widget_type=\"text-editor.default\">\n<div class=\"elementor-widget-container\">\n<div class=\"elementor-text-editor elementor-clearfix\">\n<p>Regardez une belle vid\u00e9o ci-dessous. Pour d&rsquo;autres superbes vid\u00e9os de nos actions, consultez le site Web de la Commission europ\u00e9enne.&nbsp;<a href=\"https:\/\/meerbomen.nu\/over-de-actie\/video\/\">galerie vid\u00e9o<\/a>!<\/p>\n<\/div>\n<\/div>\n<\/div>\n<div class=\"video video-fit mb\" style=\"padding-top:56.25%;\"><iframe title=\"Boeren planten 50.000 bomen\" width=\"1020\" height=\"574\" src=\"https:\/\/www.youtube.com\/embed\/aFoTa6AMfLo?feature=oembed\" frameborder=\"0\" allow=\"accelerometer; autoplay; clipboard-write; encrypted-media; gyroscope; picture-in-picture; web-share\" referrerpolicy=\"strict-origin-when-cross-origin\" allowfullscreen><\/iframe><\/div>\n\n\n\t\t<\/div>\n\t\t\t\t\t<\/div>\n\n\t\n\n<\/div>\n","protected":false},"excerpt":{"rendered":"","protected":false},"author":1,"featured_media":318813,"parent":0,"menu_order":0,"comment_status":"closed","ping_status":"closed","template":"","meta":{"footnotes":""},"class_list":["post-323093","page","type-page","status-publish","has-post-thumbnail","hentry"],"yoast_head":"<!-- This site is optimized with the Yoast SEO plugin v27.5 - https:\/\/yoast.com\/product\/yoast-seo-wordpress\/ -->\n<title>Woed- Woed<\/title>\n<meta name=\"description\" content=\"D\u00e9couvrez la magie du bois chez WOED, la boutique en ligne n\u00e9erlandaise de produits uniques et faits \u00e0 la main. Il ne s&#039;agit pas de longues histoires sur nous, mais de cr\u00e9ations en bois de haute qualit\u00e9, fabriqu\u00e9es avec amour et livr\u00e9es directement \u00e0 votre porte. 100 % naturel, 100 % amusant. Du festival \u00e0 la maison, nos produits en bois vous permettront d&#039;\u00eatre le ma\u00eetre de la piste de danse. Commandez d\u00e8s maintenant et d\u00e9couvrez le style unique de WOED : ce que vous voyez, c&#039;est ce que vous obtenez. Pas de d\u00e9fenseurs des arbres, mais un amour pur pour le bois !\" \/>\n<meta name=\"robots\" content=\"index, follow, max-snippet:-1, max-image-preview:large, max-video-preview:-1\" \/>\n<link rel=\"canonical\" href=\"https:\/\/woedonline.nl\/fr\/partenaire-de-more-trees-now\/\" \/>\n<meta property=\"og:locale\" content=\"fr_FR\" \/>\n<meta property=\"og:type\" content=\"article\" \/>\n<meta property=\"og:title\" content=\"Woed- Woed\" \/>\n<meta property=\"og:description\" content=\"D\u00e9couvrez la magie du bois chez WOED, la boutique en ligne n\u00e9erlandaise de produits uniques et faits \u00e0 la main. Il ne s&#039;agit pas de longues histoires sur nous, mais de cr\u00e9ations en bois de haute qualit\u00e9, fabriqu\u00e9es avec amour et livr\u00e9es directement \u00e0 votre porte. 100 % naturel, 100 % amusant. Du festival \u00e0 la maison, nos produits en bois vous permettront d&#039;\u00eatre le ma\u00eetre de la piste de danse. Commandez d\u00e8s maintenant et d\u00e9couvrez le style unique de WOED : ce que vous voyez, c&#039;est ce que vous obtenez. Pas de d\u00e9fenseurs des arbres, mais un amour pur pour le bois !\" \/>\n<meta property=\"og:url\" content=\"https:\/\/woedonline.nl\/fr\/partenaire-de-more-trees-now\/\" \/>\n<meta property=\"og:site_name\" content=\"Woed\" \/>\n<meta property=\"article:publisher\" content=\"https:\/\/www.facebook.com\/Woedshop\/\" \/>\n<meta property=\"article:modified_time\" content=\"2022-07-06T11:20:49+00:00\" \/>\n<meta property=\"og:image\" content=\"https:\/\/woedonline.nl\/wp-content\/uploads\/2021\/11\/MeerBomenNu-twitter.jpg\" \/>\n\t<meta property=\"og:image:width\" content=\"1835\" \/>\n\t<meta property=\"og:image:height\" content=\"917\" \/>\n\t<meta property=\"og:image:type\" content=\"image\/jpeg\" \/>\n<meta name=\"twitter:card\" content=\"summary_large_image\" \/>\n<meta name=\"twitter:label1\" content=\"Dur\u00e9e de lecture estim\u00e9e\" \/>\n\t<meta name=\"twitter:data1\" content=\"1 minute\" \/>\n<script type=\"application\/ld+json\" class=\"yoast-schema-graph\">{\"@context\":\"https:\\\/\\\/schema.org\",\"@graph\":[{\"@type\":\"WebPage\",\"@id\":\"https:\\\/\\\/woedonline.nl\\\/fr\\\/partenaire-de-more-trees-now\\\/\",\"url\":\"https:\\\/\\\/woedonline.nl\\\/fr\\\/partenaire-de-more-trees-now\\\/\",\"name\":\"Woed- Woed\",\"isPartOf\":{\"@id\":\"https:\\\/\\\/woedonline.nl\\\/fr\\\/#website\"},\"primaryImageOfPage\":{\"@id\":\"https:\\\/\\\/woedonline.nl\\\/fr\\\/partenaire-de-more-trees-now\\\/#primaryimage\"},\"image\":{\"@id\":\"https:\\\/\\\/woedonline.nl\\\/fr\\\/partenaire-de-more-trees-now\\\/#primaryimage\"},\"thumbnailUrl\":\"https:\\\/\\\/woedonline.nl\\\/wp-content\\\/uploads\\\/2021\\\/11\\\/MeerBomenNu-twitter.jpg\",\"datePublished\":\"2017-06-02T13:17:19+00:00\",\"dateModified\":\"2022-07-06T11:20:49+00:00\",\"description\":\"D\u00e9couvrez la magie du bois chez WOED, la boutique en ligne n\u00e9erlandaise de produits uniques et faits \u00e0 la main. Il ne s'agit pas de longues histoires sur nous, mais de cr\u00e9ations en bois de haute qualit\u00e9, fabriqu\u00e9es avec amour et livr\u00e9es directement \u00e0 votre porte. 100 % naturel, 100 % amusant. Du festival \u00e0 la maison, nos produits en bois vous permettront d'\u00eatre le ma\u00eetre de la piste de danse. Commandez d\u00e8s maintenant et d\u00e9couvrez le style unique de WOED : ce que vous voyez, c'est ce que vous obtenez. Pas de d\u00e9fenseurs des arbres, mais un amour pur pour le bois !\",\"breadcrumb\":{\"@id\":\"https:\\\/\\\/woedonline.nl\\\/fr\\\/partenaire-de-more-trees-now\\\/#breadcrumb\"},\"inLanguage\":\"fr-FR\",\"potentialAction\":[{\"@type\":\"ReadAction\",\"target\":[\"https:\\\/\\\/woedonline.nl\\\/fr\\\/partenaire-de-more-trees-now\\\/\"]}]},{\"@type\":\"ImageObject\",\"inLanguage\":\"fr-FR\",\"@id\":\"https:\\\/\\\/woedonline.nl\\\/fr\\\/partenaire-de-more-trees-now\\\/#primaryimage\",\"url\":\"https:\\\/\\\/woedonline.nl\\\/wp-content\\\/uploads\\\/2021\\\/11\\\/MeerBomenNu-twitter.jpg\",\"contentUrl\":\"https:\\\/\\\/woedonline.nl\\\/wp-content\\\/uploads\\\/2021\\\/11\\\/MeerBomenNu-twitter.jpg\",\"width\":1835,\"height\":917},{\"@type\":\"BreadcrumbList\",\"@id\":\"https:\\\/\\\/woedonline.nl\\\/fr\\\/partenaire-de-more-trees-now\\\/#breadcrumb\",\"itemListElement\":[{\"@type\":\"ListItem\",\"position\":1,\"name\":\"Accueil\",\"item\":\"https:\\\/\\\/woedonline.nl\\\/fr\\\/\"},{\"@type\":\"ListItem\",\"position\":2,\"name\":\"Partenaire de More Trees Now\"}]},{\"@type\":\"WebSite\",\"@id\":\"https:\\\/\\\/woedonline.nl\\\/fr\\\/#website\",\"url\":\"https:\\\/\\\/woedonline.nl\\\/fr\\\/\",\"name\":\"Woed\",\"description\":\"Kurk petten, houten horloges en houten zonnebrillen\",\"publisher\":{\"@id\":\"https:\\\/\\\/woedonline.nl\\\/fr\\\/#organization\"},\"alternateName\":\"W\",\"potentialAction\":[{\"@type\":\"SearchAction\",\"target\":{\"@type\":\"EntryPoint\",\"urlTemplate\":\"https:\\\/\\\/woedonline.nl\\\/fr\\\/?s={search_term_string}\"},\"query-input\":{\"@type\":\"PropertyValueSpecification\",\"valueRequired\":true,\"valueName\":\"search_term_string\"}}],\"inLanguage\":\"fr-FR\"},{\"@type\":\"Organization\",\"@id\":\"https:\\\/\\\/woedonline.nl\\\/fr\\\/#organization\",\"name\":\"Woed\",\"alternateName\":\"W\",\"url\":\"https:\\\/\\\/woedonline.nl\\\/fr\\\/\",\"logo\":{\"@type\":\"ImageObject\",\"inLanguage\":\"fr-FR\",\"@id\":\"https:\\\/\\\/woedonline.nl\\\/fr\\\/#\\\/schema\\\/logo\\\/image\\\/\",\"url\":\"https:\\\/\\\/woedonline.nl\\\/wp-content\\\/uploads\\\/2016\\\/05\\\/Wood-logo-name-png.png\",\"contentUrl\":\"https:\\\/\\\/woedonline.nl\\\/wp-content\\\/uploads\\\/2016\\\/05\\\/Wood-logo-name-png.png\",\"width\":250,\"height\":89,\"caption\":\"Woed\"},\"image\":{\"@id\":\"https:\\\/\\\/woedonline.nl\\\/fr\\\/#\\\/schema\\\/logo\\\/image\\\/\"},\"sameAs\":[\"https:\\\/\\\/www.facebook.com\\\/Woedshop\\\/\",\"https:\\\/\\\/www.instagram.com\\\/woed.eu\"]}]}<\/script>\n<!-- \/ Yoast SEO plugin. -->","yoast_head_json":{"title":"Woed- Woed","description":"D\u00e9couvrez la magie du bois chez WOED, la boutique en ligne n\u00e9erlandaise de produits uniques et faits \u00e0 la main. Il ne s'agit pas de longues histoires sur nous, mais de cr\u00e9ations en bois de haute qualit\u00e9, fabriqu\u00e9es avec amour et livr\u00e9es directement \u00e0 votre porte. 100 % naturel, 100 % amusant. Du festival \u00e0 la maison, nos produits en bois vous permettront d'\u00eatre le ma\u00eetre de la piste de danse. Commandez d\u00e8s maintenant et d\u00e9couvrez le style unique de WOED : ce que vous voyez, c'est ce que vous obtenez. Pas de d\u00e9fenseurs des arbres, mais un amour pur pour le bois !","robots":{"index":"index","follow":"follow","max-snippet":"max-snippet:-1","max-image-preview":"max-image-preview:large","max-video-preview":"max-video-preview:-1"},"canonical":"https:\/\/woedonline.nl\/fr\/partenaire-de-more-trees-now\/","og_locale":"fr_FR","og_type":"article","og_title":"Woed- Woed","og_description":"D\u00e9couvrez la magie du bois chez WOED, la boutique en ligne n\u00e9erlandaise de produits uniques et faits \u00e0 la main. Il ne s'agit pas de longues histoires sur nous, mais de cr\u00e9ations en bois de haute qualit\u00e9, fabriqu\u00e9es avec amour et livr\u00e9es directement \u00e0 votre porte. 100 % naturel, 100 % amusant. Du festival \u00e0 la maison, nos produits en bois vous permettront d'\u00eatre le ma\u00eetre de la piste de danse. Commandez d\u00e8s maintenant et d\u00e9couvrez le style unique de WOED : ce que vous voyez, c'est ce que vous obtenez. Pas de d\u00e9fenseurs des arbres, mais un amour pur pour le bois !","og_url":"https:\/\/woedonline.nl\/fr\/partenaire-de-more-trees-now\/","og_site_name":"Woed","article_publisher":"https:\/\/www.facebook.com\/Woedshop\/","article_modified_time":"2022-07-06T11:20:49+00:00","og_image":[{"width":1835,"height":917,"url":"https:\/\/woedonline.nl\/wp-content\/uploads\/2021\/11\/MeerBomenNu-twitter.jpg","type":"image\/jpeg"}],"twitter_card":"summary_large_image","twitter_misc":{"Dur\u00e9e de lecture estim\u00e9e":"1 minute"},"schema":{"@context":"https:\/\/schema.org","@graph":[{"@type":"WebPage","@id":"https:\/\/woedonline.nl\/fr\/partenaire-de-more-trees-now\/","url":"https:\/\/woedonline.nl\/fr\/partenaire-de-more-trees-now\/","name":"Woed- Woed","isPartOf":{"@id":"https:\/\/woedonline.nl\/fr\/#website"},"primaryImageOfPage":{"@id":"https:\/\/woedonline.nl\/fr\/partenaire-de-more-trees-now\/#primaryimage"},"image":{"@id":"https:\/\/woedonline.nl\/fr\/partenaire-de-more-trees-now\/#primaryimage"},"thumbnailUrl":"https:\/\/woedonline.nl\/wp-content\/uploads\/2021\/11\/MeerBomenNu-twitter.jpg","datePublished":"2017-06-02T13:17:19+00:00","dateModified":"2022-07-06T11:20:49+00:00","description":"D\u00e9couvrez la magie du bois chez WOED, la boutique en ligne n\u00e9erlandaise de produits uniques et faits \u00e0 la main. Il ne s'agit pas de longues histoires sur nous, mais de cr\u00e9ations en bois de haute qualit\u00e9, fabriqu\u00e9es avec amour et livr\u00e9es directement \u00e0 votre porte. 100 % naturel, 100 % amusant. Du festival \u00e0 la maison, nos produits en bois vous permettront d'\u00eatre le ma\u00eetre de la piste de danse. Commandez d\u00e8s maintenant et d\u00e9couvrez le style unique de WOED : ce que vous voyez, c'est ce que vous obtenez. Pas de d\u00e9fenseurs des arbres, mais un amour pur pour le bois !","breadcrumb":{"@id":"https:\/\/woedonline.nl\/fr\/partenaire-de-more-trees-now\/#breadcrumb"},"inLanguage":"fr-FR","potentialAction":[{"@type":"ReadAction","target":["https:\/\/woedonline.nl\/fr\/partenaire-de-more-trees-now\/"]}]},{"@type":"ImageObject","inLanguage":"fr-FR","@id":"https:\/\/woedonline.nl\/fr\/partenaire-de-more-trees-now\/#primaryimage","url":"https:\/\/woedonline.nl\/wp-content\/uploads\/2021\/11\/MeerBomenNu-twitter.jpg","contentUrl":"https:\/\/woedonline.nl\/wp-content\/uploads\/2021\/11\/MeerBomenNu-twitter.jpg","width":1835,"height":917},{"@type":"BreadcrumbList","@id":"https:\/\/woedonline.nl\/fr\/partenaire-de-more-trees-now\/#breadcrumb","itemListElement":[{"@type":"ListItem","position":1,"name":"Accueil","item":"https:\/\/woedonline.nl\/fr\/"},{"@type":"ListItem","position":2,"name":"Partenaire de More Trees Now"}]},{"@type":"WebSite","@id":"https:\/\/woedonline.nl\/fr\/#website","url":"https:\/\/woedonline.nl\/fr\/","name":"Woed","description":"Kurk petten, houten horloges en houten zonnebrillen","publisher":{"@id":"https:\/\/woedonline.nl\/fr\/#organization"},"alternateName":"W","potentialAction":[{"@type":"SearchAction","target":{"@type":"EntryPoint","urlTemplate":"https:\/\/woedonline.nl\/fr\/?s={search_term_string}"},"query-input":{"@type":"PropertyValueSpecification","valueRequired":true,"valueName":"search_term_string"}}],"inLanguage":"fr-FR"},{"@type":"Organization","@id":"https:\/\/woedonline.nl\/fr\/#organization","name":"Woed","alternateName":"W","url":"https:\/\/woedonline.nl\/fr\/","logo":{"@type":"ImageObject","inLanguage":"fr-FR","@id":"https:\/\/woedonline.nl\/fr\/#\/schema\/logo\/image\/","url":"https:\/\/woedonline.nl\/wp-content\/uploads\/2016\/05\/Wood-logo-name-png.png","contentUrl":"https:\/\/woedonline.nl\/wp-content\/uploads\/2016\/05\/Wood-logo-name-png.png","width":250,"height":89,"caption":"Woed"},"image":{"@id":"https:\/\/woedonline.nl\/fr\/#\/schema\/logo\/image\/"},"sameAs":["https:\/\/www.facebook.com\/Woedshop\/","https:\/\/www.instagram.com\/woed.eu"]}]}},"_links":{"self":[{"href":"https:\/\/woedonline.nl\/fr\/wp-json\/wp\/v2\/pages\/323093","targetHints":{"allow":["GET"]}}],"collection":[{"href":"https:\/\/woedonline.nl\/fr\/wp-json\/wp\/v2\/pages"}],"about":[{"href":"https:\/\/woedonline.nl\/fr\/wp-json\/wp\/v2\/types\/page"}],"author":[{"embeddable":true,"href":"https:\/\/woedonline.nl\/fr\/wp-json\/wp\/v2\/users\/1"}],"replies":[{"embeddable":true,"href":"https:\/\/woedonline.nl\/fr\/wp-json\/wp\/v2\/comments?post=323093"}],"version-history":[{"count":0,"href":"https:\/\/woedonline.nl\/fr\/wp-json\/wp\/v2\/pages\/323093\/revisions"}],"wp:featuredmedia":[{"embeddable":true,"href":"https:\/\/woedonline.nl\/fr\/wp-json\/wp\/v2\/media\/318813"}],"wp:attachment":[{"href":"https:\/\/woedonline.nl\/fr\/wp-json\/wp\/v2\/media?parent=323093"}],"curies":[{"name":"wp","href":"https:\/\/api.w.org\/{rel}","templated":true}]}}