{"id":323059,"date":"2020-01-07T22:00:22","date_gmt":"2020-01-07T20:00:22","guid":{"rendered":"https:\/\/woedonline.nl\/politique-de-garantie\/"},"modified":"2022-07-06T13:20:40","modified_gmt":"2022-07-06T11:20:40","slug":"politique-de-garantie","status":"publish","type":"page","link":"https:\/\/woedonline.nl\/fr\/politique-de-garantie\/","title":{"rendered":"Politique de garantie"},"content":{"rendered":"\n<div class=\"row\"  id=\"row-1597747780\">\n\n\n\t<div id=\"col-1810742127\" class=\"col small-12 large-12\"  >\n\t\t\t\t<div class=\"col-inner\"  >\n\t\t\t\n\t\t\t\n\n<p><strong>Politique de garantie<\/strong><\/p>\n<p>Woed offre une garantie sur tous les produits vendus.<\/p>\n<p>Cette garantie couvre tous les d\u00e9fauts de fabrication et d&rsquo;ex\u00e9cution. C&rsquo;est \u00e0 Woed de d\u00e9cider si les dommages sont couverts par la garantie.<\/p>\n<p>Woed n&rsquo;autorisera les demandes de garantie que pour les produits achet\u00e9s directement sur le site web de Woed ou aupr\u00e8s d&rsquo;un revendeur officiel.<\/p>\n<p>La p\u00e9riode de garantie de nos casquettes et lunettes de soleil est de <strong>12 mois.<\/strong><br\/>La p\u00e9riode de garantie de nos montres <strong>est de 6 mois.<\/strong><\/p>\n<p>Pendant la p\u00e9riode de garantie mentionn\u00e9e, Woed est responsable du remplacement ou du remboursement du produit achet\u00e9. Woed ne peut \u00eatre tenu responsable de tout autre dommage, sp\u00e9cial ou accidentel, r\u00e9sultant de l&rsquo;utilisation des produits Woed.<\/p>\n<p>Si un produit est remplac\u00e9 pendant la p\u00e9riode de garantie, la date de d\u00e9but de la p\u00e9riode de garantie reste la date d&rsquo;achat du produit original.<\/p>\n\n\t\t<\/div>\n\t\t\t\t\t<\/div>\n\n\t\n\n<\/div>\n","protected":false},"excerpt":{"rendered":"","protected":false},"author":1,"featured_media":0,"parent":0,"menu_order":0,"comment_status":"closed","ping_status":"closed","template":"","meta":{"footnotes":""},"class_list":["post-323059","page","type-page","status-publish","hentry"],"yoast_head":"<!-- This site is optimized with the Yoast SEO plugin v27.4 - https:\/\/yoast.com\/product\/yoast-seo-wordpress\/ -->\n<title>Woed- Woed<\/title>\n<meta name=\"description\" content=\"D\u00e9couvrez la magie du bois chez WOED, la boutique en ligne n\u00e9erlandaise de produits uniques et faits \u00e0 la main. Il ne s&#039;agit pas de longues histoires sur nous, mais de cr\u00e9ations en bois de haute qualit\u00e9, fabriqu\u00e9es avec amour et livr\u00e9es directement \u00e0 votre porte. 100 % naturel, 100 % amusant. Du festival \u00e0 la maison, nos produits en bois vous permettront d&#039;\u00eatre le ma\u00eetre de la piste de danse. Commandez d\u00e8s maintenant et d\u00e9couvrez le style unique de WOED : ce que vous voyez, c&#039;est ce que vous obtenez. Pas de d\u00e9fenseurs des arbres, mais un amour pur pour le bois !\" \/>\n<meta name=\"robots\" content=\"index, follow, max-snippet:-1, max-image-preview:large, max-video-preview:-1\" \/>\n<link rel=\"canonical\" href=\"https:\/\/woedonline.nl\/fr\/politique-de-garantie\/\" \/>\n<meta property=\"og:locale\" content=\"fr_FR\" \/>\n<meta property=\"og:type\" content=\"article\" \/>\n<meta property=\"og:title\" content=\"Woed- Woed\" \/>\n<meta property=\"og:description\" content=\"D\u00e9couvrez la magie du bois chez WOED, la boutique en ligne n\u00e9erlandaise de produits uniques et faits \u00e0 la main. Il ne s&#039;agit pas de longues histoires sur nous, mais de cr\u00e9ations en bois de haute qualit\u00e9, fabriqu\u00e9es avec amour et livr\u00e9es directement \u00e0 votre porte. 100 % naturel, 100 % amusant. Du festival \u00e0 la maison, nos produits en bois vous permettront d&#039;\u00eatre le ma\u00eetre de la piste de danse. Commandez d\u00e8s maintenant et d\u00e9couvrez le style unique de WOED : ce que vous voyez, c&#039;est ce que vous obtenez. Pas de d\u00e9fenseurs des arbres, mais un amour pur pour le bois !\" \/>\n<meta property=\"og:url\" content=\"https:\/\/woedonline.nl\/fr\/politique-de-garantie\/\" \/>\n<meta property=\"og:site_name\" content=\"Woed\" \/>\n<meta property=\"article:publisher\" content=\"https:\/\/www.facebook.com\/Woedshop\/\" \/>\n<meta property=\"article:modified_time\" content=\"2022-07-06T11:20:40+00:00\" \/>\n<meta property=\"og:image\" content=\"https:\/\/woedonline.nl\/wp-content\/uploads\/2023\/10\/BDM00617-jpg.webp\" \/>\n\t<meta property=\"og:image:width\" content=\"1080\" \/>\n\t<meta property=\"og:image:height\" content=\"720\" \/>\n\t<meta property=\"og:image:type\" content=\"image\/jpeg\" \/>\n<meta name=\"twitter:card\" content=\"summary_large_image\" \/>\n<meta name=\"twitter:label1\" content=\"Dur\u00e9e de lecture estim\u00e9e\" \/>\n\t<meta name=\"twitter:data1\" content=\"1 minute\" \/>\n<script type=\"application\/ld+json\" class=\"yoast-schema-graph\">{\"@context\":\"https:\\\/\\\/schema.org\",\"@graph\":[{\"@type\":\"WebPage\",\"@id\":\"https:\\\/\\\/woedonline.nl\\\/fr\\\/politique-de-garantie\\\/\",\"url\":\"https:\\\/\\\/woedonline.nl\\\/fr\\\/politique-de-garantie\\\/\",\"name\":\"Woed- Woed\",\"isPartOf\":{\"@id\":\"https:\\\/\\\/woedonline.nl\\\/fr\\\/#website\"},\"datePublished\":\"2020-01-07T20:00:22+00:00\",\"dateModified\":\"2022-07-06T11:20:40+00:00\",\"description\":\"D\u00e9couvrez la magie du bois chez WOED, la boutique en ligne n\u00e9erlandaise de produits uniques et faits \u00e0 la main. Il ne s'agit pas de longues histoires sur nous, mais de cr\u00e9ations en bois de haute qualit\u00e9, fabriqu\u00e9es avec amour et livr\u00e9es directement \u00e0 votre porte. 100 % naturel, 100 % amusant. Du festival \u00e0 la maison, nos produits en bois vous permettront d'\u00eatre le ma\u00eetre de la piste de danse. Commandez d\u00e8s maintenant et d\u00e9couvrez le style unique de WOED : ce que vous voyez, c'est ce que vous obtenez. Pas de d\u00e9fenseurs des arbres, mais un amour pur pour le bois !\",\"breadcrumb\":{\"@id\":\"https:\\\/\\\/woedonline.nl\\\/fr\\\/politique-de-garantie\\\/#breadcrumb\"},\"inLanguage\":\"fr-FR\",\"potentialAction\":[{\"@type\":\"ReadAction\",\"target\":[\"https:\\\/\\\/woedonline.nl\\\/fr\\\/politique-de-garantie\\\/\"]}]},{\"@type\":\"BreadcrumbList\",\"@id\":\"https:\\\/\\\/woedonline.nl\\\/fr\\\/politique-de-garantie\\\/#breadcrumb\",\"itemListElement\":[{\"@type\":\"ListItem\",\"position\":1,\"name\":\"Accueil\",\"item\":\"https:\\\/\\\/woedonline.nl\\\/fr\\\/\"},{\"@type\":\"ListItem\",\"position\":2,\"name\":\"Politique de garantie\"}]},{\"@type\":\"WebSite\",\"@id\":\"https:\\\/\\\/woedonline.nl\\\/fr\\\/#website\",\"url\":\"https:\\\/\\\/woedonline.nl\\\/fr\\\/\",\"name\":\"Woed\",\"description\":\"Kurk petten, houten horloges en houten zonnebrillen\",\"publisher\":{\"@id\":\"https:\\\/\\\/woedonline.nl\\\/fr\\\/#organization\"},\"alternateName\":\"W\",\"potentialAction\":[{\"@type\":\"SearchAction\",\"target\":{\"@type\":\"EntryPoint\",\"urlTemplate\":\"https:\\\/\\\/woedonline.nl\\\/fr\\\/?s={search_term_string}\"},\"query-input\":{\"@type\":\"PropertyValueSpecification\",\"valueRequired\":true,\"valueName\":\"search_term_string\"}}],\"inLanguage\":\"fr-FR\"},{\"@type\":\"Organization\",\"@id\":\"https:\\\/\\\/woedonline.nl\\\/fr\\\/#organization\",\"name\":\"Woed\",\"alternateName\":\"W\",\"url\":\"https:\\\/\\\/woedonline.nl\\\/fr\\\/\",\"logo\":{\"@type\":\"ImageObject\",\"inLanguage\":\"fr-FR\",\"@id\":\"https:\\\/\\\/woedonline.nl\\\/fr\\\/#\\\/schema\\\/logo\\\/image\\\/\",\"url\":\"https:\\\/\\\/woedonline.nl\\\/wp-content\\\/uploads\\\/2016\\\/05\\\/Wood-logo-name-png.png\",\"contentUrl\":\"https:\\\/\\\/woedonline.nl\\\/wp-content\\\/uploads\\\/2016\\\/05\\\/Wood-logo-name-png.png\",\"width\":250,\"height\":89,\"caption\":\"Woed\"},\"image\":{\"@id\":\"https:\\\/\\\/woedonline.nl\\\/fr\\\/#\\\/schema\\\/logo\\\/image\\\/\"},\"sameAs\":[\"https:\\\/\\\/www.facebook.com\\\/Woedshop\\\/\",\"https:\\\/\\\/www.instagram.com\\\/woed.eu\"]}]}<\/script>\n<!-- \/ Yoast SEO plugin. -->","yoast_head_json":{"title":"Woed- Woed","description":"D\u00e9couvrez la magie du bois chez WOED, la boutique en ligne n\u00e9erlandaise de produits uniques et faits \u00e0 la main. Il ne s'agit pas de longues histoires sur nous, mais de cr\u00e9ations en bois de haute qualit\u00e9, fabriqu\u00e9es avec amour et livr\u00e9es directement \u00e0 votre porte. 100 % naturel, 100 % amusant. Du festival \u00e0 la maison, nos produits en bois vous permettront d'\u00eatre le ma\u00eetre de la piste de danse. Commandez d\u00e8s maintenant et d\u00e9couvrez le style unique de WOED : ce que vous voyez, c'est ce que vous obtenez. Pas de d\u00e9fenseurs des arbres, mais un amour pur pour le bois !","robots":{"index":"index","follow":"follow","max-snippet":"max-snippet:-1","max-image-preview":"max-image-preview:large","max-video-preview":"max-video-preview:-1"},"canonical":"https:\/\/woedonline.nl\/fr\/politique-de-garantie\/","og_locale":"fr_FR","og_type":"article","og_title":"Woed- Woed","og_description":"D\u00e9couvrez la magie du bois chez WOED, la boutique en ligne n\u00e9erlandaise de produits uniques et faits \u00e0 la main. Il ne s'agit pas de longues histoires sur nous, mais de cr\u00e9ations en bois de haute qualit\u00e9, fabriqu\u00e9es avec amour et livr\u00e9es directement \u00e0 votre porte. 100 % naturel, 100 % amusant. Du festival \u00e0 la maison, nos produits en bois vous permettront d'\u00eatre le ma\u00eetre de la piste de danse. Commandez d\u00e8s maintenant et d\u00e9couvrez le style unique de WOED : ce que vous voyez, c'est ce que vous obtenez. Pas de d\u00e9fenseurs des arbres, mais un amour pur pour le bois !","og_url":"https:\/\/woedonline.nl\/fr\/politique-de-garantie\/","og_site_name":"Woed","article_publisher":"https:\/\/www.facebook.com\/Woedshop\/","article_modified_time":"2022-07-06T11:20:40+00:00","og_image":[{"width":1080,"height":720,"url":"https:\/\/woedonline.nl\/wp-content\/uploads\/2023\/10\/BDM00617-jpg.webp","type":"image\/jpeg"}],"twitter_card":"summary_large_image","twitter_misc":{"Dur\u00e9e de lecture estim\u00e9e":"1 minute"},"schema":{"@context":"https:\/\/schema.org","@graph":[{"@type":"WebPage","@id":"https:\/\/woedonline.nl\/fr\/politique-de-garantie\/","url":"https:\/\/woedonline.nl\/fr\/politique-de-garantie\/","name":"Woed- Woed","isPartOf":{"@id":"https:\/\/woedonline.nl\/fr\/#website"},"datePublished":"2020-01-07T20:00:22+00:00","dateModified":"2022-07-06T11:20:40+00:00","description":"D\u00e9couvrez la magie du bois chez WOED, la boutique en ligne n\u00e9erlandaise de produits uniques et faits \u00e0 la main. Il ne s'agit pas de longues histoires sur nous, mais de cr\u00e9ations en bois de haute qualit\u00e9, fabriqu\u00e9es avec amour et livr\u00e9es directement \u00e0 votre porte. 100 % naturel, 100 % amusant. Du festival \u00e0 la maison, nos produits en bois vous permettront d'\u00eatre le ma\u00eetre de la piste de danse. Commandez d\u00e8s maintenant et d\u00e9couvrez le style unique de WOED : ce que vous voyez, c'est ce que vous obtenez. Pas de d\u00e9fenseurs des arbres, mais un amour pur pour le bois !","breadcrumb":{"@id":"https:\/\/woedonline.nl\/fr\/politique-de-garantie\/#breadcrumb"},"inLanguage":"fr-FR","potentialAction":[{"@type":"ReadAction","target":["https:\/\/woedonline.nl\/fr\/politique-de-garantie\/"]}]},{"@type":"BreadcrumbList","@id":"https:\/\/woedonline.nl\/fr\/politique-de-garantie\/#breadcrumb","itemListElement":[{"@type":"ListItem","position":1,"name":"Accueil","item":"https:\/\/woedonline.nl\/fr\/"},{"@type":"ListItem","position":2,"name":"Politique de garantie"}]},{"@type":"WebSite","@id":"https:\/\/woedonline.nl\/fr\/#website","url":"https:\/\/woedonline.nl\/fr\/","name":"Woed","description":"Kurk petten, houten horloges en houten zonnebrillen","publisher":{"@id":"https:\/\/woedonline.nl\/fr\/#organization"},"alternateName":"W","potentialAction":[{"@type":"SearchAction","target":{"@type":"EntryPoint","urlTemplate":"https:\/\/woedonline.nl\/fr\/?s={search_term_string}"},"query-input":{"@type":"PropertyValueSpecification","valueRequired":true,"valueName":"search_term_string"}}],"inLanguage":"fr-FR"},{"@type":"Organization","@id":"https:\/\/woedonline.nl\/fr\/#organization","name":"Woed","alternateName":"W","url":"https:\/\/woedonline.nl\/fr\/","logo":{"@type":"ImageObject","inLanguage":"fr-FR","@id":"https:\/\/woedonline.nl\/fr\/#\/schema\/logo\/image\/","url":"https:\/\/woedonline.nl\/wp-content\/uploads\/2016\/05\/Wood-logo-name-png.png","contentUrl":"https:\/\/woedonline.nl\/wp-content\/uploads\/2016\/05\/Wood-logo-name-png.png","width":250,"height":89,"caption":"Woed"},"image":{"@id":"https:\/\/woedonline.nl\/fr\/#\/schema\/logo\/image\/"},"sameAs":["https:\/\/www.facebook.com\/Woedshop\/","https:\/\/www.instagram.com\/woed.eu"]}]}},"_links":{"self":[{"href":"https:\/\/woedonline.nl\/fr\/wp-json\/wp\/v2\/pages\/323059","targetHints":{"allow":["GET"]}}],"collection":[{"href":"https:\/\/woedonline.nl\/fr\/wp-json\/wp\/v2\/pages"}],"about":[{"href":"https:\/\/woedonline.nl\/fr\/wp-json\/wp\/v2\/types\/page"}],"author":[{"embeddable":true,"href":"https:\/\/woedonline.nl\/fr\/wp-json\/wp\/v2\/users\/1"}],"replies":[{"embeddable":true,"href":"https:\/\/woedonline.nl\/fr\/wp-json\/wp\/v2\/comments?post=323059"}],"version-history":[{"count":0,"href":"https:\/\/woedonline.nl\/fr\/wp-json\/wp\/v2\/pages\/323059\/revisions"}],"wp:attachment":[{"href":"https:\/\/woedonline.nl\/fr\/wp-json\/wp\/v2\/media?parent=323059"}],"curies":[{"name":"wp","href":"https:\/\/api.w.org\/{rel}","templated":true}]}}