{"id":322692,"date":"2021-04-13T13:26:17","date_gmt":"2021-04-13T11:26:17","guid":{"rendered":"https:\/\/woedonline.nl\/tabac-soutien\/"},"modified":"2023-11-09T14:01:13","modified_gmt":"2023-11-09T12:01:13","slug":"tabac-soutien","status":"publish","type":"page","link":"https:\/\/woedonline.nl\/fr\/tabac-soutien\/","title":{"rendered":"Soutien"},"content":{"rendered":"\n\n\t<section class=\"section\" id=\"section_174283968\">\n\t\t<div class=\"section-bg fill\" >\n\t\t\t\t\t\t\t\t\t\n\t\t\t\n\n\t\t<\/div>\n\n\t\t\n\n\t\t<div class=\"section-content relative\">\n\t\t\t\n\n\t<div id=\"gap-142890134\" class=\"gap-element clearfix\" style=\"display:block; height:auto;\">\n\t\t\n<style>\n#gap-142890134 {\n  padding-top: 55px;\n}\n<\/style>\n\t<\/div>\n\t\n\n<div class=\"row align-center\"  id=\"row-799037688\">\n\n\n\t<div id=\"col-420729239\" class=\"col medium-8 small-12 large-5\"  >\n\t\t\t\t<div class=\"col-inner text-center\"  >\n\t\t\t\n\t\t\t\n\n\t<div id=\"text-3943420424\" class=\"text\">\n\t\t\n\n<h6><a href=\"_wp_link_placeholder\" data-wplink-edit=\"true\">Accueil<\/a> - Soutien<\/h6>\n\t\t\n<style>\n#text-3943420424 {\n  font-size: 0.8rem;\n}\n<\/style>\n\t<\/div>\n\t\n\t<div id=\"text-1920153715\" class=\"text\">\n\t\t\n\n<h1>Service \u00e0 la client\u00e8le<\/h1>\n\t\t\n<style>\n#text-1920153715 {\n  font-size: 1.5rem;\n}\n<\/style>\n\t<\/div>\n\t\n<p>Lorem ipsum dolor sit amet consectetur adipiscing elit fusce sit amet placerat tortor in cursus turpis.<\/p>\n\n\t\t<\/div>\n\t\t\t\t\t<\/div>\n\n\t\n\n<\/div>\n\n\t\t<\/div>\n\n\t\t\n<style>\n#section_174283968 {\n  padding-top: 5px;\n  padding-bottom: 5px;\n  background-color: rgb(255,255,255);\n}\n<\/style>\n\t<\/section>\n\t\n\n\t<section class=\"section\" id=\"section_307052668\">\n\t\t<div class=\"section-bg fill\" >\n\t\t\t\t\t\t\t\t\t\n\t\t\t\n\n\t\t<\/div>\n\n\t\t\n\n\t\t<div class=\"section-content relative\">\n\t\t\t\n\n\t<div id=\"gap-1302387710\" class=\"gap-element clearfix\" style=\"display:block; height:auto;\">\n\t\t\n<style>\n#gap-1302387710 {\n  padding-top: 15px;\n}\n<\/style>\n\t<\/div>\n\t\n\n<div class=\"row align-equal\"  id=\"row-1748068892\">\n\n\n\t<div id=\"col-25457072\" class=\"col medium-6 small-12 large-4\"  >\n\t\t\t\t<div class=\"col-inner\" style=\"background-color:rgb(255, 255, 255);\" >\n\t\t\t\n\t\t\t\n\n\n\t<a class=\"plain\" href=\"\/snuf\/shipping\" >\t<div class=\"icon-box featured-box icon-box-center text-center\"  >\n\t\t\t\t\t<div class=\"icon-box-img\" style=\"width: 48px\">\n\t\t\t\t<div class=\"icon\">\n\t\t\t\t\t<div class=\"icon-inner\" >\n\t\t\t\t\t\t<img decoding=\"async\" src=\"https:\/\/templates.sebdelaweb.com\/snuf\/wp-content\/uploads\/sites\/7\/2021\/04\/truck-line.png\" alt=\"\"\/>\t\t\t\t\t<\/div>\n\t\t\t\t<\/div>\n\t\t\t<\/div>\n\t\t\t\t<div class=\"icon-box-text last-reset\">\n\t\t\t\t\t\t\t\t\t\n\n<h3>Exp\u00e9dition<\/h3>\n<p><span style=\"font-size: 90%;\">Lorem ipsum dolor sit amet consectetuer adipiscing elit.<\/span><\/p>\n\n\t\t<\/div>\n\t<\/div>\n\t<\/a>\n\t\n\n\t\t<\/div>\n\t\t\t\t\n<style>\n#col-25457072 > .col-inner {\n  border-radius: 10px;\n}\n<\/style>\n\t<\/div>\n\n\t\n\n\t<div id=\"col-2072909080\" class=\"col medium-6 small-12 large-4\"  >\n\t\t\t\t<div class=\"col-inner\" style=\"background-color:rgb(255, 255, 255);\" >\n\t\t\t\n\t\t\t\n\n\n\t<a class=\"plain\" href=\"\/snuf\/payments\" >\t<div class=\"icon-box featured-box icon-box-center text-center\"  >\n\t\t\t\t\t<div class=\"icon-box-img\" style=\"width: 48px\">\n\t\t\t\t<div class=\"icon\">\n\t\t\t\t\t<div class=\"icon-inner\" >\n\t\t\t\t\t\t<img decoding=\"async\" src=\"https:\/\/templates.sebdelaweb.com\/snuf\/wp-content\/uploads\/sites\/7\/2021\/04\/bank-card-2-line.png\" alt=\"\"\/>\t\t\t\t\t<\/div>\n\t\t\t\t<\/div>\n\t\t\t<\/div>\n\t\t\t\t<div class=\"icon-box-text last-reset\">\n\t\t\t\t\t\t\t\t\t\n\n<h3>Paiements<\/h3>\n<p><span style=\"font-size: 90%;\">Lorem ipsum dolor sit amet consectetuer adipiscing elit.<\/span><\/p>\n\n\t\t<\/div>\n\t<\/div>\n\t<\/a>\n\t\n\n\t\t<\/div>\n\t\t\t\t\n<style>\n#col-2072909080 > .col-inner {\n  border-radius: 10px;\n}\n<\/style>\n\t<\/div>\n\n\t\n\n\t<div id=\"col-151674081\" class=\"col medium-6 small-12 large-4\"  >\n\t\t\t\t<div class=\"col-inner\" style=\"background-color:rgb(255, 255, 255);\" >\n\t\t\t\n\t\t\t\n\n\n\t<a class=\"plain\" href=\"\/snuf\/returns\" >\t<div class=\"icon-box featured-box icon-box-center text-center\"  >\n\t\t\t\t\t<div class=\"icon-box-img\" style=\"width: 48px\">\n\t\t\t\t<div class=\"icon\">\n\t\t\t\t\t<div class=\"icon-inner\" >\n\t\t\t\t\t\t<img decoding=\"async\" src=\"https:\/\/templates.sebdelaweb.com\/snuf\/wp-content\/uploads\/sites\/7\/2021\/04\/arrow-left-right-line.png\" alt=\"\"\/>\t\t\t\t\t<\/div>\n\t\t\t\t<\/div>\n\t\t\t<\/div>\n\t\t\t\t<div class=\"icon-box-text last-reset\">\n\t\t\t\t\t\t\t\t\t\n\n<h3>Renvoie \u00e0<\/h3>\n<p><span style=\"font-size: 90%;\">Lorem ipsum dolor sit amet consectetuer adipiscing elit.<\/span><\/p>\n\n\t\t<\/div>\n\t<\/div>\n\t<\/a>\n\t\n\n\t\t<\/div>\n\t\t\t\t\n<style>\n#col-151674081 > .col-inner {\n  border-radius: 10px;\n}\n<\/style>\n\t<\/div>\n\n\t\n\n\t<div id=\"col-170665570\" class=\"col medium-6 small-12 large-4\"  >\n\t\t\t\t<div class=\"col-inner\"  >\n\t\t\t\n\t\t\t\n\n\n\t<a class=\"plain\" href=\"\/snuf\/mon-compte\/commandes\/\" >\t<div class=\"icon-box featured-box icon-box-center text-center\"  >\n\t\t\t\t\t<div class=\"icon-box-img\" style=\"width: 48px\">\n\t\t\t\t<div class=\"icon\">\n\t\t\t\t\t<div class=\"icon-inner\" >\n\t\t\t\t\t\t<img decoding=\"async\" src=\"https:\/\/templates.sebdelaweb.com\/snuf\/wp-content\/uploads\/sites\/7\/2021\/04\/archive-line.png\" alt=\"\"\/>\t\t\t\t\t<\/div>\n\t\t\t\t<\/div>\n\t\t\t<\/div>\n\t\t\t\t<div class=\"icon-box-text last-reset\">\n\t\t\t\t\t\t\t\t\t\n\n<h3>Commandes<\/h3>\n<p><span style=\"font-size: 90%;\">Lorem ipsum dolor sit amet consectetuer adipiscing elit.<\/span><\/p>\n\n\t\t<\/div>\n\t<\/div>\n\t<\/a>\n\t\n\n\t\t<\/div>\n\t\t\t\t\t<\/div>\n\n\t\n\n\t<div id=\"col-1441891912\" class=\"col medium-6 small-12 large-4\"  >\n\t\t\t\t<div class=\"col-inner\" style=\"background-color:rgb(255, 255, 255);\" >\n\t\t\t\n\t\t\t\n\n\n\t<a class=\"plain\" href=\"\/snuf\/mon-compte\/\" >\t<div class=\"icon-box featured-box icon-box-center text-center\"  >\n\t\t\t\t\t<div class=\"icon-box-img\" style=\"width: 48px\">\n\t\t\t\t<div class=\"icon\">\n\t\t\t\t\t<div class=\"icon-inner\" >\n\t\t\t\t\t\t<img decoding=\"async\" src=\"https:\/\/templates.sebdelaweb.com\/snuf\/wp-content\/uploads\/sites\/7\/2021\/04\/account-circle-line.png\" alt=\"\"\/>\t\t\t\t\t<\/div>\n\t\t\t\t<\/div>\n\t\t\t<\/div>\n\t\t\t\t<div class=\"icon-box-text last-reset\">\n\t\t\t\t\t\t\t\t\t\n\n<h3>Compte<\/h3>\n<p><span style=\"font-size: 90%;\">Lorem ipsum dolor sit amet consectetuer adipiscing elit.<\/span><\/p>\n\n\t\t<\/div>\n\t<\/div>\n\t<\/a>\n\t\n\n\t\t<\/div>\n\t\t\t\t\n<style>\n#col-1441891912 > .col-inner {\n  border-radius: 10px;\n}\n<\/style>\n\t<\/div>\n\n\t\n\n\t<div id=\"col-1430605581\" class=\"col medium-6 small-12 large-4\"  >\n\t\t\t\t<div class=\"col-inner\" style=\"background-color:rgb(255, 255, 255);\" >\n\t\t\t\n\t\t\t\n\n\n\t<a class=\"plain\" href=\"\/snuf\/privacy\/\" >\t<div class=\"icon-box featured-box icon-box-center text-center\"  >\n\t\t\t\t\t<div class=\"icon-box-img\" style=\"width: 48px\">\n\t\t\t\t<div class=\"icon\">\n\t\t\t\t\t<div class=\"icon-inner\" >\n\t\t\t\t\t\t<img decoding=\"async\" src=\"https:\/\/templates.sebdelaweb.com\/snuf\/wp-content\/uploads\/sites\/7\/2021\/04\/file-list-line.png\" alt=\"\"\/>\t\t\t\t\t<\/div>\n\t\t\t\t<\/div>\n\t\t\t<\/div>\n\t\t\t\t<div class=\"icon-box-text last-reset\">\n\t\t\t\t\t\t\t\t\t\n\n<h3>Vie priv\u00e9e<\/h3>\n<p><span style=\"font-size: 90%;\">Lorem ipsum dolor sit amet consectetuer adipiscing elit.<\/span><\/p>\n\n\t\t<\/div>\n\t<\/div>\n\t<\/a>\n\t\n\n\t\t<\/div>\n\t\t\t\t\n<style>\n#col-1430605581 > .col-inner {\n  border-radius: 10px;\n}\n<\/style>\n\t<\/div>\n\n\t\n\n\n<style>\n#row-1748068892 > .col > .col-inner {\n  padding: 40px 40px 40px 40px;\n  background-color: rgb(255,255,255);\n}\n<\/style>\n<\/div>\n<div class=\"row row-collapse\"  id=\"row-1845576193\">\n\n\n\t<div id=\"col-189966391\" class=\"col small-12 large-12\"  >\n\t\t\t\t<div class=\"col-inner text-center\"  >\n\t\t\t\n\t\t\t\n\n<a href=\"\/snuff\/contact\" class=\"button primary\" >\n\t\t<span>Nous contacter<\/span>\n\t<\/a>\n\n\n\n\t\t<\/div>\n\t\t\t\t\t<\/div>\n\n\t\n\n<\/div>\n\n\t\t<\/div>\n\n\t\t\n<style>\n#section_307052668 {\n  padding-top: 45px;\n  padding-bottom: 45px;\n  background-color: rgb(240, 246, 249);\n}\n<\/style>\n\t<\/section>\n\t\n\n\t<section class=\"section\" id=\"section_334101921\">\n\t\t<div class=\"section-bg fill\" >\n\t\t\t\t\t\t\t\t\t\n\t\t\t\n\n\t\t<\/div>\n\n\t\t\n\n\t\t<div class=\"section-content relative\">\n\t\t\t\n\n<div class=\"row\"  id=\"row-724546335\">\n\n\n\t<div id=\"col-1896151216\" class=\"col small-12 large-12\"  >\n\t\t\t\t<div class=\"col-inner text-center\"  >\n\t\t\t\n\t\t\t\n\n<h2>Questions fr\u00e9quemment pos\u00e9es<\/h2>\n\n\t\t<\/div>\n\t\t\t\t\t<\/div>\n\n\t\n\n<\/div>\n<div class=\"row\"  id=\"row-1843306117\">\n\n\n\t<div id=\"col-34803699\" class=\"col medium-12 small-12 large-6\"  >\n\t\t\t\t<div class=\"col-inner\"  >\n\t\t\t\n\t\t\t\n\n<div class=\"accordion\">\n\n\t<div id=\"accordion-1472041752\" class=\"accordion-item\">\n\t\t<a id=\"accordion-1472041752-label\" class=\"accordion-title plain\" href=\"#accordion-item-que-faire-si-je-dois-modifier-ma-commande-?\" aria-expanded=\"false\" aria-controls=\"accordion-1472041752-content\">\n\t\t\t<button class=\"toggle\" aria-label=\"Basculer\"><i class=\"icon-angle-down\" aria-hidden=\"true\"><\/i><\/button>\n\t\t\t<span>Que faire si je dois modifier ma commande ?<\/span>\n\t\t<\/a>\n\t\t<div id=\"accordion-1472041752-content\" class=\"accordion-inner\" aria-labelledby=\"accordion-1472041752-label\">\n\t\t\t\n\n<p>Lorem ipsum dolor sit amet, consectetuer adipiscing elit, sed diam nonummy nibh euismod tincidunt ut laoreet dolore magna aliquam erat volutpat.<\/p>\n\n\t\t<\/div>\n\t<\/div>\n\t\n\t<div id=\"accordion-1476264420\" class=\"accordion-item\">\n\t\t<a id=\"accordion-1476264420-label\" class=\"accordion-title plain\" href=\"#accordion-item-que-faire-si-je-dois-changer-mon-adresse-de-livraison-?\" aria-expanded=\"false\" aria-controls=\"accordion-1476264420-content\">\n\t\t\t<button class=\"toggle\" aria-label=\"Basculer\"><i class=\"icon-angle-down\" aria-hidden=\"true\"><\/i><\/button>\n\t\t\t<span>Que faire si je dois changer mon adresse de livraison ?<\/span>\n\t\t<\/a>\n\t\t<div id=\"accordion-1476264420-content\" class=\"accordion-inner\" aria-labelledby=\"accordion-1476264420-label\">\n\t\t\t\n\n<p>Lorem ipsum dolor sit amet, consectetuer adipiscing elit, sed diam nonummy nibh euismod tincidunt ut laoreet dolore magna aliquam erat volutpat.<\/p>\n\n\t\t<\/div>\n\t<\/div>\n\t\n\t<div id=\"accordion-395941008\" class=\"accordion-item\">\n\t\t<a id=\"accordion-395941008-label\" class=\"accordion-title plain\" href=\"#accordion-item-puis-je-obtenir-une-livraison-le-jour-m\u00eame-?\" aria-expanded=\"false\" aria-controls=\"accordion-395941008-content\">\n\t\t\t<button class=\"toggle\" aria-label=\"Basculer\"><i class=\"icon-angle-down\" aria-hidden=\"true\"><\/i><\/button>\n\t\t\t<span>Puis-je obtenir une livraison le jour m\u00eame ?<\/span>\n\t\t<\/a>\n\t\t<div id=\"accordion-395941008-content\" class=\"accordion-inner\" aria-labelledby=\"accordion-395941008-label\">\n\t\t\t\n\n<p>Lorem ipsum dolor sit amet, consectetuer adipiscing elit, sed diam nonummy nibh euismod tincidunt ut laoreet dolore magna aliquam erat volutpat.<\/p>\n\n\t\t<\/div>\n\t<\/div>\n\t\n\n<\/div>\n\n\t\t<\/div>\n\t\t\t\t\t<\/div>\n\n\t\n\n\t<div id=\"col-2033308086\" class=\"col medium-12 small-12 large-6\"  >\n\t\t\t\t<div class=\"col-inner\"  >\n\t\t\t\n\t\t\t\n\n<div class=\"accordion\">\n\n\t<div id=\"accordion-4205051476\" class=\"accordion-item\">\n\t\t<a id=\"accordion-4205051476-label\" class=\"accordion-title plain\" href=\"#accordion-item-comment-obtenir-un-remboursement-?\" aria-expanded=\"false\" aria-controls=\"accordion-4205051476-content\">\n\t\t\t<button class=\"toggle\" aria-label=\"Basculer\"><i class=\"icon-angle-down\" aria-hidden=\"true\"><\/i><\/button>\n\t\t\t<span>Comment obtenir un remboursement ?<\/span>\n\t\t<\/a>\n\t\t<div id=\"accordion-4205051476-content\" class=\"accordion-inner\" aria-labelledby=\"accordion-4205051476-label\">\n\t\t\t\n\n<p>Lorem ipsum dolor sit amet, consectetuer adipiscing elit, sed diam nonummy nibh euismod tincidunt ut laoreet dolore magna aliquam erat volutpat.<\/p>\n\n\t\t<\/div>\n\t<\/div>\n\t\n\t<div id=\"accordion-1706866567\" class=\"accordion-item\">\n\t\t<a id=\"accordion-1706866567-label\" class=\"accordion-title plain\" href=\"#accordion-item-j&#039;ai-perdu-mon-mot-de-passe,-comment-me-connecter-?\" aria-expanded=\"false\" aria-controls=\"accordion-1706866567-content\">\n\t\t\t<button class=\"toggle\" aria-label=\"Basculer\"><i class=\"icon-angle-down\" aria-hidden=\"true\"><\/i><\/button>\n\t\t\t<span>J'ai perdu mon mot de passe, comment me connecter ?<\/span>\n\t\t<\/a>\n\t\t<div id=\"accordion-1706866567-content\" class=\"accordion-inner\" aria-labelledby=\"accordion-1706866567-label\">\n\t\t\t\n\n<p>Lorem ipsum dolor sit amet, consectetuer adipiscing elit, sed diam nonummy nibh euismod tincidunt ut laoreet dolore magna aliquam erat volutpat.<\/p>\n\n\t\t<\/div>\n\t<\/div>\n\t\n\t<div id=\"accordion-642595800\" class=\"accordion-item\">\n\t\t<a id=\"accordion-642595800-label\" class=\"accordion-title plain\" href=\"#accordion-item-que-se-passe-t-il-avec-mes-donn\u00e9es-personnelles-?\" aria-expanded=\"false\" aria-controls=\"accordion-642595800-content\">\n\t\t\t<button class=\"toggle\" aria-label=\"Basculer\"><i class=\"icon-angle-down\" aria-hidden=\"true\"><\/i><\/button>\n\t\t\t<span>Que se passe-t-il avec mes donn\u00e9es personnelles ?<\/span>\n\t\t<\/a>\n\t\t<div id=\"accordion-642595800-content\" class=\"accordion-inner\" aria-labelledby=\"accordion-642595800-label\">\n\t\t\t\n\n<p>Lorem ipsum dolor sit amet, consectetuer adipiscing elit, sed diam nonummy nibh euismod tincidunt ut laoreet dolore magna aliquam erat volutpat.<\/p>\n\n\t\t<\/div>\n\t<\/div>\n\t\n\n<\/div>\n\n\t\t<\/div>\n\t\t\t\t\t<\/div>\n\n\t\n\n<\/div>\n\n\t\t<\/div>\n\n\t\t\n<style>\n#section_334101921 {\n  padding-top: 55px;\n  padding-bottom: 55px;\n}\n@media (min-width:550px) {\n  #section_334101921 {\n    padding-top: 50px;\n    padding-bottom: 50px;\n  }\n}\n@media (min-width:850px) {\n  #section_334101921 {\n    padding-top: 80px;\n    padding-bottom: 80px;\n  }\n}\n<\/style>\n\t<\/section>\n\t\n","protected":false},"excerpt":{"rendered":"","protected":false},"author":1,"featured_media":0,"parent":0,"menu_order":0,"comment_status":"closed","ping_status":"closed","template":"page-blank.php","meta":{"footnotes":""},"class_list":["post-322692","page","type-page","status-publish","hentry"],"yoast_head":"<!-- This site is optimized with the Yoast SEO plugin v27.4 - https:\/\/yoast.com\/product\/yoast-seo-wordpress\/ -->\n<title>Woed- Woed<\/title>\n<meta name=\"description\" content=\"D\u00e9couvrez la magie du bois chez WOED, la boutique en ligne n\u00e9erlandaise de produits uniques et faits \u00e0 la main. Il ne s&#039;agit pas de longues histoires sur nous, mais de cr\u00e9ations en bois de haute qualit\u00e9, fabriqu\u00e9es avec amour et livr\u00e9es directement \u00e0 votre porte. 100 % naturel, 100 % amusant. Du festival \u00e0 la maison, nos produits en bois vous permettront d&#039;\u00eatre le ma\u00eetre de la piste de danse. Commandez d\u00e8s maintenant et d\u00e9couvrez le style unique de WOED : ce que vous voyez, c&#039;est ce que vous obtenez. Pas de d\u00e9fenseurs des arbres, mais un amour pur pour le bois !\" \/>\n<meta name=\"robots\" content=\"index, follow, max-snippet:-1, max-image-preview:large, max-video-preview:-1\" \/>\n<link rel=\"canonical\" href=\"https:\/\/woedonline.nl\/fr\/tabac-soutien\/\" \/>\n<meta property=\"og:locale\" content=\"fr_FR\" \/>\n<meta property=\"og:type\" content=\"article\" \/>\n<meta property=\"og:title\" content=\"Woed- Woed\" \/>\n<meta property=\"og:description\" content=\"D\u00e9couvrez la magie du bois chez WOED, la boutique en ligne n\u00e9erlandaise de produits uniques et faits \u00e0 la main. Il ne s&#039;agit pas de longues histoires sur nous, mais de cr\u00e9ations en bois de haute qualit\u00e9, fabriqu\u00e9es avec amour et livr\u00e9es directement \u00e0 votre porte. 100 % naturel, 100 % amusant. Du festival \u00e0 la maison, nos produits en bois vous permettront d&#039;\u00eatre le ma\u00eetre de la piste de danse. Commandez d\u00e8s maintenant et d\u00e9couvrez le style unique de WOED : ce que vous voyez, c&#039;est ce que vous obtenez. Pas de d\u00e9fenseurs des arbres, mais un amour pur pour le bois !\" \/>\n<meta property=\"og:url\" content=\"https:\/\/woedonline.nl\/fr\/tabac-soutien\/\" \/>\n<meta property=\"og:site_name\" content=\"Woed\" \/>\n<meta property=\"article:publisher\" content=\"https:\/\/www.facebook.com\/Woedshop\/\" \/>\n<meta property=\"article:modified_time\" content=\"2023-11-09T12:01:13+00:00\" \/>\n<meta property=\"og:image\" content=\"https:\/\/woedonline.nl\/wp-content\/uploads\/2023\/10\/BDM00617-jpg.webp\" \/>\n\t<meta property=\"og:image:width\" content=\"1080\" \/>\n\t<meta property=\"og:image:height\" content=\"720\" \/>\n\t<meta property=\"og:image:type\" content=\"image\/jpeg\" \/>\n<meta name=\"twitter:card\" content=\"summary_large_image\" \/>\n<meta name=\"twitter:label1\" content=\"Dur\u00e9e de lecture estim\u00e9e\" \/>\n\t<meta name=\"twitter:data1\" content=\"3 minutes\" \/>\n<script type=\"application\/ld+json\" class=\"yoast-schema-graph\">{\"@context\":\"https:\\\/\\\/schema.org\",\"@graph\":[{\"@type\":\"WebPage\",\"@id\":\"https:\\\/\\\/woedonline.nl\\\/fr\\\/tabac-soutien\\\/\",\"url\":\"https:\\\/\\\/woedonline.nl\\\/fr\\\/tabac-soutien\\\/\",\"name\":\"Woed- Woed\",\"isPartOf\":{\"@id\":\"https:\\\/\\\/woedonline.nl\\\/fr\\\/#website\"},\"datePublished\":\"2021-04-13T11:26:17+00:00\",\"dateModified\":\"2023-11-09T12:01:13+00:00\",\"description\":\"D\u00e9couvrez la magie du bois chez WOED, la boutique en ligne n\u00e9erlandaise de produits uniques et faits \u00e0 la main. Il ne s'agit pas de longues histoires sur nous, mais de cr\u00e9ations en bois de haute qualit\u00e9, fabriqu\u00e9es avec amour et livr\u00e9es directement \u00e0 votre porte. 100 % naturel, 100 % amusant. Du festival \u00e0 la maison, nos produits en bois vous permettront d'\u00eatre le ma\u00eetre de la piste de danse. Commandez d\u00e8s maintenant et d\u00e9couvrez le style unique de WOED : ce que vous voyez, c'est ce que vous obtenez. Pas de d\u00e9fenseurs des arbres, mais un amour pur pour le bois !\",\"breadcrumb\":{\"@id\":\"https:\\\/\\\/woedonline.nl\\\/fr\\\/tabac-soutien\\\/#breadcrumb\"},\"inLanguage\":\"fr-FR\",\"potentialAction\":[{\"@type\":\"ReadAction\",\"target\":[\"https:\\\/\\\/woedonline.nl\\\/fr\\\/tabac-soutien\\\/\"]}]},{\"@type\":\"BreadcrumbList\",\"@id\":\"https:\\\/\\\/woedonline.nl\\\/fr\\\/tabac-soutien\\\/#breadcrumb\",\"itemListElement\":[{\"@type\":\"ListItem\",\"position\":1,\"name\":\"Accueil\",\"item\":\"https:\\\/\\\/woedonline.nl\\\/fr\\\/\"},{\"@type\":\"ListItem\",\"position\":2,\"name\":\"Soutien\"}]},{\"@type\":\"WebSite\",\"@id\":\"https:\\\/\\\/woedonline.nl\\\/fr\\\/#website\",\"url\":\"https:\\\/\\\/woedonline.nl\\\/fr\\\/\",\"name\":\"Woed\",\"description\":\"Kurk petten, houten horloges en houten zonnebrillen\",\"publisher\":{\"@id\":\"https:\\\/\\\/woedonline.nl\\\/fr\\\/#organization\"},\"alternateName\":\"W\",\"potentialAction\":[{\"@type\":\"SearchAction\",\"target\":{\"@type\":\"EntryPoint\",\"urlTemplate\":\"https:\\\/\\\/woedonline.nl\\\/fr\\\/?s={search_term_string}\"},\"query-input\":{\"@type\":\"PropertyValueSpecification\",\"valueRequired\":true,\"valueName\":\"search_term_string\"}}],\"inLanguage\":\"fr-FR\"},{\"@type\":\"Organization\",\"@id\":\"https:\\\/\\\/woedonline.nl\\\/fr\\\/#organization\",\"name\":\"Woed\",\"alternateName\":\"W\",\"url\":\"https:\\\/\\\/woedonline.nl\\\/fr\\\/\",\"logo\":{\"@type\":\"ImageObject\",\"inLanguage\":\"fr-FR\",\"@id\":\"https:\\\/\\\/woedonline.nl\\\/fr\\\/#\\\/schema\\\/logo\\\/image\\\/\",\"url\":\"https:\\\/\\\/woedonline.nl\\\/wp-content\\\/uploads\\\/2016\\\/05\\\/Wood-logo-name-png.png\",\"contentUrl\":\"https:\\\/\\\/woedonline.nl\\\/wp-content\\\/uploads\\\/2016\\\/05\\\/Wood-logo-name-png.png\",\"width\":250,\"height\":89,\"caption\":\"Woed\"},\"image\":{\"@id\":\"https:\\\/\\\/woedonline.nl\\\/fr\\\/#\\\/schema\\\/logo\\\/image\\\/\"},\"sameAs\":[\"https:\\\/\\\/www.facebook.com\\\/Woedshop\\\/\",\"https:\\\/\\\/www.instagram.com\\\/woed.eu\"]}]}<\/script>\n<!-- \/ Yoast SEO plugin. -->","yoast_head_json":{"title":"Woed- Woed","description":"D\u00e9couvrez la magie du bois chez WOED, la boutique en ligne n\u00e9erlandaise de produits uniques et faits \u00e0 la main. Il ne s'agit pas de longues histoires sur nous, mais de cr\u00e9ations en bois de haute qualit\u00e9, fabriqu\u00e9es avec amour et livr\u00e9es directement \u00e0 votre porte. 100 % naturel, 100 % amusant. Du festival \u00e0 la maison, nos produits en bois vous permettront d'\u00eatre le ma\u00eetre de la piste de danse. Commandez d\u00e8s maintenant et d\u00e9couvrez le style unique de WOED : ce que vous voyez, c'est ce que vous obtenez. Pas de d\u00e9fenseurs des arbres, mais un amour pur pour le bois !","robots":{"index":"index","follow":"follow","max-snippet":"max-snippet:-1","max-image-preview":"max-image-preview:large","max-video-preview":"max-video-preview:-1"},"canonical":"https:\/\/woedonline.nl\/fr\/tabac-soutien\/","og_locale":"fr_FR","og_type":"article","og_title":"Woed- Woed","og_description":"D\u00e9couvrez la magie du bois chez WOED, la boutique en ligne n\u00e9erlandaise de produits uniques et faits \u00e0 la main. Il ne s'agit pas de longues histoires sur nous, mais de cr\u00e9ations en bois de haute qualit\u00e9, fabriqu\u00e9es avec amour et livr\u00e9es directement \u00e0 votre porte. 100 % naturel, 100 % amusant. Du festival \u00e0 la maison, nos produits en bois vous permettront d'\u00eatre le ma\u00eetre de la piste de danse. Commandez d\u00e8s maintenant et d\u00e9couvrez le style unique de WOED : ce que vous voyez, c'est ce que vous obtenez. Pas de d\u00e9fenseurs des arbres, mais un amour pur pour le bois !","og_url":"https:\/\/woedonline.nl\/fr\/tabac-soutien\/","og_site_name":"Woed","article_publisher":"https:\/\/www.facebook.com\/Woedshop\/","article_modified_time":"2023-11-09T12:01:13+00:00","og_image":[{"width":1080,"height":720,"url":"https:\/\/woedonline.nl\/wp-content\/uploads\/2023\/10\/BDM00617-jpg.webp","type":"image\/jpeg"}],"twitter_card":"summary_large_image","twitter_misc":{"Dur\u00e9e de lecture estim\u00e9e":"3 minutes"},"schema":{"@context":"https:\/\/schema.org","@graph":[{"@type":"WebPage","@id":"https:\/\/woedonline.nl\/fr\/tabac-soutien\/","url":"https:\/\/woedonline.nl\/fr\/tabac-soutien\/","name":"Woed- Woed","isPartOf":{"@id":"https:\/\/woedonline.nl\/fr\/#website"},"datePublished":"2021-04-13T11:26:17+00:00","dateModified":"2023-11-09T12:01:13+00:00","description":"D\u00e9couvrez la magie du bois chez WOED, la boutique en ligne n\u00e9erlandaise de produits uniques et faits \u00e0 la main. Il ne s'agit pas de longues histoires sur nous, mais de cr\u00e9ations en bois de haute qualit\u00e9, fabriqu\u00e9es avec amour et livr\u00e9es directement \u00e0 votre porte. 100 % naturel, 100 % amusant. Du festival \u00e0 la maison, nos produits en bois vous permettront d'\u00eatre le ma\u00eetre de la piste de danse. Commandez d\u00e8s maintenant et d\u00e9couvrez le style unique de WOED : ce que vous voyez, c'est ce que vous obtenez. Pas de d\u00e9fenseurs des arbres, mais un amour pur pour le bois !","breadcrumb":{"@id":"https:\/\/woedonline.nl\/fr\/tabac-soutien\/#breadcrumb"},"inLanguage":"fr-FR","potentialAction":[{"@type":"ReadAction","target":["https:\/\/woedonline.nl\/fr\/tabac-soutien\/"]}]},{"@type":"BreadcrumbList","@id":"https:\/\/woedonline.nl\/fr\/tabac-soutien\/#breadcrumb","itemListElement":[{"@type":"ListItem","position":1,"name":"Accueil","item":"https:\/\/woedonline.nl\/fr\/"},{"@type":"ListItem","position":2,"name":"Soutien"}]},{"@type":"WebSite","@id":"https:\/\/woedonline.nl\/fr\/#website","url":"https:\/\/woedonline.nl\/fr\/","name":"Woed","description":"Kurk petten, houten horloges en houten zonnebrillen","publisher":{"@id":"https:\/\/woedonline.nl\/fr\/#organization"},"alternateName":"W","potentialAction":[{"@type":"SearchAction","target":{"@type":"EntryPoint","urlTemplate":"https:\/\/woedonline.nl\/fr\/?s={search_term_string}"},"query-input":{"@type":"PropertyValueSpecification","valueRequired":true,"valueName":"search_term_string"}}],"inLanguage":"fr-FR"},{"@type":"Organization","@id":"https:\/\/woedonline.nl\/fr\/#organization","name":"Woed","alternateName":"W","url":"https:\/\/woedonline.nl\/fr\/","logo":{"@type":"ImageObject","inLanguage":"fr-FR","@id":"https:\/\/woedonline.nl\/fr\/#\/schema\/logo\/image\/","url":"https:\/\/woedonline.nl\/wp-content\/uploads\/2016\/05\/Wood-logo-name-png.png","contentUrl":"https:\/\/woedonline.nl\/wp-content\/uploads\/2016\/05\/Wood-logo-name-png.png","width":250,"height":89,"caption":"Woed"},"image":{"@id":"https:\/\/woedonline.nl\/fr\/#\/schema\/logo\/image\/"},"sameAs":["https:\/\/www.facebook.com\/Woedshop\/","https:\/\/www.instagram.com\/woed.eu"]}]}},"_links":{"self":[{"href":"https:\/\/woedonline.nl\/fr\/wp-json\/wp\/v2\/pages\/322692","targetHints":{"allow":["GET"]}}],"collection":[{"href":"https:\/\/woedonline.nl\/fr\/wp-json\/wp\/v2\/pages"}],"about":[{"href":"https:\/\/woedonline.nl\/fr\/wp-json\/wp\/v2\/types\/page"}],"author":[{"embeddable":true,"href":"https:\/\/woedonline.nl\/fr\/wp-json\/wp\/v2\/users\/1"}],"replies":[{"embeddable":true,"href":"https:\/\/woedonline.nl\/fr\/wp-json\/wp\/v2\/comments?post=322692"}],"version-history":[{"count":0,"href":"https:\/\/woedonline.nl\/fr\/wp-json\/wp\/v2\/pages\/322692\/revisions"}],"wp:attachment":[{"href":"https:\/\/woedonline.nl\/fr\/wp-json\/wp\/v2\/media?parent=322692"}],"curies":[{"name":"wp","href":"https:\/\/api.w.org\/{rel}","templated":true}]}}