{"id":403688,"date":"2026-04-14T09:52:24","date_gmt":"2026-04-14T07:52:24","guid":{"rendered":"https:\/\/woedonline.nl\/shop\/sin%20categor\u00eda\/strapback-velcro-edicion-limitada-10-anos\/"},"modified":"2026-04-30T10:23:53","modified_gmt":"2026-04-30T08:23:53","slug":"strapback-velcro-edicion-limitada-10-anos","status":"publish","type":"product","link":"https:\/\/woedonline.nl\/es\/shop\/todas-las-gorras-y-sombreros\/correa\/strapback-velcro-edicion-limitada-10-anos\/","title":{"rendered":"Strapback Velcro | Edici\u00f3n limitada - 10 a\u00f1os"},"content":{"rendered":"<p data-start=\"0\" data-end=\"64\"><strong data-start=\"0\" data-end=\"64\">Gorra Strapback Woed - Verde militar con solapa de corcho (Estilo limitado)<\/strong><\/p>\n<p data-start=\"66\" data-end=\"484\">Completa tu atuendo con esta exclusiva gorra Snapback Woed. Esta gorra combina estilo, comodidad y car\u00e1cter en un dise\u00f1o impactante. El tejido acr\u00edlico verde militar crea un aspecto robusto y atemporal, mientras que la parte superior de corcho marr\u00f3n claro de la solapa destaca inmediatamente y a\u00f1ade un toque natural. En la parte inferior de la solapa, encontrar\u00e1s una llamativa ilustraci\u00f3n naranja, que proporciona un detalle sorprendente con cada movimiento.   <\/p>\n<p data-start=\"486\" data-end=\"711\">La parte delantera est\u00e1 rematada con un logotipo Woed bordado en 3D de alta calidad, que da a la gorra un aspecto de primera calidad. Gracias al cierre ajustable Snapback, la gorra se adapta a casi todas las tallas y siempre encaja a la perfecci\u00f3n. <\/p>\n<p data-start=\"713\" data-end=\"847\">Esta gorra combina perfectamente con nuestra camiseta del 10\u00ba aniversario, lo que facilita la creaci\u00f3n de un look Woed completo y elegante.<\/p>\n<p data-start=\"849\" data-end=\"863\"><strong data-start=\"849\" data-end=\"863\">Caracter\u00edsticas:<\/strong><\/p>\n<ul data-start=\"864\" data-end=\"1118\">\n<li data-section-id=\"1o7e8gz\" data-start=\"864\" data-end=\"892\">Gorra Snapback (ajustable)<\/li>\n<li data-section-id=\"a7y1i7\" data-start=\"893\" data-end=\"912\">Color: verde militar<\/li>\n<li data-section-id=\"qunphp\" data-start=\"913\" data-end=\"942\">Material: tejido acr\u00edlico resistente<\/li>\n<li data-section-id=\"1bgnbsq\" data-start=\"943\" data-end=\"977\">V\u00e1lvula: tapa de corcho marr\u00f3n claro<\/li>\n<li data-section-id=\"f83smx\" data-start=\"978\" data-end=\"1010\">Solapa inferior: ilustraci\u00f3n naranja<\/li>\n<li data-section-id=\"1ohojg1\" data-start=\"1011\" data-end=\"1043\">Bordado en 3D del logotipo de Woed<\/li>\n<li data-section-id=\"1qg5jm5\" data-start=\"1044\" data-end=\"1066\">Ajuste c\u00f3modo<\/li>\n<li data-section-id=\"13er89t\" data-start=\"1067\" data-end=\"1118\">Perfecto para combinar con la camiseta Woed 10 a\u00f1os<\/li>\n<\/ul>\n<p data-start=\"1120\" data-end=\"1314\"><strong data-start=\"1120\" data-end=\"1157\">\u00bfPor qu\u00e9 elegir esta gorra Woed?<\/strong><br data-start=\"1157\" data-end=\"1160\">Esta gorra no es s\u00f3lo un accesorio, sino toda una declaraci\u00f3n. Ideal para el d\u00eda a d\u00eda, para festivales o simplemente para darle un toque especial a tu atuendo. <\/p>\n<p data-start=\"1316\" data-end=\"1393\" data-is-last-node=\"\" data-is-only-node=\"\"><strong data-start=\"1316\" data-end=\"1393\" data-is-last-node=\"\">Pide hoy tu gorra Snapback Woed y destaca con un estilo \u00fanico.<\/strong><\/p>\n","protected":false},"excerpt":{"rendered":"<p>Este producto es un pedido anticipado. Eso significa que puedes encargar esta gorra por adelantado ahora, pero la entrega tendr\u00e1 lugar en una fecha posterior. La fecha de env\u00edo prevista es principios de mayo.  <\/p>\n<p>Atenci\u00f3n: \u00bfpides esta gorra junto con otros productos que est\u00e1n en stock? Entonces tu pedido completo no se enviar\u00e1 hasta principios de mayo. Si quieres recibir tus otros art\u00edculos antes, haz un pedido por separado.  <\/p>\n<p><i class=\"ri-checkbox-circle-fill\" data-text-color=\"primary\"><\/i>Talla adulta 56-61 cm<\/p>\n<p><i class=\"ri-checkbox-circle-fill\" data-text-color=\"primary\"><\/i>Edici\u00f3n limitada 2016-2026<\/p>\n<p><i class=\"ri-checkbox-circle-fill\" data-text-color=\"primary\"><\/i>Para combinar con la camiseta del 10\u00ba aniversario<\/p>\n<p><i class=\"ri-checkbox-circle-fill\" data-text-color=\"primary\"><\/i>Fabricado con corcho aut\u00e9ntico<\/p>\n<p><i class=\"ri-checkbox-circle-fill\" data-text-color=\"primary\"><\/i>Materiales de alta calidad<\/p>\n","protected":false},"featured_media":403702,"comment_status":"open","ping_status":"closed","template":"","meta":[],"product_brand":[],"product_cat":[1533,1355,1338],"product_tag":[],"class_list":{"0":"post-403688","1":"product","2":"type-product","3":"status-publish","4":"has-post-thumbnail","6":"product_cat-camiseta-limitada-de-futbol-retro","7":"product_cat-correa","8":"product_cat-todas-las-gorras-y-sombreros","9":"product_shipping_class-paquete","11":"first","12":"onbackorder","13":"sale","14":"taxable","15":"shipping-taxable","16":"purchasable","17":"product-type-simple"},"yoast_head":"<!-- This site is optimized with the Yoast SEO plugin v27.5 - https:\/\/yoast.com\/product\/yoast-seo-wordpress\/ -->\n<title>Strapback Velcro | Edici\u00f3n limitada - 10 a\u00f1os - Woed<\/title>\n<meta name=\"description\" content=\"Completa tu atuendo con esta exclusiva gorra Snapback Woed. Esta gorra combina estilo, comodidad y car\u00e1cter en un dise\u00f1o impactante. El tejido acr\u00edlico verde militar crea un aspecto robusto y atemporal, mientras que la parte superior de corcho marr\u00f3n claro de la solapa destaca inmediatamente y a\u00f1ade un toque natural. En la parte inferior de la solapa, encontrar\u00e1s una llamativa ilustraci\u00f3n naranja, que proporciona un detalle sorprendente con cada movimiento.\" \/>\n<meta name=\"robots\" content=\"index, follow, max-snippet:-1, max-image-preview:large, max-video-preview:-1\" \/>\n<link rel=\"canonical\" href=\"https:\/\/woedonline.nl\/es\/shop\/todas-las-gorras-y-sombreros\/correa\/strapback-velcro-edicion-limitada-10-anos\/\" \/>\n<meta property=\"og:locale\" content=\"es_ES\" \/>\n<meta property=\"og:type\" content=\"article\" \/>\n<meta property=\"og:title\" content=\"Strapback Velcro | Edici\u00f3n limitada - 10 a\u00f1os - Woed\" \/>\n<meta property=\"og:description\" content=\"Completa tu atuendo con esta exclusiva gorra Snapback Woed. Esta gorra combina estilo, comodidad y car\u00e1cter en un dise\u00f1o impactante. El tejido acr\u00edlico verde militar crea un aspecto robusto y atemporal, mientras que la parte superior de corcho marr\u00f3n claro de la solapa destaca inmediatamente y a\u00f1ade un toque natural. En la parte inferior de la solapa, encontrar\u00e1s una llamativa ilustraci\u00f3n naranja, que proporciona un detalle sorprendente con cada movimiento.\" \/>\n<meta property=\"og:url\" content=\"https:\/\/woedonline.nl\/es\/shop\/todas-las-gorras-y-sombreros\/correa\/strapback-velcro-edicion-limitada-10-anos\/\" \/>\n<meta property=\"og:site_name\" content=\"Woed\" \/>\n<meta property=\"article:publisher\" content=\"https:\/\/www.facebook.com\/Woedshop\/\" \/>\n<meta property=\"article:modified_time\" content=\"2026-04-30T08:23:53+00:00\" \/>\n<meta property=\"og:image\" content=\"https:\/\/woedonline.nl\/wp-content\/uploads\/2026\/04\/snapback-10-1.jpg\" \/>\n\t<meta property=\"og:image:width\" content=\"1000\" \/>\n\t<meta property=\"og:image:height\" content=\"1000\" \/>\n\t<meta property=\"og:image:type\" content=\"image\/jpeg\" \/>\n<meta name=\"twitter:card\" content=\"summary_large_image\" \/>\n<meta name=\"twitter:label1\" content=\"Tiempo de lectura\" \/>\n\t<meta name=\"twitter:data1\" content=\"1 minuto\" \/>\n<script type=\"application\/ld+json\" class=\"yoast-schema-graph\">{\"@context\":\"https:\\\/\\\/schema.org\",\"@graph\":[{\"@type\":\"WebPage\",\"@id\":\"https:\\\/\\\/woedonline.nl\\\/es\\\/shop\\\/todas-las-gorras-y-sombreros\\\/correa\\\/strapback-velcro-edicion-limitada-10-anos\\\/\",\"url\":\"https:\\\/\\\/woedonline.nl\\\/es\\\/shop\\\/todas-las-gorras-y-sombreros\\\/correa\\\/strapback-velcro-edicion-limitada-10-anos\\\/\",\"name\":\"Strapback Velcro | Edici\u00f3n limitada - 10 a\u00f1os - Woed\",\"isPartOf\":{\"@id\":\"https:\\\/\\\/woedonline.nl\\\/es\\\/#website\"},\"primaryImageOfPage\":{\"@id\":\"https:\\\/\\\/woedonline.nl\\\/es\\\/shop\\\/todas-las-gorras-y-sombreros\\\/correa\\\/strapback-velcro-edicion-limitada-10-anos\\\/#primaryimage\"},\"image\":{\"@id\":\"https:\\\/\\\/woedonline.nl\\\/es\\\/shop\\\/todas-las-gorras-y-sombreros\\\/correa\\\/strapback-velcro-edicion-limitada-10-anos\\\/#primaryimage\"},\"thumbnailUrl\":\"https:\\\/\\\/woedonline.nl\\\/wp-content\\\/uploads\\\/2026\\\/04\\\/snapback-10-1.jpg\",\"datePublished\":\"2026-04-14T07:52:24+00:00\",\"dateModified\":\"2026-04-30T08:23:53+00:00\",\"description\":\"Completa tu atuendo con esta exclusiva gorra Snapback Woed. Esta gorra combina estilo, comodidad y car\u00e1cter en un dise\u00f1o impactante. El tejido acr\u00edlico verde militar crea un aspecto robusto y atemporal, mientras que la parte superior de corcho marr\u00f3n claro de la solapa destaca inmediatamente y a\u00f1ade un toque natural. En la parte inferior de la solapa, encontrar\u00e1s una llamativa ilustraci\u00f3n naranja, que proporciona un detalle sorprendente con cada movimiento.\",\"breadcrumb\":{\"@id\":\"https:\\\/\\\/woedonline.nl\\\/es\\\/shop\\\/todas-las-gorras-y-sombreros\\\/correa\\\/strapback-velcro-edicion-limitada-10-anos\\\/#breadcrumb\"},\"inLanguage\":\"es\",\"potentialAction\":[{\"@type\":\"ReadAction\",\"target\":[\"https:\\\/\\\/woedonline.nl\\\/es\\\/shop\\\/todas-las-gorras-y-sombreros\\\/correa\\\/strapback-velcro-edicion-limitada-10-anos\\\/\"]}]},{\"@type\":\"ImageObject\",\"inLanguage\":\"es\",\"@id\":\"https:\\\/\\\/woedonline.nl\\\/es\\\/shop\\\/todas-las-gorras-y-sombreros\\\/correa\\\/strapback-velcro-edicion-limitada-10-anos\\\/#primaryimage\",\"url\":\"https:\\\/\\\/woedonline.nl\\\/wp-content\\\/uploads\\\/2026\\\/04\\\/snapback-10-1.jpg\",\"contentUrl\":\"https:\\\/\\\/woedonline.nl\\\/wp-content\\\/uploads\\\/2026\\\/04\\\/snapback-10-1.jpg\",\"width\":1000,\"height\":1000},{\"@type\":\"BreadcrumbList\",\"@id\":\"https:\\\/\\\/woedonline.nl\\\/es\\\/shop\\\/todas-las-gorras-y-sombreros\\\/correa\\\/strapback-velcro-edicion-limitada-10-anos\\\/#breadcrumb\",\"itemListElement\":[{\"@type\":\"ListItem\",\"position\":1,\"name\":\"Inicio\",\"item\":\"https:\\\/\\\/woedonline.nl\\\/es\\\/\"},{\"@type\":\"ListItem\",\"position\":2,\"name\":\"Tienda\",\"item\":\"https:\\\/\\\/woedonline.nl\\\/es\\\/tienda\\\/\"},{\"@type\":\"ListItem\",\"position\":3,\"name\":\"Strapback Velcro | Edici\u00f3n limitada - 10 a\u00f1os\"}]},{\"@type\":\"WebSite\",\"@id\":\"https:\\\/\\\/woedonline.nl\\\/es\\\/#website\",\"url\":\"https:\\\/\\\/woedonline.nl\\\/es\\\/\",\"name\":\"Woed\",\"description\":\"Geen boomknuffels, wel een houten feestje voor jou\",\"publisher\":{\"@id\":\"https:\\\/\\\/woedonline.nl\\\/es\\\/#organization\"},\"alternateName\":\"W\",\"potentialAction\":[{\"@type\":\"SearchAction\",\"target\":{\"@type\":\"EntryPoint\",\"urlTemplate\":\"https:\\\/\\\/woedonline.nl\\\/es\\\/?s={search_term_string}\"},\"query-input\":{\"@type\":\"PropertyValueSpecification\",\"valueRequired\":true,\"valueName\":\"search_term_string\"}}],\"inLanguage\":\"es\"},{\"@type\":\"Organization\",\"@id\":\"https:\\\/\\\/woedonline.nl\\\/es\\\/#organization\",\"name\":\"Woed\",\"alternateName\":\"W\",\"url\":\"https:\\\/\\\/woedonline.nl\\\/es\\\/\",\"logo\":{\"@type\":\"ImageObject\",\"inLanguage\":\"es\",\"@id\":\"https:\\\/\\\/woedonline.nl\\\/es\\\/#\\\/schema\\\/logo\\\/image\\\/\",\"url\":\"https:\\\/\\\/woedonline.nl\\\/wp-content\\\/uploads\\\/2016\\\/05\\\/Wood-logo-name-png.png\",\"contentUrl\":\"https:\\\/\\\/woedonline.nl\\\/wp-content\\\/uploads\\\/2016\\\/05\\\/Wood-logo-name-png.png\",\"width\":250,\"height\":89,\"caption\":\"Woed\"},\"image\":{\"@id\":\"https:\\\/\\\/woedonline.nl\\\/es\\\/#\\\/schema\\\/logo\\\/image\\\/\"},\"sameAs\":[\"https:\\\/\\\/www.facebook.com\\\/Woedshop\\\/\",\"https:\\\/\\\/www.instagram.com\\\/woed.eu\"]}]}<\/script>\n<!-- \/ Yoast SEO plugin. -->","yoast_head_json":{"title":"Strapback Velcro | Edici\u00f3n limitada - 10 a\u00f1os - Woed","description":"Completa tu atuendo con esta exclusiva gorra Snapback Woed. Esta gorra combina estilo, comodidad y car\u00e1cter en un dise\u00f1o impactante. El tejido acr\u00edlico verde militar crea un aspecto robusto y atemporal, mientras que la parte superior de corcho marr\u00f3n claro de la solapa destaca inmediatamente y a\u00f1ade un toque natural. En la parte inferior de la solapa, encontrar\u00e1s una llamativa ilustraci\u00f3n naranja, que proporciona un detalle sorprendente con cada movimiento.","robots":{"index":"index","follow":"follow","max-snippet":"max-snippet:-1","max-image-preview":"max-image-preview:large","max-video-preview":"max-video-preview:-1"},"canonical":"https:\/\/woedonline.nl\/es\/shop\/todas-las-gorras-y-sombreros\/correa\/strapback-velcro-edicion-limitada-10-anos\/","og_locale":"es_ES","og_type":"article","og_title":"Strapback Velcro | Edici\u00f3n limitada - 10 a\u00f1os - Woed","og_description":"Completa tu atuendo con esta exclusiva gorra Snapback Woed. Esta gorra combina estilo, comodidad y car\u00e1cter en un dise\u00f1o impactante. El tejido acr\u00edlico verde militar crea un aspecto robusto y atemporal, mientras que la parte superior de corcho marr\u00f3n claro de la solapa destaca inmediatamente y a\u00f1ade un toque natural. En la parte inferior de la solapa, encontrar\u00e1s una llamativa ilustraci\u00f3n naranja, que proporciona un detalle sorprendente con cada movimiento.","og_url":"https:\/\/woedonline.nl\/es\/shop\/todas-las-gorras-y-sombreros\/correa\/strapback-velcro-edicion-limitada-10-anos\/","og_site_name":"Woed","article_publisher":"https:\/\/www.facebook.com\/Woedshop\/","article_modified_time":"2026-04-30T08:23:53+00:00","og_image":[{"width":1000,"height":1000,"url":"https:\/\/woedonline.nl\/wp-content\/uploads\/2026\/04\/snapback-10-1.jpg","type":"image\/jpeg"}],"twitter_card":"summary_large_image","twitter_misc":{"Tiempo de lectura":"1 minuto"},"schema":{"@context":"https:\/\/schema.org","@graph":[{"@type":"WebPage","@id":"https:\/\/woedonline.nl\/es\/shop\/todas-las-gorras-y-sombreros\/correa\/strapback-velcro-edicion-limitada-10-anos\/","url":"https:\/\/woedonline.nl\/es\/shop\/todas-las-gorras-y-sombreros\/correa\/strapback-velcro-edicion-limitada-10-anos\/","name":"Strapback Velcro | Edici\u00f3n limitada - 10 a\u00f1os - Woed","isPartOf":{"@id":"https:\/\/woedonline.nl\/es\/#website"},"primaryImageOfPage":{"@id":"https:\/\/woedonline.nl\/es\/shop\/todas-las-gorras-y-sombreros\/correa\/strapback-velcro-edicion-limitada-10-anos\/#primaryimage"},"image":{"@id":"https:\/\/woedonline.nl\/es\/shop\/todas-las-gorras-y-sombreros\/correa\/strapback-velcro-edicion-limitada-10-anos\/#primaryimage"},"thumbnailUrl":"https:\/\/woedonline.nl\/wp-content\/uploads\/2026\/04\/snapback-10-1.jpg","datePublished":"2026-04-14T07:52:24+00:00","dateModified":"2026-04-30T08:23:53+00:00","description":"Completa tu atuendo con esta exclusiva gorra Snapback Woed. Esta gorra combina estilo, comodidad y car\u00e1cter en un dise\u00f1o impactante. El tejido acr\u00edlico verde militar crea un aspecto robusto y atemporal, mientras que la parte superior de corcho marr\u00f3n claro de la solapa destaca inmediatamente y a\u00f1ade un toque natural. En la parte inferior de la solapa, encontrar\u00e1s una llamativa ilustraci\u00f3n naranja, que proporciona un detalle sorprendente con cada movimiento.","breadcrumb":{"@id":"https:\/\/woedonline.nl\/es\/shop\/todas-las-gorras-y-sombreros\/correa\/strapback-velcro-edicion-limitada-10-anos\/#breadcrumb"},"inLanguage":"es","potentialAction":[{"@type":"ReadAction","target":["https:\/\/woedonline.nl\/es\/shop\/todas-las-gorras-y-sombreros\/correa\/strapback-velcro-edicion-limitada-10-anos\/"]}]},{"@type":"ImageObject","inLanguage":"es","@id":"https:\/\/woedonline.nl\/es\/shop\/todas-las-gorras-y-sombreros\/correa\/strapback-velcro-edicion-limitada-10-anos\/#primaryimage","url":"https:\/\/woedonline.nl\/wp-content\/uploads\/2026\/04\/snapback-10-1.jpg","contentUrl":"https:\/\/woedonline.nl\/wp-content\/uploads\/2026\/04\/snapback-10-1.jpg","width":1000,"height":1000},{"@type":"BreadcrumbList","@id":"https:\/\/woedonline.nl\/es\/shop\/todas-las-gorras-y-sombreros\/correa\/strapback-velcro-edicion-limitada-10-anos\/#breadcrumb","itemListElement":[{"@type":"ListItem","position":1,"name":"Inicio","item":"https:\/\/woedonline.nl\/es\/"},{"@type":"ListItem","position":2,"name":"Tienda","item":"https:\/\/woedonline.nl\/es\/tienda\/"},{"@type":"ListItem","position":3,"name":"Strapback Velcro | Edici\u00f3n limitada - 10 a\u00f1os"}]},{"@type":"WebSite","@id":"https:\/\/woedonline.nl\/es\/#website","url":"https:\/\/woedonline.nl\/es\/","name":"Woed","description":"Geen boomknuffels, wel een houten feestje voor jou","publisher":{"@id":"https:\/\/woedonline.nl\/es\/#organization"},"alternateName":"W","potentialAction":[{"@type":"SearchAction","target":{"@type":"EntryPoint","urlTemplate":"https:\/\/woedonline.nl\/es\/?s={search_term_string}"},"query-input":{"@type":"PropertyValueSpecification","valueRequired":true,"valueName":"search_term_string"}}],"inLanguage":"es"},{"@type":"Organization","@id":"https:\/\/woedonline.nl\/es\/#organization","name":"Woed","alternateName":"W","url":"https:\/\/woedonline.nl\/es\/","logo":{"@type":"ImageObject","inLanguage":"es","@id":"https:\/\/woedonline.nl\/es\/#\/schema\/logo\/image\/","url":"https:\/\/woedonline.nl\/wp-content\/uploads\/2016\/05\/Wood-logo-name-png.png","contentUrl":"https:\/\/woedonline.nl\/wp-content\/uploads\/2016\/05\/Wood-logo-name-png.png","width":250,"height":89,"caption":"Woed"},"image":{"@id":"https:\/\/woedonline.nl\/es\/#\/schema\/logo\/image\/"},"sameAs":["https:\/\/www.facebook.com\/Woedshop\/","https:\/\/www.instagram.com\/woed.eu"]}]}},"_links":{"self":[{"href":"https:\/\/woedonline.nl\/es\/wp-json\/wp\/v2\/product\/403688","targetHints":{"allow":["GET"]}}],"collection":[{"href":"https:\/\/woedonline.nl\/es\/wp-json\/wp\/v2\/product"}],"about":[{"href":"https:\/\/woedonline.nl\/es\/wp-json\/wp\/v2\/types\/product"}],"replies":[{"embeddable":true,"href":"https:\/\/woedonline.nl\/es\/wp-json\/wp\/v2\/comments?post=403688"}],"wp:featuredmedia":[{"embeddable":true,"href":"https:\/\/woedonline.nl\/es\/wp-json\/wp\/v2\/media\/403702"}],"wp:attachment":[{"href":"https:\/\/woedonline.nl\/es\/wp-json\/wp\/v2\/media?parent=403688"}],"wp:term":[{"taxonomy":"product_brand","embeddable":true,"href":"https:\/\/woedonline.nl\/es\/wp-json\/wp\/v2\/product_brand?post=403688"},{"taxonomy":"product_cat","embeddable":true,"href":"https:\/\/woedonline.nl\/es\/wp-json\/wp\/v2\/product_cat?post=403688"},{"taxonomy":"product_tag","embeddable":true,"href":"https:\/\/woedonline.nl\/es\/wp-json\/wp\/v2\/product_tag?post=403688"}],"curies":[{"name":"wp","href":"https:\/\/api.w.org\/{rel}","templated":true}]}}