{"id":402825,"date":"2026-03-19T11:01:51","date_gmt":"2026-03-19T10:01:51","guid":{"rendered":"https:\/\/woedonline.nl\/shop\/sin%20categor\u00eda\/camiseta-de-futbol-woed-x-heijzoo-retro-sportswear\/"},"modified":"2026-03-26T16:05:21","modified_gmt":"2026-03-26T15:05:21","slug":"camiseta-de-futbol-woed-x-heijzoo-retro-sportswear","status":"publish","type":"product","link":"https:\/\/woedonline.nl\/es\/shop\/todas-las-gorras-y-sombreros\/snapback-es\/camiseta-de-futbol-woed-x-heijzoo-retro-sportswear\/","title":{"rendered":"Camiseta de f\u00fatbol retro Woed X"},"content":{"rendered":"<h2 data-start=\"90\" data-end=\"156\">10 aniversario de WoED - Edici\u00f3n limitada de la camiseta de f\u00fatbol retro<\/h2>\n<p data-start=\"158\" data-end=\"384\">En junio de 2026 <strong data-start=\"174\" data-end=\"191\">Woed<\/strong> cumple 10 a\u00f1os <strong data-start=\"174\" data-end=\"191\">.<\/strong><br data-start=\"191\" data-end=\"194\">Lo que empez\u00f3 en una peque\u00f1a buhardilla -feliz con 10 pedidos al mes- se ha convertido en una marca que vende sus gorras en todo el mundo. Y no dejaremos pasar ese momento a la ligera. <\/p>\n<p data-start=\"386\" data-end=\"471\">Por primera vez en nuestra historia, lanzamos una <strong data-start=\"437\" data-end=\"446\">camiseta<\/strong>. Y no s\u00f3lo una. <\/p>\n<p data-start=\"473\" data-end=\"718\">Junto con <a href=\"https:\/\/www.instagram.com\/heijzoo_sportswear\/\"><strong data-start=\"483\" data-end=\"494\">Heijzoo<\/strong><\/a> y <a href=\"https:\/\/www.welovefootballshirts.com\/nl\/\"><strong data-start=\"498\" data-end=\"522\">WeLoveFootballshirts<\/strong><\/a> hemos dise\u00f1ado una <strong data-start=\"547\" data-end=\"587\">camiseta de f\u00fatbol retro<\/strong> exclusiva <strong data-start=\"547\" data-end=\"587\">del 10\u00ba aniversario<\/strong>. Una oda al lugar de donde venimos, con un gui\u00f1o a las camisetas de f\u00fatbol cl\u00e1sicas que todos conocemos y amamos. <\/p>\n<h3 data-start=\"720\" data-end=\"756\">\u26bd \u00bfQu\u00e9 hace especial a esta camiseta?<\/h3>\n<ul data-start=\"758\" data-end=\"1013\">\n<li data-start=\"758\" data-end=\"824\">\n<p data-start=\"760\" data-end=\"824\">Edici\u00f3n limitada - especialmente dise\u00f1ada para el 10\u00ba aniversario<\/p>\n<\/li>\n<li data-start=\"825\" data-end=\"858\">\n<p data-start=\"827\" data-end=\"858\">Aut\u00e9ntico aspecto y sensaci\u00f3n retro<\/p>\n<\/li>\n<li data-start=\"859\" data-end=\"891\">\n<p data-start=\"861\" data-end=\"891\">Materiales de primera calidad<\/p>\n<\/li>\n<li data-start=\"892\" data-end=\"959\">\n<p data-start=\"894\" data-end=\"959\">Desarrollado en colaboraci\u00f3n con especialistas en cultura futbol\u00edstica<\/p>\n<\/li>\n<li data-start=\"960\" data-end=\"1013\">\n<p data-start=\"962\" data-end=\"1013\">Dise\u00f1o \u00fanico que a\u00fana historia y ADN Woed<\/p>\n<\/li>\n<\/ul>\n<p data-start=\"1015\" data-end=\"1152\">Esta camiseta representa la perseverancia, el crecimiento y el atreverse a so\u00f1ar. Para todos los que siguen a Woed desde el principio. Y para todos los que est\u00e1n entrando ahora.  <\/p>\n<h3 data-start=\"1015\" data-end=\"1152\">\u00bfQu\u00e9 y qui\u00e9n es Heijzoo?<\/h3>\n<p>Heijzoo Retro Sportswear es una singular marca holandesa de ropa deportiva con or\u00edgenes en los a\u00f1os 70, 80 y principios de los 90, una \u00e9poca en la que la marca era conocida por sus aut\u00e9nticas camisetas de f\u00fatbol para varios clubes holandeses de f\u00fatbol profesional. Los dise\u00f1os eran extravagantes, artesanales e impregnados de la nostalgia del f\u00fatbol de anta\u00f1o. <\/p>\n<p>En 2025, Heijzoo se someti\u00f3 a un cambio completo de marca. Respetando el pasado, la marca se centra ahora en proyectos retro exclusivos y a peque\u00f1a escala. Nada de producci\u00f3n en masa, sino camisetas de f\u00fatbol \u00fanicas inspiradas en la cultura, los clubes ficticios y las historias futbol\u00edsticas alternativas. Heijzoo rinde homenaje a la camiseta como objeto de estilo, donde confluyen identidad, historia y dise\u00f1o.   <\/p>\n<hr data-start=\"1154\" data-end=\"1157\">\n<p data-start=\"1335\" data-end=\"1422\" data-is-last-node=\"\" data-is-only-node=\"\">\n","protected":false},"excerpt":{"rendered":"<p data-start=\"1285\" data-end=\"1333\">Producimos una edici\u00f3n limitada. Fuera = realmente fuera. <\/p>\n<p data-start=\"1335\" data-end=\"1422\" data-is-last-node=\"\" data-is-only-node=\"\">Celebra con nosotros los 10 a\u00f1os de Woed.<br data-start=\"1365\" data-end=\"1368\">Del desv\u00e1n al mundo. Esto es s\u00f3lo el principio. <\/p>\n","protected":false},"featured_media":403281,"comment_status":"open","ping_status":"closed","template":"","meta":[],"product_brand":[],"product_cat":[1533,1379,1424,1355,1389,1401,1381,1524,1390,1335,1338],"product_tag":[],"class_list":{"0":"post-402825","1":"product","2":"type-product","3":"status-publish","4":"has-post-thumbnail","6":"product_cat-camiseta-limitada-de-futbol-retro","7":"product_cat-coleccion-canamo-es","8":"product_cat-conjuntos-combinados","9":"product_cat-correa","10":"product_cat-gorra-de-beisbol","11":"product_cat-gorra-de-camionero","12":"product_cat-gorra-de-papa","13":"product_cat-gorras-para-deportes-activos","14":"product_cat-gorros-junior","15":"product_cat-snapback-es","16":"product_cat-todas-las-gorras-y-sombreros","18":"first","19":"instock","20":"taxable","21":"shipping-taxable","22":"purchasable","23":"product-type-variable"},"yoast_head":"<!-- This site is optimized with the Yoast SEO plugin v27.4 - https:\/\/yoast.com\/product\/yoast-seo-wordpress\/ -->\n<title>Camiseta de f\u00fatbol retro Woed X - Woed<\/title>\n<meta name=\"description\" content=\"Junto con Heijzoo y WeLoveFootballshirts, hemos dise\u00f1ado una camiseta de f\u00fatbol retro exclusiva del 10\u00ba aniversario. Una oda al lugar de donde venimos, con un gui\u00f1o a las camisetas de f\u00fatbol cl\u00e1sicas que todos conocemos y amamos.\" \/>\n<meta name=\"robots\" content=\"index, follow, max-snippet:-1, max-image-preview:large, max-video-preview:-1\" \/>\n<link rel=\"canonical\" href=\"https:\/\/woedonline.nl\/es\/shop\/todas-las-gorras-y-sombreros\/snapback-es\/camiseta-de-futbol-woed-x-heijzoo-retro-sportswear\/\" \/>\n<meta property=\"og:locale\" content=\"es_ES\" \/>\n<meta property=\"og:type\" content=\"article\" \/>\n<meta property=\"og:title\" content=\"Camiseta de f\u00fatbol retro Woed X - Woed\" \/>\n<meta property=\"og:description\" content=\"Junto con Heijzoo y WeLoveFootballshirts, hemos dise\u00f1ado una camiseta de f\u00fatbol retro exclusiva del 10\u00ba aniversario. Una oda al lugar de donde venimos, con un gui\u00f1o a las camisetas de f\u00fatbol cl\u00e1sicas que todos conocemos y amamos.\" \/>\n<meta property=\"og:url\" content=\"https:\/\/woedonline.nl\/es\/shop\/todas-las-gorras-y-sombreros\/snapback-es\/camiseta-de-futbol-woed-x-heijzoo-retro-sportswear\/\" \/>\n<meta property=\"og:site_name\" content=\"Woed\" \/>\n<meta property=\"article:publisher\" content=\"https:\/\/www.facebook.com\/Woedshop\/\" \/>\n<meta property=\"article:modified_time\" content=\"2026-03-26T15:05:21+00:00\" \/>\n<meta property=\"og:image\" content=\"https:\/\/woedonline.nl\/wp-content\/uploads\/2026\/02\/Woed-Heijzoo-shirt.jpeg\" \/>\n\t<meta property=\"og:image:width\" content=\"2048\" \/>\n\t<meta property=\"og:image:height\" content=\"2048\" \/>\n\t<meta property=\"og:image:type\" content=\"image\/jpeg\" \/>\n<meta name=\"twitter:card\" content=\"summary_large_image\" \/>\n<meta name=\"twitter:label1\" content=\"Tiempo de lectura\" \/>\n\t<meta name=\"twitter:data1\" content=\"2 minuto\" \/>\n<script type=\"application\/ld+json\" class=\"yoast-schema-graph\">{\"@context\":\"https:\\\/\\\/schema.org\",\"@graph\":[{\"@type\":\"WebPage\",\"@id\":\"https:\\\/\\\/woedonline.nl\\\/es\\\/shop\\\/todas-las-gorras-y-sombreros\\\/snapback-es\\\/camiseta-de-futbol-woed-x-heijzoo-retro-sportswear\\\/\",\"url\":\"https:\\\/\\\/woedonline.nl\\\/es\\\/shop\\\/todas-las-gorras-y-sombreros\\\/snapback-es\\\/camiseta-de-futbol-woed-x-heijzoo-retro-sportswear\\\/\",\"name\":\"Camiseta de f\u00fatbol retro Woed X - Woed\",\"isPartOf\":{\"@id\":\"https:\\\/\\\/woedonline.nl\\\/es\\\/#website\"},\"primaryImageOfPage\":{\"@id\":\"https:\\\/\\\/woedonline.nl\\\/es\\\/shop\\\/todas-las-gorras-y-sombreros\\\/snapback-es\\\/camiseta-de-futbol-woed-x-heijzoo-retro-sportswear\\\/#primaryimage\"},\"image\":{\"@id\":\"https:\\\/\\\/woedonline.nl\\\/es\\\/shop\\\/todas-las-gorras-y-sombreros\\\/snapback-es\\\/camiseta-de-futbol-woed-x-heijzoo-retro-sportswear\\\/#primaryimage\"},\"thumbnailUrl\":\"https:\\\/\\\/woedonline.nl\\\/wp-content\\\/uploads\\\/2026\\\/02\\\/Woed-Heijzoo-shirt.jpeg\",\"datePublished\":\"2026-03-19T10:01:51+00:00\",\"dateModified\":\"2026-03-26T15:05:21+00:00\",\"description\":\"Junto con Heijzoo y WeLoveFootballshirts, hemos dise\u00f1ado una camiseta de f\u00fatbol retro exclusiva del 10\u00ba aniversario. Una oda al lugar de donde venimos, con un gui\u00f1o a las camisetas de f\u00fatbol cl\u00e1sicas que todos conocemos y amamos.\",\"breadcrumb\":{\"@id\":\"https:\\\/\\\/woedonline.nl\\\/es\\\/shop\\\/todas-las-gorras-y-sombreros\\\/snapback-es\\\/camiseta-de-futbol-woed-x-heijzoo-retro-sportswear\\\/#breadcrumb\"},\"inLanguage\":\"es\",\"potentialAction\":[{\"@type\":\"ReadAction\",\"target\":[\"https:\\\/\\\/woedonline.nl\\\/es\\\/shop\\\/todas-las-gorras-y-sombreros\\\/snapback-es\\\/camiseta-de-futbol-woed-x-heijzoo-retro-sportswear\\\/\"]}]},{\"@type\":\"ImageObject\",\"inLanguage\":\"es\",\"@id\":\"https:\\\/\\\/woedonline.nl\\\/es\\\/shop\\\/todas-las-gorras-y-sombreros\\\/snapback-es\\\/camiseta-de-futbol-woed-x-heijzoo-retro-sportswear\\\/#primaryimage\",\"url\":\"https:\\\/\\\/woedonline.nl\\\/wp-content\\\/uploads\\\/2026\\\/02\\\/Woed-Heijzoo-shirt.jpeg\",\"contentUrl\":\"https:\\\/\\\/woedonline.nl\\\/wp-content\\\/uploads\\\/2026\\\/02\\\/Woed-Heijzoo-shirt.jpeg\",\"width\":2048,\"height\":2048},{\"@type\":\"BreadcrumbList\",\"@id\":\"https:\\\/\\\/woedonline.nl\\\/es\\\/shop\\\/todas-las-gorras-y-sombreros\\\/snapback-es\\\/camiseta-de-futbol-woed-x-heijzoo-retro-sportswear\\\/#breadcrumb\",\"itemListElement\":[{\"@type\":\"ListItem\",\"position\":1,\"name\":\"Inicio\",\"item\":\"https:\\\/\\\/woedonline.nl\\\/es\\\/\"},{\"@type\":\"ListItem\",\"position\":2,\"name\":\"Tienda\",\"item\":\"https:\\\/\\\/woedonline.nl\\\/es\\\/tienda\\\/\"},{\"@type\":\"ListItem\",\"position\":3,\"name\":\"Camiseta de f\u00fatbol retro Woed X\"}]},{\"@type\":\"WebSite\",\"@id\":\"https:\\\/\\\/woedonline.nl\\\/es\\\/#website\",\"url\":\"https:\\\/\\\/woedonline.nl\\\/es\\\/\",\"name\":\"Woed\",\"description\":\"Geen boomknuffels, wel een houten feestje voor jou\",\"publisher\":{\"@id\":\"https:\\\/\\\/woedonline.nl\\\/es\\\/#organization\"},\"alternateName\":\"W\",\"potentialAction\":[{\"@type\":\"SearchAction\",\"target\":{\"@type\":\"EntryPoint\",\"urlTemplate\":\"https:\\\/\\\/woedonline.nl\\\/es\\\/?s={search_term_string}\"},\"query-input\":{\"@type\":\"PropertyValueSpecification\",\"valueRequired\":true,\"valueName\":\"search_term_string\"}}],\"inLanguage\":\"es\"},{\"@type\":\"Organization\",\"@id\":\"https:\\\/\\\/woedonline.nl\\\/es\\\/#organization\",\"name\":\"Woed\",\"alternateName\":\"W\",\"url\":\"https:\\\/\\\/woedonline.nl\\\/es\\\/\",\"logo\":{\"@type\":\"ImageObject\",\"inLanguage\":\"es\",\"@id\":\"https:\\\/\\\/woedonline.nl\\\/es\\\/#\\\/schema\\\/logo\\\/image\\\/\",\"url\":\"https:\\\/\\\/woedonline.nl\\\/wp-content\\\/uploads\\\/2016\\\/05\\\/Wood-logo-name-png.png\",\"contentUrl\":\"https:\\\/\\\/woedonline.nl\\\/wp-content\\\/uploads\\\/2016\\\/05\\\/Wood-logo-name-png.png\",\"width\":250,\"height\":89,\"caption\":\"Woed\"},\"image\":{\"@id\":\"https:\\\/\\\/woedonline.nl\\\/es\\\/#\\\/schema\\\/logo\\\/image\\\/\"},\"sameAs\":[\"https:\\\/\\\/www.facebook.com\\\/Woedshop\\\/\",\"https:\\\/\\\/www.instagram.com\\\/woed.eu\"]}]}<\/script>\n<!-- \/ Yoast SEO plugin. -->","yoast_head_json":{"title":"Camiseta de f\u00fatbol retro Woed X - Woed","description":"Junto con Heijzoo y WeLoveFootballshirts, hemos dise\u00f1ado una camiseta de f\u00fatbol retro exclusiva del 10\u00ba aniversario. Una oda al lugar de donde venimos, con un gui\u00f1o a las camisetas de f\u00fatbol cl\u00e1sicas que todos conocemos y amamos.","robots":{"index":"index","follow":"follow","max-snippet":"max-snippet:-1","max-image-preview":"max-image-preview:large","max-video-preview":"max-video-preview:-1"},"canonical":"https:\/\/woedonline.nl\/es\/shop\/todas-las-gorras-y-sombreros\/snapback-es\/camiseta-de-futbol-woed-x-heijzoo-retro-sportswear\/","og_locale":"es_ES","og_type":"article","og_title":"Camiseta de f\u00fatbol retro Woed X - Woed","og_description":"Junto con Heijzoo y WeLoveFootballshirts, hemos dise\u00f1ado una camiseta de f\u00fatbol retro exclusiva del 10\u00ba aniversario. Una oda al lugar de donde venimos, con un gui\u00f1o a las camisetas de f\u00fatbol cl\u00e1sicas que todos conocemos y amamos.","og_url":"https:\/\/woedonline.nl\/es\/shop\/todas-las-gorras-y-sombreros\/snapback-es\/camiseta-de-futbol-woed-x-heijzoo-retro-sportswear\/","og_site_name":"Woed","article_publisher":"https:\/\/www.facebook.com\/Woedshop\/","article_modified_time":"2026-03-26T15:05:21+00:00","og_image":[{"width":2048,"height":2048,"url":"https:\/\/woedonline.nl\/wp-content\/uploads\/2026\/02\/Woed-Heijzoo-shirt.jpeg","type":"image\/jpeg"}],"twitter_card":"summary_large_image","twitter_misc":{"Tiempo de lectura":"2 minuto"},"schema":{"@context":"https:\/\/schema.org","@graph":[{"@type":"WebPage","@id":"https:\/\/woedonline.nl\/es\/shop\/todas-las-gorras-y-sombreros\/snapback-es\/camiseta-de-futbol-woed-x-heijzoo-retro-sportswear\/","url":"https:\/\/woedonline.nl\/es\/shop\/todas-las-gorras-y-sombreros\/snapback-es\/camiseta-de-futbol-woed-x-heijzoo-retro-sportswear\/","name":"Camiseta de f\u00fatbol retro Woed X - Woed","isPartOf":{"@id":"https:\/\/woedonline.nl\/es\/#website"},"primaryImageOfPage":{"@id":"https:\/\/woedonline.nl\/es\/shop\/todas-las-gorras-y-sombreros\/snapback-es\/camiseta-de-futbol-woed-x-heijzoo-retro-sportswear\/#primaryimage"},"image":{"@id":"https:\/\/woedonline.nl\/es\/shop\/todas-las-gorras-y-sombreros\/snapback-es\/camiseta-de-futbol-woed-x-heijzoo-retro-sportswear\/#primaryimage"},"thumbnailUrl":"https:\/\/woedonline.nl\/wp-content\/uploads\/2026\/02\/Woed-Heijzoo-shirt.jpeg","datePublished":"2026-03-19T10:01:51+00:00","dateModified":"2026-03-26T15:05:21+00:00","description":"Junto con Heijzoo y WeLoveFootballshirts, hemos dise\u00f1ado una camiseta de f\u00fatbol retro exclusiva del 10\u00ba aniversario. Una oda al lugar de donde venimos, con un gui\u00f1o a las camisetas de f\u00fatbol cl\u00e1sicas que todos conocemos y amamos.","breadcrumb":{"@id":"https:\/\/woedonline.nl\/es\/shop\/todas-las-gorras-y-sombreros\/snapback-es\/camiseta-de-futbol-woed-x-heijzoo-retro-sportswear\/#breadcrumb"},"inLanguage":"es","potentialAction":[{"@type":"ReadAction","target":["https:\/\/woedonline.nl\/es\/shop\/todas-las-gorras-y-sombreros\/snapback-es\/camiseta-de-futbol-woed-x-heijzoo-retro-sportswear\/"]}]},{"@type":"ImageObject","inLanguage":"es","@id":"https:\/\/woedonline.nl\/es\/shop\/todas-las-gorras-y-sombreros\/snapback-es\/camiseta-de-futbol-woed-x-heijzoo-retro-sportswear\/#primaryimage","url":"https:\/\/woedonline.nl\/wp-content\/uploads\/2026\/02\/Woed-Heijzoo-shirt.jpeg","contentUrl":"https:\/\/woedonline.nl\/wp-content\/uploads\/2026\/02\/Woed-Heijzoo-shirt.jpeg","width":2048,"height":2048},{"@type":"BreadcrumbList","@id":"https:\/\/woedonline.nl\/es\/shop\/todas-las-gorras-y-sombreros\/snapback-es\/camiseta-de-futbol-woed-x-heijzoo-retro-sportswear\/#breadcrumb","itemListElement":[{"@type":"ListItem","position":1,"name":"Inicio","item":"https:\/\/woedonline.nl\/es\/"},{"@type":"ListItem","position":2,"name":"Tienda","item":"https:\/\/woedonline.nl\/es\/tienda\/"},{"@type":"ListItem","position":3,"name":"Camiseta de f\u00fatbol retro Woed X"}]},{"@type":"WebSite","@id":"https:\/\/woedonline.nl\/es\/#website","url":"https:\/\/woedonline.nl\/es\/","name":"Woed","description":"Geen boomknuffels, wel een houten feestje voor jou","publisher":{"@id":"https:\/\/woedonline.nl\/es\/#organization"},"alternateName":"W","potentialAction":[{"@type":"SearchAction","target":{"@type":"EntryPoint","urlTemplate":"https:\/\/woedonline.nl\/es\/?s={search_term_string}"},"query-input":{"@type":"PropertyValueSpecification","valueRequired":true,"valueName":"search_term_string"}}],"inLanguage":"es"},{"@type":"Organization","@id":"https:\/\/woedonline.nl\/es\/#organization","name":"Woed","alternateName":"W","url":"https:\/\/woedonline.nl\/es\/","logo":{"@type":"ImageObject","inLanguage":"es","@id":"https:\/\/woedonline.nl\/es\/#\/schema\/logo\/image\/","url":"https:\/\/woedonline.nl\/wp-content\/uploads\/2016\/05\/Wood-logo-name-png.png","contentUrl":"https:\/\/woedonline.nl\/wp-content\/uploads\/2016\/05\/Wood-logo-name-png.png","width":250,"height":89,"caption":"Woed"},"image":{"@id":"https:\/\/woedonline.nl\/es\/#\/schema\/logo\/image\/"},"sameAs":["https:\/\/www.facebook.com\/Woedshop\/","https:\/\/www.instagram.com\/woed.eu"]}]}},"_links":{"self":[{"href":"https:\/\/woedonline.nl\/es\/wp-json\/wp\/v2\/product\/402825","targetHints":{"allow":["GET"]}}],"collection":[{"href":"https:\/\/woedonline.nl\/es\/wp-json\/wp\/v2\/product"}],"about":[{"href":"https:\/\/woedonline.nl\/es\/wp-json\/wp\/v2\/types\/product"}],"replies":[{"embeddable":true,"href":"https:\/\/woedonline.nl\/es\/wp-json\/wp\/v2\/comments?post=402825"}],"wp:featuredmedia":[{"embeddable":true,"href":"https:\/\/woedonline.nl\/es\/wp-json\/wp\/v2\/media\/403281"}],"wp:attachment":[{"href":"https:\/\/woedonline.nl\/es\/wp-json\/wp\/v2\/media?parent=402825"}],"wp:term":[{"taxonomy":"product_brand","embeddable":true,"href":"https:\/\/woedonline.nl\/es\/wp-json\/wp\/v2\/product_brand?post=402825"},{"taxonomy":"product_cat","embeddable":true,"href":"https:\/\/woedonline.nl\/es\/wp-json\/wp\/v2\/product_cat?post=402825"},{"taxonomy":"product_tag","embeddable":true,"href":"https:\/\/woedonline.nl\/es\/wp-json\/wp\/v2\/product_tag?post=402825"}],"curies":[{"name":"wp","href":"https:\/\/api.w.org\/{rel}","templated":true}]}}