{"id":401567,"date":"2025-11-20T09:44:28","date_gmt":"2025-11-20T08:44:28","guid":{"rendered":"https:\/\/woedonline.nl\/shop\/sin categor\u00eda\/strapback-lsr\/"},"modified":"2026-01-03T04:05:32","modified_gmt":"2026-01-03T03:05:32","slug":"strapback-lsr","status":"publish","type":"product","link":"https:\/\/woedonline.nl\/es\/shop\/todas-las-gorras-y-sombreros\/correa\/strapback-lsr\/","title":{"rendered":"Strapback | LSR"},"content":{"rendered":"<p data-start=\"0\" data-end=\"45\"><strong data-start=\"0\" data-end=\"45\">Woed LSR - Donde el arte se une al estilo<\/strong><\/p>\n<p data-start=\"47\" data-end=\"338\">La gorra Woed LSR es una colaboraci\u00f3n \u00fanica entre Woed y el artista indonesio <strong data-start=\"129\" data-end=\"148\">Lukman Satriyar<\/strong>, m\u00e1s conocido como <a href=\"https:\/\/www.instagram.com\/lukmansatriyar\/\"><strong data-start=\"167\" data-end=\"174\">LSR<\/strong><\/a>. Esta gorra combina un dise\u00f1o elegante, materiales de alta calidad y el estilo crudo y reconocible de la obra de LSR: una prenda imprescindible para los amantes de la ropa de calle exclusiva. <\/p>\n<p data-start=\"340\" data-end=\"607\"><strong data-start=\"340\" data-end=\"363\">Dise\u00f1o y materiales<\/strong><br data-start=\"363\" data-end=\"366\">La gorra LSR est\u00e1 fabricada con un resistente <strong data-start=\"401\" data-end=\"414\">tejido acr\u00edlico<\/strong> de color negro intenso, que la hace ligera, c\u00f3moda y ajustada. Gracias al <strong data-start=\"493\" data-end=\"514\">sistema Strapback<\/strong>, la gorra se puede ajustar f\u00e1cilmente de <strong data-start=\"551\" data-end=\"570\">56 cm a 63 cm<\/strong>, adapt\u00e1ndose a casi cualquier usuario. <\/p>\n<p data-start=\"609\" data-end=\"1097\"><strong data-start=\"609\" data-end=\"627\">Corcho e ilustraci\u00f3n<\/strong><br data-start=\"627\" data-end=\"630\">La parte superior de la solapa est\u00e1 acabada con una capa de <strong data-start=\"681\" data-end=\"702\">corcho marr\u00f3n oscuro<\/strong>, un material natural que aporta estilo y una sutil firma Woed. La parte inferior revela algo realmente especial: una ilustraci\u00f3n original <strong data-start=\"848\" data-end=\"868\">de LSR<\/strong>, conocido por sus ilustraciones con l\u00edneas gruesas, calaveras, estructuras \u00f3seas y elementos florales, siempre en su estilo caracter\u00edstico con 2-3 colores. Esta ilustraci\u00f3n da a la gorra un aspecto art\u00edstico y atrevido que no encontrar\u00e1s en ning\u00fan otro sitio.  <\/p>\n<p data-start=\"1099\" data-end=\"1260\"><strong data-start=\"1099\" data-end=\"1118\">Logotipo de LSR x Woed<\/strong><br data-start=\"1118\" data-end=\"1121\">En la parte delantera aparece el <strong data-start=\"1147\" data-end=\"1160\">logotipo de Woed<\/strong> dise\u00f1ado por la propia LSR, <strong data-start=\"1206\" data-end=\"1222\">bordado en 3D<\/strong> para darle un aspecto potente y lujoso.<\/p>\n<p data-start=\"1262\" data-end=\"1561\"><strong data-start=\"1262\" data-end=\"1274\">Acerca de LSR<\/strong><br data-start=\"1274\" data-end=\"1277\">LSR empez\u00f3 a hacer dise\u00f1os inspirados en bandas de metal y su mercanc\u00eda alrededor de 2017 en Indonesia. Su estilo es crudo, ic\u00f3nico y reconocible al instante. Desde entonces ha colaborado con grupos y marcas de todo el mundo para camisetas, portadas de discos, carteles y merchandising, y ahora tambi\u00e9n con Woed.  <\/p>\n<p data-start=\"1563\" data-end=\"1713\" data-is-last-node=\"\" data-is-only-node=\"\"><strong data-start=\"1563\" data-end=\"1582\">La gorra Woed LSR<\/strong> no es una gorra m\u00e1s. Es una obra de arte ponible para cualquiera que ame la creatividad, el car\u00e1cter y un toque de rebeld\u00eda. <\/p>\n","protected":false},"excerpt":{"rendered":"<p><i class=\"ri-checkbox-circle-fill\" data-text-color=\"primary\"><\/i>Talla adulto 56-62cm<\/p>\n<p><i class=\"ri-checkbox-circle-fill\" data-text-color=\"primary\"><\/i>Fabricado con corcho aut\u00e9ntico<\/p>\n<p><i class=\"ri-checkbox-circle-fill\" data-text-color=\"primary\"><\/i>Materiales de alta calidad<\/p>\n","protected":false},"featured_media":401601,"comment_status":"open","ping_status":"closed","template":"","meta":[],"product_brand":[],"product_cat":[1355,1338],"product_tag":[],"class_list":{"0":"post-401567","1":"product","2":"type-product","3":"status-publish","4":"has-post-thumbnail","6":"product_cat-correa","7":"product_cat-todas-las-gorras-y-sombreros","8":"product_shipping_class-paquete","10":"first","11":"instock","12":"taxable","13":"shipping-taxable","14":"purchasable","15":"product-type-simple"},"yoast_head":"<!-- This site is optimized with the Yoast SEO plugin v27.4 - https:\/\/yoast.com\/product\/yoast-seo-wordpress\/ -->\n<title>Strapback | LSR - Woed<\/title>\n<meta name=\"description\" content=\"La gorra Woed LSR es una colaboraci\u00f3n \u00fanica entre Woed y el artista indonesio Lukman Satriyar, m\u00e1s conocido como LSR. Esta gorra combina un dise\u00f1o elegante, materiales de alta calidad y el estilo crudo y reconocible de la obra de LSR: una prenda imprescindible para los amantes de la ropa de calle exclusiva.\" \/>\n<meta name=\"robots\" content=\"index, follow, max-snippet:-1, max-image-preview:large, max-video-preview:-1\" \/>\n<link rel=\"canonical\" href=\"https:\/\/woedonline.nl\/es\/shop\/todas-las-gorras-y-sombreros\/correa\/strapback-lsr\/\" \/>\n<meta property=\"og:locale\" content=\"es_ES\" \/>\n<meta property=\"og:type\" content=\"article\" \/>\n<meta property=\"og:title\" content=\"Strapback | LSR - Woed\" \/>\n<meta property=\"og:description\" content=\"La gorra Woed LSR es una colaboraci\u00f3n \u00fanica entre Woed y el artista indonesio Lukman Satriyar, m\u00e1s conocido como LSR. Esta gorra combina un dise\u00f1o elegante, materiales de alta calidad y el estilo crudo y reconocible de la obra de LSR: una prenda imprescindible para los amantes de la ropa de calle exclusiva.\" \/>\n<meta property=\"og:url\" content=\"https:\/\/woedonline.nl\/es\/shop\/todas-las-gorras-y-sombreros\/correa\/strapback-lsr\/\" \/>\n<meta property=\"og:site_name\" content=\"Woed\" \/>\n<meta property=\"article:publisher\" content=\"https:\/\/www.facebook.com\/Woedshop\/\" \/>\n<meta property=\"article:modified_time\" content=\"2026-01-03T03:05:32+00:00\" \/>\n<meta property=\"og:image\" content=\"https:\/\/woedonline.nl\/wp-content\/uploads\/2025\/11\/Woed-LSR-1.jpg\" \/>\n\t<meta property=\"og:image:width\" content=\"800\" \/>\n\t<meta property=\"og:image:height\" content=\"800\" \/>\n\t<meta property=\"og:image:type\" content=\"image\/jpeg\" \/>\n<meta name=\"twitter:card\" content=\"summary_large_image\" \/>\n<meta name=\"twitter:label1\" content=\"Tiempo de lectura\" \/>\n\t<meta name=\"twitter:data1\" content=\"2 minuto\" \/>\n<script type=\"application\/ld+json\" class=\"yoast-schema-graph\">{\"@context\":\"https:\\\/\\\/schema.org\",\"@graph\":[{\"@type\":\"WebPage\",\"@id\":\"https:\\\/\\\/woedonline.nl\\\/es\\\/shop\\\/todas-las-gorras-y-sombreros\\\/correa\\\/strapback-lsr\\\/\",\"url\":\"https:\\\/\\\/woedonline.nl\\\/es\\\/shop\\\/todas-las-gorras-y-sombreros\\\/correa\\\/strapback-lsr\\\/\",\"name\":\"Strapback | LSR - Woed\",\"isPartOf\":{\"@id\":\"https:\\\/\\\/woedonline.nl\\\/es\\\/#website\"},\"primaryImageOfPage\":{\"@id\":\"https:\\\/\\\/woedonline.nl\\\/es\\\/shop\\\/todas-las-gorras-y-sombreros\\\/correa\\\/strapback-lsr\\\/#primaryimage\"},\"image\":{\"@id\":\"https:\\\/\\\/woedonline.nl\\\/es\\\/shop\\\/todas-las-gorras-y-sombreros\\\/correa\\\/strapback-lsr\\\/#primaryimage\"},\"thumbnailUrl\":\"https:\\\/\\\/woedonline.nl\\\/wp-content\\\/uploads\\\/2025\\\/11\\\/Woed-LSR-1.jpg\",\"datePublished\":\"2025-11-20T08:44:28+00:00\",\"dateModified\":\"2026-01-03T03:05:32+00:00\",\"description\":\"La gorra Woed LSR es una colaboraci\u00f3n \u00fanica entre Woed y el artista indonesio Lukman Satriyar, m\u00e1s conocido como LSR. Esta gorra combina un dise\u00f1o elegante, materiales de alta calidad y el estilo crudo y reconocible de la obra de LSR: una prenda imprescindible para los amantes de la ropa de calle exclusiva.\",\"breadcrumb\":{\"@id\":\"https:\\\/\\\/woedonline.nl\\\/es\\\/shop\\\/todas-las-gorras-y-sombreros\\\/correa\\\/strapback-lsr\\\/#breadcrumb\"},\"inLanguage\":\"es\",\"potentialAction\":[{\"@type\":\"ReadAction\",\"target\":[\"https:\\\/\\\/woedonline.nl\\\/es\\\/shop\\\/todas-las-gorras-y-sombreros\\\/correa\\\/strapback-lsr\\\/\"]}]},{\"@type\":\"ImageObject\",\"inLanguage\":\"es\",\"@id\":\"https:\\\/\\\/woedonline.nl\\\/es\\\/shop\\\/todas-las-gorras-y-sombreros\\\/correa\\\/strapback-lsr\\\/#primaryimage\",\"url\":\"https:\\\/\\\/woedonline.nl\\\/wp-content\\\/uploads\\\/2025\\\/11\\\/Woed-LSR-1.jpg\",\"contentUrl\":\"https:\\\/\\\/woedonline.nl\\\/wp-content\\\/uploads\\\/2025\\\/11\\\/Woed-LSR-1.jpg\",\"width\":800,\"height\":800},{\"@type\":\"BreadcrumbList\",\"@id\":\"https:\\\/\\\/woedonline.nl\\\/es\\\/shop\\\/todas-las-gorras-y-sombreros\\\/correa\\\/strapback-lsr\\\/#breadcrumb\",\"itemListElement\":[{\"@type\":\"ListItem\",\"position\":1,\"name\":\"Inicio\",\"item\":\"https:\\\/\\\/woedonline.nl\\\/es\\\/\"},{\"@type\":\"ListItem\",\"position\":2,\"name\":\"Tienda\",\"item\":\"https:\\\/\\\/woedonline.nl\\\/es\\\/tienda\\\/\"},{\"@type\":\"ListItem\",\"position\":3,\"name\":\"Strapback | LSR\"}]},{\"@type\":\"WebSite\",\"@id\":\"https:\\\/\\\/woedonline.nl\\\/es\\\/#website\",\"url\":\"https:\\\/\\\/woedonline.nl\\\/es\\\/\",\"name\":\"Woed\",\"description\":\"Geen boomknuffels, wel een houten feestje voor jou\",\"publisher\":{\"@id\":\"https:\\\/\\\/woedonline.nl\\\/es\\\/#organization\"},\"alternateName\":\"W\",\"potentialAction\":[{\"@type\":\"SearchAction\",\"target\":{\"@type\":\"EntryPoint\",\"urlTemplate\":\"https:\\\/\\\/woedonline.nl\\\/es\\\/?s={search_term_string}\"},\"query-input\":{\"@type\":\"PropertyValueSpecification\",\"valueRequired\":true,\"valueName\":\"search_term_string\"}}],\"inLanguage\":\"es\"},{\"@type\":\"Organization\",\"@id\":\"https:\\\/\\\/woedonline.nl\\\/es\\\/#organization\",\"name\":\"Woed\",\"alternateName\":\"W\",\"url\":\"https:\\\/\\\/woedonline.nl\\\/es\\\/\",\"logo\":{\"@type\":\"ImageObject\",\"inLanguage\":\"es\",\"@id\":\"https:\\\/\\\/woedonline.nl\\\/es\\\/#\\\/schema\\\/logo\\\/image\\\/\",\"url\":\"https:\\\/\\\/woedonline.nl\\\/wp-content\\\/uploads\\\/2016\\\/05\\\/Wood-logo-name-png.png\",\"contentUrl\":\"https:\\\/\\\/woedonline.nl\\\/wp-content\\\/uploads\\\/2016\\\/05\\\/Wood-logo-name-png.png\",\"width\":250,\"height\":89,\"caption\":\"Woed\"},\"image\":{\"@id\":\"https:\\\/\\\/woedonline.nl\\\/es\\\/#\\\/schema\\\/logo\\\/image\\\/\"},\"sameAs\":[\"https:\\\/\\\/www.facebook.com\\\/Woedshop\\\/\",\"https:\\\/\\\/www.instagram.com\\\/woed.eu\"]}]}<\/script>\n<!-- \/ Yoast SEO plugin. -->","yoast_head_json":{"title":"Strapback | LSR - Woed","description":"La gorra Woed LSR es una colaboraci\u00f3n \u00fanica entre Woed y el artista indonesio Lukman Satriyar, m\u00e1s conocido como LSR. Esta gorra combina un dise\u00f1o elegante, materiales de alta calidad y el estilo crudo y reconocible de la obra de LSR: una prenda imprescindible para los amantes de la ropa de calle exclusiva.","robots":{"index":"index","follow":"follow","max-snippet":"max-snippet:-1","max-image-preview":"max-image-preview:large","max-video-preview":"max-video-preview:-1"},"canonical":"https:\/\/woedonline.nl\/es\/shop\/todas-las-gorras-y-sombreros\/correa\/strapback-lsr\/","og_locale":"es_ES","og_type":"article","og_title":"Strapback | LSR - Woed","og_description":"La gorra Woed LSR es una colaboraci\u00f3n \u00fanica entre Woed y el artista indonesio Lukman Satriyar, m\u00e1s conocido como LSR. Esta gorra combina un dise\u00f1o elegante, materiales de alta calidad y el estilo crudo y reconocible de la obra de LSR: una prenda imprescindible para los amantes de la ropa de calle exclusiva.","og_url":"https:\/\/woedonline.nl\/es\/shop\/todas-las-gorras-y-sombreros\/correa\/strapback-lsr\/","og_site_name":"Woed","article_publisher":"https:\/\/www.facebook.com\/Woedshop\/","article_modified_time":"2026-01-03T03:05:32+00:00","og_image":[{"width":800,"height":800,"url":"https:\/\/woedonline.nl\/wp-content\/uploads\/2025\/11\/Woed-LSR-1.jpg","type":"image\/jpeg"}],"twitter_card":"summary_large_image","twitter_misc":{"Tiempo de lectura":"2 minuto"},"schema":{"@context":"https:\/\/schema.org","@graph":[{"@type":"WebPage","@id":"https:\/\/woedonline.nl\/es\/shop\/todas-las-gorras-y-sombreros\/correa\/strapback-lsr\/","url":"https:\/\/woedonline.nl\/es\/shop\/todas-las-gorras-y-sombreros\/correa\/strapback-lsr\/","name":"Strapback | LSR - Woed","isPartOf":{"@id":"https:\/\/woedonline.nl\/es\/#website"},"primaryImageOfPage":{"@id":"https:\/\/woedonline.nl\/es\/shop\/todas-las-gorras-y-sombreros\/correa\/strapback-lsr\/#primaryimage"},"image":{"@id":"https:\/\/woedonline.nl\/es\/shop\/todas-las-gorras-y-sombreros\/correa\/strapback-lsr\/#primaryimage"},"thumbnailUrl":"https:\/\/woedonline.nl\/wp-content\/uploads\/2025\/11\/Woed-LSR-1.jpg","datePublished":"2025-11-20T08:44:28+00:00","dateModified":"2026-01-03T03:05:32+00:00","description":"La gorra Woed LSR es una colaboraci\u00f3n \u00fanica entre Woed y el artista indonesio Lukman Satriyar, m\u00e1s conocido como LSR. Esta gorra combina un dise\u00f1o elegante, materiales de alta calidad y el estilo crudo y reconocible de la obra de LSR: una prenda imprescindible para los amantes de la ropa de calle exclusiva.","breadcrumb":{"@id":"https:\/\/woedonline.nl\/es\/shop\/todas-las-gorras-y-sombreros\/correa\/strapback-lsr\/#breadcrumb"},"inLanguage":"es","potentialAction":[{"@type":"ReadAction","target":["https:\/\/woedonline.nl\/es\/shop\/todas-las-gorras-y-sombreros\/correa\/strapback-lsr\/"]}]},{"@type":"ImageObject","inLanguage":"es","@id":"https:\/\/woedonline.nl\/es\/shop\/todas-las-gorras-y-sombreros\/correa\/strapback-lsr\/#primaryimage","url":"https:\/\/woedonline.nl\/wp-content\/uploads\/2025\/11\/Woed-LSR-1.jpg","contentUrl":"https:\/\/woedonline.nl\/wp-content\/uploads\/2025\/11\/Woed-LSR-1.jpg","width":800,"height":800},{"@type":"BreadcrumbList","@id":"https:\/\/woedonline.nl\/es\/shop\/todas-las-gorras-y-sombreros\/correa\/strapback-lsr\/#breadcrumb","itemListElement":[{"@type":"ListItem","position":1,"name":"Inicio","item":"https:\/\/woedonline.nl\/es\/"},{"@type":"ListItem","position":2,"name":"Tienda","item":"https:\/\/woedonline.nl\/es\/tienda\/"},{"@type":"ListItem","position":3,"name":"Strapback | LSR"}]},{"@type":"WebSite","@id":"https:\/\/woedonline.nl\/es\/#website","url":"https:\/\/woedonline.nl\/es\/","name":"Woed","description":"Geen boomknuffels, wel een houten feestje voor jou","publisher":{"@id":"https:\/\/woedonline.nl\/es\/#organization"},"alternateName":"W","potentialAction":[{"@type":"SearchAction","target":{"@type":"EntryPoint","urlTemplate":"https:\/\/woedonline.nl\/es\/?s={search_term_string}"},"query-input":{"@type":"PropertyValueSpecification","valueRequired":true,"valueName":"search_term_string"}}],"inLanguage":"es"},{"@type":"Organization","@id":"https:\/\/woedonline.nl\/es\/#organization","name":"Woed","alternateName":"W","url":"https:\/\/woedonline.nl\/es\/","logo":{"@type":"ImageObject","inLanguage":"es","@id":"https:\/\/woedonline.nl\/es\/#\/schema\/logo\/image\/","url":"https:\/\/woedonline.nl\/wp-content\/uploads\/2016\/05\/Wood-logo-name-png.png","contentUrl":"https:\/\/woedonline.nl\/wp-content\/uploads\/2016\/05\/Wood-logo-name-png.png","width":250,"height":89,"caption":"Woed"},"image":{"@id":"https:\/\/woedonline.nl\/es\/#\/schema\/logo\/image\/"},"sameAs":["https:\/\/www.facebook.com\/Woedshop\/","https:\/\/www.instagram.com\/woed.eu"]}]}},"_links":{"self":[{"href":"https:\/\/woedonline.nl\/es\/wp-json\/wp\/v2\/product\/401567","targetHints":{"allow":["GET"]}}],"collection":[{"href":"https:\/\/woedonline.nl\/es\/wp-json\/wp\/v2\/product"}],"about":[{"href":"https:\/\/woedonline.nl\/es\/wp-json\/wp\/v2\/types\/product"}],"replies":[{"embeddable":true,"href":"https:\/\/woedonline.nl\/es\/wp-json\/wp\/v2\/comments?post=401567"}],"wp:featuredmedia":[{"embeddable":true,"href":"https:\/\/woedonline.nl\/es\/wp-json\/wp\/v2\/media\/401601"}],"wp:attachment":[{"href":"https:\/\/woedonline.nl\/es\/wp-json\/wp\/v2\/media?parent=401567"}],"wp:term":[{"taxonomy":"product_brand","embeddable":true,"href":"https:\/\/woedonline.nl\/es\/wp-json\/wp\/v2\/product_brand?post=401567"},{"taxonomy":"product_cat","embeddable":true,"href":"https:\/\/woedonline.nl\/es\/wp-json\/wp\/v2\/product_cat?post=401567"},{"taxonomy":"product_tag","embeddable":true,"href":"https:\/\/woedonline.nl\/es\/wp-json\/wp\/v2\/product_tag?post=401567"}],"curies":[{"name":"wp","href":"https:\/\/api.w.org\/{rel}","templated":true}]}}