{"id":399921,"date":"2025-10-06T09:39:45","date_gmt":"2025-10-06T07:39:45","guid":{"rendered":"https:\/\/woedonline.nl\/shop\/sin%20categor\u00eda\/soporte-para-gorras-woed\/"},"modified":"2026-03-06T09:27:00","modified_gmt":"2026-03-06T08:27:00","slug":"soporte-para-gorras-woed","status":"publish","type":"product","link":"https:\/\/woedonline.nl\/es\/shop\/otros\/soporte-para-tapones\/soporte-para-gorras-woed\/","title":{"rendered":"Soporte para gorras Woed"},"content":{"rendered":"<h6 class=\"sr-only\"><strong style=\"color: #555555; font-size: 14.4px;\" data-start=\"0\" data-end=\"66\">Soporte para gorras Woed - Mant\u00e9n tus gorras ordenadas y con estilo<\/strong><\/h6>\n<div class=\"text-base my-auto mx-auto pb-10 [--thread-content-margin:--spacing(4)] thread-sm:[--thread-content-margin:--spacing(6)] thread-lg:[--thread-content-margin:--spacing(16)] px-(--thread-content-margin)\">\n<div class=\"[--thread-content-max-width:40rem] thread-lg:[--thread-content-max-width:48rem] mx-auto max-w-(--thread-content-max-width) flex-1 group\/turn-messages focus-visible:outline-hidden relative flex w-full min-w-0 flex-col agent-turn\" tabindex=\"-1\">\n<div class=\"flex max-w-full flex-col grow\">\n<div class=\"min-h-8 text-message relative flex w-full flex-col items-end gap-2 text-start break-words whitespace-normal [.text-message+&amp;]:mt-5\" dir=\"auto\" data-message-author-role=\"assistant\" data-message-id=\"d7d04c42-7e18-4397-bc22-84f150f58cc2\" data-message-model-slug=\"gpt-5\">\n<div class=\"flex w-full flex-col gap-1 empty:hidden first:pt-[1px]\">\n<div class=\"markdown prose dark:prose-invert w-full break-words light markdown-new-styling\">\n<p data-start=\"70\" data-end=\"487\">\u00bfTe encantan las gorras, pero est\u00e1n desperdigadas por toda tu habitaci\u00f3n? Con el <g id=\"gid_0\">soporte para gorras Woed<\/g>, podr\u00e1s guardar tus gorras favoritas ordenadas y c\u00f3modamente juntas. Este pr\u00e1ctico soporte ofrece espacio para <g id=\"gid_1\">5 gorras<\/g>, ya sean <g id=\"gid_2\">gorras de b\u00e9isbol, de camionero o snapbacks<\/g>. As\u00ed no s\u00f3lo tendr\u00e1s tu colecci\u00f3n bien organizada, sino que tus gorras ocupar\u00e1n un lugar elegante en tu <strong data-start=\"457\" data-end=\"484\">aparador, armario o mesa<\/strong>.   <\/p>\n<p data-start=\"489\" data-end=\"693\"><strong data-start=\"532\" data-end=\"566\">Dise\u00f1amos y producimos internamente<\/strong> todos los <strong data-start=\"494\" data-end=\"516\">portagafas Woed<\/strong>. Imprimimos los soportes con nuestra <strong data-start=\"599\" data-end=\"628\">impresora 3D de alta calidad<\/strong>, garantiz\u00e1ndote un resultado duradero y elegante.<\/p>\n<p data-start=\"695\" data-end=\"819\">No vuelvas a buscar tu gorra favorita: con el SujetaGorras Woed, siempre estar\u00e1n a mano y bien protegidas.<\/p>\n<p data-start=\"821\" data-end=\"863\"><strong data-start=\"821\" data-end=\"861\">Ventajas del Portagorro Woed:<\/strong><\/p>\n<ul data-start=\"864\" data-end=\"1094\">\n<li data-start=\"864\" data-end=\"892\">\n<p data-start=\"866\" data-end=\"892\">Proporciona espacio para 5 tapones<\/p>\n<\/li>\n<li data-start=\"893\" data-end=\"945\">\n<p data-start=\"895\" data-end=\"945\">Adecuado para gorras de b\u00e9isbol, de camionero y snapback<\/p>\n<\/li>\n<li data-start=\"946\" data-end=\"1005\">\n<p data-start=\"948\" data-end=\"1005\">Hecho a mano por Woed con tecnolog\u00eda de impresi\u00f3n 3D de alta calidad<\/p>\n<\/li>\n<li data-start=\"1006\" data-end=\"1047\">\n<p data-start=\"1008\" data-end=\"1047\">Mantiene tus gorras ordenadas y organizadas<\/p>\n<\/li>\n<li data-start=\"1048\" data-end=\"1094\">\n<p data-start=\"1050\" data-end=\"1094\">Perfecto para tu aparador, armario o mesa<\/p>\n<\/li>\n<\/ul>\n<p data-start=\"1096\" data-end=\"1175\"><strong data-start=\"1096\" data-end=\"1173\">Para que te organices con estilo: con el original Sujeta Sombreros Woed.<\/strong><\/p>\n<\/div>\n<\/div>\n<\/div>\n<\/div>\n<\/div>\n<\/div>\n","protected":false},"excerpt":{"rendered":"<p><i class=\"ri-checkbox-circle-fill\" data-text-color=\"primary\"><\/i>Fabricado en Holanda<\/p>\n<p><i class=\"ri-checkbox-circle-fill\" data-text-color=\"primary\"><\/i>Hecho a mano por Woed con tecnolog\u00eda de impresi\u00f3n 3D de alta calidad<\/p>\n<p><i class=\"ri-checkbox-circle-fill\" data-text-color=\"primary\"><\/i>Ofrece espacio para 5 gorras<\/p>\n<p><i class=\"ri-checkbox-circle-fill\" data-text-color=\"primary\"><\/i>Adecuado para gorras de b\u00e9isbol, de camionero y snapback<\/p>\n<p><i class=\"ri-checkbox-circle-fill\" data-text-color=\"primary\"><\/i>Mantiene tus gorras ordenadas y organizadas<\/p>\n","protected":false},"featured_media":399928,"comment_status":"open","ping_status":"closed","template":"","meta":[],"product_brand":[],"product_cat":[1344,1433],"product_tag":[],"class_list":{"0":"post-399921","1":"product","2":"type-product","3":"status-publish","4":"has-post-thumbnail","6":"product_cat-otros","7":"product_cat-soporte-para-tapones","8":"product_shipping_class-paquete","10":"first","11":"instock","12":"taxable","13":"shipping-taxable","14":"purchasable","15":"product-type-simple"},"yoast_head":"<!-- This site is optimized with the Yoast SEO plugin v27.3 - https:\/\/yoast.com\/product\/yoast-seo-wordpress\/ -->\n<title>Soporte para gorras Woed - Woed<\/title>\n<meta name=\"description\" content=\"\u00bfTe encantan las gorras, pero est\u00e1n desperdigadas por toda tu habitaci\u00f3n? Con el Portagafas Woed, podr\u00e1s mantener tus gorras favoritas ordenadas y c\u00f3modamente juntas.\" \/>\n<meta name=\"robots\" content=\"index, follow, max-snippet:-1, max-image-preview:large, max-video-preview:-1\" \/>\n<link rel=\"canonical\" href=\"https:\/\/woedonline.nl\/es\/shop\/otros\/soporte-para-tapones\/soporte-para-gorras-woed\/\" \/>\n<meta property=\"og:locale\" content=\"es_ES\" \/>\n<meta property=\"og:type\" content=\"article\" \/>\n<meta property=\"og:title\" content=\"Soporte para gorras Woed - Woed\" \/>\n<meta property=\"og:description\" content=\"\u00bfTe encantan las gorras, pero est\u00e1n desperdigadas por toda tu habitaci\u00f3n? Con el Portagafas Woed, podr\u00e1s mantener tus gorras favoritas ordenadas y c\u00f3modamente juntas.\" \/>\n<meta property=\"og:url\" content=\"https:\/\/woedonline.nl\/es\/shop\/otros\/soporte-para-tapones\/soporte-para-gorras-woed\/\" \/>\n<meta property=\"og:site_name\" content=\"Woed\" \/>\n<meta property=\"article:publisher\" content=\"https:\/\/www.facebook.com\/Woedshop\/\" \/>\n<meta property=\"article:modified_time\" content=\"2026-03-06T08:27:00+00:00\" \/>\n<meta property=\"og:image\" content=\"https:\/\/woedonline.nl\/wp-content\/uploads\/2025\/10\/Woed-cap-holder-3.jpg\" \/>\n\t<meta property=\"og:image:width\" content=\"800\" \/>\n\t<meta property=\"og:image:height\" content=\"800\" \/>\n\t<meta property=\"og:image:type\" content=\"image\/jpeg\" \/>\n<meta name=\"twitter:card\" content=\"summary_large_image\" \/>\n<meta name=\"twitter:label1\" content=\"Tiempo de lectura\" \/>\n\t<meta name=\"twitter:data1\" content=\"1 minuto\" \/>\n<script type=\"application\/ld+json\" class=\"yoast-schema-graph\">{\"@context\":\"https:\\\/\\\/schema.org\",\"@graph\":[{\"@type\":\"WebPage\",\"@id\":\"https:\\\/\\\/woedonline.nl\\\/es\\\/shop\\\/otros\\\/soporte-para-tapones\\\/soporte-para-gorras-woed\\\/\",\"url\":\"https:\\\/\\\/woedonline.nl\\\/es\\\/shop\\\/otros\\\/soporte-para-tapones\\\/soporte-para-gorras-woed\\\/\",\"name\":\"Soporte para gorras Woed - Woed\",\"isPartOf\":{\"@id\":\"https:\\\/\\\/woedonline.nl\\\/es\\\/#website\"},\"primaryImageOfPage\":{\"@id\":\"https:\\\/\\\/woedonline.nl\\\/es\\\/shop\\\/otros\\\/soporte-para-tapones\\\/soporte-para-gorras-woed\\\/#primaryimage\"},\"image\":{\"@id\":\"https:\\\/\\\/woedonline.nl\\\/es\\\/shop\\\/otros\\\/soporte-para-tapones\\\/soporte-para-gorras-woed\\\/#primaryimage\"},\"thumbnailUrl\":\"https:\\\/\\\/woedonline.nl\\\/wp-content\\\/uploads\\\/2025\\\/10\\\/Woed-cap-holder-3.jpg\",\"datePublished\":\"2025-10-06T07:39:45+00:00\",\"dateModified\":\"2026-03-06T08:27:00+00:00\",\"description\":\"\u00bfTe encantan las gorras, pero est\u00e1n desperdigadas por toda tu habitaci\u00f3n? Con el Portagafas Woed, podr\u00e1s mantener tus gorras favoritas ordenadas y c\u00f3modamente juntas.\",\"breadcrumb\":{\"@id\":\"https:\\\/\\\/woedonline.nl\\\/es\\\/shop\\\/otros\\\/soporte-para-tapones\\\/soporte-para-gorras-woed\\\/#breadcrumb\"},\"inLanguage\":\"es\",\"potentialAction\":[{\"@type\":\"ReadAction\",\"target\":[\"https:\\\/\\\/woedonline.nl\\\/es\\\/shop\\\/otros\\\/soporte-para-tapones\\\/soporte-para-gorras-woed\\\/\"]}]},{\"@type\":\"ImageObject\",\"inLanguage\":\"es\",\"@id\":\"https:\\\/\\\/woedonline.nl\\\/es\\\/shop\\\/otros\\\/soporte-para-tapones\\\/soporte-para-gorras-woed\\\/#primaryimage\",\"url\":\"https:\\\/\\\/woedonline.nl\\\/wp-content\\\/uploads\\\/2025\\\/10\\\/Woed-cap-holder-3.jpg\",\"contentUrl\":\"https:\\\/\\\/woedonline.nl\\\/wp-content\\\/uploads\\\/2025\\\/10\\\/Woed-cap-holder-3.jpg\",\"width\":800,\"height\":800},{\"@type\":\"BreadcrumbList\",\"@id\":\"https:\\\/\\\/woedonline.nl\\\/es\\\/shop\\\/otros\\\/soporte-para-tapones\\\/soporte-para-gorras-woed\\\/#breadcrumb\",\"itemListElement\":[{\"@type\":\"ListItem\",\"position\":1,\"name\":\"Inicio\",\"item\":\"https:\\\/\\\/woedonline.nl\\\/es\\\/\"},{\"@type\":\"ListItem\",\"position\":2,\"name\":\"Tienda\",\"item\":\"https:\\\/\\\/woedonline.nl\\\/es\\\/tienda\\\/\"},{\"@type\":\"ListItem\",\"position\":3,\"name\":\"Soporte para gorras Woed\"}]},{\"@type\":\"WebSite\",\"@id\":\"https:\\\/\\\/woedonline.nl\\\/es\\\/#website\",\"url\":\"https:\\\/\\\/woedonline.nl\\\/es\\\/\",\"name\":\"Woed\",\"description\":\"Geen boomknuffels, wel een houten feestje voor jou\",\"publisher\":{\"@id\":\"https:\\\/\\\/woedonline.nl\\\/es\\\/#organization\"},\"alternateName\":\"W\",\"potentialAction\":[{\"@type\":\"SearchAction\",\"target\":{\"@type\":\"EntryPoint\",\"urlTemplate\":\"https:\\\/\\\/woedonline.nl\\\/es\\\/?s={search_term_string}\"},\"query-input\":{\"@type\":\"PropertyValueSpecification\",\"valueRequired\":true,\"valueName\":\"search_term_string\"}}],\"inLanguage\":\"es\"},{\"@type\":\"Organization\",\"@id\":\"https:\\\/\\\/woedonline.nl\\\/es\\\/#organization\",\"name\":\"Woed\",\"alternateName\":\"W\",\"url\":\"https:\\\/\\\/woedonline.nl\\\/es\\\/\",\"logo\":{\"@type\":\"ImageObject\",\"inLanguage\":\"es\",\"@id\":\"https:\\\/\\\/woedonline.nl\\\/es\\\/#\\\/schema\\\/logo\\\/image\\\/\",\"url\":\"https:\\\/\\\/woedonline.nl\\\/wp-content\\\/uploads\\\/2016\\\/05\\\/Wood-logo-name-png.png\",\"contentUrl\":\"https:\\\/\\\/woedonline.nl\\\/wp-content\\\/uploads\\\/2016\\\/05\\\/Wood-logo-name-png.png\",\"width\":250,\"height\":89,\"caption\":\"Woed\"},\"image\":{\"@id\":\"https:\\\/\\\/woedonline.nl\\\/es\\\/#\\\/schema\\\/logo\\\/image\\\/\"},\"sameAs\":[\"https:\\\/\\\/www.facebook.com\\\/Woedshop\\\/\",\"https:\\\/\\\/www.instagram.com\\\/woed.eu\"]}]}<\/script>\n<!-- \/ Yoast SEO plugin. -->","yoast_head_json":{"title":"Soporte para gorras Woed - Woed","description":"\u00bfTe encantan las gorras, pero est\u00e1n desperdigadas por toda tu habitaci\u00f3n? Con el Portagafas Woed, podr\u00e1s mantener tus gorras favoritas ordenadas y c\u00f3modamente juntas.","robots":{"index":"index","follow":"follow","max-snippet":"max-snippet:-1","max-image-preview":"max-image-preview:large","max-video-preview":"max-video-preview:-1"},"canonical":"https:\/\/woedonline.nl\/es\/shop\/otros\/soporte-para-tapones\/soporte-para-gorras-woed\/","og_locale":"es_ES","og_type":"article","og_title":"Soporte para gorras Woed - Woed","og_description":"\u00bfTe encantan las gorras, pero est\u00e1n desperdigadas por toda tu habitaci\u00f3n? Con el Portagafas Woed, podr\u00e1s mantener tus gorras favoritas ordenadas y c\u00f3modamente juntas.","og_url":"https:\/\/woedonline.nl\/es\/shop\/otros\/soporte-para-tapones\/soporte-para-gorras-woed\/","og_site_name":"Woed","article_publisher":"https:\/\/www.facebook.com\/Woedshop\/","article_modified_time":"2026-03-06T08:27:00+00:00","og_image":[{"width":800,"height":800,"url":"https:\/\/woedonline.nl\/wp-content\/uploads\/2025\/10\/Woed-cap-holder-3.jpg","type":"image\/jpeg"}],"twitter_card":"summary_large_image","twitter_misc":{"Tiempo de lectura":"1 minuto"},"schema":{"@context":"https:\/\/schema.org","@graph":[{"@type":"WebPage","@id":"https:\/\/woedonline.nl\/es\/shop\/otros\/soporte-para-tapones\/soporte-para-gorras-woed\/","url":"https:\/\/woedonline.nl\/es\/shop\/otros\/soporte-para-tapones\/soporte-para-gorras-woed\/","name":"Soporte para gorras Woed - Woed","isPartOf":{"@id":"https:\/\/woedonline.nl\/es\/#website"},"primaryImageOfPage":{"@id":"https:\/\/woedonline.nl\/es\/shop\/otros\/soporte-para-tapones\/soporte-para-gorras-woed\/#primaryimage"},"image":{"@id":"https:\/\/woedonline.nl\/es\/shop\/otros\/soporte-para-tapones\/soporte-para-gorras-woed\/#primaryimage"},"thumbnailUrl":"https:\/\/woedonline.nl\/wp-content\/uploads\/2025\/10\/Woed-cap-holder-3.jpg","datePublished":"2025-10-06T07:39:45+00:00","dateModified":"2026-03-06T08:27:00+00:00","description":"\u00bfTe encantan las gorras, pero est\u00e1n desperdigadas por toda tu habitaci\u00f3n? Con el Portagafas Woed, podr\u00e1s mantener tus gorras favoritas ordenadas y c\u00f3modamente juntas.","breadcrumb":{"@id":"https:\/\/woedonline.nl\/es\/shop\/otros\/soporte-para-tapones\/soporte-para-gorras-woed\/#breadcrumb"},"inLanguage":"es","potentialAction":[{"@type":"ReadAction","target":["https:\/\/woedonline.nl\/es\/shop\/otros\/soporte-para-tapones\/soporte-para-gorras-woed\/"]}]},{"@type":"ImageObject","inLanguage":"es","@id":"https:\/\/woedonline.nl\/es\/shop\/otros\/soporte-para-tapones\/soporte-para-gorras-woed\/#primaryimage","url":"https:\/\/woedonline.nl\/wp-content\/uploads\/2025\/10\/Woed-cap-holder-3.jpg","contentUrl":"https:\/\/woedonline.nl\/wp-content\/uploads\/2025\/10\/Woed-cap-holder-3.jpg","width":800,"height":800},{"@type":"BreadcrumbList","@id":"https:\/\/woedonline.nl\/es\/shop\/otros\/soporte-para-tapones\/soporte-para-gorras-woed\/#breadcrumb","itemListElement":[{"@type":"ListItem","position":1,"name":"Inicio","item":"https:\/\/woedonline.nl\/es\/"},{"@type":"ListItem","position":2,"name":"Tienda","item":"https:\/\/woedonline.nl\/es\/tienda\/"},{"@type":"ListItem","position":3,"name":"Soporte para gorras Woed"}]},{"@type":"WebSite","@id":"https:\/\/woedonline.nl\/es\/#website","url":"https:\/\/woedonline.nl\/es\/","name":"Woed","description":"Geen boomknuffels, wel een houten feestje voor jou","publisher":{"@id":"https:\/\/woedonline.nl\/es\/#organization"},"alternateName":"W","potentialAction":[{"@type":"SearchAction","target":{"@type":"EntryPoint","urlTemplate":"https:\/\/woedonline.nl\/es\/?s={search_term_string}"},"query-input":{"@type":"PropertyValueSpecification","valueRequired":true,"valueName":"search_term_string"}}],"inLanguage":"es"},{"@type":"Organization","@id":"https:\/\/woedonline.nl\/es\/#organization","name":"Woed","alternateName":"W","url":"https:\/\/woedonline.nl\/es\/","logo":{"@type":"ImageObject","inLanguage":"es","@id":"https:\/\/woedonline.nl\/es\/#\/schema\/logo\/image\/","url":"https:\/\/woedonline.nl\/wp-content\/uploads\/2016\/05\/Wood-logo-name-png.png","contentUrl":"https:\/\/woedonline.nl\/wp-content\/uploads\/2016\/05\/Wood-logo-name-png.png","width":250,"height":89,"caption":"Woed"},"image":{"@id":"https:\/\/woedonline.nl\/es\/#\/schema\/logo\/image\/"},"sameAs":["https:\/\/www.facebook.com\/Woedshop\/","https:\/\/www.instagram.com\/woed.eu"]}]}},"_links":{"self":[{"href":"https:\/\/woedonline.nl\/es\/wp-json\/wp\/v2\/product\/399921","targetHints":{"allow":["GET"]}}],"collection":[{"href":"https:\/\/woedonline.nl\/es\/wp-json\/wp\/v2\/product"}],"about":[{"href":"https:\/\/woedonline.nl\/es\/wp-json\/wp\/v2\/types\/product"}],"replies":[{"embeddable":true,"href":"https:\/\/woedonline.nl\/es\/wp-json\/wp\/v2\/comments?post=399921"}],"wp:featuredmedia":[{"embeddable":true,"href":"https:\/\/woedonline.nl\/es\/wp-json\/wp\/v2\/media\/399928"}],"wp:attachment":[{"href":"https:\/\/woedonline.nl\/es\/wp-json\/wp\/v2\/media?parent=399921"}],"wp:term":[{"taxonomy":"product_brand","embeddable":true,"href":"https:\/\/woedonline.nl\/es\/wp-json\/wp\/v2\/product_brand?post=399921"},{"taxonomy":"product_cat","embeddable":true,"href":"https:\/\/woedonline.nl\/es\/wp-json\/wp\/v2\/product_cat?post=399921"},{"taxonomy":"product_tag","embeddable":true,"href":"https:\/\/woedonline.nl\/es\/wp-json\/wp\/v2\/product_tag?post=399921"}],"curies":[{"name":"wp","href":"https:\/\/api.w.org\/{rel}","templated":true}]}}