{"id":399906,"date":"2025-10-31T10:51:09","date_gmt":"2025-10-31T09:51:09","guid":{"rendered":"https:\/\/woedonline.nl\/shop\/sin%20categor\u00eda\/snapback-volver-al-pasado-anos-90\/"},"modified":"2026-05-09T15:57:19","modified_gmt":"2026-05-09T13:57:19","slug":"snapback-volver-al-pasado-anos-90","status":"publish","type":"product","link":"https:\/\/woedonline.nl\/es\/shop\/todas-las-gorras-y-sombreros\/snapback-es\/snapback-volver-al-pasado-anos-90\/","title":{"rendered":"Snapback | Regreso al pasado | A\u00f1os 90"},"content":{"rendered":"<p data-start=\"171\" data-end=\"488\">Retrocede en el tiempo con la <strong data-start=\"198\" data-end=\"243\">gorra snapback Woed Back To The Past | 90&#8217;s<\/strong>. Esta gorra \u00fanica es una oda a los coloridos e ic\u00f3nicos a\u00f1os 90, una d\u00e9cada llena de grunge, hip-hop, ne\u00f3n y moda statement. Perfecta para los que adoran un aspecto retro combinado con la calidad y los detalles que esperas de Woed.<\/p>\n<p data-start=\"490\" data-end=\"935\">La <strong data-start=\"493\" data-end=\"509\">gorra snapback<\/strong> est\u00e1 fabricada con <strong data-start=\"538\" data-end=\"552\">tejido acr\u00edlico<\/strong> de alta calidad y se presenta en un elegante <strong data-start=\"585\" data-end=\"601\">color petr\u00f3leo<\/strong>. La parte delantera lleva bordado el <strong data-start=\"641\" data-end=\"654\">logotipo de Woed<\/strong> en un llamativo estilo de los a\u00f1os 90, lo que da a la gorra un aut\u00e9ntico aspecto vintage. La <strong data-start=\"736\" data-end=\"761\">parte superior de la solapa<\/strong> est\u00e1 acabada con una capa duradera de <strong data-start=\"797\" data-end=\"818\">corcho marr\u00f3n oscuro<\/strong>, mientras que la <strong data-start=\"831\" data-end=\"856\">parte inferior<\/strong> presenta ilustraciones exclusivas que parecen sacadas directamente de los a\u00f1os noventa.<\/p>\n<p data-start=\"937\" data-end=\"1217\">Gracias al <strong data-start=\"960\" data-end=\"989\">cierre a presi\u00f3n de pl\u00e1stico<\/strong> ajustable en la parte posterior, la gorra es f\u00e1cil de personalizar y adecuada para casi todo el mundo. La combinaci\u00f3n de dise\u00f1o retro y acabado moderno hace que esta snapback sea ideal para a\u00f1adir un toque juguet\u00f3n y nost\u00e1lgico a tu atuendo.<\/p>\n<p data-start=\"1219\" data-end=\"1384\">Si eres un fan de los 90, te encanta el streetwear o simplemente buscas una <strong data-start=\"1301\" data-end=\"1317\">gorra snapback<\/strong> excepcional, la <strong data-start=\"1328\" data-end=\"1360\">Woed Back To The Past | 90s<\/strong> es la elecci\u00f3n perfecta.<\/p>\n<p data-start=\"1386\" data-end=\"1406\"><strong data-start=\"1386\" data-end=\"1404\">Especificaciones:<\/strong><\/p>\n<ul data-start=\"1407\" data-end=\"1671\">\n<li data-start=\"1407\" data-end=\"1421\">\n<p data-start=\"1409\" data-end=\"1421\">Marca: Woed<\/p>\n<\/li>\n<li data-start=\"1422\" data-end=\"1456\">\n<p data-start=\"1424\" data-end=\"1456\">Modelo: Regreso al pasado | A\u00f1os 90<\/p>\n<\/li>\n<li data-start=\"1457\" data-end=\"1482\">\n<p data-start=\"1459\" data-end=\"1482\">Material: Tejido acr\u00edlico<\/p>\n<\/li>\n<li data-start=\"1483\" data-end=\"1500\">\n<p data-start=\"1485\" data-end=\"1500\">Color: Gasolina<\/p>\n<\/li>\n<li data-start=\"1501\" data-end=\"1549\">\n<p data-start=\"1503\" data-end=\"1549\">Parte delantera: Logotipo Woed bordado al estilo de los a\u00f1os 90<\/p>\n<\/li>\n<li data-start=\"1550\" data-end=\"1587\">\n<p data-start=\"1552\" data-end=\"1587\">Solapa superior: Corcho marr\u00f3n oscuro<\/p>\n<\/li>\n<li data-start=\"1588\" data-end=\"1620\">\n<p data-start=\"1590\" data-end=\"1620\">Solapa inferior: ilustraciones de los 90<\/p>\n<\/li>\n<li data-start=\"1621\" data-end=\"1671\">\n<p data-start=\"1623\" data-end=\"1671\">Cierre: broche de pl\u00e1stico (ajustable)<\/p>\n<\/li>\n<\/ul>\n<p data-start=\"1673\" data-end=\"1818\">Devuelve el <strong data-start=\"1682\" data-end=\"1707\">aire de los 90<\/strong> a tu estilo: \u00a1pide ya la <strong data-start=\"1743\" data-end=\"1788\">gorra snapback Woed Back To The Past | 90s<\/strong> y completa tu look!<\/p>\n","protected":false},"excerpt":{"rendered":"<p><i class=\"ri-checkbox-circle-fill\" data-text-color=\"primary\"><\/i>Talla adulto 56-62cm<\/p>\n<p><i class=\"ri-checkbox-circle-fill\" data-text-color=\"primary\"><\/i>Fabricado con corcho aut\u00e9ntico<\/p>\n<p><i class=\"ri-checkbox-circle-fill\" data-text-color=\"primary\"><\/i>Materiales de alta calidad<\/p>\n","protected":false},"featured_media":400964,"comment_status":"open","ping_status":"closed","template":"","meta":[],"product_brand":[],"product_cat":[1335,1338],"product_tag":[],"class_list":{"0":"post-399906","1":"product","2":"type-product","3":"status-publish","4":"has-post-thumbnail","6":"product_cat-snapback-es","7":"product_cat-todas-las-gorras-y-sombreros","8":"product_shipping_class-paquete","10":"first","11":"instock","12":"taxable","13":"shipping-taxable","14":"purchasable","15":"product-type-simple"},"yoast_head":"<!-- This site is optimized with the Yoast SEO plugin v27.5 - https:\/\/yoast.com\/product\/yoast-seo-wordpress\/ -->\n<title>Snapback | Regreso al pasado | A\u00f1os 90 - Woed<\/title>\n<meta name=\"description\" content=\"Retrocede en el tiempo con la gorra Woed Back To The Past | 90&#039;s snapback. Esta gorra \u00fanica es una oda a los coloridos e ic\u00f3nicos a\u00f1os 90, una d\u00e9cada llena de grunge, hip-hop, ne\u00f3n y moda statement. Perfecta para los amantes del look retro combinado con la calidad y los detalles que esperas de Woed.\" \/>\n<meta name=\"robots\" content=\"index, follow, max-snippet:-1, max-image-preview:large, max-video-preview:-1\" \/>\n<link rel=\"canonical\" href=\"https:\/\/woedonline.nl\/es\/shop\/todas-las-gorras-y-sombreros\/snapback-es\/snapback-volver-al-pasado-anos-90\/\" \/>\n<meta property=\"og:locale\" content=\"es_ES\" \/>\n<meta property=\"og:type\" content=\"article\" \/>\n<meta property=\"og:title\" content=\"Snapback | Regreso al pasado | A\u00f1os 90 - Woed\" \/>\n<meta property=\"og:description\" content=\"Retrocede en el tiempo con la gorra Woed Back To The Past | 90&#039;s snapback. Esta gorra \u00fanica es una oda a los coloridos e ic\u00f3nicos a\u00f1os 90, una d\u00e9cada llena de grunge, hip-hop, ne\u00f3n y moda statement. Perfecta para los amantes del look retro combinado con la calidad y los detalles que esperas de Woed.\" \/>\n<meta property=\"og:url\" content=\"https:\/\/woedonline.nl\/es\/shop\/todas-las-gorras-y-sombreros\/snapback-es\/snapback-volver-al-pasado-anos-90\/\" \/>\n<meta property=\"og:site_name\" content=\"Woed\" \/>\n<meta property=\"article:publisher\" content=\"https:\/\/www.facebook.com\/Woedshop\/\" \/>\n<meta property=\"article:modified_time\" content=\"2026-05-09T13:57:19+00:00\" \/>\n<meta property=\"og:image\" content=\"https:\/\/woedonline.nl\/wp-content\/uploads\/2025\/10\/Woed-90s-snapback-11.jpg\" \/>\n\t<meta property=\"og:image:width\" content=\"800\" \/>\n\t<meta property=\"og:image:height\" content=\"800\" \/>\n\t<meta property=\"og:image:type\" content=\"image\/jpeg\" \/>\n<meta name=\"twitter:card\" content=\"summary_large_image\" \/>\n<meta name=\"twitter:label1\" content=\"Tiempo de lectura\" \/>\n\t<meta name=\"twitter:data1\" content=\"2 minuto\" \/>\n<script type=\"application\/ld+json\" class=\"yoast-schema-graph\">{\"@context\":\"https:\\\/\\\/schema.org\",\"@graph\":[{\"@type\":\"WebPage\",\"@id\":\"https:\\\/\\\/woedonline.nl\\\/es\\\/shop\\\/todas-las-gorras-y-sombreros\\\/snapback-es\\\/snapback-volver-al-pasado-anos-90\\\/\",\"url\":\"https:\\\/\\\/woedonline.nl\\\/es\\\/shop\\\/todas-las-gorras-y-sombreros\\\/snapback-es\\\/snapback-volver-al-pasado-anos-90\\\/\",\"name\":\"Snapback | Regreso al pasado | A\u00f1os 90 - Woed\",\"isPartOf\":{\"@id\":\"https:\\\/\\\/woedonline.nl\\\/es\\\/#website\"},\"primaryImageOfPage\":{\"@id\":\"https:\\\/\\\/woedonline.nl\\\/es\\\/shop\\\/todas-las-gorras-y-sombreros\\\/snapback-es\\\/snapback-volver-al-pasado-anos-90\\\/#primaryimage\"},\"image\":{\"@id\":\"https:\\\/\\\/woedonline.nl\\\/es\\\/shop\\\/todas-las-gorras-y-sombreros\\\/snapback-es\\\/snapback-volver-al-pasado-anos-90\\\/#primaryimage\"},\"thumbnailUrl\":\"https:\\\/\\\/woedonline.nl\\\/wp-content\\\/uploads\\\/2025\\\/10\\\/Woed-90s-snapback-11.jpg\",\"datePublished\":\"2025-10-31T09:51:09+00:00\",\"dateModified\":\"2026-05-09T13:57:19+00:00\",\"description\":\"Retrocede en el tiempo con la gorra Woed Back To The Past | 90's snapback. Esta gorra \u00fanica es una oda a los coloridos e ic\u00f3nicos a\u00f1os 90, una d\u00e9cada llena de grunge, hip-hop, ne\u00f3n y moda statement. Perfecta para los amantes del look retro combinado con la calidad y los detalles que esperas de Woed.\",\"breadcrumb\":{\"@id\":\"https:\\\/\\\/woedonline.nl\\\/es\\\/shop\\\/todas-las-gorras-y-sombreros\\\/snapback-es\\\/snapback-volver-al-pasado-anos-90\\\/#breadcrumb\"},\"inLanguage\":\"es\",\"potentialAction\":[{\"@type\":\"ReadAction\",\"target\":[\"https:\\\/\\\/woedonline.nl\\\/es\\\/shop\\\/todas-las-gorras-y-sombreros\\\/snapback-es\\\/snapback-volver-al-pasado-anos-90\\\/\"]}]},{\"@type\":\"ImageObject\",\"inLanguage\":\"es\",\"@id\":\"https:\\\/\\\/woedonline.nl\\\/es\\\/shop\\\/todas-las-gorras-y-sombreros\\\/snapback-es\\\/snapback-volver-al-pasado-anos-90\\\/#primaryimage\",\"url\":\"https:\\\/\\\/woedonline.nl\\\/wp-content\\\/uploads\\\/2025\\\/10\\\/Woed-90s-snapback-11.jpg\",\"contentUrl\":\"https:\\\/\\\/woedonline.nl\\\/wp-content\\\/uploads\\\/2025\\\/10\\\/Woed-90s-snapback-11.jpg\",\"width\":800,\"height\":800},{\"@type\":\"BreadcrumbList\",\"@id\":\"https:\\\/\\\/woedonline.nl\\\/es\\\/shop\\\/todas-las-gorras-y-sombreros\\\/snapback-es\\\/snapback-volver-al-pasado-anos-90\\\/#breadcrumb\",\"itemListElement\":[{\"@type\":\"ListItem\",\"position\":1,\"name\":\"Inicio\",\"item\":\"https:\\\/\\\/woedonline.nl\\\/es\\\/\"},{\"@type\":\"ListItem\",\"position\":2,\"name\":\"Tienda\",\"item\":\"https:\\\/\\\/woedonline.nl\\\/es\\\/tienda\\\/\"},{\"@type\":\"ListItem\",\"position\":3,\"name\":\"Snapback | Regreso al pasado | A\u00f1os 90\"}]},{\"@type\":\"WebSite\",\"@id\":\"https:\\\/\\\/woedonline.nl\\\/es\\\/#website\",\"url\":\"https:\\\/\\\/woedonline.nl\\\/es\\\/\",\"name\":\"Woed\",\"description\":\"Geen boomknuffels, wel een houten feestje voor jou\",\"publisher\":{\"@id\":\"https:\\\/\\\/woedonline.nl\\\/es\\\/#organization\"},\"alternateName\":\"W\",\"potentialAction\":[{\"@type\":\"SearchAction\",\"target\":{\"@type\":\"EntryPoint\",\"urlTemplate\":\"https:\\\/\\\/woedonline.nl\\\/es\\\/?s={search_term_string}\"},\"query-input\":{\"@type\":\"PropertyValueSpecification\",\"valueRequired\":true,\"valueName\":\"search_term_string\"}}],\"inLanguage\":\"es\"},{\"@type\":\"Organization\",\"@id\":\"https:\\\/\\\/woedonline.nl\\\/es\\\/#organization\",\"name\":\"Woed\",\"alternateName\":\"W\",\"url\":\"https:\\\/\\\/woedonline.nl\\\/es\\\/\",\"logo\":{\"@type\":\"ImageObject\",\"inLanguage\":\"es\",\"@id\":\"https:\\\/\\\/woedonline.nl\\\/es\\\/#\\\/schema\\\/logo\\\/image\\\/\",\"url\":\"https:\\\/\\\/woedonline.nl\\\/wp-content\\\/uploads\\\/2016\\\/05\\\/Wood-logo-name-png.png\",\"contentUrl\":\"https:\\\/\\\/woedonline.nl\\\/wp-content\\\/uploads\\\/2016\\\/05\\\/Wood-logo-name-png.png\",\"width\":250,\"height\":89,\"caption\":\"Woed\"},\"image\":{\"@id\":\"https:\\\/\\\/woedonline.nl\\\/es\\\/#\\\/schema\\\/logo\\\/image\\\/\"},\"sameAs\":[\"https:\\\/\\\/www.facebook.com\\\/Woedshop\\\/\",\"https:\\\/\\\/www.instagram.com\\\/woed.eu\"]}]}<\/script>\n<!-- \/ Yoast SEO plugin. -->","yoast_head_json":{"title":"Snapback | Regreso al pasado | A\u00f1os 90 - Woed","description":"Retrocede en el tiempo con la gorra Woed Back To The Past | 90's snapback. Esta gorra \u00fanica es una oda a los coloridos e ic\u00f3nicos a\u00f1os 90, una d\u00e9cada llena de grunge, hip-hop, ne\u00f3n y moda statement. Perfecta para los amantes del look retro combinado con la calidad y los detalles que esperas de Woed.","robots":{"index":"index","follow":"follow","max-snippet":"max-snippet:-1","max-image-preview":"max-image-preview:large","max-video-preview":"max-video-preview:-1"},"canonical":"https:\/\/woedonline.nl\/es\/shop\/todas-las-gorras-y-sombreros\/snapback-es\/snapback-volver-al-pasado-anos-90\/","og_locale":"es_ES","og_type":"article","og_title":"Snapback | Regreso al pasado | A\u00f1os 90 - Woed","og_description":"Retrocede en el tiempo con la gorra Woed Back To The Past | 90's snapback. Esta gorra \u00fanica es una oda a los coloridos e ic\u00f3nicos a\u00f1os 90, una d\u00e9cada llena de grunge, hip-hop, ne\u00f3n y moda statement. Perfecta para los amantes del look retro combinado con la calidad y los detalles que esperas de Woed.","og_url":"https:\/\/woedonline.nl\/es\/shop\/todas-las-gorras-y-sombreros\/snapback-es\/snapback-volver-al-pasado-anos-90\/","og_site_name":"Woed","article_publisher":"https:\/\/www.facebook.com\/Woedshop\/","article_modified_time":"2026-05-09T13:57:19+00:00","og_image":[{"width":800,"height":800,"url":"https:\/\/woedonline.nl\/wp-content\/uploads\/2025\/10\/Woed-90s-snapback-11.jpg","type":"image\/jpeg"}],"twitter_card":"summary_large_image","twitter_misc":{"Tiempo de lectura":"2 minuto"},"schema":{"@context":"https:\/\/schema.org","@graph":[{"@type":"WebPage","@id":"https:\/\/woedonline.nl\/es\/shop\/todas-las-gorras-y-sombreros\/snapback-es\/snapback-volver-al-pasado-anos-90\/","url":"https:\/\/woedonline.nl\/es\/shop\/todas-las-gorras-y-sombreros\/snapback-es\/snapback-volver-al-pasado-anos-90\/","name":"Snapback | Regreso al pasado | A\u00f1os 90 - Woed","isPartOf":{"@id":"https:\/\/woedonline.nl\/es\/#website"},"primaryImageOfPage":{"@id":"https:\/\/woedonline.nl\/es\/shop\/todas-las-gorras-y-sombreros\/snapback-es\/snapback-volver-al-pasado-anos-90\/#primaryimage"},"image":{"@id":"https:\/\/woedonline.nl\/es\/shop\/todas-las-gorras-y-sombreros\/snapback-es\/snapback-volver-al-pasado-anos-90\/#primaryimage"},"thumbnailUrl":"https:\/\/woedonline.nl\/wp-content\/uploads\/2025\/10\/Woed-90s-snapback-11.jpg","datePublished":"2025-10-31T09:51:09+00:00","dateModified":"2026-05-09T13:57:19+00:00","description":"Retrocede en el tiempo con la gorra Woed Back To The Past | 90's snapback. Esta gorra \u00fanica es una oda a los coloridos e ic\u00f3nicos a\u00f1os 90, una d\u00e9cada llena de grunge, hip-hop, ne\u00f3n y moda statement. Perfecta para los amantes del look retro combinado con la calidad y los detalles que esperas de Woed.","breadcrumb":{"@id":"https:\/\/woedonline.nl\/es\/shop\/todas-las-gorras-y-sombreros\/snapback-es\/snapback-volver-al-pasado-anos-90\/#breadcrumb"},"inLanguage":"es","potentialAction":[{"@type":"ReadAction","target":["https:\/\/woedonline.nl\/es\/shop\/todas-las-gorras-y-sombreros\/snapback-es\/snapback-volver-al-pasado-anos-90\/"]}]},{"@type":"ImageObject","inLanguage":"es","@id":"https:\/\/woedonline.nl\/es\/shop\/todas-las-gorras-y-sombreros\/snapback-es\/snapback-volver-al-pasado-anos-90\/#primaryimage","url":"https:\/\/woedonline.nl\/wp-content\/uploads\/2025\/10\/Woed-90s-snapback-11.jpg","contentUrl":"https:\/\/woedonline.nl\/wp-content\/uploads\/2025\/10\/Woed-90s-snapback-11.jpg","width":800,"height":800},{"@type":"BreadcrumbList","@id":"https:\/\/woedonline.nl\/es\/shop\/todas-las-gorras-y-sombreros\/snapback-es\/snapback-volver-al-pasado-anos-90\/#breadcrumb","itemListElement":[{"@type":"ListItem","position":1,"name":"Inicio","item":"https:\/\/woedonline.nl\/es\/"},{"@type":"ListItem","position":2,"name":"Tienda","item":"https:\/\/woedonline.nl\/es\/tienda\/"},{"@type":"ListItem","position":3,"name":"Snapback | Regreso al pasado | A\u00f1os 90"}]},{"@type":"WebSite","@id":"https:\/\/woedonline.nl\/es\/#website","url":"https:\/\/woedonline.nl\/es\/","name":"Woed","description":"Geen boomknuffels, wel een houten feestje voor jou","publisher":{"@id":"https:\/\/woedonline.nl\/es\/#organization"},"alternateName":"W","potentialAction":[{"@type":"SearchAction","target":{"@type":"EntryPoint","urlTemplate":"https:\/\/woedonline.nl\/es\/?s={search_term_string}"},"query-input":{"@type":"PropertyValueSpecification","valueRequired":true,"valueName":"search_term_string"}}],"inLanguage":"es"},{"@type":"Organization","@id":"https:\/\/woedonline.nl\/es\/#organization","name":"Woed","alternateName":"W","url":"https:\/\/woedonline.nl\/es\/","logo":{"@type":"ImageObject","inLanguage":"es","@id":"https:\/\/woedonline.nl\/es\/#\/schema\/logo\/image\/","url":"https:\/\/woedonline.nl\/wp-content\/uploads\/2016\/05\/Wood-logo-name-png.png","contentUrl":"https:\/\/woedonline.nl\/wp-content\/uploads\/2016\/05\/Wood-logo-name-png.png","width":250,"height":89,"caption":"Woed"},"image":{"@id":"https:\/\/woedonline.nl\/es\/#\/schema\/logo\/image\/"},"sameAs":["https:\/\/www.facebook.com\/Woedshop\/","https:\/\/www.instagram.com\/woed.eu"]}]}},"_links":{"self":[{"href":"https:\/\/woedonline.nl\/es\/wp-json\/wp\/v2\/product\/399906","targetHints":{"allow":["GET"]}}],"collection":[{"href":"https:\/\/woedonline.nl\/es\/wp-json\/wp\/v2\/product"}],"about":[{"href":"https:\/\/woedonline.nl\/es\/wp-json\/wp\/v2\/types\/product"}],"replies":[{"embeddable":true,"href":"https:\/\/woedonline.nl\/es\/wp-json\/wp\/v2\/comments?post=399906"}],"wp:featuredmedia":[{"embeddable":true,"href":"https:\/\/woedonline.nl\/es\/wp-json\/wp\/v2\/media\/400964"}],"wp:attachment":[{"href":"https:\/\/woedonline.nl\/es\/wp-json\/wp\/v2\/media?parent=399906"}],"wp:term":[{"taxonomy":"product_brand","embeddable":true,"href":"https:\/\/woedonline.nl\/es\/wp-json\/wp\/v2\/product_brand?post=399906"},{"taxonomy":"product_cat","embeddable":true,"href":"https:\/\/woedonline.nl\/es\/wp-json\/wp\/v2\/product_cat?post=399906"},{"taxonomy":"product_tag","embeddable":true,"href":"https:\/\/woedonline.nl\/es\/wp-json\/wp\/v2\/product_tag?post=399906"}],"curies":[{"name":"wp","href":"https:\/\/api.w.org\/{rel}","templated":true}]}}