{"id":399865,"date":"2025-06-02T14:00:32","date_gmt":"2025-06-02T12:00:32","guid":{"rendered":"https:\/\/woedonline.nl\/shop\/sin%20categor\u00eda\/gorra-de-camionero-azuro\/"},"modified":"2026-04-17T14:06:21","modified_gmt":"2026-04-17T12:06:21","slug":"gorra-de-camionero-azuro","status":"publish","type":"product","link":"https:\/\/woedonline.nl\/es\/shop\/todas-las-gorras-y-sombreros\/gorra-de-camionero\/gorra-de-camionero-azuro\/","title":{"rendered":"Gorra de camionero | Azuro"},"content":{"rendered":"<p><strong>Gorra Snapback Woed - AZURO | Azul claro con tejido de c\u00e1\u00f1amo y corcho Detai<\/strong><\/p>\n<p>Te presentamos la <strong>AZURO<\/strong>, una exclusiva <strong>gorra Snapback Woed<\/strong> que combina a la perfecci\u00f3n estilo y durabilidad. Fabricada con <strong>tejido de c\u00e1\u00f1amo<\/strong> de alta calidad, esta gorra se presenta en un fresco <strong>color azul claro<\/strong> que destaca al instante. El cl\u00e1sico <strong>parche redondo tejido<\/strong> de la parte delantera confiere a la gorra un aspecto fresco y aut\u00e9ntico, perfecto para los amantes de la ropa de calle con car\u00e1cter.  <\/p>\n<p>La parte posterior de la gorra incorpora <strong>malla<\/strong> transpirable <strong>(mesh)<\/strong> para mayor comodidad, ideal para los d\u00edas calurosos. Con el <strong>cierre a presi\u00f3n de pl\u00e1stico<\/strong> regulable, el ajuste es f\u00e1cil para todos. <\/p>\n<p>Tanto si buscas una gorra llamativa para un festival, una incorporaci\u00f3n duradera a tu colecci\u00f3n o simplemente una gorra con estilo para el d\u00eda a d\u00eda, la <strong>Snapback AZURO de Woed<\/strong> es un aut\u00e9ntico imprescindible.<\/p>\n<p><strong>Caracter\u00edsticas:<\/strong><\/p>\n<ul>\n<li>Snapback azul claro de <strong>tejido de c\u00e1\u00f1amo<\/strong> sostenible<\/li>\n<li>Exclusivo <strong>parche redondo tejido<\/strong> en la parte delantera<\/li>\n<li><strong>Malla<\/strong> transpirable <strong>en la espalda<\/strong> para un confort \u00f3ptimo<\/li>\n<li><strong>Cierre a presi\u00f3n ajustable<\/strong> para un ajuste perfecto<\/li>\n<li>Dise\u00f1o unisex, apto para cualquier estilo<\/li>\n<\/ul>\n","protected":false},"excerpt":{"rendered":"<p><i class=\"ri-checkbox-circle-fill\" data-text-color=\"primary\"><\/i>Talla adulto 56-62cm<\/p>\n<p><i class=\"ri-checkbox-circle-fill\" data-text-color=\"primary\"><\/i>Fabricado con corcho aut\u00e9ntico<\/p>\n<p><i class=\"ri-checkbox-circle-fill\" data-text-color=\"primary\"><\/i>Materiales de alta calidad<\/p>\n<p><i class=\"ri-checkbox-circle-fill\" data-text-color=\"primary\"><\/i>Dise\u00f1o holand\u00e9s<\/p>\n","protected":false},"featured_media":399866,"comment_status":"open","ping_status":"closed","template":"","meta":[],"product_brand":[],"product_cat":[1401,1338],"product_tag":[],"class_list":{"0":"post-399865","1":"product","2":"type-product","3":"status-publish","4":"has-post-thumbnail","6":"product_cat-gorra-de-camionero","7":"product_cat-todas-las-gorras-y-sombreros","8":"product_shipping_class-paquete","10":"first","11":"instock","12":"taxable","13":"shipping-taxable","14":"purchasable","15":"product-type-simple"},"yoast_head":"<!-- This site is optimized with the Yoast SEO plugin v27.5 - https:\/\/yoast.com\/product\/yoast-seo-wordpress\/ -->\n<title>Gorra de camionero | Azuro - Woed<\/title>\n<meta name=\"description\" content=\"Ontdek unieke kurk petten bij WOED, d\u00e9 webshop voor natuurlijke schoonheid en vakmanschap. Bestel nu en swing met onze handgemaakte houten creaties - originaliteit gegarandeerd!\" \/>\n<meta name=\"robots\" content=\"index, follow, max-snippet:-1, max-image-preview:large, max-video-preview:-1\" \/>\n<link rel=\"canonical\" href=\"https:\/\/woedonline.nl\/es\/shop\/todas-las-gorras-y-sombreros\/gorra-de-camionero\/gorra-de-camionero-azuro\/\" \/>\n<meta property=\"og:locale\" content=\"es_ES\" \/>\n<meta property=\"og:type\" content=\"article\" \/>\n<meta property=\"og:title\" content=\"Gorra de camionero | Azuro - Woed\" \/>\n<meta property=\"og:description\" content=\"Ontdek unieke kurk petten bij WOED, d\u00e9 webshop voor natuurlijke schoonheid en vakmanschap. Bestel nu en swing met onze handgemaakte houten creaties - originaliteit gegarandeerd!\" \/>\n<meta property=\"og:url\" content=\"https:\/\/woedonline.nl\/es\/shop\/todas-las-gorras-y-sombreros\/gorra-de-camionero\/gorra-de-camionero-azuro\/\" \/>\n<meta property=\"og:site_name\" content=\"Woed\" \/>\n<meta property=\"article:publisher\" content=\"https:\/\/www.facebook.com\/Woedshop\/\" \/>\n<meta property=\"article:modified_time\" content=\"2026-04-17T12:06:21+00:00\" \/>\n<meta property=\"og:image\" content=\"https:\/\/woedonline.nl\/wp-content\/uploads\/2025\/06\/Trucker-Azuro.jpg\" \/>\n\t<meta property=\"og:image:width\" content=\"800\" \/>\n\t<meta property=\"og:image:height\" content=\"800\" \/>\n\t<meta property=\"og:image:type\" content=\"image\/jpeg\" \/>\n<meta name=\"twitter:card\" content=\"summary_large_image\" \/>\n<meta name=\"twitter:label1\" content=\"Tiempo de lectura\" \/>\n\t<meta name=\"twitter:data1\" content=\"1 minuto\" \/>\n<script type=\"application\/ld+json\" class=\"yoast-schema-graph\">{\"@context\":\"https:\\\/\\\/schema.org\",\"@graph\":[{\"@type\":\"WebPage\",\"@id\":\"https:\\\/\\\/woedonline.nl\\\/es\\\/shop\\\/todas-las-gorras-y-sombreros\\\/gorra-de-camionero\\\/gorra-de-camionero-azuro\\\/\",\"url\":\"https:\\\/\\\/woedonline.nl\\\/es\\\/shop\\\/todas-las-gorras-y-sombreros\\\/gorra-de-camionero\\\/gorra-de-camionero-azuro\\\/\",\"name\":\"Gorra de camionero | Azuro - Woed\",\"isPartOf\":{\"@id\":\"https:\\\/\\\/woedonline.nl\\\/es\\\/#website\"},\"primaryImageOfPage\":{\"@id\":\"https:\\\/\\\/woedonline.nl\\\/es\\\/shop\\\/todas-las-gorras-y-sombreros\\\/gorra-de-camionero\\\/gorra-de-camionero-azuro\\\/#primaryimage\"},\"image\":{\"@id\":\"https:\\\/\\\/woedonline.nl\\\/es\\\/shop\\\/todas-las-gorras-y-sombreros\\\/gorra-de-camionero\\\/gorra-de-camionero-azuro\\\/#primaryimage\"},\"thumbnailUrl\":\"https:\\\/\\\/woedonline.nl\\\/wp-content\\\/uploads\\\/2025\\\/06\\\/Trucker-Azuro.jpg\",\"datePublished\":\"2025-06-02T12:00:32+00:00\",\"dateModified\":\"2026-04-17T12:06:21+00:00\",\"description\":\"Ontdek unieke kurk petten bij WOED, d\u00e9 webshop voor natuurlijke schoonheid en vakmanschap. Bestel nu en swing met onze handgemaakte houten creaties - originaliteit gegarandeerd!\",\"breadcrumb\":{\"@id\":\"https:\\\/\\\/woedonline.nl\\\/es\\\/shop\\\/todas-las-gorras-y-sombreros\\\/gorra-de-camionero\\\/gorra-de-camionero-azuro\\\/#breadcrumb\"},\"inLanguage\":\"es\",\"potentialAction\":[{\"@type\":\"ReadAction\",\"target\":[\"https:\\\/\\\/woedonline.nl\\\/es\\\/shop\\\/todas-las-gorras-y-sombreros\\\/gorra-de-camionero\\\/gorra-de-camionero-azuro\\\/\"]}]},{\"@type\":\"ImageObject\",\"inLanguage\":\"es\",\"@id\":\"https:\\\/\\\/woedonline.nl\\\/es\\\/shop\\\/todas-las-gorras-y-sombreros\\\/gorra-de-camionero\\\/gorra-de-camionero-azuro\\\/#primaryimage\",\"url\":\"https:\\\/\\\/woedonline.nl\\\/wp-content\\\/uploads\\\/2025\\\/06\\\/Trucker-Azuro.jpg\",\"contentUrl\":\"https:\\\/\\\/woedonline.nl\\\/wp-content\\\/uploads\\\/2025\\\/06\\\/Trucker-Azuro.jpg\",\"width\":800,\"height\":800,\"caption\":\"Gorra de camionero | Azuro\"},{\"@type\":\"BreadcrumbList\",\"@id\":\"https:\\\/\\\/woedonline.nl\\\/es\\\/shop\\\/todas-las-gorras-y-sombreros\\\/gorra-de-camionero\\\/gorra-de-camionero-azuro\\\/#breadcrumb\",\"itemListElement\":[{\"@type\":\"ListItem\",\"position\":1,\"name\":\"Inicio\",\"item\":\"https:\\\/\\\/woedonline.nl\\\/es\\\/\"},{\"@type\":\"ListItem\",\"position\":2,\"name\":\"Tienda\",\"item\":\"https:\\\/\\\/woedonline.nl\\\/es\\\/tienda\\\/\"},{\"@type\":\"ListItem\",\"position\":3,\"name\":\"Gorra de camionero | Azuro\"}]},{\"@type\":\"WebSite\",\"@id\":\"https:\\\/\\\/woedonline.nl\\\/es\\\/#website\",\"url\":\"https:\\\/\\\/woedonline.nl\\\/es\\\/\",\"name\":\"Woed\",\"description\":\"Geen boomknuffels, wel een houten feestje voor jou\",\"publisher\":{\"@id\":\"https:\\\/\\\/woedonline.nl\\\/es\\\/#organization\"},\"alternateName\":\"W\",\"potentialAction\":[{\"@type\":\"SearchAction\",\"target\":{\"@type\":\"EntryPoint\",\"urlTemplate\":\"https:\\\/\\\/woedonline.nl\\\/es\\\/?s={search_term_string}\"},\"query-input\":{\"@type\":\"PropertyValueSpecification\",\"valueRequired\":true,\"valueName\":\"search_term_string\"}}],\"inLanguage\":\"es\"},{\"@type\":\"Organization\",\"@id\":\"https:\\\/\\\/woedonline.nl\\\/es\\\/#organization\",\"name\":\"Woed\",\"alternateName\":\"W\",\"url\":\"https:\\\/\\\/woedonline.nl\\\/es\\\/\",\"logo\":{\"@type\":\"ImageObject\",\"inLanguage\":\"es\",\"@id\":\"https:\\\/\\\/woedonline.nl\\\/es\\\/#\\\/schema\\\/logo\\\/image\\\/\",\"url\":\"https:\\\/\\\/woedonline.nl\\\/wp-content\\\/uploads\\\/2016\\\/05\\\/Wood-logo-name-png.png\",\"contentUrl\":\"https:\\\/\\\/woedonline.nl\\\/wp-content\\\/uploads\\\/2016\\\/05\\\/Wood-logo-name-png.png\",\"width\":250,\"height\":89,\"caption\":\"Woed\"},\"image\":{\"@id\":\"https:\\\/\\\/woedonline.nl\\\/es\\\/#\\\/schema\\\/logo\\\/image\\\/\"},\"sameAs\":[\"https:\\\/\\\/www.facebook.com\\\/Woedshop\\\/\",\"https:\\\/\\\/www.instagram.com\\\/woed.eu\"]}]}<\/script>\n<!-- \/ Yoast SEO plugin. -->","yoast_head_json":{"title":"Gorra de camionero | Azuro - Woed","description":"Ontdek unieke kurk petten bij WOED, d\u00e9 webshop voor natuurlijke schoonheid en vakmanschap. Bestel nu en swing met onze handgemaakte houten creaties - originaliteit gegarandeerd!","robots":{"index":"index","follow":"follow","max-snippet":"max-snippet:-1","max-image-preview":"max-image-preview:large","max-video-preview":"max-video-preview:-1"},"canonical":"https:\/\/woedonline.nl\/es\/shop\/todas-las-gorras-y-sombreros\/gorra-de-camionero\/gorra-de-camionero-azuro\/","og_locale":"es_ES","og_type":"article","og_title":"Gorra de camionero | Azuro - Woed","og_description":"Ontdek unieke kurk petten bij WOED, d\u00e9 webshop voor natuurlijke schoonheid en vakmanschap. Bestel nu en swing met onze handgemaakte houten creaties - originaliteit gegarandeerd!","og_url":"https:\/\/woedonline.nl\/es\/shop\/todas-las-gorras-y-sombreros\/gorra-de-camionero\/gorra-de-camionero-azuro\/","og_site_name":"Woed","article_publisher":"https:\/\/www.facebook.com\/Woedshop\/","article_modified_time":"2026-04-17T12:06:21+00:00","og_image":[{"width":800,"height":800,"url":"https:\/\/woedonline.nl\/wp-content\/uploads\/2025\/06\/Trucker-Azuro.jpg","type":"image\/jpeg"}],"twitter_card":"summary_large_image","twitter_misc":{"Tiempo de lectura":"1 minuto"},"schema":{"@context":"https:\/\/schema.org","@graph":[{"@type":"WebPage","@id":"https:\/\/woedonline.nl\/es\/shop\/todas-las-gorras-y-sombreros\/gorra-de-camionero\/gorra-de-camionero-azuro\/","url":"https:\/\/woedonline.nl\/es\/shop\/todas-las-gorras-y-sombreros\/gorra-de-camionero\/gorra-de-camionero-azuro\/","name":"Gorra de camionero | Azuro - Woed","isPartOf":{"@id":"https:\/\/woedonline.nl\/es\/#website"},"primaryImageOfPage":{"@id":"https:\/\/woedonline.nl\/es\/shop\/todas-las-gorras-y-sombreros\/gorra-de-camionero\/gorra-de-camionero-azuro\/#primaryimage"},"image":{"@id":"https:\/\/woedonline.nl\/es\/shop\/todas-las-gorras-y-sombreros\/gorra-de-camionero\/gorra-de-camionero-azuro\/#primaryimage"},"thumbnailUrl":"https:\/\/woedonline.nl\/wp-content\/uploads\/2025\/06\/Trucker-Azuro.jpg","datePublished":"2025-06-02T12:00:32+00:00","dateModified":"2026-04-17T12:06:21+00:00","description":"Ontdek unieke kurk petten bij WOED, d\u00e9 webshop voor natuurlijke schoonheid en vakmanschap. Bestel nu en swing met onze handgemaakte houten creaties - originaliteit gegarandeerd!","breadcrumb":{"@id":"https:\/\/woedonline.nl\/es\/shop\/todas-las-gorras-y-sombreros\/gorra-de-camionero\/gorra-de-camionero-azuro\/#breadcrumb"},"inLanguage":"es","potentialAction":[{"@type":"ReadAction","target":["https:\/\/woedonline.nl\/es\/shop\/todas-las-gorras-y-sombreros\/gorra-de-camionero\/gorra-de-camionero-azuro\/"]}]},{"@type":"ImageObject","inLanguage":"es","@id":"https:\/\/woedonline.nl\/es\/shop\/todas-las-gorras-y-sombreros\/gorra-de-camionero\/gorra-de-camionero-azuro\/#primaryimage","url":"https:\/\/woedonline.nl\/wp-content\/uploads\/2025\/06\/Trucker-Azuro.jpg","contentUrl":"https:\/\/woedonline.nl\/wp-content\/uploads\/2025\/06\/Trucker-Azuro.jpg","width":800,"height":800,"caption":"Gorra de camionero | Azuro"},{"@type":"BreadcrumbList","@id":"https:\/\/woedonline.nl\/es\/shop\/todas-las-gorras-y-sombreros\/gorra-de-camionero\/gorra-de-camionero-azuro\/#breadcrumb","itemListElement":[{"@type":"ListItem","position":1,"name":"Inicio","item":"https:\/\/woedonline.nl\/es\/"},{"@type":"ListItem","position":2,"name":"Tienda","item":"https:\/\/woedonline.nl\/es\/tienda\/"},{"@type":"ListItem","position":3,"name":"Gorra de camionero | Azuro"}]},{"@type":"WebSite","@id":"https:\/\/woedonline.nl\/es\/#website","url":"https:\/\/woedonline.nl\/es\/","name":"Woed","description":"Geen boomknuffels, wel een houten feestje voor jou","publisher":{"@id":"https:\/\/woedonline.nl\/es\/#organization"},"alternateName":"W","potentialAction":[{"@type":"SearchAction","target":{"@type":"EntryPoint","urlTemplate":"https:\/\/woedonline.nl\/es\/?s={search_term_string}"},"query-input":{"@type":"PropertyValueSpecification","valueRequired":true,"valueName":"search_term_string"}}],"inLanguage":"es"},{"@type":"Organization","@id":"https:\/\/woedonline.nl\/es\/#organization","name":"Woed","alternateName":"W","url":"https:\/\/woedonline.nl\/es\/","logo":{"@type":"ImageObject","inLanguage":"es","@id":"https:\/\/woedonline.nl\/es\/#\/schema\/logo\/image\/","url":"https:\/\/woedonline.nl\/wp-content\/uploads\/2016\/05\/Wood-logo-name-png.png","contentUrl":"https:\/\/woedonline.nl\/wp-content\/uploads\/2016\/05\/Wood-logo-name-png.png","width":250,"height":89,"caption":"Woed"},"image":{"@id":"https:\/\/woedonline.nl\/es\/#\/schema\/logo\/image\/"},"sameAs":["https:\/\/www.facebook.com\/Woedshop\/","https:\/\/www.instagram.com\/woed.eu"]}]}},"_links":{"self":[{"href":"https:\/\/woedonline.nl\/es\/wp-json\/wp\/v2\/product\/399865","targetHints":{"allow":["GET"]}}],"collection":[{"href":"https:\/\/woedonline.nl\/es\/wp-json\/wp\/v2\/product"}],"about":[{"href":"https:\/\/woedonline.nl\/es\/wp-json\/wp\/v2\/types\/product"}],"replies":[{"embeddable":true,"href":"https:\/\/woedonline.nl\/es\/wp-json\/wp\/v2\/comments?post=399865"}],"wp:featuredmedia":[{"embeddable":true,"href":"https:\/\/woedonline.nl\/es\/wp-json\/wp\/v2\/media\/399866"}],"wp:attachment":[{"href":"https:\/\/woedonline.nl\/es\/wp-json\/wp\/v2\/media?parent=399865"}],"wp:term":[{"taxonomy":"product_brand","embeddable":true,"href":"https:\/\/woedonline.nl\/es\/wp-json\/wp\/v2\/product_brand?post=399865"},{"taxonomy":"product_cat","embeddable":true,"href":"https:\/\/woedonline.nl\/es\/wp-json\/wp\/v2\/product_cat?post=399865"},{"taxonomy":"product_tag","embeddable":true,"href":"https:\/\/woedonline.nl\/es\/wp-json\/wp\/v2\/product_tag?post=399865"}],"curies":[{"name":"wp","href":"https:\/\/api.w.org\/{rel}","templated":true}]}}