{"id":399818,"date":"2025-04-02T11:03:11","date_gmt":"2025-04-02T09:03:11","guid":{"rendered":"https:\/\/woedonline.nl\/shop\/sin categor\u00eda\/gafas-de-sol-wayfarer-stone-oak\/"},"modified":"2026-03-10T09:59:36","modified_gmt":"2026-03-10T08:59:36","slug":"gafas-de-sol-wayfarer-stone-oak","status":"publish","type":"product","link":"https:\/\/woedonline.nl\/es\/shop\/gafas-de-sol-de-madera\/wayfarer-es\/gafas-de-sol-wayfarer-stone-oak\/","title":{"rendered":"Gafas de sol Wayfarer | Stone Oak"},"content":{"rendered":"<p class=\"\" data-start=\"43\" data-end=\"281\">Las gafas de sol <strong data-start=\"46\" data-end=\"59\">Stone Oak<\/strong> de Woed combinan estilo y comodidad en un dise\u00f1o atemporal. La montura de pl\u00e1stico gris claro mate da un aspecto moderno, mientras que las patas de madera marr\u00f3n oscuro aportan un toque natural y lujoso. <\/p>\n<p class=\"\" data-start=\"283\" data-end=\"530\">Las lentes marrones con <strong data-start=\"304\" data-end=\"325\">protecci\u00f3n UV400<\/strong> ofrecen una protecci\u00f3n solar \u00f3ptima, manteniendo tus ojos bien protegidos en todo momento. Gracias a la combinaci\u00f3n de materiales ligeros, las gafas de sol sientan c\u00f3modamente y combinan a la perfecci\u00f3n con cualquier atuendo. <\/p>\n<p class=\"\" data-start=\"532\" data-end=\"706\">Cada gafa de sol <strong data-start=\"537\" data-end=\"550\">Stone Oak<\/strong> viene con un <strong data-start=\"584\" data-end=\"616\">pa\u00f1o de limpieza y una bolsa de almacenamiento<\/strong>, para que siempre las mantengas limpias y seguras. \u00a1Un accesorio imprescindible para los d\u00edas soleados! <\/p>\n","protected":false},"excerpt":{"rendered":"<p><i class=\"ri-checkbox-circle-fill\" data-text-color=\"primary\"><\/i>Ligero y c\u00f3modo<\/p>\n<p><i class=\"ri-checkbox-circle-fill\" data-text-color=\"primary\"><\/i>Incluye bolsa de almacenamiento y pa\u00f1o de limpieza<\/p>\n<p><i class=\"ri-checkbox-circle-fill\" data-text-color=\"primary\"><\/i>Materiales de alta calidad<\/p>\n<p><i class=\"ri-checkbox-circle-fill\" data-text-color=\"primary\"><\/i>Excelente protecci\u00f3n mediante lentes UV-400<\/p>\n","protected":false},"featured_media":399823,"comment_status":"open","ping_status":"closed","template":"","meta":[],"product_brand":[],"product_cat":[1347,1333],"product_tag":[],"class_list":{"0":"post-399818","1":"product","2":"type-product","3":"status-publish","4":"has-post-thumbnail","6":"product_cat-gafas-de-sol-de-madera","7":"product_cat-wayfarer-es","8":"product_shipping_class-pulseras-reloj-gafas-de-sol","10":"first","11":"outofstock","12":"taxable","13":"shipping-taxable","14":"purchasable","15":"product-type-simple"},"yoast_head":"<!-- This site is optimized with the Yoast SEO plugin v27.4 - https:\/\/yoast.com\/product\/yoast-seo-wordpress\/ -->\n<title>Gafas de sol Wayfarer | Stone Oak - Woed<\/title>\n<meta name=\"description\" content=\"Las gafas de sol Stone Oak de Woed combinan estilo y comodidad en un dise\u00f1o atemporal. La montura de pl\u00e1stico gris claro mate da un aspecto moderno, mientras que las patas de madera marr\u00f3n oscuro aportan un toque natural y lujoso.\" \/>\n<meta name=\"robots\" content=\"index, follow, max-snippet:-1, max-image-preview:large, max-video-preview:-1\" \/>\n<link rel=\"canonical\" href=\"https:\/\/woedonline.nl\/es\/shop\/gafas-de-sol-de-madera\/wayfarer-es\/gafas-de-sol-wayfarer-stone-oak\/\" \/>\n<meta property=\"og:locale\" content=\"es_ES\" \/>\n<meta property=\"og:type\" content=\"article\" \/>\n<meta property=\"og:title\" content=\"Gafas de sol Wayfarer | Stone Oak - Woed\" \/>\n<meta property=\"og:description\" content=\"Las gafas de sol Stone Oak de Woed combinan estilo y comodidad en un dise\u00f1o atemporal. La montura de pl\u00e1stico gris claro mate da un aspecto moderno, mientras que las patas de madera marr\u00f3n oscuro aportan un toque natural y lujoso.\" \/>\n<meta property=\"og:url\" content=\"https:\/\/woedonline.nl\/es\/shop\/gafas-de-sol-de-madera\/wayfarer-es\/gafas-de-sol-wayfarer-stone-oak\/\" \/>\n<meta property=\"og:site_name\" content=\"Woed\" \/>\n<meta property=\"article:publisher\" content=\"https:\/\/www.facebook.com\/Woedshop\/\" \/>\n<meta property=\"article:modified_time\" content=\"2026-03-10T08:59:36+00:00\" \/>\n<meta property=\"og:image\" content=\"https:\/\/woedonline.nl\/wp-content\/uploads\/2025\/04\/Woed-houten-zonnebril-Stone-Oak-1.jpg\" \/>\n\t<meta property=\"og:image:width\" content=\"600\" \/>\n\t<meta property=\"og:image:height\" content=\"600\" \/>\n\t<meta property=\"og:image:type\" content=\"image\/jpeg\" \/>\n<meta name=\"twitter:card\" content=\"summary_large_image\" \/>\n<meta name=\"twitter:label1\" content=\"Tiempo de lectura\" \/>\n\t<meta name=\"twitter:data1\" content=\"1 minuto\" \/>\n<script type=\"application\/ld+json\" class=\"yoast-schema-graph\">{\"@context\":\"https:\\\/\\\/schema.org\",\"@graph\":[{\"@type\":\"WebPage\",\"@id\":\"https:\\\/\\\/woedonline.nl\\\/es\\\/shop\\\/gafas-de-sol-de-madera\\\/wayfarer-es\\\/gafas-de-sol-wayfarer-stone-oak\\\/\",\"url\":\"https:\\\/\\\/woedonline.nl\\\/es\\\/shop\\\/gafas-de-sol-de-madera\\\/wayfarer-es\\\/gafas-de-sol-wayfarer-stone-oak\\\/\",\"name\":\"Gafas de sol Wayfarer | Stone Oak - Woed\",\"isPartOf\":{\"@id\":\"https:\\\/\\\/woedonline.nl\\\/es\\\/#website\"},\"primaryImageOfPage\":{\"@id\":\"https:\\\/\\\/woedonline.nl\\\/es\\\/shop\\\/gafas-de-sol-de-madera\\\/wayfarer-es\\\/gafas-de-sol-wayfarer-stone-oak\\\/#primaryimage\"},\"image\":{\"@id\":\"https:\\\/\\\/woedonline.nl\\\/es\\\/shop\\\/gafas-de-sol-de-madera\\\/wayfarer-es\\\/gafas-de-sol-wayfarer-stone-oak\\\/#primaryimage\"},\"thumbnailUrl\":\"https:\\\/\\\/woedonline.nl\\\/wp-content\\\/uploads\\\/2025\\\/04\\\/Woed-houten-zonnebril-Stone-Oak-1.jpg\",\"datePublished\":\"2025-04-02T09:03:11+00:00\",\"dateModified\":\"2026-03-10T08:59:36+00:00\",\"description\":\"Las gafas de sol Stone Oak de Woed combinan estilo y comodidad en un dise\u00f1o atemporal. La montura de pl\u00e1stico gris claro mate da un aspecto moderno, mientras que las patas de madera marr\u00f3n oscuro aportan un toque natural y lujoso.\",\"breadcrumb\":{\"@id\":\"https:\\\/\\\/woedonline.nl\\\/es\\\/shop\\\/gafas-de-sol-de-madera\\\/wayfarer-es\\\/gafas-de-sol-wayfarer-stone-oak\\\/#breadcrumb\"},\"inLanguage\":\"es\",\"potentialAction\":[{\"@type\":\"ReadAction\",\"target\":[\"https:\\\/\\\/woedonline.nl\\\/es\\\/shop\\\/gafas-de-sol-de-madera\\\/wayfarer-es\\\/gafas-de-sol-wayfarer-stone-oak\\\/\"]}]},{\"@type\":\"ImageObject\",\"inLanguage\":\"es\",\"@id\":\"https:\\\/\\\/woedonline.nl\\\/es\\\/shop\\\/gafas-de-sol-de-madera\\\/wayfarer-es\\\/gafas-de-sol-wayfarer-stone-oak\\\/#primaryimage\",\"url\":\"https:\\\/\\\/woedonline.nl\\\/wp-content\\\/uploads\\\/2025\\\/04\\\/Woed-houten-zonnebril-Stone-Oak-1.jpg\",\"contentUrl\":\"https:\\\/\\\/woedonline.nl\\\/wp-content\\\/uploads\\\/2025\\\/04\\\/Woed-houten-zonnebril-Stone-Oak-1.jpg\",\"width\":600,\"height\":600},{\"@type\":\"BreadcrumbList\",\"@id\":\"https:\\\/\\\/woedonline.nl\\\/es\\\/shop\\\/gafas-de-sol-de-madera\\\/wayfarer-es\\\/gafas-de-sol-wayfarer-stone-oak\\\/#breadcrumb\",\"itemListElement\":[{\"@type\":\"ListItem\",\"position\":1,\"name\":\"Inicio\",\"item\":\"https:\\\/\\\/woedonline.nl\\\/es\\\/\"},{\"@type\":\"ListItem\",\"position\":2,\"name\":\"Tienda\",\"item\":\"https:\\\/\\\/woedonline.nl\\\/es\\\/tienda\\\/\"},{\"@type\":\"ListItem\",\"position\":3,\"name\":\"Gafas de sol Wayfarer | Stone Oak\"}]},{\"@type\":\"WebSite\",\"@id\":\"https:\\\/\\\/woedonline.nl\\\/es\\\/#website\",\"url\":\"https:\\\/\\\/woedonline.nl\\\/es\\\/\",\"name\":\"Woed\",\"description\":\"Geen boomknuffels, wel een houten feestje voor jou\",\"publisher\":{\"@id\":\"https:\\\/\\\/woedonline.nl\\\/es\\\/#organization\"},\"alternateName\":\"W\",\"potentialAction\":[{\"@type\":\"SearchAction\",\"target\":{\"@type\":\"EntryPoint\",\"urlTemplate\":\"https:\\\/\\\/woedonline.nl\\\/es\\\/?s={search_term_string}\"},\"query-input\":{\"@type\":\"PropertyValueSpecification\",\"valueRequired\":true,\"valueName\":\"search_term_string\"}}],\"inLanguage\":\"es\"},{\"@type\":\"Organization\",\"@id\":\"https:\\\/\\\/woedonline.nl\\\/es\\\/#organization\",\"name\":\"Woed\",\"alternateName\":\"W\",\"url\":\"https:\\\/\\\/woedonline.nl\\\/es\\\/\",\"logo\":{\"@type\":\"ImageObject\",\"inLanguage\":\"es\",\"@id\":\"https:\\\/\\\/woedonline.nl\\\/es\\\/#\\\/schema\\\/logo\\\/image\\\/\",\"url\":\"https:\\\/\\\/woedonline.nl\\\/wp-content\\\/uploads\\\/2016\\\/05\\\/Wood-logo-name-png.png\",\"contentUrl\":\"https:\\\/\\\/woedonline.nl\\\/wp-content\\\/uploads\\\/2016\\\/05\\\/Wood-logo-name-png.png\",\"width\":250,\"height\":89,\"caption\":\"Woed\"},\"image\":{\"@id\":\"https:\\\/\\\/woedonline.nl\\\/es\\\/#\\\/schema\\\/logo\\\/image\\\/\"},\"sameAs\":[\"https:\\\/\\\/www.facebook.com\\\/Woedshop\\\/\",\"https:\\\/\\\/www.instagram.com\\\/woed.eu\"]}]}<\/script>\n<!-- \/ Yoast SEO plugin. -->","yoast_head_json":{"title":"Gafas de sol Wayfarer | Stone Oak - Woed","description":"Las gafas de sol Stone Oak de Woed combinan estilo y comodidad en un dise\u00f1o atemporal. La montura de pl\u00e1stico gris claro mate da un aspecto moderno, mientras que las patas de madera marr\u00f3n oscuro aportan un toque natural y lujoso.","robots":{"index":"index","follow":"follow","max-snippet":"max-snippet:-1","max-image-preview":"max-image-preview:large","max-video-preview":"max-video-preview:-1"},"canonical":"https:\/\/woedonline.nl\/es\/shop\/gafas-de-sol-de-madera\/wayfarer-es\/gafas-de-sol-wayfarer-stone-oak\/","og_locale":"es_ES","og_type":"article","og_title":"Gafas de sol Wayfarer | Stone Oak - Woed","og_description":"Las gafas de sol Stone Oak de Woed combinan estilo y comodidad en un dise\u00f1o atemporal. La montura de pl\u00e1stico gris claro mate da un aspecto moderno, mientras que las patas de madera marr\u00f3n oscuro aportan un toque natural y lujoso.","og_url":"https:\/\/woedonline.nl\/es\/shop\/gafas-de-sol-de-madera\/wayfarer-es\/gafas-de-sol-wayfarer-stone-oak\/","og_site_name":"Woed","article_publisher":"https:\/\/www.facebook.com\/Woedshop\/","article_modified_time":"2026-03-10T08:59:36+00:00","og_image":[{"width":600,"height":600,"url":"https:\/\/woedonline.nl\/wp-content\/uploads\/2025\/04\/Woed-houten-zonnebril-Stone-Oak-1.jpg","type":"image\/jpeg"}],"twitter_card":"summary_large_image","twitter_misc":{"Tiempo de lectura":"1 minuto"},"schema":{"@context":"https:\/\/schema.org","@graph":[{"@type":"WebPage","@id":"https:\/\/woedonline.nl\/es\/shop\/gafas-de-sol-de-madera\/wayfarer-es\/gafas-de-sol-wayfarer-stone-oak\/","url":"https:\/\/woedonline.nl\/es\/shop\/gafas-de-sol-de-madera\/wayfarer-es\/gafas-de-sol-wayfarer-stone-oak\/","name":"Gafas de sol Wayfarer | Stone Oak - Woed","isPartOf":{"@id":"https:\/\/woedonline.nl\/es\/#website"},"primaryImageOfPage":{"@id":"https:\/\/woedonline.nl\/es\/shop\/gafas-de-sol-de-madera\/wayfarer-es\/gafas-de-sol-wayfarer-stone-oak\/#primaryimage"},"image":{"@id":"https:\/\/woedonline.nl\/es\/shop\/gafas-de-sol-de-madera\/wayfarer-es\/gafas-de-sol-wayfarer-stone-oak\/#primaryimage"},"thumbnailUrl":"https:\/\/woedonline.nl\/wp-content\/uploads\/2025\/04\/Woed-houten-zonnebril-Stone-Oak-1.jpg","datePublished":"2025-04-02T09:03:11+00:00","dateModified":"2026-03-10T08:59:36+00:00","description":"Las gafas de sol Stone Oak de Woed combinan estilo y comodidad en un dise\u00f1o atemporal. La montura de pl\u00e1stico gris claro mate da un aspecto moderno, mientras que las patas de madera marr\u00f3n oscuro aportan un toque natural y lujoso.","breadcrumb":{"@id":"https:\/\/woedonline.nl\/es\/shop\/gafas-de-sol-de-madera\/wayfarer-es\/gafas-de-sol-wayfarer-stone-oak\/#breadcrumb"},"inLanguage":"es","potentialAction":[{"@type":"ReadAction","target":["https:\/\/woedonline.nl\/es\/shop\/gafas-de-sol-de-madera\/wayfarer-es\/gafas-de-sol-wayfarer-stone-oak\/"]}]},{"@type":"ImageObject","inLanguage":"es","@id":"https:\/\/woedonline.nl\/es\/shop\/gafas-de-sol-de-madera\/wayfarer-es\/gafas-de-sol-wayfarer-stone-oak\/#primaryimage","url":"https:\/\/woedonline.nl\/wp-content\/uploads\/2025\/04\/Woed-houten-zonnebril-Stone-Oak-1.jpg","contentUrl":"https:\/\/woedonline.nl\/wp-content\/uploads\/2025\/04\/Woed-houten-zonnebril-Stone-Oak-1.jpg","width":600,"height":600},{"@type":"BreadcrumbList","@id":"https:\/\/woedonline.nl\/es\/shop\/gafas-de-sol-de-madera\/wayfarer-es\/gafas-de-sol-wayfarer-stone-oak\/#breadcrumb","itemListElement":[{"@type":"ListItem","position":1,"name":"Inicio","item":"https:\/\/woedonline.nl\/es\/"},{"@type":"ListItem","position":2,"name":"Tienda","item":"https:\/\/woedonline.nl\/es\/tienda\/"},{"@type":"ListItem","position":3,"name":"Gafas de sol Wayfarer | Stone Oak"}]},{"@type":"WebSite","@id":"https:\/\/woedonline.nl\/es\/#website","url":"https:\/\/woedonline.nl\/es\/","name":"Woed","description":"Geen boomknuffels, wel een houten feestje voor jou","publisher":{"@id":"https:\/\/woedonline.nl\/es\/#organization"},"alternateName":"W","potentialAction":[{"@type":"SearchAction","target":{"@type":"EntryPoint","urlTemplate":"https:\/\/woedonline.nl\/es\/?s={search_term_string}"},"query-input":{"@type":"PropertyValueSpecification","valueRequired":true,"valueName":"search_term_string"}}],"inLanguage":"es"},{"@type":"Organization","@id":"https:\/\/woedonline.nl\/es\/#organization","name":"Woed","alternateName":"W","url":"https:\/\/woedonline.nl\/es\/","logo":{"@type":"ImageObject","inLanguage":"es","@id":"https:\/\/woedonline.nl\/es\/#\/schema\/logo\/image\/","url":"https:\/\/woedonline.nl\/wp-content\/uploads\/2016\/05\/Wood-logo-name-png.png","contentUrl":"https:\/\/woedonline.nl\/wp-content\/uploads\/2016\/05\/Wood-logo-name-png.png","width":250,"height":89,"caption":"Woed"},"image":{"@id":"https:\/\/woedonline.nl\/es\/#\/schema\/logo\/image\/"},"sameAs":["https:\/\/www.facebook.com\/Woedshop\/","https:\/\/www.instagram.com\/woed.eu"]}]}},"_links":{"self":[{"href":"https:\/\/woedonline.nl\/es\/wp-json\/wp\/v2\/product\/399818","targetHints":{"allow":["GET"]}}],"collection":[{"href":"https:\/\/woedonline.nl\/es\/wp-json\/wp\/v2\/product"}],"about":[{"href":"https:\/\/woedonline.nl\/es\/wp-json\/wp\/v2\/types\/product"}],"replies":[{"embeddable":true,"href":"https:\/\/woedonline.nl\/es\/wp-json\/wp\/v2\/comments?post=399818"}],"wp:featuredmedia":[{"embeddable":true,"href":"https:\/\/woedonline.nl\/es\/wp-json\/wp\/v2\/media\/399823"}],"wp:attachment":[{"href":"https:\/\/woedonline.nl\/es\/wp-json\/wp\/v2\/media?parent=399818"}],"wp:term":[{"taxonomy":"product_brand","embeddable":true,"href":"https:\/\/woedonline.nl\/es\/wp-json\/wp\/v2\/product_brand?post=399818"},{"taxonomy":"product_cat","embeddable":true,"href":"https:\/\/woedonline.nl\/es\/wp-json\/wp\/v2\/product_cat?post=399818"},{"taxonomy":"product_tag","embeddable":true,"href":"https:\/\/woedonline.nl\/es\/wp-json\/wp\/v2\/product_tag?post=399818"}],"curies":[{"name":"wp","href":"https:\/\/api.w.org\/{rel}","templated":true}]}}