{"id":399808,"date":"2025-03-19T09:20:29","date_gmt":"2025-03-19T08:20:29","guid":{"rendered":"https:\/\/woedonline.nl\/shop\/sin%20categor\u00eda\/strapback-yuio\/"},"modified":"2026-03-31T14:40:39","modified_gmt":"2026-03-31T12:40:39","slug":"strapback-yuio","status":"publish","type":"product","link":"https:\/\/woedonline.nl\/es\/shop\/todas-las-gorras-y-sombreros\/correa\/strapback-yuio\/","title":{"rendered":"Strapback | YUIO"},"content":{"rendered":"<p data-start=\"171\" data-end=\"429\">Descubre la <strong data-start=\"181\" data-end=\"209\">gorra Woed Snapback Cap - YUIO<\/strong>, una colaboraci\u00f3n exclusiva entre Woed y el artista belga <strong data-start=\"278\" data-end=\"286\">YUIO<\/strong>. Esta <strong data-start=\"293\" data-end=\"313\">snapback premium<\/strong> est\u00e1 pensada para los amantes del streetwear y el arte, con un dise\u00f1o \u00fanico que combina estilo y creatividad. <\/p>\n<p data-start=\"431\" data-end=\"577\"><strong data-start=\"433\" data-end=\"460\">Materiales de alta calidad<\/strong> - La gorra est\u00e1 fabricada con <strong data-start=\"485\" data-end=\"522\">tejido acr\u00edlico rojo burdeos duradero<\/strong>, que garantiza un ajuste c\u00f3modo y seguro.<\/p>\n<ul>\n<li data-start=\"579\" data-end=\"725\"><strong data-start=\"581\" data-end=\"608\">Logotipo Woed<\/strong> <strong data-start=\"648\" data-end=\"675\">bordado en 3D<\/strong>- La parte delantera de la gorra presenta un <strong data-start=\"648\" data-end=\"675\">logotipo Woed bordado en 3D<\/strong>, inspirado en el estilo caracter\u00edstico de YUIO.<\/li>\n<li data-start=\"727\" data-end=\"899\">Solapa de <strong data-start=\"729\" data-end=\"756\">corcho<\/strong> <strong data-start=\"805\" data-end=\"841\">marr\u00f3n claro<\/strong>- La parte superior de la solapa est\u00e1 acabada con un <strong data-start=\"805\" data-end=\"841\">revestimiento de corcho natural marr\u00f3n claro<\/strong>, que confiere al gorro un aspecto \u00fanico y elegante.<\/li>\n<li data-start=\"901\" data-end=\"1053\"><strong data-start=\"903\" data-end=\"933\">Obra de arte exclusiva de YUIO<\/strong> - La parte inferior de la solapa presenta <strong data-start=\"971\" data-end=\"994\">una obra de arte hecha a mano<\/strong> por YUIO, conocido por su estilo colorido y din\u00e1mico.<\/li>\n<li data-start=\"1055\" data-end=\"1177\"><strong data-start=\"1057\" data-end=\"1086\">Correa de tela ajustable<\/strong> - Gracias a la <strong data-start=\"1100\" data-end=\"1139\">correa ajustable de la parte posterior<\/strong>, esta gorra se adapta perfectamente a cualquier cabeza.<\/li>\n<\/ul>\n<h3 data-start=\"1179\" data-end=\"1209\"><strong data-start=\"1183\" data-end=\"1207\">Sobre el artista YUIO<\/strong><\/h3>\n<p data-start=\"1210\" data-end=\"1497\">YUIO comenz\u00f3 su carrera como dibujante y es conocido por sus ilustraciones vivaces y juguetonas. Su obra es una mezcla de <strong data-start=\"1337\" data-end=\"1372\">color, movimiento y creatividad<\/strong>, y experimenta constantemente con nuevas formas e ideas. Esto se refleja en el dise\u00f1o de esta exclusiva snapback.  <\/p>\n<p data-start=\"1545\" data-end=\"1697\">Ponte una obra de arte con la <strong data-start=\"1575\" data-end=\"1603\">gorra Woed Snapback Cap - YUIO<\/strong> y \u00a1deja que tu estilo hable por s\u00ed solo! P\u00eddela ahora y completa tu atuendo con esta pieza \u00fanica que atraer\u00e1 todas las miradas. <\/p>\n","protected":false},"excerpt":{"rendered":"<p><i class=\"ri-checkbox-circle-fill\" data-text-color=\"primary\"><\/i>Talla adulto 56-62cm<\/p>\n<p><i class=\"ri-checkbox-circle-fill\" data-text-color=\"primary\"><\/i>Fabricado con corcho aut\u00e9ntico<\/p>\n<p><i class=\"ri-checkbox-circle-fill\" data-text-color=\"primary\"><\/i>Materiales de alta calidad<\/p>\n","protected":false},"featured_media":399815,"comment_status":"open","ping_status":"closed","template":"","meta":[],"product_brand":[],"product_cat":[1355,1338],"product_tag":[],"class_list":{"0":"post-399808","1":"product","2":"type-product","3":"status-publish","4":"has-post-thumbnail","6":"product_cat-correa","7":"product_cat-todas-las-gorras-y-sombreros","8":"product_shipping_class-paquete","10":"first","11":"outofstock","12":"taxable","13":"shipping-taxable","14":"purchasable","15":"product-type-simple"},"yoast_head":"<!-- This site is optimized with the Yoast SEO plugin v27.4 - https:\/\/yoast.com\/product\/yoast-seo-wordpress\/ -->\n<title>Strapback | YUIO - Woed<\/title>\n<meta name=\"description\" content=\"Descubre la gorra Woed Snapback Cap - YUIO, una colaboraci\u00f3n exclusiva entre Woed y el artista belga YUIO. Esta snapback premium est\u00e1 pensada para los amantes del streetwear y el arte, con un dise\u00f1o \u00fanico que combina estilo y creatividad.\" \/>\n<meta name=\"robots\" content=\"index, follow, max-snippet:-1, max-image-preview:large, max-video-preview:-1\" \/>\n<link rel=\"canonical\" href=\"https:\/\/woedonline.nl\/es\/shop\/todas-las-gorras-y-sombreros\/correa\/strapback-yuio\/\" \/>\n<meta property=\"og:locale\" content=\"es_ES\" \/>\n<meta property=\"og:type\" content=\"article\" \/>\n<meta property=\"og:title\" content=\"Strapback | YUIO - Woed\" \/>\n<meta property=\"og:description\" content=\"Descubre la gorra Woed Snapback Cap - YUIO, una colaboraci\u00f3n exclusiva entre Woed y el artista belga YUIO. Esta snapback premium est\u00e1 pensada para los amantes del streetwear y el arte, con un dise\u00f1o \u00fanico que combina estilo y creatividad.\" \/>\n<meta property=\"og:url\" content=\"https:\/\/woedonline.nl\/es\/shop\/todas-las-gorras-y-sombreros\/correa\/strapback-yuio\/\" \/>\n<meta property=\"og:site_name\" content=\"Woed\" \/>\n<meta property=\"article:publisher\" content=\"https:\/\/www.facebook.com\/Woedshop\/\" \/>\n<meta property=\"article:modified_time\" content=\"2026-03-31T12:40:39+00:00\" \/>\n<meta property=\"og:image\" content=\"https:\/\/woedonline.nl\/wp-content\/uploads\/2025\/03\/Strapback-Yuio-1.jpg\" \/>\n\t<meta property=\"og:image:width\" content=\"600\" \/>\n\t<meta property=\"og:image:height\" content=\"600\" \/>\n\t<meta property=\"og:image:type\" content=\"image\/jpeg\" \/>\n<meta name=\"twitter:card\" content=\"summary_large_image\" \/>\n<meta name=\"twitter:label1\" content=\"Tiempo de lectura\" \/>\n\t<meta name=\"twitter:data1\" content=\"1 minuto\" \/>\n<script type=\"application\/ld+json\" class=\"yoast-schema-graph\">{\"@context\":\"https:\\\/\\\/schema.org\",\"@graph\":[{\"@type\":\"WebPage\",\"@id\":\"https:\\\/\\\/woedonline.nl\\\/es\\\/shop\\\/todas-las-gorras-y-sombreros\\\/correa\\\/strapback-yuio\\\/\",\"url\":\"https:\\\/\\\/woedonline.nl\\\/es\\\/shop\\\/todas-las-gorras-y-sombreros\\\/correa\\\/strapback-yuio\\\/\",\"name\":\"Strapback | YUIO - Woed\",\"isPartOf\":{\"@id\":\"https:\\\/\\\/woedonline.nl\\\/es\\\/#website\"},\"primaryImageOfPage\":{\"@id\":\"https:\\\/\\\/woedonline.nl\\\/es\\\/shop\\\/todas-las-gorras-y-sombreros\\\/correa\\\/strapback-yuio\\\/#primaryimage\"},\"image\":{\"@id\":\"https:\\\/\\\/woedonline.nl\\\/es\\\/shop\\\/todas-las-gorras-y-sombreros\\\/correa\\\/strapback-yuio\\\/#primaryimage\"},\"thumbnailUrl\":\"https:\\\/\\\/woedonline.nl\\\/wp-content\\\/uploads\\\/2025\\\/03\\\/Strapback-Yuio-1.jpg\",\"datePublished\":\"2025-03-19T08:20:29+00:00\",\"dateModified\":\"2026-03-31T12:40:39+00:00\",\"description\":\"Descubre la gorra Woed Snapback Cap - YUIO, una colaboraci\u00f3n exclusiva entre Woed y el artista belga YUIO. Esta snapback premium est\u00e1 pensada para los amantes del streetwear y el arte, con un dise\u00f1o \u00fanico que combina estilo y creatividad.\",\"breadcrumb\":{\"@id\":\"https:\\\/\\\/woedonline.nl\\\/es\\\/shop\\\/todas-las-gorras-y-sombreros\\\/correa\\\/strapback-yuio\\\/#breadcrumb\"},\"inLanguage\":\"es\",\"potentialAction\":[{\"@type\":\"ReadAction\",\"target\":[\"https:\\\/\\\/woedonline.nl\\\/es\\\/shop\\\/todas-las-gorras-y-sombreros\\\/correa\\\/strapback-yuio\\\/\"]}]},{\"@type\":\"ImageObject\",\"inLanguage\":\"es\",\"@id\":\"https:\\\/\\\/woedonline.nl\\\/es\\\/shop\\\/todas-las-gorras-y-sombreros\\\/correa\\\/strapback-yuio\\\/#primaryimage\",\"url\":\"https:\\\/\\\/woedonline.nl\\\/wp-content\\\/uploads\\\/2025\\\/03\\\/Strapback-Yuio-1.jpg\",\"contentUrl\":\"https:\\\/\\\/woedonline.nl\\\/wp-content\\\/uploads\\\/2025\\\/03\\\/Strapback-Yuio-1.jpg\",\"width\":600,\"height\":600,\"caption\":\"Strapback cap Yuio 1\"},{\"@type\":\"BreadcrumbList\",\"@id\":\"https:\\\/\\\/woedonline.nl\\\/es\\\/shop\\\/todas-las-gorras-y-sombreros\\\/correa\\\/strapback-yuio\\\/#breadcrumb\",\"itemListElement\":[{\"@type\":\"ListItem\",\"position\":1,\"name\":\"Inicio\",\"item\":\"https:\\\/\\\/woedonline.nl\\\/es\\\/\"},{\"@type\":\"ListItem\",\"position\":2,\"name\":\"Tienda\",\"item\":\"https:\\\/\\\/woedonline.nl\\\/es\\\/tienda\\\/\"},{\"@type\":\"ListItem\",\"position\":3,\"name\":\"Strapback | YUIO\"}]},{\"@type\":\"WebSite\",\"@id\":\"https:\\\/\\\/woedonline.nl\\\/es\\\/#website\",\"url\":\"https:\\\/\\\/woedonline.nl\\\/es\\\/\",\"name\":\"Woed\",\"description\":\"Geen boomknuffels, wel een houten feestje voor jou\",\"publisher\":{\"@id\":\"https:\\\/\\\/woedonline.nl\\\/es\\\/#organization\"},\"alternateName\":\"W\",\"potentialAction\":[{\"@type\":\"SearchAction\",\"target\":{\"@type\":\"EntryPoint\",\"urlTemplate\":\"https:\\\/\\\/woedonline.nl\\\/es\\\/?s={search_term_string}\"},\"query-input\":{\"@type\":\"PropertyValueSpecification\",\"valueRequired\":true,\"valueName\":\"search_term_string\"}}],\"inLanguage\":\"es\"},{\"@type\":\"Organization\",\"@id\":\"https:\\\/\\\/woedonline.nl\\\/es\\\/#organization\",\"name\":\"Woed\",\"alternateName\":\"W\",\"url\":\"https:\\\/\\\/woedonline.nl\\\/es\\\/\",\"logo\":{\"@type\":\"ImageObject\",\"inLanguage\":\"es\",\"@id\":\"https:\\\/\\\/woedonline.nl\\\/es\\\/#\\\/schema\\\/logo\\\/image\\\/\",\"url\":\"https:\\\/\\\/woedonline.nl\\\/wp-content\\\/uploads\\\/2016\\\/05\\\/Wood-logo-name-png.png\",\"contentUrl\":\"https:\\\/\\\/woedonline.nl\\\/wp-content\\\/uploads\\\/2016\\\/05\\\/Wood-logo-name-png.png\",\"width\":250,\"height\":89,\"caption\":\"Woed\"},\"image\":{\"@id\":\"https:\\\/\\\/woedonline.nl\\\/es\\\/#\\\/schema\\\/logo\\\/image\\\/\"},\"sameAs\":[\"https:\\\/\\\/www.facebook.com\\\/Woedshop\\\/\",\"https:\\\/\\\/www.instagram.com\\\/woed.eu\"]}]}<\/script>\n<!-- \/ Yoast SEO plugin. -->","yoast_head_json":{"title":"Strapback | YUIO - Woed","description":"Descubre la gorra Woed Snapback Cap - YUIO, una colaboraci\u00f3n exclusiva entre Woed y el artista belga YUIO. Esta snapback premium est\u00e1 pensada para los amantes del streetwear y el arte, con un dise\u00f1o \u00fanico que combina estilo y creatividad.","robots":{"index":"index","follow":"follow","max-snippet":"max-snippet:-1","max-image-preview":"max-image-preview:large","max-video-preview":"max-video-preview:-1"},"canonical":"https:\/\/woedonline.nl\/es\/shop\/todas-las-gorras-y-sombreros\/correa\/strapback-yuio\/","og_locale":"es_ES","og_type":"article","og_title":"Strapback | YUIO - Woed","og_description":"Descubre la gorra Woed Snapback Cap - YUIO, una colaboraci\u00f3n exclusiva entre Woed y el artista belga YUIO. Esta snapback premium est\u00e1 pensada para los amantes del streetwear y el arte, con un dise\u00f1o \u00fanico que combina estilo y creatividad.","og_url":"https:\/\/woedonline.nl\/es\/shop\/todas-las-gorras-y-sombreros\/correa\/strapback-yuio\/","og_site_name":"Woed","article_publisher":"https:\/\/www.facebook.com\/Woedshop\/","article_modified_time":"2026-03-31T12:40:39+00:00","og_image":[{"width":600,"height":600,"url":"https:\/\/woedonline.nl\/wp-content\/uploads\/2025\/03\/Strapback-Yuio-1.jpg","type":"image\/jpeg"}],"twitter_card":"summary_large_image","twitter_misc":{"Tiempo de lectura":"1 minuto"},"schema":{"@context":"https:\/\/schema.org","@graph":[{"@type":"WebPage","@id":"https:\/\/woedonline.nl\/es\/shop\/todas-las-gorras-y-sombreros\/correa\/strapback-yuio\/","url":"https:\/\/woedonline.nl\/es\/shop\/todas-las-gorras-y-sombreros\/correa\/strapback-yuio\/","name":"Strapback | YUIO - Woed","isPartOf":{"@id":"https:\/\/woedonline.nl\/es\/#website"},"primaryImageOfPage":{"@id":"https:\/\/woedonline.nl\/es\/shop\/todas-las-gorras-y-sombreros\/correa\/strapback-yuio\/#primaryimage"},"image":{"@id":"https:\/\/woedonline.nl\/es\/shop\/todas-las-gorras-y-sombreros\/correa\/strapback-yuio\/#primaryimage"},"thumbnailUrl":"https:\/\/woedonline.nl\/wp-content\/uploads\/2025\/03\/Strapback-Yuio-1.jpg","datePublished":"2025-03-19T08:20:29+00:00","dateModified":"2026-03-31T12:40:39+00:00","description":"Descubre la gorra Woed Snapback Cap - YUIO, una colaboraci\u00f3n exclusiva entre Woed y el artista belga YUIO. Esta snapback premium est\u00e1 pensada para los amantes del streetwear y el arte, con un dise\u00f1o \u00fanico que combina estilo y creatividad.","breadcrumb":{"@id":"https:\/\/woedonline.nl\/es\/shop\/todas-las-gorras-y-sombreros\/correa\/strapback-yuio\/#breadcrumb"},"inLanguage":"es","potentialAction":[{"@type":"ReadAction","target":["https:\/\/woedonline.nl\/es\/shop\/todas-las-gorras-y-sombreros\/correa\/strapback-yuio\/"]}]},{"@type":"ImageObject","inLanguage":"es","@id":"https:\/\/woedonline.nl\/es\/shop\/todas-las-gorras-y-sombreros\/correa\/strapback-yuio\/#primaryimage","url":"https:\/\/woedonline.nl\/wp-content\/uploads\/2025\/03\/Strapback-Yuio-1.jpg","contentUrl":"https:\/\/woedonline.nl\/wp-content\/uploads\/2025\/03\/Strapback-Yuio-1.jpg","width":600,"height":600,"caption":"Strapback cap Yuio 1"},{"@type":"BreadcrumbList","@id":"https:\/\/woedonline.nl\/es\/shop\/todas-las-gorras-y-sombreros\/correa\/strapback-yuio\/#breadcrumb","itemListElement":[{"@type":"ListItem","position":1,"name":"Inicio","item":"https:\/\/woedonline.nl\/es\/"},{"@type":"ListItem","position":2,"name":"Tienda","item":"https:\/\/woedonline.nl\/es\/tienda\/"},{"@type":"ListItem","position":3,"name":"Strapback | YUIO"}]},{"@type":"WebSite","@id":"https:\/\/woedonline.nl\/es\/#website","url":"https:\/\/woedonline.nl\/es\/","name":"Woed","description":"Geen boomknuffels, wel een houten feestje voor jou","publisher":{"@id":"https:\/\/woedonline.nl\/es\/#organization"},"alternateName":"W","potentialAction":[{"@type":"SearchAction","target":{"@type":"EntryPoint","urlTemplate":"https:\/\/woedonline.nl\/es\/?s={search_term_string}"},"query-input":{"@type":"PropertyValueSpecification","valueRequired":true,"valueName":"search_term_string"}}],"inLanguage":"es"},{"@type":"Organization","@id":"https:\/\/woedonline.nl\/es\/#organization","name":"Woed","alternateName":"W","url":"https:\/\/woedonline.nl\/es\/","logo":{"@type":"ImageObject","inLanguage":"es","@id":"https:\/\/woedonline.nl\/es\/#\/schema\/logo\/image\/","url":"https:\/\/woedonline.nl\/wp-content\/uploads\/2016\/05\/Wood-logo-name-png.png","contentUrl":"https:\/\/woedonline.nl\/wp-content\/uploads\/2016\/05\/Wood-logo-name-png.png","width":250,"height":89,"caption":"Woed"},"image":{"@id":"https:\/\/woedonline.nl\/es\/#\/schema\/logo\/image\/"},"sameAs":["https:\/\/www.facebook.com\/Woedshop\/","https:\/\/www.instagram.com\/woed.eu"]}]}},"_links":{"self":[{"href":"https:\/\/woedonline.nl\/es\/wp-json\/wp\/v2\/product\/399808","targetHints":{"allow":["GET"]}}],"collection":[{"href":"https:\/\/woedonline.nl\/es\/wp-json\/wp\/v2\/product"}],"about":[{"href":"https:\/\/woedonline.nl\/es\/wp-json\/wp\/v2\/types\/product"}],"replies":[{"embeddable":true,"href":"https:\/\/woedonline.nl\/es\/wp-json\/wp\/v2\/comments?post=399808"}],"wp:featuredmedia":[{"embeddable":true,"href":"https:\/\/woedonline.nl\/es\/wp-json\/wp\/v2\/media\/399815"}],"wp:attachment":[{"href":"https:\/\/woedonline.nl\/es\/wp-json\/wp\/v2\/media?parent=399808"}],"wp:term":[{"taxonomy":"product_brand","embeddable":true,"href":"https:\/\/woedonline.nl\/es\/wp-json\/wp\/v2\/product_brand?post=399808"},{"taxonomy":"product_cat","embeddable":true,"href":"https:\/\/woedonline.nl\/es\/wp-json\/wp\/v2\/product_cat?post=399808"},{"taxonomy":"product_tag","embeddable":true,"href":"https:\/\/woedonline.nl\/es\/wp-json\/wp\/v2\/product_tag?post=399808"}],"curies":[{"name":"wp","href":"https:\/\/api.w.org\/{rel}","templated":true}]}}