{"id":399767,"date":"2025-02-13T14:14:43","date_gmt":"2025-02-13T13:14:43","guid":{"rendered":"https:\/\/woedonline.nl\/shop\/sin categor\u00eda\/snapback-junior-lauran\/"},"modified":"2025-02-13T14:14:43","modified_gmt":"2025-02-13T13:14:43","slug":"snapback-junior-lauran","status":"publish","type":"product","link":"https:\/\/woedonline.nl\/es\/shop\/todas-las-gorras-y-sombreros\/snapback-es\/snapback-junior-lauran\/","title":{"rendered":"Snapback | JUNIOR | LAURAN"},"content":{"rendered":"<p><strong>Gorra Woed Snapback - LAURAN (Talla infantil 2-8 a\u00f1os)<\/strong><\/p>\n<p>La gorra snapback Woed LAURAN est\u00e1 especialmente dise\u00f1ada para ni\u00f1os de 2 a 8 a\u00f1os y combina estilo, comodidad y durabilidad. Fabricada con materiales de alta calidad, esta gorra infantil \u00fanica es perfecta para ni\u00f1os activos a los que les gusta un look a la \u00faltima. <\/p>\n<p>La gorra tiene un fresco tejido vaquero azul claro que crea un aspecto juguet\u00f3n y fresco. En la parte delantera hay un parche de cuero con el reconocible logotipo Woed, que a\u00f1ade un toque sutil y elegante. La visera est\u00e1 acabada con un tejido de algod\u00f3n marr\u00f3n claro en la parte superior, mientras que la parte inferior presenta un revestimiento de corcho del mismo tono. Esto no s\u00f3lo da a la gorra un aspecto \u00fanico, sino que tambi\u00e9n la hace m\u00e1s duradera.   <\/p>\n<p>Gracias al cierre a presi\u00f3n de pl\u00e1stico ajustable en la parte posterior, el gorro crece f\u00e1cilmente con tu hijo, manteniendo un ajuste perfecto a medida que crece.<\/p>\n<p><strong>\u00bfPor qu\u00e9 elegir la gorra snapback para ni\u00f1os Woed LAURAN?<\/strong><\/p>\n<ul>\n<li>\u2714 <strong>Fabricado con materiales de alta calidad<\/strong>: Tejido vaquero azul claro, detalles de algod\u00f3n y corcho resistente.<\/li>\n<li>\u2714 <strong>Ajuste perfecto<\/strong>: adecuado para ni\u00f1os de 2 a 8 a\u00f1os gracias a la hebilla ajustable.<\/li>\n<li>\u2714 <strong>Look \u00fanico<\/strong>: Genial combinaci\u00f3n de tela vaquera y corcho con un logo Woed de piel.<\/li>\n<li>\u2714 <strong>Ideal para el uso diario<\/strong>: c\u00f3modo, elegante y suficientemente resistente para aventuras activas.<\/li>\n<\/ul>\n<p>Deja que tu hijo destaque con la gorra snapback Woed LAURAN: \u00a1la mezcla perfecta de calidad y estilo contempor\u00e1neo! P\u00eddela ahora y regala a tu peque\u00f1o creador de tendencias una gorra que se adapte totalmente a \u00e9l. <\/p>\n<p><em>Consejo: Esta gorra tambi\u00e9n es un regalo estupendo para cumplea\u00f1os u ocasiones especiales.<\/em><\/p>\n","protected":false},"excerpt":{"rendered":"<p><i class=\"icon-star\" style=\"color: blue;\"><\/i>Gorro de 6 paneles<br \/>\n<i class=\"icon-checkmark\" style=\"color: green;\"><\/i>De 2 a\u00f1os a 7 a\u00f1os - (49-52 cm)<br \/>\n<i class=\"icon-checkmark\" style=\"color: green;\"><\/i> Alta calidad<br \/>\n<i class=\"icon-checkmark\" style=\"color: green;\"><\/i> Material 100% natural<br \/>\n<i class=\"icon-checkmark\" style=\"color: green;\"><\/i> Fabricado con corcho aut\u00e9ntico<br \/>\n<i class=\"icon-checkmark\" style=\"color: green;\"><\/i> Ligero y c\u00f3modo<br \/>\n<i class=\"icon-heart-o\" style=\"color: red;\"><\/i> Dise\u00f1ado en Holanda<\/p>\n","protected":false},"featured_media":399772,"comment_status":"open","ping_status":"closed","template":"","meta":[],"product_brand":[],"product_cat":[1390,1335,1338],"product_tag":[],"class_list":{"0":"post-399767","1":"product","2":"type-product","3":"status-publish","4":"has-post-thumbnail","6":"product_cat-gorros-junior","7":"product_cat-snapback-es","8":"product_cat-todas-las-gorras-y-sombreros","9":"product_shipping_class-paquete","11":"first","12":"instock","13":"taxable","14":"shipping-taxable","15":"purchasable","16":"product-type-simple"},"yoast_head":"<!-- This site is optimized with the Yoast SEO plugin v27.4 - https:\/\/yoast.com\/product\/yoast-seo-wordpress\/ -->\n<title>Snapback | JUNIOR | LAURAN - Woed<\/title>\n<meta name=\"description\" content=\"La gorra snapback Woed LAURAN est\u00e1 especialmente dise\u00f1ada para ni\u00f1os de 2 a 8 a\u00f1os y combina estilo, comodidad y durabilidad. Fabricada con materiales de alta calidad, esta gorra infantil \u00fanica es perfecta para ni\u00f1os activos a los que les gusta un look a la \u00faltima.\" \/>\n<meta name=\"robots\" content=\"index, follow, max-snippet:-1, max-image-preview:large, max-video-preview:-1\" \/>\n<link rel=\"canonical\" href=\"https:\/\/woedonline.nl\/es\/shop\/todas-las-gorras-y-sombreros\/snapback-es\/snapback-junior-lauran\/\" \/>\n<meta property=\"og:locale\" content=\"es_ES\" \/>\n<meta property=\"og:type\" content=\"article\" \/>\n<meta property=\"og:title\" content=\"Snapback | JUNIOR | LAURAN - Woed\" \/>\n<meta property=\"og:description\" content=\"La gorra snapback Woed LAURAN est\u00e1 especialmente dise\u00f1ada para ni\u00f1os de 2 a 8 a\u00f1os y combina estilo, comodidad y durabilidad. Fabricada con materiales de alta calidad, esta gorra infantil \u00fanica es perfecta para ni\u00f1os activos a los que les gusta un look a la \u00faltima.\" \/>\n<meta property=\"og:url\" content=\"https:\/\/woedonline.nl\/es\/shop\/todas-las-gorras-y-sombreros\/snapback-es\/snapback-junior-lauran\/\" \/>\n<meta property=\"og:site_name\" content=\"Woed\" \/>\n<meta property=\"article:publisher\" content=\"https:\/\/www.facebook.com\/Woedshop\/\" \/>\n<meta property=\"og:image\" content=\"https:\/\/woedonline.nl\/wp-content\/uploads\/2025\/02\/Woed-Junior-LAURAN-1-e1742477187432.jpg\" \/>\n\t<meta property=\"og:image:width\" content=\"600\" \/>\n\t<meta property=\"og:image:height\" content=\"600\" \/>\n\t<meta property=\"og:image:type\" content=\"image\/jpeg\" \/>\n<meta name=\"twitter:card\" content=\"summary_large_image\" \/>\n<meta name=\"twitter:label1\" content=\"Tiempo de lectura\" \/>\n\t<meta name=\"twitter:data1\" content=\"2 minuto\" \/>\n<script type=\"application\/ld+json\" class=\"yoast-schema-graph\">{\"@context\":\"https:\\\/\\\/schema.org\",\"@graph\":[{\"@type\":\"WebPage\",\"@id\":\"https:\\\/\\\/woedonline.nl\\\/es\\\/shop\\\/todas-las-gorras-y-sombreros\\\/snapback-es\\\/snapback-junior-lauran\\\/\",\"url\":\"https:\\\/\\\/woedonline.nl\\\/es\\\/shop\\\/todas-las-gorras-y-sombreros\\\/snapback-es\\\/snapback-junior-lauran\\\/\",\"name\":\"Snapback | JUNIOR | LAURAN - Woed\",\"isPartOf\":{\"@id\":\"https:\\\/\\\/woedonline.nl\\\/es\\\/#website\"},\"primaryImageOfPage\":{\"@id\":\"https:\\\/\\\/woedonline.nl\\\/es\\\/shop\\\/todas-las-gorras-y-sombreros\\\/snapback-es\\\/snapback-junior-lauran\\\/#primaryimage\"},\"image\":{\"@id\":\"https:\\\/\\\/woedonline.nl\\\/es\\\/shop\\\/todas-las-gorras-y-sombreros\\\/snapback-es\\\/snapback-junior-lauran\\\/#primaryimage\"},\"thumbnailUrl\":\"https:\\\/\\\/woedonline.nl\\\/wp-content\\\/uploads\\\/2025\\\/02\\\/Woed-Junior-LAURAN-1-e1742477187432.jpg\",\"datePublished\":\"2025-02-13T13:14:43+00:00\",\"description\":\"La gorra snapback Woed LAURAN est\u00e1 especialmente dise\u00f1ada para ni\u00f1os de 2 a 8 a\u00f1os y combina estilo, comodidad y durabilidad. Fabricada con materiales de alta calidad, esta gorra infantil \u00fanica es perfecta para ni\u00f1os activos a los que les gusta un look a la \u00faltima.\",\"breadcrumb\":{\"@id\":\"https:\\\/\\\/woedonline.nl\\\/es\\\/shop\\\/todas-las-gorras-y-sombreros\\\/snapback-es\\\/snapback-junior-lauran\\\/#breadcrumb\"},\"inLanguage\":\"es\",\"potentialAction\":[{\"@type\":\"ReadAction\",\"target\":[\"https:\\\/\\\/woedonline.nl\\\/es\\\/shop\\\/todas-las-gorras-y-sombreros\\\/snapback-es\\\/snapback-junior-lauran\\\/\"]}]},{\"@type\":\"ImageObject\",\"inLanguage\":\"es\",\"@id\":\"https:\\\/\\\/woedonline.nl\\\/es\\\/shop\\\/todas-las-gorras-y-sombreros\\\/snapback-es\\\/snapback-junior-lauran\\\/#primaryimage\",\"url\":\"https:\\\/\\\/woedonline.nl\\\/wp-content\\\/uploads\\\/2025\\\/02\\\/Woed-Junior-LAURAN-1-e1742477187432.jpg\",\"contentUrl\":\"https:\\\/\\\/woedonline.nl\\\/wp-content\\\/uploads\\\/2025\\\/02\\\/Woed-Junior-LAURAN-1-e1742477187432.jpg\",\"width\":600,\"height\":600,\"caption\":\"Snapback cap Woed Junior LAURAN\"},{\"@type\":\"BreadcrumbList\",\"@id\":\"https:\\\/\\\/woedonline.nl\\\/es\\\/shop\\\/todas-las-gorras-y-sombreros\\\/snapback-es\\\/snapback-junior-lauran\\\/#breadcrumb\",\"itemListElement\":[{\"@type\":\"ListItem\",\"position\":1,\"name\":\"Inicio\",\"item\":\"https:\\\/\\\/woedonline.nl\\\/es\\\/\"},{\"@type\":\"ListItem\",\"position\":2,\"name\":\"Tienda\",\"item\":\"https:\\\/\\\/woedonline.nl\\\/es\\\/tienda\\\/\"},{\"@type\":\"ListItem\",\"position\":3,\"name\":\"Snapback | JUNIOR | LAURAN\"}]},{\"@type\":\"WebSite\",\"@id\":\"https:\\\/\\\/woedonline.nl\\\/es\\\/#website\",\"url\":\"https:\\\/\\\/woedonline.nl\\\/es\\\/\",\"name\":\"Woed\",\"description\":\"Geen boomknuffels, wel een houten feestje voor jou\",\"publisher\":{\"@id\":\"https:\\\/\\\/woedonline.nl\\\/es\\\/#organization\"},\"alternateName\":\"W\",\"potentialAction\":[{\"@type\":\"SearchAction\",\"target\":{\"@type\":\"EntryPoint\",\"urlTemplate\":\"https:\\\/\\\/woedonline.nl\\\/es\\\/?s={search_term_string}\"},\"query-input\":{\"@type\":\"PropertyValueSpecification\",\"valueRequired\":true,\"valueName\":\"search_term_string\"}}],\"inLanguage\":\"es\"},{\"@type\":\"Organization\",\"@id\":\"https:\\\/\\\/woedonline.nl\\\/es\\\/#organization\",\"name\":\"Woed\",\"alternateName\":\"W\",\"url\":\"https:\\\/\\\/woedonline.nl\\\/es\\\/\",\"logo\":{\"@type\":\"ImageObject\",\"inLanguage\":\"es\",\"@id\":\"https:\\\/\\\/woedonline.nl\\\/es\\\/#\\\/schema\\\/logo\\\/image\\\/\",\"url\":\"https:\\\/\\\/woedonline.nl\\\/wp-content\\\/uploads\\\/2016\\\/05\\\/Wood-logo-name-png.png\",\"contentUrl\":\"https:\\\/\\\/woedonline.nl\\\/wp-content\\\/uploads\\\/2016\\\/05\\\/Wood-logo-name-png.png\",\"width\":250,\"height\":89,\"caption\":\"Woed\"},\"image\":{\"@id\":\"https:\\\/\\\/woedonline.nl\\\/es\\\/#\\\/schema\\\/logo\\\/image\\\/\"},\"sameAs\":[\"https:\\\/\\\/www.facebook.com\\\/Woedshop\\\/\",\"https:\\\/\\\/www.instagram.com\\\/woed.eu\"]}]}<\/script>\n<!-- \/ Yoast SEO plugin. -->","yoast_head_json":{"title":"Snapback | JUNIOR | LAURAN - Woed","description":"La gorra snapback Woed LAURAN est\u00e1 especialmente dise\u00f1ada para ni\u00f1os de 2 a 8 a\u00f1os y combina estilo, comodidad y durabilidad. Fabricada con materiales de alta calidad, esta gorra infantil \u00fanica es perfecta para ni\u00f1os activos a los que les gusta un look a la \u00faltima.","robots":{"index":"index","follow":"follow","max-snippet":"max-snippet:-1","max-image-preview":"max-image-preview:large","max-video-preview":"max-video-preview:-1"},"canonical":"https:\/\/woedonline.nl\/es\/shop\/todas-las-gorras-y-sombreros\/snapback-es\/snapback-junior-lauran\/","og_locale":"es_ES","og_type":"article","og_title":"Snapback | JUNIOR | LAURAN - Woed","og_description":"La gorra snapback Woed LAURAN est\u00e1 especialmente dise\u00f1ada para ni\u00f1os de 2 a 8 a\u00f1os y combina estilo, comodidad y durabilidad. Fabricada con materiales de alta calidad, esta gorra infantil \u00fanica es perfecta para ni\u00f1os activos a los que les gusta un look a la \u00faltima.","og_url":"https:\/\/woedonline.nl\/es\/shop\/todas-las-gorras-y-sombreros\/snapback-es\/snapback-junior-lauran\/","og_site_name":"Woed","article_publisher":"https:\/\/www.facebook.com\/Woedshop\/","og_image":[{"width":600,"height":600,"url":"https:\/\/woedonline.nl\/wp-content\/uploads\/2025\/02\/Woed-Junior-LAURAN-1-e1742477187432.jpg","type":"image\/jpeg"}],"twitter_card":"summary_large_image","twitter_misc":{"Tiempo de lectura":"2 minuto"},"schema":{"@context":"https:\/\/schema.org","@graph":[{"@type":"WebPage","@id":"https:\/\/woedonline.nl\/es\/shop\/todas-las-gorras-y-sombreros\/snapback-es\/snapback-junior-lauran\/","url":"https:\/\/woedonline.nl\/es\/shop\/todas-las-gorras-y-sombreros\/snapback-es\/snapback-junior-lauran\/","name":"Snapback | JUNIOR | LAURAN - Woed","isPartOf":{"@id":"https:\/\/woedonline.nl\/es\/#website"},"primaryImageOfPage":{"@id":"https:\/\/woedonline.nl\/es\/shop\/todas-las-gorras-y-sombreros\/snapback-es\/snapback-junior-lauran\/#primaryimage"},"image":{"@id":"https:\/\/woedonline.nl\/es\/shop\/todas-las-gorras-y-sombreros\/snapback-es\/snapback-junior-lauran\/#primaryimage"},"thumbnailUrl":"https:\/\/woedonline.nl\/wp-content\/uploads\/2025\/02\/Woed-Junior-LAURAN-1-e1742477187432.jpg","datePublished":"2025-02-13T13:14:43+00:00","description":"La gorra snapback Woed LAURAN est\u00e1 especialmente dise\u00f1ada para ni\u00f1os de 2 a 8 a\u00f1os y combina estilo, comodidad y durabilidad. Fabricada con materiales de alta calidad, esta gorra infantil \u00fanica es perfecta para ni\u00f1os activos a los que les gusta un look a la \u00faltima.","breadcrumb":{"@id":"https:\/\/woedonline.nl\/es\/shop\/todas-las-gorras-y-sombreros\/snapback-es\/snapback-junior-lauran\/#breadcrumb"},"inLanguage":"es","potentialAction":[{"@type":"ReadAction","target":["https:\/\/woedonline.nl\/es\/shop\/todas-las-gorras-y-sombreros\/snapback-es\/snapback-junior-lauran\/"]}]},{"@type":"ImageObject","inLanguage":"es","@id":"https:\/\/woedonline.nl\/es\/shop\/todas-las-gorras-y-sombreros\/snapback-es\/snapback-junior-lauran\/#primaryimage","url":"https:\/\/woedonline.nl\/wp-content\/uploads\/2025\/02\/Woed-Junior-LAURAN-1-e1742477187432.jpg","contentUrl":"https:\/\/woedonline.nl\/wp-content\/uploads\/2025\/02\/Woed-Junior-LAURAN-1-e1742477187432.jpg","width":600,"height":600,"caption":"Snapback cap Woed Junior LAURAN"},{"@type":"BreadcrumbList","@id":"https:\/\/woedonline.nl\/es\/shop\/todas-las-gorras-y-sombreros\/snapback-es\/snapback-junior-lauran\/#breadcrumb","itemListElement":[{"@type":"ListItem","position":1,"name":"Inicio","item":"https:\/\/woedonline.nl\/es\/"},{"@type":"ListItem","position":2,"name":"Tienda","item":"https:\/\/woedonline.nl\/es\/tienda\/"},{"@type":"ListItem","position":3,"name":"Snapback | JUNIOR | LAURAN"}]},{"@type":"WebSite","@id":"https:\/\/woedonline.nl\/es\/#website","url":"https:\/\/woedonline.nl\/es\/","name":"Woed","description":"Geen boomknuffels, wel een houten feestje voor jou","publisher":{"@id":"https:\/\/woedonline.nl\/es\/#organization"},"alternateName":"W","potentialAction":[{"@type":"SearchAction","target":{"@type":"EntryPoint","urlTemplate":"https:\/\/woedonline.nl\/es\/?s={search_term_string}"},"query-input":{"@type":"PropertyValueSpecification","valueRequired":true,"valueName":"search_term_string"}}],"inLanguage":"es"},{"@type":"Organization","@id":"https:\/\/woedonline.nl\/es\/#organization","name":"Woed","alternateName":"W","url":"https:\/\/woedonline.nl\/es\/","logo":{"@type":"ImageObject","inLanguage":"es","@id":"https:\/\/woedonline.nl\/es\/#\/schema\/logo\/image\/","url":"https:\/\/woedonline.nl\/wp-content\/uploads\/2016\/05\/Wood-logo-name-png.png","contentUrl":"https:\/\/woedonline.nl\/wp-content\/uploads\/2016\/05\/Wood-logo-name-png.png","width":250,"height":89,"caption":"Woed"},"image":{"@id":"https:\/\/woedonline.nl\/es\/#\/schema\/logo\/image\/"},"sameAs":["https:\/\/www.facebook.com\/Woedshop\/","https:\/\/www.instagram.com\/woed.eu"]}]}},"_links":{"self":[{"href":"https:\/\/woedonline.nl\/es\/wp-json\/wp\/v2\/product\/399767","targetHints":{"allow":["GET"]}}],"collection":[{"href":"https:\/\/woedonline.nl\/es\/wp-json\/wp\/v2\/product"}],"about":[{"href":"https:\/\/woedonline.nl\/es\/wp-json\/wp\/v2\/types\/product"}],"replies":[{"embeddable":true,"href":"https:\/\/woedonline.nl\/es\/wp-json\/wp\/v2\/comments?post=399767"}],"wp:featuredmedia":[{"embeddable":true,"href":"https:\/\/woedonline.nl\/es\/wp-json\/wp\/v2\/media\/399772"}],"wp:attachment":[{"href":"https:\/\/woedonline.nl\/es\/wp-json\/wp\/v2\/media?parent=399767"}],"wp:term":[{"taxonomy":"product_brand","embeddable":true,"href":"https:\/\/woedonline.nl\/es\/wp-json\/wp\/v2\/product_brand?post=399767"},{"taxonomy":"product_cat","embeddable":true,"href":"https:\/\/woedonline.nl\/es\/wp-json\/wp\/v2\/product_cat?post=399767"},{"taxonomy":"product_tag","embeddable":true,"href":"https:\/\/woedonline.nl\/es\/wp-json\/wp\/v2\/product_tag?post=399767"}],"curies":[{"name":"wp","href":"https:\/\/api.w.org\/{rel}","templated":true}]}}