{"id":399766,"date":"2025-02-13T14:01:50","date_gmt":"2025-02-13T13:01:50","guid":{"rendered":"https:\/\/woedonline.nl\/shop\/sin categor\u00eda\/strapback-chaos\/"},"modified":"2026-01-30T16:05:32","modified_gmt":"2026-01-30T15:05:32","slug":"strapback-chaos","status":"publish","type":"product","link":"https:\/\/woedonline.nl\/es\/shop\/todas-las-gorras-y-sombreros\/correa\/strapback-chaos\/","title":{"rendered":"Strapback | CHAOS"},"content":{"rendered":"<p><strong>Gorra Woed Snapback - CHAOS: \u00a1Una explosi\u00f3n de estilo y color!<\/strong><\/p>\n<p>\u00a1Deja que tu personalidad hable por s\u00ed misma con la <em>Gorra Snapback Woed CHAOS<\/em>! Esta gorra \u00fanica combina un dise\u00f1o llamativo con materiales de alta calidad y comodidad, perfecta para cualquiera que se atreva a destacar.<\/p>\n<p>La gorra presenta un vibrante <strong>color verde lima<\/strong>, con un genial <strong>logotipo Woed bordado en 3D<\/strong> en la parte delantera. La <strong>parte superior de la gorra<\/strong> est\u00e1 acabada con un duradero corcho marr\u00f3n claro, mientras que la <strong>parte inferior<\/strong> te sorprende con una colorida y ca\u00f3tica ilustraci\u00f3n que combina a la perfecci\u00f3n con el nombre \u00abCHAOS\u00bb. <\/p>\n<p>Gracias al <strong>cierre de correa de tela<\/strong> en la parte trasera, puedes ajustar f\u00e1cilmente la gorra para conseguir el ajuste perfecto. Fabricada con resistente <strong>tejido acr\u00edlico<\/strong>, la gorra CHAOS no s\u00f3lo ofrece un aspecto moderno, sino tambi\u00e9n una comodidad duradera. <\/p>\n<p>Tanto si buscas un accesorio para completar tu atuendo como si quieres hacer una declaraci\u00f3n de intenciones, la <em>gorra Woed Snapback Cap CHAOS<\/em> es absolutamente imprescindible.<\/p>\n<p><strong>Lo m\u00e1s destacado:<\/strong><\/p>\n<ul>\n<li><strong>Color:<\/strong> verde lima con logotipo Woed bordado en 3D<\/li>\n<li><strong>Solapa superior:<\/strong> Corcho marr\u00f3n claro<\/li>\n<li><strong>Fondo de v\u00e1lvula:<\/strong> Obra de arte ca\u00f3tica y colorida<\/li>\n<li><strong>Material:<\/strong> Tejido acr\u00edlico<\/li>\n<li><strong>Cierre:<\/strong> Cierre de correa de tela, ajustable<\/li>\n<\/ul>\n<p>Lleva tu estilo al siguiente nivel con CHAOS, la gorra snapback que es tan \u00fanica como t\u00fa. \u00a1P\u00eddela ahora y a\u00f1ade un toque de Woed a tu look! <\/p>\n<p><em>Consejo: Comb\u00ednalo con otros accesorios Woed para completar tu look.<\/em><\/p>\n","protected":false},"excerpt":{"rendered":"<p><i class=\"ri-checkbox-circle-fill\" data-text-color=\"primary\"><\/i>Talla adulto 56-62cm<\/p>\n<p><i class=\"ri-checkbox-circle-fill\" data-text-color=\"primary\"><\/i>Fabricado con corcho aut\u00e9ntico<\/p>\n<p><i class=\"ri-checkbox-circle-fill\" data-text-color=\"primary\"><\/i>Materiales de alta calidad<\/p>\n","protected":false},"featured_media":399795,"comment_status":"open","ping_status":"closed","template":"","meta":[],"product_brand":[],"product_cat":[1355,1338],"product_tag":[],"class_list":{"0":"post-399766","1":"product","2":"type-product","3":"status-publish","4":"has-post-thumbnail","6":"product_cat-correa","7":"product_cat-todas-las-gorras-y-sombreros","8":"product_shipping_class-paquete","10":"first","11":"instock","12":"taxable","13":"shipping-taxable","14":"purchasable","15":"product-type-simple"},"yoast_head":"<!-- This site is optimized with the Yoast SEO plugin v27.5 - https:\/\/yoast.com\/product\/yoast-seo-wordpress\/ -->\n<title>Strapback | CHAOS - Woed<\/title>\n<meta name=\"description\" content=\"\u00a1Deja que tu personalidad hable por s\u00ed misma con la Gorra Snapback Woed CHAOS! Esta gorra \u00fanica combina un dise\u00f1o llamativo con materiales de alta calidad y comodidad, perfecta para cualquiera que se atreva a destacar.\" \/>\n<meta name=\"robots\" content=\"index, follow, max-snippet:-1, max-image-preview:large, max-video-preview:-1\" \/>\n<link rel=\"canonical\" href=\"https:\/\/woedonline.nl\/es\/shop\/todas-las-gorras-y-sombreros\/correa\/strapback-chaos\/\" \/>\n<meta property=\"og:locale\" content=\"es_ES\" \/>\n<meta property=\"og:type\" content=\"article\" \/>\n<meta property=\"og:title\" content=\"Strapback | CHAOS - Woed\" \/>\n<meta property=\"og:description\" content=\"\u00a1Deja que tu personalidad hable por s\u00ed misma con la Gorra Snapback Woed CHAOS! Esta gorra \u00fanica combina un dise\u00f1o llamativo con materiales de alta calidad y comodidad, perfecta para cualquiera que se atreva a destacar.\" \/>\n<meta property=\"og:url\" content=\"https:\/\/woedonline.nl\/es\/shop\/todas-las-gorras-y-sombreros\/correa\/strapback-chaos\/\" \/>\n<meta property=\"og:site_name\" content=\"Woed\" \/>\n<meta property=\"article:publisher\" content=\"https:\/\/www.facebook.com\/Woedshop\/\" \/>\n<meta property=\"article:modified_time\" content=\"2026-01-30T15:05:32+00:00\" \/>\n<meta property=\"og:image\" content=\"https:\/\/woedonline.nl\/wp-content\/uploads\/2025\/02\/Woed-CHAOS-1.jpg\" \/>\n\t<meta property=\"og:image:width\" content=\"800\" \/>\n\t<meta property=\"og:image:height\" content=\"800\" \/>\n\t<meta property=\"og:image:type\" content=\"image\/jpeg\" \/>\n<meta name=\"twitter:card\" content=\"summary_large_image\" \/>\n<meta name=\"twitter:label1\" content=\"Tiempo de lectura\" \/>\n\t<meta name=\"twitter:data1\" content=\"1 minuto\" \/>\n<script type=\"application\/ld+json\" class=\"yoast-schema-graph\">{\"@context\":\"https:\\\/\\\/schema.org\",\"@graph\":[{\"@type\":\"WebPage\",\"@id\":\"https:\\\/\\\/woedonline.nl\\\/es\\\/shop\\\/todas-las-gorras-y-sombreros\\\/correa\\\/strapback-chaos\\\/\",\"url\":\"https:\\\/\\\/woedonline.nl\\\/es\\\/shop\\\/todas-las-gorras-y-sombreros\\\/correa\\\/strapback-chaos\\\/\",\"name\":\"Strapback | CHAOS - Woed\",\"isPartOf\":{\"@id\":\"https:\\\/\\\/woedonline.nl\\\/es\\\/#website\"},\"primaryImageOfPage\":{\"@id\":\"https:\\\/\\\/woedonline.nl\\\/es\\\/shop\\\/todas-las-gorras-y-sombreros\\\/correa\\\/strapback-chaos\\\/#primaryimage\"},\"image\":{\"@id\":\"https:\\\/\\\/woedonline.nl\\\/es\\\/shop\\\/todas-las-gorras-y-sombreros\\\/correa\\\/strapback-chaos\\\/#primaryimage\"},\"thumbnailUrl\":\"https:\\\/\\\/woedonline.nl\\\/wp-content\\\/uploads\\\/2025\\\/02\\\/Woed-CHAOS-1.jpg\",\"datePublished\":\"2025-02-13T13:01:50+00:00\",\"dateModified\":\"2026-01-30T15:05:32+00:00\",\"description\":\"\u00a1Deja que tu personalidad hable por s\u00ed misma con la Gorra Snapback Woed CHAOS! Esta gorra \u00fanica combina un dise\u00f1o llamativo con materiales de alta calidad y comodidad, perfecta para cualquiera que se atreva a destacar.\",\"breadcrumb\":{\"@id\":\"https:\\\/\\\/woedonline.nl\\\/es\\\/shop\\\/todas-las-gorras-y-sombreros\\\/correa\\\/strapback-chaos\\\/#breadcrumb\"},\"inLanguage\":\"es\",\"potentialAction\":[{\"@type\":\"ReadAction\",\"target\":[\"https:\\\/\\\/woedonline.nl\\\/es\\\/shop\\\/todas-las-gorras-y-sombreros\\\/correa\\\/strapback-chaos\\\/\"]}]},{\"@type\":\"ImageObject\",\"inLanguage\":\"es\",\"@id\":\"https:\\\/\\\/woedonline.nl\\\/es\\\/shop\\\/todas-las-gorras-y-sombreros\\\/correa\\\/strapback-chaos\\\/#primaryimage\",\"url\":\"https:\\\/\\\/woedonline.nl\\\/wp-content\\\/uploads\\\/2025\\\/02\\\/Woed-CHAOS-1.jpg\",\"contentUrl\":\"https:\\\/\\\/woedonline.nl\\\/wp-content\\\/uploads\\\/2025\\\/02\\\/Woed-CHAOS-1.jpg\",\"width\":800,\"height\":800},{\"@type\":\"BreadcrumbList\",\"@id\":\"https:\\\/\\\/woedonline.nl\\\/es\\\/shop\\\/todas-las-gorras-y-sombreros\\\/correa\\\/strapback-chaos\\\/#breadcrumb\",\"itemListElement\":[{\"@type\":\"ListItem\",\"position\":1,\"name\":\"Inicio\",\"item\":\"https:\\\/\\\/woedonline.nl\\\/es\\\/\"},{\"@type\":\"ListItem\",\"position\":2,\"name\":\"Tienda\",\"item\":\"https:\\\/\\\/woedonline.nl\\\/es\\\/tienda\\\/\"},{\"@type\":\"ListItem\",\"position\":3,\"name\":\"Strapback | CHAOS\"}]},{\"@type\":\"WebSite\",\"@id\":\"https:\\\/\\\/woedonline.nl\\\/es\\\/#website\",\"url\":\"https:\\\/\\\/woedonline.nl\\\/es\\\/\",\"name\":\"Woed\",\"description\":\"Geen boomknuffels, wel een houten feestje voor jou\",\"publisher\":{\"@id\":\"https:\\\/\\\/woedonline.nl\\\/es\\\/#organization\"},\"alternateName\":\"W\",\"potentialAction\":[{\"@type\":\"SearchAction\",\"target\":{\"@type\":\"EntryPoint\",\"urlTemplate\":\"https:\\\/\\\/woedonline.nl\\\/es\\\/?s={search_term_string}\"},\"query-input\":{\"@type\":\"PropertyValueSpecification\",\"valueRequired\":true,\"valueName\":\"search_term_string\"}}],\"inLanguage\":\"es\"},{\"@type\":\"Organization\",\"@id\":\"https:\\\/\\\/woedonline.nl\\\/es\\\/#organization\",\"name\":\"Woed\",\"alternateName\":\"W\",\"url\":\"https:\\\/\\\/woedonline.nl\\\/es\\\/\",\"logo\":{\"@type\":\"ImageObject\",\"inLanguage\":\"es\",\"@id\":\"https:\\\/\\\/woedonline.nl\\\/es\\\/#\\\/schema\\\/logo\\\/image\\\/\",\"url\":\"https:\\\/\\\/woedonline.nl\\\/wp-content\\\/uploads\\\/2016\\\/05\\\/Wood-logo-name-png.png\",\"contentUrl\":\"https:\\\/\\\/woedonline.nl\\\/wp-content\\\/uploads\\\/2016\\\/05\\\/Wood-logo-name-png.png\",\"width\":250,\"height\":89,\"caption\":\"Woed\"},\"image\":{\"@id\":\"https:\\\/\\\/woedonline.nl\\\/es\\\/#\\\/schema\\\/logo\\\/image\\\/\"},\"sameAs\":[\"https:\\\/\\\/www.facebook.com\\\/Woedshop\\\/\",\"https:\\\/\\\/www.instagram.com\\\/woed.eu\"]}]}<\/script>\n<!-- \/ Yoast SEO plugin. -->","yoast_head_json":{"title":"Strapback | CHAOS - Woed","description":"\u00a1Deja que tu personalidad hable por s\u00ed misma con la Gorra Snapback Woed CHAOS! Esta gorra \u00fanica combina un dise\u00f1o llamativo con materiales de alta calidad y comodidad, perfecta para cualquiera que se atreva a destacar.","robots":{"index":"index","follow":"follow","max-snippet":"max-snippet:-1","max-image-preview":"max-image-preview:large","max-video-preview":"max-video-preview:-1"},"canonical":"https:\/\/woedonline.nl\/es\/shop\/todas-las-gorras-y-sombreros\/correa\/strapback-chaos\/","og_locale":"es_ES","og_type":"article","og_title":"Strapback | CHAOS - Woed","og_description":"\u00a1Deja que tu personalidad hable por s\u00ed misma con la Gorra Snapback Woed CHAOS! Esta gorra \u00fanica combina un dise\u00f1o llamativo con materiales de alta calidad y comodidad, perfecta para cualquiera que se atreva a destacar.","og_url":"https:\/\/woedonline.nl\/es\/shop\/todas-las-gorras-y-sombreros\/correa\/strapback-chaos\/","og_site_name":"Woed","article_publisher":"https:\/\/www.facebook.com\/Woedshop\/","article_modified_time":"2026-01-30T15:05:32+00:00","og_image":[{"width":800,"height":800,"url":"https:\/\/woedonline.nl\/wp-content\/uploads\/2025\/02\/Woed-CHAOS-1.jpg","type":"image\/jpeg"}],"twitter_card":"summary_large_image","twitter_misc":{"Tiempo de lectura":"1 minuto"},"schema":{"@context":"https:\/\/schema.org","@graph":[{"@type":"WebPage","@id":"https:\/\/woedonline.nl\/es\/shop\/todas-las-gorras-y-sombreros\/correa\/strapback-chaos\/","url":"https:\/\/woedonline.nl\/es\/shop\/todas-las-gorras-y-sombreros\/correa\/strapback-chaos\/","name":"Strapback | CHAOS - Woed","isPartOf":{"@id":"https:\/\/woedonline.nl\/es\/#website"},"primaryImageOfPage":{"@id":"https:\/\/woedonline.nl\/es\/shop\/todas-las-gorras-y-sombreros\/correa\/strapback-chaos\/#primaryimage"},"image":{"@id":"https:\/\/woedonline.nl\/es\/shop\/todas-las-gorras-y-sombreros\/correa\/strapback-chaos\/#primaryimage"},"thumbnailUrl":"https:\/\/woedonline.nl\/wp-content\/uploads\/2025\/02\/Woed-CHAOS-1.jpg","datePublished":"2025-02-13T13:01:50+00:00","dateModified":"2026-01-30T15:05:32+00:00","description":"\u00a1Deja que tu personalidad hable por s\u00ed misma con la Gorra Snapback Woed CHAOS! Esta gorra \u00fanica combina un dise\u00f1o llamativo con materiales de alta calidad y comodidad, perfecta para cualquiera que se atreva a destacar.","breadcrumb":{"@id":"https:\/\/woedonline.nl\/es\/shop\/todas-las-gorras-y-sombreros\/correa\/strapback-chaos\/#breadcrumb"},"inLanguage":"es","potentialAction":[{"@type":"ReadAction","target":["https:\/\/woedonline.nl\/es\/shop\/todas-las-gorras-y-sombreros\/correa\/strapback-chaos\/"]}]},{"@type":"ImageObject","inLanguage":"es","@id":"https:\/\/woedonline.nl\/es\/shop\/todas-las-gorras-y-sombreros\/correa\/strapback-chaos\/#primaryimage","url":"https:\/\/woedonline.nl\/wp-content\/uploads\/2025\/02\/Woed-CHAOS-1.jpg","contentUrl":"https:\/\/woedonline.nl\/wp-content\/uploads\/2025\/02\/Woed-CHAOS-1.jpg","width":800,"height":800},{"@type":"BreadcrumbList","@id":"https:\/\/woedonline.nl\/es\/shop\/todas-las-gorras-y-sombreros\/correa\/strapback-chaos\/#breadcrumb","itemListElement":[{"@type":"ListItem","position":1,"name":"Inicio","item":"https:\/\/woedonline.nl\/es\/"},{"@type":"ListItem","position":2,"name":"Tienda","item":"https:\/\/woedonline.nl\/es\/tienda\/"},{"@type":"ListItem","position":3,"name":"Strapback | CHAOS"}]},{"@type":"WebSite","@id":"https:\/\/woedonline.nl\/es\/#website","url":"https:\/\/woedonline.nl\/es\/","name":"Woed","description":"Geen boomknuffels, wel een houten feestje voor jou","publisher":{"@id":"https:\/\/woedonline.nl\/es\/#organization"},"alternateName":"W","potentialAction":[{"@type":"SearchAction","target":{"@type":"EntryPoint","urlTemplate":"https:\/\/woedonline.nl\/es\/?s={search_term_string}"},"query-input":{"@type":"PropertyValueSpecification","valueRequired":true,"valueName":"search_term_string"}}],"inLanguage":"es"},{"@type":"Organization","@id":"https:\/\/woedonline.nl\/es\/#organization","name":"Woed","alternateName":"W","url":"https:\/\/woedonline.nl\/es\/","logo":{"@type":"ImageObject","inLanguage":"es","@id":"https:\/\/woedonline.nl\/es\/#\/schema\/logo\/image\/","url":"https:\/\/woedonline.nl\/wp-content\/uploads\/2016\/05\/Wood-logo-name-png.png","contentUrl":"https:\/\/woedonline.nl\/wp-content\/uploads\/2016\/05\/Wood-logo-name-png.png","width":250,"height":89,"caption":"Woed"},"image":{"@id":"https:\/\/woedonline.nl\/es\/#\/schema\/logo\/image\/"},"sameAs":["https:\/\/www.facebook.com\/Woedshop\/","https:\/\/www.instagram.com\/woed.eu"]}]}},"_links":{"self":[{"href":"https:\/\/woedonline.nl\/es\/wp-json\/wp\/v2\/product\/399766","targetHints":{"allow":["GET"]}}],"collection":[{"href":"https:\/\/woedonline.nl\/es\/wp-json\/wp\/v2\/product"}],"about":[{"href":"https:\/\/woedonline.nl\/es\/wp-json\/wp\/v2\/types\/product"}],"replies":[{"embeddable":true,"href":"https:\/\/woedonline.nl\/es\/wp-json\/wp\/v2\/comments?post=399766"}],"wp:featuredmedia":[{"embeddable":true,"href":"https:\/\/woedonline.nl\/es\/wp-json\/wp\/v2\/media\/399795"}],"wp:attachment":[{"href":"https:\/\/woedonline.nl\/es\/wp-json\/wp\/v2\/media?parent=399766"}],"wp:term":[{"taxonomy":"product_brand","embeddable":true,"href":"https:\/\/woedonline.nl\/es\/wp-json\/wp\/v2\/product_brand?post=399766"},{"taxonomy":"product_cat","embeddable":true,"href":"https:\/\/woedonline.nl\/es\/wp-json\/wp\/v2\/product_cat?post=399766"},{"taxonomy":"product_tag","embeddable":true,"href":"https:\/\/woedonline.nl\/es\/wp-json\/wp\/v2\/product_tag?post=399766"}],"curies":[{"name":"wp","href":"https:\/\/api.w.org\/{rel}","templated":true}]}}