{"id":399674,"date":"2024-11-07T09:13:30","date_gmt":"2024-11-07T08:13:30","guid":{"rendered":"https:\/\/woedonline.nl\/shop\/sin%20categor\u00eda\/snapback-edicion-hans-breuker\/"},"modified":"2025-11-21T16:51:26","modified_gmt":"2025-11-21T15:51:26","slug":"snapback-edicion-hans-breuker","status":"publish","type":"product","link":"https:\/\/woedonline.nl\/es\/shop\/todas-las-gorras-y-sombreros\/snapback-es\/snapback-edicion-hans-breuker\/","title":{"rendered":"Snapback | Edici\u00f3n Hans Breuker"},"content":{"rendered":"<div>Sum\u00e9rgete en el mundo del neopop y el arte callejero con la exclusiva gorra snapback Hans Breuker de Woed. Fabricada con tejido sostenible de c\u00e1\u00f1amo\/algod\u00f3n, esta gorra \u00fanica combina estilo con el inspirador arte de Hans Breuker. <\/div>\n<div><\/div>\n<div>La gorra viene en color negro con un llamativo logotipo Woed en 3D, dise\u00f1ado por el propio Hans Breuker. Adem\u00e1s, en la parte delantera encontrar\u00e1s el ic\u00f3nico logotipo de Bad Boys, la marca de Breuker, como gui\u00f1o a su estilo juguet\u00f3n y rebelde. La solapa de corcho marr\u00f3n da a la gorra un toque natural y revela una exclusiva ilustraci\u00f3n de Bad Boys en la parte inferior: un trozo de la visi\u00f3n creativa de Breuker para llevar siempre contigo.  <\/div>\n<div><\/div>\n<div>Con un cierre de pl\u00e1stico ajustable en la parte trasera, esta gorra snapback se adapta perfectamente a todo el mundo. Hans Breuker dibuja sus coloridas y caricaturescas ilustraciones de forma totalmente digital, inspir\u00e1ndose en luminarias como Mr Brainwash y en elementos del arte pop.  <\/div>\n","protected":false},"excerpt":{"rendered":"<ul>\n<li>Gorra de 6 paneles<\/li>\n<li>Talla \u00fanica - (54-61 cm)<\/li>\n<li>Alta calidad<\/li>\n<li>Material 100% natural<\/li>\n<li>Fabricado con corcho aut\u00e9ntico<\/li>\n<li>Ligero y c\u00f3modo<\/li>\n<li>Dise\u00f1ado en Holanda<\/li>\n<\/ul>\n","protected":false},"featured_media":399688,"comment_status":"open","ping_status":"closed","template":"","meta":[],"product_brand":[],"product_cat":[1379,1335,1338],"product_tag":[],"class_list":{"0":"post-399674","1":"product","2":"type-product","3":"status-publish","4":"has-post-thumbnail","6":"product_cat-coleccion-canamo-es","7":"product_cat-snapback-es","8":"product_cat-todas-las-gorras-y-sombreros","9":"product_shipping_class-paquete","11":"first","12":"instock","13":"taxable","14":"shipping-taxable","15":"purchasable","16":"product-type-simple"},"yoast_head":"<!-- This site is optimized with the Yoast SEO plugin v27.3 - https:\/\/yoast.com\/product\/yoast-seo-wordpress\/ -->\n<title>Snapback | Edici\u00f3n Hans Breuker - Woed<\/title>\n<meta name=\"description\" content=\"Sum\u00e9rgete en el mundo del neopop y el arte callejero con la exclusiva gorra snapback Hans Breuker de Woed. Fabricada con tejido sostenible de c\u00e1\u00f1amo\/algod\u00f3n, esta gorra \u00fanica combina estilo con el inspirador arte de Hans Breuker, un artista emergente holand\u00e9s conocido por su explosiva mezcla de motivaci\u00f3n, amor y cultura pop.\" \/>\n<meta name=\"robots\" content=\"index, follow, max-snippet:-1, max-image-preview:large, max-video-preview:-1\" \/>\n<link rel=\"canonical\" href=\"https:\/\/woedonline.nl\/es\/shop\/todas-las-gorras-y-sombreros\/snapback-es\/snapback-edicion-hans-breuker\/\" \/>\n<meta property=\"og:locale\" content=\"es_ES\" \/>\n<meta property=\"og:type\" content=\"article\" \/>\n<meta property=\"og:title\" content=\"Snapback | Edici\u00f3n Hans Breuker - Woed\" \/>\n<meta property=\"og:description\" content=\"Sum\u00e9rgete en el mundo del neopop y el arte callejero con la exclusiva gorra snapback Hans Breuker de Woed. Fabricada con tejido sostenible de c\u00e1\u00f1amo\/algod\u00f3n, esta gorra \u00fanica combina estilo con el inspirador arte de Hans Breuker, un artista emergente holand\u00e9s conocido por su explosiva mezcla de motivaci\u00f3n, amor y cultura pop.\" \/>\n<meta property=\"og:url\" content=\"https:\/\/woedonline.nl\/es\/shop\/todas-las-gorras-y-sombreros\/snapback-es\/snapback-edicion-hans-breuker\/\" \/>\n<meta property=\"og:site_name\" content=\"Woed\" \/>\n<meta property=\"article:publisher\" content=\"https:\/\/www.facebook.com\/Woedshop\/\" \/>\n<meta property=\"article:modified_time\" content=\"2025-11-21T15:51:26+00:00\" \/>\n<meta property=\"og:image\" content=\"https:\/\/woedonline.nl\/wp-content\/uploads\/2024\/10\/Woed-Hans-Breuker.jpg\" \/>\n\t<meta property=\"og:image:width\" content=\"800\" \/>\n\t<meta property=\"og:image:height\" content=\"800\" \/>\n\t<meta property=\"og:image:type\" content=\"image\/jpeg\" \/>\n<meta name=\"twitter:card\" content=\"summary_large_image\" \/>\n<meta name=\"twitter:label1\" content=\"Tiempo de lectura\" \/>\n\t<meta name=\"twitter:data1\" content=\"1 minuto\" \/>\n<script type=\"application\/ld+json\" class=\"yoast-schema-graph\">{\"@context\":\"https:\\\/\\\/schema.org\",\"@graph\":[{\"@type\":\"WebPage\",\"@id\":\"https:\\\/\\\/woedonline.nl\\\/es\\\/shop\\\/todas-las-gorras-y-sombreros\\\/snapback-es\\\/snapback-edicion-hans-breuker\\\/\",\"url\":\"https:\\\/\\\/woedonline.nl\\\/es\\\/shop\\\/todas-las-gorras-y-sombreros\\\/snapback-es\\\/snapback-edicion-hans-breuker\\\/\",\"name\":\"Snapback | Edici\u00f3n Hans Breuker - Woed\",\"isPartOf\":{\"@id\":\"https:\\\/\\\/woedonline.nl\\\/es\\\/#website\"},\"primaryImageOfPage\":{\"@id\":\"https:\\\/\\\/woedonline.nl\\\/es\\\/shop\\\/todas-las-gorras-y-sombreros\\\/snapback-es\\\/snapback-edicion-hans-breuker\\\/#primaryimage\"},\"image\":{\"@id\":\"https:\\\/\\\/woedonline.nl\\\/es\\\/shop\\\/todas-las-gorras-y-sombreros\\\/snapback-es\\\/snapback-edicion-hans-breuker\\\/#primaryimage\"},\"thumbnailUrl\":\"https:\\\/\\\/woedonline.nl\\\/wp-content\\\/uploads\\\/2024\\\/10\\\/Woed-Hans-Breuker.jpg\",\"datePublished\":\"2024-11-07T08:13:30+00:00\",\"dateModified\":\"2025-11-21T15:51:26+00:00\",\"description\":\"Sum\u00e9rgete en el mundo del neopop y el arte callejero con la exclusiva gorra snapback Hans Breuker de Woed. Fabricada con tejido sostenible de c\u00e1\u00f1amo\\\/algod\u00f3n, esta gorra \u00fanica combina estilo con el inspirador arte de Hans Breuker, un artista emergente holand\u00e9s conocido por su explosiva mezcla de motivaci\u00f3n, amor y cultura pop.\",\"breadcrumb\":{\"@id\":\"https:\\\/\\\/woedonline.nl\\\/es\\\/shop\\\/todas-las-gorras-y-sombreros\\\/snapback-es\\\/snapback-edicion-hans-breuker\\\/#breadcrumb\"},\"inLanguage\":\"es\",\"potentialAction\":[{\"@type\":\"ReadAction\",\"target\":[\"https:\\\/\\\/woedonline.nl\\\/es\\\/shop\\\/todas-las-gorras-y-sombreros\\\/snapback-es\\\/snapback-edicion-hans-breuker\\\/\"]}]},{\"@type\":\"ImageObject\",\"inLanguage\":\"es\",\"@id\":\"https:\\\/\\\/woedonline.nl\\\/es\\\/shop\\\/todas-las-gorras-y-sombreros\\\/snapback-es\\\/snapback-edicion-hans-breuker\\\/#primaryimage\",\"url\":\"https:\\\/\\\/woedonline.nl\\\/wp-content\\\/uploads\\\/2024\\\/10\\\/Woed-Hans-Breuker.jpg\",\"contentUrl\":\"https:\\\/\\\/woedonline.nl\\\/wp-content\\\/uploads\\\/2024\\\/10\\\/Woed-Hans-Breuker.jpg\",\"width\":800,\"height\":800},{\"@type\":\"BreadcrumbList\",\"@id\":\"https:\\\/\\\/woedonline.nl\\\/es\\\/shop\\\/todas-las-gorras-y-sombreros\\\/snapback-es\\\/snapback-edicion-hans-breuker\\\/#breadcrumb\",\"itemListElement\":[{\"@type\":\"ListItem\",\"position\":1,\"name\":\"Inicio\",\"item\":\"https:\\\/\\\/woedonline.nl\\\/es\\\/\"},{\"@type\":\"ListItem\",\"position\":2,\"name\":\"Tienda\",\"item\":\"https:\\\/\\\/woedonline.nl\\\/es\\\/tienda\\\/\"},{\"@type\":\"ListItem\",\"position\":3,\"name\":\"Snapback | Edici\u00f3n Hans Breuker\"}]},{\"@type\":\"WebSite\",\"@id\":\"https:\\\/\\\/woedonline.nl\\\/es\\\/#website\",\"url\":\"https:\\\/\\\/woedonline.nl\\\/es\\\/\",\"name\":\"Woed\",\"description\":\"Geen boomknuffels, wel een houten feestje voor jou\",\"publisher\":{\"@id\":\"https:\\\/\\\/woedonline.nl\\\/es\\\/#organization\"},\"alternateName\":\"W\",\"potentialAction\":[{\"@type\":\"SearchAction\",\"target\":{\"@type\":\"EntryPoint\",\"urlTemplate\":\"https:\\\/\\\/woedonline.nl\\\/es\\\/?s={search_term_string}\"},\"query-input\":{\"@type\":\"PropertyValueSpecification\",\"valueRequired\":true,\"valueName\":\"search_term_string\"}}],\"inLanguage\":\"es\"},{\"@type\":\"Organization\",\"@id\":\"https:\\\/\\\/woedonline.nl\\\/es\\\/#organization\",\"name\":\"Woed\",\"alternateName\":\"W\",\"url\":\"https:\\\/\\\/woedonline.nl\\\/es\\\/\",\"logo\":{\"@type\":\"ImageObject\",\"inLanguage\":\"es\",\"@id\":\"https:\\\/\\\/woedonline.nl\\\/es\\\/#\\\/schema\\\/logo\\\/image\\\/\",\"url\":\"https:\\\/\\\/woedonline.nl\\\/wp-content\\\/uploads\\\/2016\\\/05\\\/Wood-logo-name-png.png\",\"contentUrl\":\"https:\\\/\\\/woedonline.nl\\\/wp-content\\\/uploads\\\/2016\\\/05\\\/Wood-logo-name-png.png\",\"width\":250,\"height\":89,\"caption\":\"Woed\"},\"image\":{\"@id\":\"https:\\\/\\\/woedonline.nl\\\/es\\\/#\\\/schema\\\/logo\\\/image\\\/\"},\"sameAs\":[\"https:\\\/\\\/www.facebook.com\\\/Woedshop\\\/\",\"https:\\\/\\\/www.instagram.com\\\/woed.eu\"]}]}<\/script>\n<!-- \/ Yoast SEO plugin. -->","yoast_head_json":{"title":"Snapback | Edici\u00f3n Hans Breuker - Woed","description":"Sum\u00e9rgete en el mundo del neopop y el arte callejero con la exclusiva gorra snapback Hans Breuker de Woed. Fabricada con tejido sostenible de c\u00e1\u00f1amo\/algod\u00f3n, esta gorra \u00fanica combina estilo con el inspirador arte de Hans Breuker, un artista emergente holand\u00e9s conocido por su explosiva mezcla de motivaci\u00f3n, amor y cultura pop.","robots":{"index":"index","follow":"follow","max-snippet":"max-snippet:-1","max-image-preview":"max-image-preview:large","max-video-preview":"max-video-preview:-1"},"canonical":"https:\/\/woedonline.nl\/es\/shop\/todas-las-gorras-y-sombreros\/snapback-es\/snapback-edicion-hans-breuker\/","og_locale":"es_ES","og_type":"article","og_title":"Snapback | Edici\u00f3n Hans Breuker - Woed","og_description":"Sum\u00e9rgete en el mundo del neopop y el arte callejero con la exclusiva gorra snapback Hans Breuker de Woed. Fabricada con tejido sostenible de c\u00e1\u00f1amo\/algod\u00f3n, esta gorra \u00fanica combina estilo con el inspirador arte de Hans Breuker, un artista emergente holand\u00e9s conocido por su explosiva mezcla de motivaci\u00f3n, amor y cultura pop.","og_url":"https:\/\/woedonline.nl\/es\/shop\/todas-las-gorras-y-sombreros\/snapback-es\/snapback-edicion-hans-breuker\/","og_site_name":"Woed","article_publisher":"https:\/\/www.facebook.com\/Woedshop\/","article_modified_time":"2025-11-21T15:51:26+00:00","og_image":[{"width":800,"height":800,"url":"https:\/\/woedonline.nl\/wp-content\/uploads\/2024\/10\/Woed-Hans-Breuker.jpg","type":"image\/jpeg"}],"twitter_card":"summary_large_image","twitter_misc":{"Tiempo de lectura":"1 minuto"},"schema":{"@context":"https:\/\/schema.org","@graph":[{"@type":"WebPage","@id":"https:\/\/woedonline.nl\/es\/shop\/todas-las-gorras-y-sombreros\/snapback-es\/snapback-edicion-hans-breuker\/","url":"https:\/\/woedonline.nl\/es\/shop\/todas-las-gorras-y-sombreros\/snapback-es\/snapback-edicion-hans-breuker\/","name":"Snapback | Edici\u00f3n Hans Breuker - Woed","isPartOf":{"@id":"https:\/\/woedonline.nl\/es\/#website"},"primaryImageOfPage":{"@id":"https:\/\/woedonline.nl\/es\/shop\/todas-las-gorras-y-sombreros\/snapback-es\/snapback-edicion-hans-breuker\/#primaryimage"},"image":{"@id":"https:\/\/woedonline.nl\/es\/shop\/todas-las-gorras-y-sombreros\/snapback-es\/snapback-edicion-hans-breuker\/#primaryimage"},"thumbnailUrl":"https:\/\/woedonline.nl\/wp-content\/uploads\/2024\/10\/Woed-Hans-Breuker.jpg","datePublished":"2024-11-07T08:13:30+00:00","dateModified":"2025-11-21T15:51:26+00:00","description":"Sum\u00e9rgete en el mundo del neopop y el arte callejero con la exclusiva gorra snapback Hans Breuker de Woed. Fabricada con tejido sostenible de c\u00e1\u00f1amo\/algod\u00f3n, esta gorra \u00fanica combina estilo con el inspirador arte de Hans Breuker, un artista emergente holand\u00e9s conocido por su explosiva mezcla de motivaci\u00f3n, amor y cultura pop.","breadcrumb":{"@id":"https:\/\/woedonline.nl\/es\/shop\/todas-las-gorras-y-sombreros\/snapback-es\/snapback-edicion-hans-breuker\/#breadcrumb"},"inLanguage":"es","potentialAction":[{"@type":"ReadAction","target":["https:\/\/woedonline.nl\/es\/shop\/todas-las-gorras-y-sombreros\/snapback-es\/snapback-edicion-hans-breuker\/"]}]},{"@type":"ImageObject","inLanguage":"es","@id":"https:\/\/woedonline.nl\/es\/shop\/todas-las-gorras-y-sombreros\/snapback-es\/snapback-edicion-hans-breuker\/#primaryimage","url":"https:\/\/woedonline.nl\/wp-content\/uploads\/2024\/10\/Woed-Hans-Breuker.jpg","contentUrl":"https:\/\/woedonline.nl\/wp-content\/uploads\/2024\/10\/Woed-Hans-Breuker.jpg","width":800,"height":800},{"@type":"BreadcrumbList","@id":"https:\/\/woedonline.nl\/es\/shop\/todas-las-gorras-y-sombreros\/snapback-es\/snapback-edicion-hans-breuker\/#breadcrumb","itemListElement":[{"@type":"ListItem","position":1,"name":"Inicio","item":"https:\/\/woedonline.nl\/es\/"},{"@type":"ListItem","position":2,"name":"Tienda","item":"https:\/\/woedonline.nl\/es\/tienda\/"},{"@type":"ListItem","position":3,"name":"Snapback | Edici\u00f3n Hans Breuker"}]},{"@type":"WebSite","@id":"https:\/\/woedonline.nl\/es\/#website","url":"https:\/\/woedonline.nl\/es\/","name":"Woed","description":"Geen boomknuffels, wel een houten feestje voor jou","publisher":{"@id":"https:\/\/woedonline.nl\/es\/#organization"},"alternateName":"W","potentialAction":[{"@type":"SearchAction","target":{"@type":"EntryPoint","urlTemplate":"https:\/\/woedonline.nl\/es\/?s={search_term_string}"},"query-input":{"@type":"PropertyValueSpecification","valueRequired":true,"valueName":"search_term_string"}}],"inLanguage":"es"},{"@type":"Organization","@id":"https:\/\/woedonline.nl\/es\/#organization","name":"Woed","alternateName":"W","url":"https:\/\/woedonline.nl\/es\/","logo":{"@type":"ImageObject","inLanguage":"es","@id":"https:\/\/woedonline.nl\/es\/#\/schema\/logo\/image\/","url":"https:\/\/woedonline.nl\/wp-content\/uploads\/2016\/05\/Wood-logo-name-png.png","contentUrl":"https:\/\/woedonline.nl\/wp-content\/uploads\/2016\/05\/Wood-logo-name-png.png","width":250,"height":89,"caption":"Woed"},"image":{"@id":"https:\/\/woedonline.nl\/es\/#\/schema\/logo\/image\/"},"sameAs":["https:\/\/www.facebook.com\/Woedshop\/","https:\/\/www.instagram.com\/woed.eu"]}]}},"_links":{"self":[{"href":"https:\/\/woedonline.nl\/es\/wp-json\/wp\/v2\/product\/399674","targetHints":{"allow":["GET"]}}],"collection":[{"href":"https:\/\/woedonline.nl\/es\/wp-json\/wp\/v2\/product"}],"about":[{"href":"https:\/\/woedonline.nl\/es\/wp-json\/wp\/v2\/types\/product"}],"replies":[{"embeddable":true,"href":"https:\/\/woedonline.nl\/es\/wp-json\/wp\/v2\/comments?post=399674"}],"wp:featuredmedia":[{"embeddable":true,"href":"https:\/\/woedonline.nl\/es\/wp-json\/wp\/v2\/media\/399688"}],"wp:attachment":[{"href":"https:\/\/woedonline.nl\/es\/wp-json\/wp\/v2\/media?parent=399674"}],"wp:term":[{"taxonomy":"product_brand","embeddable":true,"href":"https:\/\/woedonline.nl\/es\/wp-json\/wp\/v2\/product_brand?post=399674"},{"taxonomy":"product_cat","embeddable":true,"href":"https:\/\/woedonline.nl\/es\/wp-json\/wp\/v2\/product_cat?post=399674"},{"taxonomy":"product_tag","embeddable":true,"href":"https:\/\/woedonline.nl\/es\/wp-json\/wp\/v2\/product_tag?post=399674"}],"curies":[{"name":"wp","href":"https:\/\/api.w.org\/{rel}","templated":true}]}}