{"id":399637,"date":"2024-07-30T11:33:03","date_gmt":"2024-07-30T09:33:03","guid":{"rendered":"https:\/\/woedonline.nl\/shop\/sin categor\u00eda\/strapback-spiral\/"},"modified":"2025-12-17T11:57:01","modified_gmt":"2025-12-17T10:57:01","slug":"strapback-spiral","status":"publish","type":"product","link":"https:\/\/woedonline.nl\/es\/shop\/todas-las-gorras-y-sombreros\/correa\/strapback-spiral\/","title":{"rendered":"Strapback | SPIRAL"},"content":{"rendered":"<p>La solapa de la \u00abEspiral\u00bb es de corcho, lo que le da un aspecto natural y terroso. Este material en particular no s\u00f3lo ofrece un efecto visual \u00fanico, sino que tambi\u00e9n es ecol\u00f3gico. El panel frontal lleva un texto bordado en blanco que contrasta sutilmente con el color blanco del resto de la gorra, creando un aspecto sofisticado y elegante.  <\/p>\n<p>La gorra en s\u00ed est\u00e1 hecha de una mezcla de alta calidad de 50% algod\u00f3n y 50% c\u00e1\u00f1amo. Esta combinaci\u00f3n garantiza un ajuste c\u00f3modo y una textura transpirable, ideal para el uso diario. <\/p>\n<p>Un detalle llamativo de la \u00abEspiral\u00bb es la ilustraci\u00f3n bajo la solapa. Esta ilustraci\u00f3n de estilo futurista con rayas rosas y azules a\u00f1ade un toque juguet\u00f3n y sorprendente a la gorra, perfecta para los que les gusta hacer una declaraci\u00f3n con su atuendo. <\/p>\n","protected":false},"excerpt":{"rendered":"<ul>\n<li>Gorra de 6 paneles<\/li>\n<li>Talla \u00fanica - (54-61 cm)<\/li>\n<li>Alta calidad<\/li>\n<li>Material 100% natural<\/li>\n<li>Fabricado con corcho aut\u00e9ntico<\/li>\n<li>Ligero y c\u00f3modo<\/li>\n<li>Dise\u00f1ado en Holanda<\/li>\n<\/ul>\n","protected":false},"featured_media":399650,"comment_status":"open","ping_status":"closed","template":"","meta":[],"product_brand":[],"product_cat":[1379,1355,1338],"product_tag":[1336],"class_list":{"0":"post-399637","1":"product","2":"type-product","3":"status-publish","4":"has-post-thumbnail","6":"product_cat-coleccion-canamo-es","7":"product_cat-correa","8":"product_cat-todas-las-gorras-y-sombreros","9":"product_tag-snapback-es","10":"product_shipping_class-paquete","12":"first","13":"outofstock","14":"taxable","15":"shipping-taxable","16":"purchasable","17":"product-type-simple"},"yoast_head":"<!-- This site is optimized with the Yoast SEO plugin v27.4 - https:\/\/yoast.com\/product\/yoast-seo-wordpress\/ -->\n<title>Strapback | SPIRAL - Woed<\/title>\n<meta name=\"description\" content=\"Te presentamos la gorra snapback &quot;Spiral&quot; de Woed, un accesorio \u00fanico y elegante que sin duda llamar\u00e1 la atenci\u00f3n. Esta snapback blanca combina un dise\u00f1o moderno con materiales naturales, lo que la convierte en un aut\u00e9ntico reclamo.\" \/>\n<meta name=\"robots\" content=\"index, follow, max-snippet:-1, max-image-preview:large, max-video-preview:-1\" \/>\n<link rel=\"canonical\" href=\"https:\/\/woedonline.nl\/es\/shop\/todas-las-gorras-y-sombreros\/correa\/strapback-spiral\/\" \/>\n<meta property=\"og:locale\" content=\"es_ES\" \/>\n<meta property=\"og:type\" content=\"article\" \/>\n<meta property=\"og:title\" content=\"Strapback | SPIRAL - Woed\" \/>\n<meta property=\"og:description\" content=\"Te presentamos la gorra snapback &quot;Spiral&quot; de Woed, un accesorio \u00fanico y elegante que sin duda llamar\u00e1 la atenci\u00f3n. Esta snapback blanca combina un dise\u00f1o moderno con materiales naturales, lo que la convierte en un aut\u00e9ntico reclamo.\" \/>\n<meta property=\"og:url\" content=\"https:\/\/woedonline.nl\/es\/shop\/todas-las-gorras-y-sombreros\/correa\/strapback-spiral\/\" \/>\n<meta property=\"og:site_name\" content=\"Woed\" \/>\n<meta property=\"article:publisher\" content=\"https:\/\/www.facebook.com\/Woedshop\/\" \/>\n<meta property=\"article:modified_time\" content=\"2025-12-17T10:57:01+00:00\" \/>\n<meta property=\"og:image\" content=\"https:\/\/woedonline.nl\/wp-content\/uploads\/2025\/09\/Woed-snapback-SPIRAL-1.jpg\" \/>\n\t<meta property=\"og:image:width\" content=\"800\" \/>\n\t<meta property=\"og:image:height\" content=\"800\" \/>\n\t<meta property=\"og:image:type\" content=\"image\/jpeg\" \/>\n<meta name=\"twitter:card\" content=\"summary_large_image\" \/>\n<meta name=\"twitter:label1\" content=\"Tiempo de lectura\" \/>\n\t<meta name=\"twitter:data1\" content=\"1 minuto\" \/>\n<script type=\"application\/ld+json\" class=\"yoast-schema-graph\">{\"@context\":\"https:\\\/\\\/schema.org\",\"@graph\":[{\"@type\":\"WebPage\",\"@id\":\"https:\\\/\\\/woedonline.nl\\\/es\\\/shop\\\/todas-las-gorras-y-sombreros\\\/correa\\\/strapback-spiral\\\/\",\"url\":\"https:\\\/\\\/woedonline.nl\\\/es\\\/shop\\\/todas-las-gorras-y-sombreros\\\/correa\\\/strapback-spiral\\\/\",\"name\":\"Strapback | SPIRAL - Woed\",\"isPartOf\":{\"@id\":\"https:\\\/\\\/woedonline.nl\\\/es\\\/#website\"},\"primaryImageOfPage\":{\"@id\":\"https:\\\/\\\/woedonline.nl\\\/es\\\/shop\\\/todas-las-gorras-y-sombreros\\\/correa\\\/strapback-spiral\\\/#primaryimage\"},\"image\":{\"@id\":\"https:\\\/\\\/woedonline.nl\\\/es\\\/shop\\\/todas-las-gorras-y-sombreros\\\/correa\\\/strapback-spiral\\\/#primaryimage\"},\"thumbnailUrl\":\"https:\\\/\\\/woedonline.nl\\\/wp-content\\\/uploads\\\/2025\\\/09\\\/Woed-snapback-SPIRAL-1.jpg\",\"datePublished\":\"2024-07-30T09:33:03+00:00\",\"dateModified\":\"2025-12-17T10:57:01+00:00\",\"description\":\"Te presentamos la gorra snapback \\\"Spiral\\\" de Woed, un accesorio \u00fanico y elegante que sin duda llamar\u00e1 la atenci\u00f3n. Esta snapback blanca combina un dise\u00f1o moderno con materiales naturales, lo que la convierte en un aut\u00e9ntico reclamo.\",\"breadcrumb\":{\"@id\":\"https:\\\/\\\/woedonline.nl\\\/es\\\/shop\\\/todas-las-gorras-y-sombreros\\\/correa\\\/strapback-spiral\\\/#breadcrumb\"},\"inLanguage\":\"es\",\"potentialAction\":[{\"@type\":\"ReadAction\",\"target\":[\"https:\\\/\\\/woedonline.nl\\\/es\\\/shop\\\/todas-las-gorras-y-sombreros\\\/correa\\\/strapback-spiral\\\/\"]}]},{\"@type\":\"ImageObject\",\"inLanguage\":\"es\",\"@id\":\"https:\\\/\\\/woedonline.nl\\\/es\\\/shop\\\/todas-las-gorras-y-sombreros\\\/correa\\\/strapback-spiral\\\/#primaryimage\",\"url\":\"https:\\\/\\\/woedonline.nl\\\/wp-content\\\/uploads\\\/2025\\\/09\\\/Woed-snapback-SPIRAL-1.jpg\",\"contentUrl\":\"https:\\\/\\\/woedonline.nl\\\/wp-content\\\/uploads\\\/2025\\\/09\\\/Woed-snapback-SPIRAL-1.jpg\",\"width\":800,\"height\":800},{\"@type\":\"BreadcrumbList\",\"@id\":\"https:\\\/\\\/woedonline.nl\\\/es\\\/shop\\\/todas-las-gorras-y-sombreros\\\/correa\\\/strapback-spiral\\\/#breadcrumb\",\"itemListElement\":[{\"@type\":\"ListItem\",\"position\":1,\"name\":\"Inicio\",\"item\":\"https:\\\/\\\/woedonline.nl\\\/es\\\/\"},{\"@type\":\"ListItem\",\"position\":2,\"name\":\"Tienda\",\"item\":\"https:\\\/\\\/woedonline.nl\\\/es\\\/tienda\\\/\"},{\"@type\":\"ListItem\",\"position\":3,\"name\":\"Strapback | SPIRAL\"}]},{\"@type\":\"WebSite\",\"@id\":\"https:\\\/\\\/woedonline.nl\\\/es\\\/#website\",\"url\":\"https:\\\/\\\/woedonline.nl\\\/es\\\/\",\"name\":\"Woed\",\"description\":\"Geen boomknuffels, wel een houten feestje voor jou\",\"publisher\":{\"@id\":\"https:\\\/\\\/woedonline.nl\\\/es\\\/#organization\"},\"alternateName\":\"W\",\"potentialAction\":[{\"@type\":\"SearchAction\",\"target\":{\"@type\":\"EntryPoint\",\"urlTemplate\":\"https:\\\/\\\/woedonline.nl\\\/es\\\/?s={search_term_string}\"},\"query-input\":{\"@type\":\"PropertyValueSpecification\",\"valueRequired\":true,\"valueName\":\"search_term_string\"}}],\"inLanguage\":\"es\"},{\"@type\":\"Organization\",\"@id\":\"https:\\\/\\\/woedonline.nl\\\/es\\\/#organization\",\"name\":\"Woed\",\"alternateName\":\"W\",\"url\":\"https:\\\/\\\/woedonline.nl\\\/es\\\/\",\"logo\":{\"@type\":\"ImageObject\",\"inLanguage\":\"es\",\"@id\":\"https:\\\/\\\/woedonline.nl\\\/es\\\/#\\\/schema\\\/logo\\\/image\\\/\",\"url\":\"https:\\\/\\\/woedonline.nl\\\/wp-content\\\/uploads\\\/2016\\\/05\\\/Wood-logo-name-png.png\",\"contentUrl\":\"https:\\\/\\\/woedonline.nl\\\/wp-content\\\/uploads\\\/2016\\\/05\\\/Wood-logo-name-png.png\",\"width\":250,\"height\":89,\"caption\":\"Woed\"},\"image\":{\"@id\":\"https:\\\/\\\/woedonline.nl\\\/es\\\/#\\\/schema\\\/logo\\\/image\\\/\"},\"sameAs\":[\"https:\\\/\\\/www.facebook.com\\\/Woedshop\\\/\",\"https:\\\/\\\/www.instagram.com\\\/woed.eu\"]}]}<\/script>\n<!-- \/ Yoast SEO plugin. -->","yoast_head_json":{"title":"Strapback | SPIRAL - Woed","description":"Te presentamos la gorra snapback \"Spiral\" de Woed, un accesorio \u00fanico y elegante que sin duda llamar\u00e1 la atenci\u00f3n. Esta snapback blanca combina un dise\u00f1o moderno con materiales naturales, lo que la convierte en un aut\u00e9ntico reclamo.","robots":{"index":"index","follow":"follow","max-snippet":"max-snippet:-1","max-image-preview":"max-image-preview:large","max-video-preview":"max-video-preview:-1"},"canonical":"https:\/\/woedonline.nl\/es\/shop\/todas-las-gorras-y-sombreros\/correa\/strapback-spiral\/","og_locale":"es_ES","og_type":"article","og_title":"Strapback | SPIRAL - Woed","og_description":"Te presentamos la gorra snapback \"Spiral\" de Woed, un accesorio \u00fanico y elegante que sin duda llamar\u00e1 la atenci\u00f3n. Esta snapback blanca combina un dise\u00f1o moderno con materiales naturales, lo que la convierte en un aut\u00e9ntico reclamo.","og_url":"https:\/\/woedonline.nl\/es\/shop\/todas-las-gorras-y-sombreros\/correa\/strapback-spiral\/","og_site_name":"Woed","article_publisher":"https:\/\/www.facebook.com\/Woedshop\/","article_modified_time":"2025-12-17T10:57:01+00:00","og_image":[{"width":800,"height":800,"url":"https:\/\/woedonline.nl\/wp-content\/uploads\/2025\/09\/Woed-snapback-SPIRAL-1.jpg","type":"image\/jpeg"}],"twitter_card":"summary_large_image","twitter_misc":{"Tiempo de lectura":"1 minuto"},"schema":{"@context":"https:\/\/schema.org","@graph":[{"@type":"WebPage","@id":"https:\/\/woedonline.nl\/es\/shop\/todas-las-gorras-y-sombreros\/correa\/strapback-spiral\/","url":"https:\/\/woedonline.nl\/es\/shop\/todas-las-gorras-y-sombreros\/correa\/strapback-spiral\/","name":"Strapback | SPIRAL - Woed","isPartOf":{"@id":"https:\/\/woedonline.nl\/es\/#website"},"primaryImageOfPage":{"@id":"https:\/\/woedonline.nl\/es\/shop\/todas-las-gorras-y-sombreros\/correa\/strapback-spiral\/#primaryimage"},"image":{"@id":"https:\/\/woedonline.nl\/es\/shop\/todas-las-gorras-y-sombreros\/correa\/strapback-spiral\/#primaryimage"},"thumbnailUrl":"https:\/\/woedonline.nl\/wp-content\/uploads\/2025\/09\/Woed-snapback-SPIRAL-1.jpg","datePublished":"2024-07-30T09:33:03+00:00","dateModified":"2025-12-17T10:57:01+00:00","description":"Te presentamos la gorra snapback \"Spiral\" de Woed, un accesorio \u00fanico y elegante que sin duda llamar\u00e1 la atenci\u00f3n. Esta snapback blanca combina un dise\u00f1o moderno con materiales naturales, lo que la convierte en un aut\u00e9ntico reclamo.","breadcrumb":{"@id":"https:\/\/woedonline.nl\/es\/shop\/todas-las-gorras-y-sombreros\/correa\/strapback-spiral\/#breadcrumb"},"inLanguage":"es","potentialAction":[{"@type":"ReadAction","target":["https:\/\/woedonline.nl\/es\/shop\/todas-las-gorras-y-sombreros\/correa\/strapback-spiral\/"]}]},{"@type":"ImageObject","inLanguage":"es","@id":"https:\/\/woedonline.nl\/es\/shop\/todas-las-gorras-y-sombreros\/correa\/strapback-spiral\/#primaryimage","url":"https:\/\/woedonline.nl\/wp-content\/uploads\/2025\/09\/Woed-snapback-SPIRAL-1.jpg","contentUrl":"https:\/\/woedonline.nl\/wp-content\/uploads\/2025\/09\/Woed-snapback-SPIRAL-1.jpg","width":800,"height":800},{"@type":"BreadcrumbList","@id":"https:\/\/woedonline.nl\/es\/shop\/todas-las-gorras-y-sombreros\/correa\/strapback-spiral\/#breadcrumb","itemListElement":[{"@type":"ListItem","position":1,"name":"Inicio","item":"https:\/\/woedonline.nl\/es\/"},{"@type":"ListItem","position":2,"name":"Tienda","item":"https:\/\/woedonline.nl\/es\/tienda\/"},{"@type":"ListItem","position":3,"name":"Strapback | SPIRAL"}]},{"@type":"WebSite","@id":"https:\/\/woedonline.nl\/es\/#website","url":"https:\/\/woedonline.nl\/es\/","name":"Woed","description":"Geen boomknuffels, wel een houten feestje voor jou","publisher":{"@id":"https:\/\/woedonline.nl\/es\/#organization"},"alternateName":"W","potentialAction":[{"@type":"SearchAction","target":{"@type":"EntryPoint","urlTemplate":"https:\/\/woedonline.nl\/es\/?s={search_term_string}"},"query-input":{"@type":"PropertyValueSpecification","valueRequired":true,"valueName":"search_term_string"}}],"inLanguage":"es"},{"@type":"Organization","@id":"https:\/\/woedonline.nl\/es\/#organization","name":"Woed","alternateName":"W","url":"https:\/\/woedonline.nl\/es\/","logo":{"@type":"ImageObject","inLanguage":"es","@id":"https:\/\/woedonline.nl\/es\/#\/schema\/logo\/image\/","url":"https:\/\/woedonline.nl\/wp-content\/uploads\/2016\/05\/Wood-logo-name-png.png","contentUrl":"https:\/\/woedonline.nl\/wp-content\/uploads\/2016\/05\/Wood-logo-name-png.png","width":250,"height":89,"caption":"Woed"},"image":{"@id":"https:\/\/woedonline.nl\/es\/#\/schema\/logo\/image\/"},"sameAs":["https:\/\/www.facebook.com\/Woedshop\/","https:\/\/www.instagram.com\/woed.eu"]}]}},"_links":{"self":[{"href":"https:\/\/woedonline.nl\/es\/wp-json\/wp\/v2\/product\/399637","targetHints":{"allow":["GET"]}}],"collection":[{"href":"https:\/\/woedonline.nl\/es\/wp-json\/wp\/v2\/product"}],"about":[{"href":"https:\/\/woedonline.nl\/es\/wp-json\/wp\/v2\/types\/product"}],"replies":[{"embeddable":true,"href":"https:\/\/woedonline.nl\/es\/wp-json\/wp\/v2\/comments?post=399637"}],"wp:featuredmedia":[{"embeddable":true,"href":"https:\/\/woedonline.nl\/es\/wp-json\/wp\/v2\/media\/399650"}],"wp:attachment":[{"href":"https:\/\/woedonline.nl\/es\/wp-json\/wp\/v2\/media?parent=399637"}],"wp:term":[{"taxonomy":"product_brand","embeddable":true,"href":"https:\/\/woedonline.nl\/es\/wp-json\/wp\/v2\/product_brand?post=399637"},{"taxonomy":"product_cat","embeddable":true,"href":"https:\/\/woedonline.nl\/es\/wp-json\/wp\/v2\/product_cat?post=399637"},{"taxonomy":"product_tag","embeddable":true,"href":"https:\/\/woedonline.nl\/es\/wp-json\/wp\/v2\/product_tag?post=399637"}],"curies":[{"name":"wp","href":"https:\/\/api.w.org\/{rel}","templated":true}]}}