{"id":399527,"date":"2024-10-11T11:31:31","date_gmt":"2024-10-11T09:31:31","guid":{"rendered":"https:\/\/woedonline.nl\/shop\/sin%20categor\u00eda\/pulsera-de-madera-sauce-de-agua\/"},"modified":"2026-03-25T18:26:40","modified_gmt":"2026-03-25T17:26:40","slug":"pulsera-de-madera-sauce-de-agua","status":"publish","type":"product","link":"https:\/\/woedonline.nl\/es\/shop\/pulsera-de-madera\/pulsera-de-madera-sauce-de-agua\/","title":{"rendered":"Pulsera de Madera | Sauce de Agua"},"content":{"rendered":"<p><strong>Descubre la belleza de la artesan\u00eda con nuestras pulseras de acero inoxidable y madera de olivo<\/strong><\/p>\n<p>Imagina una pulsera elegante que combine la calidez de la madera de olivo natural con la naturaleza moderna y duradera del acero inoxidable (SS). Esto es exactamente lo que ofrecen nuestras pulseras de madera. Una armon\u00eda \u00fanica de elementos naturales y dise\u00f1o contempor\u00e1neo. 22 cm de circunferencia, 2 cm ajustable.   <\/p>\n<p><strong>\u00bfPor qu\u00e9 nuestras pulseras de madera?<\/strong><\/p>\n<p>Nuestras pulseras de madera no son s\u00f3lo un accesorio, sino una expresi\u00f3n de tu estilo y personalidad. La interacci\u00f3n del acero inoxidable y la madera de olivo cuenta una historia de artesan\u00eda y elegancia moderna. <\/p>\n<p><strong>El regalo perfecto:<\/strong><\/p>\n<p>Tanto si buscas un regalo para ti como para otra persona, nuestras pulseras de madera son una excelente elecci\u00f3n. La combinaci\u00f3n de materiales de alta calidad y un dise\u00f1o atemporal hacen de esta pulsera un regalo que siempre se agradece. <\/p>\n","protected":false},"excerpt":{"rendered":"<p><i class=\"ri-checkbox-circle-fill\" data-text-color=\"primary\"><\/i>Longitud 22 cm<\/p>\n<p><i class=\"ri-checkbox-circle-fill\" data-text-color=\"primary\"><\/i>De madera aut\u00e9ntica<\/p>\n<p><i class=\"ri-checkbox-circle-fill\" data-text-color=\"primary\"><\/i>Se entrega en una caja de regalo<\/p>\n<p><i class=\"ri-checkbox-circle-fill\" data-text-color=\"primary\"><\/i>Materiales de alta calidad<\/p>\n","protected":false},"featured_media":399529,"comment_status":"open","ping_status":"closed","template":"","meta":[],"product_brand":[],"product_cat":[1399],"product_tag":[1398,1403],"class_list":{"0":"post-399527","1":"product","2":"type-product","3":"status-publish","4":"has-post-thumbnail","6":"product_cat-pulsera-de-madera","7":"product_tag-pulsera","8":"product_tag-pulsera-de-madera","9":"product_shipping_class-paquete","11":"first","12":"instock","13":"sale","14":"taxable","15":"shipping-taxable","16":"purchasable","17":"product-type-simple"},"yoast_head":"<!-- This site is optimized with the Yoast SEO plugin v27.4 - https:\/\/yoast.com\/product\/yoast-seo-wordpress\/ -->\n<title>Pulseras de madera adecuadas tanto para mujeres como para hombres<\/title>\n<meta name=\"description\" content=\"Descubre la combinaci\u00f3n perfecta de belleza natural y durabilidad con nuestras impresionantes pulseras de madera, elaboradas por expertos con una mezcla de acero inoxidable (SS) y madera de alta calidad.\" \/>\n<meta name=\"robots\" content=\"index, follow, max-snippet:-1, max-image-preview:large, max-video-preview:-1\" \/>\n<link rel=\"canonical\" href=\"https:\/\/woedonline.nl\/es\/shop\/pulsera-de-madera\/pulsera-de-madera-sauce-de-agua\/\" \/>\n<meta property=\"og:locale\" content=\"es_ES\" \/>\n<meta property=\"og:type\" content=\"article\" \/>\n<meta property=\"og:title\" content=\"Pulseras de madera adecuadas tanto para mujeres como para hombres\" \/>\n<meta property=\"og:description\" content=\"Descubre la combinaci\u00f3n perfecta de belleza natural y durabilidad con nuestras impresionantes pulseras de madera, elaboradas por expertos con una mezcla de acero inoxidable (SS) y madera de alta calidad.\" \/>\n<meta property=\"og:url\" content=\"https:\/\/woedonline.nl\/es\/shop\/pulsera-de-madera\/pulsera-de-madera-sauce-de-agua\/\" \/>\n<meta property=\"og:site_name\" content=\"Woed\" \/>\n<meta property=\"article:publisher\" content=\"https:\/\/www.facebook.com\/Woedshop\/\" \/>\n<meta property=\"article:modified_time\" content=\"2026-03-25T17:26:40+00:00\" \/>\n<meta property=\"og:image\" content=\"https:\/\/woedonline.nl\/wp-content\/uploads\/2024\/10\/Woed-armband-blue-1-1.jpg\" \/>\n\t<meta property=\"og:image:width\" content=\"1500\" \/>\n\t<meta property=\"og:image:height\" content=\"1500\" \/>\n\t<meta property=\"og:image:type\" content=\"image\/jpeg\" \/>\n<meta name=\"twitter:card\" content=\"summary_large_image\" \/>\n<meta name=\"twitter:label1\" content=\"Tiempo de lectura\" \/>\n\t<meta name=\"twitter:data1\" content=\"1 minuto\" \/>\n<script type=\"application\/ld+json\" class=\"yoast-schema-graph\">{\"@context\":\"https:\\\/\\\/schema.org\",\"@graph\":[{\"@type\":\"WebPage\",\"@id\":\"https:\\\/\\\/woedonline.nl\\\/es\\\/shop\\\/pulsera-de-madera\\\/pulsera-de-madera-sauce-de-agua\\\/\",\"url\":\"https:\\\/\\\/woedonline.nl\\\/es\\\/shop\\\/pulsera-de-madera\\\/pulsera-de-madera-sauce-de-agua\\\/\",\"name\":\"Pulseras de madera adecuadas tanto para mujeres como para hombres\",\"isPartOf\":{\"@id\":\"https:\\\/\\\/woedonline.nl\\\/es\\\/#website\"},\"primaryImageOfPage\":{\"@id\":\"https:\\\/\\\/woedonline.nl\\\/es\\\/shop\\\/pulsera-de-madera\\\/pulsera-de-madera-sauce-de-agua\\\/#primaryimage\"},\"image\":{\"@id\":\"https:\\\/\\\/woedonline.nl\\\/es\\\/shop\\\/pulsera-de-madera\\\/pulsera-de-madera-sauce-de-agua\\\/#primaryimage\"},\"thumbnailUrl\":\"https:\\\/\\\/woedonline.nl\\\/wp-content\\\/uploads\\\/2024\\\/10\\\/Woed-armband-blue-1-1.jpg\",\"datePublished\":\"2024-10-11T09:31:31+00:00\",\"dateModified\":\"2026-03-25T17:26:40+00:00\",\"description\":\"Descubre la combinaci\u00f3n perfecta de belleza natural y durabilidad con nuestras impresionantes pulseras de madera, elaboradas por expertos con una mezcla de acero inoxidable (SS) y madera de alta calidad.\",\"breadcrumb\":{\"@id\":\"https:\\\/\\\/woedonline.nl\\\/es\\\/shop\\\/pulsera-de-madera\\\/pulsera-de-madera-sauce-de-agua\\\/#breadcrumb\"},\"inLanguage\":\"es\",\"potentialAction\":[{\"@type\":\"ReadAction\",\"target\":[\"https:\\\/\\\/woedonline.nl\\\/es\\\/shop\\\/pulsera-de-madera\\\/pulsera-de-madera-sauce-de-agua\\\/\"]}]},{\"@type\":\"ImageObject\",\"inLanguage\":\"es\",\"@id\":\"https:\\\/\\\/woedonline.nl\\\/es\\\/shop\\\/pulsera-de-madera\\\/pulsera-de-madera-sauce-de-agua\\\/#primaryimage\",\"url\":\"https:\\\/\\\/woedonline.nl\\\/wp-content\\\/uploads\\\/2024\\\/10\\\/Woed-armband-blue-1-1.jpg\",\"contentUrl\":\"https:\\\/\\\/woedonline.nl\\\/wp-content\\\/uploads\\\/2024\\\/10\\\/Woed-armband-blue-1-1.jpg\",\"width\":1500,\"height\":1500},{\"@type\":\"BreadcrumbList\",\"@id\":\"https:\\\/\\\/woedonline.nl\\\/es\\\/shop\\\/pulsera-de-madera\\\/pulsera-de-madera-sauce-de-agua\\\/#breadcrumb\",\"itemListElement\":[{\"@type\":\"ListItem\",\"position\":1,\"name\":\"Inicio\",\"item\":\"https:\\\/\\\/woedonline.nl\\\/es\\\/\"},{\"@type\":\"ListItem\",\"position\":2,\"name\":\"Tienda\",\"item\":\"https:\\\/\\\/woedonline.nl\\\/es\\\/tienda\\\/\"},{\"@type\":\"ListItem\",\"position\":3,\"name\":\"Pulsera de Madera | Sauce de Agua\"}]},{\"@type\":\"WebSite\",\"@id\":\"https:\\\/\\\/woedonline.nl\\\/es\\\/#website\",\"url\":\"https:\\\/\\\/woedonline.nl\\\/es\\\/\",\"name\":\"Woed\",\"description\":\"Geen boomknuffels, wel een houten feestje voor jou\",\"publisher\":{\"@id\":\"https:\\\/\\\/woedonline.nl\\\/es\\\/#organization\"},\"alternateName\":\"W\",\"potentialAction\":[{\"@type\":\"SearchAction\",\"target\":{\"@type\":\"EntryPoint\",\"urlTemplate\":\"https:\\\/\\\/woedonline.nl\\\/es\\\/?s={search_term_string}\"},\"query-input\":{\"@type\":\"PropertyValueSpecification\",\"valueRequired\":true,\"valueName\":\"search_term_string\"}}],\"inLanguage\":\"es\"},{\"@type\":\"Organization\",\"@id\":\"https:\\\/\\\/woedonline.nl\\\/es\\\/#organization\",\"name\":\"Woed\",\"alternateName\":\"W\",\"url\":\"https:\\\/\\\/woedonline.nl\\\/es\\\/\",\"logo\":{\"@type\":\"ImageObject\",\"inLanguage\":\"es\",\"@id\":\"https:\\\/\\\/woedonline.nl\\\/es\\\/#\\\/schema\\\/logo\\\/image\\\/\",\"url\":\"https:\\\/\\\/woedonline.nl\\\/wp-content\\\/uploads\\\/2016\\\/05\\\/Wood-logo-name-png.png\",\"contentUrl\":\"https:\\\/\\\/woedonline.nl\\\/wp-content\\\/uploads\\\/2016\\\/05\\\/Wood-logo-name-png.png\",\"width\":250,\"height\":89,\"caption\":\"Woed\"},\"image\":{\"@id\":\"https:\\\/\\\/woedonline.nl\\\/es\\\/#\\\/schema\\\/logo\\\/image\\\/\"},\"sameAs\":[\"https:\\\/\\\/www.facebook.com\\\/Woedshop\\\/\",\"https:\\\/\\\/www.instagram.com\\\/woed.eu\"]}]}<\/script>\n<!-- \/ Yoast SEO plugin. -->","yoast_head_json":{"title":"Pulseras de madera adecuadas tanto para mujeres como para hombres","description":"Descubre la combinaci\u00f3n perfecta de belleza natural y durabilidad con nuestras impresionantes pulseras de madera, elaboradas por expertos con una mezcla de acero inoxidable (SS) y madera de alta calidad.","robots":{"index":"index","follow":"follow","max-snippet":"max-snippet:-1","max-image-preview":"max-image-preview:large","max-video-preview":"max-video-preview:-1"},"canonical":"https:\/\/woedonline.nl\/es\/shop\/pulsera-de-madera\/pulsera-de-madera-sauce-de-agua\/","og_locale":"es_ES","og_type":"article","og_title":"Pulseras de madera adecuadas tanto para mujeres como para hombres","og_description":"Descubre la combinaci\u00f3n perfecta de belleza natural y durabilidad con nuestras impresionantes pulseras de madera, elaboradas por expertos con una mezcla de acero inoxidable (SS) y madera de alta calidad.","og_url":"https:\/\/woedonline.nl\/es\/shop\/pulsera-de-madera\/pulsera-de-madera-sauce-de-agua\/","og_site_name":"Woed","article_publisher":"https:\/\/www.facebook.com\/Woedshop\/","article_modified_time":"2026-03-25T17:26:40+00:00","og_image":[{"width":1500,"height":1500,"url":"https:\/\/woedonline.nl\/wp-content\/uploads\/2024\/10\/Woed-armband-blue-1-1.jpg","type":"image\/jpeg"}],"twitter_card":"summary_large_image","twitter_misc":{"Tiempo de lectura":"1 minuto"},"schema":{"@context":"https:\/\/schema.org","@graph":[{"@type":"WebPage","@id":"https:\/\/woedonline.nl\/es\/shop\/pulsera-de-madera\/pulsera-de-madera-sauce-de-agua\/","url":"https:\/\/woedonline.nl\/es\/shop\/pulsera-de-madera\/pulsera-de-madera-sauce-de-agua\/","name":"Pulseras de madera adecuadas tanto para mujeres como para hombres","isPartOf":{"@id":"https:\/\/woedonline.nl\/es\/#website"},"primaryImageOfPage":{"@id":"https:\/\/woedonline.nl\/es\/shop\/pulsera-de-madera\/pulsera-de-madera-sauce-de-agua\/#primaryimage"},"image":{"@id":"https:\/\/woedonline.nl\/es\/shop\/pulsera-de-madera\/pulsera-de-madera-sauce-de-agua\/#primaryimage"},"thumbnailUrl":"https:\/\/woedonline.nl\/wp-content\/uploads\/2024\/10\/Woed-armband-blue-1-1.jpg","datePublished":"2024-10-11T09:31:31+00:00","dateModified":"2026-03-25T17:26:40+00:00","description":"Descubre la combinaci\u00f3n perfecta de belleza natural y durabilidad con nuestras impresionantes pulseras de madera, elaboradas por expertos con una mezcla de acero inoxidable (SS) y madera de alta calidad.","breadcrumb":{"@id":"https:\/\/woedonline.nl\/es\/shop\/pulsera-de-madera\/pulsera-de-madera-sauce-de-agua\/#breadcrumb"},"inLanguage":"es","potentialAction":[{"@type":"ReadAction","target":["https:\/\/woedonline.nl\/es\/shop\/pulsera-de-madera\/pulsera-de-madera-sauce-de-agua\/"]}]},{"@type":"ImageObject","inLanguage":"es","@id":"https:\/\/woedonline.nl\/es\/shop\/pulsera-de-madera\/pulsera-de-madera-sauce-de-agua\/#primaryimage","url":"https:\/\/woedonline.nl\/wp-content\/uploads\/2024\/10\/Woed-armband-blue-1-1.jpg","contentUrl":"https:\/\/woedonline.nl\/wp-content\/uploads\/2024\/10\/Woed-armband-blue-1-1.jpg","width":1500,"height":1500},{"@type":"BreadcrumbList","@id":"https:\/\/woedonline.nl\/es\/shop\/pulsera-de-madera\/pulsera-de-madera-sauce-de-agua\/#breadcrumb","itemListElement":[{"@type":"ListItem","position":1,"name":"Inicio","item":"https:\/\/woedonline.nl\/es\/"},{"@type":"ListItem","position":2,"name":"Tienda","item":"https:\/\/woedonline.nl\/es\/tienda\/"},{"@type":"ListItem","position":3,"name":"Pulsera de Madera | Sauce de Agua"}]},{"@type":"WebSite","@id":"https:\/\/woedonline.nl\/es\/#website","url":"https:\/\/woedonline.nl\/es\/","name":"Woed","description":"Geen boomknuffels, wel een houten feestje voor jou","publisher":{"@id":"https:\/\/woedonline.nl\/es\/#organization"},"alternateName":"W","potentialAction":[{"@type":"SearchAction","target":{"@type":"EntryPoint","urlTemplate":"https:\/\/woedonline.nl\/es\/?s={search_term_string}"},"query-input":{"@type":"PropertyValueSpecification","valueRequired":true,"valueName":"search_term_string"}}],"inLanguage":"es"},{"@type":"Organization","@id":"https:\/\/woedonline.nl\/es\/#organization","name":"Woed","alternateName":"W","url":"https:\/\/woedonline.nl\/es\/","logo":{"@type":"ImageObject","inLanguage":"es","@id":"https:\/\/woedonline.nl\/es\/#\/schema\/logo\/image\/","url":"https:\/\/woedonline.nl\/wp-content\/uploads\/2016\/05\/Wood-logo-name-png.png","contentUrl":"https:\/\/woedonline.nl\/wp-content\/uploads\/2016\/05\/Wood-logo-name-png.png","width":250,"height":89,"caption":"Woed"},"image":{"@id":"https:\/\/woedonline.nl\/es\/#\/schema\/logo\/image\/"},"sameAs":["https:\/\/www.facebook.com\/Woedshop\/","https:\/\/www.instagram.com\/woed.eu"]}]}},"_links":{"self":[{"href":"https:\/\/woedonline.nl\/es\/wp-json\/wp\/v2\/product\/399527","targetHints":{"allow":["GET"]}}],"collection":[{"href":"https:\/\/woedonline.nl\/es\/wp-json\/wp\/v2\/product"}],"about":[{"href":"https:\/\/woedonline.nl\/es\/wp-json\/wp\/v2\/types\/product"}],"replies":[{"embeddable":true,"href":"https:\/\/woedonline.nl\/es\/wp-json\/wp\/v2\/comments?post=399527"}],"wp:featuredmedia":[{"embeddable":true,"href":"https:\/\/woedonline.nl\/es\/wp-json\/wp\/v2\/media\/399529"}],"wp:attachment":[{"href":"https:\/\/woedonline.nl\/es\/wp-json\/wp\/v2\/media?parent=399527"}],"wp:term":[{"taxonomy":"product_brand","embeddable":true,"href":"https:\/\/woedonline.nl\/es\/wp-json\/wp\/v2\/product_brand?post=399527"},{"taxonomy":"product_cat","embeddable":true,"href":"https:\/\/woedonline.nl\/es\/wp-json\/wp\/v2\/product_cat?post=399527"},{"taxonomy":"product_tag","embeddable":true,"href":"https:\/\/woedonline.nl\/es\/wp-json\/wp\/v2\/product_tag?post=399527"}],"curies":[{"name":"wp","href":"https:\/\/api.w.org\/{rel}","templated":true}]}}