{"id":399440,"date":"2020-11-04T14:00:17","date_gmt":"2020-11-04T12:00:17","guid":{"rendered":"https:\/\/woedonline.nl\/shop\/sin categor\u00eda\/reloj-de-madera-39mm-nogal\/"},"modified":"2020-11-04T14:00:17","modified_gmt":"2020-11-04T13:00:17","slug":"reloj-de-madera-39mm-nogal","status":"publish","type":"product","link":"https:\/\/woedonline.nl\/es\/shop\/relojes-de-madera\/madera-completa\/reloj-de-madera-39mm-nogal\/","title":{"rendered":"Reloj de madera | 39mm | Nogal"},"content":{"rendered":"<h1>Reloj de madera Woed \u00abNogal<\/h1>\n<p>Precioso y elegante reloj de madera para se\u00f1ora. La caja es de acero. Esto hace que el reloj sea resistente al agua 3ATM*. Es de madera de nogal claro y tiene una esfera de madera oscura que combina con el color del resto del reloj. Un reloj ideal para llevar en todas las ocasiones y con todos los estilos de ropa. El reloj tiene una anchura de 39 mm.     <\/p>\n<p><strong><br \/>\n  <em>*3 ATM \/ 30<\/em><br \/>\n<\/strong> metros (tambi\u00e9n llamado waterresistant \/ water-sealed): estos relojes son resistentes a la lluvia y a las salpicaduras de agua<\/p>\n<h2>Vigila el peso y el acortamiento<\/h2>\n<p>Nuestro reloj premium tiene un tacto s\u00f3lido y es ligero. Apenas sientes que llevas puesto el reloj, que es muy c\u00f3modo. El reloj tiene un di\u00e1metro de 39 mm, por lo que es adecuado tanto para hombres como para mujeres. Con cada reloj que compres a Woed, recibir\u00e1s un juego de herramientas para que puedas acortar el reloj t\u00fa mismo. Encontrar\u00e1s toda la informaci\u00f3n al respecto en nuestra p\u00e1gina de explicaciones o en el manual que viene con \u00e9l. El reloj se enviar\u00e1 en el plazo de 1 d\u00eda laborable.     <\/p>\n<h2>Una compra muy duradera<\/h2>\n<p>Comprar un reloj de madera ya es una compra muy especial por la que vas a recibir muchos cumplidos. Sin embargo, tu compra tambi\u00e9n es una compra sostenible. Al hacer la compra en Woed, nos aseguramos de que se replante un \u00e1rbol en colaboraci\u00f3n con nuestro socio <a href=\"https:\/\/stichtingmeergroen.nl\/\">MeerGroen<\/a>. Stichting MEERGroen aspira a un mundo en equilibrio con el ecosistema que nos rodea. Para ello, no queremos que los costes y los beneficios sean los protagonistas, sino el equilibrio ecol\u00f3gico y el placer de crear juntos un mundo m\u00e1s verde. Por eso nos dedicamos a la gesti\u00f3n ecol\u00f3gica de la naturaleza y los espacios verdes, entre otras cosas, junto con grupos de voluntarios. Porque el poder reside en: \u00a1trabajar juntos y utilizar el poder ciudadano! Plantar un \u00e1rbol por cada reloj vendido garantiza que se vuelvan a plantar m\u00e1s. Por tanto, una compra muy sostenible.        <\/p>\n","protected":false},"excerpt":{"rendered":"<p>\u271439mm (modelo unisex)<br \/>\n\u2714100% madera aut\u00e9ntica<br \/>\n\u2714Resistente a salpicaduras 3ATM<br \/>\n\u2714Ligero y c\u00f3modo<br \/>\n\u2714Mecanismo de reloj de calidad<br \/>\n\u2714Pin para acortar la correa del reloj incluido<\/p>\n","protected":false},"featured_media":399443,"comment_status":"open","ping_status":"closed","template":"","meta":[],"product_brand":[],"product_cat":[1359],"product_tag":[1349,1358],"class_list":{"0":"post-399440","1":"product","2":"type-product","3":"status-publish","4":"has-post-thumbnail","6":"product_cat-madera-completa","7":"product_tag-reloj-de-madera","8":"product_tag-todo-de-madera","9":"product_shipping_class-pulseras-reloj-gafas-de-sol","11":"first","12":"instock","13":"taxable","14":"shipping-taxable","15":"purchasable","16":"product-type-simple"},"yoast_head":"<!-- This site is optimized with the Yoast SEO plugin v27.4 - https:\/\/yoast.com\/product\/yoast-seo-wordpress\/ -->\n<title>Reloj de madera | 39mm | Nogal - Woed<\/title>\n<meta name=\"description\" content=\"WoED | \u00a1Para todos tus accesorios de madera! Reloj de madera. Reloj de se\u00f1ora de 39 mm, de alta calidad.\" \/>\n<meta name=\"robots\" content=\"index, follow, max-snippet:-1, max-image-preview:large, max-video-preview:-1\" \/>\n<link rel=\"canonical\" href=\"https:\/\/woedonline.nl\/es\/shop\/relojes-de-madera\/madera-completa\/reloj-de-madera-39mm-nogal\/\" \/>\n<meta property=\"og:locale\" content=\"es_ES\" \/>\n<meta property=\"og:type\" content=\"article\" \/>\n<meta property=\"og:title\" content=\"Reloj de madera | 39mm | Nogal - Woed\" \/>\n<meta property=\"og:description\" content=\"WoED | \u00a1Para todos tus accesorios de madera! Reloj de madera. Reloj de se\u00f1ora de 39 mm, de alta calidad.\" \/>\n<meta property=\"og:url\" content=\"https:\/\/woedonline.nl\/es\/shop\/relojes-de-madera\/madera-completa\/reloj-de-madera-39mm-nogal\/\" \/>\n<meta property=\"og:site_name\" content=\"Woed\" \/>\n<meta property=\"article:publisher\" content=\"https:\/\/www.facebook.com\/Woedshop\/\" \/>\n<meta property=\"article:modified_time\" content=\"2020-11-04T13:00:17+00:00\" \/>\n<meta property=\"og:image\" content=\"https:\/\/woedonline.nl\/wp-content\/uploads\/2020\/11\/Walnut-1.jpg\" \/>\n\t<meta property=\"og:image:width\" content=\"800\" \/>\n\t<meta property=\"og:image:height\" content=\"800\" \/>\n\t<meta property=\"og:image:type\" content=\"image\/jpeg\" \/>\n<meta name=\"twitter:card\" content=\"summary_large_image\" \/>\n<meta name=\"twitter:label1\" content=\"Tiempo de lectura\" \/>\n\t<meta name=\"twitter:data1\" content=\"2 minuto\" \/>\n<script type=\"application\/ld+json\" class=\"yoast-schema-graph\">{\"@context\":\"https:\\\/\\\/schema.org\",\"@graph\":[{\"@type\":\"WebPage\",\"@id\":\"https:\\\/\\\/woedonline.nl\\\/es\\\/shop\\\/relojes-de-madera\\\/madera-completa\\\/reloj-de-madera-39mm-nogal\\\/\",\"url\":\"https:\\\/\\\/woedonline.nl\\\/es\\\/shop\\\/relojes-de-madera\\\/madera-completa\\\/reloj-de-madera-39mm-nogal\\\/\",\"name\":\"Reloj de madera | 39mm | Nogal - Woed\",\"isPartOf\":{\"@id\":\"https:\\\/\\\/woedonline.nl\\\/es\\\/#website\"},\"primaryImageOfPage\":{\"@id\":\"https:\\\/\\\/woedonline.nl\\\/es\\\/shop\\\/relojes-de-madera\\\/madera-completa\\\/reloj-de-madera-39mm-nogal\\\/#primaryimage\"},\"image\":{\"@id\":\"https:\\\/\\\/woedonline.nl\\\/es\\\/shop\\\/relojes-de-madera\\\/madera-completa\\\/reloj-de-madera-39mm-nogal\\\/#primaryimage\"},\"thumbnailUrl\":\"https:\\\/\\\/woedonline.nl\\\/wp-content\\\/uploads\\\/2020\\\/11\\\/Walnut-1.jpg\",\"datePublished\":\"2020-11-04T12:00:17+00:00\",\"dateModified\":\"2020-11-04T13:00:17+00:00\",\"description\":\"WoED | \u00a1Para todos tus accesorios de madera! Reloj de madera. Reloj de se\u00f1ora de 39 mm, de alta calidad.\",\"breadcrumb\":{\"@id\":\"https:\\\/\\\/woedonline.nl\\\/es\\\/shop\\\/relojes-de-madera\\\/madera-completa\\\/reloj-de-madera-39mm-nogal\\\/#breadcrumb\"},\"inLanguage\":\"es\",\"potentialAction\":[{\"@type\":\"ReadAction\",\"target\":[\"https:\\\/\\\/woedonline.nl\\\/es\\\/shop\\\/relojes-de-madera\\\/madera-completa\\\/reloj-de-madera-39mm-nogal\\\/\"]}]},{\"@type\":\"ImageObject\",\"inLanguage\":\"es\",\"@id\":\"https:\\\/\\\/woedonline.nl\\\/es\\\/shop\\\/relojes-de-madera\\\/madera-completa\\\/reloj-de-madera-39mm-nogal\\\/#primaryimage\",\"url\":\"https:\\\/\\\/woedonline.nl\\\/wp-content\\\/uploads\\\/2020\\\/11\\\/Walnut-1.jpg\",\"contentUrl\":\"https:\\\/\\\/woedonline.nl\\\/wp-content\\\/uploads\\\/2020\\\/11\\\/Walnut-1.jpg\",\"width\":800,\"height\":800},{\"@type\":\"BreadcrumbList\",\"@id\":\"https:\\\/\\\/woedonline.nl\\\/es\\\/shop\\\/relojes-de-madera\\\/madera-completa\\\/reloj-de-madera-39mm-nogal\\\/#breadcrumb\",\"itemListElement\":[{\"@type\":\"ListItem\",\"position\":1,\"name\":\"Inicio\",\"item\":\"https:\\\/\\\/woedonline.nl\\\/es\\\/\"},{\"@type\":\"ListItem\",\"position\":2,\"name\":\"Tienda\",\"item\":\"https:\\\/\\\/woedonline.nl\\\/es\\\/tienda\\\/\"},{\"@type\":\"ListItem\",\"position\":3,\"name\":\"Reloj de madera | 39mm | Nogal\"}]},{\"@type\":\"WebSite\",\"@id\":\"https:\\\/\\\/woedonline.nl\\\/es\\\/#website\",\"url\":\"https:\\\/\\\/woedonline.nl\\\/es\\\/\",\"name\":\"Woed\",\"description\":\"Geen boomknuffels, wel een houten feestje voor jou\",\"publisher\":{\"@id\":\"https:\\\/\\\/woedonline.nl\\\/es\\\/#organization\"},\"alternateName\":\"W\",\"potentialAction\":[{\"@type\":\"SearchAction\",\"target\":{\"@type\":\"EntryPoint\",\"urlTemplate\":\"https:\\\/\\\/woedonline.nl\\\/es\\\/?s={search_term_string}\"},\"query-input\":{\"@type\":\"PropertyValueSpecification\",\"valueRequired\":true,\"valueName\":\"search_term_string\"}}],\"inLanguage\":\"es\"},{\"@type\":\"Organization\",\"@id\":\"https:\\\/\\\/woedonline.nl\\\/es\\\/#organization\",\"name\":\"Woed\",\"alternateName\":\"W\",\"url\":\"https:\\\/\\\/woedonline.nl\\\/es\\\/\",\"logo\":{\"@type\":\"ImageObject\",\"inLanguage\":\"es\",\"@id\":\"https:\\\/\\\/woedonline.nl\\\/es\\\/#\\\/schema\\\/logo\\\/image\\\/\",\"url\":\"https:\\\/\\\/woedonline.nl\\\/wp-content\\\/uploads\\\/2016\\\/05\\\/Wood-logo-name-png.png\",\"contentUrl\":\"https:\\\/\\\/woedonline.nl\\\/wp-content\\\/uploads\\\/2016\\\/05\\\/Wood-logo-name-png.png\",\"width\":250,\"height\":89,\"caption\":\"Woed\"},\"image\":{\"@id\":\"https:\\\/\\\/woedonline.nl\\\/es\\\/#\\\/schema\\\/logo\\\/image\\\/\"},\"sameAs\":[\"https:\\\/\\\/www.facebook.com\\\/Woedshop\\\/\",\"https:\\\/\\\/www.instagram.com\\\/woed.eu\"]}]}<\/script>\n<!-- \/ Yoast SEO plugin. -->","yoast_head_json":{"title":"Reloj de madera | 39mm | Nogal - Woed","description":"WoED | \u00a1Para todos tus accesorios de madera! Reloj de madera. Reloj de se\u00f1ora de 39 mm, de alta calidad.","robots":{"index":"index","follow":"follow","max-snippet":"max-snippet:-1","max-image-preview":"max-image-preview:large","max-video-preview":"max-video-preview:-1"},"canonical":"https:\/\/woedonline.nl\/es\/shop\/relojes-de-madera\/madera-completa\/reloj-de-madera-39mm-nogal\/","og_locale":"es_ES","og_type":"article","og_title":"Reloj de madera | 39mm | Nogal - Woed","og_description":"WoED | \u00a1Para todos tus accesorios de madera! Reloj de madera. Reloj de se\u00f1ora de 39 mm, de alta calidad.","og_url":"https:\/\/woedonline.nl\/es\/shop\/relojes-de-madera\/madera-completa\/reloj-de-madera-39mm-nogal\/","og_site_name":"Woed","article_publisher":"https:\/\/www.facebook.com\/Woedshop\/","article_modified_time":"2020-11-04T13:00:17+00:00","og_image":[{"width":800,"height":800,"url":"https:\/\/woedonline.nl\/wp-content\/uploads\/2020\/11\/Walnut-1.jpg","type":"image\/jpeg"}],"twitter_card":"summary_large_image","twitter_misc":{"Tiempo de lectura":"2 minuto"},"schema":{"@context":"https:\/\/schema.org","@graph":[{"@type":"WebPage","@id":"https:\/\/woedonline.nl\/es\/shop\/relojes-de-madera\/madera-completa\/reloj-de-madera-39mm-nogal\/","url":"https:\/\/woedonline.nl\/es\/shop\/relojes-de-madera\/madera-completa\/reloj-de-madera-39mm-nogal\/","name":"Reloj de madera | 39mm | Nogal - Woed","isPartOf":{"@id":"https:\/\/woedonline.nl\/es\/#website"},"primaryImageOfPage":{"@id":"https:\/\/woedonline.nl\/es\/shop\/relojes-de-madera\/madera-completa\/reloj-de-madera-39mm-nogal\/#primaryimage"},"image":{"@id":"https:\/\/woedonline.nl\/es\/shop\/relojes-de-madera\/madera-completa\/reloj-de-madera-39mm-nogal\/#primaryimage"},"thumbnailUrl":"https:\/\/woedonline.nl\/wp-content\/uploads\/2020\/11\/Walnut-1.jpg","datePublished":"2020-11-04T12:00:17+00:00","dateModified":"2020-11-04T13:00:17+00:00","description":"WoED | \u00a1Para todos tus accesorios de madera! Reloj de madera. Reloj de se\u00f1ora de 39 mm, de alta calidad.","breadcrumb":{"@id":"https:\/\/woedonline.nl\/es\/shop\/relojes-de-madera\/madera-completa\/reloj-de-madera-39mm-nogal\/#breadcrumb"},"inLanguage":"es","potentialAction":[{"@type":"ReadAction","target":["https:\/\/woedonline.nl\/es\/shop\/relojes-de-madera\/madera-completa\/reloj-de-madera-39mm-nogal\/"]}]},{"@type":"ImageObject","inLanguage":"es","@id":"https:\/\/woedonline.nl\/es\/shop\/relojes-de-madera\/madera-completa\/reloj-de-madera-39mm-nogal\/#primaryimage","url":"https:\/\/woedonline.nl\/wp-content\/uploads\/2020\/11\/Walnut-1.jpg","contentUrl":"https:\/\/woedonline.nl\/wp-content\/uploads\/2020\/11\/Walnut-1.jpg","width":800,"height":800},{"@type":"BreadcrumbList","@id":"https:\/\/woedonline.nl\/es\/shop\/relojes-de-madera\/madera-completa\/reloj-de-madera-39mm-nogal\/#breadcrumb","itemListElement":[{"@type":"ListItem","position":1,"name":"Inicio","item":"https:\/\/woedonline.nl\/es\/"},{"@type":"ListItem","position":2,"name":"Tienda","item":"https:\/\/woedonline.nl\/es\/tienda\/"},{"@type":"ListItem","position":3,"name":"Reloj de madera | 39mm | Nogal"}]},{"@type":"WebSite","@id":"https:\/\/woedonline.nl\/es\/#website","url":"https:\/\/woedonline.nl\/es\/","name":"Woed","description":"Geen boomknuffels, wel een houten feestje voor jou","publisher":{"@id":"https:\/\/woedonline.nl\/es\/#organization"},"alternateName":"W","potentialAction":[{"@type":"SearchAction","target":{"@type":"EntryPoint","urlTemplate":"https:\/\/woedonline.nl\/es\/?s={search_term_string}"},"query-input":{"@type":"PropertyValueSpecification","valueRequired":true,"valueName":"search_term_string"}}],"inLanguage":"es"},{"@type":"Organization","@id":"https:\/\/woedonline.nl\/es\/#organization","name":"Woed","alternateName":"W","url":"https:\/\/woedonline.nl\/es\/","logo":{"@type":"ImageObject","inLanguage":"es","@id":"https:\/\/woedonline.nl\/es\/#\/schema\/logo\/image\/","url":"https:\/\/woedonline.nl\/wp-content\/uploads\/2016\/05\/Wood-logo-name-png.png","contentUrl":"https:\/\/woedonline.nl\/wp-content\/uploads\/2016\/05\/Wood-logo-name-png.png","width":250,"height":89,"caption":"Woed"},"image":{"@id":"https:\/\/woedonline.nl\/es\/#\/schema\/logo\/image\/"},"sameAs":["https:\/\/www.facebook.com\/Woedshop\/","https:\/\/www.instagram.com\/woed.eu"]}]}},"_links":{"self":[{"href":"https:\/\/woedonline.nl\/es\/wp-json\/wp\/v2\/product\/399440","targetHints":{"allow":["GET"]}}],"collection":[{"href":"https:\/\/woedonline.nl\/es\/wp-json\/wp\/v2\/product"}],"about":[{"href":"https:\/\/woedonline.nl\/es\/wp-json\/wp\/v2\/types\/product"}],"replies":[{"embeddable":true,"href":"https:\/\/woedonline.nl\/es\/wp-json\/wp\/v2\/comments?post=399440"}],"wp:featuredmedia":[{"embeddable":true,"href":"https:\/\/woedonline.nl\/es\/wp-json\/wp\/v2\/media\/399443"}],"wp:attachment":[{"href":"https:\/\/woedonline.nl\/es\/wp-json\/wp\/v2\/media?parent=399440"}],"wp:term":[{"taxonomy":"product_brand","embeddable":true,"href":"https:\/\/woedonline.nl\/es\/wp-json\/wp\/v2\/product_brand?post=399440"},{"taxonomy":"product_cat","embeddable":true,"href":"https:\/\/woedonline.nl\/es\/wp-json\/wp\/v2\/product_cat?post=399440"},{"taxonomy":"product_tag","embeddable":true,"href":"https:\/\/woedonline.nl\/es\/wp-json\/wp\/v2\/product_tag?post=399440"}],"curies":[{"name":"wp","href":"https:\/\/api.w.org\/{rel}","templated":true}]}}