{"id":394281,"date":"2020-01-07T22:00:22","date_gmt":"2020-01-07T21:00:22","guid":{"rendered":"https:\/\/woedonline.nl\/politica-de-garantia\/"},"modified":"2025-10-08T11:51:12","modified_gmt":"2025-10-08T09:51:12","slug":"politica-de-garantia","status":"publish","type":"page","link":"https:\/\/woedonline.nl\/es\/politica-de-garantia\/","title":{"rendered":"Pol\u00edtica de garant\u00eda"},"content":{"rendered":"\n<div class=\"row\"  id=\"row-1918025085\">\n\n\n\t<div id=\"col-202475774\" class=\"col small-12 large-12\"  >\n\t\t\t\t<div class=\"col-inner\"  >\n\t\t\t\n\t\t\t\n\n<p><strong>Pol\u00edtica de garant\u00eda<\/strong><\/p>\n<p>Woed ofrece una garant\u00eda para todos los productos vendidos.<\/p>\n<p>Esta garant\u00eda cubre todos los defectos de fabricaci\u00f3n y mano de obra. Corresponde a Woed decidir si el da\u00f1o est\u00e1 cubierto por la garant\u00eda. <\/p>\n<p>Woed s\u00f3lo autorizar\u00e1 reclamaciones de garant\u00eda sobre productos adquiridos directamente a trav\u00e9s del sitio web de Woed o de un distribuidor oficial.<\/p>\n<p>El periodo de garant\u00eda de nuestras gorras y gafas de sol es de <strong>12 meses.<\/strong><br\/>El periodo de garant\u00eda de nuestros relojes es <strong>de 6 meses.<\/strong><\/p>\n<p>Durante el periodo de garant\u00eda mencionado, Woed es responsable de sustituir o reembolsar el producto adquirido. Woed no se hace responsable de ning\u00fan otro da\u00f1o, como da\u00f1os especiales o incidentales derivados del uso de los productos Woed. <\/p>\n<p>Si se sustituye un producto dentro del periodo de garant\u00eda, la fecha de inicio del periodo de garant\u00eda sigue siendo la fecha de compra del producto original.<\/p>\n\n\t\t<\/div>\n\t\t\t\t\t<\/div>\n\n\t\n\n<\/div>\n","protected":false},"excerpt":{"rendered":"","protected":false},"author":1,"featured_media":0,"parent":0,"menu_order":0,"comment_status":"closed","ping_status":"closed","template":"","meta":{"footnotes":""},"class_list":["post-394281","page","type-page","status-publish","hentry"],"yoast_head":"<!-- This site is optimized with the Yoast SEO plugin v27.4 - https:\/\/yoast.com\/product\/yoast-seo-wordpress\/ -->\n<title>Pol\u00edtica de garant\u00eda- Woed<\/title>\n<meta name=\"description\" content=\"&quot;Ontdek unieke kurk petten bij WOED - Natuurlijke schoonheid, vakmanschap en plezier in elke handgemaakte creatie. Bestel nu en ervaar de dansvloer met onze swingende houten items!&quot;\" \/>\n<meta name=\"robots\" content=\"index, follow, max-snippet:-1, max-image-preview:large, max-video-preview:-1\" \/>\n<link rel=\"canonical\" href=\"https:\/\/woedonline.nl\/es\/politica-de-garantia\/\" \/>\n<meta property=\"og:locale\" content=\"es_ES\" \/>\n<meta property=\"og:type\" content=\"article\" \/>\n<meta property=\"og:title\" content=\"Pol\u00edtica de garant\u00eda- Woed\" \/>\n<meta property=\"og:description\" content=\"&quot;Ontdek unieke kurk petten bij WOED - Natuurlijke schoonheid, vakmanschap en plezier in elke handgemaakte creatie. Bestel nu en ervaar de dansvloer met onze swingende houten items!&quot;\" \/>\n<meta property=\"og:url\" content=\"https:\/\/woedonline.nl\/es\/politica-de-garantia\/\" \/>\n<meta property=\"og:site_name\" content=\"Woed\" \/>\n<meta property=\"article:publisher\" content=\"https:\/\/www.facebook.com\/Woedshop\/\" \/>\n<meta property=\"article:modified_time\" content=\"2025-10-08T09:51:12+00:00\" \/>\n<meta property=\"og:image\" content=\"https:\/\/woedonline.nl\/wp-content\/uploads\/2023\/10\/BDM00617-jpg.webp\" \/>\n\t<meta property=\"og:image:width\" content=\"1080\" \/>\n\t<meta property=\"og:image:height\" content=\"720\" \/>\n\t<meta property=\"og:image:type\" content=\"image\/jpeg\" \/>\n<meta name=\"twitter:card\" content=\"summary_large_image\" \/>\n<meta name=\"twitter:label1\" content=\"Tiempo de lectura\" \/>\n\t<meta name=\"twitter:data1\" content=\"1 minuto\" \/>\n<script type=\"application\/ld+json\" class=\"yoast-schema-graph\">{\"@context\":\"https:\\\/\\\/schema.org\",\"@graph\":[{\"@type\":\"WebPage\",\"@id\":\"https:\\\/\\\/woedonline.nl\\\/es\\\/politica-de-garantia\\\/\",\"url\":\"https:\\\/\\\/woedonline.nl\\\/es\\\/politica-de-garantia\\\/\",\"name\":\"Pol\u00edtica de garant\u00eda- Woed\",\"isPartOf\":{\"@id\":\"https:\\\/\\\/woedonline.nl\\\/es\\\/#website\"},\"datePublished\":\"2020-01-07T21:00:22+00:00\",\"dateModified\":\"2025-10-08T09:51:12+00:00\",\"description\":\"\\\"Ontdek unieke kurk petten bij WOED - Natuurlijke schoonheid, vakmanschap en plezier in elke handgemaakte creatie. Bestel nu en ervaar de dansvloer met onze swingende houten items!\\\"\",\"breadcrumb\":{\"@id\":\"https:\\\/\\\/woedonline.nl\\\/es\\\/politica-de-garantia\\\/#breadcrumb\"},\"inLanguage\":\"es\",\"potentialAction\":[{\"@type\":\"ReadAction\",\"target\":[\"https:\\\/\\\/woedonline.nl\\\/es\\\/politica-de-garantia\\\/\"]}]},{\"@type\":\"BreadcrumbList\",\"@id\":\"https:\\\/\\\/woedonline.nl\\\/es\\\/politica-de-garantia\\\/#breadcrumb\",\"itemListElement\":[{\"@type\":\"ListItem\",\"position\":1,\"name\":\"Inicio\",\"item\":\"https:\\\/\\\/woedonline.nl\\\/es\\\/\"},{\"@type\":\"ListItem\",\"position\":2,\"name\":\"Pol\u00edtica de garant\u00eda\"}]},{\"@type\":\"WebSite\",\"@id\":\"https:\\\/\\\/woedonline.nl\\\/es\\\/#website\",\"url\":\"https:\\\/\\\/woedonline.nl\\\/es\\\/\",\"name\":\"Woed\",\"description\":\"Geen boomknuffels, wel een houten feestje voor jou\",\"publisher\":{\"@id\":\"https:\\\/\\\/woedonline.nl\\\/es\\\/#organization\"},\"alternateName\":\"W\",\"potentialAction\":[{\"@type\":\"SearchAction\",\"target\":{\"@type\":\"EntryPoint\",\"urlTemplate\":\"https:\\\/\\\/woedonline.nl\\\/es\\\/?s={search_term_string}\"},\"query-input\":{\"@type\":\"PropertyValueSpecification\",\"valueRequired\":true,\"valueName\":\"search_term_string\"}}],\"inLanguage\":\"es\"},{\"@type\":\"Organization\",\"@id\":\"https:\\\/\\\/woedonline.nl\\\/es\\\/#organization\",\"name\":\"Woed\",\"alternateName\":\"W\",\"url\":\"https:\\\/\\\/woedonline.nl\\\/es\\\/\",\"logo\":{\"@type\":\"ImageObject\",\"inLanguage\":\"es\",\"@id\":\"https:\\\/\\\/woedonline.nl\\\/es\\\/#\\\/schema\\\/logo\\\/image\\\/\",\"url\":\"https:\\\/\\\/woedonline.nl\\\/wp-content\\\/uploads\\\/2016\\\/05\\\/Wood-logo-name-png.png\",\"contentUrl\":\"https:\\\/\\\/woedonline.nl\\\/wp-content\\\/uploads\\\/2016\\\/05\\\/Wood-logo-name-png.png\",\"width\":250,\"height\":89,\"caption\":\"Woed\"},\"image\":{\"@id\":\"https:\\\/\\\/woedonline.nl\\\/es\\\/#\\\/schema\\\/logo\\\/image\\\/\"},\"sameAs\":[\"https:\\\/\\\/www.facebook.com\\\/Woedshop\\\/\",\"https:\\\/\\\/www.instagram.com\\\/woed.eu\"]}]}<\/script>\n<!-- \/ Yoast SEO plugin. -->","yoast_head_json":{"title":"Pol\u00edtica de garant\u00eda- Woed","description":"\"Ontdek unieke kurk petten bij WOED - Natuurlijke schoonheid, vakmanschap en plezier in elke handgemaakte creatie. Bestel nu en ervaar de dansvloer met onze swingende houten items!\"","robots":{"index":"index","follow":"follow","max-snippet":"max-snippet:-1","max-image-preview":"max-image-preview:large","max-video-preview":"max-video-preview:-1"},"canonical":"https:\/\/woedonline.nl\/es\/politica-de-garantia\/","og_locale":"es_ES","og_type":"article","og_title":"Pol\u00edtica de garant\u00eda- Woed","og_description":"\"Ontdek unieke kurk petten bij WOED - Natuurlijke schoonheid, vakmanschap en plezier in elke handgemaakte creatie. Bestel nu en ervaar de dansvloer met onze swingende houten items!\"","og_url":"https:\/\/woedonline.nl\/es\/politica-de-garantia\/","og_site_name":"Woed","article_publisher":"https:\/\/www.facebook.com\/Woedshop\/","article_modified_time":"2025-10-08T09:51:12+00:00","og_image":[{"width":1080,"height":720,"url":"https:\/\/woedonline.nl\/wp-content\/uploads\/2023\/10\/BDM00617-jpg.webp","type":"image\/jpeg"}],"twitter_card":"summary_large_image","twitter_misc":{"Tiempo de lectura":"1 minuto"},"schema":{"@context":"https:\/\/schema.org","@graph":[{"@type":"WebPage","@id":"https:\/\/woedonline.nl\/es\/politica-de-garantia\/","url":"https:\/\/woedonline.nl\/es\/politica-de-garantia\/","name":"Pol\u00edtica de garant\u00eda- Woed","isPartOf":{"@id":"https:\/\/woedonline.nl\/es\/#website"},"datePublished":"2020-01-07T21:00:22+00:00","dateModified":"2025-10-08T09:51:12+00:00","description":"\"Ontdek unieke kurk petten bij WOED - Natuurlijke schoonheid, vakmanschap en plezier in elke handgemaakte creatie. Bestel nu en ervaar de dansvloer met onze swingende houten items!\"","breadcrumb":{"@id":"https:\/\/woedonline.nl\/es\/politica-de-garantia\/#breadcrumb"},"inLanguage":"es","potentialAction":[{"@type":"ReadAction","target":["https:\/\/woedonline.nl\/es\/politica-de-garantia\/"]}]},{"@type":"BreadcrumbList","@id":"https:\/\/woedonline.nl\/es\/politica-de-garantia\/#breadcrumb","itemListElement":[{"@type":"ListItem","position":1,"name":"Inicio","item":"https:\/\/woedonline.nl\/es\/"},{"@type":"ListItem","position":2,"name":"Pol\u00edtica de garant\u00eda"}]},{"@type":"WebSite","@id":"https:\/\/woedonline.nl\/es\/#website","url":"https:\/\/woedonline.nl\/es\/","name":"Woed","description":"Geen boomknuffels, wel een houten feestje voor jou","publisher":{"@id":"https:\/\/woedonline.nl\/es\/#organization"},"alternateName":"W","potentialAction":[{"@type":"SearchAction","target":{"@type":"EntryPoint","urlTemplate":"https:\/\/woedonline.nl\/es\/?s={search_term_string}"},"query-input":{"@type":"PropertyValueSpecification","valueRequired":true,"valueName":"search_term_string"}}],"inLanguage":"es"},{"@type":"Organization","@id":"https:\/\/woedonline.nl\/es\/#organization","name":"Woed","alternateName":"W","url":"https:\/\/woedonline.nl\/es\/","logo":{"@type":"ImageObject","inLanguage":"es","@id":"https:\/\/woedonline.nl\/es\/#\/schema\/logo\/image\/","url":"https:\/\/woedonline.nl\/wp-content\/uploads\/2016\/05\/Wood-logo-name-png.png","contentUrl":"https:\/\/woedonline.nl\/wp-content\/uploads\/2016\/05\/Wood-logo-name-png.png","width":250,"height":89,"caption":"Woed"},"image":{"@id":"https:\/\/woedonline.nl\/es\/#\/schema\/logo\/image\/"},"sameAs":["https:\/\/www.facebook.com\/Woedshop\/","https:\/\/www.instagram.com\/woed.eu"]}]}},"_links":{"self":[{"href":"https:\/\/woedonline.nl\/es\/wp-json\/wp\/v2\/pages\/394281","targetHints":{"allow":["GET"]}}],"collection":[{"href":"https:\/\/woedonline.nl\/es\/wp-json\/wp\/v2\/pages"}],"about":[{"href":"https:\/\/woedonline.nl\/es\/wp-json\/wp\/v2\/types\/page"}],"author":[{"embeddable":true,"href":"https:\/\/woedonline.nl\/es\/wp-json\/wp\/v2\/users\/1"}],"replies":[{"embeddable":true,"href":"https:\/\/woedonline.nl\/es\/wp-json\/wp\/v2\/comments?post=394281"}],"version-history":[{"count":0,"href":"https:\/\/woedonline.nl\/es\/wp-json\/wp\/v2\/pages\/394281\/revisions"}],"wp:attachment":[{"href":"https:\/\/woedonline.nl\/es\/wp-json\/wp\/v2\/media?parent=394281"}],"curies":[{"name":"wp","href":"https:\/\/api.w.org\/{rel}","templated":true}]}}