{"id":394180,"date":"2025-10-06T13:57:02","date_gmt":"2025-10-06T11:57:02","guid":{"rendered":"https:\/\/woedonline.nl\/enoxart\/"},"modified":"2025-10-08T10:51:27","modified_gmt":"2025-10-08T08:51:27","slug":"enoxart","status":"publish","type":"page","link":"https:\/\/woedonline.nl\/es\/enoxart\/","title":{"rendered":"Enoxart"},"content":{"rendered":"\n\n\t<section class=\"section\" id=\"section_1305167060\">\n\t\t<div class=\"section-bg fill\" >\n\t\t\t\t\t\t\t\t\t\n\t\t\t\n\n\t\t<\/div>\n\n\t\t\n\n\t\t<div class=\"section-content relative\">\n\t\t\t\n\n<div class=\"row align-center\"  id=\"row-1996678053\">\n\n\n\t<div id=\"col-1306470786\" class=\"col medium-8 small-12 large-6\"  >\n\t\t\t\t<div class=\"col-inner text-center\"  >\n\t\t\t\n\t\t\t\n\n\t<div id=\"text-257059969\" class=\"text\">\n\t\t\n\n<h6><a href=\"_wp_link_placeholder\" data-wplink-edit=\"true\">Inicio<\/a> - Enoxart<\/h6>\n<div id=\"gtx-trans\" style=\"position: absolute; left: 35px; top: 36.275px;\">\n<div class=\"gtx-trans-icon\"> <\/div>\n<\/div>\n\t\t\n<style>\n#text-257059969 {\n  font-size: 0.8rem;\n}\n<\/style>\n\t<\/div>\n\t\n\t<div id=\"text-3147147065\" class=\"text\">\n\t\t\n\n<h1>Enox X Woed<\/h1>\n\t\t\n<style>\n#text-3147147065 {\n  font-size: 1.5rem;\n}\n<\/style>\n\t<\/div>\n\t\n<p><a href=\"https:\/\/enoxart.com\/\">Enox<\/a> is Iain Spanhake, een in Nieuw-Zeeland gevestigde kunstenaar die bekend staat om zijn digitale illustraties waarin hij popart, graffiti, popcultuur, cartoons uit de jaren 80\/90 en Japanse kawaii combineert tot een edgy maar schattige stijl met een ondeugende uitstraling. Zijn werk wordt gekenmerkt door urban contemporary thema&#8217;s, levendige kleuren en het cre\u00ebren van personages, logo&#8217;s en muurschilderingen voor opdrachten en merchandise. Enox deelt zijn vaardigheden ook door Procreate-cursussen aan te bieden om personages te leren tekenen.<\/p>\n\n\t\t<\/div>\n\t\t\t\t\t<\/div>\n\n\t\n\n<\/div>\n\n\t\t<\/div>\n\n\t\t\n<style>\n#section_1305167060 {\n  padding-top: 5px;\n  padding-bottom: 5px;\n  background-color: rgb(255,255,255);\n}\n<\/style>\n\t<\/section>\n\t\n<div class=\"is-divider divider clearfix\" style=\"margin-top:1.0px;margin-bottom:1.0px;max-width:100%;height:1px;background-color:rgb(237, 237, 237);\"><\/div>\n\n\n\t<section class=\"section\" id=\"section_1405220573\">\n\t\t<div class=\"section-bg fill\" >\n\t\t\t\t\t\t\t\t\t\n\t\t\t\n\n\t\t<\/div>\n\n\t\t\n\n\t\t<div class=\"section-content relative\">\n\t\t\t\n\n<div class=\"row row-large align-middle\"  id=\"row-857958295\">\n\n\n\t<div id=\"col-1856331938\" class=\"col medium-12 small-12 large-6\"  >\n\t\t\t\t<div class=\"col-inner\"  >\n\t\t\t\n\t\t\t\n\n\n  <div class=\"banner has-hover round-corners\" id=\"banner-1781267046\">\n          <div class=\"banner-inner fill\">\n        <div class=\"banner-bg fill\" >\n            <img loading=\"lazy\" decoding=\"async\" width=\"1200\" height=\"1800\" src=\"https:\/\/woedonline.nl\/wp-content\/uploads\/2025\/10\/Enox-x-Woed.jpg\" class=\"bg attachment-original size-original\" alt=\"\" \/>                                    \n                    <\/div>\n\t\t\n        <div class=\"banner-layers container\">\n            <div class=\"fill banner-link\"><\/div>            \n\n\n        <\/div>\n      <\/div>\n\n            \n<style>\n#banner-1781267046 {\n  padding-top: 200px;\n  background-color: rgb(255, 255, 255);\n}\n#banner-1781267046 .banner-bg img {\n  object-position: 48% 23%;\n}\n@media (min-width:550px) {\n  #banner-1781267046 {\n    padding-top: 623px;\n  }\n}\n<\/style>\n  <\/div>\n\n\n\n\t\t<\/div>\n\t\t\t\t\t<\/div>\n\n\t\n\n\t<div id=\"col-847209557\" class=\"col medium-12 small-12 large-6\"  >\n\t\t\t\t<div class=\"col-inner\"  >\n\t\t\t\n\t\t\t\n\n\t<div id=\"gap-1708956783\" class=\"gap-element clearfix\" style=\"display:block; height:auto;\">\n\t\t\n<style>\n#gap-1708956783 {\n  padding-top: 10px;\n}\n<\/style>\n\t<\/div>\n\t\n\n<h2>Sobre Enox<\/h2>\n<p>Iain Spanhak, soy un artista, dise\u00f1ador e ilustrador neozeland\u00e9s.<\/p>\n<h6>Inspiraci\u00f3n<\/h6>\n<p>Describo mi trabajo como una mezcla de arte urbano contempor\u00e1neo y pop, inspirado en distintos medios, como el arte del graffiti, la cultura pop, los dibujos animados de los 80 y los personajes kawaii japoneses. Con mi arte, quiero inspirar a los dem\u00e1s, aportar positividad y permitirles escapar del estr\u00e9s de la vida cotidiana durante un rato, para que puedan disfrutar de la energ\u00eda y la positividad de los personajes que creo. <\/p>\n<h6>Proceso<\/h6>\n<p><br>Trabajo principalmente con ilustraciones digitales en las aplicaciones Procreate o Fresco, pero tambi\u00e9n con t\u00e9cnicas mixtas sobre lienzo y madera. Tambi\u00e9n he trabajado en murales al aire libre, como en el Festival de Arte de Boon Street, y en exposiciones en galer\u00edas aqu\u00ed en Hamilton y Auckland (Nueva Zelanda). <\/p>\n<a href=\"https:\/\/www.instagram.com\/enoxart\/\" class=\"button primary\" >\n\t\t<span>S\u00edguelo en Instagram<\/span>\n\t<\/a>\n\n\n\n\t\t<\/div>\n\t\t\t\t\n<style>\n#col-847209557 > .col-inner {\n  padding: 0px 0px 0px 0px;\n}\n@media (min-width:850px) {\n  #col-847209557 > .col-inner {\n    padding: 0% 5% 0% 5%;\n  }\n}\n<\/style>\n\t<\/div>\n\n\t\n\n<\/div>\n<div class=\"row row-large align-middle\"  id=\"row-1888097883\">\n\n\n\t<div id=\"col-1843993929\" class=\"col medium-12 small-12 large-6\"  >\n\t\t\t\t<div class=\"col-inner\"  >\n\t\t\t\n\t\t\t\n\n\t<div id=\"gap-1445665451\" class=\"gap-element clearfix\" style=\"display:block; height:auto;\">\n\t\t\n<style>\n#gap-1445665451 {\n  padding-top: 10px;\n}\n<\/style>\n\t<\/div>\n\t\n\n<h2>\u00a1Encarga ahora tu propia obra de arte!<\/h2>\n<p>La gorra Woed x Enox es m\u00e1s que una gorra: es una declaraci\u00f3n de intenciones. Si eres un fan del arte del garabato, un coleccionista de art\u00edculos de moda \u00fanicos o simplemente buscas algo especial: esta gorra es imprescindible. <\/p>\n<a href=\"https:\/\/woedonline.nl\/product-categorie\/caps\/\" class=\"button primary\" >\n\t\t<span>Ir a la tienda<\/span>\n\t<\/a>\n\n\n\n\t\t<\/div>\n\t\t\t\t\n<style>\n#col-1843993929 > .col-inner {\n  padding: 0px 0px 0px 0px;\n}\n@media (min-width:850px) {\n  #col-1843993929 > .col-inner {\n    padding: 0% 5% 0% 5%;\n  }\n}\n<\/style>\n\t<\/div>\n\n\t\n\n\t<div id=\"col-104736199\" class=\"col medium-6 small-12 large-6\"  >\n\t\t\t\t<div class=\"col-inner\"  >\n\t\t\t\n\t\t\t\n\n<h2bestel hier=\"\" uw=\"\" pet=\"\" original=\"PD0iIiBoMj0iIj4=\"><\/h2bestel>\n\t\n  \n    <div class=\"row large-columns-2 medium-columns- small-columns- row-small\" >\n  \n\t     <div class=\"col\" >\n\t\t\t\t\t\t<div class=\"col-inner\">\n\t\t\t\t\t\t\n<div class=\"badge-container absolute left top z-1\">\n\n<\/div>\n\t\t\t\t\t\t<div class=\"product-small box has-hover box-normal box-text-bottom\">\n\t\t\t\t\t\t\t<div class=\"box-image\" >\n\t\t\t\t\t\t\t\t<div class=\"\" >\n\t\t\t\t\t\t\t\t\t<a href=\"https:\/\/woedonline.nl\/es\/shop\/todas-las-gorras-y-sombreros\/snapback-es\/snapback-lei-melendres\/\" aria-label=\"Snapback | Lei Melendres\">\n\t\t\t\t\t\t\t\t\t\t<img loading=\"lazy\" decoding=\"async\" width=\"500\" height=\"500\" src=\"https:\/\/woedonline.nl\/wp-content\/uploads\/2025\/11\/Woed-Lei-Melendres-500x500.png\" class=\"show-on-hover absolute fill hide-for-small back-imageshow-on-hover absolute fill hide-for-small back-image hover-zoom\" alt=\"Alternative view of Snapback | Lei Melendres\" aria-hidden=\"true\" srcset=\"https:\/\/woedonline.nl\/wp-content\/uploads\/2025\/11\/Woed-Lei-Melendres-500x500.png 500w, https:\/\/woedonline.nl\/wp-content\/uploads\/2025\/11\/Woed-Lei-Melendres-800x800.png 800w, https:\/\/woedonline.nl\/wp-content\/uploads\/2025\/11\/Woed-Lei-Melendres-340x340.png 340w, https:\/\/woedonline.nl\/wp-content\/uploads\/2025\/11\/Woed-Lei-Melendres-768x768.png 768w, https:\/\/woedonline.nl\/wp-content\/uploads\/2025\/11\/Woed-Lei-Melendres-100x100.png 100w, https:\/\/woedonline.nl\/wp-content\/uploads\/2025\/11\/Woed-Lei-Melendres.png 1024w\" sizes=\"auto, (max-width: 500px) 100vw, 500px\" \/><img loading=\"lazy\" decoding=\"async\" width=\"500\" height=\"500\" src=\"https:\/\/woedonline.nl\/wp-content\/uploads\/2022\/12\/Woed-Lei-Melendres-2023-1-500x500.jpg\" class=\"attachment-woocommerce_thumbnail size-woocommerce_thumbnail\" alt=\"Snapback c\u00e1\u00f1amo Lei Melendres 1\" srcset=\"https:\/\/woedonline.nl\/wp-content\/uploads\/2022\/12\/Woed-Lei-Melendres-2023-1-500x500.jpg 500w, https:\/\/woedonline.nl\/wp-content\/uploads\/2022\/12\/Woed-Lei-Melendres-2023-1-100x100.jpg 100w, https:\/\/woedonline.nl\/wp-content\/uploads\/2022\/12\/Woed-Lei-Melendres-2023-1-600x600.jpg 600w, https:\/\/woedonline.nl\/wp-content\/uploads\/2022\/12\/Woed-Lei-Melendres-2023-1.jpg 800w, https:\/\/woedonline.nl\/wp-content\/uploads\/2022\/12\/Woed-Lei-Melendres-2023-1-340x340.jpg 340w, https:\/\/woedonline.nl\/wp-content\/uploads\/2022\/12\/Woed-Lei-Melendres-2023-1-768x768.jpg 768w\" sizes=\"auto, (max-width: 500px) 100vw, 500px\" \/>\t\t\t\t\t\t\t\t\t<\/a>\n\t\t\t\t\t\t\t\t\t\t\t\t\t\t\t\t\t\t \t\t\t\t\t\t\t\t<\/div>\n\t\t\t\t\t\t\t\t<div class=\"image-tools top right show-on-hover\">\n\t\t\t\t\t\t\t\t\t\t\t\t\t\t\t\t\t<\/div>\n\t\t\t\t\t\t\t\t\t\t\t\t\t\t\t\t\t<div class=\"image-tools grid-tools text-center hide-for-small bottom hover-slide-in show-on-hover\">\n\t\t\t\t\t\t\t\t\t\t\t\t\t\t\t\t\t\t\t<\/div>\n\t\t\t\t\t\t\t\t\t\t\t\t\t\t\t\t<div class=\"out-of-stock-label\">Agotado<\/div>\t\t\t\t\t\t\t<\/div>\n\n\t\t\t\t\t\t\t<div class=\"box-text text-center\" >\n\t\t\t\t\t\t\t\t<div class=\"title-wrapper\"><p class=\"name product-title woocommerce-loop-product__title\"><a href=\"https:\/\/woedonline.nl\/es\/shop\/todas-las-gorras-y-sombreros\/snapback-es\/snapback-lei-melendres\/\" class=\"woocommerce-LoopProduct-link woocommerce-loop-product__link\">Snapback | Lei Melendres<\/a><\/p><\/div><div class=\"price-wrapper\"><div class=\"star-rating star-rating--inline\" role=\"img\" aria-label=\"Valorado con 4.9 de 5\"><span style=\"width:98%\">Valorado con <strong class=\"rating\">4.9<\/strong> de 5<\/span><\/div>\n\t<span class=\"price\"><span class=\"woocommerce-Price-amount amount\"><bdi><span class=\"woocommerce-Price-currencySymbol\">&euro;<\/span>&nbsp;34.95<\/bdi><\/span> <small class=\"woocommerce-price-suffix\">incl. btw <\/small><\/span>\n<\/div>\t\t\t\t\t\t\t<\/div>\n\t\t\t\t\t\t<\/div>\n\t\t\t\t\t\t<\/div>\n\t\t\t\t\t<\/div><div class=\"col\" >\n\t\t\t\t\t\t<div class=\"col-inner\">\n\t\t\t\t\t\t\n<div class=\"badge-container absolute left top z-1\">\n\n<\/div>\n\t\t\t\t\t\t<div class=\"product-small box has-hover box-normal box-text-bottom\">\n\t\t\t\t\t\t\t<div class=\"box-image\" >\n\t\t\t\t\t\t\t\t<div class=\"\" >\n\t\t\t\t\t\t\t\t\t<a href=\"https:\/\/woedonline.nl\/es\/shop\/todas-las-gorras-y-sombreros\/snapback-es\/snapback-trippy-tercer-ojo\/\" aria-label=\"Snapback | Trippy Tercer Ojo\">\n\t\t\t\t\t\t\t\t\t\t<img loading=\"lazy\" decoding=\"async\" width=\"500\" height=\"500\" src=\"https:\/\/woedonline.nl\/wp-content\/uploads\/2025\/11\/Woed-Trippy-Third-Eye-500x500.png\" class=\"show-on-hover absolute fill hide-for-small back-imageshow-on-hover absolute fill hide-for-small back-image hover-zoom\" alt=\"Alternative view of Snapback | Trippy Tercer Ojo\" aria-hidden=\"true\" srcset=\"https:\/\/woedonline.nl\/wp-content\/uploads\/2025\/11\/Woed-Trippy-Third-Eye-500x500.png 500w, https:\/\/woedonline.nl\/wp-content\/uploads\/2025\/11\/Woed-Trippy-Third-Eye-800x800.png 800w, https:\/\/woedonline.nl\/wp-content\/uploads\/2025\/11\/Woed-Trippy-Third-Eye-340x340.png 340w, https:\/\/woedonline.nl\/wp-content\/uploads\/2025\/11\/Woed-Trippy-Third-Eye-768x768.png 768w, https:\/\/woedonline.nl\/wp-content\/uploads\/2025\/11\/Woed-Trippy-Third-Eye-100x100.png 100w, https:\/\/woedonline.nl\/wp-content\/uploads\/2025\/11\/Woed-Trippy-Third-Eye.png 1024w\" sizes=\"auto, (max-width: 500px) 100vw, 500px\" \/><img loading=\"lazy\" decoding=\"async\" width=\"500\" height=\"500\" src=\"https:\/\/woedonline.nl\/wp-content\/uploads\/2025\/01\/Trippy-Third-Eye-2026-500x500.jpg\" class=\"attachment-woocommerce_thumbnail size-woocommerce_thumbnail\" alt=\"Snapback | Trippy Tercer Ojo\" srcset=\"https:\/\/woedonline.nl\/wp-content\/uploads\/2025\/01\/Trippy-Third-Eye-2026-500x500.jpg 500w, https:\/\/woedonline.nl\/wp-content\/uploads\/2025\/01\/Trippy-Third-Eye-2026-800x800.jpg 800w, https:\/\/woedonline.nl\/wp-content\/uploads\/2025\/01\/Trippy-Third-Eye-2026-340x340.jpg 340w, https:\/\/woedonline.nl\/wp-content\/uploads\/2025\/01\/Trippy-Third-Eye-2026-768x768.jpg 768w, https:\/\/woedonline.nl\/wp-content\/uploads\/2025\/01\/Trippy-Third-Eye-2026-100x100.jpg 100w, https:\/\/woedonline.nl\/wp-content\/uploads\/2025\/01\/Trippy-Third-Eye-2026.jpg 1000w\" sizes=\"auto, (max-width: 500px) 100vw, 500px\" \/>\t\t\t\t\t\t\t\t\t<\/a>\n\t\t\t\t\t\t\t\t\t\t\t\t\t\t\t\t\t\t \t\t\t\t\t\t\t\t<\/div>\n\t\t\t\t\t\t\t\t<div class=\"image-tools top right show-on-hover\">\n\t\t\t\t\t\t\t\t\t\t\t\t\t\t\t\t\t<\/div>\n\t\t\t\t\t\t\t\t\t\t\t\t\t\t\t\t\t<div class=\"image-tools grid-tools text-center hide-for-small bottom hover-slide-in show-on-hover\">\n\t\t\t\t\t\t\t\t\t\t\t\t\t\t\t\t\t\t\t<\/div>\n\t\t\t\t\t\t\t\t\t\t\t\t\t\t\t\t\t\t\t\t\t\t\t<\/div>\n\n\t\t\t\t\t\t\t<div class=\"box-text text-center\" >\n\t\t\t\t\t\t\t\t<div class=\"title-wrapper\"><p class=\"name product-title woocommerce-loop-product__title\"><a href=\"https:\/\/woedonline.nl\/es\/shop\/todas-las-gorras-y-sombreros\/snapback-es\/snapback-trippy-tercer-ojo\/\" class=\"woocommerce-LoopProduct-link woocommerce-loop-product__link\">Snapback | Trippy Tercer Ojo<\/a><\/p><\/div><div class=\"price-wrapper\"><div class=\"star-rating star-rating--inline\" role=\"img\" aria-label=\"Valorado con 4.94 de 5\"><span style=\"width:98.8%\">Valorado con <strong class=\"rating\">4.94<\/strong> de 5<\/span><\/div>\n\t<span class=\"price\"><span class=\"woocommerce-Price-amount amount\"><bdi><span class=\"woocommerce-Price-currencySymbol\">&euro;<\/span>&nbsp;34.95<\/bdi><\/span> <small class=\"woocommerce-price-suffix\">incl. btw <\/small><\/span>\n<\/div>\t\t\t\t\t\t\t<\/div>\n\t\t\t\t\t\t<\/div>\n\t\t\t\t\t\t<\/div>\n\t\t\t\t\t<\/div><\/div>\n\n\n\t\t<\/div>\n\t\t\t\t\t<\/div>\n\n\t\n\n<\/div>\n\n\t\t<\/div>\n\n\t\t\n<style>\n#section_1405220573 {\n  padding-top: 20px;\n  padding-bottom: 20px;\n  background-color: rgb(255, 255, 255);\n}\n@media (min-width:850px) {\n  #section_1405220573 {\n    padding-top: 30px;\n    padding-bottom: 30px;\n  }\n}\n<\/style>\n\t<\/section>\n\t\n<\/h2bestel>\n\n","protected":false},"excerpt":{"rendered":"","protected":false},"author":1,"featured_media":0,"parent":0,"menu_order":0,"comment_status":"closed","ping_status":"closed","template":"","meta":{"footnotes":""},"class_list":["post-394180","page","type-page","status-publish","hentry"],"yoast_head":"<!-- This site is optimized with the Yoast SEO plugin v27.3 - https:\/\/yoast.com\/product\/yoast-seo-wordpress\/ -->\n<title>Enoxart - Woed%<\/title>\n<meta name=\"description\" content=\"&quot;Ontdek unieke kurk petten bij WOED - Natuurlijke schoonheid, vakmanschap en plezier in elke handgemaakte creatie. Bestel nu en ervaar de dansvloer met onze swingende houten items!&quot;\" \/>\n<meta name=\"robots\" content=\"index, follow, max-snippet:-1, max-image-preview:large, max-video-preview:-1\" \/>\n<link rel=\"canonical\" href=\"https:\/\/woedonline.nl\/es\/enoxart\/\" \/>\n<meta property=\"og:locale\" content=\"es_ES\" \/>\n<meta property=\"og:type\" content=\"article\" \/>\n<meta property=\"og:title\" content=\"Enoxart - Woed%\" \/>\n<meta property=\"og:description\" content=\"&quot;Ontdek unieke kurk petten bij WOED - Natuurlijke schoonheid, vakmanschap en plezier in elke handgemaakte creatie. Bestel nu en ervaar de dansvloer met onze swingende houten items!&quot;\" \/>\n<meta property=\"og:url\" content=\"https:\/\/woedonline.nl\/es\/enoxart\/\" \/>\n<meta property=\"og:site_name\" content=\"Woed\" \/>\n<meta property=\"article:publisher\" content=\"https:\/\/www.facebook.com\/Woedshop\/\" \/>\n<meta property=\"article:modified_time\" content=\"2025-10-08T08:51:27+00:00\" \/>\n<meta property=\"og:image\" content=\"https:\/\/woedonline.nl\/wp-content\/uploads\/2023\/10\/BDM00617-jpg.webp\" \/>\n\t<meta property=\"og:image:width\" content=\"1080\" \/>\n\t<meta property=\"og:image:height\" content=\"720\" \/>\n\t<meta property=\"og:image:type\" content=\"image\/jpeg\" \/>\n<meta name=\"twitter:card\" content=\"summary_large_image\" \/>\n<meta name=\"twitter:label1\" content=\"Tiempo de lectura\" \/>\n\t<meta name=\"twitter:data1\" content=\"2 minuto\" \/>\n<script type=\"application\/ld+json\" class=\"yoast-schema-graph\">{\"@context\":\"https:\\\/\\\/schema.org\",\"@graph\":[{\"@type\":\"WebPage\",\"@id\":\"https:\\\/\\\/woedonline.nl\\\/es\\\/enoxart\\\/\",\"url\":\"https:\\\/\\\/woedonline.nl\\\/es\\\/enoxart\\\/\",\"name\":\"Enoxart - Woed%\",\"isPartOf\":{\"@id\":\"https:\\\/\\\/woedonline.nl\\\/es\\\/#website\"},\"datePublished\":\"2025-10-06T11:57:02+00:00\",\"dateModified\":\"2025-10-08T08:51:27+00:00\",\"description\":\"\\\"Ontdek unieke kurk petten bij WOED - Natuurlijke schoonheid, vakmanschap en plezier in elke handgemaakte creatie. Bestel nu en ervaar de dansvloer met onze swingende houten items!\\\"\",\"breadcrumb\":{\"@id\":\"https:\\\/\\\/woedonline.nl\\\/es\\\/enoxart\\\/#breadcrumb\"},\"inLanguage\":\"es\",\"potentialAction\":[{\"@type\":\"ReadAction\",\"target\":[\"https:\\\/\\\/woedonline.nl\\\/es\\\/enoxart\\\/\"]}]},{\"@type\":\"BreadcrumbList\",\"@id\":\"https:\\\/\\\/woedonline.nl\\\/es\\\/enoxart\\\/#breadcrumb\",\"itemListElement\":[{\"@type\":\"ListItem\",\"position\":1,\"name\":\"Inicio\",\"item\":\"https:\\\/\\\/woedonline.nl\\\/es\\\/\"},{\"@type\":\"ListItem\",\"position\":2,\"name\":\"Enoxart\"}]},{\"@type\":\"WebSite\",\"@id\":\"https:\\\/\\\/woedonline.nl\\\/es\\\/#website\",\"url\":\"https:\\\/\\\/woedonline.nl\\\/es\\\/\",\"name\":\"Woed\",\"description\":\"Geen boomknuffels, wel een houten feestje voor jou\",\"publisher\":{\"@id\":\"https:\\\/\\\/woedonline.nl\\\/es\\\/#organization\"},\"alternateName\":\"W\",\"potentialAction\":[{\"@type\":\"SearchAction\",\"target\":{\"@type\":\"EntryPoint\",\"urlTemplate\":\"https:\\\/\\\/woedonline.nl\\\/es\\\/?s={search_term_string}\"},\"query-input\":{\"@type\":\"PropertyValueSpecification\",\"valueRequired\":true,\"valueName\":\"search_term_string\"}}],\"inLanguage\":\"es\"},{\"@type\":\"Organization\",\"@id\":\"https:\\\/\\\/woedonline.nl\\\/es\\\/#organization\",\"name\":\"Woed\",\"alternateName\":\"W\",\"url\":\"https:\\\/\\\/woedonline.nl\\\/es\\\/\",\"logo\":{\"@type\":\"ImageObject\",\"inLanguage\":\"es\",\"@id\":\"https:\\\/\\\/woedonline.nl\\\/es\\\/#\\\/schema\\\/logo\\\/image\\\/\",\"url\":\"https:\\\/\\\/woedonline.nl\\\/wp-content\\\/uploads\\\/2016\\\/05\\\/Wood-logo-name-png.png\",\"contentUrl\":\"https:\\\/\\\/woedonline.nl\\\/wp-content\\\/uploads\\\/2016\\\/05\\\/Wood-logo-name-png.png\",\"width\":250,\"height\":89,\"caption\":\"Woed\"},\"image\":{\"@id\":\"https:\\\/\\\/woedonline.nl\\\/es\\\/#\\\/schema\\\/logo\\\/image\\\/\"},\"sameAs\":[\"https:\\\/\\\/www.facebook.com\\\/Woedshop\\\/\",\"https:\\\/\\\/www.instagram.com\\\/woed.eu\"]}]}<\/script>\n<!-- \/ Yoast SEO plugin. -->","yoast_head_json":{"title":"Enoxart - Woed%","description":"\"Ontdek unieke kurk petten bij WOED - Natuurlijke schoonheid, vakmanschap en plezier in elke handgemaakte creatie. Bestel nu en ervaar de dansvloer met onze swingende houten items!\"","robots":{"index":"index","follow":"follow","max-snippet":"max-snippet:-1","max-image-preview":"max-image-preview:large","max-video-preview":"max-video-preview:-1"},"canonical":"https:\/\/woedonline.nl\/es\/enoxart\/","og_locale":"es_ES","og_type":"article","og_title":"Enoxart - Woed%","og_description":"\"Ontdek unieke kurk petten bij WOED - Natuurlijke schoonheid, vakmanschap en plezier in elke handgemaakte creatie. Bestel nu en ervaar de dansvloer met onze swingende houten items!\"","og_url":"https:\/\/woedonline.nl\/es\/enoxart\/","og_site_name":"Woed","article_publisher":"https:\/\/www.facebook.com\/Woedshop\/","article_modified_time":"2025-10-08T08:51:27+00:00","og_image":[{"width":1080,"height":720,"url":"https:\/\/woedonline.nl\/wp-content\/uploads\/2023\/10\/BDM00617-jpg.webp","type":"image\/jpeg"}],"twitter_card":"summary_large_image","twitter_misc":{"Tiempo de lectura":"2 minuto"},"schema":{"@context":"https:\/\/schema.org","@graph":[{"@type":"WebPage","@id":"https:\/\/woedonline.nl\/es\/enoxart\/","url":"https:\/\/woedonline.nl\/es\/enoxart\/","name":"Enoxart - Woed%","isPartOf":{"@id":"https:\/\/woedonline.nl\/es\/#website"},"datePublished":"2025-10-06T11:57:02+00:00","dateModified":"2025-10-08T08:51:27+00:00","description":"\"Ontdek unieke kurk petten bij WOED - Natuurlijke schoonheid, vakmanschap en plezier in elke handgemaakte creatie. Bestel nu en ervaar de dansvloer met onze swingende houten items!\"","breadcrumb":{"@id":"https:\/\/woedonline.nl\/es\/enoxart\/#breadcrumb"},"inLanguage":"es","potentialAction":[{"@type":"ReadAction","target":["https:\/\/woedonline.nl\/es\/enoxart\/"]}]},{"@type":"BreadcrumbList","@id":"https:\/\/woedonline.nl\/es\/enoxart\/#breadcrumb","itemListElement":[{"@type":"ListItem","position":1,"name":"Inicio","item":"https:\/\/woedonline.nl\/es\/"},{"@type":"ListItem","position":2,"name":"Enoxart"}]},{"@type":"WebSite","@id":"https:\/\/woedonline.nl\/es\/#website","url":"https:\/\/woedonline.nl\/es\/","name":"Woed","description":"Geen boomknuffels, wel een houten feestje voor jou","publisher":{"@id":"https:\/\/woedonline.nl\/es\/#organization"},"alternateName":"W","potentialAction":[{"@type":"SearchAction","target":{"@type":"EntryPoint","urlTemplate":"https:\/\/woedonline.nl\/es\/?s={search_term_string}"},"query-input":{"@type":"PropertyValueSpecification","valueRequired":true,"valueName":"search_term_string"}}],"inLanguage":"es"},{"@type":"Organization","@id":"https:\/\/woedonline.nl\/es\/#organization","name":"Woed","alternateName":"W","url":"https:\/\/woedonline.nl\/es\/","logo":{"@type":"ImageObject","inLanguage":"es","@id":"https:\/\/woedonline.nl\/es\/#\/schema\/logo\/image\/","url":"https:\/\/woedonline.nl\/wp-content\/uploads\/2016\/05\/Wood-logo-name-png.png","contentUrl":"https:\/\/woedonline.nl\/wp-content\/uploads\/2016\/05\/Wood-logo-name-png.png","width":250,"height":89,"caption":"Woed"},"image":{"@id":"https:\/\/woedonline.nl\/es\/#\/schema\/logo\/image\/"},"sameAs":["https:\/\/www.facebook.com\/Woedshop\/","https:\/\/www.instagram.com\/woed.eu"]}]}},"_links":{"self":[{"href":"https:\/\/woedonline.nl\/es\/wp-json\/wp\/v2\/pages\/394180","targetHints":{"allow":["GET"]}}],"collection":[{"href":"https:\/\/woedonline.nl\/es\/wp-json\/wp\/v2\/pages"}],"about":[{"href":"https:\/\/woedonline.nl\/es\/wp-json\/wp\/v2\/types\/page"}],"author":[{"embeddable":true,"href":"https:\/\/woedonline.nl\/es\/wp-json\/wp\/v2\/users\/1"}],"replies":[{"embeddable":true,"href":"https:\/\/woedonline.nl\/es\/wp-json\/wp\/v2\/comments?post=394180"}],"version-history":[{"count":0,"href":"https:\/\/woedonline.nl\/es\/wp-json\/wp\/v2\/pages\/394180\/revisions"}],"wp:attachment":[{"href":"https:\/\/woedonline.nl\/es\/wp-json\/wp\/v2\/media?parent=394180"}],"curies":[{"name":"wp","href":"https:\/\/api.w.org\/{rel}","templated":true}]}}