{"id":403689,"date":"2026-04-14T09:52:24","date_gmt":"2026-04-14T07:52:24","guid":{"rendered":"https:\/\/woedonline.nl\/shop\/unkategorisiert\/strapback-velcro-limitierte-auflage-10-jahre\/"},"modified":"2026-04-30T10:23:57","modified_gmt":"2026-04-30T08:23:57","slug":"strapback-velcro-limitierte-auflage-10-jahre","status":"publish","type":"product","link":"https:\/\/woedonline.nl\/de\/shop\/alle-kappen\/strapback-de\/strapback-velcro-limitierte-auflage-10-jahre\/","title":{"rendered":"Strapback Velcro | Limitierte Auflage - 10 Jahre"},"content":{"rendered":"<p data-start=\"0\" data-end=\"64\"><strong data-start=\"0\" data-end=\"64\">Woed Strapback Cap - Armeegr\u00fcn mit Korkklappe (limitierter Stil)<\/strong><\/p>\n<p data-start=\"66\" data-end=\"484\">Vervollst\u00e4ndigen Sie Ihr Outfit mit dieser einzigartigen Woed Snapback Kappe. Diese Kappe vereint Stil, Komfort und Charakter in einem starken Design. Das armeegr\u00fcne Acrylgewebe sorgt f\u00fcr einen robusten und zeitlosen Look, w\u00e4hrend die hellbraune Korkoberseite der Klappe sofort auff\u00e4llt und einen nat\u00fcrlichen Touch verleiht. An der Unterseite der Klappe finden Sie ein auff\u00e4lliges orangefarbenes Kunstwerk, das bei jeder Bewegung f\u00fcr ein \u00fcberraschendes Detail sorgt.   <\/p>\n<p data-start=\"486\" data-end=\"711\">Die Vorderseite ist mit einem hochwertigen 3D-gestickten Woed-Logo versehen, das der Kappe einen hochwertigen Look verleiht. Dank des verstellbaren Snapback-Verschlusses ist die Kappe f\u00fcr fast jede Gr\u00f6\u00dfe geeignet und sitzt immer perfekt. <\/p>\n<p data-start=\"713\" data-end=\"847\">Diese M\u00fctze passt perfekt zu unserem Hemd zum 10-j\u00e4hrigen Jubil\u00e4um und macht es Ihnen leicht, einen kompletten und stilvollen Woed-Look zu kreieren.<\/p>\n<p data-start=\"849\" data-end=\"863\"><strong data-start=\"849\" data-end=\"863\">Merkmale:<\/strong><\/p>\n<ul data-start=\"864\" data-end=\"1118\">\n<li data-section-id=\"1o7e8gz\" data-start=\"864\" data-end=\"892\">Snapback Kappe (verstellbar)<\/li>\n<li data-section-id=\"a7y1i7\" data-start=\"893\" data-end=\"912\">Farbe: Armeegr\u00fcn<\/li>\n<li data-section-id=\"qunphp\" data-start=\"913\" data-end=\"942\">Material: starkes Acrylgewebe<\/li>\n<li data-section-id=\"1bgnbsq\" data-start=\"943\" data-end=\"977\">Ventil: hellbrauner Korkdeckel<\/li>\n<li data-section-id=\"f83smx\" data-start=\"978\" data-end=\"1010\">Untere Klappe: orangefarbenes Kunstwerk<\/li>\n<li data-section-id=\"1ohojg1\" data-start=\"1011\" data-end=\"1043\">3D-Stickerei des Woed-Logos<\/li>\n<li data-section-id=\"1qg5jm5\" data-start=\"1044\" data-end=\"1066\">Bequeme Passform<\/li>\n<li data-section-id=\"13er89t\" data-start=\"1067\" data-end=\"1118\">Perfekt zu kombinieren mit dem Woed 10-Jahres-Shirt<\/li>\n<\/ul>\n<p data-start=\"1120\" data-end=\"1314\"><strong data-start=\"1120\" data-end=\"1157\">Warum sollten Sie diese Woed M\u00fctze w\u00e4hlen?<\/strong><br data-start=\"1157\" data-end=\"1160\">Diese M\u00fctze ist nicht nur ein Accessoire, sondern ein Statement. Ideal f\u00fcr den Alltag, Festivals oder einfach, um Ihrem Outfit das gewisse Etwas zu verleihen. <\/p>\n<p data-start=\"1316\" data-end=\"1393\" data-is-last-node=\"\" data-is-only-node=\"\"><strong data-start=\"1316\" data-end=\"1393\" data-is-last-node=\"\">Bestellen Sie Ihre Woed Snapback Kappe noch heute und fallen Sie durch Ihren einzigartigen Stil auf.<\/strong><\/p>\n","protected":false},"excerpt":{"rendered":"<p>Dieses Produkt ist eine Vorbestellung. Das bedeutet, dass Sie diese Kappe jetzt vorbestellen k\u00f6nnen, aber die Lieferung erfolgt erst zu einem sp\u00e4teren Zeitpunkt. Der voraussichtliche Liefertermin ist Anfang Mai.  <\/p>\n<p>Bitte beachten Sie: Bestellen Sie diese M\u00fctze zusammen mit anderen Produkten, die auf Lager sind? Dann wird Ihre komplette Bestellung erst Anfang Mai verschickt. Wenn Sie Ihre anderen Artikel fr\u00fcher erhalten m\u00f6chten, geben Sie eine separate Bestellung auf.  <\/p>\n<p><i class=\"ri-checkbox-circle-fill\" data-text-color=\"primary\"><\/i>Erwachsene Gr\u00f6\u00dfe 56-61cm<\/p>\n<p><i class=\"ri-checkbox-circle-fill\" data-text-color=\"primary\"><\/i>Limitierte Auflage 2016-2026<\/p>\n<p><i class=\"ri-checkbox-circle-fill\" data-text-color=\"primary\"><\/i>Zu kombinieren mit dem Shirt zum 10-j\u00e4hrigen Jubil\u00e4um<\/p>\n<p><i class=\"ri-checkbox-circle-fill\" data-text-color=\"primary\"><\/i>Hergestellt aus echtem Kork<\/p>\n<p><i class=\"ri-checkbox-circle-fill\" data-text-color=\"primary\"><\/i>Hochwertige Materialien<\/p>\n","protected":false},"featured_media":403703,"comment_status":"open","ping_status":"closed","template":"","meta":[],"product_brand":[],"product_cat":[715,1534,1099],"product_tag":[],"class_list":{"0":"post-403689","1":"product","2":"type-product","3":"status-publish","4":"has-post-thumbnail","6":"product_cat-alle-kappen","7":"product_cat-limitiertes-retro-fusballtrikot","8":"product_cat-strapback-de","9":"product_shipping_class-paket","11":"first","12":"onbackorder","13":"sale","14":"taxable","15":"shipping-taxable","16":"purchasable","17":"product-type-simple"},"yoast_head":"<!-- This site is optimized with the Yoast SEO plugin v27.5 - https:\/\/yoast.com\/product\/yoast-seo-wordpress\/ -->\n<title>Strapback Velcro | Limitierte Auflage - 10 Jahre - Woed<\/title>\n<meta name=\"description\" content=\"Vervollst\u00e4ndigen Sie Ihr Outfit mit dieser einzigartigen Woed Snapback Kappe. Diese Kappe vereint Stil, Komfort und Charakter in einem starken Design. Das armeegr\u00fcne Acrylgewebe sorgt f\u00fcr einen robusten und zeitlosen Look, w\u00e4hrend die hellbraune Korkoberseite der Klappe sofort auff\u00e4llt und einen nat\u00fcrlichen Touch verleiht. An der Unterseite der Klappe finden Sie ein auff\u00e4lliges orangefarbenes Kunstwerk, das bei jeder Bewegung f\u00fcr ein \u00fcberraschendes Detail sorgt.\" \/>\n<meta name=\"robots\" content=\"index, follow, max-snippet:-1, max-image-preview:large, max-video-preview:-1\" \/>\n<link rel=\"canonical\" href=\"https:\/\/woedonline.nl\/de\/shop\/alle-kappen\/strapback-de\/strapback-velcro-limitierte-auflage-10-jahre\/\" \/>\n<meta property=\"og:locale\" content=\"de_DE\" \/>\n<meta property=\"og:type\" content=\"article\" \/>\n<meta property=\"og:title\" content=\"Strapback Velcro | Limitierte Auflage - 10 Jahre - Woed\" \/>\n<meta property=\"og:description\" content=\"Vervollst\u00e4ndigen Sie Ihr Outfit mit dieser einzigartigen Woed Snapback Kappe. Diese Kappe vereint Stil, Komfort und Charakter in einem starken Design. Das armeegr\u00fcne Acrylgewebe sorgt f\u00fcr einen robusten und zeitlosen Look, w\u00e4hrend die hellbraune Korkoberseite der Klappe sofort auff\u00e4llt und einen nat\u00fcrlichen Touch verleiht. An der Unterseite der Klappe finden Sie ein auff\u00e4lliges orangefarbenes Kunstwerk, das bei jeder Bewegung f\u00fcr ein \u00fcberraschendes Detail sorgt.\" \/>\n<meta property=\"og:url\" content=\"https:\/\/woedonline.nl\/de\/shop\/alle-kappen\/strapback-de\/strapback-velcro-limitierte-auflage-10-jahre\/\" \/>\n<meta property=\"og:site_name\" content=\"Woed\" \/>\n<meta property=\"article:publisher\" content=\"https:\/\/www.facebook.com\/Woedshop\/\" \/>\n<meta property=\"article:modified_time\" content=\"2026-04-30T08:23:57+00:00\" \/>\n<meta property=\"og:image\" content=\"https:\/\/woedonline.nl\/wp-content\/uploads\/2026\/04\/snapback-10-1.jpg\" \/>\n\t<meta property=\"og:image:width\" content=\"1000\" \/>\n\t<meta property=\"og:image:height\" content=\"1000\" \/>\n\t<meta property=\"og:image:type\" content=\"image\/jpeg\" \/>\n<meta name=\"twitter:card\" content=\"summary_large_image\" \/>\n<meta name=\"twitter:label1\" content=\"Gesch\u00e4tzte Lesezeit\" \/>\n\t<meta name=\"twitter:data1\" content=\"1\u00a0Minute\" \/>\n<script type=\"application\/ld+json\" class=\"yoast-schema-graph\">{\"@context\":\"https:\\\/\\\/schema.org\",\"@graph\":[{\"@type\":\"WebPage\",\"@id\":\"https:\\\/\\\/woedonline.nl\\\/de\\\/shop\\\/alle-kappen\\\/strapback-de\\\/strapback-velcro-limitierte-auflage-10-jahre\\\/\",\"url\":\"https:\\\/\\\/woedonline.nl\\\/de\\\/shop\\\/alle-kappen\\\/strapback-de\\\/strapback-velcro-limitierte-auflage-10-jahre\\\/\",\"name\":\"Strapback Velcro | Limitierte Auflage - 10 Jahre - Woed\",\"isPartOf\":{\"@id\":\"https:\\\/\\\/woedonline.nl\\\/de\\\/#website\"},\"primaryImageOfPage\":{\"@id\":\"https:\\\/\\\/woedonline.nl\\\/de\\\/shop\\\/alle-kappen\\\/strapback-de\\\/strapback-velcro-limitierte-auflage-10-jahre\\\/#primaryimage\"},\"image\":{\"@id\":\"https:\\\/\\\/woedonline.nl\\\/de\\\/shop\\\/alle-kappen\\\/strapback-de\\\/strapback-velcro-limitierte-auflage-10-jahre\\\/#primaryimage\"},\"thumbnailUrl\":\"https:\\\/\\\/woedonline.nl\\\/wp-content\\\/uploads\\\/2026\\\/04\\\/snapback-10-1.jpg\",\"datePublished\":\"2026-04-14T07:52:24+00:00\",\"dateModified\":\"2026-04-30T08:23:57+00:00\",\"description\":\"Vervollst\u00e4ndigen Sie Ihr Outfit mit dieser einzigartigen Woed Snapback Kappe. Diese Kappe vereint Stil, Komfort und Charakter in einem starken Design. Das armeegr\u00fcne Acrylgewebe sorgt f\u00fcr einen robusten und zeitlosen Look, w\u00e4hrend die hellbraune Korkoberseite der Klappe sofort auff\u00e4llt und einen nat\u00fcrlichen Touch verleiht. An der Unterseite der Klappe finden Sie ein auff\u00e4lliges orangefarbenes Kunstwerk, das bei jeder Bewegung f\u00fcr ein \u00fcberraschendes Detail sorgt.\",\"breadcrumb\":{\"@id\":\"https:\\\/\\\/woedonline.nl\\\/de\\\/shop\\\/alle-kappen\\\/strapback-de\\\/strapback-velcro-limitierte-auflage-10-jahre\\\/#breadcrumb\"},\"inLanguage\":\"de\",\"potentialAction\":[{\"@type\":\"ReadAction\",\"target\":[\"https:\\\/\\\/woedonline.nl\\\/de\\\/shop\\\/alle-kappen\\\/strapback-de\\\/strapback-velcro-limitierte-auflage-10-jahre\\\/\"]}]},{\"@type\":\"ImageObject\",\"inLanguage\":\"de\",\"@id\":\"https:\\\/\\\/woedonline.nl\\\/de\\\/shop\\\/alle-kappen\\\/strapback-de\\\/strapback-velcro-limitierte-auflage-10-jahre\\\/#primaryimage\",\"url\":\"https:\\\/\\\/woedonline.nl\\\/wp-content\\\/uploads\\\/2026\\\/04\\\/snapback-10-1.jpg\",\"contentUrl\":\"https:\\\/\\\/woedonline.nl\\\/wp-content\\\/uploads\\\/2026\\\/04\\\/snapback-10-1.jpg\",\"width\":1000,\"height\":1000},{\"@type\":\"BreadcrumbList\",\"@id\":\"https:\\\/\\\/woedonline.nl\\\/de\\\/shop\\\/alle-kappen\\\/strapback-de\\\/strapback-velcro-limitierte-auflage-10-jahre\\\/#breadcrumb\",\"itemListElement\":[{\"@type\":\"ListItem\",\"position\":1,\"name\":\"Startseite\",\"item\":\"https:\\\/\\\/woedonline.nl\\\/de\\\/\"},{\"@type\":\"ListItem\",\"position\":2,\"name\":\"Shop\",\"item\":\"https:\\\/\\\/woedonline.nl\\\/de\\\/shop\\\/\"},{\"@type\":\"ListItem\",\"position\":3,\"name\":\"Strapback Velcro | Limitierte Auflage - 10 Jahre\"}]},{\"@type\":\"WebSite\",\"@id\":\"https:\\\/\\\/woedonline.nl\\\/de\\\/#website\",\"url\":\"https:\\\/\\\/woedonline.nl\\\/de\\\/\",\"name\":\"Woed\",\"description\":\"Geen boomknuffels, wel een houten feestje voor jou\",\"publisher\":{\"@id\":\"https:\\\/\\\/woedonline.nl\\\/de\\\/#organization\"},\"alternateName\":\"W\",\"potentialAction\":[{\"@type\":\"SearchAction\",\"target\":{\"@type\":\"EntryPoint\",\"urlTemplate\":\"https:\\\/\\\/woedonline.nl\\\/de\\\/?s={search_term_string}\"},\"query-input\":{\"@type\":\"PropertyValueSpecification\",\"valueRequired\":true,\"valueName\":\"search_term_string\"}}],\"inLanguage\":\"de\"},{\"@type\":\"Organization\",\"@id\":\"https:\\\/\\\/woedonline.nl\\\/de\\\/#organization\",\"name\":\"Woed\",\"alternateName\":\"W\",\"url\":\"https:\\\/\\\/woedonline.nl\\\/de\\\/\",\"logo\":{\"@type\":\"ImageObject\",\"inLanguage\":\"de\",\"@id\":\"https:\\\/\\\/woedonline.nl\\\/de\\\/#\\\/schema\\\/logo\\\/image\\\/\",\"url\":\"https:\\\/\\\/woedonline.nl\\\/wp-content\\\/uploads\\\/2016\\\/05\\\/Wood-logo-name-png.png\",\"contentUrl\":\"https:\\\/\\\/woedonline.nl\\\/wp-content\\\/uploads\\\/2016\\\/05\\\/Wood-logo-name-png.png\",\"width\":250,\"height\":89,\"caption\":\"Woed\"},\"image\":{\"@id\":\"https:\\\/\\\/woedonline.nl\\\/de\\\/#\\\/schema\\\/logo\\\/image\\\/\"},\"sameAs\":[\"https:\\\/\\\/www.facebook.com\\\/Woedshop\\\/\",\"https:\\\/\\\/www.instagram.com\\\/woed.eu\"]}]}<\/script>\n<!-- \/ Yoast SEO plugin. -->","yoast_head_json":{"title":"Strapback Velcro | Limitierte Auflage - 10 Jahre - Woed","description":"Vervollst\u00e4ndigen Sie Ihr Outfit mit dieser einzigartigen Woed Snapback Kappe. Diese Kappe vereint Stil, Komfort und Charakter in einem starken Design. Das armeegr\u00fcne Acrylgewebe sorgt f\u00fcr einen robusten und zeitlosen Look, w\u00e4hrend die hellbraune Korkoberseite der Klappe sofort auff\u00e4llt und einen nat\u00fcrlichen Touch verleiht. An der Unterseite der Klappe finden Sie ein auff\u00e4lliges orangefarbenes Kunstwerk, das bei jeder Bewegung f\u00fcr ein \u00fcberraschendes Detail sorgt.","robots":{"index":"index","follow":"follow","max-snippet":"max-snippet:-1","max-image-preview":"max-image-preview:large","max-video-preview":"max-video-preview:-1"},"canonical":"https:\/\/woedonline.nl\/de\/shop\/alle-kappen\/strapback-de\/strapback-velcro-limitierte-auflage-10-jahre\/","og_locale":"de_DE","og_type":"article","og_title":"Strapback Velcro | Limitierte Auflage - 10 Jahre - Woed","og_description":"Vervollst\u00e4ndigen Sie Ihr Outfit mit dieser einzigartigen Woed Snapback Kappe. Diese Kappe vereint Stil, Komfort und Charakter in einem starken Design. Das armeegr\u00fcne Acrylgewebe sorgt f\u00fcr einen robusten und zeitlosen Look, w\u00e4hrend die hellbraune Korkoberseite der Klappe sofort auff\u00e4llt und einen nat\u00fcrlichen Touch verleiht. An der Unterseite der Klappe finden Sie ein auff\u00e4lliges orangefarbenes Kunstwerk, das bei jeder Bewegung f\u00fcr ein \u00fcberraschendes Detail sorgt.","og_url":"https:\/\/woedonline.nl\/de\/shop\/alle-kappen\/strapback-de\/strapback-velcro-limitierte-auflage-10-jahre\/","og_site_name":"Woed","article_publisher":"https:\/\/www.facebook.com\/Woedshop\/","article_modified_time":"2026-04-30T08:23:57+00:00","og_image":[{"width":1000,"height":1000,"url":"https:\/\/woedonline.nl\/wp-content\/uploads\/2026\/04\/snapback-10-1.jpg","type":"image\/jpeg"}],"twitter_card":"summary_large_image","twitter_misc":{"Gesch\u00e4tzte Lesezeit":"1\u00a0Minute"},"schema":{"@context":"https:\/\/schema.org","@graph":[{"@type":"WebPage","@id":"https:\/\/woedonline.nl\/de\/shop\/alle-kappen\/strapback-de\/strapback-velcro-limitierte-auflage-10-jahre\/","url":"https:\/\/woedonline.nl\/de\/shop\/alle-kappen\/strapback-de\/strapback-velcro-limitierte-auflage-10-jahre\/","name":"Strapback Velcro | Limitierte Auflage - 10 Jahre - Woed","isPartOf":{"@id":"https:\/\/woedonline.nl\/de\/#website"},"primaryImageOfPage":{"@id":"https:\/\/woedonline.nl\/de\/shop\/alle-kappen\/strapback-de\/strapback-velcro-limitierte-auflage-10-jahre\/#primaryimage"},"image":{"@id":"https:\/\/woedonline.nl\/de\/shop\/alle-kappen\/strapback-de\/strapback-velcro-limitierte-auflage-10-jahre\/#primaryimage"},"thumbnailUrl":"https:\/\/woedonline.nl\/wp-content\/uploads\/2026\/04\/snapback-10-1.jpg","datePublished":"2026-04-14T07:52:24+00:00","dateModified":"2026-04-30T08:23:57+00:00","description":"Vervollst\u00e4ndigen Sie Ihr Outfit mit dieser einzigartigen Woed Snapback Kappe. Diese Kappe vereint Stil, Komfort und Charakter in einem starken Design. Das armeegr\u00fcne Acrylgewebe sorgt f\u00fcr einen robusten und zeitlosen Look, w\u00e4hrend die hellbraune Korkoberseite der Klappe sofort auff\u00e4llt und einen nat\u00fcrlichen Touch verleiht. An der Unterseite der Klappe finden Sie ein auff\u00e4lliges orangefarbenes Kunstwerk, das bei jeder Bewegung f\u00fcr ein \u00fcberraschendes Detail sorgt.","breadcrumb":{"@id":"https:\/\/woedonline.nl\/de\/shop\/alle-kappen\/strapback-de\/strapback-velcro-limitierte-auflage-10-jahre\/#breadcrumb"},"inLanguage":"de","potentialAction":[{"@type":"ReadAction","target":["https:\/\/woedonline.nl\/de\/shop\/alle-kappen\/strapback-de\/strapback-velcro-limitierte-auflage-10-jahre\/"]}]},{"@type":"ImageObject","inLanguage":"de","@id":"https:\/\/woedonline.nl\/de\/shop\/alle-kappen\/strapback-de\/strapback-velcro-limitierte-auflage-10-jahre\/#primaryimage","url":"https:\/\/woedonline.nl\/wp-content\/uploads\/2026\/04\/snapback-10-1.jpg","contentUrl":"https:\/\/woedonline.nl\/wp-content\/uploads\/2026\/04\/snapback-10-1.jpg","width":1000,"height":1000},{"@type":"BreadcrumbList","@id":"https:\/\/woedonline.nl\/de\/shop\/alle-kappen\/strapback-de\/strapback-velcro-limitierte-auflage-10-jahre\/#breadcrumb","itemListElement":[{"@type":"ListItem","position":1,"name":"Startseite","item":"https:\/\/woedonline.nl\/de\/"},{"@type":"ListItem","position":2,"name":"Shop","item":"https:\/\/woedonline.nl\/de\/shop\/"},{"@type":"ListItem","position":3,"name":"Strapback Velcro | Limitierte Auflage - 10 Jahre"}]},{"@type":"WebSite","@id":"https:\/\/woedonline.nl\/de\/#website","url":"https:\/\/woedonline.nl\/de\/","name":"Woed","description":"Geen boomknuffels, wel een houten feestje voor jou","publisher":{"@id":"https:\/\/woedonline.nl\/de\/#organization"},"alternateName":"W","potentialAction":[{"@type":"SearchAction","target":{"@type":"EntryPoint","urlTemplate":"https:\/\/woedonline.nl\/de\/?s={search_term_string}"},"query-input":{"@type":"PropertyValueSpecification","valueRequired":true,"valueName":"search_term_string"}}],"inLanguage":"de"},{"@type":"Organization","@id":"https:\/\/woedonline.nl\/de\/#organization","name":"Woed","alternateName":"W","url":"https:\/\/woedonline.nl\/de\/","logo":{"@type":"ImageObject","inLanguage":"de","@id":"https:\/\/woedonline.nl\/de\/#\/schema\/logo\/image\/","url":"https:\/\/woedonline.nl\/wp-content\/uploads\/2016\/05\/Wood-logo-name-png.png","contentUrl":"https:\/\/woedonline.nl\/wp-content\/uploads\/2016\/05\/Wood-logo-name-png.png","width":250,"height":89,"caption":"Woed"},"image":{"@id":"https:\/\/woedonline.nl\/de\/#\/schema\/logo\/image\/"},"sameAs":["https:\/\/www.facebook.com\/Woedshop\/","https:\/\/www.instagram.com\/woed.eu"]}]}},"_links":{"self":[{"href":"https:\/\/woedonline.nl\/de\/wp-json\/wp\/v2\/product\/403689","targetHints":{"allow":["GET"]}}],"collection":[{"href":"https:\/\/woedonline.nl\/de\/wp-json\/wp\/v2\/product"}],"about":[{"href":"https:\/\/woedonline.nl\/de\/wp-json\/wp\/v2\/types\/product"}],"replies":[{"embeddable":true,"href":"https:\/\/woedonline.nl\/de\/wp-json\/wp\/v2\/comments?post=403689"}],"wp:featuredmedia":[{"embeddable":true,"href":"https:\/\/woedonline.nl\/de\/wp-json\/wp\/v2\/media\/403703"}],"wp:attachment":[{"href":"https:\/\/woedonline.nl\/de\/wp-json\/wp\/v2\/media?parent=403689"}],"wp:term":[{"taxonomy":"product_brand","embeddable":true,"href":"https:\/\/woedonline.nl\/de\/wp-json\/wp\/v2\/product_brand?post=403689"},{"taxonomy":"product_cat","embeddable":true,"href":"https:\/\/woedonline.nl\/de\/wp-json\/wp\/v2\/product_cat?post=403689"},{"taxonomy":"product_tag","embeddable":true,"href":"https:\/\/woedonline.nl\/de\/wp-json\/wp\/v2\/product_tag?post=403689"}],"curies":[{"name":"wp","href":"https:\/\/api.w.org\/{rel}","templated":true}]}}