{"id":402832,"date":"2026-03-19T11:01:51","date_gmt":"2026-03-19T10:01:51","guid":{"rendered":"https:\/\/woedonline.nl\/shop\/unkategorisiert\/woed-x-heijzoo-retro-sportswear-fussballtrikot\/"},"modified":"2026-03-26T16:05:21","modified_gmt":"2026-03-26T15:05:21","slug":"woed-x-heijzoo-retro-sportswear-fussballtrikot","status":"publish","type":"product","link":"https:\/\/woedonline.nl\/de\/shop\/alle-kappen\/baseballkappe\/woed-x-heijzoo-retro-sportswear-fussballtrikot\/","title":{"rendered":"Woed X Retro Fu\u00dfball Trikot"},"content":{"rendered":"<h2 data-start=\"90\" data-end=\"156\">Woed 10-j\u00e4hriges Jubil\u00e4um - Retro-Fu\u00dfballtrikot in limitierter Auflage<\/h2>\n<p data-start=\"158\" data-end=\"384\">Im Juni 2026 feiert <strong data-start=\"174\" data-end=\"191\">Woed<\/strong> sein 10-j\u00e4hriges Bestehen <strong data-start=\"174\" data-end=\"191\">.<\/strong><br data-start=\"191\" data-end=\"194\">Was einst in einer kleinen Dachkammer begann - und mit 10 Bestellungen pro Monat zufrieden war - ist zu einer Marke herangewachsen, die ihre M\u00fctzen weltweit vertreibt. Und wir werden diesen Moment nicht leichtfertig verstreichen lassen. <\/p>\n<p data-start=\"386\" data-end=\"471\">Zum ersten Mal in unserer Geschichte bringen wir ein <strong data-start=\"437\" data-end=\"446\">T-Shirt<\/strong> heraus. Und nicht nur eins. <\/p>\n<p data-start=\"473\" data-end=\"718\">Zusammen mit <a href=\"https:\/\/www.instagram.com\/heijzoo_sportswear\/\"><strong data-start=\"483\" data-end=\"494\">Heijzoo<\/strong><\/a> und <a href=\"https:\/\/www.welovefootballshirts.com\/nl\/\"><strong data-start=\"498\" data-end=\"522\">WeLoveFootballshirts<\/strong><\/a> haben wir ein exklusives <strong data-start=\"547\" data-end=\"587\">Retro-Fu\u00dfballtrikot zum 10-j\u00e4hrigen Jubil\u00e4um<\/strong> entworfen. Eine Ode an unseren Ursprung und eine Anspielung auf die klassischen Fu\u00dfballtrikots, die wir alle kennen und lieben. <\/p>\n<h3 data-start=\"720\" data-end=\"756\">\u26bd Was macht dieses Hemd so besonders?<\/h3>\n<ul data-start=\"758\" data-end=\"1013\">\n<li data-start=\"758\" data-end=\"824\">\n<p data-start=\"760\" data-end=\"824\">Limitierte Auflage - speziell f\u00fcr das 10-j\u00e4hrige Jubil\u00e4um entworfen<\/p>\n<\/li>\n<li data-start=\"825\" data-end=\"858\">\n<p data-start=\"827\" data-end=\"858\">Authentischer Retro-Look und -Gef\u00fchl<\/p>\n<\/li>\n<li data-start=\"859\" data-end=\"891\">\n<p data-start=\"861\" data-end=\"891\">Hochwertige Materialien<\/p>\n<\/li>\n<li data-start=\"892\" data-end=\"959\">\n<p data-start=\"894\" data-end=\"959\">Entwickelt in Zusammenarbeit mit Spezialisten f\u00fcr Fu\u00dfballkultur<\/p>\n<\/li>\n<li data-start=\"960\" data-end=\"1013\">\n<p data-start=\"962\" data-end=\"1013\">Einzigartiges Design, das Geschichte und Woed-DNA zusammenbringt<\/p>\n<\/li>\n<\/ul>\n<p data-start=\"1015\" data-end=\"1152\">Dieses Hemd steht f\u00fcr Beharrlichkeit, Wachstum und den Mut zum Tr\u00e4umen. F\u00fcr alle, die Woed von Anfang an verfolgt haben. Und f\u00fcr alle, die jetzt einsteigen.  <\/p>\n<h3 data-start=\"1015\" data-end=\"1152\">Was und wer ist Heijzoo?<\/h3>\n<p>Heijzoo Retro Sportswear ist eine einzigartige niederl\u00e4ndische Sportbekleidungsmarke, deren Urspr\u00fcnge in den 1970er, 1980er und fr\u00fchen 1990er Jahren liegen, einer \u00c4ra, in der die Marke f\u00fcr ihre authentischen Fu\u00dfballtrikots f\u00fcr verschiedene niederl\u00e4ndische Profifu\u00dfballvereine bekannt war. Die Designs waren skurril, handwerklich und von der Nostalgie des alten Fu\u00dfballs durchdrungen. <\/p>\n<p>Im Jahr 2025 wurde Heijzoo einem kompletten Rebranding unterzogen. Mit Respekt vor der Vergangenheit konzentriert sich die Marke nun auf exklusive und kleine Retro-Projekte. Keine Massenproduktion, sondern einzigartige Fu\u00dfballtrikots, inspiriert von Kultur, fiktiven Vereinen und alternativen Fu\u00dfballgeschichten. Heijzoo zollt dem Trikot als Stilobjekt Tribut - wo Identit\u00e4t, Geschichte und Design zusammenkommen.   <\/p>\n<hr data-start=\"1154\" data-end=\"1157\">\n<p data-start=\"1335\" data-end=\"1422\" data-is-last-node=\"\" data-is-only-node=\"\">\n","protected":false},"excerpt":{"rendered":"<p data-start=\"1285\" data-end=\"1333\">Wir produzieren eine limitierte Auflage. Out = wirklich out. <\/p>\n<p data-start=\"1335\" data-end=\"1422\" data-is-last-node=\"\" data-is-only-node=\"\">Feiern Sie 10 Jahre Woed mit uns.<br data-start=\"1365\" data-end=\"1368\">Vom Dachboden zur Welt. Dies ist erst der Anfang. <\/p>\n","protected":false},"featured_media":403275,"comment_status":"open","ping_status":"closed","template":"","meta":[],"product_brand":[],"product_cat":[1526,1534,715,1207,460,1099,861,463,1118,454,456],"product_tag":[],"class_list":{"0":"post-402832","1":"product","2":"type-product","3":"status-publish","4":"has-post-thumbnail","6":"product_cat-aktiv-sportmutzen","7":"product_cat-limitiertes-retro-fusballtrikot","8":"product_cat-alle-kappen","9":"product_cat-kombi-sets","10":"product_cat-snapback-de","11":"product_cat-strapback-de","12":"product_cat-hanf-kollektion","13":"product_cat-trucker-mutze","14":"product_cat-papa-mutze","15":"product_cat-baseballkappe","16":"product_cat-hute-fur-kinder","18":"first","19":"instock","20":"taxable","21":"shipping-taxable","22":"purchasable","23":"product-type-variable"},"yoast_head":"<!-- This site is optimized with the Yoast SEO plugin v27.4 - https:\/\/yoast.com\/product\/yoast-seo-wordpress\/ -->\n<title>Woed X Retro Fu\u00dfball Trikot - Woed<\/title>\n<meta name=\"description\" content=\"Gemeinsam mit Heijzoo und WeLoveFootballshirts haben wir ein exklusives Retro-Fu\u00dfballtrikot zum 10-j\u00e4hrigen Jubil\u00e4um entworfen. Eine Ode an unseren Ursprung und eine Anspielung auf die klassischen Fu\u00dfballtrikots, die wir alle kennen und lieben.\" \/>\n<meta name=\"robots\" content=\"index, follow, max-snippet:-1, max-image-preview:large, max-video-preview:-1\" \/>\n<link rel=\"canonical\" href=\"https:\/\/woedonline.nl\/de\/shop\/alle-kappen\/baseballkappe\/woed-x-heijzoo-retro-sportswear-fussballtrikot\/\" \/>\n<meta property=\"og:locale\" content=\"de_DE\" \/>\n<meta property=\"og:type\" content=\"article\" \/>\n<meta property=\"og:title\" content=\"Woed X Retro Fu\u00dfball Trikot - Woed\" \/>\n<meta property=\"og:description\" content=\"Gemeinsam mit Heijzoo und WeLoveFootballshirts haben wir ein exklusives Retro-Fu\u00dfballtrikot zum 10-j\u00e4hrigen Jubil\u00e4um entworfen. Eine Ode an unseren Ursprung und eine Anspielung auf die klassischen Fu\u00dfballtrikots, die wir alle kennen und lieben.\" \/>\n<meta property=\"og:url\" content=\"https:\/\/woedonline.nl\/de\/shop\/alle-kappen\/baseballkappe\/woed-x-heijzoo-retro-sportswear-fussballtrikot\/\" \/>\n<meta property=\"og:site_name\" content=\"Woed\" \/>\n<meta property=\"article:publisher\" content=\"https:\/\/www.facebook.com\/Woedshop\/\" \/>\n<meta property=\"article:modified_time\" content=\"2026-03-26T15:05:21+00:00\" \/>\n<meta property=\"og:image\" content=\"https:\/\/woedonline.nl\/wp-content\/uploads\/2026\/02\/Woed-Heijzoo-shirt.jpeg\" \/>\n\t<meta property=\"og:image:width\" content=\"2048\" \/>\n\t<meta property=\"og:image:height\" content=\"2048\" \/>\n\t<meta property=\"og:image:type\" content=\"image\/jpeg\" \/>\n<meta name=\"twitter:card\" content=\"summary_large_image\" \/>\n<meta name=\"twitter:label1\" content=\"Gesch\u00e4tzte Lesezeit\" \/>\n\t<meta name=\"twitter:data1\" content=\"1\u00a0Minute\" \/>\n<script type=\"application\/ld+json\" class=\"yoast-schema-graph\">{\"@context\":\"https:\\\/\\\/schema.org\",\"@graph\":[{\"@type\":\"WebPage\",\"@id\":\"https:\\\/\\\/woedonline.nl\\\/de\\\/shop\\\/alle-kappen\\\/baseballkappe\\\/woed-x-heijzoo-retro-sportswear-fussballtrikot\\\/\",\"url\":\"https:\\\/\\\/woedonline.nl\\\/de\\\/shop\\\/alle-kappen\\\/baseballkappe\\\/woed-x-heijzoo-retro-sportswear-fussballtrikot\\\/\",\"name\":\"Woed X Retro Fu\u00dfball Trikot - Woed\",\"isPartOf\":{\"@id\":\"https:\\\/\\\/woedonline.nl\\\/de\\\/#website\"},\"primaryImageOfPage\":{\"@id\":\"https:\\\/\\\/woedonline.nl\\\/de\\\/shop\\\/alle-kappen\\\/baseballkappe\\\/woed-x-heijzoo-retro-sportswear-fussballtrikot\\\/#primaryimage\"},\"image\":{\"@id\":\"https:\\\/\\\/woedonline.nl\\\/de\\\/shop\\\/alle-kappen\\\/baseballkappe\\\/woed-x-heijzoo-retro-sportswear-fussballtrikot\\\/#primaryimage\"},\"thumbnailUrl\":\"https:\\\/\\\/woedonline.nl\\\/wp-content\\\/uploads\\\/2026\\\/02\\\/Woed-Heijzoo-shirt.jpeg\",\"datePublished\":\"2026-03-19T10:01:51+00:00\",\"dateModified\":\"2026-03-26T15:05:21+00:00\",\"description\":\"Gemeinsam mit Heijzoo und WeLoveFootballshirts haben wir ein exklusives Retro-Fu\u00dfballtrikot zum 10-j\u00e4hrigen Jubil\u00e4um entworfen. Eine Ode an unseren Ursprung und eine Anspielung auf die klassischen Fu\u00dfballtrikots, die wir alle kennen und lieben.\",\"breadcrumb\":{\"@id\":\"https:\\\/\\\/woedonline.nl\\\/de\\\/shop\\\/alle-kappen\\\/baseballkappe\\\/woed-x-heijzoo-retro-sportswear-fussballtrikot\\\/#breadcrumb\"},\"inLanguage\":\"de\",\"potentialAction\":[{\"@type\":\"ReadAction\",\"target\":[\"https:\\\/\\\/woedonline.nl\\\/de\\\/shop\\\/alle-kappen\\\/baseballkappe\\\/woed-x-heijzoo-retro-sportswear-fussballtrikot\\\/\"]}]},{\"@type\":\"ImageObject\",\"inLanguage\":\"de\",\"@id\":\"https:\\\/\\\/woedonline.nl\\\/de\\\/shop\\\/alle-kappen\\\/baseballkappe\\\/woed-x-heijzoo-retro-sportswear-fussballtrikot\\\/#primaryimage\",\"url\":\"https:\\\/\\\/woedonline.nl\\\/wp-content\\\/uploads\\\/2026\\\/02\\\/Woed-Heijzoo-shirt.jpeg\",\"contentUrl\":\"https:\\\/\\\/woedonline.nl\\\/wp-content\\\/uploads\\\/2026\\\/02\\\/Woed-Heijzoo-shirt.jpeg\",\"width\":2048,\"height\":2048},{\"@type\":\"BreadcrumbList\",\"@id\":\"https:\\\/\\\/woedonline.nl\\\/de\\\/shop\\\/alle-kappen\\\/baseballkappe\\\/woed-x-heijzoo-retro-sportswear-fussballtrikot\\\/#breadcrumb\",\"itemListElement\":[{\"@type\":\"ListItem\",\"position\":1,\"name\":\"Startseite\",\"item\":\"https:\\\/\\\/woedonline.nl\\\/de\\\/\"},{\"@type\":\"ListItem\",\"position\":2,\"name\":\"Shop\",\"item\":\"https:\\\/\\\/woedonline.nl\\\/de\\\/shop\\\/\"},{\"@type\":\"ListItem\",\"position\":3,\"name\":\"Woed X Retro Fu\u00dfball Trikot\"}]},{\"@type\":\"WebSite\",\"@id\":\"https:\\\/\\\/woedonline.nl\\\/de\\\/#website\",\"url\":\"https:\\\/\\\/woedonline.nl\\\/de\\\/\",\"name\":\"Woed\",\"description\":\"Geen boomknuffels, wel een houten feestje voor jou\",\"publisher\":{\"@id\":\"https:\\\/\\\/woedonline.nl\\\/de\\\/#organization\"},\"alternateName\":\"W\",\"potentialAction\":[{\"@type\":\"SearchAction\",\"target\":{\"@type\":\"EntryPoint\",\"urlTemplate\":\"https:\\\/\\\/woedonline.nl\\\/de\\\/?s={search_term_string}\"},\"query-input\":{\"@type\":\"PropertyValueSpecification\",\"valueRequired\":true,\"valueName\":\"search_term_string\"}}],\"inLanguage\":\"de\"},{\"@type\":\"Organization\",\"@id\":\"https:\\\/\\\/woedonline.nl\\\/de\\\/#organization\",\"name\":\"Woed\",\"alternateName\":\"W\",\"url\":\"https:\\\/\\\/woedonline.nl\\\/de\\\/\",\"logo\":{\"@type\":\"ImageObject\",\"inLanguage\":\"de\",\"@id\":\"https:\\\/\\\/woedonline.nl\\\/de\\\/#\\\/schema\\\/logo\\\/image\\\/\",\"url\":\"https:\\\/\\\/woedonline.nl\\\/wp-content\\\/uploads\\\/2016\\\/05\\\/Wood-logo-name-png.png\",\"contentUrl\":\"https:\\\/\\\/woedonline.nl\\\/wp-content\\\/uploads\\\/2016\\\/05\\\/Wood-logo-name-png.png\",\"width\":250,\"height\":89,\"caption\":\"Woed\"},\"image\":{\"@id\":\"https:\\\/\\\/woedonline.nl\\\/de\\\/#\\\/schema\\\/logo\\\/image\\\/\"},\"sameAs\":[\"https:\\\/\\\/www.facebook.com\\\/Woedshop\\\/\",\"https:\\\/\\\/www.instagram.com\\\/woed.eu\"]}]}<\/script>\n<!-- \/ Yoast SEO plugin. -->","yoast_head_json":{"title":"Woed X Retro Fu\u00dfball Trikot - Woed","description":"Gemeinsam mit Heijzoo und WeLoveFootballshirts haben wir ein exklusives Retro-Fu\u00dfballtrikot zum 10-j\u00e4hrigen Jubil\u00e4um entworfen. Eine Ode an unseren Ursprung und eine Anspielung auf die klassischen Fu\u00dfballtrikots, die wir alle kennen und lieben.","robots":{"index":"index","follow":"follow","max-snippet":"max-snippet:-1","max-image-preview":"max-image-preview:large","max-video-preview":"max-video-preview:-1"},"canonical":"https:\/\/woedonline.nl\/de\/shop\/alle-kappen\/baseballkappe\/woed-x-heijzoo-retro-sportswear-fussballtrikot\/","og_locale":"de_DE","og_type":"article","og_title":"Woed X Retro Fu\u00dfball Trikot - Woed","og_description":"Gemeinsam mit Heijzoo und WeLoveFootballshirts haben wir ein exklusives Retro-Fu\u00dfballtrikot zum 10-j\u00e4hrigen Jubil\u00e4um entworfen. Eine Ode an unseren Ursprung und eine Anspielung auf die klassischen Fu\u00dfballtrikots, die wir alle kennen und lieben.","og_url":"https:\/\/woedonline.nl\/de\/shop\/alle-kappen\/baseballkappe\/woed-x-heijzoo-retro-sportswear-fussballtrikot\/","og_site_name":"Woed","article_publisher":"https:\/\/www.facebook.com\/Woedshop\/","article_modified_time":"2026-03-26T15:05:21+00:00","og_image":[{"width":2048,"height":2048,"url":"https:\/\/woedonline.nl\/wp-content\/uploads\/2026\/02\/Woed-Heijzoo-shirt.jpeg","type":"image\/jpeg"}],"twitter_card":"summary_large_image","twitter_misc":{"Gesch\u00e4tzte Lesezeit":"1\u00a0Minute"},"schema":{"@context":"https:\/\/schema.org","@graph":[{"@type":"WebPage","@id":"https:\/\/woedonline.nl\/de\/shop\/alle-kappen\/baseballkappe\/woed-x-heijzoo-retro-sportswear-fussballtrikot\/","url":"https:\/\/woedonline.nl\/de\/shop\/alle-kappen\/baseballkappe\/woed-x-heijzoo-retro-sportswear-fussballtrikot\/","name":"Woed X Retro Fu\u00dfball Trikot - Woed","isPartOf":{"@id":"https:\/\/woedonline.nl\/de\/#website"},"primaryImageOfPage":{"@id":"https:\/\/woedonline.nl\/de\/shop\/alle-kappen\/baseballkappe\/woed-x-heijzoo-retro-sportswear-fussballtrikot\/#primaryimage"},"image":{"@id":"https:\/\/woedonline.nl\/de\/shop\/alle-kappen\/baseballkappe\/woed-x-heijzoo-retro-sportswear-fussballtrikot\/#primaryimage"},"thumbnailUrl":"https:\/\/woedonline.nl\/wp-content\/uploads\/2026\/02\/Woed-Heijzoo-shirt.jpeg","datePublished":"2026-03-19T10:01:51+00:00","dateModified":"2026-03-26T15:05:21+00:00","description":"Gemeinsam mit Heijzoo und WeLoveFootballshirts haben wir ein exklusives Retro-Fu\u00dfballtrikot zum 10-j\u00e4hrigen Jubil\u00e4um entworfen. Eine Ode an unseren Ursprung und eine Anspielung auf die klassischen Fu\u00dfballtrikots, die wir alle kennen und lieben.","breadcrumb":{"@id":"https:\/\/woedonline.nl\/de\/shop\/alle-kappen\/baseballkappe\/woed-x-heijzoo-retro-sportswear-fussballtrikot\/#breadcrumb"},"inLanguage":"de","potentialAction":[{"@type":"ReadAction","target":["https:\/\/woedonline.nl\/de\/shop\/alle-kappen\/baseballkappe\/woed-x-heijzoo-retro-sportswear-fussballtrikot\/"]}]},{"@type":"ImageObject","inLanguage":"de","@id":"https:\/\/woedonline.nl\/de\/shop\/alle-kappen\/baseballkappe\/woed-x-heijzoo-retro-sportswear-fussballtrikot\/#primaryimage","url":"https:\/\/woedonline.nl\/wp-content\/uploads\/2026\/02\/Woed-Heijzoo-shirt.jpeg","contentUrl":"https:\/\/woedonline.nl\/wp-content\/uploads\/2026\/02\/Woed-Heijzoo-shirt.jpeg","width":2048,"height":2048},{"@type":"BreadcrumbList","@id":"https:\/\/woedonline.nl\/de\/shop\/alle-kappen\/baseballkappe\/woed-x-heijzoo-retro-sportswear-fussballtrikot\/#breadcrumb","itemListElement":[{"@type":"ListItem","position":1,"name":"Startseite","item":"https:\/\/woedonline.nl\/de\/"},{"@type":"ListItem","position":2,"name":"Shop","item":"https:\/\/woedonline.nl\/de\/shop\/"},{"@type":"ListItem","position":3,"name":"Woed X Retro Fu\u00dfball Trikot"}]},{"@type":"WebSite","@id":"https:\/\/woedonline.nl\/de\/#website","url":"https:\/\/woedonline.nl\/de\/","name":"Woed","description":"Geen boomknuffels, wel een houten feestje voor jou","publisher":{"@id":"https:\/\/woedonline.nl\/de\/#organization"},"alternateName":"W","potentialAction":[{"@type":"SearchAction","target":{"@type":"EntryPoint","urlTemplate":"https:\/\/woedonline.nl\/de\/?s={search_term_string}"},"query-input":{"@type":"PropertyValueSpecification","valueRequired":true,"valueName":"search_term_string"}}],"inLanguage":"de"},{"@type":"Organization","@id":"https:\/\/woedonline.nl\/de\/#organization","name":"Woed","alternateName":"W","url":"https:\/\/woedonline.nl\/de\/","logo":{"@type":"ImageObject","inLanguage":"de","@id":"https:\/\/woedonline.nl\/de\/#\/schema\/logo\/image\/","url":"https:\/\/woedonline.nl\/wp-content\/uploads\/2016\/05\/Wood-logo-name-png.png","contentUrl":"https:\/\/woedonline.nl\/wp-content\/uploads\/2016\/05\/Wood-logo-name-png.png","width":250,"height":89,"caption":"Woed"},"image":{"@id":"https:\/\/woedonline.nl\/de\/#\/schema\/logo\/image\/"},"sameAs":["https:\/\/www.facebook.com\/Woedshop\/","https:\/\/www.instagram.com\/woed.eu"]}]}},"_links":{"self":[{"href":"https:\/\/woedonline.nl\/de\/wp-json\/wp\/v2\/product\/402832","targetHints":{"allow":["GET"]}}],"collection":[{"href":"https:\/\/woedonline.nl\/de\/wp-json\/wp\/v2\/product"}],"about":[{"href":"https:\/\/woedonline.nl\/de\/wp-json\/wp\/v2\/types\/product"}],"replies":[{"embeddable":true,"href":"https:\/\/woedonline.nl\/de\/wp-json\/wp\/v2\/comments?post=402832"}],"wp:featuredmedia":[{"embeddable":true,"href":"https:\/\/woedonline.nl\/de\/wp-json\/wp\/v2\/media\/403275"}],"wp:attachment":[{"href":"https:\/\/woedonline.nl\/de\/wp-json\/wp\/v2\/media?parent=402832"}],"wp:term":[{"taxonomy":"product_brand","embeddable":true,"href":"https:\/\/woedonline.nl\/de\/wp-json\/wp\/v2\/product_brand?post=402832"},{"taxonomy":"product_cat","embeddable":true,"href":"https:\/\/woedonline.nl\/de\/wp-json\/wp\/v2\/product_cat?post=402832"},{"taxonomy":"product_tag","embeddable":true,"href":"https:\/\/woedonline.nl\/de\/wp-json\/wp\/v2\/product_tag?post=402832"}],"curies":[{"name":"wp","href":"https:\/\/api.w.org\/{rel}","templated":true}]}}